{"id":11143,"date":"2020-03-13T11:00:54","date_gmt":"2020-03-13T11:00:54","guid":{"rendered":"https:\/\/cortartec.net\/?page_id=11143"},"modified":"2021-08-25T14:04:10","modified_gmt":"2021-08-25T14:04:10","slug":"intumescent-bands","status":"publish","type":"page","link":"https:\/\/cortartec.net\/en\/products\/firestop\/intumescent-bands\/","title":{"rendered":"Intumescent bands"},"content":{"rendered":"[vc_row][vc_column][vc_single_image image=&#8221;10441&#8243; img_size=&#8221;400&#215;300&#8243; alignment=&#8221;center&#8221;][\/vc_column][\/vc_row][vc_row][vc_column][vc_tabs responsive=&#8221;false&#8221; container_bg_color=&#8221;&#8221;][vc_tab title=&#8221;Details&#8221; tab_id=&#8221;1566866031-1-40&#8243;][vc_column_text disable_pattern=&#8221;false&#8221; css=&#8221;.vc_custom_1629900244892{margin-bottom: 0px !important;}&#8221;]The COR FR WRAP L firebreak band\/tape is made of graphite-based material. The material swells under the influence of high temperature (about 140\u00b0C) and fills the entire space created after burning flammable systems.<\/p>\n<p><span style=\"color: #333333;\"><strong>Aplica\u00e7\u00e3o\u00a0<\/strong><\/span><\/p>\n<p><span style=\"color: #333333;\">COR FR WRAP L \u00e9 usada para prote\u00e7\u00e3o contra fogo e penetra\u00e7\u00f5es com tubos de pl\u00e1stico (PVC, PP, PE, HDPE, PEX\/AI\/ l \/ PEX, PE-RT \/ Al \/ PE-RT, PP-R \/ Al \/ PP-R, PP -R GLASS) passando por divis\u00f3rias de inc\u00eandio. Tamb\u00e9m \u00e9 poss\u00edvel proteger tubos n\u00e3o inflam\u00e1veis com isolamento em armaflex sint\u00e9tico\/ K-flex ou espuma de PE, penetrando em pisos ou paredes.<\/span><\/p>\n<p><span style=\"color: #333333;\"><strong>Paredes r\u00edgidas<\/strong><\/span><\/p>\n<p><span style=\"color: #333333;\">A parede deve ser ter pelo menos 150mm de espessura e ser de bet\u00e3o ou de alvenaria. com uma densidade m\u00ednima de 600kg\/m3.<\/span><\/p>\n<p><span style=\"color: #333333;\"><strong>Pisos r\u00edgidos<\/strong><\/span><\/p>\n<p><span style=\"color: #333333;\">O piso deve ter pelo menos 150mm de espessura e ser de bet\u00e3o ou de alvenaria, com uma densidade m\u00ednima de 1700kg\/m3.<\/span><\/p>\n<p><strong>Paredes flex\u00edveis:<\/strong><\/p>\n<p>A parede deve ter pelo menos 125mm de espessura e estrutura em perfil de a\u00e7o recoberta em ambas as faces com no m\u00ednimo 2 camadas de placas com espessura de 12,5mm.<\/p>\n<p>&nbsp;<\/p>\n<table width=\"100%\">\n<tbody>\n<tr>\n<th>TIPO<\/th>\n<th>REF\u00aa<\/th>\n<\/tr>\n<tr>\n<td><strong>10mb x 60mm<\/strong><\/td>\n<td style=\"text-align: center;\">INWRL60X10<\/td>\n<\/tr>\n<tr>\n<td><strong>10mb x 60mm (AT)<\/strong><\/td>\n<td style=\"text-align: center;\">INWRL60X10AT<\/td>\n<\/tr>\n<tr>\n<td><strong>25mb x 60mm<\/strong><\/td>\n<td style=\"text-align: center;\">INWRL60X25<\/td>\n<\/tr>\n<tr>\n<td><strong>25mb x 60mm (AT)<\/strong><\/td>\n<td style=\"text-align: center;\">INWRL60X25AT<\/td>\n<\/tr>\n<tr>\n<td><strong>10mb x 100mm<\/strong><\/td>\n<td style=\"text-align: center;\">INWRL100X10<\/td>\n<\/tr>\n<tr>\n<td><strong>10mb x 100mm (AT)<\/strong><\/td>\n<td style=\"text-align: center;\">INWRL100X10AT<\/td>\n<\/tr>\n<tr>\n<td><strong>25mb x 100mm<\/strong><\/td>\n<td style=\"text-align: center;\">INWRL100X25<\/td>\n<\/tr>\n<tr>\n<td><strong>25mb x 100mm (AT)<\/strong><\/td>\n<td style=\"text-align: center;\">INWRL100X25AT<\/td>\n<\/tr>\n<\/tbody>\n<\/table>\n[\/vc_column_text][\/vc_tab][vc_tab title=&#8221;Download&#8221; tab_id=&#8221;1566866086439-2-10&#8243;][mk_button dimension=&#8221;flat&#8221; corner_style=&#8221;rounded&#8221; size=&#8221;medium&#8221; url=&#8221;https:\/\/48bfe850-8fa9-41aa-a01f-515ad5db562b.filesusr.com\/ugd\/b0e443_cb37a1c88a3f46a0af6dedf601ec3351.pdf&#8221; align=&#8221;center&#8221;]PDF Catalog[\/mk_button][\/vc_tab][vc_tab title=&#8221;Certificates&#8221; tab_id=&#8221;1566866087001-3-3&#8243;]<div role=\"form\" class=\"wpcf7\" id=\"wpcf7-f9192-o1\" lang=\"pt-PT\" dir=\"ltr\">\n<div class=\"screen-reader-response\"><p role=\"status\" aria-live=\"polite\" aria-atomic=\"true\"><\/p> <ul><\/ul><\/div>\n<form action=\"\/en\/wp-json\/wp\/v2\/pages\/11143#wpcf7-f9192-o1\" method=\"post\" class=\"wpcf7-form init\" novalidate=\"novalidate\" data-status=\"init\">\n<div style=\"display: none;\">\n<input type=\"hidden\" name=\"_wpcf7\" value=\"9192\" \/>\n<input type=\"hidden\" name=\"_wpcf7_version\" value=\"5.4.2\" \/>\n<input type=\"hidden\" name=\"_wpcf7_locale\" value=\"pt_PT\" \/>\n<input type=\"hidden\" name=\"_wpcf7_unit_tag\" value=\"wpcf7-f9192-o1\" \/>\n<input type=\"hidden\" name=\"_wpcf7_container_post\" value=\"0\" \/>\n<input type=\"hidden\" name=\"_wpcf7_posted_data_hash\" value=\"\" \/>\n<\/div>\n<p>Please request the technical sheet \/ certificates here:<\/p>\n<p><span class=\"wpcf7-form-control-wrap nome\"><input type=\"text\" name=\"nome\" value=\"\" size=\"40\" class=\"wpcf7-form-control wpcf7-text wpcf7-validates-as-required\" aria-required=\"true\" aria-invalid=\"false\" placeholder=\"Name\" \/><\/span><\/p>\n<p><span class=\"wpcf7-form-control-wrap email\"><input type=\"email\" name=\"email\" value=\"\" size=\"40\" class=\"wpcf7-form-control wpcf7-text wpcf7-email wpcf7-validates-as-required wpcf7-validates-as-email\" aria-required=\"true\" aria-invalid=\"false\" placeholder=\"Email\" \/><\/span><\/p>\n<p><span class=\"wpcf7-form-control-wrap telefone\"><input type=\"tel\" name=\"telefone\" value=\"\" size=\"40\" class=\"wpcf7-form-control wpcf7-text wpcf7-tel wpcf7-validates-as-required wpcf7-validates-as-tel\" aria-required=\"true\" aria-invalid=\"false\" placeholder=\"Phone\" \/><\/span><\/p>\n<p><span class=\"wpcf7-form-control-wrap empresa\"><input type=\"text\" name=\"empresa\" value=\"\" size=\"40\" class=\"wpcf7-form-control wpcf7-text\" aria-invalid=\"false\" placeholder=\"Company\" \/><\/span><\/p>\n<p><span class=\"wpcf7-form-control-wrap produto\"><input type=\"hidden\" name=\"produto\" value=\"Intumescent bands\" size=\"40\" class=\"wpcf7-form-control wpcf7dtx-dynamictext wpcf7-dynamichidden\" aria-invalid=\"false\" \/><\/span><\/p>\n<p><span class=\"wpcf7-form-control-wrap rgpd\"><span class=\"wpcf7-form-control wpcf7-acceptance\"><span class=\"wpcf7-list-item\"><label><input type=\"checkbox\" name=\"rgpd\" value=\"1\" aria-invalid=\"false\" \/><span class=\"wpcf7-list-item-label\">I consent that Cortartec keep my data contained in this form indefinitely until the completion of this contact request.<\/span><\/label><\/span><\/span><\/span><\/p>\n<p><input type=\"submit\" value=\"Request\" class=\"wpcf7-form-control wpcf7-submit\" \/><\/p>\n<p style=\"display: none !important;\" class=\"akismet-fields-container\" data-prefix=\"_wpcf7_ak_\"><label>&#916;<textarea name=\"_wpcf7_ak_hp_textarea\" cols=\"45\" rows=\"8\" maxlength=\"100\"><\/textarea><\/label><input type=\"hidden\" id=\"ak_js_1\" name=\"_wpcf7_ak_js\" value=\"18\"\/><script>document.getElementById( \"ak_js_1\" ).setAttribute( \"value\", ( new Date() ).getTime() );<\/script><\/p><div class=\"wpcf7-response-output\" aria-hidden=\"true\"><\/div><\/form><\/div>[\/vc_tab][\/vc_tabs][\/vc_column][\/vc_row][vc_row css=&#8221;.vc_custom_1597743834905{margin-top: 50px !important;}&#8221;][vc_column][mk_fancy_title color=&#8221;#999999&#8243; size=&#8221;40&#8243; font_weight=&#8221;200&#8243; txt_transform=&#8221;uppercase&#8221; margin_bottom=&#8221;5&#8243; font_family=&#8221;none&#8221; align=&#8221;center&#8221;]SIMILAR <strong>PRODUCTS<\/strong>[\/mk_fancy_title][mk_divider style=&#8221;thin_solid&#8221; divider_width=&#8221;custom_width&#8221; custom_width=&#8221;80&#8243; thin_single_color=&#8221;#fe6600&#8243; thickness=&#8221;4&#8243; margin_top=&#8221;0&#8243; margin_bottom=&#8221;40&#8243;][\/vc_column][\/vc_row][vc_row css=&#8221;.vc_custom_1597743840866{margin-top: 50px !important;}&#8221;][vc_column width=&#8221;1\/4&#8243;][mk_image src=&#8221;https:\/\/cortartec.net\/wp-content\/uploads\/2020\/03\/imagem112.jpg&#8221; image_width=&#8221;300&#8243; image_height=&#8221;225&#8243; link=&#8221;https:\/\/cortartec.net\/en\/products\/expansion-joints\/fire-resistant-mattress\/&#8221; align=&#8221;center&#8221; margin_bottom=&#8221;20&#8243;][mk_fancy_title color=&#8221;#fe6600&#8243; size=&#8221;25&#8243; font_weight=&#8221;bold&#8221; txt_transform=&#8221;uppercase&#8221; margin_bottom=&#8221;0&#8243; font_family=&#8221;none&#8221;]VEDAFEU M Mattress[\/mk_fancy_title][mk_padding_divider size=&#8221;30&#8243; visibility=&#8221;visible-sm&#8221;][\/vc_column][vc_column width=&#8221;1\/4&#8243;][mk_image src=&#8221;https:\/\/cortartec.net\/wp-content\/uploads\/2020\/03\/imagem116.jpg&#8221; image_width=&#8221;300&#8243; image_height=&#8221;225&#8243; link=&#8221;https:\/\/cortartec.net\/en\/products\/expansion-joints\/fillerboard-firestop\/&#8221; align=&#8221;center&#8221; margin_bottom=&#8221;20&#8243;][mk_fancy_title color=&#8221;#fe6600&#8243; size=&#8221;25&#8243; font_weight=&#8221;bold&#8221; txt_transform=&#8221;uppercase&#8221; margin_bottom=&#8221;0&#8243; font_family=&#8221;none&#8221;]VEDAFEU FB FILLERBOARD[\/mk_fancy_title][mk_padding_divider size=&#8221;30&#8243; visibility=&#8221;visible-sm&#8221;][\/vc_column][vc_column width=&#8221;1\/4&#8243;][mk_image src=&#8221;https:\/\/cortartec.net\/wp-content\/uploads\/2020\/03\/imagem1-7.jpg&#8221; image_width=&#8221;300&#8243; image_height=&#8221;225&#8243; link=&#8221;https:\/\/cortartec.net\/en\/products\/expansion-joints\/rope-firestop\/&#8221; align=&#8221;center&#8221; margin_bottom=&#8221;20&#8243;][mk_fancy_title color=&#8221;#fe6600&#8243; size=&#8221;25&#8243; font_weight=&#8221;bold&#8221; txt_transform=&#8221;uppercase&#8221; margin_bottom=&#8221;0&#8243; font_family=&#8221;none&#8221;]VEDAFEU C rope[\/mk_fancy_title][mk_padding_divider size=&#8221;30&#8243; visibility=&#8221;visible-sm&#8221;][\/vc_column][vc_column width=&#8221;1\/4&#8243;][mk_image src=&#8221;https:\/\/cortartec.net\/wp-content\/uploads\/2020\/03\/imagem115.jpg&#8221; image_width=&#8221;300&#8243; image_height=&#8221;225&#8243; link=&#8221;https:\/\/cortartec.net\/en\/products\/expansion-joints\/fire-blanket\/&#8221; align=&#8221;center&#8221; margin_bottom=&#8221;20&#8243;][mk_fancy_title color=&#8221;#fe6600&#8243; size=&#8221;25&#8243; font_weight=&#8221;bold&#8221; txt_transform=&#8221;uppercase&#8221; margin_bottom=&#8221;0&#8243; font_family=&#8221;none&#8221;]VEDAFEU N BLANKET[\/mk_fancy_title][\/vc_column][\/vc_row][vc_row fullwidth=&#8221;true&#8221; fullwidth_content=&#8221;false&#8221; css=&#8221;.vc_custom_1597843161068{margin-top: 50px !important;padding-top: 30px !important;background-color: #fe6600 !important;}&#8221;][vc_column width=&#8221;2\/3&#8243;][mk_fancy_title tag_name=&#8221;h5&#8243; color=&#8221;#ffffff&#8221; size=&#8221;26&#8243; font_weight=&#8221;400&#8243; txt_transform=&#8221;none&#8221; margin_top=&#8221;10&#8243; font_family=&#8221;none&#8221;]Have questions?\u00a0 We are here to help you![\/mk_fancy_title][\/vc_column][vc_column width=&#8221;1\/3&#8243;][mk_button dimension=&#8221;flat&#8221; corner_style=&#8221;rounded&#8221; size=&#8221;large&#8221; url=&#8221;https:\/\/cortartec.net\/en\/contacts\/&#8221; align=&#8221;right&#8221; margin_right=&#8221;0&#8243; el_class=&#8221;mrightButton&#8221; bg_color=&#8221;#f0f0f0&#8243; btn_hover_bg=&#8221;#ffffff&#8221; text_color=&#8221;dark&#8221; btn_hover_txt_color=&#8221;#fe6600&#8243;]CONTACT US[\/mk_button][\/vc_column][\/vc_row]\n","protected":false},"excerpt":{"rendered":"<p>[vc_row][vc_column][vc_single_image image=&#8221;10441&#8243; img_size=&#8221;400&#215;300&#8243; alignment=&#8221;center&#8221;][\/vc_column][\/vc_row][vc_row][vc_column][vc_tabs responsive=&#8221;false&#8221; container_bg_color=&#8221;&#8221;][vc_tab title=&#8221;Details&#8221; tab_id=&#8221;1566866031-1-40&#8243;][vc_column_text disable_pattern=&#8221;false&#8221; css=&#8221;.vc_custom_1629900244892{margin-bottom: 0px !important;}&#8221;]The COR FR WRAP L firebreak band\/tape is made of graphite-based material. The material swells under the influence of high temperature (about 140\u00b0C) and fills the entire space created after burning flammable systems. Aplica\u00e7\u00e3o\u00a0 COR FR WRAP L \u00e9 usada para prote\u00e7\u00e3o contra fogo [&hellip;]<\/p>\n","protected":false},"author":6,"featured_media":0,"parent":10014,"menu_order":0,"comment_status":"closed","ping_status":"closed","template":"","meta":[],"yoast_head":"<!-- This site is optimized with the Yoast SEO plugin v19.4 - https:\/\/yoast.com\/wordpress\/plugins\/seo\/ -->\n<title>Intumescent bands - Cortartec<\/title>\n<meta name=\"robots\" content=\"index, follow, max-snippet:-1, max-image-preview:large, max-video-preview:-1\" \/>\n<link rel=\"canonical\" href=\"https:\/\/cortartec.net\/en\/products\/firestop\/intumescent-bands\/\" \/>\n<meta property=\"og:locale\" content=\"en_US\" \/>\n<meta property=\"og:type\" content=\"article\" \/>\n<meta property=\"og:title\" content=\"Intumescent bands - Cortartec\" \/>\n<meta property=\"og:description\" content=\"[vc_row][vc_column][vc_single_image image=&#8221;10441&#8243; img_size=&#8221;400&#215;300&#8243; alignment=&#8221;center&#8221;][\/vc_column][\/vc_row][vc_row][vc_column][vc_tabs responsive=&#8221;false&#8221; container_bg_color=&#8221;&#8221;][vc_tab title=&#8221;Details&#8221; tab_id=&#8221;1566866031-1-40&#8243;][vc_column_text disable_pattern=&#8221;false&#8221; css=&#8221;.vc_custom_1629900244892{margin-bottom: 0px !important;}&#8221;]The COR FR WRAP L firebreak band\/tape is made of graphite-based material. The material swells under the influence of high temperature (about 140\u00b0C) and fills the entire space created after burning flammable systems. Aplica\u00e7\u00e3o\u00a0 COR FR WRAP L \u00e9 usada para prote\u00e7\u00e3o contra fogo [&hellip;]\" \/>\n<meta property=\"og:url\" content=\"https:\/\/cortartec.net\/en\/products\/firestop\/intumescent-bands\/\" \/>\n<meta property=\"og:site_name\" content=\"Cortartec\" \/>\n<meta property=\"article:publisher\" content=\"https:\/\/facebook.com\/cortartec\" \/>\n<meta property=\"article:modified_time\" content=\"2021-08-25T14:04:10+00:00\" \/>\n<meta name=\"twitter:card\" content=\"summary_large_image\" \/>\n<meta name=\"twitter:site\" content=\"@cortartec\" \/>\n<meta name=\"twitter:label1\" content=\"Est. reading time\" \/>\n\t<meta name=\"twitter:data1\" content=\"4 minutes\" \/>\n<script type=\"application\/ld+json\" class=\"yoast-schema-graph\">{\"@context\":\"https:\/\/schema.org\",\"@graph\":[{\"@type\":\"Organization\",\"@id\":\"https:\/\/cortartec.net\/fr\/#organization\",\"name\":\"Cortartec\",\"url\":\"https:\/\/cortartec.net\/fr\/\",\"sameAs\":[\"https:\/\/instagram.com\/cortartec\",\"https:\/\/za.linkedin.com\/company\/cortartec?trk=recent-update_see-all\",\"https:\/\/pinterest.com\/cortartec\",\"https:\/\/youtube.com\/user\/cortartec\",\"https:\/\/facebook.com\/cortartec\",\"https:\/\/twitter.com\/cortartec\"],\"logo\":{\"@type\":\"ImageObject\",\"inLanguage\":\"en-US\",\"@id\":\"https:\/\/cortartec.net\/fr\/#\/schema\/logo\/image\/\",\"url\":\"https:\/\/cortartec.net\/wp-content\/uploads\/2019\/08\/logo.png\",\"contentUrl\":\"https:\/\/cortartec.net\/wp-content\/uploads\/2019\/08\/logo.png\",\"width\":400,\"height\":100,\"caption\":\"Cortartec\"},\"image\":{\"@id\":\"https:\/\/cortartec.net\/fr\/#\/schema\/logo\/image\/\"}},{\"@type\":\"WebSite\",\"@id\":\"https:\/\/cortartec.net\/fr\/#website\",\"url\":\"https:\/\/cortartec.net\/fr\/\",\"name\":\"Cortartec\",\"description\":\"\",\"publisher\":{\"@id\":\"https:\/\/cortartec.net\/fr\/#organization\"},\"potentialAction\":[{\"@type\":\"SearchAction\",\"target\":{\"@type\":\"EntryPoint\",\"urlTemplate\":\"https:\/\/cortartec.net\/fr\/?s={search_term_string}\"},\"query-input\":\"required name=search_term_string\"}],\"inLanguage\":\"en-US\"},{\"@type\":\"WebPage\",\"@id\":\"https:\/\/cortartec.net\/en\/products\/firestop\/intumescent-bands\/\",\"url\":\"https:\/\/cortartec.net\/en\/products\/firestop\/intumescent-bands\/\",\"name\":\"Intumescent bands - Cortartec\",\"isPartOf\":{\"@id\":\"https:\/\/cortartec.net\/fr\/#website\"},\"datePublished\":\"2020-03-13T11:00:54+00:00\",\"dateModified\":\"2021-08-25T14:04:10+00:00\",\"breadcrumb\":{\"@id\":\"https:\/\/cortartec.net\/en\/products\/firestop\/intumescent-bands\/#breadcrumb\"},\"inLanguage\":\"en-US\",\"potentialAction\":[{\"@type\":\"ReadAction\",\"target\":[\"https:\/\/cortartec.net\/en\/products\/firestop\/intumescent-bands\/\"]}]},{\"@type\":\"BreadcrumbList\",\"@id\":\"https:\/\/cortartec.net\/en\/products\/firestop\/intumescent-bands\/#breadcrumb\",\"itemListElement\":[{\"@type\":\"ListItem\",\"position\":1,\"name\":\"In\u00edcio\",\"item\":\"https:\/\/cortartec.net\/en\/\"},{\"@type\":\"ListItem\",\"position\":2,\"name\":\"Products\",\"item\":\"https:\/\/cortartec.net\/en\/products\/\"},{\"@type\":\"ListItem\",\"position\":3,\"name\":\"Firestop\",\"item\":\"https:\/\/cortartec.net\/en\/products\/firestop\/\"},{\"@type\":\"ListItem\",\"position\":4,\"name\":\"Intumescent bands\"}]}]}<\/script>\n<!-- \/ Yoast SEO plugin. -->","yoast_head_json":{"title":"Intumescent bands - Cortartec","robots":{"index":"index","follow":"follow","max-snippet":"max-snippet:-1","max-image-preview":"max-image-preview:large","max-video-preview":"max-video-preview:-1"},"canonical":"https:\/\/cortartec.net\/en\/products\/firestop\/intumescent-bands\/","og_locale":"en_US","og_type":"article","og_title":"Intumescent bands - Cortartec","og_description":"[vc_row][vc_column][vc_single_image image=&#8221;10441&#8243; img_size=&#8221;400&#215;300&#8243; alignment=&#8221;center&#8221;][\/vc_column][\/vc_row][vc_row][vc_column][vc_tabs responsive=&#8221;false&#8221; container_bg_color=&#8221;&#8221;][vc_tab title=&#8221;Details&#8221; tab_id=&#8221;1566866031-1-40&#8243;][vc_column_text disable_pattern=&#8221;false&#8221; css=&#8221;.vc_custom_1629900244892{margin-bottom: 0px !important;}&#8221;]The COR FR WRAP L firebreak band\/tape is made of graphite-based material. The material swells under the influence of high temperature (about 140\u00b0C) and fills the entire space created after burning flammable systems. Aplica\u00e7\u00e3o\u00a0 COR FR WRAP L \u00e9 usada para prote\u00e7\u00e3o contra fogo [&hellip;]","og_url":"https:\/\/cortartec.net\/en\/products\/firestop\/intumescent-bands\/","og_site_name":"Cortartec","article_publisher":"https:\/\/facebook.com\/cortartec","article_modified_time":"2021-08-25T14:04:10+00:00","twitter_card":"summary_large_image","twitter_site":"@cortartec","twitter_misc":{"Est. reading time":"4 minutes"},"schema":{"@context":"https:\/\/schema.org","@graph":[{"@type":"Organization","@id":"https:\/\/cortartec.net\/fr\/#organization","name":"Cortartec","url":"https:\/\/cortartec.net\/fr\/","sameAs":["https:\/\/instagram.com\/cortartec","https:\/\/za.linkedin.com\/company\/cortartec?trk=recent-update_see-all","https:\/\/pinterest.com\/cortartec","https:\/\/youtube.com\/user\/cortartec","https:\/\/facebook.com\/cortartec","https:\/\/twitter.com\/cortartec"],"logo":{"@type":"ImageObject","inLanguage":"en-US","@id":"https:\/\/cortartec.net\/fr\/#\/schema\/logo\/image\/","url":"https:\/\/cortartec.net\/wp-content\/uploads\/2019\/08\/logo.png","contentUrl":"https:\/\/cortartec.net\/wp-content\/uploads\/2019\/08\/logo.png","width":400,"height":100,"caption":"Cortartec"},"image":{"@id":"https:\/\/cortartec.net\/fr\/#\/schema\/logo\/image\/"}},{"@type":"WebSite","@id":"https:\/\/cortartec.net\/fr\/#website","url":"https:\/\/cortartec.net\/fr\/","name":"Cortartec","description":"","publisher":{"@id":"https:\/\/cortartec.net\/fr\/#organization"},"potentialAction":[{"@type":"SearchAction","target":{"@type":"EntryPoint","urlTemplate":"https:\/\/cortartec.net\/fr\/?s={search_term_string}"},"query-input":"required name=search_term_string"}],"inLanguage":"en-US"},{"@type":"WebPage","@id":"https:\/\/cortartec.net\/en\/products\/firestop\/intumescent-bands\/","url":"https:\/\/cortartec.net\/en\/products\/firestop\/intumescent-bands\/","name":"Intumescent bands - Cortartec","isPartOf":{"@id":"https:\/\/cortartec.net\/fr\/#website"},"datePublished":"2020-03-13T11:00:54+00:00","dateModified":"2021-08-25T14:04:10+00:00","breadcrumb":{"@id":"https:\/\/cortartec.net\/en\/products\/firestop\/intumescent-bands\/#breadcrumb"},"inLanguage":"en-US","potentialAction":[{"@type":"ReadAction","target":["https:\/\/cortartec.net\/en\/products\/firestop\/intumescent-bands\/"]}]},{"@type":"BreadcrumbList","@id":"https:\/\/cortartec.net\/en\/products\/firestop\/intumescent-bands\/#breadcrumb","itemListElement":[{"@type":"ListItem","position":1,"name":"In\u00edcio","item":"https:\/\/cortartec.net\/en\/"},{"@type":"ListItem","position":2,"name":"Products","item":"https:\/\/cortartec.net\/en\/products\/"},{"@type":"ListItem","position":3,"name":"Firestop","item":"https:\/\/cortartec.net\/en\/products\/firestop\/"},{"@type":"ListItem","position":4,"name":"Intumescent bands"}]}]}},"_links":{"self":[{"href":"https:\/\/cortartec.net\/en\/wp-json\/wp\/v2\/pages\/11143"}],"collection":[{"href":"https:\/\/cortartec.net\/en\/wp-json\/wp\/v2\/pages"}],"about":[{"href":"https:\/\/cortartec.net\/en\/wp-json\/wp\/v2\/types\/page"}],"author":[{"embeddable":true,"href":"https:\/\/cortartec.net\/en\/wp-json\/wp\/v2\/users\/6"}],"replies":[{"embeddable":true,"href":"https:\/\/cortartec.net\/en\/wp-json\/wp\/v2\/comments?post=11143"}],"version-history":[{"count":2,"href":"https:\/\/cortartec.net\/en\/wp-json\/wp\/v2\/pages\/11143\/revisions"}],"predecessor-version":[{"id":11155,"href":"https:\/\/cortartec.net\/en\/wp-json\/wp\/v2\/pages\/11143\/revisions\/11155"}],"up":[{"embeddable":true,"href":"https:\/\/cortartec.net\/en\/wp-json\/wp\/v2\/pages\/10014"}],"wp:attachment":[{"href":"https:\/\/cortartec.net\/en\/wp-json\/wp\/v2\/media?parent=11143"}],"curies":[{"name":"wp","href":"https:\/\/api.w.org\/{rel}","templated":true}]}}