{"id":10059,"date":"2015-12-04T12:00:27","date_gmt":"2015-12-04T12:00:27","guid":{"rendered":"https:\/\/cortartec.net\/?page_id=10059"},"modified":"2020-11-11T17:21:20","modified_gmt":"2020-11-11T17:21:20","slug":"anclajes-cable-temporales","status":"publish","type":"page","link":"https:\/\/cortartec.net\/es\/productos\/sistema-cortafuego\/anclajes-cable-temporales\/","title":{"rendered":"Anclajes de cable temporales"},"content":{"rendered":"[vc_row css=\u00bb.vc_custom_1597415581925{margin-top: 50px !important;}\u00bb][vc_column][mk_gallery images=\u00bb10061,10065,10069&#8243; height=\u00bb297&#8243;][\/vc_column][\/vc_row][vc_row css=\u00bb.vc_custom_1597415588021{margin-top: 50px !important;}\u00bb][vc_column][vc_tabs responsive=\u00bbfalse\u00bb container_bg_color=\u00bb\u00bb][vc_tab title=\u00bbDetalles\u00bb tab_id=\u00bb1566866031-1-40&#8243;][vc_column_text disable_pattern=\u00bbfalse\u00bb css=\u00bb.vc_custom_1604597613157{margin-bottom: 0px !important;}\u00bb]Formaci\u00f3n de anclaje provisional de muro moldeado al suelo, con una inclinaci\u00f3n de 30 \u00b0 con respecto al plano horizontal, hasta 17,5 m de longitud, para garantizar la estabilidad del muro moldeado durante los trabajos de excavaci\u00f3n del terreno, hasta que el muro gane rigidez a trav\u00e9s de sus conexiones con el resto de la estructura, por menos de 2 a\u00f1os de servicio.[\/vc_column_text][\/vc_tab][vc_tab title=\u00bbDownload\u00bb tab_id=\u00bb1566866086439-2-10&#8243;][mk_button dimension=\u00bbflat\u00bb corner_style=\u00bbrounded\u00bb size=\u00bbmedium\u00bb url=\u00bbhttps:\/\/48bfe850-8fa9-41aa-a01f-515ad5db562b.filesusr.com\/ugd\/b0e443_cb37a1c88a3f46a0af6dedf601ec3351.pdf\u00bb align=\u00bbcenter\u00bb]DESCARGAR PDF[\/mk_button][\/vc_tab][vc_tab title=\u00bbCertificados\u00bb tab_id=\u00bb1566866087001-3-3&#8243;]<div role=\"form\" class=\"wpcf7\" id=\"wpcf7-f9190-o1\" lang=\"pt-PT\" dir=\"ltr\">\n<div class=\"screen-reader-response\"><p role=\"status\" aria-live=\"polite\" aria-atomic=\"true\"><\/p> <ul><\/ul><\/div>\n<form action=\"\/es\/wp-json\/wp\/v2\/pages\/10059#wpcf7-f9190-o1\" method=\"post\" class=\"wpcf7-form init\" novalidate=\"novalidate\" data-status=\"init\">\n<div style=\"display: none;\">\n<input type=\"hidden\" name=\"_wpcf7\" value=\"9190\" \/>\n<input type=\"hidden\" name=\"_wpcf7_version\" value=\"5.4.2\" \/>\n<input type=\"hidden\" name=\"_wpcf7_locale\" value=\"pt_PT\" \/>\n<input type=\"hidden\" name=\"_wpcf7_unit_tag\" value=\"wpcf7-f9190-o1\" \/>\n<input type=\"hidden\" name=\"_wpcf7_container_post\" value=\"0\" \/>\n<input type=\"hidden\" name=\"_wpcf7_posted_data_hash\" value=\"\" \/>\n<\/div>\n<p>Solicite la ficha t\u00e9cnica \/ certificados aqu\u00ed:<\/p>\n<p><span class=\"wpcf7-form-control-wrap nome\"><input type=\"text\" name=\"nome\" value=\"\" size=\"40\" class=\"wpcf7-form-control wpcf7-text wpcf7-validates-as-required\" aria-required=\"true\" aria-invalid=\"false\" placeholder=\"Nombre\" \/><\/span><\/p>\n<p><span class=\"wpcf7-form-control-wrap email\"><input type=\"email\" name=\"email\" value=\"\" size=\"40\" class=\"wpcf7-form-control wpcf7-text wpcf7-email wpcf7-validates-as-required wpcf7-validates-as-email\" aria-required=\"true\" aria-invalid=\"false\" placeholder=\"Email\" \/><\/span><\/p>\n<p><span class=\"wpcf7-form-control-wrap telefone\"><input type=\"tel\" name=\"telefone\" value=\"\" size=\"40\" class=\"wpcf7-form-control wpcf7-text wpcf7-tel wpcf7-validates-as-required wpcf7-validates-as-tel\" aria-required=\"true\" aria-invalid=\"false\" placeholder=\"Tel\u00e9fono\" \/><\/span><\/p>\n<p><span class=\"wpcf7-form-control-wrap empresa\"><input type=\"text\" name=\"empresa\" value=\"\" size=\"40\" class=\"wpcf7-form-control wpcf7-text\" aria-invalid=\"false\" placeholder=\"Empresa\" \/><\/span><\/p>\n<p><span class=\"wpcf7-form-control-wrap produto\"><input type=\"hidden\" name=\"produto\" value=\"Anclajes de cable temporales\" size=\"40\" class=\"wpcf7-form-control wpcf7dtx-dynamictext wpcf7-dynamichidden\" aria-invalid=\"false\" \/><\/span><\/p>\n<p><span class=\"wpcf7-form-control-wrap rgpd\"><span class=\"wpcf7-form-control wpcf7-acceptance\"><span class=\"wpcf7-list-item\"><label><input type=\"checkbox\" name=\"rgpd\" value=\"1\" aria-invalid=\"false\" \/><span class=\"wpcf7-list-item-label\">Doy mi consentimiento para que Cortartec conserve mis datos contenidos en este formulario por tiempo indefinido hasta la finalizaci\u00f3n de esta solicitud de contacto.<\/span><\/label><\/span><\/span><\/span><\/p>\n<p><input type=\"submit\" value=\"Pedir\" class=\"wpcf7-form-control wpcf7-submit\" \/><\/p>\n<p style=\"display: none !important;\" class=\"akismet-fields-container\" data-prefix=\"_wpcf7_ak_\"><label>&#916;<textarea name=\"_wpcf7_ak_hp_textarea\" cols=\"45\" rows=\"8\" maxlength=\"100\"><\/textarea><\/label><input type=\"hidden\" id=\"ak_js_1\" name=\"_wpcf7_ak_js\" value=\"76\"\/><script>document.getElementById( \"ak_js_1\" ).setAttribute( \"value\", ( new Date() ).getTime() );<\/script><\/p><div class=\"wpcf7-response-output\" aria-hidden=\"true\"><\/div><\/form><\/div>[\/vc_tab][\/vc_tabs][\/vc_column][\/vc_row][vc_row css=\u00bb.vc_custom_1597415638705{margin-top: 50px !important;margin-bottom: 50px !important;}\u00bb][vc_column width=\u00bb1\/2&#8243;][mk_padding_divider size=\u00bb13&#8243;][mk_image src=\u00bbhttps:\/\/cortartec.net\/wp-content\/uploads\/2020\/11\/imagem2.jpg\u00bb image_size=\u00bbfull\u00bb link=\u00bbhttps:\/\/cortartec.net\/produtos\/juntas-de-dilatacao\/juntas-parques-estacionamento\/\u00bb align=\u00bbcenter\u00bb margin_bottom=\u00bb20&#8243;][mk_fancy_title color=\u00bb#fe6600&#8243; size=\u00bb25&#8243; font_weight=\u00bbbold\u00bb txt_transform=\u00bbuppercase\u00bb margin_bottom=\u00bb0&#8243; font_family=\u00bbnone\u00bb]Anclajes permanentes[\/mk_fancy_title][\/vc_column][vc_column width=\u00bb1\/2&#8243;][mk_image src=\u00bbhttps:\/\/cortartec.net\/wp-content\/uploads\/2020\/11\/imagem3.jpg\u00bb image_size=\u00bbfull\u00bb link=\u00bbhttps:\/\/cortartec.net\/produtos\/juntas-de-dilatacao\/espuma-de-poliuretano-corta-fogo\/\u00bb align=\u00bbcenter\u00bb margin_bottom=\u00bb20&#8243;][mk_fancy_title color=\u00bb#fe6600&#8243; size=\u00bb25&#8243; font_weight=\u00bbbold\u00bb txt_transform=\u00bbuppercase\u00bb margin_bottom=\u00bb0&#8243; font_family=\u00bbnone\u00bb]Anclajes provisionales[\/mk_fancy_title][\/vc_column][\/vc_row][vc_row css=\u00bb.vc_custom_1597415628345{margin-top: 50px !important;}\u00bb][vc_column][vc_column_text disable_pattern=\u00bbfalse\u00bb css=\u00bb.vc_custom_1604597796758{margin-bottom: 0px !important;}\u00bb]Temporales &#8211; Anclajes con una vida \u00fatil menor a 9 meses. El n\u00facleo del cord\u00f3n est\u00e1 formado por hebras de acero pretensado, desprotegidas en la zona del bulbo y autoprotegidas en la zona libre. Disponible con un solo tubo de inyecci\u00f3n. El cord\u00f3n se centra y se retira de la pared del agujero mediante centradores.<\/p>\n<p>Permanentes &#8211; Anclajes con una vida \u00fatil de m\u00e1s de 9 meses que requieren una protecci\u00f3n especial. El n\u00facleo del cord\u00f3n est\u00e1 formado por cables de acero de pretensi\u00f3n desprotegidos en la zona de la bombilla y autoprotegidos en la zona libre. el Cord\u00f3n se instala dentro de una funda corrugada en toda su longitud. para la inyecci\u00f3n primaria, se aplican dos tubos, alojados dentro de la vaina corrugada. En anclajes que requieran reinyecci\u00f3n, se instala un tercer tubo fuera de la vaina. para garantizar la separaci\u00f3n del cable de la pared del agujero, se utilizan espaciadores en el \u00e1rea de la bombilla<\/p>\n<p>Varillas de amarre: el n\u00facleo del cable est\u00e1 formado por cables de acero autopretensados \u200b\u200bprotegidos en toda su longitud con una masa uniforme y una funda individual de polietileno de alta densidad (HDPE). El cable est\u00e1 instalado en una funda de HDPE. El espacio entre los dobladillos individuales y colectivos se puede sellar con alm\u00edbar o grasa si es necesario.<\/p>\n<p>Consta de los siguientes trabajos: extracci\u00f3n del terreno con medios mec\u00e1nicos, mediante perforaci\u00f3n del muro moldeado y del terreno, con un molde de 114 mm de di\u00e1metro exterior; introducci\u00f3n de 3 cables formados por hilos de acero trenzado de 0,6 \u00ab(15,2 mm) de di\u00e1metro nominal, lubricados y enfundados en tubo de PE;<\/p>\n<p>Inyecci\u00f3n a presi\u00f3n a trav\u00e9s del sistema global de inyecci\u00f3n \u00fanica (UI), capa de cemento CEM I 42.5N, con una relaci\u00f3n agua \/ cemento de 0.4, dosificado en peso, para protecci\u00f3n y formaci\u00f3n de bulbos;<\/p>\n<p>Fijaci\u00f3n de los cables a la cabeza de anclaje formada por placa de soporte y cu\u00f1a de acero; tensado de los cables con tensor multifilamento y central hidr\u00e1ulica, una vez gana la presa del cemento;<\/p>\n<p>sellado de perforaci\u00f3n y puesta en marcha. Incluye p \/ p para montaje, desmontaje y retirada de equipos, perforaci\u00f3n de muro y suelo, distensi\u00f3n del anclaje una vez finalizada la estabilizaci\u00f3n final del muro, limpieza y retirada de los escombros generados.[\/vc_column_text][\/vc_column][\/vc_row][vc_row css=\u00bb.vc_custom_1597415628345{margin-top: 50px !important;}\u00bb][vc_column][mk_fancy_title color=\u00bb#999999&#8243; size=\u00bb40&#8243; font_weight=\u00bb200&#8243; txt_transform=\u00bbuppercase\u00bb margin_bottom=\u00bb5&#8243; font_family=\u00bbnone\u00bb align=\u00bbcenter\u00bb]PRODUCTOS <strong>SIMILARES<\/strong>[\/mk_fancy_title][mk_divider style=\u00bbthin_solid\u00bb divider_width=\u00bbcustom_width\u00bb custom_width=\u00bb80&#8243; thin_single_color=\u00bb#fe6600&#8243; thickness=\u00bb4&#8243; margin_top=\u00bb0&#8243; margin_bottom=\u00bb40&#8243;][\/vc_column][\/vc_row][vc_row css=\u00bb.vc_custom_1597415638705{margin-top: 50px !important;margin-bottom: 50px !important;}\u00bb][vc_column width=\u00bb1\/4&#8243;][mk_image src=\u00bbhttps:\/\/cortartec.net\/wp-content\/uploads\/2020\/11\/imagem4.png\u00bb image_width=\u00bb300&#8243; image_height=\u00bb225&#8243; link=\u00bbhttps:\/\/cortartec.net\/es\/productos\/geotecnia\/tubos-de-micropilotes-y-accesorios\/\u00bb align=\u00bbcenter\u00bb margin_bottom=\u00bb20&#8243;][mk_fancy_title color=\u00bb#fe6600&#8243; size=\u00bb25&#8243; font_weight=\u00bbbold\u00bb txt_transform=\u00bbuppercase\u00bb margin_bottom=\u00bb0&#8243; font_family=\u00bbnone\u00bb]Tubos de micropilotes y accesorios[\/mk_fancy_title][\/vc_column][vc_column width=\u00bb1\/4&#8243;][mk_image src=\u00bbhttps:\/\/cortartec.net\/wp-content\/uploads\/2020\/02\/500-01.jpg\u00bb image_width=\u00bb300&#8243; image_height=\u00bb225&#8243; link=\u00bbhttps:\/\/cortartec.net\/produtos\/juntas-de-dilatacao\/preenchimento-de-juntas\/\u00bb align=\u00bbcenter\u00bb margin_bottom=\u00bb20&#8243;][mk_fancy_title color=\u00bb#fe6600&#8243; size=\u00bb25&#8243; font_weight=\u00bbbold\u00bb txt_transform=\u00bbuppercase\u00bb margin_bottom=\u00bb0&#8243; font_family=\u00bbnone\u00bb]LLENADO DE JUNTAS[\/mk_fancy_title][\/vc_column][vc_column width=\u00bb1\/4&#8243;][mk_image src=\u00bbhttps:\/\/cortartec.net\/wp-content\/uploads\/2019\/11\/imagem21-1.jpg\u00bb image_width=\u00bb300&#8243; image_height=\u00bb225&#8243; link=\u00bbhttps:\/\/cortartec.net\/produtos\/juntas-de-dilatacao\/juntas-waterstop\/\u00bb align=\u00bbcenter\u00bb margin_bottom=\u00bb20&#8243;][mk_fancy_title color=\u00bb#fe6600&#8243; size=\u00bb25&#8243; font_weight=\u00bbbold\u00bb txt_transform=\u00bbuppercase\u00bb margin_bottom=\u00bb0&#8243; font_family=\u00bbnone\u00bb]JUNTAS ESTANCAS[\/mk_fancy_title][\/vc_column][vc_column width=\u00bb1\/4&#8243;][mk_image src=\u00bbhttps:\/\/cortartec.net\/wp-content\/uploads\/2020\/02\/951-150.jpg\u00bb image_width=\u00bb300&#8243; image_height=\u00bb225&#8243; link=\u00bbhttps:\/\/cortartec.net\/produtos\/juntas-de-dilatacao\/juntas-parques-estacionamento\/\u00bb align=\u00bbcenter\u00bb margin_bottom=\u00bb20&#8243;][mk_fancy_title color=\u00bb#fe6600&#8243; size=\u00bb25&#8243; font_weight=\u00bbbold\u00bb txt_transform=\u00bbuppercase\u00bb margin_bottom=\u00bb0&#8243; font_family=\u00bbnone\u00bb]JUNTAS PARA APARCAMIENTOS[\/mk_fancy_title][\/vc_column][\/vc_row][vc_row fullwidth=\u00bbtrue\u00bb fullwidth_content=\u00bbfalse\u00bb css=\u00bb.vc_custom_1597397626930{margin-top: 50px !important;padding-top: 30px !important;background-color: #fe6600 !important;}\u00bb][vc_column][vc_row_inner][vc_column_inner width=\u00bb2\/3&#8243;][mk_fancy_title tag_name=\u00bbh5&#8243; color=\u00bb#ffffff\u00bb size=\u00bb26&#8243; font_weight=\u00bb400&#8243; txt_transform=\u00bbnone\u00bb margin_top=\u00bb10&#8243; font_family=\u00bbOpen+Sans\u00bb font_type=\u00bbgoogle\u00bb]Tienes preguntas? Estamos aqu\u00ec para ayudarte![\/mk_fancy_title][\/vc_column_inner][vc_column_inner width=\u00bb1\/3&#8243;][mk_button dimension=\u00bbflat\u00bb corner_style=\u00bbrounded\u00bb size=\u00bblarge\u00bb url=\u00bbhttps:\/\/cortartec.net\/contactos\/\u00bb align=\u00bbright\u00bb margin_right=\u00bb0&#8243; el_class=\u00bbmrightButton\u00bb bg_color=\u00bb#f0f0f0&#8243; btn_hover_bg=\u00bb#ffffff\u00bb text_color=\u00bbdark\u00bb btn_hover_txt_color=\u00bb#fe6600&#8243;]CONT\u00c0CTANOS[\/mk_button][\/vc_column_inner][\/vc_row_inner][\/vc_column][\/vc_row]\n","protected":false},"excerpt":{"rendered":"<p>[vc_row css=\u00bb.vc_custom_1597415581925{margin-top: 50px !important;}\u00bb][vc_column][mk_gallery images=\u00bb10061,10065,10069&#8243; height=\u00bb297&#8243;][\/vc_column][\/vc_row][vc_row css=\u00bb.vc_custom_1597415588021{margin-top: 50px !important;}\u00bb][vc_column][vc_tabs responsive=\u00bbfalse\u00bb container_bg_color=\u00bb\u00bb][vc_tab title=\u00bbDetalles\u00bb tab_id=\u00bb1566866031-1-40&#8243;][vc_column_text disable_pattern=\u00bbfalse\u00bb css=\u00bb.vc_custom_1604597613157{margin-bottom: 0px !important;}\u00bb]Formaci\u00f3n de anclaje provisional de muro moldeado al suelo, con una inclinaci\u00f3n de 30 \u00b0 con respecto al plano horizontal, hasta 17,5 m de longitud, para garantizar la estabilidad del muro moldeado durante los trabajos de excavaci\u00f3n del terreno, [&hellip;]<\/p>\n","protected":false},"author":6,"featured_media":0,"parent":10015,"menu_order":0,"comment_status":"closed","ping_status":"closed","template":"","meta":[],"yoast_head":"<!-- This site is optimized with the Yoast SEO plugin v19.4 - https:\/\/yoast.com\/wordpress\/plugins\/seo\/ -->\n<title>Anclajes de cable temporales - Cortartec<\/title>\n<meta name=\"robots\" content=\"index, follow, max-snippet:-1, max-image-preview:large, max-video-preview:-1\" \/>\n<link rel=\"canonical\" href=\"https:\/\/cortartec.net\/es\/productos\/sistema-cortafuego\/anclajes-cable-temporales\/\" \/>\n<meta property=\"og:locale\" content=\"es_ES\" \/>\n<meta property=\"og:type\" content=\"article\" \/>\n<meta property=\"og:title\" content=\"Anclajes de cable temporales - Cortartec\" \/>\n<meta property=\"og:description\" content=\"[vc_row css=\u00bb.vc_custom_1597415581925{margin-top: 50px !important;}\u00bb][vc_column][mk_gallery images=\u00bb10061,10065,10069&#8243; height=\u00bb297&#8243;][\/vc_column][\/vc_row][vc_row css=\u00bb.vc_custom_1597415588021{margin-top: 50px !important;}\u00bb][vc_column][vc_tabs responsive=\u00bbfalse\u00bb container_bg_color=\u00bb\u00bb][vc_tab title=\u00bbDetalles\u00bb tab_id=\u00bb1566866031-1-40&#8243;][vc_column_text disable_pattern=\u00bbfalse\u00bb css=\u00bb.vc_custom_1604597613157{margin-bottom: 0px !important;}\u00bb]Formaci\u00f3n de anclaje provisional de muro moldeado al suelo, con una inclinaci\u00f3n de 30 \u00b0 con respecto al plano horizontal, hasta 17,5 m de longitud, para garantizar la estabilidad del muro moldeado durante los trabajos de excavaci\u00f3n del terreno, [&hellip;]\" \/>\n<meta property=\"og:url\" content=\"https:\/\/cortartec.net\/es\/productos\/sistema-cortafuego\/anclajes-cable-temporales\/\" \/>\n<meta property=\"og:site_name\" content=\"Cortartec\" \/>\n<meta property=\"article:publisher\" content=\"https:\/\/facebook.com\/cortartec\" \/>\n<meta property=\"article:modified_time\" content=\"2020-11-11T17:21:20+00:00\" \/>\n<meta name=\"twitter:card\" content=\"summary_large_image\" \/>\n<meta name=\"twitter:site\" content=\"@cortartec\" \/>\n<meta name=\"twitter:label1\" content=\"Tiempo de lectura\" \/>\n\t<meta name=\"twitter:data1\" content=\"6 minutos\" \/>\n<script type=\"application\/ld+json\" class=\"yoast-schema-graph\">{\"@context\":\"https:\/\/schema.org\",\"@graph\":[{\"@type\":\"Organization\",\"@id\":\"https:\/\/cortartec.net\/fr\/#organization\",\"name\":\"Cortartec\",\"url\":\"https:\/\/cortartec.net\/fr\/\",\"sameAs\":[\"https:\/\/instagram.com\/cortartec\",\"https:\/\/za.linkedin.com\/company\/cortartec?trk=recent-update_see-all\",\"https:\/\/pinterest.com\/cortartec\",\"https:\/\/youtube.com\/user\/cortartec\",\"https:\/\/facebook.com\/cortartec\",\"https:\/\/twitter.com\/cortartec\"],\"logo\":{\"@type\":\"ImageObject\",\"inLanguage\":\"es\",\"@id\":\"https:\/\/cortartec.net\/fr\/#\/schema\/logo\/image\/\",\"url\":\"https:\/\/cortartec.net\/wp-content\/uploads\/2019\/08\/logo.png\",\"contentUrl\":\"https:\/\/cortartec.net\/wp-content\/uploads\/2019\/08\/logo.png\",\"width\":400,\"height\":100,\"caption\":\"Cortartec\"},\"image\":{\"@id\":\"https:\/\/cortartec.net\/fr\/#\/schema\/logo\/image\/\"}},{\"@type\":\"WebSite\",\"@id\":\"https:\/\/cortartec.net\/fr\/#website\",\"url\":\"https:\/\/cortartec.net\/fr\/\",\"name\":\"Cortartec\",\"description\":\"\",\"publisher\":{\"@id\":\"https:\/\/cortartec.net\/fr\/#organization\"},\"potentialAction\":[{\"@type\":\"SearchAction\",\"target\":{\"@type\":\"EntryPoint\",\"urlTemplate\":\"https:\/\/cortartec.net\/fr\/?s={search_term_string}\"},\"query-input\":\"required name=search_term_string\"}],\"inLanguage\":\"es\"},{\"@type\":\"WebPage\",\"@id\":\"https:\/\/cortartec.net\/es\/productos\/sistema-cortafuego\/anclajes-cable-temporales\/\",\"url\":\"https:\/\/cortartec.net\/es\/productos\/sistema-cortafuego\/anclajes-cable-temporales\/\",\"name\":\"Anclajes de cable temporales - Cortartec\",\"isPartOf\":{\"@id\":\"https:\/\/cortartec.net\/fr\/#website\"},\"datePublished\":\"2015-12-04T12:00:27+00:00\",\"dateModified\":\"2020-11-11T17:21:20+00:00\",\"breadcrumb\":{\"@id\":\"https:\/\/cortartec.net\/es\/productos\/sistema-cortafuego\/anclajes-cable-temporales\/#breadcrumb\"},\"inLanguage\":\"es\",\"potentialAction\":[{\"@type\":\"ReadAction\",\"target\":[\"https:\/\/cortartec.net\/es\/productos\/sistema-cortafuego\/anclajes-cable-temporales\/\"]}]},{\"@type\":\"BreadcrumbList\",\"@id\":\"https:\/\/cortartec.net\/es\/productos\/sistema-cortafuego\/anclajes-cable-temporales\/#breadcrumb\",\"itemListElement\":[{\"@type\":\"ListItem\",\"position\":1,\"name\":\"In\u00edcio\",\"item\":\"https:\/\/cortartec.net\/es\/\"},{\"@type\":\"ListItem\",\"position\":2,\"name\":\"Productos\",\"item\":\"https:\/\/cortartec.net\/es\/productos\/\"},{\"@type\":\"ListItem\",\"position\":3,\"name\":\"Sistemas cortafuego\",\"item\":\"https:\/\/cortartec.net\/es\/productos\/sistema-cortafuego\/\"},{\"@type\":\"ListItem\",\"position\":4,\"name\":\"Anclajes de cable temporales\"}]}]}<\/script>\n<!-- \/ Yoast SEO plugin. -->","yoast_head_json":{"title":"Anclajes de cable temporales - Cortartec","robots":{"index":"index","follow":"follow","max-snippet":"max-snippet:-1","max-image-preview":"max-image-preview:large","max-video-preview":"max-video-preview:-1"},"canonical":"https:\/\/cortartec.net\/es\/productos\/sistema-cortafuego\/anclajes-cable-temporales\/","og_locale":"es_ES","og_type":"article","og_title":"Anclajes de cable temporales - Cortartec","og_description":"[vc_row css=\u00bb.vc_custom_1597415581925{margin-top: 50px !important;}\u00bb][vc_column][mk_gallery images=\u00bb10061,10065,10069&#8243; height=\u00bb297&#8243;][\/vc_column][\/vc_row][vc_row css=\u00bb.vc_custom_1597415588021{margin-top: 50px !important;}\u00bb][vc_column][vc_tabs responsive=\u00bbfalse\u00bb container_bg_color=\u00bb\u00bb][vc_tab title=\u00bbDetalles\u00bb tab_id=\u00bb1566866031-1-40&#8243;][vc_column_text disable_pattern=\u00bbfalse\u00bb css=\u00bb.vc_custom_1604597613157{margin-bottom: 0px !important;}\u00bb]Formaci\u00f3n de anclaje provisional de muro moldeado al suelo, con una inclinaci\u00f3n de 30 \u00b0 con respecto al plano horizontal, hasta 17,5 m de longitud, para garantizar la estabilidad del muro moldeado durante los trabajos de excavaci\u00f3n del terreno, [&hellip;]","og_url":"https:\/\/cortartec.net\/es\/productos\/sistema-cortafuego\/anclajes-cable-temporales\/","og_site_name":"Cortartec","article_publisher":"https:\/\/facebook.com\/cortartec","article_modified_time":"2020-11-11T17:21:20+00:00","twitter_card":"summary_large_image","twitter_site":"@cortartec","twitter_misc":{"Tiempo de lectura":"6 minutos"},"schema":{"@context":"https:\/\/schema.org","@graph":[{"@type":"Organization","@id":"https:\/\/cortartec.net\/fr\/#organization","name":"Cortartec","url":"https:\/\/cortartec.net\/fr\/","sameAs":["https:\/\/instagram.com\/cortartec","https:\/\/za.linkedin.com\/company\/cortartec?trk=recent-update_see-all","https:\/\/pinterest.com\/cortartec","https:\/\/youtube.com\/user\/cortartec","https:\/\/facebook.com\/cortartec","https:\/\/twitter.com\/cortartec"],"logo":{"@type":"ImageObject","inLanguage":"es","@id":"https:\/\/cortartec.net\/fr\/#\/schema\/logo\/image\/","url":"https:\/\/cortartec.net\/wp-content\/uploads\/2019\/08\/logo.png","contentUrl":"https:\/\/cortartec.net\/wp-content\/uploads\/2019\/08\/logo.png","width":400,"height":100,"caption":"Cortartec"},"image":{"@id":"https:\/\/cortartec.net\/fr\/#\/schema\/logo\/image\/"}},{"@type":"WebSite","@id":"https:\/\/cortartec.net\/fr\/#website","url":"https:\/\/cortartec.net\/fr\/","name":"Cortartec","description":"","publisher":{"@id":"https:\/\/cortartec.net\/fr\/#organization"},"potentialAction":[{"@type":"SearchAction","target":{"@type":"EntryPoint","urlTemplate":"https:\/\/cortartec.net\/fr\/?s={search_term_string}"},"query-input":"required name=search_term_string"}],"inLanguage":"es"},{"@type":"WebPage","@id":"https:\/\/cortartec.net\/es\/productos\/sistema-cortafuego\/anclajes-cable-temporales\/","url":"https:\/\/cortartec.net\/es\/productos\/sistema-cortafuego\/anclajes-cable-temporales\/","name":"Anclajes de cable temporales - Cortartec","isPartOf":{"@id":"https:\/\/cortartec.net\/fr\/#website"},"datePublished":"2015-12-04T12:00:27+00:00","dateModified":"2020-11-11T17:21:20+00:00","breadcrumb":{"@id":"https:\/\/cortartec.net\/es\/productos\/sistema-cortafuego\/anclajes-cable-temporales\/#breadcrumb"},"inLanguage":"es","potentialAction":[{"@type":"ReadAction","target":["https:\/\/cortartec.net\/es\/productos\/sistema-cortafuego\/anclajes-cable-temporales\/"]}]},{"@type":"BreadcrumbList","@id":"https:\/\/cortartec.net\/es\/productos\/sistema-cortafuego\/anclajes-cable-temporales\/#breadcrumb","itemListElement":[{"@type":"ListItem","position":1,"name":"In\u00edcio","item":"https:\/\/cortartec.net\/es\/"},{"@type":"ListItem","position":2,"name":"Productos","item":"https:\/\/cortartec.net\/es\/productos\/"},{"@type":"ListItem","position":3,"name":"Sistemas cortafuego","item":"https:\/\/cortartec.net\/es\/productos\/sistema-cortafuego\/"},{"@type":"ListItem","position":4,"name":"Anclajes de cable temporales"}]}]}},"_links":{"self":[{"href":"https:\/\/cortartec.net\/es\/wp-json\/wp\/v2\/pages\/10059"}],"collection":[{"href":"https:\/\/cortartec.net\/es\/wp-json\/wp\/v2\/pages"}],"about":[{"href":"https:\/\/cortartec.net\/es\/wp-json\/wp\/v2\/types\/page"}],"author":[{"embeddable":true,"href":"https:\/\/cortartec.net\/es\/wp-json\/wp\/v2\/users\/6"}],"replies":[{"embeddable":true,"href":"https:\/\/cortartec.net\/es\/wp-json\/wp\/v2\/comments?post=10059"}],"version-history":[{"count":5,"href":"https:\/\/cortartec.net\/es\/wp-json\/wp\/v2\/pages\/10059\/revisions"}],"predecessor-version":[{"id":10258,"href":"https:\/\/cortartec.net\/es\/wp-json\/wp\/v2\/pages\/10059\/revisions\/10258"}],"up":[{"embeddable":true,"href":"https:\/\/cortartec.net\/es\/wp-json\/wp\/v2\/pages\/10015"}],"wp:attachment":[{"href":"https:\/\/cortartec.net\/es\/wp-json\/wp\/v2\/media?parent=10059"}],"curies":[{"name":"wp","href":"https:\/\/api.w.org\/{rel}","templated":true}]}}