{"id":11362,"date":"2020-03-13T12:23:59","date_gmt":"2020-03-13T12:23:59","guid":{"rendered":"https:\/\/cortartec.net\/?page_id=11362"},"modified":"2021-10-14T14:10:01","modified_gmt":"2021-10-14T14:10:01","slug":"masilla-corta-fuego","status":"publish","type":"page","link":"https:\/\/cortartec.net\/es\/productos\/sistema-cortafuego\/masilla-corta-fuego\/","title":{"rendered":"Masilla cortafuego"},"content":{"rendered":"[vc_row css=\u00bb.vc_custom_1597657325473{margin-top: 50px !important;}\u00bb][vc_column][vc_single_image image=\u00bb11369&#8243; img_size=\u00bb450&#215;300&#8243; alignment=\u00bbcenter\u00bb][\/vc_column][\/vc_row][vc_row css=\u00bb.vc_custom_1597657331615{margin-top: 50px !important;}\u00bb][vc_column][vc_tabs responsive=\u00bbfalse\u00bb container_bg_color=\u00bb\u00bb][vc_tab title=\u00bbDetalles\u00bb tab_id=\u00bb1566866031-1-40&#8243;][vc_column_text disable_pattern=\u00bbfalse\u00bb css=\u00bb.vc_custom_1634220502882{margin-bottom: 0px !important;}\u00bb]INTU FR MASTIC es una masilla acr\u00edlica dise\u00f1ada para evitar la propagaci\u00f3n de fuego, humo y gases a trav\u00e9s de aberturas en paredes y suelos resistentes al fuego. La masilla se expande cuando se somete al contacto con el fuego y cierra las aberturas alrededor de las tuber\u00edas, cables, tramos y juntas de expansi\u00f3n creando una barrera herm\u00e9tica contra el fuego, el humo y los gases. La masa efectiva llena los huecos alrededor de la instalaci\u00f3n, asegurando la integridad y el aislamiento de las clases de resistencia al fuego EI 120 y EI 240 (detalles seg\u00fan los documentos de cumplimiento).<\/p>\n<p><span style=\"color: #333333;\"><strong>USO<\/strong><\/span><\/p>\n<p>INTU FR MASTIC est\u00e1 dise\u00f1ado para:<br \/>\nProtecci\u00f3n contra incendios de penetraciones con tuber\u00edas no inflamables en pisos o paredes.<br \/>\nProtecci\u00f3n contra incendios de cables el\u00e9ctricos individuales \/ haces de cables en suelos y paredes<br \/>\nProtecci\u00f3n contra incendios de grietas \/ instalaci\u00f3n de juntas de dilataci\u00f3n \/ sellado de rejillas de ventilaci\u00f3n intumescentes INTU FR GRILLE<\/p>\n<p><span style=\"color: #333333;\"><strong>CONDICIONES DE APLICACI\u00d3N:<\/strong><\/span><\/p>\n<p>La masilla INTU FR MASTIC despu\u00e9s del endurecimiento se puede utilizar en el rango de temperatura -30\u02daC \u00f7 + 80\u02daC.<\/p>\n<p><span style=\"color: #333333;\"><strong>DISPONIBLIDAD:<\/strong><\/span><\/p>\n<table width=\"100%\">\n<tbody>\n<tr>\n<th>TIPO<\/th>\n<th>REF\u00aa<\/th>\n<\/tr>\n<tr>\n<td><strong>360ml<\/strong><\/td>\n<td style=\"text-align: center;\">INFRM310<\/td>\n<\/tr>\n<tr>\n<td><strong>600ml<\/strong><\/td>\n<td style=\"text-align: center;\">INFRM600<\/td>\n<\/tr>\n<tr>\n<td><\/td>\n<\/tr>\n<\/tbody>\n<\/table>\n[\/vc_column_text][\/vc_tab][vc_tab title=\u00bbDownload\u00bb tab_id=\u00bb1566866086439-2-10&#8243;][mk_button dimension=\u00bbflat\u00bb corner_style=\u00bbrounded\u00bb size=\u00bbmedium\u00bb url=\u00bbhttps:\/\/48bfe850-8fa9-41aa-a01f-515ad5db562b.filesusr.com\/ugd\/b0e443_cb37a1c88a3f46a0af6dedf601ec3351.pdf\u00bb align=\u00bbcenter\u00bb]DESCARGAR PDF[\/mk_button][\/vc_tab][vc_tab title=\u00bbCertificados\u00bb tab_id=\u00bb1566866087001-3-3&#8243;]<div role=\"form\" class=\"wpcf7\" id=\"wpcf7-f9190-o1\" lang=\"pt-PT\" dir=\"ltr\">\n<div class=\"screen-reader-response\"><p role=\"status\" aria-live=\"polite\" aria-atomic=\"true\"><\/p> <ul><\/ul><\/div>\n<form action=\"\/es\/wp-json\/wp\/v2\/pages\/11362#wpcf7-f9190-o1\" method=\"post\" class=\"wpcf7-form init\" novalidate=\"novalidate\" data-status=\"init\">\n<div style=\"display: none;\">\n<input type=\"hidden\" name=\"_wpcf7\" value=\"9190\" \/>\n<input type=\"hidden\" name=\"_wpcf7_version\" value=\"5.4.2\" \/>\n<input type=\"hidden\" name=\"_wpcf7_locale\" value=\"pt_PT\" \/>\n<input type=\"hidden\" name=\"_wpcf7_unit_tag\" value=\"wpcf7-f9190-o1\" \/>\n<input type=\"hidden\" name=\"_wpcf7_container_post\" value=\"0\" \/>\n<input type=\"hidden\" name=\"_wpcf7_posted_data_hash\" value=\"\" \/>\n<\/div>\n<p>Solicite la ficha t\u00e9cnica \/ certificados aqu\u00ed:<\/p>\n<p><span class=\"wpcf7-form-control-wrap nome\"><input type=\"text\" name=\"nome\" value=\"\" size=\"40\" class=\"wpcf7-form-control wpcf7-text wpcf7-validates-as-required\" aria-required=\"true\" aria-invalid=\"false\" placeholder=\"Nombre\" \/><\/span><\/p>\n<p><span class=\"wpcf7-form-control-wrap email\"><input type=\"email\" name=\"email\" value=\"\" size=\"40\" class=\"wpcf7-form-control wpcf7-text wpcf7-email wpcf7-validates-as-required wpcf7-validates-as-email\" aria-required=\"true\" aria-invalid=\"false\" placeholder=\"Email\" \/><\/span><\/p>\n<p><span class=\"wpcf7-form-control-wrap telefone\"><input type=\"tel\" name=\"telefone\" value=\"\" size=\"40\" class=\"wpcf7-form-control wpcf7-text wpcf7-tel wpcf7-validates-as-required wpcf7-validates-as-tel\" aria-required=\"true\" aria-invalid=\"false\" placeholder=\"Tel\u00e9fono\" \/><\/span><\/p>\n<p><span class=\"wpcf7-form-control-wrap empresa\"><input type=\"text\" name=\"empresa\" value=\"\" size=\"40\" class=\"wpcf7-form-control wpcf7-text\" aria-invalid=\"false\" placeholder=\"Empresa\" \/><\/span><\/p>\n<p><span class=\"wpcf7-form-control-wrap produto\"><input type=\"hidden\" name=\"produto\" value=\"Masilla cortafuego\" size=\"40\" class=\"wpcf7-form-control wpcf7dtx-dynamictext wpcf7-dynamichidden\" aria-invalid=\"false\" \/><\/span><\/p>\n<p><span class=\"wpcf7-form-control-wrap rgpd\"><span class=\"wpcf7-form-control wpcf7-acceptance\"><span class=\"wpcf7-list-item\"><label><input type=\"checkbox\" name=\"rgpd\" value=\"1\" aria-invalid=\"false\" \/><span class=\"wpcf7-list-item-label\">Doy mi consentimiento para que Cortartec conserve mis datos contenidos en este formulario por tiempo indefinido hasta la finalizaci\u00f3n de esta solicitud de contacto.<\/span><\/label><\/span><\/span><\/span><\/p>\n<p><input type=\"submit\" value=\"Pedir\" class=\"wpcf7-form-control wpcf7-submit\" \/><\/p>\n<p style=\"display: none !important;\" class=\"akismet-fields-container\" data-prefix=\"_wpcf7_ak_\"><label>&#916;<textarea name=\"_wpcf7_ak_hp_textarea\" cols=\"45\" rows=\"8\" maxlength=\"100\"><\/textarea><\/label><input type=\"hidden\" id=\"ak_js_1\" name=\"_wpcf7_ak_js\" value=\"170\"\/><script>document.getElementById( \"ak_js_1\" ).setAttribute( \"value\", ( new Date() ).getTime() );<\/script><\/p><div class=\"wpcf7-response-output\" aria-hidden=\"true\"><\/div><\/form><\/div>[\/vc_tab][\/vc_tabs][vc_column_text css=\u00bb.vc_custom_1573741706958{margin-bottom: 0px !important;}\u00bb][\/vc_column_text][\/vc_column][\/vc_row][vc_row css=\u00bb.vc_custom_1597657367142{margin-top: 50px !important;}\u00bb][vc_column][mk_fancy_title color=\u00bb#999999&#8243; size=\u00bb40&#8243; font_weight=\u00bb200&#8243; txt_transform=\u00bbuppercase\u00bb margin_bottom=\u00bb5&#8243; font_family=\u00bbnone\u00bb align=\u00bbcenter\u00bb]PRODUCTOS <strong>SIMILARES<\/strong>[\/mk_fancy_title][mk_divider style=\u00bbthin_solid\u00bb divider_width=\u00bbcustom_width\u00bb custom_width=\u00bb80&#8243; thin_single_color=\u00bb#fe6600&#8243; thickness=\u00bb4&#8243; margin_top=\u00bb0&#8243; margin_bottom=\u00bb40&#8243;][\/vc_column][\/vc_row][vc_row css=\u00bb.vc_custom_1597657373867{margin-top: 50px !important;}\u00bb][vc_column width=\u00bb1\/4&#8243;][mk_image src=\u00bbhttps:\/\/cortartec.net\/wp-content\/uploads\/2020\/03\/imagem116.jpg\u00bb image_width=\u00bb300&#8243; image_height=\u00bb225&#8243; link=\u00bbhttps:\/\/cortartec.net\/es\/productos\/juntas-de-dilatacion\/placas-cortafuego\/\u00bb align=\u00bbcenter\u00bb margin_bottom=\u00bb20&#8243;][mk_fancy_title color=\u00bb#fe6600&#8243; size=\u00bb25&#8243; font_weight=\u00bbbold\u00bb txt_transform=\u00bbuppercase\u00bb margin_bottom=\u00bb0&#8243; font_family=\u00bbnone\u00bb]PLACAS LINEAFEU[\/mk_fancy_title][mk_padding_divider size=\u00bb30&#8243; visibility=\u00bbvisible-sm\u00bb][\/vc_column][vc_column width=\u00bb1\/4&#8243;][mk_image src=\u00bbhttps:\/\/cortartec.net\/wp-content\/uploads\/2020\/03\/imagem1-7.jpg\u00bb image_width=\u00bb300&#8243; image_height=\u00bb225&#8243; link=\u00bbhttps:\/\/cortartec.net\/es\/productos\/juntas-de-dilatacion\/cordones-cortafuegos\/\u00bb align=\u00bbcenter\u00bb margin_bottom=\u00bb20&#8243;][mk_fancy_title color=\u00bb#fe6600&#8243; size=\u00bb25&#8243; font_weight=\u00bbbold\u00bb txt_transform=\u00bbuppercase\u00bb margin_bottom=\u00bb0&#8243; font_family=\u00bbnone\u00bb]CORDONES VEDAFEU C[\/mk_fancy_title][mk_padding_divider size=\u00bb30&#8243; visibility=\u00bbvisible-sm\u00bb][\/vc_column][vc_column width=\u00bb1\/4&#8243;][mk_image src=\u00bbhttps:\/\/cortartec.net\/wp-content\/uploads\/2020\/03\/imagem112.jpg\u00bb image_width=\u00bb300&#8243; image_height=\u00bb225&#8243; link=\u00bbhttps:\/\/cortartec.net\/es\/productos\/juntas-de-dilatacion\/capas-cortafuegos\/\u00bb align=\u00bbcenter\u00bb margin_bottom=\u00bb20&#8243;][mk_fancy_title color=\u00bb#fe6600&#8243; size=\u00bb25&#8243; font_weight=\u00bbbold\u00bb txt_transform=\u00bbuppercase\u00bb margin_bottom=\u00bb0&#8243; font_family=\u00bbnone\u00bb]Capas VEDAFEU M[\/mk_fancy_title][mk_padding_divider size=\u00bb30&#8243; visibility=\u00bbvisible-sm\u00bb][\/vc_column][vc_column width=\u00bb1\/4&#8243;][mk_image src=\u00bbhttps:\/\/cortartec.net\/wp-content\/uploads\/2020\/03\/imagem115.jpg\u00bb image_width=\u00bb300&#8243; image_height=\u00bb225&#8243; link=\u00bbhttps:\/\/cortartec.net\/es\/productos\/juntas-de-dilatacion\/capa-cortafuegos\/\u00bb align=\u00bbcenter\u00bb margin_bottom=\u00bb20&#8243;][mk_fancy_title color=\u00bb#fe6600&#8243; size=\u00bb25&#8243; font_weight=\u00bbbold\u00bb txt_transform=\u00bbuppercase\u00bb margin_bottom=\u00bb0&#8243; font_family=\u00bbnone\u00bb]capas VEDAFEU N[\/mk_fancy_title][\/vc_column][\/vc_row][vc_row fullwidth=\u00bbtrue\u00bb fullwidth_content=\u00bbfalse\u00bb css=\u00bb.vc_custom_1597657381144{margin-top: 50px !important;background-color: #fe6600 !important;}\u00bb][vc_column][mk_padding_divider size=\u00bb30&#8243;][vc_row_inner][vc_column_inner width=\u00bb2\/3&#8243;][mk_padding_divider size=\u00bb10&#8243;][mk_fancy_title tag_name=\u00bbh5&#8243; color=\u00bb#ffffff\u00bb size=\u00bb26&#8243; font_weight=\u00bb400&#8243; txt_transform=\u00bbnone\u00bb font_family=\u00bbOpen+Sans\u00bb font_type=\u00bbgoogle\u00bb]Tienes preguntas? Estamos aqu\u00ed para ayudarte![\/mk_fancy_title][\/vc_column_inner][vc_column_inner width=\u00bb1\/3&#8243;][mk_button dimension=\u00bbflat\u00bb corner_style=\u00bbrounded\u00bb size=\u00bblarge\u00bb url=\u00bbhttps:\/\/cortartec.net\/es\/contactos\/\u00bb align=\u00bbright\u00bb margin_right=\u00bb0&#8243; el_class=\u00bbmrightButton\u00bb bg_color=\u00bb#f0f0f0&#8243; btn_hover_bg=\u00bb#ffffff\u00bb text_color=\u00bbdark\u00bb btn_hover_txt_color=\u00bb#fe6600&#8243;]CONT\u00c1CTANOS[\/mk_button][\/vc_column_inner][\/vc_row_inner][\/vc_column][\/vc_row]\n","protected":false},"excerpt":{"rendered":"<p>[vc_row css=\u00bb.vc_custom_1597657325473{margin-top: 50px !important;}\u00bb][vc_column][vc_single_image image=\u00bb11369&#8243; img_size=\u00bb450&#215;300&#8243; alignment=\u00bbcenter\u00bb][\/vc_column][\/vc_row][vc_row css=\u00bb.vc_custom_1597657331615{margin-top: 50px !important;}\u00bb][vc_column][vc_tabs responsive=\u00bbfalse\u00bb container_bg_color=\u00bb\u00bb][vc_tab title=\u00bbDetalles\u00bb tab_id=\u00bb1566866031-1-40&#8243;][vc_column_text disable_pattern=\u00bbfalse\u00bb css=\u00bb.vc_custom_1634220502882{margin-bottom: 0px !important;}\u00bb]INTU FR MASTIC es una masilla acr\u00edlica dise\u00f1ada para evitar la propagaci\u00f3n de fuego, humo y gases a trav\u00e9s de aberturas en paredes y suelos resistentes al fuego. La masilla se expande cuando se somete al contacto con [&hellip;]<\/p>\n","protected":false},"author":6,"featured_media":0,"parent":10015,"menu_order":0,"comment_status":"closed","ping_status":"closed","template":"","meta":[],"yoast_head":"<!-- This site is optimized with the Yoast SEO plugin v19.4 - https:\/\/yoast.com\/wordpress\/plugins\/seo\/ -->\n<title>Masilla cortafuego - Cortartec<\/title>\n<meta name=\"robots\" content=\"index, follow, max-snippet:-1, max-image-preview:large, max-video-preview:-1\" \/>\n<link rel=\"canonical\" href=\"https:\/\/cortartec.net\/es\/productos\/sistema-cortafuego\/masilla-corta-fuego\/\" \/>\n<meta property=\"og:locale\" content=\"es_ES\" \/>\n<meta property=\"og:type\" content=\"article\" \/>\n<meta property=\"og:title\" content=\"Masilla cortafuego - Cortartec\" \/>\n<meta property=\"og:description\" content=\"[vc_row css=\u00bb.vc_custom_1597657325473{margin-top: 50px !important;}\u00bb][vc_column][vc_single_image image=\u00bb11369&#8243; img_size=\u00bb450&#215;300&#8243; alignment=\u00bbcenter\u00bb][\/vc_column][\/vc_row][vc_row css=\u00bb.vc_custom_1597657331615{margin-top: 50px !important;}\u00bb][vc_column][vc_tabs responsive=\u00bbfalse\u00bb container_bg_color=\u00bb\u00bb][vc_tab title=\u00bbDetalles\u00bb tab_id=\u00bb1566866031-1-40&#8243;][vc_column_text disable_pattern=\u00bbfalse\u00bb css=\u00bb.vc_custom_1634220502882{margin-bottom: 0px !important;}\u00bb]INTU FR MASTIC es una masilla acr\u00edlica dise\u00f1ada para evitar la propagaci\u00f3n de fuego, humo y gases a trav\u00e9s de aberturas en paredes y suelos resistentes al fuego. La masilla se expande cuando se somete al contacto con [&hellip;]\" \/>\n<meta property=\"og:url\" content=\"https:\/\/cortartec.net\/es\/productos\/sistema-cortafuego\/masilla-corta-fuego\/\" \/>\n<meta property=\"og:site_name\" content=\"Cortartec\" \/>\n<meta property=\"article:publisher\" content=\"https:\/\/facebook.com\/cortartec\" \/>\n<meta property=\"article:modified_time\" content=\"2021-10-14T14:10:01+00:00\" \/>\n<meta name=\"twitter:card\" content=\"summary_large_image\" \/>\n<meta name=\"twitter:site\" content=\"@cortartec\" \/>\n<meta name=\"twitter:label1\" content=\"Tiempo de lectura\" \/>\n\t<meta name=\"twitter:data1\" content=\"4 minutos\" \/>\n<script type=\"application\/ld+json\" class=\"yoast-schema-graph\">{\"@context\":\"https:\/\/schema.org\",\"@graph\":[{\"@type\":\"Organization\",\"@id\":\"https:\/\/cortartec.net\/fr\/#organization\",\"name\":\"Cortartec\",\"url\":\"https:\/\/cortartec.net\/fr\/\",\"sameAs\":[\"https:\/\/instagram.com\/cortartec\",\"https:\/\/za.linkedin.com\/company\/cortartec?trk=recent-update_see-all\",\"https:\/\/pinterest.com\/cortartec\",\"https:\/\/youtube.com\/user\/cortartec\",\"https:\/\/facebook.com\/cortartec\",\"https:\/\/twitter.com\/cortartec\"],\"logo\":{\"@type\":\"ImageObject\",\"inLanguage\":\"es\",\"@id\":\"https:\/\/cortartec.net\/fr\/#\/schema\/logo\/image\/\",\"url\":\"https:\/\/cortartec.net\/wp-content\/uploads\/2019\/08\/logo.png\",\"contentUrl\":\"https:\/\/cortartec.net\/wp-content\/uploads\/2019\/08\/logo.png\",\"width\":400,\"height\":100,\"caption\":\"Cortartec\"},\"image\":{\"@id\":\"https:\/\/cortartec.net\/fr\/#\/schema\/logo\/image\/\"}},{\"@type\":\"WebSite\",\"@id\":\"https:\/\/cortartec.net\/fr\/#website\",\"url\":\"https:\/\/cortartec.net\/fr\/\",\"name\":\"Cortartec\",\"description\":\"\",\"publisher\":{\"@id\":\"https:\/\/cortartec.net\/fr\/#organization\"},\"potentialAction\":[{\"@type\":\"SearchAction\",\"target\":{\"@type\":\"EntryPoint\",\"urlTemplate\":\"https:\/\/cortartec.net\/fr\/?s={search_term_string}\"},\"query-input\":\"required name=search_term_string\"}],\"inLanguage\":\"es\"},{\"@type\":\"WebPage\",\"@id\":\"https:\/\/cortartec.net\/es\/productos\/sistema-cortafuego\/masilla-corta-fuego\/\",\"url\":\"https:\/\/cortartec.net\/es\/productos\/sistema-cortafuego\/masilla-corta-fuego\/\",\"name\":\"Masilla cortafuego - Cortartec\",\"isPartOf\":{\"@id\":\"https:\/\/cortartec.net\/fr\/#website\"},\"datePublished\":\"2020-03-13T12:23:59+00:00\",\"dateModified\":\"2021-10-14T14:10:01+00:00\",\"breadcrumb\":{\"@id\":\"https:\/\/cortartec.net\/es\/productos\/sistema-cortafuego\/masilla-corta-fuego\/#breadcrumb\"},\"inLanguage\":\"es\",\"potentialAction\":[{\"@type\":\"ReadAction\",\"target\":[\"https:\/\/cortartec.net\/es\/productos\/sistema-cortafuego\/masilla-corta-fuego\/\"]}]},{\"@type\":\"BreadcrumbList\",\"@id\":\"https:\/\/cortartec.net\/es\/productos\/sistema-cortafuego\/masilla-corta-fuego\/#breadcrumb\",\"itemListElement\":[{\"@type\":\"ListItem\",\"position\":1,\"name\":\"In\u00edcio\",\"item\":\"https:\/\/cortartec.net\/es\/\"},{\"@type\":\"ListItem\",\"position\":2,\"name\":\"Productos\",\"item\":\"https:\/\/cortartec.net\/es\/productos\/\"},{\"@type\":\"ListItem\",\"position\":3,\"name\":\"Sistemas cortafuego\",\"item\":\"https:\/\/cortartec.net\/es\/productos\/sistema-cortafuego\/\"},{\"@type\":\"ListItem\",\"position\":4,\"name\":\"Masilla cortafuego\"}]}]}<\/script>\n<!-- \/ Yoast SEO plugin. -->","yoast_head_json":{"title":"Masilla cortafuego - Cortartec","robots":{"index":"index","follow":"follow","max-snippet":"max-snippet:-1","max-image-preview":"max-image-preview:large","max-video-preview":"max-video-preview:-1"},"canonical":"https:\/\/cortartec.net\/es\/productos\/sistema-cortafuego\/masilla-corta-fuego\/","og_locale":"es_ES","og_type":"article","og_title":"Masilla cortafuego - Cortartec","og_description":"[vc_row css=\u00bb.vc_custom_1597657325473{margin-top: 50px !important;}\u00bb][vc_column][vc_single_image image=\u00bb11369&#8243; img_size=\u00bb450&#215;300&#8243; alignment=\u00bbcenter\u00bb][\/vc_column][\/vc_row][vc_row css=\u00bb.vc_custom_1597657331615{margin-top: 50px !important;}\u00bb][vc_column][vc_tabs responsive=\u00bbfalse\u00bb container_bg_color=\u00bb\u00bb][vc_tab title=\u00bbDetalles\u00bb tab_id=\u00bb1566866031-1-40&#8243;][vc_column_text disable_pattern=\u00bbfalse\u00bb css=\u00bb.vc_custom_1634220502882{margin-bottom: 0px !important;}\u00bb]INTU FR MASTIC es una masilla acr\u00edlica dise\u00f1ada para evitar la propagaci\u00f3n de fuego, humo y gases a trav\u00e9s de aberturas en paredes y suelos resistentes al fuego. La masilla se expande cuando se somete al contacto con [&hellip;]","og_url":"https:\/\/cortartec.net\/es\/productos\/sistema-cortafuego\/masilla-corta-fuego\/","og_site_name":"Cortartec","article_publisher":"https:\/\/facebook.com\/cortartec","article_modified_time":"2021-10-14T14:10:01+00:00","twitter_card":"summary_large_image","twitter_site":"@cortartec","twitter_misc":{"Tiempo de lectura":"4 minutos"},"schema":{"@context":"https:\/\/schema.org","@graph":[{"@type":"Organization","@id":"https:\/\/cortartec.net\/fr\/#organization","name":"Cortartec","url":"https:\/\/cortartec.net\/fr\/","sameAs":["https:\/\/instagram.com\/cortartec","https:\/\/za.linkedin.com\/company\/cortartec?trk=recent-update_see-all","https:\/\/pinterest.com\/cortartec","https:\/\/youtube.com\/user\/cortartec","https:\/\/facebook.com\/cortartec","https:\/\/twitter.com\/cortartec"],"logo":{"@type":"ImageObject","inLanguage":"es","@id":"https:\/\/cortartec.net\/fr\/#\/schema\/logo\/image\/","url":"https:\/\/cortartec.net\/wp-content\/uploads\/2019\/08\/logo.png","contentUrl":"https:\/\/cortartec.net\/wp-content\/uploads\/2019\/08\/logo.png","width":400,"height":100,"caption":"Cortartec"},"image":{"@id":"https:\/\/cortartec.net\/fr\/#\/schema\/logo\/image\/"}},{"@type":"WebSite","@id":"https:\/\/cortartec.net\/fr\/#website","url":"https:\/\/cortartec.net\/fr\/","name":"Cortartec","description":"","publisher":{"@id":"https:\/\/cortartec.net\/fr\/#organization"},"potentialAction":[{"@type":"SearchAction","target":{"@type":"EntryPoint","urlTemplate":"https:\/\/cortartec.net\/fr\/?s={search_term_string}"},"query-input":"required name=search_term_string"}],"inLanguage":"es"},{"@type":"WebPage","@id":"https:\/\/cortartec.net\/es\/productos\/sistema-cortafuego\/masilla-corta-fuego\/","url":"https:\/\/cortartec.net\/es\/productos\/sistema-cortafuego\/masilla-corta-fuego\/","name":"Masilla cortafuego - Cortartec","isPartOf":{"@id":"https:\/\/cortartec.net\/fr\/#website"},"datePublished":"2020-03-13T12:23:59+00:00","dateModified":"2021-10-14T14:10:01+00:00","breadcrumb":{"@id":"https:\/\/cortartec.net\/es\/productos\/sistema-cortafuego\/masilla-corta-fuego\/#breadcrumb"},"inLanguage":"es","potentialAction":[{"@type":"ReadAction","target":["https:\/\/cortartec.net\/es\/productos\/sistema-cortafuego\/masilla-corta-fuego\/"]}]},{"@type":"BreadcrumbList","@id":"https:\/\/cortartec.net\/es\/productos\/sistema-cortafuego\/masilla-corta-fuego\/#breadcrumb","itemListElement":[{"@type":"ListItem","position":1,"name":"In\u00edcio","item":"https:\/\/cortartec.net\/es\/"},{"@type":"ListItem","position":2,"name":"Productos","item":"https:\/\/cortartec.net\/es\/productos\/"},{"@type":"ListItem","position":3,"name":"Sistemas cortafuego","item":"https:\/\/cortartec.net\/es\/productos\/sistema-cortafuego\/"},{"@type":"ListItem","position":4,"name":"Masilla cortafuego"}]}]}},"_links":{"self":[{"href":"https:\/\/cortartec.net\/es\/wp-json\/wp\/v2\/pages\/11362"}],"collection":[{"href":"https:\/\/cortartec.net\/es\/wp-json\/wp\/v2\/pages"}],"about":[{"href":"https:\/\/cortartec.net\/es\/wp-json\/wp\/v2\/types\/page"}],"author":[{"embeddable":true,"href":"https:\/\/cortartec.net\/es\/wp-json\/wp\/v2\/users\/6"}],"replies":[{"embeddable":true,"href":"https:\/\/cortartec.net\/es\/wp-json\/wp\/v2\/comments?post=11362"}],"version-history":[{"count":4,"href":"https:\/\/cortartec.net\/es\/wp-json\/wp\/v2\/pages\/11362\/revisions"}],"predecessor-version":[{"id":11384,"href":"https:\/\/cortartec.net\/es\/wp-json\/wp\/v2\/pages\/11362\/revisions\/11384"}],"up":[{"embeddable":true,"href":"https:\/\/cortartec.net\/es\/wp-json\/wp\/v2\/pages\/10015"}],"wp:attachment":[{"href":"https:\/\/cortartec.net\/es\/wp-json\/wp\/v2\/media?parent=11362"}],"curies":[{"name":"wp","href":"https:\/\/api.w.org\/{rel}","templated":true}]}}