{"id":11464,"date":"2020-03-13T12:23:59","date_gmt":"2020-03-13T12:23:59","guid":{"rendered":"https:\/\/cortartec.net\/?page_id=11464"},"modified":"2021-10-20T17:00:32","modified_gmt":"2021-10-20T17:00:32","slug":"collar-cortafuego","status":"publish","type":"page","link":"https:\/\/cortartec.net\/es\/productos\/sistema-cortafuego\/collar-cortafuego\/","title":{"rendered":"collar cortafuego"},"content":{"rendered":"[vc_row css=\u00bb.vc_custom_1597657325473{margin-top: 50px !important;}\u00bb][vc_column][mk_image src=\u00bbhttps:\/\/cortartec.net\/wp-content\/uploads\/2021\/10\/colares_corta_fogo_1_ce_500.jpg\u00bb image_width=\u00bb350&#8243; align=\u00bbcenter\u00bb][\/vc_column][\/vc_row][vc_row css=\u00bb.vc_custom_1597657331615{margin-top: 50px !important;}\u00bb][vc_column][vc_tabs responsive=\u00bbfalse\u00bb container_bg_color=\u00bb\u00bb][vc_tab title=\u00bbDetalles\u00bb tab_id=\u00bb1566866031-1-40&#8243;][vc_column_text disable_pattern=\u00bbfalse\u00bb css=\u00bb.vc_custom_1634748959111{margin-bottom: 0px !important;}\u00bb]El collar de contenci\u00f3n INTU FR COLLAR consiste en un inserto flexible hecho de un material a base de grafito que se hincha bajo la influencia de temperaturas superiores a 140 \u00b0 C y una carcasa exterior hecha de placa de acero de 1,0 mm protegida contra la corrosi\u00f3n por una capa de pintura roja. La carcasa del collar de acero est\u00e1 equipada con un pestillo que sirve para atar los extremos y estabilizarlo al tubo, as\u00ed como soportes de montaje que aseguran el collar al divisor. Los collares garantizan una clase de resistencia al fuego de hasta un m\u00e1ximo de EI 240.<\/p>\n<p><span style=\"color: #333333;\"><strong>USO<\/strong><\/span><\/p>\n<p>INTU FR COLLAR se utiliza para la protecci\u00f3n contra incendios de penetraciones con tuber\u00edas de pl\u00e1stico (PVC, PP, PE, HDPE) que atraviesan tabiques cortafuego (paredes flexibles, paredes r\u00edgidas, suelos).<\/p>\n<p><span style=\"color: #333333;\"><strong>M\u00c9TODO DE APLICACI\u00d3N:<\/strong><\/span><\/p>\n<p>As aberturas entre o orif\u00edcio em uma parede ou piso e a parede do tubo devem ser preenchidas com m\u00e1stique intumescente acr\u00edlico.[\/vc_column_text][\/vc_tab][vc_tab title=\u00bbDownload\u00bb tab_id=\u00bb1566866086439-2-10&#8243;][mk_button dimension=\u00bbflat\u00bb corner_style=\u00bbrounded\u00bb size=\u00bbmedium\u00bb url=\u00bbhttps:\/\/48bfe850-8fa9-41aa-a01f-515ad5db562b.filesusr.com\/ugd\/b0e443_cb37a1c88a3f46a0af6dedf601ec3351.pdf\u00bb align=\u00bbcenter\u00bb]DESCARGAR PDF[\/mk_button][\/vc_tab][vc_tab title=\u00bbCertificados\u00bb tab_id=\u00bb1566866087001-3-3&#8243;]<div role=\"form\" class=\"wpcf7\" id=\"wpcf7-f9190-o1\" lang=\"pt-PT\" dir=\"ltr\">\n<div class=\"screen-reader-response\"><p role=\"status\" aria-live=\"polite\" aria-atomic=\"true\"><\/p> <ul><\/ul><\/div>\n<form action=\"\/es\/wp-json\/wp\/v2\/pages\/11464#wpcf7-f9190-o1\" method=\"post\" class=\"wpcf7-form init\" novalidate=\"novalidate\" data-status=\"init\">\n<div style=\"display: none;\">\n<input type=\"hidden\" name=\"_wpcf7\" value=\"9190\" \/>\n<input type=\"hidden\" name=\"_wpcf7_version\" value=\"5.4.2\" \/>\n<input type=\"hidden\" name=\"_wpcf7_locale\" value=\"pt_PT\" \/>\n<input type=\"hidden\" name=\"_wpcf7_unit_tag\" value=\"wpcf7-f9190-o1\" \/>\n<input type=\"hidden\" name=\"_wpcf7_container_post\" value=\"0\" \/>\n<input type=\"hidden\" name=\"_wpcf7_posted_data_hash\" value=\"\" \/>\n<\/div>\n<p>Solicite la ficha t\u00e9cnica \/ certificados aqu\u00ed:<\/p>\n<p><span class=\"wpcf7-form-control-wrap nome\"><input type=\"text\" name=\"nome\" value=\"\" size=\"40\" class=\"wpcf7-form-control wpcf7-text wpcf7-validates-as-required\" aria-required=\"true\" aria-invalid=\"false\" placeholder=\"Nombre\" \/><\/span><\/p>\n<p><span class=\"wpcf7-form-control-wrap email\"><input type=\"email\" name=\"email\" value=\"\" size=\"40\" class=\"wpcf7-form-control wpcf7-text wpcf7-email wpcf7-validates-as-required wpcf7-validates-as-email\" aria-required=\"true\" aria-invalid=\"false\" placeholder=\"Email\" \/><\/span><\/p>\n<p><span class=\"wpcf7-form-control-wrap telefone\"><input type=\"tel\" name=\"telefone\" value=\"\" size=\"40\" class=\"wpcf7-form-control wpcf7-text wpcf7-tel wpcf7-validates-as-required wpcf7-validates-as-tel\" aria-required=\"true\" aria-invalid=\"false\" placeholder=\"Tel\u00e9fono\" \/><\/span><\/p>\n<p><span class=\"wpcf7-form-control-wrap empresa\"><input type=\"text\" name=\"empresa\" value=\"\" size=\"40\" class=\"wpcf7-form-control wpcf7-text\" aria-invalid=\"false\" placeholder=\"Empresa\" \/><\/span><\/p>\n<p><span class=\"wpcf7-form-control-wrap produto\"><input type=\"hidden\" name=\"produto\" value=\"collar cortafuego\" size=\"40\" class=\"wpcf7-form-control wpcf7dtx-dynamictext wpcf7-dynamichidden\" aria-invalid=\"false\" \/><\/span><\/p>\n<p><span class=\"wpcf7-form-control-wrap rgpd\"><span class=\"wpcf7-form-control wpcf7-acceptance\"><span class=\"wpcf7-list-item\"><label><input type=\"checkbox\" name=\"rgpd\" value=\"1\" aria-invalid=\"false\" \/><span class=\"wpcf7-list-item-label\">Doy mi consentimiento para que Cortartec conserve mis datos contenidos en este formulario por tiempo indefinido hasta la finalizaci\u00f3n de esta solicitud de contacto.<\/span><\/label><\/span><\/span><\/span><\/p>\n<p><input type=\"submit\" value=\"Pedir\" class=\"wpcf7-form-control wpcf7-submit\" \/><\/p>\n<p style=\"display: none !important;\" class=\"akismet-fields-container\" data-prefix=\"_wpcf7_ak_\"><label>&#916;<textarea name=\"_wpcf7_ak_hp_textarea\" cols=\"45\" rows=\"8\" maxlength=\"100\"><\/textarea><\/label><input type=\"hidden\" id=\"ak_js_1\" name=\"_wpcf7_ak_js\" value=\"44\"\/><script>document.getElementById( \"ak_js_1\" ).setAttribute( \"value\", ( new Date() ).getTime() );<\/script><\/p><div class=\"wpcf7-response-output\" aria-hidden=\"true\"><\/div><\/form><\/div>[\/vc_tab][\/vc_tabs][\/vc_column][\/vc_row][vc_row css=\u00bb.vc_custom_1597657373867{margin-top: 50px !important;}\u00bb][vc_column width=\u00bb1\/4&#8243;][mk_image src=\u00bbhttps:\/\/cortartec.net\/wp-content\/uploads\/2021\/10\/colar-corta-fg-1.png\u00bb image_size=\u00bbfull\u00bb link=\u00bbhttps:\/\/cortartec.net\/es\/productos\/juntas-de-dilatacion\/placas-cortafuego\/\u00bb align=\u00bbcenter\u00bb margin_bottom=\u00bb20&#8243;][vc_column_text css=\u00bb.vc_custom_1634748813605{margin-bottom: 0px !important;}\u00bb]\n<p style=\"text-align: center;\">1. Instale el collar <strong>INTU FR COLLAR<\/strong> en el tubo.<\/p>\n[\/vc_column_text][\/vc_column][vc_column width=\u00bb1\/4&#8243;][mk_image src=\u00bbhttps:\/\/cortartec.net\/wp-content\/uploads\/2021\/10\/colar-corta-fg-2.jpg\u00bb image_size=\u00bbfull\u00bb link=\u00bbhttps:\/\/cortartec.net\/es\/productos\/juntas-de-dilatacion\/cordones-cortafuegos\/\u00bb align=\u00bbcenter\u00bb margin_bottom=\u00bb20&#8243;][vc_column_text css=\u00bb.vc_custom_1634748865749{margin-bottom: 0px !important;}\u00bb]\n<p style=\"text-align: center;\">2. Fije el collar <strong>INTU FR COLLAR<\/strong> usando el broche<\/p>\n[\/vc_column_text][\/vc_column][vc_column width=\u00bb1\/4&#8243;][mk_image src=\u00bbhttps:\/\/cortartec.net\/wp-content\/uploads\/2021\/10\/colar-corta-fg-3.jpg\u00bb image_size=\u00bbfull\u00bb link=\u00bbhttps:\/\/cortartec.net\/es\/productos\/juntas-de-dilatacion\/capas-cortafuegos\/\u00bb align=\u00bbcenter\u00bb margin_bottom=\u00bb20&#8243;][vc_column_text css=\u00bb.vc_custom_1634748904249{margin-bottom: 0px !important;}\u00bb]\n<p style=\"text-align: center;\">3. Utilice anclajes de cu\u00f1a de acero para la instalaci\u00f3n en tabiques.<\/p>\n[\/vc_column_text][\/vc_column][vc_column width=\u00bb1\/4&#8243;][mk_image src=\u00bbhttps:\/\/cortartec.net\/wp-content\/uploads\/2021\/10\/colar-corta-fg-4.jpg\u00bb image_size=\u00bbfull\u00bb link=\u00bbhttps:\/\/cortartec.net\/es\/productos\/juntas-de-dilatacion\/capa-cortafuegos\/\u00bb align=\u00bbcenter\u00bb margin_bottom=\u00bb20&#8243;][vc_column_text css=\u00bb.vc_custom_1634748932814{margin-bottom: 0px !important;}\u00bb]\n<p style=\"text-align: center;\">4. Rellene las aberturas con masilla acr\u00edlica intumescente.<\/p>\n[\/vc_column_text][\/vc_column][\/vc_row][vc_row css=\u00bb.vc_custom_1597657373867{margin-top: 50px !important;}\u00bb][vc_column][vc_column_text css=\u00bb.vc_custom_1634749094442{margin-bottom: 0px !important;}\u00bb]&nbsp;<\/p>\n<table width=\"100%\">\n<tbody>\n<tr>\n<th>TIPO<\/th>\n<th>\u00a0 \u00a0 \u00a0 REF\u00aa<\/th>\n<th>Material intumescente (ancho x espesor)<\/th>\n<\/tr>\n<tr>\n<td>INTU FR <strong>COLLAR 32<\/strong><\/td>\n<td style=\"text-align: center;\">\u00a0 \u00a0 \u00a0 \u00a0 \u00a0 INCO32<\/td>\n<td style=\"text-align: center;\">30mm x 4mm<\/td>\n<\/tr>\n<tr>\n<td>INTU FR <strong>COLLAR 40<\/strong><\/td>\n<td style=\"text-align: center;\">\u00a0 \u00a0 \u00a0 \u00a0 \u00a0 INCO40<\/td>\n<td style=\"text-align: center;\">30mm x 4mm<\/td>\n<\/tr>\n<tr>\n<td>INTU FR <strong>COLLAR 55<\/strong><\/td>\n<td style=\"text-align: center;\">\u00a0 \u00a0 \u00a0 \u00a0 \u00a0 INCO55<\/td>\n<td style=\"text-align: center;\">30mm x 6mm<\/td>\n<\/tr>\n<tr>\n<td>INTU FR <strong>COLLAR 63<\/strong><\/td>\n<td style=\"text-align: center;\">\u00a0 \u00a0 \u00a0 \u00a0 \u00a0 INCO63<\/td>\n<td style=\"text-align: center;\">30mm x 6mm<\/td>\n<\/tr>\n<tr>\n<td>INTU FR<strong> COLLAR 75<\/strong><\/td>\n<td style=\"text-align: center;\">\u00a0 \u00a0 \u00a0 \u00a0 \u00a0 INCO75<\/td>\n<td style=\"text-align: center;\">30mm x 6mm<\/td>\n<\/tr>\n<tr>\n<td>INTU FR <strong>COLLAR 82 <\/strong><\/td>\n<td style=\"text-align: center;\">\u00a0 \u00a0 \u00a0 \u00a0 \u00a0 INCO82<\/td>\n<td style=\"text-align: center;\">30mm x 8mm<\/td>\n<\/tr>\n<tr>\n<td>INTU FR <strong>COLLAR 90<\/strong><\/td>\n<td style=\"text-align: center;\">\u00a0 \u00a0 \u00a0 \u00a0 \u00a0 INCO90<\/td>\n<td style=\"text-align: center;\">30mm x 8mm<\/td>\n<\/tr>\n<tr>\n<td>INTU FR<strong> COLLAR 110<\/strong><\/td>\n<td style=\"text-align: center;\">\u00a0 \u00a0 \u00a0 \u00a0 \u00a0 INCO110<\/td>\n<td style=\"text-align: center;\">30mm x 10mm<\/td>\n<\/tr>\n<tr>\n<td>INTU FR <strong>COLLAR 125 <\/strong><\/td>\n<td style=\"text-align: center;\">\u00a0 \u00a0 \u00a0 \u00a0 \u00a0 INCO125<\/td>\n<td style=\"text-align: center;\">40mm x 14mm<\/td>\n<\/tr>\n<tr>\n<td>INTU FR <strong>COLLAR 160<\/strong><\/td>\n<td style=\"text-align: center;\">\u00a0 \u00a0 \u00a0 \u00a0 \u00a0 INCO160<\/td>\n<td style=\"text-align: center;\">40mm x 18mm<\/td>\n<\/tr>\n<tr>\n<td>INTU FR <strong>COLLAR 200 <\/strong><\/td>\n<td style=\"text-align: center;\">\u00a0 \u00a0 \u00a0 \u00a0 \u00a0 INCO200<\/td>\n<td style=\"text-align: center;\">60mm x 20mm<\/td>\n<\/tr>\n<tr>\n<td>INTU FR <strong>COLLAR 250 <\/strong><\/td>\n<td style=\"text-align: center;\">\u00a0 \u00a0 \u00a0 \u00a0 \u00a0 INCO250<\/td>\n<td style=\"text-align: center;\">150mm x 30mm<\/td>\n<\/tr>\n<tr>\n<td>INTU FR <strong>COLLAR 315<\/strong><\/td>\n<td style=\"text-align: center;\">\u00a0 \u00a0 \u00a0 \u00a0 \u00a0 INCO315<\/td>\n<td style=\"text-align: center;\">150mm x 30mm<\/td>\n<\/tr>\n<\/tbody>\n<\/table>\n[\/vc_column_text][\/vc_column][\/vc_row][vc_row css=\u00bb.vc_custom_1597657367142{margin-top: 50px !important;}\u00bb][vc_column][mk_padding_divider size=\u00bb30&#8243; visibility=\u00bbvisible-sm\u00bb][mk_fancy_title color=\u00bb#999999&#8243; size=\u00bb40&#8243; font_weight=\u00bb200&#8243; txt_transform=\u00bbuppercase\u00bb margin_bottom=\u00bb5&#8243; font_family=\u00bbnone\u00bb align=\u00bbcenter\u00bb]PRODUCTOS <strong>SIMILARES<\/strong>[\/mk_fancy_title][mk_divider style=\u00bbthin_solid\u00bb divider_width=\u00bbcustom_width\u00bb custom_width=\u00bb80&#8243; thin_single_color=\u00bb#fe6600&#8243; thickness=\u00bb4&#8243; margin_top=\u00bb0&#8243; margin_bottom=\u00bb40&#8243;][\/vc_column][\/vc_row][vc_row css=\u00bb.vc_custom_1597657373867{margin-top: 50px !important;}\u00bb][vc_column width=\u00bb1\/4&#8243;][mk_image src=\u00bbhttps:\/\/cortartec.net\/wp-content\/uploads\/2021\/10\/intumescentes-corta-fogo.jpg\u00bb image_width=\u00bb300&#8243; image_height=\u00bb225&#8243; link=\u00bbhttps:\/\/cortartec.net\/es\/productos\/sistema-cortafuego\/bandas-intumescentes\/\u00bb align=\u00bbcenter\u00bb margin_bottom=\u00bb20&#8243;][mk_fancy_title color=\u00bb#fe6600&#8243; size=\u00bb25&#8243; font_weight=\u00bbbold\u00bb txt_transform=\u00bbuppercase\u00bb margin_bottom=\u00bb0&#8243; font_family=\u00bbnone\u00bb]<span style=\"color: #ff6600;\"><a style=\"color: #ff6600;\" href=\"https:\/\/cortartec.net\/es\/productos\/sistema-cortafuego\/bandas-intumescentes\/\">Bandas intumescentes<\/a><\/span>[\/mk_fancy_title][mk_padding_divider size=\u00bb30&#8243; visibility=\u00bbvisible-sm\u00bb][\/vc_column][vc_column width=\u00bb1\/4&#8243;][mk_image src=\u00bbhttps:\/\/cortartec.net\/wp-content\/uploads\/2020\/03\/imagem116.jpg\u00bb image_width=\u00bb300&#8243; image_height=\u00bb225&#8243; link=\u00bbhttps:\/\/cortartec.net\/es\/productos\/juntas-de-dilatacion\/placas-cortafuego\/\u00bb align=\u00bbcenter\u00bb margin_bottom=\u00bb20&#8243;][mk_fancy_title color=\u00bb#fe6600&#8243; size=\u00bb25&#8243; font_weight=\u00bbbold\u00bb txt_transform=\u00bbuppercase\u00bb margin_bottom=\u00bb0&#8243; font_family=\u00bbnone\u00bb]PLACAS LINEAFEU[\/mk_fancy_title][mk_padding_divider size=\u00bb30&#8243; visibility=\u00bbvisible-sm\u00bb][\/vc_column][vc_column width=\u00bb1\/4&#8243;][mk_image src=\u00bbhttps:\/\/cortartec.net\/wp-content\/uploads\/2020\/03\/imagem112.jpg\u00bb image_width=\u00bb300&#8243; image_height=\u00bb225&#8243; link=\u00bbhttps:\/\/cortartec.net\/es\/productos\/juntas-de-dilatacion\/capas-cortafuegos\/\u00bb align=\u00bbcenter\u00bb margin_bottom=\u00bb20&#8243;][mk_fancy_title color=\u00bb#fe6600&#8243; size=\u00bb25&#8243; font_weight=\u00bbbold\u00bb txt_transform=\u00bbuppercase\u00bb margin_bottom=\u00bb0&#8243; font_family=\u00bbnone\u00bb]Capas VEDAFEU M[\/mk_fancy_title][mk_padding_divider size=\u00bb30&#8243; visibility=\u00bbvisible-sm\u00bb][\/vc_column][vc_column width=\u00bb1\/4&#8243;][mk_image src=\u00bbhttps:\/\/cortartec.net\/wp-content\/uploads\/2020\/03\/imagem115.jpg\u00bb image_width=\u00bb300&#8243; image_height=\u00bb225&#8243; link=\u00bbhttps:\/\/cortartec.net\/es\/productos\/juntas-de-dilatacion\/capa-cortafuegos\/\u00bb align=\u00bbcenter\u00bb margin_bottom=\u00bb20&#8243;][mk_fancy_title color=\u00bb#fe6600&#8243; size=\u00bb25&#8243; font_weight=\u00bbbold\u00bb txt_transform=\u00bbuppercase\u00bb margin_bottom=\u00bb0&#8243; font_family=\u00bbnone\u00bb]capas VEDAFEU N[\/mk_fancy_title][\/vc_column][\/vc_row][vc_row fullwidth=\u00bbtrue\u00bb fullwidth_content=\u00bbfalse\u00bb css=\u00bb.vc_custom_1597657381144{margin-top: 50px !important;background-color: #fe6600 !important;}\u00bb][vc_column][mk_padding_divider size=\u00bb30&#8243;][vc_row_inner][vc_column_inner width=\u00bb2\/3&#8243;][mk_padding_divider size=\u00bb10&#8243;][mk_fancy_title tag_name=\u00bbh5&#8243; color=\u00bb#ffffff\u00bb size=\u00bb26&#8243; font_weight=\u00bb400&#8243; txt_transform=\u00bbnone\u00bb font_family=\u00bbOpen+Sans\u00bb font_type=\u00bbgoogle\u00bb]Tienes preguntas? Estamos aqu\u00ed para ayudarte![\/mk_fancy_title][\/vc_column_inner][vc_column_inner width=\u00bb1\/3&#8243;][mk_button dimension=\u00bbflat\u00bb corner_style=\u00bbrounded\u00bb size=\u00bblarge\u00bb url=\u00bbhttps:\/\/cortartec.net\/es\/contactos\/\u00bb align=\u00bbright\u00bb margin_right=\u00bb0&#8243; el_class=\u00bbmrightButton\u00bb bg_color=\u00bb#f0f0f0&#8243; btn_hover_bg=\u00bb#ffffff\u00bb text_color=\u00bbdark\u00bb btn_hover_txt_color=\u00bb#fe6600&#8243;]CONT\u00c1CTANOS[\/mk_button][\/vc_column_inner][\/vc_row_inner][\/vc_column][\/vc_row]\n","protected":false},"excerpt":{"rendered":"<p>[vc_row css=\u00bb.vc_custom_1597657325473{margin-top: 50px !important;}\u00bb][vc_column][mk_image src=\u00bbhttps:\/\/cortartec.net\/wp-content\/uploads\/2021\/10\/colares_corta_fogo_1_ce_500.jpg\u00bb image_width=\u00bb350&#8243; align=\u00bbcenter\u00bb][\/vc_column][\/vc_row][vc_row css=\u00bb.vc_custom_1597657331615{margin-top: 50px !important;}\u00bb][vc_column][vc_tabs responsive=\u00bbfalse\u00bb container_bg_color=\u00bb\u00bb][vc_tab title=\u00bbDetalles\u00bb tab_id=\u00bb1566866031-1-40&#8243;][vc_column_text disable_pattern=\u00bbfalse\u00bb css=\u00bb.vc_custom_1634748959111{margin-bottom: 0px !important;}\u00bb]El collar de contenci\u00f3n INTU FR COLLAR consiste en un inserto flexible hecho de un material a base de grafito que se hincha bajo la influencia de temperaturas superiores a 140 \u00b0 C y una carcasa exterior hecha [&hellip;]<\/p>\n","protected":false},"author":6,"featured_media":0,"parent":10015,"menu_order":0,"comment_status":"closed","ping_status":"closed","template":"","meta":[],"yoast_head":"<!-- This site is optimized with the Yoast SEO plugin v19.4 - https:\/\/yoast.com\/wordpress\/plugins\/seo\/ -->\n<title>collar cortafuego - Cortartec<\/title>\n<meta name=\"robots\" content=\"index, follow, max-snippet:-1, max-image-preview:large, max-video-preview:-1\" \/>\n<link rel=\"canonical\" href=\"https:\/\/cortartec.net\/es\/productos\/sistema-cortafuego\/collar-cortafuego\/\" \/>\n<meta property=\"og:locale\" content=\"es_ES\" \/>\n<meta property=\"og:type\" content=\"article\" \/>\n<meta property=\"og:title\" content=\"collar cortafuego - Cortartec\" \/>\n<meta property=\"og:description\" content=\"[vc_row css=\u00bb.vc_custom_1597657325473{margin-top: 50px !important;}\u00bb][vc_column][mk_image src=\u00bbhttps:\/\/cortartec.net\/wp-content\/uploads\/2021\/10\/colares_corta_fogo_1_ce_500.jpg\u00bb image_width=\u00bb350&#8243; align=\u00bbcenter\u00bb][\/vc_column][\/vc_row][vc_row css=\u00bb.vc_custom_1597657331615{margin-top: 50px !important;}\u00bb][vc_column][vc_tabs responsive=\u00bbfalse\u00bb container_bg_color=\u00bb\u00bb][vc_tab title=\u00bbDetalles\u00bb tab_id=\u00bb1566866031-1-40&#8243;][vc_column_text disable_pattern=\u00bbfalse\u00bb css=\u00bb.vc_custom_1634748959111{margin-bottom: 0px !important;}\u00bb]El collar de contenci\u00f3n INTU FR COLLAR consiste en un inserto flexible hecho de un material a base de grafito que se hincha bajo la influencia de temperaturas superiores a 140 \u00b0 C y una carcasa exterior hecha [&hellip;]\" \/>\n<meta property=\"og:url\" content=\"https:\/\/cortartec.net\/es\/productos\/sistema-cortafuego\/collar-cortafuego\/\" \/>\n<meta property=\"og:site_name\" content=\"Cortartec\" \/>\n<meta property=\"article:publisher\" content=\"https:\/\/facebook.com\/cortartec\" \/>\n<meta property=\"article:modified_time\" content=\"2021-10-20T17:00:32+00:00\" \/>\n<meta name=\"twitter:card\" content=\"summary_large_image\" \/>\n<meta name=\"twitter:site\" content=\"@cortartec\" \/>\n<meta name=\"twitter:label1\" content=\"Tiempo de lectura\" \/>\n\t<meta name=\"twitter:data1\" content=\"5 minutos\" \/>\n<script type=\"application\/ld+json\" class=\"yoast-schema-graph\">{\"@context\":\"https:\/\/schema.org\",\"@graph\":[{\"@type\":\"Organization\",\"@id\":\"https:\/\/cortartec.net\/fr\/#organization\",\"name\":\"Cortartec\",\"url\":\"https:\/\/cortartec.net\/fr\/\",\"sameAs\":[\"https:\/\/instagram.com\/cortartec\",\"https:\/\/za.linkedin.com\/company\/cortartec?trk=recent-update_see-all\",\"https:\/\/pinterest.com\/cortartec\",\"https:\/\/youtube.com\/user\/cortartec\",\"https:\/\/facebook.com\/cortartec\",\"https:\/\/twitter.com\/cortartec\"],\"logo\":{\"@type\":\"ImageObject\",\"inLanguage\":\"es\",\"@id\":\"https:\/\/cortartec.net\/fr\/#\/schema\/logo\/image\/\",\"url\":\"https:\/\/cortartec.net\/wp-content\/uploads\/2019\/08\/logo.png\",\"contentUrl\":\"https:\/\/cortartec.net\/wp-content\/uploads\/2019\/08\/logo.png\",\"width\":400,\"height\":100,\"caption\":\"Cortartec\"},\"image\":{\"@id\":\"https:\/\/cortartec.net\/fr\/#\/schema\/logo\/image\/\"}},{\"@type\":\"WebSite\",\"@id\":\"https:\/\/cortartec.net\/fr\/#website\",\"url\":\"https:\/\/cortartec.net\/fr\/\",\"name\":\"Cortartec\",\"description\":\"\",\"publisher\":{\"@id\":\"https:\/\/cortartec.net\/fr\/#organization\"},\"potentialAction\":[{\"@type\":\"SearchAction\",\"target\":{\"@type\":\"EntryPoint\",\"urlTemplate\":\"https:\/\/cortartec.net\/fr\/?s={search_term_string}\"},\"query-input\":\"required name=search_term_string\"}],\"inLanguage\":\"es\"},{\"@type\":\"WebPage\",\"@id\":\"https:\/\/cortartec.net\/es\/productos\/sistema-cortafuego\/collar-cortafuego\/\",\"url\":\"https:\/\/cortartec.net\/es\/productos\/sistema-cortafuego\/collar-cortafuego\/\",\"name\":\"collar cortafuego - Cortartec\",\"isPartOf\":{\"@id\":\"https:\/\/cortartec.net\/fr\/#website\"},\"datePublished\":\"2020-03-13T12:23:59+00:00\",\"dateModified\":\"2021-10-20T17:00:32+00:00\",\"breadcrumb\":{\"@id\":\"https:\/\/cortartec.net\/es\/productos\/sistema-cortafuego\/collar-cortafuego\/#breadcrumb\"},\"inLanguage\":\"es\",\"potentialAction\":[{\"@type\":\"ReadAction\",\"target\":[\"https:\/\/cortartec.net\/es\/productos\/sistema-cortafuego\/collar-cortafuego\/\"]}]},{\"@type\":\"BreadcrumbList\",\"@id\":\"https:\/\/cortartec.net\/es\/productos\/sistema-cortafuego\/collar-cortafuego\/#breadcrumb\",\"itemListElement\":[{\"@type\":\"ListItem\",\"position\":1,\"name\":\"In\u00edcio\",\"item\":\"https:\/\/cortartec.net\/es\/\"},{\"@type\":\"ListItem\",\"position\":2,\"name\":\"Productos\",\"item\":\"https:\/\/cortartec.net\/es\/productos\/\"},{\"@type\":\"ListItem\",\"position\":3,\"name\":\"Sistemas cortafuego\",\"item\":\"https:\/\/cortartec.net\/es\/productos\/sistema-cortafuego\/\"},{\"@type\":\"ListItem\",\"position\":4,\"name\":\"collar cortafuego\"}]}]}<\/script>\n<!-- \/ Yoast SEO plugin. -->","yoast_head_json":{"title":"collar cortafuego - Cortartec","robots":{"index":"index","follow":"follow","max-snippet":"max-snippet:-1","max-image-preview":"max-image-preview:large","max-video-preview":"max-video-preview:-1"},"canonical":"https:\/\/cortartec.net\/es\/productos\/sistema-cortafuego\/collar-cortafuego\/","og_locale":"es_ES","og_type":"article","og_title":"collar cortafuego - Cortartec","og_description":"[vc_row css=\u00bb.vc_custom_1597657325473{margin-top: 50px !important;}\u00bb][vc_column][mk_image src=\u00bbhttps:\/\/cortartec.net\/wp-content\/uploads\/2021\/10\/colares_corta_fogo_1_ce_500.jpg\u00bb image_width=\u00bb350&#8243; align=\u00bbcenter\u00bb][\/vc_column][\/vc_row][vc_row css=\u00bb.vc_custom_1597657331615{margin-top: 50px !important;}\u00bb][vc_column][vc_tabs responsive=\u00bbfalse\u00bb container_bg_color=\u00bb\u00bb][vc_tab title=\u00bbDetalles\u00bb tab_id=\u00bb1566866031-1-40&#8243;][vc_column_text disable_pattern=\u00bbfalse\u00bb css=\u00bb.vc_custom_1634748959111{margin-bottom: 0px !important;}\u00bb]El collar de contenci\u00f3n INTU FR COLLAR consiste en un inserto flexible hecho de un material a base de grafito que se hincha bajo la influencia de temperaturas superiores a 140 \u00b0 C y una carcasa exterior hecha [&hellip;]","og_url":"https:\/\/cortartec.net\/es\/productos\/sistema-cortafuego\/collar-cortafuego\/","og_site_name":"Cortartec","article_publisher":"https:\/\/facebook.com\/cortartec","article_modified_time":"2021-10-20T17:00:32+00:00","twitter_card":"summary_large_image","twitter_site":"@cortartec","twitter_misc":{"Tiempo de lectura":"5 minutos"},"schema":{"@context":"https:\/\/schema.org","@graph":[{"@type":"Organization","@id":"https:\/\/cortartec.net\/fr\/#organization","name":"Cortartec","url":"https:\/\/cortartec.net\/fr\/","sameAs":["https:\/\/instagram.com\/cortartec","https:\/\/za.linkedin.com\/company\/cortartec?trk=recent-update_see-all","https:\/\/pinterest.com\/cortartec","https:\/\/youtube.com\/user\/cortartec","https:\/\/facebook.com\/cortartec","https:\/\/twitter.com\/cortartec"],"logo":{"@type":"ImageObject","inLanguage":"es","@id":"https:\/\/cortartec.net\/fr\/#\/schema\/logo\/image\/","url":"https:\/\/cortartec.net\/wp-content\/uploads\/2019\/08\/logo.png","contentUrl":"https:\/\/cortartec.net\/wp-content\/uploads\/2019\/08\/logo.png","width":400,"height":100,"caption":"Cortartec"},"image":{"@id":"https:\/\/cortartec.net\/fr\/#\/schema\/logo\/image\/"}},{"@type":"WebSite","@id":"https:\/\/cortartec.net\/fr\/#website","url":"https:\/\/cortartec.net\/fr\/","name":"Cortartec","description":"","publisher":{"@id":"https:\/\/cortartec.net\/fr\/#organization"},"potentialAction":[{"@type":"SearchAction","target":{"@type":"EntryPoint","urlTemplate":"https:\/\/cortartec.net\/fr\/?s={search_term_string}"},"query-input":"required name=search_term_string"}],"inLanguage":"es"},{"@type":"WebPage","@id":"https:\/\/cortartec.net\/es\/productos\/sistema-cortafuego\/collar-cortafuego\/","url":"https:\/\/cortartec.net\/es\/productos\/sistema-cortafuego\/collar-cortafuego\/","name":"collar cortafuego - Cortartec","isPartOf":{"@id":"https:\/\/cortartec.net\/fr\/#website"},"datePublished":"2020-03-13T12:23:59+00:00","dateModified":"2021-10-20T17:00:32+00:00","breadcrumb":{"@id":"https:\/\/cortartec.net\/es\/productos\/sistema-cortafuego\/collar-cortafuego\/#breadcrumb"},"inLanguage":"es","potentialAction":[{"@type":"ReadAction","target":["https:\/\/cortartec.net\/es\/productos\/sistema-cortafuego\/collar-cortafuego\/"]}]},{"@type":"BreadcrumbList","@id":"https:\/\/cortartec.net\/es\/productos\/sistema-cortafuego\/collar-cortafuego\/#breadcrumb","itemListElement":[{"@type":"ListItem","position":1,"name":"In\u00edcio","item":"https:\/\/cortartec.net\/es\/"},{"@type":"ListItem","position":2,"name":"Productos","item":"https:\/\/cortartec.net\/es\/productos\/"},{"@type":"ListItem","position":3,"name":"Sistemas cortafuego","item":"https:\/\/cortartec.net\/es\/productos\/sistema-cortafuego\/"},{"@type":"ListItem","position":4,"name":"collar cortafuego"}]}]}},"_links":{"self":[{"href":"https:\/\/cortartec.net\/es\/wp-json\/wp\/v2\/pages\/11464"}],"collection":[{"href":"https:\/\/cortartec.net\/es\/wp-json\/wp\/v2\/pages"}],"about":[{"href":"https:\/\/cortartec.net\/es\/wp-json\/wp\/v2\/types\/page"}],"author":[{"embeddable":true,"href":"https:\/\/cortartec.net\/es\/wp-json\/wp\/v2\/users\/6"}],"replies":[{"embeddable":true,"href":"https:\/\/cortartec.net\/es\/wp-json\/wp\/v2\/comments?post=11464"}],"version-history":[{"count":5,"href":"https:\/\/cortartec.net\/es\/wp-json\/wp\/v2\/pages\/11464\/revisions"}],"predecessor-version":[{"id":11497,"href":"https:\/\/cortartec.net\/es\/wp-json\/wp\/v2\/pages\/11464\/revisions\/11497"}],"up":[{"embeddable":true,"href":"https:\/\/cortartec.net\/es\/wp-json\/wp\/v2\/pages\/10015"}],"wp:attachment":[{"href":"https:\/\/cortartec.net\/es\/wp-json\/wp\/v2\/media?parent=11464"}],"curies":[{"name":"wp","href":"https:\/\/api.w.org\/{rel}","templated":true}]}}