{"id":2345,"date":"2020-01-14T11:03:10","date_gmt":"2020-01-14T11:03:10","guid":{"rendered":"https:\/\/cortartec.net\/?page_id=2345"},"modified":"2025-10-01T10:27:44","modified_gmt":"2025-10-01T10:27:44","slug":"contactos","status":"publish","type":"page","link":"https:\/\/cortartec.net\/es\/contactos\/","title":{"rendered":"Contactos"},"content":{"rendered":"[mk_page_section bg_image=\u00bbhttps:\/\/cortartec.net\/wp-content\/uploads\/2015\/12\/slider2.jpg\u00bb bg_color=\u00bb#fe6600&#8243; blend_mode=\u00bbluminosity\u00bb bg_position=\u00bbcenter top\u00bb bg_repeat=\u00bbno-repeat\u00bb bg_stretch=\u00bbtrue\u00bb enable_3d=\u00bbtrue\u00bb speed_factor=\u00bb0.6&#8243; bg_gradient=\u00bbleft_bottom\u00bb video_color_mask=\u00bb#fbb857&#8243; gr_end=\u00bb#fe6600&#8243; video_opacity=\u00bb0.8&#8243; min_height=\u00bb0&#8243; full_width=\u00bbtrue\u00bb padding_top=\u00bb100&#8243; padding_bottom=\u00bb100&#8243; sidebar=\u00bbsidebar-1&#8243;][vc_column][mk_fancy_title color=\u00bb#ffffff\u00bb size=\u00bb48&#8243; font_weight=\u00bbbold\u00bb margin_bottom=\u00bb0&#8243; font_family=\u00bbnone\u00bb align=\u00bbcenter\u00bb]<span style=\"color: #ffffff;\">CONTACTOS[\/mk_fancy_title][\/vc_column][\/mk_page_section][vc_row][vc_column width=\u00bb1\/4&#8243;][\/vc_column][vc_column width=\u00bb1\/2&#8243;][mk_padding_divider size=\u00bb80&#8243;][mk_fancy_title color=\u00bb#999999&#8243; size=\u00bb40&#8243; font_weight=\u00bb200&#8243; txt_transform=\u00bbuppercase\u00bb margin_bottom=\u00bb5&#8243; font_family=\u00bbnone\u00bb align=\u00bbcenter\u00bb]ENVIANOS UN <strong>MENSAJE<\/strong>[\/mk_fancy_title][mk_divider style=\u00bbthin_solid\u00bb divider_width=\u00bbcustom_width\u00bb custom_width=\u00bb80&#8243; thin_single_color=\u00bb#fe6600&#8243; thickness=\u00bb4&#8243; margin_top=\u00bb0&#8243; margin_bottom=\u00bb40&#8243;]<div role=\"form\" class=\"wpcf7\" id=\"wpcf7-f7381-o1\" lang=\"pt-PT\" dir=\"ltr\">\n<div class=\"screen-reader-response\"><p role=\"status\" aria-live=\"polite\" aria-atomic=\"true\"><\/p> <ul><\/ul><\/div>\n<form action=\"\/es\/wp-json\/wp\/v2\/pages\/2345#wpcf7-f7381-o1\" method=\"post\" class=\"wpcf7-form init\" novalidate=\"novalidate\" data-status=\"init\">\n<div style=\"display: none;\">\n<input type=\"hidden\" name=\"_wpcf7\" value=\"7381\" \/>\n<input type=\"hidden\" name=\"_wpcf7_version\" value=\"5.4.2\" \/>\n<input type=\"hidden\" name=\"_wpcf7_locale\" value=\"pt_PT\" \/>\n<input type=\"hidden\" name=\"_wpcf7_unit_tag\" value=\"wpcf7-f7381-o1\" \/>\n<input type=\"hidden\" name=\"_wpcf7_container_post\" value=\"0\" \/>\n<input type=\"hidden\" name=\"_wpcf7_posted_data_hash\" value=\"\" \/>\n<\/div>\n<p><span class=\"wpcf7-form-control-wrap nome\"><input type=\"text\" name=\"nome\" value=\"\" size=\"40\" class=\"wpcf7-form-control wpcf7-text wpcf7-validates-as-required\" aria-required=\"true\" aria-invalid=\"false\" placeholder=\"Nombre\" \/><\/span><\/p>\n<p><span class=\"wpcf7-form-control-wrap email\"><input type=\"email\" name=\"email\" value=\"\" size=\"40\" class=\"wpcf7-form-control wpcf7-text wpcf7-email wpcf7-validates-as-required wpcf7-validates-as-email\" aria-required=\"true\" aria-invalid=\"false\" placeholder=\"Email\" \/><\/span><\/p>\n<p><span class=\"wpcf7-form-control-wrap telefone\"><input type=\"tel\" name=\"telefone\" value=\"\" size=\"40\" class=\"wpcf7-form-control wpcf7-text wpcf7-tel wpcf7-validates-as-tel\" aria-invalid=\"false\" placeholder=\"Tel\u00e9fono\" \/><\/span><\/p>\n<p><span class=\"wpcf7-form-control-wrap assunto\"><input type=\"text\" name=\"assunto\" value=\"\" size=\"40\" class=\"wpcf7-form-control wpcf7-text wpcf7-validates-as-required\" aria-required=\"true\" aria-invalid=\"false\" placeholder=\"Tema\" \/><\/span><\/p>\n<p><span class=\"wpcf7-form-control-wrap mensagem\"><textarea name=\"mensagem\" cols=\"40\" rows=\"10\" class=\"wpcf7-form-control wpcf7-textarea wpcf7-validates-as-required\" aria-required=\"true\" aria-invalid=\"false\" placeholder=\"Mensaje\"><\/textarea><\/span><\/p>\n<p><span class=\"wpcf7-form-control-wrap rgpd\"><span class=\"wpcf7-form-control wpcf7-acceptance\"><span class=\"wpcf7-list-item\"><label><input type=\"checkbox\" name=\"rgpd\" value=\"1\" aria-invalid=\"false\" \/><span class=\"wpcf7-list-item-label\">Doy mi consentimiento para que Cortartec conserve mis datos contenidos en este formulario por tiempo indefinido hasta la finalizaci\u00f3n de esta solicitud de contacto.<\/span><\/label><\/span><\/span><\/span><\/p>\n<p><input type=\"submit\" value=\"Enviar\" class=\"wpcf7-form-control wpcf7-submit\" \/><\/p>\n<p style=\"display: none !important;\" class=\"akismet-fields-container\" data-prefix=\"_wpcf7_ak_\"><label>&#916;<textarea name=\"_wpcf7_ak_hp_textarea\" cols=\"45\" rows=\"8\" maxlength=\"100\"><\/textarea><\/label><input type=\"hidden\" id=\"ak_js_1\" name=\"_wpcf7_ak_js\" value=\"205\"\/><script>document.getElementById( \"ak_js_1\" ).setAttribute( \"value\", ( new Date() ).getTime() );<\/script><\/p><div class=\"wpcf7-response-output\" aria-hidden=\"true\"><\/div><\/form><\/div>[mk_padding_divider size=\u00bb30&#8243;][\/vc_column][vc_column width=\u00bb1\/4&#8243;][\/vc_column][\/vc_row][vc_row][vc_column][mk_divider style=\u00bbthin_solid\u00bb margin_top=\u00bb0&#8243;][mk_padding_divider size=\u00bb60&#8243;][mk_fancy_title color=\u00bb#999999&#8243; size=\u00bb40&#8243; font_weight=\u00bb200&#8243; txt_transform=\u00bbuppercase\u00bb margin_bottom=\u00bb5&#8243; font_family=\u00bbnone\u00bb align=\u00bbcenter\u00bb]NUESTRAS <strong>OFICINAS<\/strong>[\/mk_fancy_title][mk_divider style=\u00bbthin_solid\u00bb divider_width=\u00bbcustom_width\u00bb custom_width=\u00bb80&#8243; thin_single_color=\u00bb#fe6600&#8243; thickness=\u00bb4&#8243; margin_top=\u00bb0&#8243; margin_bottom=\u00bb40&#8243;][\/vc_column][\/vc_row][vc_row][vc_column][mk_padding_divider size=\u00bb30&#8243;][\/vc_column][vc_column width=\u00bb1\/3&#8243;][mk_fancy_title tag_name=\u00bbh3&#8243; color=\u00bb#fe6600&#8243; size=\u00bb25&#8243; font_weight=\u00bbbold\u00bb txt_transform=\u00bbuppercase\u00bb margin_bottom=\u00bb5&#8243; font_family=\u00bbnone\u00bb]PORTUGAL[\/mk_fancy_title][mk_divider style=\u00bbthin_solid\u00bb divider_width=\u00bbcustom_width\u00bb custom_width=\u00bb59&#8243; align=\u00bbleft\u00bb thin_single_color=\u00bb#fbb857&#8243; thickness=\u00bb3&#8243; margin_top=\u00bb0&#8243;][mk_contact_info title=\u00bbOficinas\u00bb phone=\u00bb+351 219 824 133&#8243; email=\u00bbgeral@cortartec.net\u00bb address=\u00bbRua Casal dos Mortais, N\u00ba10 B 2625-692, Vialonga\u00bb][mk_contact_info title=\u00bbWhatsapp\u00bb phone=\u00bb+351 935512887&#8243;][mk_contact_info title=\u00bbAlmac\u00e9n\u00bb address=\u00bbRua Principal, Lote 4 1D &#8211; Casal dos Cucos 2680-130 Camarate\u00bb][mk_contact_info title=\u00bbProducci\u00f3n\u00bb address=\u00bbZona de Servi\u00e7os Pa\u00e7o dos Negros &#8211; Lote 11 e 11A, 2080-500 Fazendas de Almeirim\u00bb][\/vc_column][vc_column width=\u00bb1\/3&#8243;][mk_fancy_title color=\u00bb#fe6600&#8243; size=\u00bb25&#8243; font_weight=\u00bbbold\u00bb txt_transform=\u00bbuppercase\u00bb margin_bottom=\u00bb5&#8243; font_family=\u00bbnone\u00bb]ESPA\u00d1A[\/mk_fancy_title][mk_divider style=\u00bbthin_solid\u00bb divider_width=\u00bbcustom_width\u00bb custom_width=\u00bb59&#8243; align=\u00bbleft\u00bb thin_single_color=\u00bb#fbb857&#8243; thickness=\u00bb3&#8243; margin_top=\u00bb0&#8243;][mk_contact_info title=\u00bbMadrid\u00bb phone=\u00bb(+34) 912 000 763&#8243; address=\u00bbC\/ Juan Bravo 3-A 28006 &#8211; Madrid \u00ab][mk_contact_info phone=\u00bb(+34) 605 543 543&#8243; email=\u00bbinfo@cortartec.es\u00bb][mk_contact_info title=\u00bbWhatsapp\u00bb phone=\u00bb+34 608364317&#8243;][mk_contact_info title=\u00bbSevilla\u00bb phone=\u00bb(+34) 954 369 329&#8243; email=\u00bbinfo@cortartec.es\u00bb address=\u00bbP. Aviador Ruiz de Alda 11, 41004 Sevilla\u00bb][\/vc_column][vc_column width=\u00bb1\/3&#8243;][mk_fancy_title color=\u00bb#fe6600&#8243; size=\u00bb25&#8243; font_weight=\u00bbbold\u00bb txt_transform=\u00bbuppercase\u00bb margin_bottom=\u00bb5&#8243; font_family=\u00bbnone\u00bb]FRANCIA[\/mk_fancy_title][mk_divider style=\u00bbthin_solid\u00bb divider_width=\u00bbcustom_width\u00bb custom_width=\u00bb59&#8243; align=\u00bbleft\u00bb thin_single_color=\u00bb#fbb857&#8243; thickness=\u00bb3&#8243; margin_top=\u00bb0&#8243;][mk_contact_info title=\u00bbLyon\u00bb phone=\u00bb+33 975 181 167&#8243; email=\u00bbfrance@cortartec.net\u00bb][mk_fancy_title color=\u00bb#fe6600&#8243; size=\u00bb25&#8243; font_weight=\u00bbbold\u00bb txt_transform=\u00bbuppercase\u00bb margin_bottom=\u00bb5&#8243; font_family=\u00bbnone\u00bb]ANGOLA[\/mk_fancy_title][mk_divider style=\u00bbthin_solid\u00bb divider_width=\u00bbcustom_width\u00bb custom_width=\u00bb59&#8243; align=\u00bbleft\u00bb thin_single_color=\u00bb#fbb857&#8243; thickness=\u00bb3&#8243; margin_top=\u00bb0&#8243;][mk_contact_info phone=\u00bb+244 225 300 918&#8243; email=\u00bbangola@cortartec.net\u00bb][\/vc_column][\/vc_row][vc_row][vc_column][mk_padding_divider size=\u00bb60&#8243;][\/vc_column][vc_column width=\u00bb1\/3&#8243;][mk_fancy_title color=\u00bb#fe6600&#8243; size=\u00bb25&#8243; font_weight=\u00bbbold\u00bb txt_transform=\u00bbuppercase\u00bb margin_bottom=\u00bb5&#8243; font_family=\u00bbnone\u00bb]BRASIL[\/mk_fancy_title][mk_divider style=\u00bbthin_solid\u00bb divider_width=\u00bbcustom_width\u00bb custom_width=\u00bb59&#8243; align=\u00bbleft\u00bb thin_single_color=\u00bb#fbb857&#8243; thickness=\u00bb3&#8243; margin_top=\u00bb0&#8243;][mk_contact_info title=\u00bbRio de Janeiro\u00bb phone=\u00bb+55 213 900 756 6&#8243; email=\u00bbbrasil@cortartec.net\u00bb][mk_padding_divider size=\u00bb30&#8243;][mk_fancy_title color=\u00bb#fe6600&#8243; size=\u00bb25&#8243; font_weight=\u00bbbold\u00bb txt_transform=\u00bbuppercase\u00bb margin_bottom=\u00bb5&#8243; font_family=\u00bbnone\u00bb]ESTADOS UNIDOS[\/mk_fancy_title][mk_divider style=\u00bbthin_solid\u00bb divider_width=\u00bbcustom_width\u00bb custom_width=\u00bb59&#8243; align=\u00bbleft\u00bb thin_single_color=\u00bb#fbb857&#8243; thickness=\u00bb3&#8243; margin_top=\u00bb0&#8243;][mk_contact_info title=\u00bbDover, NH\u00bb email=\u00bbusa@cortartec.net\u00bb][\/vc_column][vc_column width=\u00bb1\/3&#8243;][mk_fancy_title color=\u00bb#fe6600&#8243; size=\u00bb25&#8243; font_weight=\u00bbbold\u00bb txt_transform=\u00bbuppercase\u00bb margin_bottom=\u00bb5&#8243; font_family=\u00bbnone\u00bb]VENEZUELA[\/mk_fancy_title][mk_divider style=\u00bbthin_solid\u00bb divider_width=\u00bbcustom_width\u00bb custom_width=\u00bb59&#8243; align=\u00bbleft\u00bb thin_single_color=\u00bb#fbb857&#8243; thickness=\u00bb3&#8243; margin_top=\u00bb0&#8243;][mk_contact_info title=\u00bbCaracas\u00bb email=\u00bbvenezuela@cortartec.net\u00bb][mk_padding_divider size=\u00bb30&#8243;][mk_fancy_title color=\u00bb#fe6600&#8243; size=\u00bb25&#8243; font_weight=\u00bbbold\u00bb txt_transform=\u00bbuppercase\u00bb margin_bottom=\u00bb5&#8243; font_family=\u00bbnone\u00bb]CHILE[\/mk_fancy_title][mk_divider style=\u00bbthin_solid\u00bb divider_width=\u00bbcustom_width\u00bb custom_width=\u00bb59&#8243; align=\u00bbleft\u00bb thin_single_color=\u00bb#fbb857&#8243; thickness=\u00bb3&#8243; margin_top=\u00bb0&#8243;][mk_contact_info title=\u00bbSantiago\u00bb phone=\u00bb+56 938 618 466&#8243; email=\u00bbchile@cortartec.net\u00bb][\/vc_column][vc_column width=\u00bb1\/3&#8243;][mk_fancy_title color=\u00bb#fe6600&#8243; size=\u00bb25&#8243; font_weight=\u00bbbold\u00bb txt_transform=\u00bbuppercase\u00bb margin_bottom=\u00bb5&#8243; font_family=\u00bbnone\u00bb]PER\u00da[\/mk_fancy_title][mk_divider style=\u00bbthin_solid\u00bb divider_width=\u00bbcustom_width\u00bb custom_width=\u00bb59&#8243; align=\u00bbleft\u00bb thin_single_color=\u00bb#fbb857&#8243; thickness=\u00bb3&#8243; margin_top=\u00bb0&#8243;][mk_contact_info title=\u00bbLima\u00bb email=\u00bbperu@cortartec.net\u00bb][mk_padding_divider size=\u00bb30&#8243;][mk_fancy_title color=\u00bb#fe6600&#8243; size=\u00bb25&#8243; font_weight=\u00bbbold\u00bb txt_transform=\u00bbuppercase\u00bb margin_bottom=\u00bb5&#8243; font_family=\u00bbnone\u00bb]ARGENTINA[\/mk_fancy_title][mk_divider style=\u00bbthin_solid\u00bb divider_width=\u00bbcustom_width\u00bb custom_width=\u00bb59&#8243; align=\u00bbleft\u00bb thin_single_color=\u00bb#fbb857&#8243; thickness=\u00bb3&#8243; margin_top=\u00bb0&#8243;][mk_contact_info phone=\u00bb+54 115 235 7034&#8243; email=\u00bbargentina@cortartec.net\u00bb][\/vc_column][\/vc_row][vc_row][vc_column][mk_padding_divider size=\u00bb60&#8243;][\/vc_column][vc_column width=\u00bb1\/3&#8243;][mk_fancy_title color=\u00bb#fe6600&#8243; size=\u00bb25&#8243; font_weight=\u00bbbold\u00bb txt_transform=\u00bbuppercase\u00bb margin_bottom=\u00bb5&#8243; font_family=\u00bbnone\u00bb]CANAD\u00c1[\/mk_fancy_title][mk_divider style=\u00bbthin_solid\u00bb divider_width=\u00bbcustom_width\u00bb custom_width=\u00bb59&#8243; align=\u00bbleft\u00bb thin_single_color=\u00bb#fbb857&#8243; thickness=\u00bb3&#8243; margin_top=\u00bb0&#8243;][mk_contact_info phone=\u00bb+1 437 8861260&#8243;][mk_fancy_title color=\u00bb#fe6600&#8243; size=\u00bb25&#8243; font_weight=\u00bbbold\u00bb txt_transform=\u00bbuppercase\u00bb margin_bottom=\u00bb5&#8243; font_family=\u00bbnone\u00bb]PANAM\u00c1[\/mk_fancy_title][mk_divider style=\u00bbthin_solid\u00bb divider_width=\u00bbcustom_width\u00bb custom_width=\u00bb59&#8243; align=\u00bbleft\u00bb thin_single_color=\u00bb#fbb857&#8243; thickness=\u00bb3&#8243; margin_top=\u00bb0&#8243;][mk_contact_info phone=\u00bb+50 783 388 55&#8243;][\/vc_column][vc_column width=\u00bb1\/3&#8243;][mk_fancy_title color=\u00bb#fe6600&#8243; size=\u00bb25&#8243; font_weight=\u00bbbold\u00bb txt_transform=\u00bbuppercase\u00bb margin_bottom=\u00bb5&#8243; font_family=\u00bbnone\u00bb]ARGELIA[\/mk_fancy_title][mk_divider style=\u00bbthin_solid\u00bb divider_width=\u00bbcustom_width\u00bb custom_width=\u00bb59&#8243; align=\u00bbleft\u00bb thin_single_color=\u00bb#fbb857&#8243; thickness=\u00bb3&#8243; margin_top=\u00bb0&#8243;][mk_contact_info title=\u00bbAlgiers\u00bb email=\u00bbalgerie@cortartec.net\u00bb][\/vc_column][vc_column width=\u00bb1\/3&#8243;][mk_fancy_title color=\u00bb#fe6600&#8243; size=\u00bb25&#8243; font_weight=\u00bbbold\u00bb txt_transform=\u00bbuppercase\u00bb margin_bottom=\u00bb5&#8243; font_family=\u00bbnone\u00bb]Col\u00f4mbia[\/mk_fancy_title][mk_divider style=\u00bbthin_solid\u00bb divider_width=\u00bbcustom_width\u00bb custom_width=\u00bb59&#8243; align=\u00bbleft\u00bb thin_single_color=\u00bb#fbb857&#8243; thickness=\u00bb3&#8243; margin_top=\u00bb0&#8243;][mk_contact_info title=\u00bbBogot\u00e1\u00bb phone=\u00bb+57 604 431 0554&#8243; email=\u00bbcolombia@cortartec.net\u00bb][mk_fancy_title color=\u00bb#fe6600&#8243; size=\u00bb25&#8243; font_weight=\u00bbbold\u00bb txt_transform=\u00bbuppercase\u00bb margin_bottom=\u00bb5&#8243; font_family=\u00bbnone\u00bb]M\u00c9XICO[\/mk_fancy_title][mk_divider style=\u00bbthin_solid\u00bb divider_width=\u00bbcustom_width\u00bb custom_width=\u00bb59&#8243; align=\u00bbleft\u00bb thin_single_color=\u00bb#fbb857&#8243; thickness=\u00bb3&#8243; margin_top=\u00bb0&#8243;][mk_contact_info phone=\u00bb+522 229 688 044&#8243;][\/vc_column][\/vc_row][vc_row fullwidth=\u00bbtrue\u00bb][vc_column][mk_padding_divider size=\u00bb80&#8243;][\/vc_column][\/vc_row][vc_row][vc_column][vc_column_text]<\/span>[\/vc_column_text][\/vc_column][\/vc_row]\n","protected":false},"excerpt":{"rendered":"<p>[mk_page_section bg_image=\u00bbhttps:\/\/cortartec.net\/wp-content\/uploads\/2015\/12\/slider2.jpg\u00bb bg_color=\u00bb#fe6600&#8243; blend_mode=\u00bbluminosity\u00bb bg_position=\u00bbcenter top\u00bb bg_repeat=\u00bbno-repeat\u00bb bg_stretch=\u00bbtrue\u00bb enable_3d=\u00bbtrue\u00bb speed_factor=\u00bb0.6&#8243; bg_gradient=\u00bbleft_bottom\u00bb video_color_mask=\u00bb#fbb857&#8243; gr_end=\u00bb#fe6600&#8243; video_opacity=\u00bb0.8&#8243; min_height=\u00bb0&#8243; full_width=\u00bbtrue\u00bb padding_top=\u00bb100&#8243; padding_bottom=\u00bb100&#8243; sidebar=\u00bbsidebar-1&#8243;][vc_column][mk_fancy_title color=\u00bb#ffffff\u00bb size=\u00bb48&#8243; font_weight=\u00bbbold\u00bb margin_bottom=\u00bb0&#8243; font_family=\u00bbnone\u00bb align=\u00bbcenter\u00bb]CONTACTOS[\/mk_fancy_title][\/vc_column][\/mk_page_section][vc_row][vc_column width=\u00bb1\/4&#8243;][\/vc_column][vc_column width=\u00bb1\/2&#8243;][mk_padding_divider size=\u00bb80&#8243;][mk_fancy_title color=\u00bb#999999&#8243; size=\u00bb40&#8243; font_weight=\u00bb200&#8243; txt_transform=\u00bbuppercase\u00bb margin_bottom=\u00bb5&#8243; font_family=\u00bbnone\u00bb align=\u00bbcenter\u00bb]ENVIANOS UN MENSAJE[\/mk_fancy_title][mk_divider style=\u00bbthin_solid\u00bb divider_width=\u00bbcustom_width\u00bb custom_width=\u00bb80&#8243; thin_single_color=\u00bb#fe6600&#8243; thickness=\u00bb4&#8243; margin_top=\u00bb0&#8243; margin_bottom=\u00bb40&#8243;][mk_padding_divider size=\u00bb30&#8243;][\/vc_column][vc_column width=\u00bb1\/4&#8243;][\/vc_column][\/vc_row][vc_row][vc_column][mk_divider style=\u00bbthin_solid\u00bb margin_top=\u00bb0&#8243;][mk_padding_divider size=\u00bb60&#8243;][mk_fancy_title color=\u00bb#999999&#8243; size=\u00bb40&#8243; font_weight=\u00bb200&#8243; txt_transform=\u00bbuppercase\u00bb margin_bottom=\u00bb5&#8243; font_family=\u00bbnone\u00bb [&hellip;]<\/p>\n","protected":false},"author":6,"featured_media":0,"parent":0,"menu_order":0,"comment_status":"closed","ping_status":"closed","template":"","meta":[],"yoast_head":"<!-- This site is optimized with the Yoast SEO plugin v19.4 - https:\/\/yoast.com\/wordpress\/plugins\/seo\/ -->\n<title>Presupuestos y contactos de Cortertec, Madrid y Barcelona (Spain)<\/title>\n<meta name=\"description\" content=\"No dude en ponerse en contacto con nosotros para cualquier consulta, pregunta o para recibir m\u00e1s informaci\u00f3n. Complete el formulario para obtener nuestra cotizaci\u00f3n\" \/>\n<meta name=\"robots\" content=\"index, follow, max-snippet:-1, max-image-preview:large, max-video-preview:-1\" \/>\n<link rel=\"canonical\" href=\"https:\/\/cortartec.net\/es\/contactos\/\" \/>\n<meta property=\"og:locale\" content=\"es_ES\" \/>\n<meta property=\"og:type\" content=\"article\" \/>\n<meta property=\"og:title\" content=\"Presupuestos y contactos de Cortertec, Madrid y Barcelona (Spain)\" \/>\n<meta property=\"og:description\" content=\"No dude en ponerse en contacto con nosotros para cualquier consulta, pregunta o para recibir m\u00e1s informaci\u00f3n. Complete el formulario para obtener nuestra cotizaci\u00f3n\" \/>\n<meta property=\"og:url\" content=\"https:\/\/cortartec.net\/es\/contactos\/\" \/>\n<meta property=\"og:site_name\" content=\"Cortartec\" \/>\n<meta property=\"article:publisher\" content=\"https:\/\/facebook.com\/cortartec\" \/>\n<meta property=\"article:modified_time\" content=\"2025-10-01T10:27:44+00:00\" \/>\n<meta name=\"twitter:card\" content=\"summary_large_image\" \/>\n<meta name=\"twitter:site\" content=\"@cortartec\" \/>\n<meta name=\"twitter:label1\" content=\"Tiempo de lectura\" \/>\n\t<meta name=\"twitter:data1\" content=\"6 minutos\" \/>\n<script type=\"application\/ld+json\" class=\"yoast-schema-graph\">{\"@context\":\"https:\/\/schema.org\",\"@graph\":[{\"@type\":\"Organization\",\"@id\":\"https:\/\/cortartec.net\/fr\/#organization\",\"name\":\"Cortartec\",\"url\":\"https:\/\/cortartec.net\/fr\/\",\"sameAs\":[\"https:\/\/instagram.com\/cortartec\",\"https:\/\/za.linkedin.com\/company\/cortartec?trk=recent-update_see-all\",\"https:\/\/pinterest.com\/cortartec\",\"https:\/\/youtube.com\/user\/cortartec\",\"https:\/\/facebook.com\/cortartec\",\"https:\/\/twitter.com\/cortartec\"],\"logo\":{\"@type\":\"ImageObject\",\"inLanguage\":\"es\",\"@id\":\"https:\/\/cortartec.net\/fr\/#\/schema\/logo\/image\/\",\"url\":\"https:\/\/cortartec.net\/wp-content\/uploads\/2019\/08\/logo.png\",\"contentUrl\":\"https:\/\/cortartec.net\/wp-content\/uploads\/2019\/08\/logo.png\",\"width\":400,\"height\":100,\"caption\":\"Cortartec\"},\"image\":{\"@id\":\"https:\/\/cortartec.net\/fr\/#\/schema\/logo\/image\/\"}},{\"@type\":\"WebSite\",\"@id\":\"https:\/\/cortartec.net\/fr\/#website\",\"url\":\"https:\/\/cortartec.net\/fr\/\",\"name\":\"Cortartec\",\"description\":\"\",\"publisher\":{\"@id\":\"https:\/\/cortartec.net\/fr\/#organization\"},\"potentialAction\":[{\"@type\":\"SearchAction\",\"target\":{\"@type\":\"EntryPoint\",\"urlTemplate\":\"https:\/\/cortartec.net\/fr\/?s={search_term_string}\"},\"query-input\":\"required name=search_term_string\"}],\"inLanguage\":\"es\"},{\"@type\":\"WebPage\",\"@id\":\"https:\/\/cortartec.net\/es\/contactos\/\",\"url\":\"https:\/\/cortartec.net\/es\/contactos\/\",\"name\":\"Presupuestos y contactos de Cortertec, Madrid y Barcelona (Spain)\",\"isPartOf\":{\"@id\":\"https:\/\/cortartec.net\/fr\/#website\"},\"datePublished\":\"2020-01-14T11:03:10+00:00\",\"dateModified\":\"2025-10-01T10:27:44+00:00\",\"description\":\"No dude en ponerse en contacto con nosotros para cualquier consulta, pregunta o para recibir m\u00e1s informaci\u00f3n. Complete el formulario para obtener nuestra cotizaci\u00f3n\",\"breadcrumb\":{\"@id\":\"https:\/\/cortartec.net\/es\/contactos\/#breadcrumb\"},\"inLanguage\":\"es\",\"potentialAction\":[{\"@type\":\"ReadAction\",\"target\":[\"https:\/\/cortartec.net\/es\/contactos\/\"]}]},{\"@type\":\"BreadcrumbList\",\"@id\":\"https:\/\/cortartec.net\/es\/contactos\/#breadcrumb\",\"itemListElement\":[{\"@type\":\"ListItem\",\"position\":1,\"name\":\"In\u00edcio\",\"item\":\"https:\/\/cortartec.net\/es\/\"},{\"@type\":\"ListItem\",\"position\":2,\"name\":\"Contactos\"}]}]}<\/script>\n<!-- \/ Yoast SEO plugin. -->","yoast_head_json":{"title":"Presupuestos y contactos de Cortertec, Madrid y Barcelona (Spain)","description":"No dude en ponerse en contacto con nosotros para cualquier consulta, pregunta o para recibir m\u00e1s informaci\u00f3n. Complete el formulario para obtener nuestra cotizaci\u00f3n","robots":{"index":"index","follow":"follow","max-snippet":"max-snippet:-1","max-image-preview":"max-image-preview:large","max-video-preview":"max-video-preview:-1"},"canonical":"https:\/\/cortartec.net\/es\/contactos\/","og_locale":"es_ES","og_type":"article","og_title":"Presupuestos y contactos de Cortertec, Madrid y Barcelona (Spain)","og_description":"No dude en ponerse en contacto con nosotros para cualquier consulta, pregunta o para recibir m\u00e1s informaci\u00f3n. Complete el formulario para obtener nuestra cotizaci\u00f3n","og_url":"https:\/\/cortartec.net\/es\/contactos\/","og_site_name":"Cortartec","article_publisher":"https:\/\/facebook.com\/cortartec","article_modified_time":"2025-10-01T10:27:44+00:00","twitter_card":"summary_large_image","twitter_site":"@cortartec","twitter_misc":{"Tiempo de lectura":"6 minutos"},"schema":{"@context":"https:\/\/schema.org","@graph":[{"@type":"Organization","@id":"https:\/\/cortartec.net\/fr\/#organization","name":"Cortartec","url":"https:\/\/cortartec.net\/fr\/","sameAs":["https:\/\/instagram.com\/cortartec","https:\/\/za.linkedin.com\/company\/cortartec?trk=recent-update_see-all","https:\/\/pinterest.com\/cortartec","https:\/\/youtube.com\/user\/cortartec","https:\/\/facebook.com\/cortartec","https:\/\/twitter.com\/cortartec"],"logo":{"@type":"ImageObject","inLanguage":"es","@id":"https:\/\/cortartec.net\/fr\/#\/schema\/logo\/image\/","url":"https:\/\/cortartec.net\/wp-content\/uploads\/2019\/08\/logo.png","contentUrl":"https:\/\/cortartec.net\/wp-content\/uploads\/2019\/08\/logo.png","width":400,"height":100,"caption":"Cortartec"},"image":{"@id":"https:\/\/cortartec.net\/fr\/#\/schema\/logo\/image\/"}},{"@type":"WebSite","@id":"https:\/\/cortartec.net\/fr\/#website","url":"https:\/\/cortartec.net\/fr\/","name":"Cortartec","description":"","publisher":{"@id":"https:\/\/cortartec.net\/fr\/#organization"},"potentialAction":[{"@type":"SearchAction","target":{"@type":"EntryPoint","urlTemplate":"https:\/\/cortartec.net\/fr\/?s={search_term_string}"},"query-input":"required name=search_term_string"}],"inLanguage":"es"},{"@type":"WebPage","@id":"https:\/\/cortartec.net\/es\/contactos\/","url":"https:\/\/cortartec.net\/es\/contactos\/","name":"Presupuestos y contactos de Cortertec, Madrid y Barcelona (Spain)","isPartOf":{"@id":"https:\/\/cortartec.net\/fr\/#website"},"datePublished":"2020-01-14T11:03:10+00:00","dateModified":"2025-10-01T10:27:44+00:00","description":"No dude en ponerse en contacto con nosotros para cualquier consulta, pregunta o para recibir m\u00e1s informaci\u00f3n. Complete el formulario para obtener nuestra cotizaci\u00f3n","breadcrumb":{"@id":"https:\/\/cortartec.net\/es\/contactos\/#breadcrumb"},"inLanguage":"es","potentialAction":[{"@type":"ReadAction","target":["https:\/\/cortartec.net\/es\/contactos\/"]}]},{"@type":"BreadcrumbList","@id":"https:\/\/cortartec.net\/es\/contactos\/#breadcrumb","itemListElement":[{"@type":"ListItem","position":1,"name":"In\u00edcio","item":"https:\/\/cortartec.net\/es\/"},{"@type":"ListItem","position":2,"name":"Contactos"}]}]}},"_links":{"self":[{"href":"https:\/\/cortartec.net\/es\/wp-json\/wp\/v2\/pages\/2345"}],"collection":[{"href":"https:\/\/cortartec.net\/es\/wp-json\/wp\/v2\/pages"}],"about":[{"href":"https:\/\/cortartec.net\/es\/wp-json\/wp\/v2\/types\/page"}],"author":[{"embeddable":true,"href":"https:\/\/cortartec.net\/es\/wp-json\/wp\/v2\/users\/6"}],"replies":[{"embeddable":true,"href":"https:\/\/cortartec.net\/es\/wp-json\/wp\/v2\/comments?post=2345"}],"version-history":[{"count":5,"href":"https:\/\/cortartec.net\/es\/wp-json\/wp\/v2\/pages\/2345\/revisions"}],"predecessor-version":[{"id":15168,"href":"https:\/\/cortartec.net\/es\/wp-json\/wp\/v2\/pages\/2345\/revisions\/15168"}],"wp:attachment":[{"href":"https:\/\/cortartec.net\/es\/wp-json\/wp\/v2\/media?parent=2345"}],"curies":[{"name":"wp","href":"https:\/\/api.w.org\/{rel}","templated":true}]}}