{"id":2368,"date":"2020-01-14T16:34:36","date_gmt":"2020-01-14T16:34:36","guid":{"rendered":"https:\/\/cortartec.net\/?page_id=2368"},"modified":"2022-03-25T11:16:04","modified_gmt":"2022-03-25T11:16:04","slug":"homepage","status":"publish","type":"page","link":"https:\/\/cortartec.net\/es\/","title":{"rendered":"Inicio"},"content":{"rendered":"[mk_page_section bg_position=\u00bbcenter center\u00bb bg_repeat=\u00bbno-repeat\u00bb bg_stretch=\u00bbtrue\u00bb speed_factor=\u00bb0.6&#8243; video_color_mask=\u00bb#fe6600&#8243; min_height=\u00bb0&#8243; full_width=\u00bbtrue\u00bb padding_top=\u00bb0&#8243; padding_bottom=\u00bb0&#8243; sidebar=\u00bbsidebar-1&#8243;][vc_column][mk_edge_slider swiper_bg=\u00bb\u00bb order=\u00bbASC\u00bb full_height=\u00bbfalse\u00bb height=\u00bb450&#8243; animation_effect=\u00bbfade\u00bb animation_speed=\u00bb1000&#8243; slideshow_speed=\u00bb8000&#8243; direction_nav=\u00bbround\u00bb skip_arrow=\u00bbfalse\u00bb slides=\u00bb9527, 9536, 9541, 9544, 9547, 9551&#8243;][\/vc_column][\/mk_page_section][vc_row css=\u00bb.vc_custom_1601336343775{margin-top: 80px !important;}\u00bb][vc_column][mk_fancy_title color=\u00bb#999999&#8243; size=\u00bb40&#8243; font_weight=\u00bb200&#8243; txt_transform=\u00bbuppercase\u00bb margin_bottom=\u00bb5&#8243; font_family=\u00bbnone\u00bb align=\u00bbcenter\u00bb]NUESTROS <strong>PRODUCTOS<\/strong>[\/mk_fancy_title][mk_divider style=\u00bbthin_solid\u00bb divider_width=\u00bbcustom_width\u00bb custom_width=\u00bb80&#8243; thin_single_color=\u00bb#fe6600&#8243; thickness=\u00bb4&#8243; margin_top=\u00bb0&#8243; margin_bottom=\u00bb40&#8243;][vc_column_text disable_pattern=\u00bbfalse\u00bb align=\u00bbcenter\u00bb css=\u00bb.vc_custom_1579020008682{margin-bottom: 0px !important;}\u00bb]<span style=\"color: #555555; line-height: 30px; font-size: 16px;\">Explore las variadas soluciones que tenemos para usted. Comience selecionando la categoria de sistemas de construcci\u00f3n que desee.[\/vc_column_text][\/vc_column][\/vc_row][vc_row][vc_column][mk_padding_divider][\/vc_column][\/vc_row][vc_row][vc_column width=\u00bb1\/6&#8243;][mk_image src=\u00bbhttps:\/\/cortartec.net\/wp-content\/uploads\/2020\/01\/imagem3.png\u00bb image_width=\u00bb300&#8243; image_height=\u00bb225&#8243; link=\u00bbhttps:\/\/cortartec.net\/es\/productos\/juntas-de-dilatacion\/\u00bb align=\u00bbcenter\u00bb margin_bottom=\u00bb20&#8243;][mk_fancy_title color=\u00bb#fe6600&#8243; size=\u00bb25&#8243; font_weight=\u00bbbold\u00bb txt_transform=\u00bbuppercase\u00bb margin_bottom=\u00bb0&#8243; font_family=\u00bbnone\u00bb]<span style=\"color: #ff6600;\"><a style=\"color: #ff6600;\" href=\"https:\/\/cortartec.net\/es\/productos\/juntas-de-dilatacion\/\">JUNTAS DE DILATACI\u00d3N<\/a><\/span>[\/mk_fancy_title][mk_padding_divider size=\u00bb30&#8243; visibility=\u00bbvisible-sm\u00bb][\/vc_column][vc_column width=\u00bb1\/6&#8243;][mk_image src=\u00bbhttps:\/\/cortartec.net\/wp-content\/uploads\/2020\/01\/estrutura-2.jpg\u00bb image_width=\u00bb300&#8243; image_height=\u00bb225&#8243; link=\u00bbhttps:\/\/cortartec.net\/es\/productos\/estructuras\/\u00bb align=\u00bbcenter\u00bb margin_bottom=\u00bb20&#8243;][mk_fancy_title color=\u00bb#fe6600&#8243; size=\u00bb25&#8243; font_weight=\u00bbbold\u00bb txt_transform=\u00bbuppercase\u00bb margin_bottom=\u00bb0&#8243; font_family=\u00bbnone\u00bb]<\/span><\/p>\n<h3><span style=\"color: #ff6600;\"><a style=\"color: #ff6600;\" href=\"https:\/\/cortartec.net\/es\/productos\/estructuras\/\"><strong>ESTRUCTURAS<\/strong><\/a><\/span><\/h3>\n[\/mk_fancy_title][mk_padding_divider size=\u00bb30&#8243; visibility=\u00bbvisible-sm\u00bb][\/vc_column][vc_column width=\u00bb1\/6&#8243;][mk_image src=\u00bbhttps:\/\/cortartec.net\/wp-content\/uploads\/2021\/03\/imagem9.jpg\u00bb image_width=\u00bb300&#8243; image_height=\u00bb225&#8243; link=\u00bbhttps:\/\/cortartec.net\/es\/productos\/sistema-cortafuego\/\u00bb align=\u00bbcenter\u00bb margin_bottom=\u00bb20&#8243;][mk_fancy_title color=\u00bb#fe6600&#8243; size=\u00bb25&#8243; font_weight=\u00bbbold\u00bb txt_transform=\u00bbuppercase\u00bb margin_bottom=\u00bb0&#8243; font_family=\u00bbnone\u00bb]<span style=\"color: #ff6600;\"><a style=\"color: #ff6600;\" href=\"https:\/\/cortartec.net\/es\/productos\/sistema-cortafuego\/\">CORTAFUEGO<\/a><\/span>[\/mk_fancy_title][mk_padding_divider size=\u00bb30&#8243; visibility=\u00bbvisible-sm\u00bb][\/vc_column][vc_column width=\u00bb1\/6&#8243;][mk_image src=\u00bbhttps:\/\/cortartec.net\/wp-content\/uploads\/2020\/02\/imagem1.jpg\u00bb image_width=\u00bb300&#8243; image_height=\u00bb225&#8243; link=\u00bbhttps:\/\/cortartec.net\/es\/productos\/albanileria\/\u00bb align=\u00bbcenter\u00bb margin_bottom=\u00bb20&#8243;][mk_fancy_title color=\u00bb#fe6600&#8243; size=\u00bb25&#8243; font_weight=\u00bbbold\u00bb txt_transform=\u00bbuppercase\u00bb margin_bottom=\u00bb0&#8243; font_family=\u00bbnone\u00bb]<span style=\"color: #ff6600;\"><a style=\"color: #ff6600;\" href=\"https:\/\/cortartec.net\/es\/productos\/albanileria\/\">ALBA\u00d1ILER\u00cdA<\/a><\/span>[\/mk_fancy_title][\/vc_column][vc_column width=\u00bb1\/6&#8243;][mk_image src=\u00bbhttps:\/\/cortartec.net\/wp-content\/uploads\/2021\/09\/fachadas-ventiladas-cortartec.jpg\u00bb image_width=\u00bb300&#8243; image_height=\u00bb225&#8243; link=\u00bbhttps:\/\/cortartec.net\/es\/productos\/fachadas\/\u00bb align=\u00bbcenter\u00bb margin_bottom=\u00bb20&#8243;][mk_fancy_title color=\u00bb#fe6600&#8243; size=\u00bb25&#8243; font_weight=\u00bbbold\u00bb txt_transform=\u00bbuppercase\u00bb margin_bottom=\u00bb0&#8243; font_family=\u00bbnone\u00bb]<span style=\"color: #ff6600;\"><a style=\"color: #ff6600;\" href=\"https:\/\/cortartec.net\/es\/productos\/fachadas\/\">FACHADAS<\/a><\/span>[\/mk_fancy_title][mk_padding_divider size=\u00bb30&#8243; visibility=\u00bbvisible-sm\u00bb][\/vc_column][vc_column width=\u00bb1\/6&#8243;][mk_image src=\u00bbhttps:\/\/cortartec.net\/wp-content\/uploads\/2020\/01\/p.canto1_.jpg\u00bb image_width=\u00bb300&#8243; image_height=\u00bb225&#8243; link=\u00bbhttps:\/\/cortartec.net\/es\/productos\/acabados\/\u00bb align=\u00bbcenter\u00bb margin_bottom=\u00bb20&#8243;][mk_fancy_title color=\u00bb#fe6600&#8243; size=\u00bb25&#8243; font_weight=\u00bbbold\u00bb txt_transform=\u00bbuppercase\u00bb margin_bottom=\u00bb0&#8243; font_family=\u00bbnone\u00bb]<span style=\"color: #ff6600;\"><a style=\"color: #ff6600;\" href=\"https:\/\/cortartec.net\/es\/productos\/acabados\/\">ACABADOS<\/a><\/span>[\/mk_fancy_title][mk_padding_divider size=\u00bb30&#8243; visibility=\u00bbvisible-sm\u00bb][\/vc_column][\/vc_row][vc_row][vc_column][mk_padding_divider size=\u00bb80&#8243;][mk_button dimension=\u00bbflat\u00bb corner_style=\u00bbrounded\u00bb size=\u00bbmedium\u00bb url=\u00bbhttps:\/\/cortartec.net\/es\/productos\/\u00bb align=\u00bbcenter\u00bb bg_color=\u00bb#fe6600&#8243; btn_hover_bg=\u00bb#dc4400&#8243; btn_hover_txt_color=\u00bb#ffffff\u00bb]VER TODOS LOS PRODUCTOS[\/mk_button][mk_padding_divider size=\u00bb80&#8243;][\/vc_column][\/vc_row][mk_page_section bg_image=\u00bbhttps:\/\/cortartec.net\/wp-content\/uploads\/2020\/01\/strutturemetalliche-3.jpg\u00bb bg_color=\u00bb#fe6600&#8243; blend_mode=\u00bbluminosity\u00bb bg_position=\u00bbcenter center\u00bb bg_repeat=\u00bbno-repeat\u00bb bg_stretch=\u00bbtrue\u00bb speed_factor=\u00bb0.6&#8243; bg_gradient=\u00bbleft_bottom\u00bb video_color_mask=\u00bb#fbb857&#8243; gr_end=\u00bb#fe6600&#8243; video_opacity=\u00bb0.8&#8243; min_height=\u00bb0&#8243; full_width=\u00bbtrue\u00bb padding_top=\u00bb45&#8243; padding_bottom=\u00bb45&#8243; sidebar=\u00bbsidebar-1&#8243;][vc_column][mk_fancy_title color=\u00bb#ffffff\u00bb size=\u00bb20&#8243; font_weight=\u00bb400&#8243; margin_bottom=\u00bb10&#8243; font_family=\u00bbOpen+Sans\u00bb font_type=\u00bbgoogle\u00bb align=\u00bbcenter\u00bb]<span style=\"color: #ffffff !important;\">DESDE 1998<\/span>[\/mk_fancy_title][mk_fancy_title color=\u00bb#ffffff\u00bb size=\u00bb50&#8243; font_weight=\u00bb400&#8243; txt_transform=\u00bbuppercase\u00bb font_family=\u00bbnone\u00bb align=\u00bbcenter\u00bb]<span style=\"color: #ffffff !important;\">SOMOS EL <strong style=\"color: #ffffff !important;\">MOTOR<\/strong><\/span><br \/>\n<span style=\"color: #ffffff !important;\">DE SU <strong style=\"color: #ffffff !important;\">SOLUCI\u00d3N<\/strong><\/span>[\/mk_fancy_title][\/vc_column][\/mk_page_section][vc_row fullwidth=\u00bbtrue\u00bb fullwidth_content=\u00bbfalse\u00bb css=\u00bb.vc_custom_1566863078730{background-color: #f0f0f0 !important;}\u00bb][vc_column][mk_padding_divider size=\u00bb80&#8243;][mk_fancy_title color=\u00bb#999999&#8243; size=\u00bb40&#8243; font_weight=\u00bb200&#8243; txt_transform=\u00bbuppercase\u00bb margin_bottom=\u00bb5&#8243; font_family=\u00bbnone\u00bb align=\u00bbcenter\u00bb]NUESTRA <strong>HISTORIA<\/strong>[\/mk_fancy_title][mk_divider style=\u00bbthin_solid\u00bb divider_width=\u00bbcustom_width\u00bb custom_width=\u00bb80&#8243; thin_single_color=\u00bb#fe6600&#8243; thickness=\u00bb4&#8243; margin_top=\u00bb0&#8243; margin_bottom=\u00bb40&#8243;][vc_row_inner][vc_column_inner width=\u00bb1\/6&#8243;][\/vc_column_inner][vc_column_inner width=\u00bb2\/3&#8243;][vc_column_text disable_pattern=\u00bbfalse\u00bb align=\u00bbcenter\u00bb css=\u00bb.vc_custom_1625650154871{margin-bottom: 0px !important;}\u00bb]<span style=\"color: #555555; line-height: 30px; font-size: 16px;\">CORTARTEC fue fundada en 1998 con el prop\u00f3sito de dise\u00f1ar, producir y comercializar productos, sistemas y equipos para ingenier\u00eda civil y arquitectura. Al concentrarnos en estos segmentos profesionales del mercado nos permite ofrecer productos de alta calidad al mejor precio, al tiempo que permite a nuestros clientes beneficiarse de la reducci\u00f3n de costos inherente a la gesti\u00f3n de adquisiciones y log\u00edstica, estos servicios son proporcionados por nosotros.<\/span>[\/vc_column_text][\/vc_column_inner][vc_column_inner width=\u00bb1\/6&#8243;][\/vc_column_inner][\/vc_row_inner][mk_padding_divider size=\u00bb20&#8243;][mk_button dimension=\u00bbflat\u00bb corner_style=\u00bbrounded\u00bb size=\u00bbmedium\u00bb url=\u00bbhttps:\/\/cortartec.net\/es\/quienes-somos\/\u00bb align=\u00bbcenter\u00bb bg_color=\u00bb#fe6600&#8243; btn_hover_bg=\u00bb#dc4400&#8243; btn_hover_txt_color=\u00bb#ffffff\u00bb]SAIBA MAIS[\/mk_button][mk_padding_divider size=\u00bb60&#8243;][\/vc_column][\/vc_row][vc_row fullwidth=\u00bbtrue\u00bb disable_element=\u00bbyes\u00bb][vc_column][mk_divider style=\u00bbthin_solid\u00bb margin_top=\u00bb0&#8243;][\/vc_column][\/vc_row][vc_row][vc_column][mk_padding_divider size=\u00bb80&#8243;][mk_fancy_title color=\u00bb#999999&#8243; size=\u00bb40&#8243; font_weight=\u00bb200&#8243; txt_transform=\u00bbuppercase\u00bb margin_bottom=\u00bb5&#8243; font_family=\u00bbnone\u00bb align=\u00bbcenter\u00bb]RAZONES PARA <strong>TRABAJAR CON NOSOTROS<\/strong>[\/mk_fancy_title][mk_divider style=\u00bbthin_solid\u00bb divider_width=\u00bbcustom_width\u00bb custom_width=\u00bb80&#8243; thin_single_color=\u00bb#fe6600&#8243; thickness=\u00bb4&#8243; margin_top=\u00bb0&#8243; margin_bottom=\u00bb40&#8243;][vc_row_inner][vc_column_inner width=\u00bb1\/4&#8243;][mk_font_icons icon=\u00bbmk-icon-users\u00bb color=\u00bb#fe6600&#8243; size=\u00bbxx-large\u00bb circle=\u00bbtrue\u00bb circle_border_color=\u00bb#f0f0f0&#8243; align=\u00bbcenter\u00bb][mk_fancy_title color=\u00bb#727272&#8243; size=\u00bb17&#8243; font_weight=\u00bbbold\u00bb txt_transform=\u00bbuppercase\u00bb margin_top=\u00bb25&#8243; margin_bottom=\u00bb0&#8243; font_family=\u00bbnone\u00bb align=\u00bbcenter\u00bb]EXPERIENCIA EQUIPO[\/mk_fancy_title][vc_column_text disable_pattern=\u00bbfalse\u00bb align=\u00bbcenter\u00bb css=\u00bb.vc_custom_1579021932992{margin-bottom: 0px !important;}\u00bb]Durante m\u00e1s de 20 a\u00f1os trabajando en la creaci\u00f3n de las mejores soluciones de construcci\u00f3n.[\/vc_column_text][mk_padding_divider size=\u00bb30&#8243;][\/vc_column_inner][vc_column_inner width=\u00bb1\/4&#8243;][mk_font_icons icon=\u00bbmk-li-tool\u00bb color=\u00bb#fe6600&#8243; size=\u00bbxx-large\u00bb circle=\u00bbtrue\u00bb circle_border_color=\u00bb#f0f0f0&#8243; align=\u00bbcenter\u00bb][mk_fancy_title color=\u00bb#727272&#8243; size=\u00bb17&#8243; font_weight=\u00bbbold\u00bb txt_transform=\u00bbuppercase\u00bb margin_top=\u00bb25&#8243; margin_bottom=\u00bb0&#8243; font_family=\u00bbnone\u00bb align=\u00bbcenter\u00bb]CAPACIDAD TECNICA[\/mk_fancy_title][vc_column_text disable_pattern=\u00bbfalse\u00bb align=\u00bbcenter\u00bb css=\u00bb.vc_custom_1579022231833{margin-bottom: 0px !important;}\u00bb]Creamos com usted la soluci\u00f3n que satisface todas sus necessidades.[\/vc_column_text][mk_padding_divider size=\u00bb30&#8243;][\/vc_column_inner][vc_column_inner width=\u00bb1\/4&#8243;][mk_font_icons icon=\u00bbmk-icon-check\u00bb color=\u00bb#fe6600&#8243; size=\u00bbxx-large\u00bb circle=\u00bbtrue\u00bb circle_border_color=\u00bb#f0f0f0&#8243; align=\u00bbcenter\u00bb][mk_fancy_title color=\u00bb#727272&#8243; size=\u00bb17&#8243; font_weight=\u00bbbold\u00bb txt_transform=\u00bbuppercase\u00bb margin_top=\u00bb25&#8243; margin_bottom=\u00bb0&#8243; font_family=\u00bbnone\u00bb align=\u00bbcenter\u00bb]CERTIFICADO Y SEGURO[\/mk_fancy_title][vc_column_text disable_pattern=\u00bbfalse\u00bb align=\u00bbcenter\u00bb css=\u00bb.vc_custom_1579022690512{margin-bottom: 0px !important;}\u00bb]Cumplimos com todas las normas locales y regionales y utilizamos solo produtos certificados.[\/vc_column_text][mk_padding_divider size=\u00bb30&#8243;][\/vc_column_inner][vc_column_inner width=\u00bb1\/4&#8243;][mk_font_icons icon=\u00bbmk-moon-coins\u00bb color=\u00bb#fe6600&#8243; size=\u00bbxx-large\u00bb circle=\u00bbtrue\u00bb circle_border_color=\u00bb#f0f0f0&#8243; align=\u00bbcenter\u00bb][mk_fancy_title color=\u00bb#727272&#8243; size=\u00bb17&#8243; font_weight=\u00bbbold\u00bb txt_transform=\u00bbuppercase\u00bb margin_top=\u00bb25&#8243; margin_bottom=\u00bb0&#8243; font_family=\u00bbnone\u00bb align=\u00bbcenter\u00bb]PRECIOS COMPETITIVOS[\/mk_fancy_title][vc_column_text disable_pattern=\u00bbfalse\u00bb align=\u00bbcenter\u00bb css=\u00bb.vc_custom_1579022880428{margin-bottom: 0px !important;}\u00bb]Siempre nos comprometemos a ofrecer nuestros produtos al mejor precio.[\/vc_column_text][mk_padding_divider size=\u00bb30&#8243;][\/vc_column_inner][\/vc_row_inner][mk_padding_divider size=\u00bb60&#8243;][\/vc_column][\/vc_row][vc_row disable_element=\u00bbyes\u00bb][vc_column][mk_padding_divider size=\u00bb80&#8243;][mk_fancy_title color=\u00bb#999999&#8243; size=\u00bb40&#8243; font_weight=\u00bb200&#8243; txt_transform=\u00bbuppercase\u00bb margin_bottom=\u00bb5&#8243; font_family=\u00bbnone\u00bb align=\u00bbcenter\u00bb]NUESTROS <strong>CLIENTES<\/strong>[\/mk_fancy_title][mk_divider style=\u00bbthin_solid\u00bb divider_width=\u00bbcustom_width\u00bb custom_width=\u00bb80&#8243; thin_single_color=\u00bb#fe6600&#8243; thickness=\u00bb4&#8243; margin_top=\u00bb0&#8243; margin_bottom=\u00bb40&#8243;][mk_padding_divider][mk_clients style=\u00bbcolumn\u00bb border_style=\u00bbopened_edges\u00bb column=\u00bb4&#8243; border_color=\u00bb#d6d6d6&#8243; height=\u00bb200&#8243;][mk_padding_divider][\/vc_column][\/vc_row][vc_row fullwidth=\u00bbtrue\u00bb fullwidth_content=\u00bbfalse\u00bb css=\u00bb.vc_custom_1597402817887{margin-top: 50px !important;padding-top: 30px !important;background-color: #fe6600 !important;}\u00bb][vc_column][vc_row_inner][vc_column_inner width=\u00bb2\/3&#8243;][mk_fancy_title tag_name=\u00bbh5&#8243; color=\u00bb#ffffff\u00bb size=\u00bb26&#8243; font_weight=\u00bb400&#8243; txt_transform=\u00bbnone\u00bb margin_top=\u00bb10&#8243; font_family=\u00bbOpen+Sans\u00bb font_type=\u00bbgoogle\u00bb]<span style=\"color: #ffffff;\">Tienes preguntas? Estamos aqu\u00ed para ayudarte!<\/span>[\/mk_fancy_title][\/vc_column_inner][vc_column_inner width=\u00bb1\/3&#8243;][mk_button dimension=\u00bbflat\u00bb corner_style=\u00bbrounded\u00bb size=\u00bblarge\u00bb url=\u00bbhttps:\/\/cortartec.net\/es\/contactos\/\u00bb align=\u00bbright\u00bb margin_right=\u00bb0&#8243; bg_color=\u00bb#f0f0f0&#8243; btn_hover_bg=\u00bb#ffffff\u00bb text_color=\u00bbdark\u00bb btn_hover_txt_color=\u00bb#fe6600&#8243;]CONT\u00c1CTANOS[\/mk_button][\/vc_column_inner][\/vc_row_inner][\/vc_column][\/vc_row]\n","protected":false},"excerpt":{"rendered":"<p>[mk_page_section bg_position=\u00bbcenter center\u00bb bg_repeat=\u00bbno-repeat\u00bb bg_stretch=\u00bbtrue\u00bb speed_factor=\u00bb0.6&#8243; video_color_mask=\u00bb#fe6600&#8243; min_height=\u00bb0&#8243; full_width=\u00bbtrue\u00bb padding_top=\u00bb0&#8243; padding_bottom=\u00bb0&#8243; sidebar=\u00bbsidebar-1&#8243;][vc_column][mk_edge_slider swiper_bg=\u00bb\u00bb order=\u00bbASC\u00bb full_height=\u00bbfalse\u00bb height=\u00bb450&#8243; animation_effect=\u00bbfade\u00bb animation_speed=\u00bb1000&#8243; slideshow_speed=\u00bb8000&#8243; direction_nav=\u00bbround\u00bb skip_arrow=\u00bbfalse\u00bb slides=\u00bb9527, 9536, 9541, 9544, 9547, 9551&#8243;][\/vc_column][\/mk_page_section][vc_row css=\u00bb.vc_custom_1601336343775{margin-top: 80px !important;}\u00bb][vc_column][mk_fancy_title color=\u00bb#999999&#8243; size=\u00bb40&#8243; font_weight=\u00bb200&#8243; txt_transform=\u00bbuppercase\u00bb margin_bottom=\u00bb5&#8243; font_family=\u00bbnone\u00bb align=\u00bbcenter\u00bb]NUESTROS PRODUCTOS[\/mk_fancy_title][mk_divider style=\u00bbthin_solid\u00bb divider_width=\u00bbcustom_width\u00bb custom_width=\u00bb80&#8243; thin_single_color=\u00bb#fe6600&#8243; thickness=\u00bb4&#8243; margin_top=\u00bb0&#8243; margin_bottom=\u00bb40&#8243;][vc_column_text disable_pattern=\u00bbfalse\u00bb align=\u00bbcenter\u00bb css=\u00bb.vc_custom_1579020008682{margin-bottom: 0px !important;}\u00bb]Explore las variadas soluciones que tenemos [&hellip;]<\/p>\n","protected":false},"author":6,"featured_media":0,"parent":0,"menu_order":0,"comment_status":"closed","ping_status":"closed","template":"","meta":[],"yoast_head":"<!-- This site is optimized with the Yoast SEO plugin v19.4 - https:\/\/yoast.com\/wordpress\/plugins\/seo\/ -->\n<title>Cortartec: comercializaci\u00f3n de juntas de dilataci\u00f3n, fachadas, cortafuego<\/title>\n<meta name=\"description\" content=\"Cortartec es una empresa, con sede en Vialonga Portugal, especializada en la comercializaci\u00f3n, importaci\u00f3n y exportaci\u00f3n de juntas de dilataci\u00f3n, fachadas y cortafuegos.\" \/>\n<meta name=\"robots\" content=\"index, follow, max-snippet:-1, max-image-preview:large, max-video-preview:-1\" \/>\n<link rel=\"canonical\" href=\"https:\/\/cortartec.net\/es\/\" \/>\n<meta property=\"og:locale\" content=\"es_ES\" \/>\n<meta property=\"og:type\" content=\"article\" \/>\n<meta property=\"og:title\" content=\"Cortartec: comercializaci\u00f3n de juntas de dilataci\u00f3n, fachadas, cortafuego\" \/>\n<meta property=\"og:description\" content=\"Cortartec es una empresa, con sede en Vialonga Portugal, especializada en la comercializaci\u00f3n, importaci\u00f3n y exportaci\u00f3n de juntas de dilataci\u00f3n, fachadas y cortafuegos.\" \/>\n<meta property=\"og:url\" content=\"https:\/\/cortartec.net\/es\/\" \/>\n<meta property=\"og:site_name\" content=\"Cortartec\" \/>\n<meta property=\"article:publisher\" content=\"https:\/\/facebook.com\/cortartec\" \/>\n<meta property=\"article:modified_time\" content=\"2022-03-25T11:16:04+00:00\" \/>\n<meta name=\"twitter:card\" content=\"summary_large_image\" \/>\n<meta name=\"twitter:site\" content=\"@cortartec\" \/>\n<meta name=\"twitter:label1\" content=\"Tiempo de lectura\" \/>\n\t<meta name=\"twitter:data1\" content=\"8 minutos\" \/>\n<script type=\"application\/ld+json\" class=\"yoast-schema-graph\">{\"@context\":\"https:\/\/schema.org\",\"@graph\":[{\"@type\":\"Organization\",\"@id\":\"https:\/\/cortartec.net\/fr\/#organization\",\"name\":\"Cortartec\",\"url\":\"https:\/\/cortartec.net\/fr\/\",\"sameAs\":[\"https:\/\/instagram.com\/cortartec\",\"https:\/\/za.linkedin.com\/company\/cortartec?trk=recent-update_see-all\",\"https:\/\/pinterest.com\/cortartec\",\"https:\/\/youtube.com\/user\/cortartec\",\"https:\/\/facebook.com\/cortartec\",\"https:\/\/twitter.com\/cortartec\"],\"logo\":{\"@type\":\"ImageObject\",\"inLanguage\":\"es\",\"@id\":\"https:\/\/cortartec.net\/fr\/#\/schema\/logo\/image\/\",\"url\":\"https:\/\/cortartec.net\/wp-content\/uploads\/2019\/08\/logo.png\",\"contentUrl\":\"https:\/\/cortartec.net\/wp-content\/uploads\/2019\/08\/logo.png\",\"width\":400,\"height\":100,\"caption\":\"Cortartec\"},\"image\":{\"@id\":\"https:\/\/cortartec.net\/fr\/#\/schema\/logo\/image\/\"}},{\"@type\":\"WebSite\",\"@id\":\"https:\/\/cortartec.net\/fr\/#website\",\"url\":\"https:\/\/cortartec.net\/fr\/\",\"name\":\"Cortartec\",\"description\":\"\",\"publisher\":{\"@id\":\"https:\/\/cortartec.net\/fr\/#organization\"},\"potentialAction\":[{\"@type\":\"SearchAction\",\"target\":{\"@type\":\"EntryPoint\",\"urlTemplate\":\"https:\/\/cortartec.net\/fr\/?s={search_term_string}\"},\"query-input\":\"required name=search_term_string\"}],\"inLanguage\":\"es\"},{\"@type\":\"WebPage\",\"@id\":\"https:\/\/cortartec.net\/es\/\",\"url\":\"https:\/\/cortartec.net\/es\/\",\"name\":\"Cortartec: comercializaci\u00f3n de juntas de dilataci\u00f3n, fachadas, cortafuego\",\"isPartOf\":{\"@id\":\"https:\/\/cortartec.net\/fr\/#website\"},\"datePublished\":\"2020-01-14T16:34:36+00:00\",\"dateModified\":\"2022-03-25T11:16:04+00:00\",\"description\":\"Cortartec es una empresa, con sede en Vialonga Portugal, especializada en la comercializaci\u00f3n, importaci\u00f3n y exportaci\u00f3n de juntas de dilataci\u00f3n, fachadas y cortafuegos.\",\"breadcrumb\":{\"@id\":\"https:\/\/cortartec.net\/es\/#breadcrumb\"},\"inLanguage\":\"es\",\"potentialAction\":[{\"@type\":\"ReadAction\",\"target\":[\"https:\/\/cortartec.net\/es\/\"]}]},{\"@type\":\"BreadcrumbList\",\"@id\":\"https:\/\/cortartec.net\/es\/#breadcrumb\",\"itemListElement\":[{\"@type\":\"ListItem\",\"position\":1,\"name\":\"In\u00edcio\",\"item\":\"https:\/\/cortartec.net\/es\/\"},{\"@type\":\"ListItem\",\"position\":2,\"name\":\"Inicio\"}]}]}<\/script>\n<!-- \/ Yoast SEO plugin. -->","yoast_head_json":{"title":"Cortartec: comercializaci\u00f3n de juntas de dilataci\u00f3n, fachadas, cortafuego","description":"Cortartec es una empresa, con sede en Vialonga Portugal, especializada en la comercializaci\u00f3n, importaci\u00f3n y exportaci\u00f3n de juntas de dilataci\u00f3n, fachadas y cortafuegos.","robots":{"index":"index","follow":"follow","max-snippet":"max-snippet:-1","max-image-preview":"max-image-preview:large","max-video-preview":"max-video-preview:-1"},"canonical":"https:\/\/cortartec.net\/es\/","og_locale":"es_ES","og_type":"article","og_title":"Cortartec: comercializaci\u00f3n de juntas de dilataci\u00f3n, fachadas, cortafuego","og_description":"Cortartec es una empresa, con sede en Vialonga Portugal, especializada en la comercializaci\u00f3n, importaci\u00f3n y exportaci\u00f3n de juntas de dilataci\u00f3n, fachadas y cortafuegos.","og_url":"https:\/\/cortartec.net\/es\/","og_site_name":"Cortartec","article_publisher":"https:\/\/facebook.com\/cortartec","article_modified_time":"2022-03-25T11:16:04+00:00","twitter_card":"summary_large_image","twitter_site":"@cortartec","twitter_misc":{"Tiempo de lectura":"8 minutos"},"schema":{"@context":"https:\/\/schema.org","@graph":[{"@type":"Organization","@id":"https:\/\/cortartec.net\/fr\/#organization","name":"Cortartec","url":"https:\/\/cortartec.net\/fr\/","sameAs":["https:\/\/instagram.com\/cortartec","https:\/\/za.linkedin.com\/company\/cortartec?trk=recent-update_see-all","https:\/\/pinterest.com\/cortartec","https:\/\/youtube.com\/user\/cortartec","https:\/\/facebook.com\/cortartec","https:\/\/twitter.com\/cortartec"],"logo":{"@type":"ImageObject","inLanguage":"es","@id":"https:\/\/cortartec.net\/fr\/#\/schema\/logo\/image\/","url":"https:\/\/cortartec.net\/wp-content\/uploads\/2019\/08\/logo.png","contentUrl":"https:\/\/cortartec.net\/wp-content\/uploads\/2019\/08\/logo.png","width":400,"height":100,"caption":"Cortartec"},"image":{"@id":"https:\/\/cortartec.net\/fr\/#\/schema\/logo\/image\/"}},{"@type":"WebSite","@id":"https:\/\/cortartec.net\/fr\/#website","url":"https:\/\/cortartec.net\/fr\/","name":"Cortartec","description":"","publisher":{"@id":"https:\/\/cortartec.net\/fr\/#organization"},"potentialAction":[{"@type":"SearchAction","target":{"@type":"EntryPoint","urlTemplate":"https:\/\/cortartec.net\/fr\/?s={search_term_string}"},"query-input":"required name=search_term_string"}],"inLanguage":"es"},{"@type":"WebPage","@id":"https:\/\/cortartec.net\/es\/","url":"https:\/\/cortartec.net\/es\/","name":"Cortartec: comercializaci\u00f3n de juntas de dilataci\u00f3n, fachadas, cortafuego","isPartOf":{"@id":"https:\/\/cortartec.net\/fr\/#website"},"datePublished":"2020-01-14T16:34:36+00:00","dateModified":"2022-03-25T11:16:04+00:00","description":"Cortartec es una empresa, con sede en Vialonga Portugal, especializada en la comercializaci\u00f3n, importaci\u00f3n y exportaci\u00f3n de juntas de dilataci\u00f3n, fachadas y cortafuegos.","breadcrumb":{"@id":"https:\/\/cortartec.net\/es\/#breadcrumb"},"inLanguage":"es","potentialAction":[{"@type":"ReadAction","target":["https:\/\/cortartec.net\/es\/"]}]},{"@type":"BreadcrumbList","@id":"https:\/\/cortartec.net\/es\/#breadcrumb","itemListElement":[{"@type":"ListItem","position":1,"name":"In\u00edcio","item":"https:\/\/cortartec.net\/es\/"},{"@type":"ListItem","position":2,"name":"Inicio"}]}]}},"_links":{"self":[{"href":"https:\/\/cortartec.net\/es\/wp-json\/wp\/v2\/pages\/2368"}],"collection":[{"href":"https:\/\/cortartec.net\/es\/wp-json\/wp\/v2\/pages"}],"about":[{"href":"https:\/\/cortartec.net\/es\/wp-json\/wp\/v2\/types\/page"}],"author":[{"embeddable":true,"href":"https:\/\/cortartec.net\/es\/wp-json\/wp\/v2\/users\/6"}],"replies":[{"embeddable":true,"href":"https:\/\/cortartec.net\/es\/wp-json\/wp\/v2\/comments?post=2368"}],"version-history":[{"count":6,"href":"https:\/\/cortartec.net\/es\/wp-json\/wp\/v2\/pages\/2368\/revisions"}],"predecessor-version":[{"id":11908,"href":"https:\/\/cortartec.net\/es\/wp-json\/wp\/v2\/pages\/2368\/revisions\/11908"}],"wp:attachment":[{"href":"https:\/\/cortartec.net\/es\/wp-json\/wp\/v2\/media?parent=2368"}],"curies":[{"name":"wp","href":"https:\/\/api.w.org\/{rel}","templated":true}]}}