{"id":2391,"date":"2020-01-15T17:12:08","date_gmt":"2020-01-15T17:12:08","guid":{"rendered":"https:\/\/cortartec.net\/?page_id=2391"},"modified":"2023-10-24T17:39:19","modified_gmt":"2023-10-24T17:39:19","slug":"productos","status":"publish","type":"page","link":"https:\/\/cortartec.net\/es\/productos\/","title":{"rendered":"Productos"},"content":{"rendered":"[mk_page_section bg_image=\u00bbhttps:\/\/cortartec.net\/wp-content\/uploads\/2015\/12\/slider2.jpg\u00bb bg_color=\u00bb#fe6600&#8243; blend_mode=\u00bbluminosity\u00bb bg_position=\u00bbcenter top\u00bb bg_repeat=\u00bbno-repeat\u00bb bg_stretch=\u00bbtrue\u00bb enable_3d=\u00bbtrue\u00bb speed_factor=\u00bb0.6&#8243; bg_gradient=\u00bbleft_bottom\u00bb video_color_mask=\u00bb#fbb857&#8243; gr_end=\u00bb#fe6600&#8243; video_opacity=\u00bb0.8&#8243; min_height=\u00bb0&#8243; full_width=\u00bbtrue\u00bb padding_top=\u00bb100&#8243; padding_bottom=\u00bb100&#8243; sidebar=\u00bbsidebar-1&#8243;][vc_column][mk_fancy_title color=\u00bb#ffffff\u00bb size=\u00bb48&#8243; font_weight=\u00bbbold\u00bb margin_bottom=\u00bb0&#8243; font_family=\u00bbnone\u00bb align=\u00bbcenter\u00bb]<span style=\"color: #ffffff;\">PRODUCTOS[\/mk_fancy_title][\/vc_column][\/mk_page_section][vc_row css=\u00bb.vc_custom_1597666193240{margin-top: 50px !important;}\u00bb][vc_column][vc_column_text disable_pattern=\u00bbfalse\u00bb align=\u00bbcenter\u00bb css=\u00bb.vc_custom_1579108462826{margin-bottom: 0px !important;}\u00bb]<span style=\"color: #555555; line-height: 30px; font-size: 16px;\">Explore las variadas soluciones que tenemos para usted. Comience selecionando la categoria de sistemas de construcci\u00f3n que desee.[\/vc_column_text][\/vc_column][\/vc_row][vc_row css=\u00bb.vc_custom_1597666209993{margin-top: 50px !important;}\u00bb][vc_column width=\u00bb1\/6&#8243;][mk_image src=\u00bbhttps:\/\/cortartec.net\/wp-content\/uploads\/2020\/01\/imagem3.png\u00bb image_width=\u00bb300&#8243; image_height=\u00bb225&#8243; link=\u00bbhttps:\/\/cortartec.net\/es\/productos\/juntas-de-dilatacion\/\u00bb align=\u00bbcenter\u00bb margin_bottom=\u00bb20&#8243;][mk_fancy_title color=\u00bb#fe6600&#8243; size=\u00bb25&#8243; font_weight=\u00bbbold\u00bb txt_transform=\u00bbuppercase\u00bb margin_bottom=\u00bb0&#8243; font_family=\u00bbnone\u00bb]<span style=\"color: #ff6600;\"><a style=\"color: #ff6600;\" href=\"https:\/\/cortartec.net\/es\/productos\/juntas-de-dilatacion\/\">JUNTAS DE DILATACI\u00d3N<\/a><\/span>[\/mk_fancy_title][mk_padding_divider size=\u00bb10&#8243; visibility=\u00bbhidden-sm\u00bb][mk_custom_list style=\u00bbmk-icon-angle-right\u00bb]<\/span><\/span><\/p>\n<ul>\n<li><a href=\"https:\/\/cortartec.net\/es\/productos\/juntas-de-dilatacion\/cubrejuntas\/\">Cobrejuntas de expansi\u00f3n<\/a><\/li>\n<li><a href=\"https:\/\/cortartec.net\/es\/productos\/juntas-de-dilatacion\/llenado-de-juntas\/\">Llenado de juntas<\/a><\/li>\n<li><a href=\"https:\/\/cortartec.net\/es\/productos\/juntas-de-dilatacion\/juntas-cortafuegos\/\">Juntas Cortafuego<\/a><\/li>\n<li><a href=\"https:\/\/cortartec.net\/es\/productos\/juntas-de-dilatacion\/juntas-waterstop\/\">Juntas estanqueidad<\/a><\/li>\n<li><a href=\"https:\/\/cortartec.net\/es\/productos\/juntas-de-dilatacion\/juntas-de-dilatacion-de-techos\/\">Juntas de dilataci\u00f3n de techos<\/a><\/li>\n<li><a href=\"https:\/\/cortartec.net\/es\/productos\/juntas-de-dilatacion\/juntas-sismicas\/\">Juntas s\u00edsmicas<\/a><\/li>\n<li><a href=\"https:\/\/cortartec.net\/es\/productos\/juntas-de-dilatacion\/juntas-de-fraccionamiento\/\">Juntas de fraccionamiento<\/a><\/li>\n<li><a href=\"https:\/\/cortartec.net\/es\/productos\/juntas-de-dilatacion\/juntas-para-suelos-industriales\/\">Juntas para suelos industriales<\/a><\/li>\n<li><a href=\"https:\/\/cortartec.net\/es\/productos\/juntas-de-dilatacion\/juntas-para-aparcamientos\/\">Juntas para aparcamientos<\/a><\/li>\n<li><a href=\"https:\/\/cortartec.net\/es\/productos\/acabados\/juntas-de-dilatacion-para-fachadas\/\">Juntas de dilataci\u00f3n para fachadas<\/a><\/li>\n<li><a href=\"https:\/\/cortartec.net\/es\/productos\/juntas-de-dilatacion\/juntas-estancas-de-acero-revestido\/\">Juntas estancas de acero revestido<\/a><\/li>\n<li><a href=\"https:\/\/cortartec.net\/es\/productos\/juntas-de-dilatacion\/juntas-para-falsos-techos\/\">Juntas para\u00a0 techos falsos<\/a><\/li>\n<li>Juntas para terraza<\/li>\n<\/ul>\n[\/mk_custom_list][mk_padding_divider size=\u00bb30&#8243; visibility=\u00bbvisible-sm\u00bb][\/vc_column][vc_column width=\u00bb1\/6&#8243;][mk_image src=\u00bbhttps:\/\/cortartec.net\/wp-content\/uploads\/2021\/07\/tirantes-estrutrurais-cortartec.jpg\u00bb image_width=\u00bb300&#8243; image_height=\u00bb225&#8243; link=\u00bbhttps:\/\/cortartec.net\/es\/productos\/estructuras\/\u00bb align=\u00bbcenter\u00bb margin_bottom=\u00bb20&#8243;][mk_fancy_title color=\u00bb#fe6600&#8243; size=\u00bb25&#8243; font_weight=\u00bbbold\u00bb txt_transform=\u00bbuppercase\u00bb margin_bottom=\u00bb0&#8243; font_family=\u00bbnone\u00bb]\n<h3><span style=\"color: #ff6600;\"><a style=\"color: #ff6600;\" href=\"https:\/\/cortartec.net\/es\/productos\/estructuras\/\"><strong>ESTRUCTURAS<\/strong><\/a><\/span><\/h3>\n[\/mk_fancy_title][mk_padding_divider size=\u00bb32&#8243; visibility=\u00bbhidden-sm\u00bb][mk_custom_list style=\u00bbmk-icon-angle-right\u00bb]\n<ul>\n<li><a href=\"https:\/\/cortartec.net\/es\/productos\/estructuras\/varilla-acanalada-de-acero-inoxidable\/\">Armaduras de acero inoxidable<\/a><\/li>\n<li><a href=\"https:\/\/cortartec.net\/es\/productos\/estructuras\/conectores-de-carga-de-corte\/\">Conectores de carga cortante<\/a><\/li>\n<li><a href=\"https:\/\/cortartec.net\/es\/productos\/estructuras\/sistema-de-tension-compresion\/\">Sistema de tirantes estruturales<\/a><\/li>\n<li><a href=\"https:\/\/cortartec.net\/es\/productos\/estructuras\/cerrojo\/\">Cerrojos<\/a><\/li>\n<\/ul>\n[\/mk_custom_list][mk_padding_divider size=\u00bb30&#8243; visibility=\u00bbvisible-sm\u00bb][\/vc_column][vc_column width=\u00bb1\/6&#8243;][mk_image src=\u00bbhttps:\/\/cortartec.net\/wp-content\/uploads\/2020\/09\/lambril6.jpg\u00bb image_width=\u00bb300&#8243; image_height=\u00bb225&#8243; link=\u00bbhttps:\/\/cortartec.net\/es\/productos\/acabados\/\u00bb align=\u00bbcenter\u00bb margin_bottom=\u00bb20&#8243;][mk_fancy_title color=\u00bb#fe6600&#8243; size=\u00bb25&#8243; font_weight=\u00bbbold\u00bb txt_transform=\u00bbuppercase\u00bb margin_bottom=\u00bb0&#8243; font_family=\u00bbnone\u00bb]<span style=\"color: #ff6600;\"><a style=\"color: #ff6600;\" href=\"https:\/\/cortartec.net\/es\/productos\/acabados\/\">PROTECCION<\/a><\/span>[\/mk_fancy_title][mk_padding_divider size=\u00bb32&#8243; visibility=\u00bbhidden-sm\u00bb][mk_custom_list style=\u00bbmk-icon-angle-right\u00bb]\n<ul>\n<li><a href=\"https:\/\/cortartec.net\/es\/productos\/acabados\/proteccion-de-la-pared\/\">Protecci\u00f3n de pared<\/a><\/li>\n<li><a href=\"https:\/\/cortartec.net\/es\/productos\/acabados\/proteccion-de-camillas\/\">Protecci\u00f3n de pared de camilla<\/a><\/li>\n<li><a href=\"https:\/\/cortartec.net\/es\/productos\/acabados\/proteccion-de-la-silla\/\">Protecci\u00f3n de sillas de ruedas<\/a><\/li>\n<li><a href=\"https:\/\/cortartec.net\/es\/productos\/acabados\/proteccion-de-la-esquina\/\">Protecci\u00f3n de la esquina<\/a><\/li>\n<li><a href=\"https:\/\/cortartec.net\/es\/productos\/acabados\/placas-de-vinilo\/\">Placas de vinilo<\/a><\/li>\n<li><a href=\"https:\/\/cortartec.net\/es\/productos\/acabados\/proteccion-de-la-pared\/\">Protecci\u00f3n de la pared<\/a><\/li>\n<\/ul>\n[\/mk_custom_list][mk_padding_divider size=\u00bb30&#8243; visibility=\u00bbvisible-sm\u00bb][\/vc_column][vc_column width=\u00bb1\/6&#8243;][mk_image src=\u00bbhttps:\/\/cortartec.net\/wp-content\/uploads\/2021\/06\/cimg1196.jpg\u00bb image_width=\u00bb300&#8243; image_height=\u00bb225&#8243; link=\u00bbhttps:\/\/cortartec.net\/es\/productos\/albanileria\/\u00bb align=\u00bbcenter\u00bb margin_bottom=\u00bb20&#8243;][mk_fancy_title color=\u00bb#fe6600&#8243; size=\u00bb25&#8243; font_weight=\u00bbbold\u00bb txt_transform=\u00bbuppercase\u00bb margin_bottom=\u00bb0&#8243; font_family=\u00bbnone\u00bb]<span style=\"color: #ff6600;\"><a style=\"color: #ff6600;\" href=\"https:\/\/cortartec.net\/es\/productos\/albanileria\/\">ALBA\u00d1ILER\u00cdA<\/a><\/span>[\/mk_fancy_title][mk_padding_divider size=\u00bb32&#8243; visibility=\u00bbhidden-sm\u00bb][mk_custom_list style=\u00bbmk-icon-angle-right\u00bb]\n<ul>\n<li><a href=\"https:\/\/cortartec.net\/es\/productos\/albanileria\/reparacion-de-albanileria\/\">Reparaci\u00f3n de alba\u00f1iler\u00eda<\/a><\/li>\n<li><a href=\"https:\/\/cortartec.net\/es\/productos\/albanileria\/reparacion-de-albanileria\/\">Rehabilitaci\u00f3n del patrim\u00f3nio hist\u00f3rico<\/a><\/li>\n<li><a href=\"https:\/\/cortartec.net\/es\/productos\/albanileria\/estabilizacao-estrutural\/\">Estabilizaci\u00f3n estructural<\/a><\/li>\n<\/ul>\n[\/mk_custom_list][\/vc_column][vc_column width=\u00bb1\/6&#8243;][mk_image src=\u00bbhttps:\/\/cortartec.net\/wp-content\/uploads\/2020\/07\/imagem27.jpg\u00bb image_width=\u00bb300&#8243; image_height=\u00bb225&#8243; link=\u00bbhttps:\/\/cortartec.net\/es\/productos\/acabados\/\u00bb align=\u00bbcenter\u00bb margin_bottom=\u00bb20&#8243;][mk_fancy_title color=\u00bb#fe6600&#8243; size=\u00bb25&#8243; font_weight=\u00bbbold\u00bb txt_transform=\u00bbuppercase\u00bb margin_bottom=\u00bb0&#8243; font_family=\u00bbnone\u00bb]<span style=\"color: #ff6600;\"><a style=\"color: #ff6600;\" href=\"https:\/\/cortartec.net\/es\/productos\/acabados\/\">ACABADOS<\/a><\/span>[\/mk_fancy_title][mk_padding_divider size=\u00bb30&#8243; visibility=\u00bbvisible-sm\u00bb][mk_custom_list style=\u00bbmk-icon-angle-right\u00bb]\n<ul>\n<li><a href=\"https:\/\/cortartec.net\/es\/productos\/acabados\/zocalos\/\">Z\u00f3calos<\/a><\/li>\n<li><a href=\"https:\/\/cortartec.net\/es\/productos\/acabados\/zocalos-premium\/\">Z\u00f3calos Premium<\/a><\/li>\n<li><a href=\"https:\/\/cortartec.net\/es\/productos\/acabados\/perfiles-de-transicion-de-piso\/\">Perfiles de transici\u00f3n de piso<\/a><\/li>\n<li><a href=\"https:\/\/cortartec.net\/es\/productos\/acabados\/narices-de-paso\/\">Narices de paso<\/a><\/li>\n<li><a href=\"https:\/\/cortartec.net\/es\/productos\/acabados\/perfiles-para-la-ceramica-premium\/\">Perfiles de acabado para cer\u00e1mica<\/a><\/li>\n<li><a href=\"https:\/\/cortartec.net\/es\/productos\/acabados\/alfombras-de-entrada\/\">Alfombras<\/a><\/li>\n<li><a href=\"https:\/\/cortartec.net\/es\/productos\/acabados\/cortinas-hospital\/\">Cortinas hospitalarias<\/a><\/li>\n<\/ul>\n[\/mk_custom_list][mk_padding_divider size=\u00bb32&#8243; visibility=\u00bbhidden-sm\u00bb][\/vc_column][vc_column width=\u00bb1\/6&#8243;][mk_image src=\u00bbhttps:\/\/cortartec.net\/wp-content\/uploads\/2021\/06\/espuma-corta-fogo-cortartec.jpg\u00bb image_width=\u00bb300&#8243; image_height=\u00bb225&#8243; link=\u00bbhttps:\/\/cortartec.net\/es\/productos\/sistema-cortafuego\/\u00bb align=\u00bbcenter\u00bb margin_bottom=\u00bb20&#8243;][mk_fancy_title color=\u00bb#fe6600&#8243; size=\u00bb25&#8243; font_weight=\u00bbbold\u00bb txt_transform=\u00bbuppercase\u00bb margin_bottom=\u00bb0&#8243; font_family=\u00bbnone\u00bb]<span style=\"color: #ff6600;\"><a style=\"color: #ff6600;\" href=\"https:\/\/cortartec.net\/es\/productos\/sistema-cortafuego\/\">CORTAFUEGO<\/a><\/span>[\/mk_fancy_title][mk_padding_divider size=\u00bb32&#8243; visibility=\u00bbhidden-sm\u00bb][mk_custom_list style=\u00bbmk-icon-angle-right\u00bb]\n<ul>\n<li><a href=\"https:\/\/cortartec.net\/es\/productos\/juntas-de-dilatacion\/capas-cortafuegos\/\">Capa cortafuego<\/a><\/li>\n<li><a href=\"https:\/\/cortartec.net\/es\/productos\/juntas-de-dilatacion\/cordones-cortafuegos\/\">Cordones cortafuego<\/a><\/li>\n<li><a href=\"https:\/\/cortartec.net\/es\/productos\/juntas-de-dilatacion\/placas-cortafuego\/\">Placas cortafuego<\/a><\/li>\n<li><a href=\"https:\/\/cortartec.net\/es\/productos\/juntas-de-dilatacion\/espuma-cortafuego\/\">Espuma cortafuego<\/a><\/li>\n<li><a href=\"https:\/\/cortartec.net\/es\/productos\/juntas-de-dilatacion\/capas-cortafuegos-sv\/\">Capa cortafuego SV<\/a><\/li>\n<li><a href=\"https:\/\/cortartec.net\/es\/productos\/juntas-de-dilatacion\/capa-cortafuegos\/\">Capa cortafuego N<\/a><\/li>\n<li><a href=\"https:\/\/cortartec.net\/es\/productos\/sistema-cortafuego\/bandas-intumescentes\/\">Intumescentes<\/a><\/li>\n<li><a href=\"https:\/\/cortartec.net\/es\/productos\/sistema-cortafuego\/masilla-corta-fuego\/\">Mastic Cortafuego<\/a><\/li>\n<li><a href=\"https:\/\/cortartec.net\/es\/productos\/sistema-cortafuego\/cinta-cortafuego-para-puertas\/\">Cinta Cortafuegos para puertas<\/a><\/li>\n<li><a href=\"https:\/\/cortartec.net\/es\/productos\/sistema-cortafuego\/grella-cortafuego\/\">Grella Corta-fuego<\/a><\/li>\n<li><a href=\"https:\/\/cortartec.net\/es\/productos\/sistema-cortafuego\/placa-cortafuego\/\">Placa Cortafuego<\/a><\/li>\n<li><a href=\"https:\/\/cortartec.net\/es\/productos\/sistema-cortafuego\/collar-cortafuego\/\">Collares Cortafuego<\/a><\/li>\n<\/ul>\n[\/mk_custom_list][\/vc_column][\/vc_row][vc_row fullwidth=\u00bbtrue\u00bb fullwidth_content=\u00bbfalse\u00bb css=\u00bb.vc_custom_1597760494487{margin-top: 50px !important;padding-top: 30px !important;background-color: #fe6600 !important;}\u00bb][vc_column width=\u00bb2\/3&#8243;][mk_fancy_title tag_name=\u00bbh5&#8243; color=\u00bb#ffffff\u00bb size=\u00bb26&#8243; font_weight=\u00bb400&#8243; txt_transform=\u00bbnone\u00bb margin_top=\u00bb10&#8243; font_family=\u00bbnone\u00bb]Tienes preguntas? Estamos aqu\u00ed para ayudarte![\/mk_fancy_title][\/vc_column][vc_column width=\u00bb1\/3&#8243;][mk_button dimension=\u00bbflat\u00bb corner_style=\u00bbrounded\u00bb size=\u00bblarge\u00bb url=\u00bbhttps:\/\/cortartec.net\/es\/contactos\/\u00bb align=\u00bbright\u00bb margin_right=\u00bb0&#8243; el_class=\u00bbmrightButton\u00bb bg_color=\u00bb#f0f0f0&#8243; btn_hover_bg=\u00bb#ffffff\u00bb text_color=\u00bbdark\u00bb btn_hover_txt_color=\u00bb#fe6600&#8243;]CONT\u00c1CTANOS[\/mk_button][\/vc_column][\/vc_row]\n","protected":false},"excerpt":{"rendered":"<p>[mk_page_section bg_image=\u00bbhttps:\/\/cortartec.net\/wp-content\/uploads\/2015\/12\/slider2.jpg\u00bb bg_color=\u00bb#fe6600&#8243; blend_mode=\u00bbluminosity\u00bb bg_position=\u00bbcenter top\u00bb bg_repeat=\u00bbno-repeat\u00bb bg_stretch=\u00bbtrue\u00bb enable_3d=\u00bbtrue\u00bb speed_factor=\u00bb0.6&#8243; bg_gradient=\u00bbleft_bottom\u00bb video_color_mask=\u00bb#fbb857&#8243; gr_end=\u00bb#fe6600&#8243; video_opacity=\u00bb0.8&#8243; min_height=\u00bb0&#8243; full_width=\u00bbtrue\u00bb padding_top=\u00bb100&#8243; padding_bottom=\u00bb100&#8243; sidebar=\u00bbsidebar-1&#8243;][vc_column][mk_fancy_title color=\u00bb#ffffff\u00bb size=\u00bb48&#8243; font_weight=\u00bbbold\u00bb margin_bottom=\u00bb0&#8243; font_family=\u00bbnone\u00bb align=\u00bbcenter\u00bb]PRODUCTOS[\/mk_fancy_title][\/vc_column][\/mk_page_section][vc_row css=\u00bb.vc_custom_1597666193240{margin-top: 50px !important;}\u00bb][vc_column][vc_column_text disable_pattern=\u00bbfalse\u00bb align=\u00bbcenter\u00bb css=\u00bb.vc_custom_1579108462826{margin-bottom: 0px !important;}\u00bb]Explore las variadas soluciones que tenemos para usted. Comience selecionando la categoria de sistemas de construcci\u00f3n que desee.[\/vc_column_text][\/vc_column][\/vc_row][vc_row css=\u00bb.vc_custom_1597666209993{margin-top: 50px !important;}\u00bb][vc_column width=\u00bb1\/6&#8243;][mk_image src=\u00bbhttps:\/\/cortartec.net\/wp-content\/uploads\/2020\/01\/imagem3.png\u00bb [&hellip;]<\/p>\n","protected":false},"author":6,"featured_media":0,"parent":0,"menu_order":0,"comment_status":"closed","ping_status":"closed","template":"","meta":[],"yoast_head":"<!-- This site is optimized with the Yoast SEO plugin v19.4 - https:\/\/yoast.com\/wordpress\/plugins\/seo\/ -->\n<title>Juntas de dilataci\u00f3n, Estructuras, Proteccion y Acabados<\/title>\n<meta name=\"description\" content=\"Nuestra empresa est\u00e1 especializada en juntas de dilataci\u00f3n, estructuras, proteccion y acabados. Visite nuestro sitio web para descubrir c\u00f3mo podemos ayudarlo\" \/>\n<meta name=\"robots\" content=\"index, follow, max-snippet:-1, max-image-preview:large, max-video-preview:-1\" \/>\n<link rel=\"canonical\" href=\"https:\/\/cortartec.net\/es\/productos\/\" \/>\n<meta property=\"og:locale\" content=\"es_ES\" \/>\n<meta property=\"og:type\" content=\"article\" \/>\n<meta property=\"og:title\" content=\"Juntas de dilataci\u00f3n, Estructuras, Proteccion y Acabados\" \/>\n<meta property=\"og:description\" content=\"Nuestra empresa est\u00e1 especializada en juntas de dilataci\u00f3n, estructuras, proteccion y acabados. Visite nuestro sitio web para descubrir c\u00f3mo podemos ayudarlo\" \/>\n<meta property=\"og:url\" content=\"https:\/\/cortartec.net\/es\/productos\/\" \/>\n<meta property=\"og:site_name\" content=\"Cortartec\" \/>\n<meta property=\"article:publisher\" content=\"https:\/\/facebook.com\/cortartec\" \/>\n<meta property=\"article:modified_time\" content=\"2023-10-24T17:39:19+00:00\" \/>\n<meta name=\"twitter:card\" content=\"summary_large_image\" \/>\n<meta name=\"twitter:site\" content=\"@cortartec\" \/>\n<meta name=\"twitter:label1\" content=\"Tiempo de lectura\" \/>\n\t<meta name=\"twitter:data1\" content=\"4 minutos\" \/>\n<script type=\"application\/ld+json\" class=\"yoast-schema-graph\">{\"@context\":\"https:\/\/schema.org\",\"@graph\":[{\"@type\":\"Organization\",\"@id\":\"https:\/\/cortartec.net\/fr\/#organization\",\"name\":\"Cortartec\",\"url\":\"https:\/\/cortartec.net\/fr\/\",\"sameAs\":[\"https:\/\/instagram.com\/cortartec\",\"https:\/\/za.linkedin.com\/company\/cortartec?trk=recent-update_see-all\",\"https:\/\/pinterest.com\/cortartec\",\"https:\/\/youtube.com\/user\/cortartec\",\"https:\/\/facebook.com\/cortartec\",\"https:\/\/twitter.com\/cortartec\"],\"logo\":{\"@type\":\"ImageObject\",\"inLanguage\":\"es\",\"@id\":\"https:\/\/cortartec.net\/fr\/#\/schema\/logo\/image\/\",\"url\":\"https:\/\/cortartec.net\/wp-content\/uploads\/2019\/08\/logo.png\",\"contentUrl\":\"https:\/\/cortartec.net\/wp-content\/uploads\/2019\/08\/logo.png\",\"width\":400,\"height\":100,\"caption\":\"Cortartec\"},\"image\":{\"@id\":\"https:\/\/cortartec.net\/fr\/#\/schema\/logo\/image\/\"}},{\"@type\":\"WebSite\",\"@id\":\"https:\/\/cortartec.net\/fr\/#website\",\"url\":\"https:\/\/cortartec.net\/fr\/\",\"name\":\"Cortartec\",\"description\":\"\",\"publisher\":{\"@id\":\"https:\/\/cortartec.net\/fr\/#organization\"},\"potentialAction\":[{\"@type\":\"SearchAction\",\"target\":{\"@type\":\"EntryPoint\",\"urlTemplate\":\"https:\/\/cortartec.net\/fr\/?s={search_term_string}\"},\"query-input\":\"required name=search_term_string\"}],\"inLanguage\":\"es\"},{\"@type\":\"WebPage\",\"@id\":\"https:\/\/cortartec.net\/es\/productos\/\",\"url\":\"https:\/\/cortartec.net\/es\/productos\/\",\"name\":\"Juntas de dilataci\u00f3n, Estructuras, Proteccion y Acabados\",\"isPartOf\":{\"@id\":\"https:\/\/cortartec.net\/fr\/#website\"},\"datePublished\":\"2020-01-15T17:12:08+00:00\",\"dateModified\":\"2023-10-24T17:39:19+00:00\",\"description\":\"Nuestra empresa est\u00e1 especializada en juntas de dilataci\u00f3n, estructuras, proteccion y acabados. Visite nuestro sitio web para descubrir c\u00f3mo podemos ayudarlo\",\"breadcrumb\":{\"@id\":\"https:\/\/cortartec.net\/es\/productos\/#breadcrumb\"},\"inLanguage\":\"es\",\"potentialAction\":[{\"@type\":\"ReadAction\",\"target\":[\"https:\/\/cortartec.net\/es\/productos\/\"]}]},{\"@type\":\"BreadcrumbList\",\"@id\":\"https:\/\/cortartec.net\/es\/productos\/#breadcrumb\",\"itemListElement\":[{\"@type\":\"ListItem\",\"position\":1,\"name\":\"In\u00edcio\",\"item\":\"https:\/\/cortartec.net\/es\/\"},{\"@type\":\"ListItem\",\"position\":2,\"name\":\"Productos\"}]}]}<\/script>\n<!-- \/ Yoast SEO plugin. -->","yoast_head_json":{"title":"Juntas de dilataci\u00f3n, Estructuras, Proteccion y Acabados","description":"Nuestra empresa est\u00e1 especializada en juntas de dilataci\u00f3n, estructuras, proteccion y acabados. Visite nuestro sitio web para descubrir c\u00f3mo podemos ayudarlo","robots":{"index":"index","follow":"follow","max-snippet":"max-snippet:-1","max-image-preview":"max-image-preview:large","max-video-preview":"max-video-preview:-1"},"canonical":"https:\/\/cortartec.net\/es\/productos\/","og_locale":"es_ES","og_type":"article","og_title":"Juntas de dilataci\u00f3n, Estructuras, Proteccion y Acabados","og_description":"Nuestra empresa est\u00e1 especializada en juntas de dilataci\u00f3n, estructuras, proteccion y acabados. Visite nuestro sitio web para descubrir c\u00f3mo podemos ayudarlo","og_url":"https:\/\/cortartec.net\/es\/productos\/","og_site_name":"Cortartec","article_publisher":"https:\/\/facebook.com\/cortartec","article_modified_time":"2023-10-24T17:39:19+00:00","twitter_card":"summary_large_image","twitter_site":"@cortartec","twitter_misc":{"Tiempo de lectura":"4 minutos"},"schema":{"@context":"https:\/\/schema.org","@graph":[{"@type":"Organization","@id":"https:\/\/cortartec.net\/fr\/#organization","name":"Cortartec","url":"https:\/\/cortartec.net\/fr\/","sameAs":["https:\/\/instagram.com\/cortartec","https:\/\/za.linkedin.com\/company\/cortartec?trk=recent-update_see-all","https:\/\/pinterest.com\/cortartec","https:\/\/youtube.com\/user\/cortartec","https:\/\/facebook.com\/cortartec","https:\/\/twitter.com\/cortartec"],"logo":{"@type":"ImageObject","inLanguage":"es","@id":"https:\/\/cortartec.net\/fr\/#\/schema\/logo\/image\/","url":"https:\/\/cortartec.net\/wp-content\/uploads\/2019\/08\/logo.png","contentUrl":"https:\/\/cortartec.net\/wp-content\/uploads\/2019\/08\/logo.png","width":400,"height":100,"caption":"Cortartec"},"image":{"@id":"https:\/\/cortartec.net\/fr\/#\/schema\/logo\/image\/"}},{"@type":"WebSite","@id":"https:\/\/cortartec.net\/fr\/#website","url":"https:\/\/cortartec.net\/fr\/","name":"Cortartec","description":"","publisher":{"@id":"https:\/\/cortartec.net\/fr\/#organization"},"potentialAction":[{"@type":"SearchAction","target":{"@type":"EntryPoint","urlTemplate":"https:\/\/cortartec.net\/fr\/?s={search_term_string}"},"query-input":"required name=search_term_string"}],"inLanguage":"es"},{"@type":"WebPage","@id":"https:\/\/cortartec.net\/es\/productos\/","url":"https:\/\/cortartec.net\/es\/productos\/","name":"Juntas de dilataci\u00f3n, Estructuras, Proteccion y Acabados","isPartOf":{"@id":"https:\/\/cortartec.net\/fr\/#website"},"datePublished":"2020-01-15T17:12:08+00:00","dateModified":"2023-10-24T17:39:19+00:00","description":"Nuestra empresa est\u00e1 especializada en juntas de dilataci\u00f3n, estructuras, proteccion y acabados. Visite nuestro sitio web para descubrir c\u00f3mo podemos ayudarlo","breadcrumb":{"@id":"https:\/\/cortartec.net\/es\/productos\/#breadcrumb"},"inLanguage":"es","potentialAction":[{"@type":"ReadAction","target":["https:\/\/cortartec.net\/es\/productos\/"]}]},{"@type":"BreadcrumbList","@id":"https:\/\/cortartec.net\/es\/productos\/#breadcrumb","itemListElement":[{"@type":"ListItem","position":1,"name":"In\u00edcio","item":"https:\/\/cortartec.net\/es\/"},{"@type":"ListItem","position":2,"name":"Productos"}]}]}},"_links":{"self":[{"href":"https:\/\/cortartec.net\/es\/wp-json\/wp\/v2\/pages\/2391"}],"collection":[{"href":"https:\/\/cortartec.net\/es\/wp-json\/wp\/v2\/pages"}],"about":[{"href":"https:\/\/cortartec.net\/es\/wp-json\/wp\/v2\/types\/page"}],"author":[{"embeddable":true,"href":"https:\/\/cortartec.net\/es\/wp-json\/wp\/v2\/users\/6"}],"replies":[{"embeddable":true,"href":"https:\/\/cortartec.net\/es\/wp-json\/wp\/v2\/comments?post=2391"}],"version-history":[{"count":5,"href":"https:\/\/cortartec.net\/es\/wp-json\/wp\/v2\/pages\/2391\/revisions"}],"predecessor-version":[{"id":14392,"href":"https:\/\/cortartec.net\/es\/wp-json\/wp\/v2\/pages\/2391\/revisions\/14392"}],"wp:attachment":[{"href":"https:\/\/cortartec.net\/es\/wp-json\/wp\/v2\/media?parent=2391"}],"curies":[{"name":"wp","href":"https:\/\/api.w.org\/{rel}","templated":true}]}}