{"id":2407,"date":"2020-01-16T12:43:19","date_gmt":"2020-01-16T12:43:19","guid":{"rendered":"https:\/\/cortartec.net\/?page_id=2407"},"modified":"2023-04-19T09:33:47","modified_gmt":"2023-04-19T09:33:47","slug":"proyectos","status":"publish","type":"page","link":"https:\/\/cortartec.net\/es\/proyectos\/","title":{"rendered":"Proyectos"},"content":{"rendered":"[mk_page_section bg_image=\u00bbhttps:\/\/cortartec.net\/wp-content\/uploads\/2015\/12\/slider2.jpg\u00bb bg_color=\u00bb#fe6600&#8243; blend_mode=\u00bbluminosity\u00bb bg_position=\u00bbcenter top\u00bb bg_repeat=\u00bbno-repeat\u00bb bg_stretch=\u00bbtrue\u00bb enable_3d=\u00bbtrue\u00bb speed_factor=\u00bb0.6&#8243; bg_gradient=\u00bbleft_bottom\u00bb video_color_mask=\u00bb#fbb857&#8243; gr_end=\u00bb#fe6600&#8243; video_opacity=\u00bb0.8&#8243; min_height=\u00bb0&#8243; full_width=\u00bbtrue\u00bb padding_top=\u00bb100&#8243; padding_bottom=\u00bb100&#8243; sidebar=\u00bbsidebar-1&#8243;][vc_column][mk_fancy_title color=\u00bb#ffffff\u00bb size=\u00bb48&#8243; font_weight=\u00bbbold\u00bb margin_bottom=\u00bb0&#8243; font_family=\u00bbnone\u00bb align=\u00bbcenter\u00bb]<span style=\"color: #ffffff;\">PROYECTOS[\/mk_fancy_title][\/vc_column][\/mk_page_section][vc_row][vc_column][mk_padding_divider size=\u00bb80&#8243;][\/vc_column][\/vc_row][vc_row][vc_column][mk_fancy_title color=\u00bb#fe6600&#8243; size=\u00bb34&#8243; font_weight=\u00bb300&#8243; txt_transform=\u00bbuppercase\u00bb margin_bottom=\u00bb7&#8243; font_family=\u00bbnone\u00bb align=\u00bbcenter\u00bb]MAS DE 20 A\u00d1OS DE <strong>EXPERIENCIA<\/strong>[\/mk_fancy_title][vc_column_text disable_pattern=\u00bbfalse\u00bb align=\u00bbcenter\u00bb css=\u00bb.vc_custom_1625154512904{margin-bottom: 0px !important;}\u00bb]<span style=\"font-size: 16px; line-height: 30px;\">En esta p\u00e1gina puede\u00a0 conocer algunos de nuestros proyectos terminados recientemente, tanto en Portugal como en el extranjero.<\/span>[\/vc_column_text][\/vc_column][\/vc_row][vc_row][vc_column][mk_padding_divider][\/vc_column][\/vc_row][vc_row][vc_column width=\u00bb1\/4&#8243;][vc_single_image image=\u00bb13771&#8243; img_size=\u00bb255&#215;285&#8243; alignment=\u00bbcenter\u00bb onclick=\u00bbcustom_link\u00bb link=\u00bb#\u00bb][mk_fancy_title tag_name=\u00bbh3&#8243; size=\u00bb16&#8243; font_weight=\u00bbbold\u00bb font_family=\u00bbnone\u00bb]La universidad de Minho[\/mk_fancy_title][\/vc_column][vc_column width=\u00bb1\/4&#8243;][vc_single_image image=\u00bb13803&#8243; img_size=\u00bb255&#215;285&#8243; alignment=\u00bbcenter\u00bb onclick=\u00bbcustom_link\u00bb link=\u00bb#\u00bb][mk_fancy_title tag_name=\u00bbh3&#8243; size=\u00bb16&#8243; font_weight=\u00bbbold\u00bb font_family=\u00bbnone\u00bb]Hotel J\u00fapiter Marina[\/mk_fancy_title][\/vc_column][vc_column width=\u00bb1\/4&#8243;][vc_single_image image=\u00bb13791&#8243; img_size=\u00bb255&#215;285&#8243; alignment=\u00bbcenter\u00bb onclick=\u00bbcustom_link\u00bb link=\u00bb#\u00bb][mk_fancy_title tag_name=\u00bbh3&#8243; size=\u00bb16&#8243; font_weight=\u00bbbold\u00bb font_family=\u00bbnone\u00bb]Auchan de Matosinhos[\/mk_fancy_title][\/vc_column][vc_column width=\u00bb1\/4&#8243;][vc_single_image image=\u00bb13725&#8243; img_size=\u00bb255&#215;285&#8243; alignment=\u00bbcenter\u00bb onclick=\u00bbcustom_link\u00bb link=\u00bb#\u00bb][mk_fancy_title tag_name=\u00bbh3&#8243; size=\u00bb16&#8243; font_weight=\u00bbbold\u00bb font_family=\u00bbnone\u00bb]Aldi \u00c1guas Santas[\/mk_fancy_title][\/vc_column][\/vc_row][vc_row][vc_column width=\u00bb1\/4&#8243;][vc_single_image image=\u00bb10388&#8243; img_size=\u00bb255&#215;285&#8243; alignment=\u00bbcenter\u00bb onclick=\u00bbcustom_link\u00bb link=\u00bb#\u00bb][mk_fancy_title tag_name=\u00bbh3&#8243; size=\u00bb16&#8243; font_weight=\u00bbbold\u00bb font_family=\u00bbnone\u00bb]Hospital Santo Espirito &#8211; Isla Terceira[\/mk_fancy_title][\/vc_column][vc_column width=\u00bb1\/4&#8243;][vc_single_image image=\u00bb10356&#8243; img_size=\u00bb255&#215;285&#8243; alignment=\u00bbcenter\u00bb onclick=\u00bbcustom_link\u00bb link=\u00bb#\u00bb][mk_fancy_title tag_name=\u00bbh3&#8243; size=\u00bb16&#8243; font_weight=\u00bbbold\u00bb font_family=\u00bbnone\u00bb]Hospital da Luz[\/mk_fancy_title][\/vc_column][vc_column width=\u00bb1\/4&#8243;][vc_single_image image=\u00bb10392&#8243; img_size=\u00bb255&#215;285&#8243; alignment=\u00bbcenter\u00bb onclick=\u00bbcustom_link\u00bb link=\u00bb#\u00bb][mk_fancy_title tag_name=\u00bbh3&#8243; size=\u00bb16&#8243; font_weight=\u00bbbold\u00bb font_family=\u00bbnone\u00bb]Centro de Artes Gra\u00e7a Morais[\/mk_fancy_title][\/vc_column][vc_column width=\u00bb1\/4&#8243;][vc_single_image image=\u00bb10396&#8243; img_size=\u00bb255&#215;285&#8243; alignment=\u00bbcenter\u00bb onclick=\u00bbcustom_link\u00bb link=\u00bb#\u00bb][mk_fancy_title tag_name=\u00bbh3&#8243; size=\u00bb16&#8243; font_weight=\u00bbbold\u00bb font_family=\u00bbnone\u00bb]UCI- Hospital da Horta[\/mk_fancy_title][\/vc_column][\/vc_row][vc_row][vc_column width=\u00bb1\/4&#8243;][vc_single_image image=\u00bb10336&#8243; img_size=\u00bb255&#215;285&#8243; alignment=\u00bbcenter\u00bb onclick=\u00bbcustom_link\u00bb link=\u00bb#\u00bb][mk_fancy_title tag_name=\u00bbh3&#8243; size=\u00bb16&#8243; font_weight=\u00bbbold\u00bb font_family=\u00bbnone\u00bb]Escola\u00a0 EB 2,3 Santa Luzia Elvas[\/mk_fancy_title][\/vc_column][vc_column width=\u00bb1\/4&#8243;][vc_single_image image=\u00bb10360&#8243; img_size=\u00bb255&#215;285&#8243; alignment=\u00bbcenter\u00bb onclick=\u00bbcustom_link\u00bb link=\u00bb#\u00bb][mk_fancy_title tag_name=\u00bbh3&#8243; size=\u00bb16&#8243; font_weight=\u00bbbold\u00bb font_family=\u00bbnone\u00bb]Mercadona VN Gaia[\/mk_fancy_title][\/vc_column][vc_column width=\u00bb1\/4&#8243;][vc_single_image image=\u00bb10344&#8243; img_size=\u00bb255&#215;285&#8243; alignment=\u00bbcenter\u00bb onclick=\u00bbcustom_link\u00bb link=\u00bb#\u00bb][mk_fancy_title tag_name=\u00bbh3&#8243; size=\u00bb16&#8243; font_weight=\u00bbbold\u00bb font_family=\u00bbnone\u00bb]Hotel Sana Executive[\/mk_fancy_title][\/vc_column][vc_column width=\u00bb1\/4&#8243;][vc_single_image image=\u00bb10332&#8243; img_size=\u00bb255&#215;285&#8243; alignment=\u00bbcenter\u00bb onclick=\u00bbcustom_link\u00bb link=\u00bb#\u00bb][mk_fancy_title tag_name=\u00bbh3&#8243; size=\u00bb16&#8243; font_weight=\u00bbbold\u00bb font_family=\u00bbnone\u00bb]Hospital privado chaves[\/mk_fancy_title][\/vc_column][\/vc_row][vc_row][vc_column width=\u00bb1\/4&#8243;][vc_single_image image=\u00bb10348&#8243; img_size=\u00bb255&#215;285&#8243; alignment=\u00bbcenter\u00bb onclick=\u00bbcustom_link\u00bb link=\u00bb#\u00bb][mk_fancy_title tag_name=\u00bbh3&#8243; size=\u00bb16&#8243; font_weight=\u00bbbold\u00bb font_family=\u00bbnone\u00bb]Lidl Caldas da Rainha[\/mk_fancy_title][\/vc_column][vc_column width=\u00bb1\/4&#8243;][vc_single_image image=\u00bb10376&#8243; img_size=\u00bb255&#215;285&#8243; alignment=\u00bbcenter\u00bb onclick=\u00bbcustom_link\u00bb link=\u00bb#\u00bb][mk_fancy_title tag_name=\u00bbh3&#8243; size=\u00bb16&#8243; font_weight=\u00bbbold\u00bb font_family=\u00bbnone\u00bb]Edif\u00edcio Promenade[\/mk_fancy_title][\/vc_column][vc_column width=\u00bb1\/4&#8243;][vc_single_image image=\u00bb10380&#8243; img_size=\u00bb255&#215;285&#8243; alignment=\u00bbcenter\u00bb onclick=\u00bbcustom_link\u00bb link=\u00bb#\u00bb][mk_fancy_title tag_name=\u00bbh3&#8243; size=\u00bb16&#8243; font_weight=\u00bbbold\u00bb font_family=\u00bbnone\u00bb]T\u00fanel do Bolh\u00e3o[\/mk_fancy_title][\/vc_column][vc_column width=\u00bb1\/4&#8243;][vc_single_image image=\u00bb10352&#8243; img_size=\u00bb255&#215;285&#8243; alignment=\u00bbcenter\u00bb onclick=\u00bbcustom_link\u00bb link=\u00bb#\u00bb][mk_fancy_title tag_name=\u00bbh3&#8243; size=\u00bb16&#8243; font_weight=\u00bbbold\u00bb font_family=\u00bbnone\u00bb]Hospital da CUF Torres Vedras[\/mk_fancy_title][\/vc_column][\/vc_row][vc_row][vc_column width=\u00bb1\/4&#8243;][vc_single_image image=\u00bb9793&#8243; img_size=\u00bb255&#215;285&#8243; alignment=\u00bbcenter\u00bb onclick=\u00bbcustom_link\u00bb link=\u00bb#\u00bb][mk_fancy_title tag_name=\u00bbh3&#8243; size=\u00bb16&#8243; font_weight=\u00bbbold\u00bb font_family=\u00bbnone\u00bb]Auchan de Castelo Branco[\/mk_fancy_title][\/vc_column][vc_column width=\u00bb1\/4&#8243;][vc_single_image image=\u00bb10384&#8243; img_size=\u00bb255&#215;285&#8243; alignment=\u00bbcenter\u00bb onclick=\u00bbcustom_link\u00bb link=\u00bb#\u00bb][mk_fancy_title tag_name=\u00bbh3&#8243; size=\u00bb16&#8243; font_weight=\u00bbbold\u00bb font_family=\u00bbnone\u00bb]Unidade de Sa\u00fade Santo Onofre \u2013 Caldas da Rainha[\/mk_fancy_title][\/vc_column][vc_column width=\u00bb1\/4&#8243;][vc_single_image image=\u00bb10364&#8243; img_size=\u00bb255&#215;285&#8243; alignment=\u00bbcenter\u00bb onclick=\u00bbcustom_link\u00bb link=\u00bb#\u00bb][mk_fancy_title tag_name=\u00bbh3&#8243; size=\u00bb16&#8243; font_weight=\u00bbbold\u00bb font_family=\u00bbnone\u00bb]Centro Comercial Mar Shopping[\/mk_fancy_title][\/vc_column][vc_column width=\u00bb1\/4&#8243;][vc_single_image image=\u00bb11270&#8243; img_size=\u00bb255&#215;285&#8243; alignment=\u00bbcenter\u00bb onclick=\u00bbcustom_link\u00bb link=\u00bb#\u00bb][mk_fancy_title tag_name=\u00bbh3&#8243; size=\u00bb16&#8243; font_weight=\u00bbbold\u00bb font_family=\u00bbnone\u00bb]Centro Comercial Almeria[\/mk_fancy_title][\/vc_column][\/vc_row][vc_row][vc_column width=\u00bb1\/4&#8243;][vc_single_image image=\u00bb10368&#8243; img_size=\u00bb255&#215;285&#8243; alignment=\u00bbcenter\u00bb onclick=\u00bbcustom_link\u00bb link=\u00bb#\u00bb][mk_fancy_title tag_name=\u00bbh3&#8243; size=\u00bb16&#8243; font_weight=\u00bbbold\u00bb font_family=\u00bbnone\u00bb]Emprendimento One Living[\/mk_fancy_title][\/vc_column][vc_column width=\u00bb1\/4&#8243;][vc_single_image image=\u00bb459&#8243; img_size=\u00bb255&#215;285&#8243; alignment=\u00bbcenter\u00bb onclick=\u00bbcustom_link\u00bb link=\u00bb#\u00bb][mk_fancy_title tag_name=\u00bbh3&#8243; size=\u00bb16&#8243; font_weight=\u00bbbold\u00bb font_family=\u00bbnone\u00bb]Centro Comercial Madrid[\/mk_fancy_title][\/vc_column][vc_column width=\u00bb1\/4&#8243;][vc_single_image image=\u00bb461&#8243; img_size=\u00bb255&#215;285&#8243; alignment=\u00bbcenter\u00bb onclick=\u00bbcustom_link\u00bb link=\u00bb#\u00bb][mk_fancy_title tag_name=\u00bbh3&#8243; size=\u00bb16&#8243; font_weight=\u00bbbold\u00bb font_family=\u00bbnone\u00bb]Centro Comercial de Doha[\/mk_fancy_title][\/vc_column][vc_column width=\u00bb1\/4&#8243;][vc_single_image image=\u00bb463&#8243; img_size=\u00bb255&#215;285&#8243; alignment=\u00bbcenter\u00bb onclick=\u00bbcustom_link\u00bb link=\u00bb#\u00bb][mk_fancy_title tag_name=\u00bbh3&#8243; size=\u00bb16&#8243; font_weight=\u00bbbold\u00bb font_family=\u00bbnone\u00bb]Condominio Residencial en Luanda[\/mk_fancy_title][\/vc_column][vc_column][\/vc_column][\/vc_row][vc_row][vc_column width=\u00bb1\/4&#8243;][vc_single_image image=\u00bb10340&#8243; img_size=\u00bb255&#215;285&#8243; alignment=\u00bbcenter\u00bb onclick=\u00bbcustom_link\u00bb link=\u00bb#\u00bb][mk_fancy_title tag_name=\u00bbh3&#8243; size=\u00bb16&#8243; font_weight=\u00bbbold\u00bb font_family=\u00bbnone\u00bb]Guimar\u00e3es Shopping[\/mk_fancy_title][\/vc_column][vc_column width=\u00bb1\/4&#8243;][vc_single_image image=\u00bb10324&#8243; img_size=\u00bb255&#215;285&#8243; alignment=\u00bbcenter\u00bb onclick=\u00bbcustom_link\u00bb link=\u00bb#\u00bb][mk_fancy_title tag_name=\u00bbh3&#8243; size=\u00bb16&#8243; font_weight=\u00bbbold\u00bb font_family=\u00bbnone\u00bb]Edif\u00edcio Evolution Matosinhos[\/mk_fancy_title][\/vc_column][vc_column width=\u00bb1\/4&#8243;][vc_single_image image=\u00bb10328&#8243; img_size=\u00bb255&#215;285&#8243; alignment=\u00bbcenter\u00bb onclick=\u00bbcustom_link\u00bb link=\u00bb#\u00bb][mk_fancy_title tag_name=\u00bbh3&#8243; size=\u00bb16&#8243; font_weight=\u00bbbold\u00bb font_family=\u00bbnone\u00bb]EMEF Campolide[\/mk_fancy_title][\/vc_column][vc_column width=\u00bb1\/4&#8243;][vc_single_image image=\u00bb10372&#8243; img_size=\u00bb255&#215;285&#8243; alignment=\u00bbcenter\u00bb onclick=\u00bbcustom_link\u00bb link=\u00bb#\u00bb][mk_fancy_title tag_name=\u00bbh3&#8243; size=\u00bb16&#8243; font_weight=\u00bbbold\u00bb font_family=\u00bbnone\u00bb]Castelo De Palmela[\/mk_fancy_title][\/vc_column][\/vc_row][vc_row][vc_column width=\u00bb1\/4&#8243;][vc_single_image image=\u00bb467&#8243; img_size=\u00bb255&#215;285&#8243; alignment=\u00bbcenter\u00bb onclick=\u00bbcustom_link\u00bb link=\u00bb#\u00bb][mk_fancy_title tag_name=\u00bbh3&#8243; size=\u00bb16&#8243; font_weight=\u00bbbold\u00bb font_family=\u00bbnone\u00bb]Tienda de muebles en Vila Nova de Gaia[\/mk_fancy_title][\/vc_column][vc_column width=\u00bb1\/4&#8243;][vc_single_image image=\u00bb469&#8243; img_size=\u00bb255&#215;285&#8243; alignment=\u00bbcenter\u00bb onclick=\u00bbcustom_link\u00bb link=\u00bb#\u00bb][mk_fancy_title tag_name=\u00bbh3&#8243; size=\u00bb16&#8243; font_weight=\u00bbbold\u00bb font_family=\u00bbnone\u00bb]Centro Comercial Portim\u00e3o[\/mk_fancy_title][\/vc_column][vc_column width=\u00bb1\/4&#8243;][vc_single_image image=\u00bb471&#8243; img_size=\u00bb255&#215;285&#8243; alignment=\u00bbcenter\u00bb onclick=\u00bbcustom_link\u00bb link=\u00bb#\u00bb][mk_fancy_title tag_name=\u00bbh3&#8243; size=\u00bb16&#8243; font_weight=\u00bbbold\u00bb font_family=\u00bbnone\u00bb]Hospital Tatalona[\/mk_fancy_title][\/vc_column][vc_column width=\u00bb1\/4&#8243;][vc_single_image image=\u00bb473&#8243; img_size=\u00bb255&#215;285&#8243; alignment=\u00bbcenter\u00bb onclick=\u00bbcustom_link\u00bb link=\u00bb#\u00bb][mk_fancy_title tag_name=\u00bbh3&#8243; size=\u00bb16&#8243; font_weight=\u00bbbold\u00bb font_family=\u00bbnone\u00bb]Paking en Lisboa[\/mk_fancy_title][\/vc_column][\/vc_row][vc_row css=\u00bb.vc_custom_1597760602162{margin-top: 50px !important;}\u00bb][vc_column width=\u00bb1\/4&#8243;][vc_single_image image=\u00bb475&#8243; img_size=\u00bb255&#215;285&#8243; alignment=\u00bbcenter\u00bb onclick=\u00bbcustom_link\u00bb link=\u00bb#\u00bb][mk_fancy_title tag_name=\u00bbh3&#8243; size=\u00bb16&#8243; font_weight=\u00bbbold\u00bb font_family=\u00bbnone\u00bb]Aparcamiento del ayuntamiento de Lisboa[\/mk_fancy_title][\/vc_column][vc_column width=\u00bb1\/4&#8243;][vc_single_image image=\u00bb477&#8243; img_size=\u00bb255&#215;285&#8243; alignment=\u00bbcenter\u00bb onclick=\u00bbcustom_link\u00bb link=\u00bb#\u00bb][mk_fancy_title tag_name=\u00bbh3&#8243; size=\u00bb16&#8243; font_weight=\u00bbbold\u00bb font_family=\u00bbnone\u00bb]Instituto de Medicina forense[\/mk_fancy_title][\/vc_column][vc_column width=\u00bb1\/4&#8243;][vc_single_image image=\u00bb479&#8243; img_size=\u00bb255&#215;285&#8243; alignment=\u00bbcenter\u00bb onclick=\u00bbcustom_link\u00bb link=\u00bb#\u00bb][mk_fancy_title tag_name=\u00bbh3&#8243; size=\u00bb16&#8243; font_weight=\u00bbbold\u00bb font_family=\u00bbnone\u00bb]Centro Comercial Cascais[\/mk_fancy_title][\/vc_column][vc_column width=\u00bb1\/4&#8243;][vc_single_image image=\u00bb481&#8243; img_size=\u00bb255&#215;285&#8243; alignment=\u00bbcenter\u00bb onclick=\u00bbcustom_link\u00bb link=\u00bb#\u00bb][mk_fancy_title tag_name=\u00bbh3&#8243; size=\u00bb16&#8243; font_weight=\u00bbbold\u00bb font_family=\u00bbnone\u00bb]Centro Comercial en Vila do Conde[\/mk_fancy_title][\/vc_column][\/vc_row][vc_row fullwidth=\u00bbtrue\u00bb fullwidth_content=\u00bbfalse\u00bb css=\u00bb.vc_custom_1597403978460{margin-top: 50px !important;padding-top: 30px !important;background-color: #fe6600 !important;}\u00bb][vc_column width=\u00bb2\/3&#8243;][mk_fancy_title tag_name=\u00bbh5&#8243; color=\u00bb#ffffff\u00bb size=\u00bb26&#8243; font_weight=\u00bb400&#8243; txt_transform=\u00bbnone\u00bb margin_top=\u00bb10&#8243; font_family=\u00bbnone\u00bb]Tienes perguntas? Estamos aqu\u00ed para ayudarte![\/mk_fancy_title][\/vc_column][vc_column width=\u00bb1\/3&#8243;][mk_button dimension=\u00bbflat\u00bb corner_style=\u00bbrounded\u00bb size=\u00bblarge\u00bb url=\u00bbhttps:\/\/cortartec.net\/es\/contactos\/\u00bb align=\u00bbright\u00bb margin_right=\u00bb0&#8243; el_class=\u00bbmrightButton\u00bb bg_color=\u00bb#f0f0f0&#8243; btn_hover_bg=\u00bb#ffffff\u00bb text_color=\u00bbdark\u00bb btn_hover_txt_color=\u00bb#fe6600&#8243;]CONT\u00c1CTANOS[\/mk_button][\/vc_column][\/vc_row][vc_row][vc_column][vc_column_text]<\/span>[\/vc_column_text][\/vc_column][\/vc_row]\n","protected":false},"excerpt":{"rendered":"<p>[mk_page_section bg_image=\u00bbhttps:\/\/cortartec.net\/wp-content\/uploads\/2015\/12\/slider2.jpg\u00bb bg_color=\u00bb#fe6600&#8243; blend_mode=\u00bbluminosity\u00bb bg_position=\u00bbcenter top\u00bb bg_repeat=\u00bbno-repeat\u00bb bg_stretch=\u00bbtrue\u00bb enable_3d=\u00bbtrue\u00bb speed_factor=\u00bb0.6&#8243; bg_gradient=\u00bbleft_bottom\u00bb video_color_mask=\u00bb#fbb857&#8243; gr_end=\u00bb#fe6600&#8243; video_opacity=\u00bb0.8&#8243; min_height=\u00bb0&#8243; full_width=\u00bbtrue\u00bb padding_top=\u00bb100&#8243; padding_bottom=\u00bb100&#8243; sidebar=\u00bbsidebar-1&#8243;][vc_column][mk_fancy_title color=\u00bb#ffffff\u00bb size=\u00bb48&#8243; font_weight=\u00bbbold\u00bb margin_bottom=\u00bb0&#8243; font_family=\u00bbnone\u00bb align=\u00bbcenter\u00bb]PROYECTOS[\/mk_fancy_title][\/vc_column][\/mk_page_section][vc_row][vc_column][mk_padding_divider size=\u00bb80&#8243;][\/vc_column][\/vc_row][vc_row][vc_column][mk_fancy_title color=\u00bb#fe6600&#8243; size=\u00bb34&#8243; font_weight=\u00bb300&#8243; txt_transform=\u00bbuppercase\u00bb margin_bottom=\u00bb7&#8243; font_family=\u00bbnone\u00bb align=\u00bbcenter\u00bb]MAS DE 20 A\u00d1OS DE EXPERIENCIA[\/mk_fancy_title][vc_column_text disable_pattern=\u00bbfalse\u00bb align=\u00bbcenter\u00bb css=\u00bb.vc_custom_1625154512904{margin-bottom: 0px !important;}\u00bb]En esta p\u00e1gina puede\u00a0 conocer algunos de nuestros proyectos terminados recientemente, tanto en [&hellip;]<\/p>\n","protected":false},"author":6,"featured_media":0,"parent":0,"menu_order":0,"comment_status":"closed","ping_status":"closed","template":"","meta":[],"yoast_head":"<!-- This site is optimized with the Yoast SEO plugin v19.4 - https:\/\/yoast.com\/wordpress\/plugins\/seo\/ -->\n<title>Proyectos de Cortartec: construcci\u00f3n civil, importaci\u00f3n y exportaci\u00f3n de productos<\/title>\n<meta name=\"description\" content=\"En esta p\u00e1gina puede descubrir algunos de los proyectos que hemos llevado a cabo en m\u00e1s de 20 a\u00f1os de experiencia, tanto en Portugal como en el extranjero.\" \/>\n<meta name=\"robots\" content=\"index, follow, max-snippet:-1, max-image-preview:large, max-video-preview:-1\" \/>\n<link rel=\"canonical\" href=\"https:\/\/cortartec.net\/es\/proyectos\/\" \/>\n<meta property=\"og:locale\" content=\"es_ES\" \/>\n<meta property=\"og:type\" content=\"article\" \/>\n<meta property=\"og:title\" content=\"Proyectos de Cortartec: construcci\u00f3n civil, importaci\u00f3n y exportaci\u00f3n de productos\" \/>\n<meta property=\"og:description\" content=\"En esta p\u00e1gina puede descubrir algunos de los proyectos que hemos llevado a cabo en m\u00e1s de 20 a\u00f1os de experiencia, tanto en Portugal como en el extranjero.\" \/>\n<meta property=\"og:url\" content=\"https:\/\/cortartec.net\/es\/proyectos\/\" \/>\n<meta property=\"og:site_name\" content=\"Cortartec\" \/>\n<meta property=\"article:publisher\" content=\"https:\/\/facebook.com\/cortartec\" \/>\n<meta property=\"article:modified_time\" content=\"2023-04-19T09:33:47+00:00\" \/>\n<meta name=\"twitter:card\" content=\"summary_large_image\" \/>\n<meta name=\"twitter:site\" content=\"@cortartec\" \/>\n<meta name=\"twitter:label1\" content=\"Tiempo de lectura\" \/>\n\t<meta name=\"twitter:data1\" content=\"9 minutos\" \/>\n<script type=\"application\/ld+json\" class=\"yoast-schema-graph\">{\"@context\":\"https:\/\/schema.org\",\"@graph\":[{\"@type\":\"Organization\",\"@id\":\"https:\/\/cortartec.net\/fr\/#organization\",\"name\":\"Cortartec\",\"url\":\"https:\/\/cortartec.net\/fr\/\",\"sameAs\":[\"https:\/\/instagram.com\/cortartec\",\"https:\/\/za.linkedin.com\/company\/cortartec?trk=recent-update_see-all\",\"https:\/\/pinterest.com\/cortartec\",\"https:\/\/youtube.com\/user\/cortartec\",\"https:\/\/facebook.com\/cortartec\",\"https:\/\/twitter.com\/cortartec\"],\"logo\":{\"@type\":\"ImageObject\",\"inLanguage\":\"es\",\"@id\":\"https:\/\/cortartec.net\/fr\/#\/schema\/logo\/image\/\",\"url\":\"https:\/\/cortartec.net\/wp-content\/uploads\/2019\/08\/logo.png\",\"contentUrl\":\"https:\/\/cortartec.net\/wp-content\/uploads\/2019\/08\/logo.png\",\"width\":400,\"height\":100,\"caption\":\"Cortartec\"},\"image\":{\"@id\":\"https:\/\/cortartec.net\/fr\/#\/schema\/logo\/image\/\"}},{\"@type\":\"WebSite\",\"@id\":\"https:\/\/cortartec.net\/fr\/#website\",\"url\":\"https:\/\/cortartec.net\/fr\/\",\"name\":\"Cortartec\",\"description\":\"\",\"publisher\":{\"@id\":\"https:\/\/cortartec.net\/fr\/#organization\"},\"potentialAction\":[{\"@type\":\"SearchAction\",\"target\":{\"@type\":\"EntryPoint\",\"urlTemplate\":\"https:\/\/cortartec.net\/fr\/?s={search_term_string}\"},\"query-input\":\"required name=search_term_string\"}],\"inLanguage\":\"es\"},{\"@type\":\"WebPage\",\"@id\":\"https:\/\/cortartec.net\/es\/proyectos\/\",\"url\":\"https:\/\/cortartec.net\/es\/proyectos\/\",\"name\":\"Proyectos de Cortartec: construcci\u00f3n civil, importaci\u00f3n y exportaci\u00f3n de productos\",\"isPartOf\":{\"@id\":\"https:\/\/cortartec.net\/fr\/#website\"},\"datePublished\":\"2020-01-16T12:43:19+00:00\",\"dateModified\":\"2023-04-19T09:33:47+00:00\",\"description\":\"En esta p\u00e1gina puede descubrir algunos de los proyectos que hemos llevado a cabo en m\u00e1s de 20 a\u00f1os de experiencia, tanto en Portugal como en el extranjero.\",\"breadcrumb\":{\"@id\":\"https:\/\/cortartec.net\/es\/proyectos\/#breadcrumb\"},\"inLanguage\":\"es\",\"potentialAction\":[{\"@type\":\"ReadAction\",\"target\":[\"https:\/\/cortartec.net\/es\/proyectos\/\"]}]},{\"@type\":\"BreadcrumbList\",\"@id\":\"https:\/\/cortartec.net\/es\/proyectos\/#breadcrumb\",\"itemListElement\":[{\"@type\":\"ListItem\",\"position\":1,\"name\":\"In\u00edcio\",\"item\":\"https:\/\/cortartec.net\/es\/\"},{\"@type\":\"ListItem\",\"position\":2,\"name\":\"Proyectos\"}]}]}<\/script>\n<!-- \/ Yoast SEO plugin. -->","yoast_head_json":{"title":"Proyectos de Cortartec: construcci\u00f3n civil, importaci\u00f3n y exportaci\u00f3n de productos","description":"En esta p\u00e1gina puede descubrir algunos de los proyectos que hemos llevado a cabo en m\u00e1s de 20 a\u00f1os de experiencia, tanto en Portugal como en el extranjero.","robots":{"index":"index","follow":"follow","max-snippet":"max-snippet:-1","max-image-preview":"max-image-preview:large","max-video-preview":"max-video-preview:-1"},"canonical":"https:\/\/cortartec.net\/es\/proyectos\/","og_locale":"es_ES","og_type":"article","og_title":"Proyectos de Cortartec: construcci\u00f3n civil, importaci\u00f3n y exportaci\u00f3n de productos","og_description":"En esta p\u00e1gina puede descubrir algunos de los proyectos que hemos llevado a cabo en m\u00e1s de 20 a\u00f1os de experiencia, tanto en Portugal como en el extranjero.","og_url":"https:\/\/cortartec.net\/es\/proyectos\/","og_site_name":"Cortartec","article_publisher":"https:\/\/facebook.com\/cortartec","article_modified_time":"2023-04-19T09:33:47+00:00","twitter_card":"summary_large_image","twitter_site":"@cortartec","twitter_misc":{"Tiempo de lectura":"9 minutos"},"schema":{"@context":"https:\/\/schema.org","@graph":[{"@type":"Organization","@id":"https:\/\/cortartec.net\/fr\/#organization","name":"Cortartec","url":"https:\/\/cortartec.net\/fr\/","sameAs":["https:\/\/instagram.com\/cortartec","https:\/\/za.linkedin.com\/company\/cortartec?trk=recent-update_see-all","https:\/\/pinterest.com\/cortartec","https:\/\/youtube.com\/user\/cortartec","https:\/\/facebook.com\/cortartec","https:\/\/twitter.com\/cortartec"],"logo":{"@type":"ImageObject","inLanguage":"es","@id":"https:\/\/cortartec.net\/fr\/#\/schema\/logo\/image\/","url":"https:\/\/cortartec.net\/wp-content\/uploads\/2019\/08\/logo.png","contentUrl":"https:\/\/cortartec.net\/wp-content\/uploads\/2019\/08\/logo.png","width":400,"height":100,"caption":"Cortartec"},"image":{"@id":"https:\/\/cortartec.net\/fr\/#\/schema\/logo\/image\/"}},{"@type":"WebSite","@id":"https:\/\/cortartec.net\/fr\/#website","url":"https:\/\/cortartec.net\/fr\/","name":"Cortartec","description":"","publisher":{"@id":"https:\/\/cortartec.net\/fr\/#organization"},"potentialAction":[{"@type":"SearchAction","target":{"@type":"EntryPoint","urlTemplate":"https:\/\/cortartec.net\/fr\/?s={search_term_string}"},"query-input":"required name=search_term_string"}],"inLanguage":"es"},{"@type":"WebPage","@id":"https:\/\/cortartec.net\/es\/proyectos\/","url":"https:\/\/cortartec.net\/es\/proyectos\/","name":"Proyectos de Cortartec: construcci\u00f3n civil, importaci\u00f3n y exportaci\u00f3n de productos","isPartOf":{"@id":"https:\/\/cortartec.net\/fr\/#website"},"datePublished":"2020-01-16T12:43:19+00:00","dateModified":"2023-04-19T09:33:47+00:00","description":"En esta p\u00e1gina puede descubrir algunos de los proyectos que hemos llevado a cabo en m\u00e1s de 20 a\u00f1os de experiencia, tanto en Portugal como en el extranjero.","breadcrumb":{"@id":"https:\/\/cortartec.net\/es\/proyectos\/#breadcrumb"},"inLanguage":"es","potentialAction":[{"@type":"ReadAction","target":["https:\/\/cortartec.net\/es\/proyectos\/"]}]},{"@type":"BreadcrumbList","@id":"https:\/\/cortartec.net\/es\/proyectos\/#breadcrumb","itemListElement":[{"@type":"ListItem","position":1,"name":"In\u00edcio","item":"https:\/\/cortartec.net\/es\/"},{"@type":"ListItem","position":2,"name":"Proyectos"}]}]}},"_links":{"self":[{"href":"https:\/\/cortartec.net\/es\/wp-json\/wp\/v2\/pages\/2407"}],"collection":[{"href":"https:\/\/cortartec.net\/es\/wp-json\/wp\/v2\/pages"}],"about":[{"href":"https:\/\/cortartec.net\/es\/wp-json\/wp\/v2\/types\/page"}],"author":[{"embeddable":true,"href":"https:\/\/cortartec.net\/es\/wp-json\/wp\/v2\/users\/6"}],"replies":[{"embeddable":true,"href":"https:\/\/cortartec.net\/es\/wp-json\/wp\/v2\/comments?post=2407"}],"version-history":[{"count":5,"href":"https:\/\/cortartec.net\/es\/wp-json\/wp\/v2\/pages\/2407\/revisions"}],"predecessor-version":[{"id":13807,"href":"https:\/\/cortartec.net\/es\/wp-json\/wp\/v2\/pages\/2407\/revisions\/13807"}],"wp:attachment":[{"href":"https:\/\/cortartec.net\/es\/wp-json\/wp\/v2\/media?parent=2407"}],"curies":[{"name":"wp","href":"https:\/\/api.w.org\/{rel}","templated":true}]}}