{"id":2412,"date":"2020-01-16T12:58:00","date_gmt":"2020-01-16T12:58:00","guid":{"rendered":"https:\/\/cortartec.net\/?page_id=2412"},"modified":"2026-02-11T16:01:50","modified_gmt":"2026-02-11T16:01:50","slug":"catalogos","status":"publish","type":"page","link":"https:\/\/cortartec.net\/es\/catalogos\/","title":{"rendered":"Cat\u00e1logos"},"content":{"rendered":"[mk_page_section bg_image=\u00bbhttps:\/\/cortartec.net\/wp-content\/uploads\/2015\/12\/slider2.jpg\u00bb bg_color=\u00bb#fe6600&#8243; blend_mode=\u00bbluminosity\u00bb bg_position=\u00bbcenter top\u00bb bg_repeat=\u00bbno-repeat\u00bb bg_stretch=\u00bbtrue\u00bb enable_3d=\u00bbtrue\u00bb speed_factor=\u00bb0.6&#8243; bg_gradient=\u00bbleft_bottom\u00bb video_color_mask=\u00bb#fbb857&#8243; gr_end=\u00bb#fe6600&#8243; video_opacity=\u00bb0.8&#8243; min_height=\u00bb0&#8243; full_width=\u00bbtrue\u00bb padding_top=\u00bb100&#8243; padding_bottom=\u00bb100&#8243; sidebar=\u00bbsidebar-1&#8243;][vc_column][mk_fancy_title color=\u00bb#ffffff\u00bb size=\u00bb48&#8243; font_weight=\u00bbbold\u00bb margin_bottom=\u00bb0&#8243; font_family=\u00bbnone\u00bb align=\u00bbcenter\u00bb]<span style=\"color: #ffffff;\">CAT\u00c1LOGOS[\/mk_fancy_title][\/vc_column][\/mk_page_section][vc_row][vc_column][mk_padding_divider size=\u00bb80&#8243;][\/vc_column][\/vc_row][vc_row el_class=\u00bbcatalogue-items\u00bb][vc_column width=\u00bb1\/3&#8243;][mk_fancy_title color=\u00bb#fe6600&#8243; size=\u00bb25&#8243; font_weight=\u00bbbold\u00bb txt_transform=\u00bbuppercase\u00bb margin_bottom=\u00bb5&#8243; font_family=\u00bbnone\u00bb]ESTRUCTURAS[\/mk_fancy_title][mk_custom_list style=\u00bbmk-icon-angle-right\u00bb]&nbsp;<\/p>\n<ul>\n<li><a href=\"https:\/\/cortartec.net\/wp-content\/uploads\/2023\/06\/cortartec-sistema-de-tirante-hmr-750-es.pdf\">Tirantes estructurales<\/a><\/li>\n<li><a href=\"https:\/\/cortartec.net\/wp-content\/uploads\/2023\/06\/cortartec-armadura-de-acero-inoxidable-es.pdf\">Acero inoxidable acanalado<\/a><\/li>\n<li><a href=\"https:\/\/cortartec.net\/wp-content\/uploads\/2023\/06\/cortartec-tirantes-de-refuerzos-es.pdf\">Pasadores esfuerzo de corte<\/a><\/li>\n<\/ul>\n[\/mk_custom_list][mk_fancy_title color=\u00bb#fe6600&#8243; size=\u00bb25&#8243; font_weight=\u00bbbold\u00bb txt_transform=\u00bbuppercase\u00bb margin_bottom=\u00bb5&#8243; font_family=\u00bbnone\u00bb]SISTEMAS CORTAFUEGO[\/mk_fancy_title][mk_custom_list style=\u00bbmk-icon-angle-right\u00bb]\n<ul>\n<li><a href=\"https:\/\/cortartec.net\/wp-content\/uploads\/2023\/06\/catalogo-cortartec_intu_fr_mastique-espanol-2.pdf\">Masilla cortafuego<\/a><\/li>\n<li><a href=\"https:\/\/cortartec.net\/wp-content\/uploads\/2021\/11\/cortartec-placas-intumescentes-corta-fuego-para-puertas-ficha-tecnica-espanol.pdf\">Cinta cortafuego para puertas<\/a><\/li>\n<li><a href=\"https:\/\/cortartec.net\/wp-content\/uploads\/2023\/06\/cortartec-rejilla-corta-fuego-intu_fr_grille-spain.pdf\">Rejilla\/grellas cortafuego<\/a><\/li>\n<li><a href=\"https:\/\/cortartec.net\/wp-content\/uploads\/2023\/06\/catalogo-cortartec_cor_fr_board_a-placa-corta-fogo-com-revestimento-ablativo-guardado-automaticamente.pdf\">Placa cortafuego<\/a><\/li>\n<li><a href=\"https:\/\/cortartec.net\/wp-content\/uploads\/2023\/06\/catalogo-cortartec_cor_fr_colar.pdf\">Collares cortafuego<\/a><\/li>\n<li><a href=\"https:\/\/cortartec.net\/wp-content\/uploads\/2023\/06\/cortartec-bandas-intumescentes-corta-fuego-ficha-tecnica-spain-1-1.pdf\">Bandas intumescentes<\/a><\/li>\n<li>juntas cortafuego<\/li>\n<\/ul>\n[\/mk_custom_list][\/vc_column][vc_column width=\u00bb1\/3&#8243;][mk_fancy_title color=\u00bb#fe6600&#8243; size=\u00bb25&#8243; font_weight=\u00bbbold\u00bb txt_transform=\u00bbuppercase\u00bb margin_bottom=\u00bb5&#8243; font_family=\u00bbnone\u00bb]JUNTAS DE DILATACI\u00d3N[\/mk_fancy_title][mk_custom_list style=\u00bbmk-icon-angle-right\u00bb]\n<ul>\n<li><a href=\"https:\/\/cortartec.net\/wp-content\/uploads\/2023\/06\/catalogo-juntas-geral-cortartec-es-eng.pdf\" target=\"_blank\" rel=\"noopener\">CAT\u00c1LOGO GENERAL DE JUNTAS- A<\/a><\/li>\n<li><a href=\"https:\/\/cortartec.net\/wp-content\/uploads\/2023\/06\/catalogo-juntas-geral-cortartec-es-eng.pdf\">Cubre\u00a0 juntas<\/a><\/li>\n<li>Juntas cortafuego<\/li>\n<li><a href=\"https:\/\/cortartec.net\/wp-content\/uploads\/2023\/06\/catalogo-juntas-geral-cortartec-es-eng.pdf\" target=\"_blank\" rel=\"noopener\">Llenado de juntas<\/a><\/li>\n<li><a href=\"https:\/\/cortartec.net\/wp-content\/uploads\/2023\/06\/catalogo-juntas-geral-cortartec-es-eng.pdf\" target=\"_blank\" rel=\"noopener\">Juntas de dilataci\u00f3n de piso<\/a><\/li>\n<li><a href=\"https:\/\/cortartec.net\/wp-content\/uploads\/2023\/06\/catalogo-juntas-geral-cortartec-es-eng.pdf\" target=\"_blank\" rel=\"noopener\">Juntas de techo<\/a><\/li>\n<li><a href=\"https:\/\/cortartec.net\/wp-content\/uploads\/2023\/06\/catalogo-juntas-geral-cortartec-es-eng.pdf\" target=\"_blank\" rel=\"noopener\">Juntas de dilataci\u00f3n s\u00edsmica<\/a><\/li>\n<li><a href=\"https:\/\/cortartec.net\/wp-content\/uploads\/2022\/04\/cortartec-juntas-waterstop-bae_es.pdf\">Juntas estancas<\/a><\/li>\n<li><a href=\"https:\/\/cortartec.net\/wp-content\/uploads\/2022\/04\/cortartec-juntas-waterstop-bae_es.pdf\">Juntas impermeables<\/a><\/li>\n<li><a href=\"https:\/\/cortartec.net\/wp-content\/uploads\/2023\/06\/catalogo-juntas-geral-cortartec-es-eng.pdf\" target=\"_blank\" rel=\"noopener\">Juntas isonorizadas y sin vibraciones<\/a><\/li>\n<li><a href=\"https:\/\/cortartec.net\/wp-content\/uploads\/2023\/06\/cortartec-corsem-juntas-puentes-y-viaductos-_es.pdf\">Juntas para puentes y viaductos<\/a><\/li>\n<li><a href=\"https:\/\/cortartec.net\/wp-content\/uploads\/2023\/06\/catalogo-juntas-geral-cortartec-es-eng.pdf\" target=\"_blank\" rel=\"noopener\">Juntas para aparcamientos<\/a><\/li>\n<li><a href=\"https:\/\/cortartec.net\/wp-content\/uploads\/2023\/06\/catalogo-juntas-geral-cortartec-es-eng.pdf\">Juntas de contraci\u00f3n y fraccionamiento<\/a><\/li>\n<li><a href=\"https:\/\/cortartec.net\/wp-content\/uploads\/2023\/06\/catalogo-juntas-geral-cortartec-es-eng.pdf\">Juntas de dilataci\u00f3n para fachadas<\/a><\/li>\n<li><a href=\"https:\/\/cortartec.net\/wp-content\/uploads\/2023\/06\/catalogo-juntas-geral-cortartec-es-eng.pdf\">Juntas de dilataci\u00f3n para falsos techos<\/a><\/li>\n<\/ul>\n[\/mk_custom_list][\/vc_column][vc_column width=\u00bb1\/3&#8243;][mk_fancy_title color=\u00bb#fe6600&#8243; size=\u00bb25&#8243; font_weight=\u00bbbold\u00bb txt_transform=\u00bbuppercase\u00bb margin_bottom=\u00bb5&#8243; font_family=\u00bbnone\u00bb]Alba\u00f1iler\u00eda[\/mk_fancy_title][mk_custom_list style=\u00bbmk-icon-angle-right\u00bb]\n<ul>\n<li><a href=\"https:\/\/cortartec.net\/wp-content\/uploads\/2023\/06\/cortartec-varoes-helicoidais-statical.es_.pdf\">Reparaci\u00f3n de alba\u00f1iler\u00eda en fachadas<\/a><\/li>\n<li><a href=\"https:\/\/cortartec.net\/wp-content\/uploads\/2023\/06\/cortartec-varoes-helicoidais-statical.es_.pdf\">Rehabilitaci\u00f3n de alba\u00f1iler\u00eda<\/a><\/li>\n<li><a href=\"https:\/\/cortartec.net\/wp-content\/uploads\/2023\/06\/cortartec-varoes-helicoidais-statical.es_.pdf\">Rehabilitaci\u00f3n del patrim\u00f3nio hist\u00f3rico<\/a><\/li>\n<\/ul>\n[\/mk_custom_list][mk_fancy_title color=\u00bb#fe6600&#8243; size=\u00bb25&#8243; font_weight=\u00bbbold\u00bb txt_transform=\u00bbuppercase\u00bb margin_bottom=\u00bb5&#8243; font_family=\u00bbnone\u00bb]ACABADOS[\/mk_fancy_title][mk_custom_list style=\u00bbmk-icon-angle-right\u00bb]\n<ul>\n<li><a href=\"https:\/\/cortartec.net\/wp-content\/uploads\/2026\/02\/cortartec-catalogo-general-de-proteccion-de-pared-esp.pdf\">Protecci\u00f3n de la pared<\/a><\/li>\n<li><a href=\"https:\/\/cortartec.net\/wp-content\/uploads\/2023\/06\/cortartec-catalogo-perfiles-de-acabados.pdf\">Perfiles de transici\u00f3n y acabado<\/a><\/li>\n<li><a href=\"https:\/\/cortartec.net\/wp-content\/uploads\/2023\/06\/cortartec-catalogo-perfiles-de-acabados.pdf\">Z\u00f3calos decorativos y perfiles<\/a><\/li>\n<li><a href=\"https:\/\/cortartec.net\/wp-content\/uploads\/2023\/06\/catalogo-alfombras-geral-es.pdf\">Alfombras de entrada<\/a><\/li>\n<li><a href=\"https:\/\/cortartec.net\/wp-content\/uploads\/2023\/06\/cortartec-catalogo-perfiles-de-acabados.pdf\">Perfiles de acabado cer\u00e1mico<\/a><\/li>\n<li><a href=\"https:\/\/cortartec.net\/wp-content\/uploads\/2023\/06\/cortartec-catalogo-perfiles-de-acabados.pdf\">Perfiles de acabado de acero inoxidable<\/a><\/li>\n<li><a href=\"https:\/\/cortartec.net\/wp-content\/uploads\/2023\/06\/cortartec-sistemas-de-cortinas-hospitalares-mts-es.pdf\">Cortinas hospitalarias<\/a><\/li>\n<\/ul>\n[\/mk_custom_list][mk_fancy_title color=\u00bb#fe6600&#8243; size=\u00bb25&#8243; font_weight=\u00bbbold\u00bb txt_transform=\u00bbuppercase\u00bb margin_bottom=\u00bb5&#8243; font_family=\u00bbnone\u00bb]FACHADAS[\/mk_fancy_title][mk_custom_list style=\u00bbmk-icon-angle-right\u00bb]\n<ul>\n<li><a href=\"https:\/\/cortartec.net\/wp-content\/uploads\/2023\/06\/cortartec-cgk-anclajes-fachada-ventilada-es.pdf\">Fachadas Ventiladas<\/a><\/li>\n<li><a href=\"https:\/\/cortartec.net\/wp-content\/uploads\/2023\/06\/cortartec-cgk-anclajes_fachada_ventilada_es2.pdf\">Fachadas con Subestructura<\/a><\/li>\n<li><a href=\"https:\/\/cortartec.net\/wp-content\/uploads\/2023\/06\/cortartec-cgk-anclajes_fachada_ventilada_es2.pdf\">Anclajes Mec\u00e1nicos para Piedra<\/a><\/li>\n<li><a href=\"https:\/\/cortartec.net\/wp-content\/uploads\/2023\/06\/cortartec-cgk-anclajes_fachada_ventilada_es2.pdf\">Soportes de Fijaci\u00f3n de Fachadas<\/a><\/li>\n<\/ul>\n[\/mk_custom_list][\/vc_column][\/vc_row][vc_row][vc_column][mk_padding_divider size=\u00bb80&#8243;][\/vc_column][\/vc_row][vc_row fullwidth=\u00bbtrue\u00bb fullwidth_content=\u00bbfalse\u00bb css=\u00bb.vc_custom_1597403978460{margin-top: 50px !important;padding-top: 30px !important;background-color: #fe6600 !important;}\u00bb][vc_column width=\u00bb2\/3&#8243;][mk_fancy_title tag_name=\u00bbh5&#8243; color=\u00bb#ffffff\u00bb size=\u00bb26&#8243; font_weight=\u00bb400&#8243; txt_transform=\u00bbnone\u00bb margin_top=\u00bb10&#8243; font_family=\u00bbnone\u00bb]Tienes preguntas? Estamos aqu\u00ed para ayudarte![\/mk_fancy_title][\/vc_column][vc_column width=\u00bb1\/3&#8243;][mk_button dimension=\u00bbflat\u00bb corner_style=\u00bbrounded\u00bb size=\u00bblarge\u00bb url=\u00bbhttps:\/\/cortartec.net\/es\/contactos\/\u00bb align=\u00bbright\u00bb margin_right=\u00bb0&#8243; el_class=\u00bbmrightButton\u00bb bg_color=\u00bb#f0f0f0&#8243; btn_hover_bg=\u00bb#ffffff\u00bb text_color=\u00bbdark\u00bb btn_hover_txt_color=\u00bb#fe6600&#8243;]CONT\u00c1CTANOS[\/mk_button][\/vc_column][\/vc_row]\n","protected":false},"excerpt":{"rendered":"<p>[mk_page_section bg_image=\u00bbhttps:\/\/cortartec.net\/wp-content\/uploads\/2015\/12\/slider2.jpg\u00bb bg_color=\u00bb#fe6600&#8243; blend_mode=\u00bbluminosity\u00bb bg_position=\u00bbcenter top\u00bb bg_repeat=\u00bbno-repeat\u00bb bg_stretch=\u00bbtrue\u00bb enable_3d=\u00bbtrue\u00bb speed_factor=\u00bb0.6&#8243; bg_gradient=\u00bbleft_bottom\u00bb video_color_mask=\u00bb#fbb857&#8243; gr_end=\u00bb#fe6600&#8243; video_opacity=\u00bb0.8&#8243; min_height=\u00bb0&#8243; full_width=\u00bbtrue\u00bb padding_top=\u00bb100&#8243; padding_bottom=\u00bb100&#8243; sidebar=\u00bbsidebar-1&#8243;][vc_column][mk_fancy_title color=\u00bb#ffffff\u00bb size=\u00bb48&#8243; font_weight=\u00bbbold\u00bb margin_bottom=\u00bb0&#8243; font_family=\u00bbnone\u00bb align=\u00bbcenter\u00bb]CAT\u00c1LOGOS[\/mk_fancy_title][\/vc_column][\/mk_page_section][vc_row][vc_column][mk_padding_divider size=\u00bb80&#8243;][\/vc_column][\/vc_row][vc_row el_class=\u00bbcatalogue-items\u00bb][vc_column width=\u00bb1\/3&#8243;][mk_fancy_title color=\u00bb#fe6600&#8243; size=\u00bb25&#8243; font_weight=\u00bbbold\u00bb txt_transform=\u00bbuppercase\u00bb margin_bottom=\u00bb5&#8243; font_family=\u00bbnone\u00bb]ESTRUCTURAS[\/mk_fancy_title][mk_custom_list style=\u00bbmk-icon-angle-right\u00bb]&nbsp; Tirantes estructurales Acero inoxidable acanalado Pasadores esfuerzo de corte [\/mk_custom_list][mk_fancy_title color=\u00bb#fe6600&#8243; size=\u00bb25&#8243; font_weight=\u00bbbold\u00bb txt_transform=\u00bbuppercase\u00bb margin_bottom=\u00bb5&#8243; font_family=\u00bbnone\u00bb]SISTEMAS CORTAFUEGO[\/mk_fancy_title][mk_custom_list style=\u00bbmk-icon-angle-right\u00bb] Masilla cortafuego [&hellip;]<\/p>\n","protected":false},"author":6,"featured_media":0,"parent":0,"menu_order":0,"comment_status":"closed","ping_status":"closed","template":"","meta":[],"yoast_head":"<!-- This site is optimized with the Yoast SEO plugin v19.4 - https:\/\/yoast.com\/wordpress\/plugins\/seo\/ -->\n<title>Productos Cortartec: estructuras, juntas de dilataci\u00f3n, sistemas cortafuego<\/title>\n<meta name=\"description\" content=\"Accede a la web de Cortartec para conocer nuestros productos y descarga cat\u00e1logos de estructuras, juntas de dilataci\u00f3n, sistemas cortafuego\" \/>\n<meta name=\"robots\" content=\"index, follow, max-snippet:-1, max-image-preview:large, max-video-preview:-1\" \/>\n<link rel=\"canonical\" href=\"https:\/\/cortartec.net\/es\/catalogos\/\" \/>\n<meta property=\"og:locale\" content=\"es_ES\" \/>\n<meta property=\"og:type\" content=\"article\" \/>\n<meta property=\"og:title\" content=\"Productos Cortartec: estructuras, juntas de dilataci\u00f3n, sistemas cortafuego\" \/>\n<meta property=\"og:description\" content=\"Accede a la web de Cortartec para conocer nuestros productos y descarga cat\u00e1logos de estructuras, juntas de dilataci\u00f3n, sistemas cortafuego\" \/>\n<meta property=\"og:url\" content=\"https:\/\/cortartec.net\/es\/catalogos\/\" \/>\n<meta property=\"og:site_name\" content=\"Cortartec\" \/>\n<meta property=\"article:publisher\" content=\"https:\/\/facebook.com\/cortartec\" \/>\n<meta property=\"article:modified_time\" content=\"2026-02-11T16:01:50+00:00\" \/>\n<meta name=\"twitter:card\" content=\"summary_large_image\" \/>\n<meta name=\"twitter:site\" content=\"@cortartec\" \/>\n<meta name=\"twitter:label1\" content=\"Tiempo de lectura\" \/>\n\t<meta name=\"twitter:data1\" content=\"2 minutos\" \/>\n<script type=\"application\/ld+json\" class=\"yoast-schema-graph\">{\"@context\":\"https:\/\/schema.org\",\"@graph\":[{\"@type\":\"Organization\",\"@id\":\"https:\/\/cortartec.net\/fr\/#organization\",\"name\":\"Cortartec\",\"url\":\"https:\/\/cortartec.net\/fr\/\",\"sameAs\":[\"https:\/\/instagram.com\/cortartec\",\"https:\/\/za.linkedin.com\/company\/cortartec?trk=recent-update_see-all\",\"https:\/\/pinterest.com\/cortartec\",\"https:\/\/youtube.com\/user\/cortartec\",\"https:\/\/facebook.com\/cortartec\",\"https:\/\/twitter.com\/cortartec\"],\"logo\":{\"@type\":\"ImageObject\",\"inLanguage\":\"es\",\"@id\":\"https:\/\/cortartec.net\/fr\/#\/schema\/logo\/image\/\",\"url\":\"https:\/\/cortartec.net\/wp-content\/uploads\/2019\/08\/logo.png\",\"contentUrl\":\"https:\/\/cortartec.net\/wp-content\/uploads\/2019\/08\/logo.png\",\"width\":400,\"height\":100,\"caption\":\"Cortartec\"},\"image\":{\"@id\":\"https:\/\/cortartec.net\/fr\/#\/schema\/logo\/image\/\"}},{\"@type\":\"WebSite\",\"@id\":\"https:\/\/cortartec.net\/fr\/#website\",\"url\":\"https:\/\/cortartec.net\/fr\/\",\"name\":\"Cortartec\",\"description\":\"\",\"publisher\":{\"@id\":\"https:\/\/cortartec.net\/fr\/#organization\"},\"potentialAction\":[{\"@type\":\"SearchAction\",\"target\":{\"@type\":\"EntryPoint\",\"urlTemplate\":\"https:\/\/cortartec.net\/fr\/?s={search_term_string}\"},\"query-input\":\"required name=search_term_string\"}],\"inLanguage\":\"es\"},{\"@type\":\"WebPage\",\"@id\":\"https:\/\/cortartec.net\/es\/catalogos\/\",\"url\":\"https:\/\/cortartec.net\/es\/catalogos\/\",\"name\":\"Productos Cortartec: estructuras, juntas de dilataci\u00f3n, sistemas cortafuego\",\"isPartOf\":{\"@id\":\"https:\/\/cortartec.net\/fr\/#website\"},\"datePublished\":\"2020-01-16T12:58:00+00:00\",\"dateModified\":\"2026-02-11T16:01:50+00:00\",\"description\":\"Accede a la web de Cortartec para conocer nuestros productos y descarga cat\u00e1logos de estructuras, juntas de dilataci\u00f3n, sistemas cortafuego\",\"breadcrumb\":{\"@id\":\"https:\/\/cortartec.net\/es\/catalogos\/#breadcrumb\"},\"inLanguage\":\"es\",\"potentialAction\":[{\"@type\":\"ReadAction\",\"target\":[\"https:\/\/cortartec.net\/es\/catalogos\/\"]}]},{\"@type\":\"BreadcrumbList\",\"@id\":\"https:\/\/cortartec.net\/es\/catalogos\/#breadcrumb\",\"itemListElement\":[{\"@type\":\"ListItem\",\"position\":1,\"name\":\"In\u00edcio\",\"item\":\"https:\/\/cortartec.net\/es\/\"},{\"@type\":\"ListItem\",\"position\":2,\"name\":\"Cat\u00e1logos\"}]}]}<\/script>\n<!-- \/ Yoast SEO plugin. -->","yoast_head_json":{"title":"Productos Cortartec: estructuras, juntas de dilataci\u00f3n, sistemas cortafuego","description":"Accede a la web de Cortartec para conocer nuestros productos y descarga cat\u00e1logos de estructuras, juntas de dilataci\u00f3n, sistemas cortafuego","robots":{"index":"index","follow":"follow","max-snippet":"max-snippet:-1","max-image-preview":"max-image-preview:large","max-video-preview":"max-video-preview:-1"},"canonical":"https:\/\/cortartec.net\/es\/catalogos\/","og_locale":"es_ES","og_type":"article","og_title":"Productos Cortartec: estructuras, juntas de dilataci\u00f3n, sistemas cortafuego","og_description":"Accede a la web de Cortartec para conocer nuestros productos y descarga cat\u00e1logos de estructuras, juntas de dilataci\u00f3n, sistemas cortafuego","og_url":"https:\/\/cortartec.net\/es\/catalogos\/","og_site_name":"Cortartec","article_publisher":"https:\/\/facebook.com\/cortartec","article_modified_time":"2026-02-11T16:01:50+00:00","twitter_card":"summary_large_image","twitter_site":"@cortartec","twitter_misc":{"Tiempo de lectura":"2 minutos"},"schema":{"@context":"https:\/\/schema.org","@graph":[{"@type":"Organization","@id":"https:\/\/cortartec.net\/fr\/#organization","name":"Cortartec","url":"https:\/\/cortartec.net\/fr\/","sameAs":["https:\/\/instagram.com\/cortartec","https:\/\/za.linkedin.com\/company\/cortartec?trk=recent-update_see-all","https:\/\/pinterest.com\/cortartec","https:\/\/youtube.com\/user\/cortartec","https:\/\/facebook.com\/cortartec","https:\/\/twitter.com\/cortartec"],"logo":{"@type":"ImageObject","inLanguage":"es","@id":"https:\/\/cortartec.net\/fr\/#\/schema\/logo\/image\/","url":"https:\/\/cortartec.net\/wp-content\/uploads\/2019\/08\/logo.png","contentUrl":"https:\/\/cortartec.net\/wp-content\/uploads\/2019\/08\/logo.png","width":400,"height":100,"caption":"Cortartec"},"image":{"@id":"https:\/\/cortartec.net\/fr\/#\/schema\/logo\/image\/"}},{"@type":"WebSite","@id":"https:\/\/cortartec.net\/fr\/#website","url":"https:\/\/cortartec.net\/fr\/","name":"Cortartec","description":"","publisher":{"@id":"https:\/\/cortartec.net\/fr\/#organization"},"potentialAction":[{"@type":"SearchAction","target":{"@type":"EntryPoint","urlTemplate":"https:\/\/cortartec.net\/fr\/?s={search_term_string}"},"query-input":"required name=search_term_string"}],"inLanguage":"es"},{"@type":"WebPage","@id":"https:\/\/cortartec.net\/es\/catalogos\/","url":"https:\/\/cortartec.net\/es\/catalogos\/","name":"Productos Cortartec: estructuras, juntas de dilataci\u00f3n, sistemas cortafuego","isPartOf":{"@id":"https:\/\/cortartec.net\/fr\/#website"},"datePublished":"2020-01-16T12:58:00+00:00","dateModified":"2026-02-11T16:01:50+00:00","description":"Accede a la web de Cortartec para conocer nuestros productos y descarga cat\u00e1logos de estructuras, juntas de dilataci\u00f3n, sistemas cortafuego","breadcrumb":{"@id":"https:\/\/cortartec.net\/es\/catalogos\/#breadcrumb"},"inLanguage":"es","potentialAction":[{"@type":"ReadAction","target":["https:\/\/cortartec.net\/es\/catalogos\/"]}]},{"@type":"BreadcrumbList","@id":"https:\/\/cortartec.net\/es\/catalogos\/#breadcrumb","itemListElement":[{"@type":"ListItem","position":1,"name":"In\u00edcio","item":"https:\/\/cortartec.net\/es\/"},{"@type":"ListItem","position":2,"name":"Cat\u00e1logos"}]}]}},"_links":{"self":[{"href":"https:\/\/cortartec.net\/es\/wp-json\/wp\/v2\/pages\/2412"}],"collection":[{"href":"https:\/\/cortartec.net\/es\/wp-json\/wp\/v2\/pages"}],"about":[{"href":"https:\/\/cortartec.net\/es\/wp-json\/wp\/v2\/types\/page"}],"author":[{"embeddable":true,"href":"https:\/\/cortartec.net\/es\/wp-json\/wp\/v2\/users\/6"}],"replies":[{"embeddable":true,"href":"https:\/\/cortartec.net\/es\/wp-json\/wp\/v2\/comments?post=2412"}],"version-history":[{"count":6,"href":"https:\/\/cortartec.net\/es\/wp-json\/wp\/v2\/pages\/2412\/revisions"}],"predecessor-version":[{"id":15197,"href":"https:\/\/cortartec.net\/es\/wp-json\/wp\/v2\/pages\/2412\/revisions\/15197"}],"wp:attachment":[{"href":"https:\/\/cortartec.net\/es\/wp-json\/wp\/v2\/media?parent=2412"}],"curies":[{"name":"wp","href":"https:\/\/api.w.org\/{rel}","templated":true}]}}