{"id":2430,"date":"2020-01-20T18:01:17","date_gmt":"2020-01-20T18:01:17","guid":{"rendered":"https:\/\/cortartec.net\/?page_id=2430"},"modified":"2021-11-22T15:23:44","modified_gmt":"2021-11-22T15:23:44","slug":"quienes-somos","status":"publish","type":"page","link":"https:\/\/cortartec.net\/es\/quienes-somos\/","title":{"rendered":"Quienes somos"},"content":{"rendered":"[mk_page_section bg_image=\u00bbhttps:\/\/cortartec.net\/wp-content\/uploads\/2015\/12\/slider2.jpg\u00bb bg_color=\u00bb#fe6600&#8243; blend_mode=\u00bbluminosity\u00bb bg_position=\u00bbcenter top\u00bb bg_repeat=\u00bbno-repeat\u00bb bg_stretch=\u00bbtrue\u00bb enable_3d=\u00bbtrue\u00bb speed_factor=\u00bb0.6&#8243; bg_gradient=\u00bbleft_bottom\u00bb video_color_mask=\u00bb#fbb857&#8243; gr_end=\u00bb#fe6600&#8243; video_opacity=\u00bb0.8&#8243; min_height=\u00bb0&#8243; full_width=\u00bbtrue\u00bb padding_top=\u00bb100&#8243; padding_bottom=\u00bb100&#8243; sidebar=\u00bbsidebar-1&#8243;][vc_column][mk_fancy_title color=\u00bb#ffffff\u00bb size=\u00bb48&#8243; font_weight=\u00bbbold\u00bb margin_bottom=\u00bb0&#8243; font_family=\u00bbnone\u00bb align=\u00bbcenter\u00bb]<span style=\"color: #ffffff;\">QUIENES SOMOS[\/mk_fancy_title][\/vc_column][\/mk_page_section][vc_row][vc_column][mk_padding_divider size=\u00bb80&#8243;][\/vc_column][\/vc_row][vc_row][vc_column][mk_fancy_title color=\u00bb#fe6600&#8243; size=\u00bb25&#8243; font_weight=\u00bbbold\u00bb txt_transform=\u00bbuppercase\u00bb margin_bottom=\u00bb5&#8243; font_family=\u00bbnone\u00bb]SOBRE NOSOTROS[\/mk_fancy_title][mk_divider style=\u00bbthin_solid\u00bb divider_width=\u00bbcustom_width\u00bb custom_width=\u00bb59&#8243; align=\u00bbleft\u00bb thin_single_color=\u00bb#fbb857&#8243; thickness=\u00bb3&#8243; margin_top=\u00bb0&#8243;][vc_column_text css=\u00bb.vc_custom_1620053807580{margin-bottom: 0px !important;}\u00bb][\/vc_column_text][vc_column_text css=\u00bb.vc_custom_1635415987201{margin-bottom: 0px !important;}\u00bb]<strong>CORTARTEC<\/strong>, \u00a0fue fundada en \u00a01998 con el objetivo de dise\u00f1ar, producir y comercializar, productos, sistema constructivos para la construcci\u00f3n civil, en las \u00e1reas de arquitectura e ingenier\u00eda. El agrupamiento de estos segmentos del mercado profesional nos permite ofrecer servicios de la m\u00e1s alta calidad al mejor precio.<\/span><\/p>\n<p>Nuestra filosof\u00eda de trabajo est\u00e1 basada en el respeto como prioridad atendiendo a las necesidades de sus socios profesionales, suministramos materiales de la m\u00e1s alta calidad, transmitiendo confianza y compromiso hemos crecido en el mercado, ofrecemos el mejor servicio de pre-venta, venta y pst-venta, los mejores materiales y la m\u00e1s alta tecnolog\u00eda de equipos lo cual ha convertido a <strong>CORTARTEC<\/strong> en una referencia del mercado nacional e internacional, siendo que los mercados emergentes han sido pilar en este desarrollo sustentable en m\u00e1s de dos d\u00e9cadas.<\/p>\n<p>El compromiso de <strong>CORTARTEC<\/strong>\u00a0 es amplio y completo en todo el proceso, ofreciendo a nuestros clientes un servicio eficiente, nuestro equipo multicultural nos permite mantenernos \u00a0al d\u00eda en las diversas realidades locales donde estamos presentes, por ello <strong>CORTARTEC<\/strong> mantiene una posici\u00f3n destacada en el \u00e1mbito de negocios internacionales, conquistando la confianza en los mercados donde operamos.<\/p>\n<p>Contamos con un equipo de especialistas en ingenier\u00eda que proporcionan a nuestros clientes una amplia gama de apoyo t\u00e9cnico y comercial, ayud\u00e1ndoles a encontrar las soluciones adecuadas a sus necesidades. Garantizando la relaci\u00f3n precio\/calidad en las situaciones que\u00a0 les presentan, as\u00ed como soluciones espec\u00edficas para cada proyecto.<\/p>\n<p><span style=\"color: #000000;\"><strong>PROYECTOS<\/strong><\/span><\/p>\n<p><span style=\"color: #000000;\"><strong>M\u00c1S DE 20 A\u00d1OS DE EXPERIENCIA<\/strong><\/span><\/p>\n<p><span style=\"color: #000000;\">En esta p\u00e1gina podr\u00e1 conocer algunos de los proyectos que hemos realizado recientemente, en Espa\u00f1a, Portugal y otros paises.<\/span>[\/vc_column_text][\/vc_column][\/vc_row][vc_row][vc_column][mk_padding_divider size=\u00bb80&#8243;][\/vc_column][\/vc_row][vc_row fullwidth=\u00bbtrue\u00bb fullwidth_content=\u00bbfalse\u00bb css=\u00bb.vc_custom_1557929542160{background-color: #fe6600 !important;}\u00bb][vc_column][mk_padding_divider size=\u00bb30&#8243;][vc_row_inner][vc_column_inner width=\u00bb2\/3&#8243;][mk_padding_divider size=\u00bb10&#8243;][mk_fancy_title tag_name=\u00bbh5&#8243; color=\u00bb#ffffff\u00bb size=\u00bb26&#8243; font_weight=\u00bb400&#8243; txt_transform=\u00bbnone\u00bb font_family=\u00bbOpen+Sans\u00bb font_type=\u00bbgoogle\u00bb]<span style=\"color: #ffffff;\">Tienes preguntas? Estamos aqu\u00ed para ayudarte!<\/span>[\/mk_fancy_title][\/vc_column_inner][vc_column_inner width=\u00bb1\/3&#8243;][mk_button dimension=\u00bbflat\u00bb size=\u00bblarge\u00bb url=\u00bbhttps:\/\/cortartec.net\/es\/contactos\/\u00bb align=\u00bbright\u00bb margin_right=\u00bb0&#8243; el_class=\u00bbmrightButton\u00bb bg_color=\u00bb#f0f0f0&#8243; btn_hover_bg=\u00bb#ffffff\u00bb text_color=\u00bbdark\u00bb btn_hover_txt_color=\u00bb#000000&#8243;]CONT\u00c1CTANOS[\/mk_button][\/vc_column_inner][\/vc_row_inner][\/vc_column][\/vc_row][vc_row][vc_column][mk_padding_divider size=\u00bb80&#8243;][mk_fancy_title color=\u00bb#999999&#8243; size=\u00bb40&#8243; font_weight=\u00bb200&#8243; txt_transform=\u00bbuppercase\u00bb margin_bottom=\u00bb5&#8243; font_family=\u00bbnone\u00bb align=\u00bbcenter\u00bb]RAZONES PARA <strong>TRABAJAR CON NOSOTROS<\/strong>[\/mk_fancy_title][mk_divider style=\u00bbthin_solid\u00bb divider_width=\u00bbcustom_width\u00bb custom_width=\u00bb80&#8243; thin_single_color=\u00bb#fe6600&#8243; thickness=\u00bb4&#8243; margin_top=\u00bb0&#8243; margin_bottom=\u00bb40&#8243;][vc_row_inner][vc_column_inner width=\u00bb1\/4&#8243;][mk_font_icons icon=\u00bbmk-icon-users\u00bb color=\u00bb#fe6600&#8243; size=\u00bbxx-large\u00bb circle=\u00bbtrue\u00bb circle_border_color=\u00bb#f0f0f0&#8243; align=\u00bbcenter\u00bb][mk_fancy_title color=\u00bb#727272&#8243; size=\u00bb17&#8243; font_weight=\u00bbbold\u00bb txt_transform=\u00bbuppercase\u00bb margin_top=\u00bb25&#8243; margin_bottom=\u00bb0&#8243; font_family=\u00bbnone\u00bb align=\u00bbcenter\u00bb]EXPERIENCIA EQUIPO[\/mk_fancy_title][vc_column_text disable_pattern=\u00bbfalse\u00bb align=\u00bbcenter\u00bb css=\u00bb.vc_custom_1625133269390{margin-bottom: 0px !important;}\u00bb]M\u00e1s de 20 a\u00f1os trabajando en la creaci\u00f3n de las mejores soluciones de construcci\u00f3n.[\/vc_column_text][mk_padding_divider size=\u00bb30&#8243;][\/vc_column_inner][vc_column_inner width=\u00bb1\/4&#8243;][mk_font_icons icon=\u00bbmk-li-tool\u00bb color=\u00bb#fe6600&#8243; size=\u00bbxx-large\u00bb circle=\u00bbtrue\u00bb circle_border_color=\u00bb#f0f0f0&#8243; align=\u00bbcenter\u00bb][mk_fancy_title color=\u00bb#727272&#8243; size=\u00bb17&#8243; font_weight=\u00bbbold\u00bb txt_transform=\u00bbuppercase\u00bb margin_top=\u00bb25&#8243; margin_bottom=\u00bb0&#8243; font_family=\u00bbnone\u00bb align=\u00bbcenter\u00bb]CAPACIDAD T\u00c9CNICA[\/mk_fancy_title][vc_column_text disable_pattern=\u00bbfalse\u00bb align=\u00bbcenter\u00bb css=\u00bb.vc_custom_1625134349798{margin-bottom: 0px !important;}\u00bb]Creamos con usted la soluci\u00f3n que satisface todas sus necesidades.[\/vc_column_text][mk_padding_divider size=\u00bb30&#8243;][\/vc_column_inner][vc_column_inner width=\u00bb1\/4&#8243;][mk_font_icons icon=\u00bbmk-icon-check\u00bb color=\u00bb#fe6600&#8243; size=\u00bbxx-large\u00bb circle=\u00bbtrue\u00bb circle_border_color=\u00bb#f0f0f0&#8243; align=\u00bbcenter\u00bb][mk_fancy_title color=\u00bb#727272&#8243; size=\u00bb17&#8243; font_weight=\u00bbbold\u00bb txt_transform=\u00bbuppercase\u00bb margin_top=\u00bb25&#8243; margin_bottom=\u00bb0&#8243; font_family=\u00bbnone\u00bb align=\u00bbcenter\u00bb]CERTIFICADO Y SEGURO[\/mk_fancy_title][vc_column_text disable_pattern=\u00bbfalse\u00bb align=\u00bbcenter\u00bb css=\u00bb.vc_custom_1625133148925{margin-bottom: 0px !important;}\u00bb]Cumplimos con todas las normas locales y regionales,\u00a0 utilizamos solo productos certificados.[\/vc_column_text][mk_padding_divider size=\u00bb30&#8243;][\/vc_column_inner][vc_column_inner width=\u00bb1\/4&#8243;][mk_font_icons icon=\u00bbmk-moon-coins\u00bb color=\u00bb#fe6600&#8243; size=\u00bbxx-large\u00bb circle=\u00bbtrue\u00bb circle_border_color=\u00bb#f0f0f0&#8243; align=\u00bbcenter\u00bb][mk_fancy_title color=\u00bb#727272&#8243; size=\u00bb17&#8243; font_weight=\u00bbbold\u00bb txt_transform=\u00bbuppercase\u00bb margin_top=\u00bb25&#8243; margin_bottom=\u00bb0&#8243; font_family=\u00bbnone\u00bb align=\u00bbcenter\u00bb]PRECIOS COMPETITIVOS[\/mk_fancy_title][vc_column_text disable_pattern=\u00bbfalse\u00bb align=\u00bbcenter\u00bb css=\u00bb.vc_custom_1625132146375{margin-bottom: 0px !important;}\u00bb]Siempre nos comprometemos a ofrecer nuestros productos al mejor precio.[\/vc_column_text][mk_padding_divider size=\u00bb30&#8243;][\/vc_column_inner][\/vc_row_inner][mk_padding_divider size=\u00bb60&#8243;][\/vc_column][\/vc_row]\n","protected":false},"excerpt":{"rendered":"<p>[mk_page_section bg_image=\u00bbhttps:\/\/cortartec.net\/wp-content\/uploads\/2015\/12\/slider2.jpg\u00bb bg_color=\u00bb#fe6600&#8243; blend_mode=\u00bbluminosity\u00bb bg_position=\u00bbcenter top\u00bb bg_repeat=\u00bbno-repeat\u00bb bg_stretch=\u00bbtrue\u00bb enable_3d=\u00bbtrue\u00bb speed_factor=\u00bb0.6&#8243; bg_gradient=\u00bbleft_bottom\u00bb video_color_mask=\u00bb#fbb857&#8243; gr_end=\u00bb#fe6600&#8243; video_opacity=\u00bb0.8&#8243; min_height=\u00bb0&#8243; full_width=\u00bbtrue\u00bb padding_top=\u00bb100&#8243; padding_bottom=\u00bb100&#8243; sidebar=\u00bbsidebar-1&#8243;][vc_column][mk_fancy_title color=\u00bb#ffffff\u00bb size=\u00bb48&#8243; font_weight=\u00bbbold\u00bb margin_bottom=\u00bb0&#8243; font_family=\u00bbnone\u00bb align=\u00bbcenter\u00bb]QUIENES SOMOS[\/mk_fancy_title][\/vc_column][\/mk_page_section][vc_row][vc_column][mk_padding_divider size=\u00bb80&#8243;][\/vc_column][\/vc_row][vc_row][vc_column][mk_fancy_title color=\u00bb#fe6600&#8243; size=\u00bb25&#8243; font_weight=\u00bbbold\u00bb txt_transform=\u00bbuppercase\u00bb margin_bottom=\u00bb5&#8243; font_family=\u00bbnone\u00bb]SOBRE NOSOTROS[\/mk_fancy_title][mk_divider style=\u00bbthin_solid\u00bb divider_width=\u00bbcustom_width\u00bb custom_width=\u00bb59&#8243; align=\u00bbleft\u00bb thin_single_color=\u00bb#fbb857&#8243; thickness=\u00bb3&#8243; margin_top=\u00bb0&#8243;][vc_column_text css=\u00bb.vc_custom_1620053807580{margin-bottom: 0px !important;}\u00bb][\/vc_column_text][vc_column_text css=\u00bb.vc_custom_1635415987201{margin-bottom: 0px !important;}\u00bb]CORTARTEC, \u00a0fue fundada en \u00a01998 con el objetivo de [&hellip;]<\/p>\n","protected":false},"author":6,"featured_media":0,"parent":0,"menu_order":0,"comment_status":"closed","ping_status":"closed","template":"","meta":[],"yoast_head":"<!-- This site is optimized with the Yoast SEO plugin v19.4 - https:\/\/yoast.com\/wordpress\/plugins\/seo\/ -->\n<title>Dise\u00f1o, producci\u00f3n y venta de productos y sistemas para la construcci\u00f3n civil<\/title>\n<meta name=\"description\" content=\"Cortartec es una referencia en Spain desde 1998 en el dise\u00f1o, producci\u00f3n y venta de productos, sistemas y equipos para la construcci\u00f3n civil.\" \/>\n<meta name=\"robots\" content=\"index, follow, max-snippet:-1, max-image-preview:large, max-video-preview:-1\" \/>\n<link rel=\"canonical\" href=\"https:\/\/cortartec.net\/es\/quienes-somos\/\" \/>\n<meta property=\"og:locale\" content=\"es_ES\" \/>\n<meta property=\"og:type\" content=\"article\" \/>\n<meta property=\"og:title\" content=\"Dise\u00f1o, producci\u00f3n y venta de productos y sistemas para la construcci\u00f3n civil\" \/>\n<meta property=\"og:description\" content=\"Cortartec es una referencia en Spain desde 1998 en el dise\u00f1o, producci\u00f3n y venta de productos, sistemas y equipos para la construcci\u00f3n civil.\" \/>\n<meta property=\"og:url\" content=\"https:\/\/cortartec.net\/es\/quienes-somos\/\" \/>\n<meta property=\"og:site_name\" content=\"Cortartec\" \/>\n<meta property=\"article:publisher\" content=\"https:\/\/facebook.com\/cortartec\" \/>\n<meta property=\"article:modified_time\" content=\"2021-11-22T15:23:44+00:00\" \/>\n<meta name=\"twitter:card\" content=\"summary_large_image\" \/>\n<meta name=\"twitter:site\" content=\"@cortartec\" \/>\n<meta name=\"twitter:label1\" content=\"Tiempo de lectura\" \/>\n\t<meta name=\"twitter:data1\" content=\"3 minutos\" \/>\n<script type=\"application\/ld+json\" class=\"yoast-schema-graph\">{\"@context\":\"https:\/\/schema.org\",\"@graph\":[{\"@type\":\"Organization\",\"@id\":\"https:\/\/cortartec.net\/fr\/#organization\",\"name\":\"Cortartec\",\"url\":\"https:\/\/cortartec.net\/fr\/\",\"sameAs\":[\"https:\/\/instagram.com\/cortartec\",\"https:\/\/za.linkedin.com\/company\/cortartec?trk=recent-update_see-all\",\"https:\/\/pinterest.com\/cortartec\",\"https:\/\/youtube.com\/user\/cortartec\",\"https:\/\/facebook.com\/cortartec\",\"https:\/\/twitter.com\/cortartec\"],\"logo\":{\"@type\":\"ImageObject\",\"inLanguage\":\"es\",\"@id\":\"https:\/\/cortartec.net\/fr\/#\/schema\/logo\/image\/\",\"url\":\"https:\/\/cortartec.net\/wp-content\/uploads\/2019\/08\/logo.png\",\"contentUrl\":\"https:\/\/cortartec.net\/wp-content\/uploads\/2019\/08\/logo.png\",\"width\":400,\"height\":100,\"caption\":\"Cortartec\"},\"image\":{\"@id\":\"https:\/\/cortartec.net\/fr\/#\/schema\/logo\/image\/\"}},{\"@type\":\"WebSite\",\"@id\":\"https:\/\/cortartec.net\/fr\/#website\",\"url\":\"https:\/\/cortartec.net\/fr\/\",\"name\":\"Cortartec\",\"description\":\"\",\"publisher\":{\"@id\":\"https:\/\/cortartec.net\/fr\/#organization\"},\"potentialAction\":[{\"@type\":\"SearchAction\",\"target\":{\"@type\":\"EntryPoint\",\"urlTemplate\":\"https:\/\/cortartec.net\/fr\/?s={search_term_string}\"},\"query-input\":\"required name=search_term_string\"}],\"inLanguage\":\"es\"},{\"@type\":\"WebPage\",\"@id\":\"https:\/\/cortartec.net\/es\/quienes-somos\/\",\"url\":\"https:\/\/cortartec.net\/es\/quienes-somos\/\",\"name\":\"Dise\u00f1o, producci\u00f3n y venta de productos y sistemas para la construcci\u00f3n civil\",\"isPartOf\":{\"@id\":\"https:\/\/cortartec.net\/fr\/#website\"},\"datePublished\":\"2020-01-20T18:01:17+00:00\",\"dateModified\":\"2021-11-22T15:23:44+00:00\",\"description\":\"Cortartec es una referencia en Spain desde 1998 en el dise\u00f1o, producci\u00f3n y venta de productos, sistemas y equipos para la construcci\u00f3n civil.\",\"breadcrumb\":{\"@id\":\"https:\/\/cortartec.net\/es\/quienes-somos\/#breadcrumb\"},\"inLanguage\":\"es\",\"potentialAction\":[{\"@type\":\"ReadAction\",\"target\":[\"https:\/\/cortartec.net\/es\/quienes-somos\/\"]}]},{\"@type\":\"BreadcrumbList\",\"@id\":\"https:\/\/cortartec.net\/es\/quienes-somos\/#breadcrumb\",\"itemListElement\":[{\"@type\":\"ListItem\",\"position\":1,\"name\":\"In\u00edcio\",\"item\":\"https:\/\/cortartec.net\/es\/\"},{\"@type\":\"ListItem\",\"position\":2,\"name\":\"Quienes somos\"}]}]}<\/script>\n<!-- \/ Yoast SEO plugin. -->","yoast_head_json":{"title":"Dise\u00f1o, producci\u00f3n y venta de productos y sistemas para la construcci\u00f3n civil","description":"Cortartec es una referencia en Spain desde 1998 en el dise\u00f1o, producci\u00f3n y venta de productos, sistemas y equipos para la construcci\u00f3n civil.","robots":{"index":"index","follow":"follow","max-snippet":"max-snippet:-1","max-image-preview":"max-image-preview:large","max-video-preview":"max-video-preview:-1"},"canonical":"https:\/\/cortartec.net\/es\/quienes-somos\/","og_locale":"es_ES","og_type":"article","og_title":"Dise\u00f1o, producci\u00f3n y venta de productos y sistemas para la construcci\u00f3n civil","og_description":"Cortartec es una referencia en Spain desde 1998 en el dise\u00f1o, producci\u00f3n y venta de productos, sistemas y equipos para la construcci\u00f3n civil.","og_url":"https:\/\/cortartec.net\/es\/quienes-somos\/","og_site_name":"Cortartec","article_publisher":"https:\/\/facebook.com\/cortartec","article_modified_time":"2021-11-22T15:23:44+00:00","twitter_card":"summary_large_image","twitter_site":"@cortartec","twitter_misc":{"Tiempo de lectura":"3 minutos"},"schema":{"@context":"https:\/\/schema.org","@graph":[{"@type":"Organization","@id":"https:\/\/cortartec.net\/fr\/#organization","name":"Cortartec","url":"https:\/\/cortartec.net\/fr\/","sameAs":["https:\/\/instagram.com\/cortartec","https:\/\/za.linkedin.com\/company\/cortartec?trk=recent-update_see-all","https:\/\/pinterest.com\/cortartec","https:\/\/youtube.com\/user\/cortartec","https:\/\/facebook.com\/cortartec","https:\/\/twitter.com\/cortartec"],"logo":{"@type":"ImageObject","inLanguage":"es","@id":"https:\/\/cortartec.net\/fr\/#\/schema\/logo\/image\/","url":"https:\/\/cortartec.net\/wp-content\/uploads\/2019\/08\/logo.png","contentUrl":"https:\/\/cortartec.net\/wp-content\/uploads\/2019\/08\/logo.png","width":400,"height":100,"caption":"Cortartec"},"image":{"@id":"https:\/\/cortartec.net\/fr\/#\/schema\/logo\/image\/"}},{"@type":"WebSite","@id":"https:\/\/cortartec.net\/fr\/#website","url":"https:\/\/cortartec.net\/fr\/","name":"Cortartec","description":"","publisher":{"@id":"https:\/\/cortartec.net\/fr\/#organization"},"potentialAction":[{"@type":"SearchAction","target":{"@type":"EntryPoint","urlTemplate":"https:\/\/cortartec.net\/fr\/?s={search_term_string}"},"query-input":"required name=search_term_string"}],"inLanguage":"es"},{"@type":"WebPage","@id":"https:\/\/cortartec.net\/es\/quienes-somos\/","url":"https:\/\/cortartec.net\/es\/quienes-somos\/","name":"Dise\u00f1o, producci\u00f3n y venta de productos y sistemas para la construcci\u00f3n civil","isPartOf":{"@id":"https:\/\/cortartec.net\/fr\/#website"},"datePublished":"2020-01-20T18:01:17+00:00","dateModified":"2021-11-22T15:23:44+00:00","description":"Cortartec es una referencia en Spain desde 1998 en el dise\u00f1o, producci\u00f3n y venta de productos, sistemas y equipos para la construcci\u00f3n civil.","breadcrumb":{"@id":"https:\/\/cortartec.net\/es\/quienes-somos\/#breadcrumb"},"inLanguage":"es","potentialAction":[{"@type":"ReadAction","target":["https:\/\/cortartec.net\/es\/quienes-somos\/"]}]},{"@type":"BreadcrumbList","@id":"https:\/\/cortartec.net\/es\/quienes-somos\/#breadcrumb","itemListElement":[{"@type":"ListItem","position":1,"name":"In\u00edcio","item":"https:\/\/cortartec.net\/es\/"},{"@type":"ListItem","position":2,"name":"Quienes somos"}]}]}},"_links":{"self":[{"href":"https:\/\/cortartec.net\/es\/wp-json\/wp\/v2\/pages\/2430"}],"collection":[{"href":"https:\/\/cortartec.net\/es\/wp-json\/wp\/v2\/pages"}],"about":[{"href":"https:\/\/cortartec.net\/es\/wp-json\/wp\/v2\/types\/page"}],"author":[{"embeddable":true,"href":"https:\/\/cortartec.net\/es\/wp-json\/wp\/v2\/users\/6"}],"replies":[{"embeddable":true,"href":"https:\/\/cortartec.net\/es\/wp-json\/wp\/v2\/comments?post=2430"}],"version-history":[{"count":5,"href":"https:\/\/cortartec.net\/es\/wp-json\/wp\/v2\/pages\/2430\/revisions"}],"predecessor-version":[{"id":11512,"href":"https:\/\/cortartec.net\/es\/wp-json\/wp\/v2\/pages\/2430\/revisions\/11512"}],"wp:attachment":[{"href":"https:\/\/cortartec.net\/es\/wp-json\/wp\/v2\/media?parent=2430"}],"curies":[{"name":"wp","href":"https:\/\/api.w.org\/{rel}","templated":true}]}}