{"id":2463,"date":"2020-01-21T12:55:48","date_gmt":"2020-01-21T12:55:48","guid":{"rendered":"https:\/\/cortartec.net\/?page_id=2463"},"modified":"2021-11-22T15:29:46","modified_gmt":"2021-11-22T15:29:46","slug":"acabados","status":"publish","type":"page","link":"https:\/\/cortartec.net\/es\/productos\/acabados\/","title":{"rendered":"Acabados"},"content":{"rendered":"[vc_row css=\u00bb.vc_custom_1597512377291{margin-top: 50px !important;}\u00bb][vc_column width=\u00bb1\/4&#8243;][mk_image src=\u00bbhttps:\/\/cortartec.net\/wp-content\/uploads\/2019\/10\/p.parede4.jpg\u00bb image_width=\u00bb300&#8243; image_height=\u00bb225&#8243; link=\u00bbhttps:\/\/cortartec.net\/es\/productos\/acabados\/proteccion-de-la-pared\/\u00bb align=\u00bbcenter\u00bb margin_bottom=\u00bb20&#8243;][mk_fancy_title color=\u00bb#fe6600&#8243; size=\u00bb25&#8243; font_weight=\u00bbbold\u00bb txt_transform=\u00bbuppercase\u00bb margin_bottom=\u00bb50&#8243; font_family=\u00bbnone\u00bb]<span style=\"color: #ff6600;\"><a style=\"color: #ff6600;\" href=\"https:\/\/cortartec.net\/es\/productos\/acabados\/proteccion-de-la-pared\/\">Protecci\u00f3n de pared<\/a><\/span>[\/mk_fancy_title][\/vc_column][vc_column width=\u00bb1\/4&#8243;][mk_image src=\u00bbhttps:\/\/cortartec.net\/wp-content\/uploads\/2019\/10\/rodamacas1.jpg\u00bb image_width=\u00bb300&#8243; image_height=\u00bb225&#8243; link=\u00bbhttps:\/\/cortartec.net\/es\/productos\/acabados\/proteccion-de-camillas\/\u00bb align=\u00bbcenter\u00bb margin_bottom=\u00bb20&#8243;][mk_fancy_title color=\u00bb#fe6600&#8243; size=\u00bb25&#8243; font_weight=\u00bbbold\u00bb txt_transform=\u00bbuppercase\u00bb margin_bottom=\u00bb50&#8243; font_family=\u00bbnone\u00bb]<span style=\"color: #ff6600;\"><a style=\"color: #ff6600;\" href=\"https:\/\/cortartec.net\/es\/productos\/acabados\/proteccion-de-camillas\/\">Protecci\u00f3n para camillas<\/a><\/span>[\/mk_fancy_title][\/vc_column][vc_column width=\u00bb1\/4&#8243;][mk_image src=\u00bbhttps:\/\/cortartec.net\/wp-content\/uploads\/2019\/10\/lambril3.jpg\u00bb image_width=\u00bb300&#8243; image_height=\u00bb225&#8243; link=\u00bbhttps:\/\/cortartec.net\/es\/productos\/acabados\/proteccion-de-la-silla\/\u00bb align=\u00bbcenter\u00bb margin_bottom=\u00bb20&#8243;][mk_fancy_title color=\u00bb#fe6600&#8243; size=\u00bb25&#8243; font_weight=\u00bbbold\u00bb txt_transform=\u00bbuppercase\u00bb margin_bottom=\u00bb50&#8243; font_family=\u00bbnone\u00bb]<span style=\"color: #ff6600;\"><a style=\"color: #ff6600;\" href=\"https:\/\/cortartec.net\/es\/productos\/acabados\/proteccion-de-la-silla\/\">Protecci\u00f3n de la silla<\/a><\/span>[\/mk_fancy_title][\/vc_column][vc_column width=\u00bb1\/4&#8243;][mk_image src=\u00bbhttps:\/\/cortartec.net\/wp-content\/uploads\/2019\/10\/p.canto4_.jpg\u00bb image_width=\u00bb300&#8243; image_height=\u00bb225&#8243; link=\u00bbhttps:\/\/cortartec.net\/es\/productos\/acabados\/proteccion-de-la-esquina\/\u00bb align=\u00bbcenter\u00bb margin_bottom=\u00bb20&#8243;][mk_fancy_title color=\u00bb#fe6600&#8243; size=\u00bb25&#8243; font_weight=\u00bbbold\u00bb txt_transform=\u00bbuppercase\u00bb margin_bottom=\u00bb50&#8243; font_family=\u00bbnone\u00bb]<span style=\"color: #ff6600;\"><a style=\"color: #ff6600;\" href=\"https:\/\/cortartec.net\/es\/productos\/acabados\/proteccion-de-la-esquina\/\">Protecci\u00f3n de la esquina<\/a><\/span>[\/mk_fancy_title][\/vc_column][\/vc_row][vc_row][vc_column width=\u00bb1\/4&#8243;][mk_image src=\u00bbhttps:\/\/cortartec.net\/wp-content\/uploads\/2019\/10\/lambril1.jpg\u00bb image_width=\u00bb300&#8243; image_height=\u00bb225&#8243; link=\u00bbhttps:\/\/cortartec.net\/es\/productos\/acabados\/placas-de-vinilo\/\u00bb align=\u00bbcenter\u00bb margin_bottom=\u00bb20&#8243;][mk_fancy_title color=\u00bb#fe6600&#8243; size=\u00bb25&#8243; font_weight=\u00bbbold\u00bb txt_transform=\u00bbuppercase\u00bb margin_bottom=\u00bb50&#8243; font_family=\u00bbnone\u00bb]<span style=\"color: #ff6600;\"><a style=\"color: #ff6600;\" href=\"https:\/\/cortartec.net\/es\/productos\/acabados\/placas-de-vinilo\/\">Placas de vinilo<\/a><\/span>[\/mk_fancy_title][\/vc_column][vc_column width=\u00bb1\/4&#8243;][mk_image src=\u00bbhttps:\/\/cortartec.net\/wp-content\/uploads\/2020\/10\/imagem19080.jpg\u00bb image_width=\u00bb300&#8243; image_height=\u00bb225&#8243; link=\u00bbhttps:\/\/cortartec.net\/es\/productos\/acabados\/cortinas-hospital\/\u00bb align=\u00bbcenter\u00bb margin_bottom=\u00bb20&#8243;][mk_fancy_title color=\u00bb#fe6600&#8243; size=\u00bb25&#8243; font_weight=\u00bbbold\u00bb txt_transform=\u00bbuppercase\u00bb margin_bottom=\u00bb50&#8243; font_family=\u00bbnone\u00bb]<span style=\"color: #ff6600;\"><a style=\"color: #ff6600;\" href=\"https:\/\/cortartec.net\/es\/productos\/acabados\/cortinas-hospital\/\">Cortinas de hospital<\/a><\/span>[\/mk_fancy_title][\/vc_column][vc_column width=\u00bb1\/4&#8243;][mk_image src=\u00bbhttps:\/\/cortartec.net\/wp-content\/uploads\/2020\/07\/imagem31.png\u00bb image_width=\u00bb300&#8243; image_height=\u00bb225&#8243; link=\u00bbhttps:\/\/cortartec.net\/es\/productos\/acabados\/alfombras-de-entrada\/\u00bb align=\u00bbcenter\u00bb margin_bottom=\u00bb20&#8243;][mk_fancy_title color=\u00bb#fe6600&#8243; size=\u00bb25&#8243; font_weight=\u00bbbold\u00bb txt_transform=\u00bbuppercase\u00bb margin_bottom=\u00bb50&#8243; font_family=\u00bbnone\u00bb]<span style=\"color: #ff6600;\"><a style=\"color: #ff6600;\" href=\"https:\/\/cortartec.net\/es\/productos\/acabados\/alfombras-de-entrada\/\">Alfombra de entrada<\/a><\/span>[\/mk_fancy_title][\/vc_column][vc_column width=\u00bb1\/4&#8243;][mk_image src=\u00bbhttps:\/\/cortartec.net\/wp-content\/uploads\/2019\/11\/14937400_1113984858657207_2773699035157421113_n.jpg\u00bb image_width=\u00bb300&#8243; image_height=\u00bb225&#8243; link=\u00bbhttps:\/\/cortartec.net\/es\/productos\/acabados\/zocalos\/\u00bb align=\u00bbcenter\u00bb margin_bottom=\u00bb20&#8243;][mk_fancy_title color=\u00bb#fe6600&#8243; size=\u00bb25&#8243; font_weight=\u00bbbold\u00bb txt_transform=\u00bbuppercase\u00bb margin_bottom=\u00bb50&#8243; font_family=\u00bbnone\u00bb]<span style=\"color: #ff6600;\"><a style=\"color: #ff6600;\" href=\"https:\/\/cortartec.net\/es\/productos\/acabados\/zocalos\/\">Z\u00f3calos<\/a><\/span>[\/mk_fancy_title][\/vc_column][\/vc_row][vc_row][vc_column width=\u00bb1\/4&#8243;][mk_image src=\u00bbhttps:\/\/cortartec.net\/wp-content\/uploads\/2020\/07\/imagem10.png\u00bb image_width=\u00bb300&#8243; image_height=\u00bb225&#8243; link=\u00bbhttps:\/\/cortartec.net\/es\/productos\/acabados\/prottectores-de-pared-para-aparcamientos\/\u00bb align=\u00bbcenter\u00bb margin_bottom=\u00bb20&#8243;][mk_fancy_title color=\u00bb#fe6600&#8243; size=\u00bb25&#8243; font_weight=\u00bbbold\u00bb txt_transform=\u00bbuppercase\u00bb margin_bottom=\u00bb50&#8243; font_family=\u00bbnone\u00bb]<span style=\"color: #ff6600;\"><a style=\"color: #ff6600;\" href=\"https:\/\/cortartec.net\/es\/productos\/acabados\/prottectores-de-pared-para-aparcamientos\/\">Protectores de pared para aparcamientos<\/a><\/span>[\/mk_fancy_title][\/vc_column][vc_column width=\u00bb1\/4&#8243;][mk_image src=\u00bbhttps:\/\/cortartec.net\/wp-content\/uploads\/2019\/11\/imagem7-1.jpg\u00bb image_width=\u00bb300&#8243; image_height=\u00bb225&#8243; link=\u00bbhttps:\/\/cortartec.net\/es\/productos\/acabados\/narices-de-paso\/\u00bb align=\u00bbcenter\u00bb margin_bottom=\u00bb20&#8243;][mk_fancy_title color=\u00bb#fe6600&#8243; size=\u00bb25&#8243; font_weight=\u00bbbold\u00bb txt_transform=\u00bbuppercase\u00bb margin_bottom=\u00bb50&#8243; font_family=\u00bbnone\u00bb]<span style=\"color: #ff6600;\"><a style=\"color: #ff6600;\" href=\"https:\/\/cortartec.net\/es\/productos\/acabados\/narices-de-paso\/\">Narices de paso<\/a><\/span>[\/mk_fancy_title][\/vc_column][vc_column width=\u00bb1\/4&#8243;][mk_image src=\u00bbhttps:\/\/cortartec.net\/wp-content\/uploads\/2020\/05\/imagem21.jpg\u00bb image_width=\u00bb300&#8243; image_height=\u00bb225&#8243; link=\u00bbhttps:\/\/cortartec.net\/es\/productos\/acabados\/acabados-premium\/\u00bb align=\u00bbcenter\u00bb margin_bottom=\u00bb20&#8243;][mk_fancy_title color=\u00bb#fe6600&#8243; size=\u00bb25&#8243; font_weight=\u00bbbold\u00bb txt_transform=\u00bbuppercase\u00bb margin_bottom=\u00bb50&#8243; font_family=\u00bbnone\u00bb]<span style=\"color: #ff6600;\"><a style=\"color: #ff6600;\" href=\"https:\/\/cortartec.net\/es\/productos\/acabados\/acabados-premium\/\">Acabados premium<\/a><\/span>[\/mk_fancy_title][\/vc_column][vc_column width=\u00bb1\/4&#8243;][mk_image src=\u00bbhttps:\/\/cortartec.net\/wp-content\/uploads\/2019\/11\/imagem109.jpg\u00bb image_width=\u00bb300&#8243; image_height=\u00bb225&#8243; link=\u00bbhttps:\/\/cortartec.net\/es\/productos\/acabados\/perfiles-de-transicion-de-piso\/\u00bb align=\u00bbcenter\u00bb margin_bottom=\u00bb20&#8243;][mk_fancy_title color=\u00bb#fe6600&#8243; size=\u00bb25&#8243; font_weight=\u00bbbold\u00bb txt_transform=\u00bbuppercase\u00bb margin_bottom=\u00bb50&#8243; font_family=\u00bbnone\u00bb]<span style=\"color: #ff6600;\"><a style=\"color: #ff6600;\" href=\"https:\/\/cortartec.net\/es\/productos\/acabados\/perfiles-de-transicion-de-piso\/\">Perfiles de transici\u00f3n de piso<\/a><\/span>[\/mk_fancy_title][\/vc_column][\/vc_row][vc_row][vc_column][vc_separator][\/vc_column][\/vc_row][vc_row][vc_column][vc_column_text css=\u00bb.vc_custom_1618483669892{margin-bottom: 0px !important;}\u00bb]El acabado es una de las \u00faltimas etapas de la obra, y para que se complete con \u00e9xito es necesario contar con todos los materiales para la perfecta ejecuci\u00f3n del servicio.<\/p>\n<p>M\u00e1s importante que el precio de los productos es la calidad y aplicaci\u00f3n de los mismos, para que sean de por vida y puedan corresponder bien a la funci\u00f3n.<\/p>\n<p>Nuestra gama de productos de acabado, ofrece una amplia gama de soluciones para satisfacer todo tipo de obra \/ proyecto ofreciendo no solo <strong><span style=\"color: #000000;\">dise\u00f1o y decoraci\u00f3n<\/span><\/strong> sino principalmente <strong><span style=\"color: #000000;\">funcionalidad y seguridad<\/span><\/strong>!<\/p>\n<p>Soluciones ideales para: <strong><span style=\"color: #000000;\">Colegios, centros comerciales, hospitales, unidades de salud, domicilios, centros de d\u00eda, casas, residencias, hoteles, garajes, almacenes, estacionamientos, oficinas, guarder\u00edas, edificios, entre otros<\/span><\/strong> &#8230;<\/p>\n<p>Nuestros productos cuentan con <strong><span style=\"color: #000000;\">marcado CE, fichas t\u00e9cnicas y declaraci\u00f3n de prestaciones<\/span><\/strong>.<\/p>\n<p>Soluci\u00f3n de <strong><span style=\"color: #000000;\">revestimiento de suelos<\/span><\/strong>: rodapi\u00e9s, perfiles de transici\u00f3n, escalones, alfombras de entrada, perfiles de acabado de madera, etc.<\/p>\n<p>El piso es un elemento importante que forma parte de la construcci\u00f3n, donde cada tipo de material existente tiene una caracter\u00edstica determinante para el espacio, encajando mejor en diferentes \u00e1reas \/ zonas.<\/p>\n<p>Soluci\u00f3n de<strong><span style=\"color: #000000;\"> revestimiento de paredes<\/span><\/strong>: Protecci\u00f3n de paredes, ruedas de camilla, ruedas de sillas, sistema de pasamanos, perfiles de cer\u00e1mico, protecci\u00f3n contra golpes en garajes, placas de vinilo, protecci\u00f3n de esquinas, cortinas de hospital, etc.<\/p>\n<p>El revestimiento de los muros sirve para dar un acabado a la parte de mamposter\u00eda y estructuras, que generalmente reciben una capa de cemento, yeso, que aportan la correcta nivelaci\u00f3n del muro y protegen la mamposter\u00eda del contacto externo.<\/p>\n<p>Nuestro equipo t\u00e9cnico est\u00e1 capacitado para evaluarlo y ayudarlo en la correcta elecci\u00f3n de la mejor soluci\u00f3n para su proyecto \/ obra con el fin de satisfacer sus necesidades siempre al mejor precio.[\/vc_column_text][\/vc_column][\/vc_row][vc_row fullwidth=\u00bbtrue\u00bb fullwidth_content=\u00bbfalse\u00bb css=\u00bb.vc_custom_1597512589870{padding-top: 30px !important;background-color: #fe6600 !important;}\u00bb][vc_column width=\u00bb2\/3&#8243;][mk_fancy_title tag_name=\u00bbh5&#8243; color=\u00bb#ffffff\u00bb size=\u00bb26&#8243; font_weight=\u00bb400&#8243; txt_transform=\u00bbnone\u00bb margin_top=\u00bb10&#8243; font_family=\u00bbOpen+Sans\u00bb font_type=\u00bbgoogle\u00bb]Tienes preguntas? Estamos aqu\u00ed para ayudarte![\/mk_fancy_title][\/vc_column][vc_column width=\u00bb1\/3&#8243;][mk_button dimension=\u00bbflat\u00bb corner_style=\u00bbrounded\u00bb size=\u00bblarge\u00bb url=\u00bbhttps:\/\/cortartec.net\/es\/contactos\/\u00bb align=\u00bbright\u00bb margin_right=\u00bb0&#8243; el_class=\u00bbmrightButton\u00bb bg_color=\u00bb#f0f0f0&#8243; btn_hover_bg=\u00bb#ffffff\u00bb text_color=\u00bbdark\u00bb btn_hover_txt_color=\u00bb#fe6600&#8243;]CONT\u00c1CTANOS[\/mk_button][\/vc_column][\/vc_row]\n","protected":false},"excerpt":{"rendered":"<p>[vc_row css=\u00bb.vc_custom_1597512377291{margin-top: 50px !important;}\u00bb][vc_column width=\u00bb1\/4&#8243;][mk_image src=\u00bbhttps:\/\/cortartec.net\/wp-content\/uploads\/2019\/10\/p.parede4.jpg\u00bb image_width=\u00bb300&#8243; image_height=\u00bb225&#8243; link=\u00bbhttps:\/\/cortartec.net\/es\/productos\/acabados\/proteccion-de-la-pared\/\u00bb align=\u00bbcenter\u00bb margin_bottom=\u00bb20&#8243;][mk_fancy_title color=\u00bb#fe6600&#8243; size=\u00bb25&#8243; font_weight=\u00bbbold\u00bb txt_transform=\u00bbuppercase\u00bb margin_bottom=\u00bb50&#8243; font_family=\u00bbnone\u00bb]Protecci\u00f3n de pared[\/mk_fancy_title][\/vc_column][vc_column width=\u00bb1\/4&#8243;][mk_image src=\u00bbhttps:\/\/cortartec.net\/wp-content\/uploads\/2019\/10\/rodamacas1.jpg\u00bb image_width=\u00bb300&#8243; image_height=\u00bb225&#8243; link=\u00bbhttps:\/\/cortartec.net\/es\/productos\/acabados\/proteccion-de-camillas\/\u00bb align=\u00bbcenter\u00bb margin_bottom=\u00bb20&#8243;][mk_fancy_title color=\u00bb#fe6600&#8243; size=\u00bb25&#8243; font_weight=\u00bbbold\u00bb txt_transform=\u00bbuppercase\u00bb margin_bottom=\u00bb50&#8243; font_family=\u00bbnone\u00bb]Protecci\u00f3n para camillas[\/mk_fancy_title][\/vc_column][vc_column width=\u00bb1\/4&#8243;][mk_image src=\u00bbhttps:\/\/cortartec.net\/wp-content\/uploads\/2019\/10\/lambril3.jpg\u00bb image_width=\u00bb300&#8243; image_height=\u00bb225&#8243; link=\u00bbhttps:\/\/cortartec.net\/es\/productos\/acabados\/proteccion-de-la-silla\/\u00bb align=\u00bbcenter\u00bb margin_bottom=\u00bb20&#8243;][mk_fancy_title color=\u00bb#fe6600&#8243; size=\u00bb25&#8243; font_weight=\u00bbbold\u00bb txt_transform=\u00bbuppercase\u00bb margin_bottom=\u00bb50&#8243; font_family=\u00bbnone\u00bb]Protecci\u00f3n de la silla[\/mk_fancy_title][\/vc_column][vc_column width=\u00bb1\/4&#8243;][mk_image src=\u00bbhttps:\/\/cortartec.net\/wp-content\/uploads\/2019\/10\/p.canto4_.jpg\u00bb image_width=\u00bb300&#8243; image_height=\u00bb225&#8243; link=\u00bbhttps:\/\/cortartec.net\/es\/productos\/acabados\/proteccion-de-la-esquina\/\u00bb [&hellip;]<\/p>\n","protected":false},"author":6,"featured_media":0,"parent":2391,"menu_order":0,"comment_status":"closed","ping_status":"closed","template":"","meta":[],"yoast_head":"<!-- This site is optimized with the Yoast SEO plugin v19.4 - https:\/\/yoast.com\/wordpress\/plugins\/seo\/ -->\n<title>Protecci\u00f3n de pared, de la silla, esquina y para camillas<\/title>\n<meta name=\"description\" content=\"A Cortartec \u00e9 especializada na produ\u00e7\u00e3o e comercializa\u00e7\u00e3o de medidas de prote\u00e7\u00e3o passiva contra inc\u00eandio, como Capa, cordones, placas y espuma cortafuego\" \/>\n<meta name=\"robots\" content=\"index, follow, max-snippet:-1, max-image-preview:large, max-video-preview:-1\" \/>\n<link rel=\"canonical\" href=\"https:\/\/cortartec.net\/es\/productos\/acabados\/\" \/>\n<meta property=\"og:locale\" content=\"es_ES\" \/>\n<meta property=\"og:type\" content=\"article\" \/>\n<meta property=\"og:title\" content=\"Protecci\u00f3n de pared, de la silla, esquina y para camillas\" \/>\n<meta property=\"og:description\" content=\"A Cortartec \u00e9 especializada na produ\u00e7\u00e3o e comercializa\u00e7\u00e3o de medidas de prote\u00e7\u00e3o passiva contra inc\u00eandio, como Capa, cordones, placas y espuma cortafuego\" \/>\n<meta property=\"og:url\" content=\"https:\/\/cortartec.net\/es\/productos\/acabados\/\" \/>\n<meta property=\"og:site_name\" content=\"Cortartec\" \/>\n<meta property=\"article:publisher\" content=\"https:\/\/facebook.com\/cortartec\" \/>\n<meta property=\"article:modified_time\" content=\"2021-11-22T15:29:46+00:00\" \/>\n<meta name=\"twitter:card\" content=\"summary_large_image\" \/>\n<meta name=\"twitter:site\" content=\"@cortartec\" \/>\n<meta name=\"twitter:label1\" content=\"Tiempo de lectura\" \/>\n\t<meta name=\"twitter:data1\" content=\"3 minutos\" \/>\n<script type=\"application\/ld+json\" class=\"yoast-schema-graph\">{\"@context\":\"https:\/\/schema.org\",\"@graph\":[{\"@type\":\"Organization\",\"@id\":\"https:\/\/cortartec.net\/fr\/#organization\",\"name\":\"Cortartec\",\"url\":\"https:\/\/cortartec.net\/fr\/\",\"sameAs\":[\"https:\/\/instagram.com\/cortartec\",\"https:\/\/za.linkedin.com\/company\/cortartec?trk=recent-update_see-all\",\"https:\/\/pinterest.com\/cortartec\",\"https:\/\/youtube.com\/user\/cortartec\",\"https:\/\/facebook.com\/cortartec\",\"https:\/\/twitter.com\/cortartec\"],\"logo\":{\"@type\":\"ImageObject\",\"inLanguage\":\"es\",\"@id\":\"https:\/\/cortartec.net\/fr\/#\/schema\/logo\/image\/\",\"url\":\"https:\/\/cortartec.net\/wp-content\/uploads\/2019\/08\/logo.png\",\"contentUrl\":\"https:\/\/cortartec.net\/wp-content\/uploads\/2019\/08\/logo.png\",\"width\":400,\"height\":100,\"caption\":\"Cortartec\"},\"image\":{\"@id\":\"https:\/\/cortartec.net\/fr\/#\/schema\/logo\/image\/\"}},{\"@type\":\"WebSite\",\"@id\":\"https:\/\/cortartec.net\/fr\/#website\",\"url\":\"https:\/\/cortartec.net\/fr\/\",\"name\":\"Cortartec\",\"description\":\"\",\"publisher\":{\"@id\":\"https:\/\/cortartec.net\/fr\/#organization\"},\"potentialAction\":[{\"@type\":\"SearchAction\",\"target\":{\"@type\":\"EntryPoint\",\"urlTemplate\":\"https:\/\/cortartec.net\/fr\/?s={search_term_string}\"},\"query-input\":\"required name=search_term_string\"}],\"inLanguage\":\"es\"},{\"@type\":\"WebPage\",\"@id\":\"https:\/\/cortartec.net\/es\/productos\/acabados\/\",\"url\":\"https:\/\/cortartec.net\/es\/productos\/acabados\/\",\"name\":\"Protecci\u00f3n de pared, de la silla, esquina y para camillas\",\"isPartOf\":{\"@id\":\"https:\/\/cortartec.net\/fr\/#website\"},\"datePublished\":\"2020-01-21T12:55:48+00:00\",\"dateModified\":\"2021-11-22T15:29:46+00:00\",\"description\":\"A Cortartec \u00e9 especializada na produ\u00e7\u00e3o e comercializa\u00e7\u00e3o de medidas de prote\u00e7\u00e3o passiva contra inc\u00eandio, como Capa, cordones, placas y espuma cortafuego\",\"breadcrumb\":{\"@id\":\"https:\/\/cortartec.net\/es\/productos\/acabados\/#breadcrumb\"},\"inLanguage\":\"es\",\"potentialAction\":[{\"@type\":\"ReadAction\",\"target\":[\"https:\/\/cortartec.net\/es\/productos\/acabados\/\"]}]},{\"@type\":\"BreadcrumbList\",\"@id\":\"https:\/\/cortartec.net\/es\/productos\/acabados\/#breadcrumb\",\"itemListElement\":[{\"@type\":\"ListItem\",\"position\":1,\"name\":\"In\u00edcio\",\"item\":\"https:\/\/cortartec.net\/es\/\"},{\"@type\":\"ListItem\",\"position\":2,\"name\":\"Productos\",\"item\":\"https:\/\/cortartec.net\/es\/productos\/\"},{\"@type\":\"ListItem\",\"position\":3,\"name\":\"Acabados\"}]}]}<\/script>\n<!-- \/ Yoast SEO plugin. -->","yoast_head_json":{"title":"Protecci\u00f3n de pared, de la silla, esquina y para camillas","description":"A Cortartec \u00e9 especializada na produ\u00e7\u00e3o e comercializa\u00e7\u00e3o de medidas de prote\u00e7\u00e3o passiva contra inc\u00eandio, como Capa, cordones, placas y espuma cortafuego","robots":{"index":"index","follow":"follow","max-snippet":"max-snippet:-1","max-image-preview":"max-image-preview:large","max-video-preview":"max-video-preview:-1"},"canonical":"https:\/\/cortartec.net\/es\/productos\/acabados\/","og_locale":"es_ES","og_type":"article","og_title":"Protecci\u00f3n de pared, de la silla, esquina y para camillas","og_description":"A Cortartec \u00e9 especializada na produ\u00e7\u00e3o e comercializa\u00e7\u00e3o de medidas de prote\u00e7\u00e3o passiva contra inc\u00eandio, como Capa, cordones, placas y espuma cortafuego","og_url":"https:\/\/cortartec.net\/es\/productos\/acabados\/","og_site_name":"Cortartec","article_publisher":"https:\/\/facebook.com\/cortartec","article_modified_time":"2021-11-22T15:29:46+00:00","twitter_card":"summary_large_image","twitter_site":"@cortartec","twitter_misc":{"Tiempo de lectura":"3 minutos"},"schema":{"@context":"https:\/\/schema.org","@graph":[{"@type":"Organization","@id":"https:\/\/cortartec.net\/fr\/#organization","name":"Cortartec","url":"https:\/\/cortartec.net\/fr\/","sameAs":["https:\/\/instagram.com\/cortartec","https:\/\/za.linkedin.com\/company\/cortartec?trk=recent-update_see-all","https:\/\/pinterest.com\/cortartec","https:\/\/youtube.com\/user\/cortartec","https:\/\/facebook.com\/cortartec","https:\/\/twitter.com\/cortartec"],"logo":{"@type":"ImageObject","inLanguage":"es","@id":"https:\/\/cortartec.net\/fr\/#\/schema\/logo\/image\/","url":"https:\/\/cortartec.net\/wp-content\/uploads\/2019\/08\/logo.png","contentUrl":"https:\/\/cortartec.net\/wp-content\/uploads\/2019\/08\/logo.png","width":400,"height":100,"caption":"Cortartec"},"image":{"@id":"https:\/\/cortartec.net\/fr\/#\/schema\/logo\/image\/"}},{"@type":"WebSite","@id":"https:\/\/cortartec.net\/fr\/#website","url":"https:\/\/cortartec.net\/fr\/","name":"Cortartec","description":"","publisher":{"@id":"https:\/\/cortartec.net\/fr\/#organization"},"potentialAction":[{"@type":"SearchAction","target":{"@type":"EntryPoint","urlTemplate":"https:\/\/cortartec.net\/fr\/?s={search_term_string}"},"query-input":"required name=search_term_string"}],"inLanguage":"es"},{"@type":"WebPage","@id":"https:\/\/cortartec.net\/es\/productos\/acabados\/","url":"https:\/\/cortartec.net\/es\/productos\/acabados\/","name":"Protecci\u00f3n de pared, de la silla, esquina y para camillas","isPartOf":{"@id":"https:\/\/cortartec.net\/fr\/#website"},"datePublished":"2020-01-21T12:55:48+00:00","dateModified":"2021-11-22T15:29:46+00:00","description":"A Cortartec \u00e9 especializada na produ\u00e7\u00e3o e comercializa\u00e7\u00e3o de medidas de prote\u00e7\u00e3o passiva contra inc\u00eandio, como Capa, cordones, placas y espuma cortafuego","breadcrumb":{"@id":"https:\/\/cortartec.net\/es\/productos\/acabados\/#breadcrumb"},"inLanguage":"es","potentialAction":[{"@type":"ReadAction","target":["https:\/\/cortartec.net\/es\/productos\/acabados\/"]}]},{"@type":"BreadcrumbList","@id":"https:\/\/cortartec.net\/es\/productos\/acabados\/#breadcrumb","itemListElement":[{"@type":"ListItem","position":1,"name":"In\u00edcio","item":"https:\/\/cortartec.net\/es\/"},{"@type":"ListItem","position":2,"name":"Productos","item":"https:\/\/cortartec.net\/es\/productos\/"},{"@type":"ListItem","position":3,"name":"Acabados"}]}]}},"_links":{"self":[{"href":"https:\/\/cortartec.net\/es\/wp-json\/wp\/v2\/pages\/2463"}],"collection":[{"href":"https:\/\/cortartec.net\/es\/wp-json\/wp\/v2\/pages"}],"about":[{"href":"https:\/\/cortartec.net\/es\/wp-json\/wp\/v2\/types\/page"}],"author":[{"embeddable":true,"href":"https:\/\/cortartec.net\/es\/wp-json\/wp\/v2\/users\/6"}],"replies":[{"embeddable":true,"href":"https:\/\/cortartec.net\/es\/wp-json\/wp\/v2\/comments?post=2463"}],"version-history":[{"count":5,"href":"https:\/\/cortartec.net\/es\/wp-json\/wp\/v2\/pages\/2463\/revisions"}],"predecessor-version":[{"id":11575,"href":"https:\/\/cortartec.net\/es\/wp-json\/wp\/v2\/pages\/2463\/revisions\/11575"}],"up":[{"embeddable":true,"href":"https:\/\/cortartec.net\/es\/wp-json\/wp\/v2\/pages\/2391"}],"wp:attachment":[{"href":"https:\/\/cortartec.net\/es\/wp-json\/wp\/v2\/media?parent=2463"}],"curies":[{"name":"wp","href":"https:\/\/api.w.org\/{rel}","templated":true}]}}