{"id":2894,"date":"2020-02-19T12:03:53","date_gmt":"2020-02-19T12:03:53","guid":{"rendered":"https:\/\/cortartec.net\/?page_id=2894"},"modified":"2021-07-29T13:13:02","modified_gmt":"2021-07-29T13:13:02","slug":"juntas-de-dilatacion-para-fachadas","status":"publish","type":"page","link":"https:\/\/cortartec.net\/es\/productos\/juntas-de-dilatacion\/juntas-de-dilatacion-para-fachadas\/","title":{"rendered":"Juntas de dilataci\u00f3n para fachadas"},"content":{"rendered":"[vc_row][vc_column][vc_tabs responsive=\u00bbfalse\u00bb container_bg_color=\u00bb\u00bb][vc_tab title=\u00bbDetalles\u00bb tab_id=\u00bb1566866031-1-40&#8243;][vc_column_text disable_pattern=\u00bbfalse\u00bb css=\u00bb.vc_custom_1594225114241{margin-bottom: 0px !important;}\u00bb]Las juntas de expansi\u00f3n en paredes y fachadas est\u00e1n dise\u00f1adas para terminar y sellar paredes externas. Ofrecemos una amplia variedad de juntas de expansi\u00f3n para paredes y fachadas que se pueden fijar mec\u00e1nicamente o, para algunas personas, con yeso durante la construcci\u00f3n o renovaci\u00f3n de la estructura. Las juntas de expansi\u00f3n propuestas en esta categor\u00eda son compatibles con nuestras juntas de protecci\u00f3n contra incendios o con nuestros accesorios de sellado (sello Vedaflexsil, membrana EPDM).[\/vc_column_text][\/vc_tab][vc_tab title=\u00bbDownload\u00bb tab_id=\u00bb1566866086439-2-10&#8243;][mk_button dimension=\u00bbflat\u00bb corner_style=\u00bbrounded\u00bb size=\u00bbmedium\u00bb url=\u00bbhttps:\/\/cortartec.net\/wp-content\/uploads\/2021\/07\/catalogo-juntas-geral-cortartec-es-eng.pdf\u00bb align=\u00bbcenter\u00bb]DESCARGAR PDF[\/mk_button][\/vc_tab][vc_tab title=\u00bbCertificados\u00bb tab_id=\u00bb1566866087001-3-3&#8243;]<div role=\"form\" class=\"wpcf7\" id=\"wpcf7-f9190-o1\" lang=\"pt-PT\" dir=\"ltr\">\n<div class=\"screen-reader-response\"><p role=\"status\" aria-live=\"polite\" aria-atomic=\"true\"><\/p> <ul><\/ul><\/div>\n<form action=\"\/es\/wp-json\/wp\/v2\/pages\/2894#wpcf7-f9190-o1\" method=\"post\" class=\"wpcf7-form init\" novalidate=\"novalidate\" data-status=\"init\">\n<div style=\"display: none;\">\n<input type=\"hidden\" name=\"_wpcf7\" value=\"9190\" \/>\n<input type=\"hidden\" name=\"_wpcf7_version\" value=\"5.4.2\" \/>\n<input type=\"hidden\" name=\"_wpcf7_locale\" value=\"pt_PT\" \/>\n<input type=\"hidden\" name=\"_wpcf7_unit_tag\" value=\"wpcf7-f9190-o1\" \/>\n<input type=\"hidden\" name=\"_wpcf7_container_post\" value=\"0\" \/>\n<input type=\"hidden\" name=\"_wpcf7_posted_data_hash\" value=\"\" \/>\n<\/div>\n<p>Solicite la ficha t\u00e9cnica \/ certificados aqu\u00ed:<\/p>\n<p><span class=\"wpcf7-form-control-wrap nome\"><input type=\"text\" name=\"nome\" value=\"\" size=\"40\" class=\"wpcf7-form-control wpcf7-text wpcf7-validates-as-required\" aria-required=\"true\" aria-invalid=\"false\" placeholder=\"Nombre\" \/><\/span><\/p>\n<p><span class=\"wpcf7-form-control-wrap email\"><input type=\"email\" name=\"email\" value=\"\" size=\"40\" class=\"wpcf7-form-control wpcf7-text wpcf7-email wpcf7-validates-as-required wpcf7-validates-as-email\" aria-required=\"true\" aria-invalid=\"false\" placeholder=\"Email\" \/><\/span><\/p>\n<p><span class=\"wpcf7-form-control-wrap telefone\"><input type=\"tel\" name=\"telefone\" value=\"\" size=\"40\" class=\"wpcf7-form-control wpcf7-text wpcf7-tel wpcf7-validates-as-required wpcf7-validates-as-tel\" aria-required=\"true\" aria-invalid=\"false\" placeholder=\"Tel\u00e9fono\" \/><\/span><\/p>\n<p><span class=\"wpcf7-form-control-wrap empresa\"><input type=\"text\" name=\"empresa\" value=\"\" size=\"40\" class=\"wpcf7-form-control wpcf7-text\" aria-invalid=\"false\" placeholder=\"Empresa\" \/><\/span><\/p>\n<p><span class=\"wpcf7-form-control-wrap produto\"><input type=\"hidden\" name=\"produto\" value=\"Juntas de dilataci\u00f3n para fachadas\" size=\"40\" class=\"wpcf7-form-control wpcf7dtx-dynamictext wpcf7-dynamichidden\" aria-invalid=\"false\" \/><\/span><\/p>\n<p><span class=\"wpcf7-form-control-wrap rgpd\"><span class=\"wpcf7-form-control wpcf7-acceptance\"><span class=\"wpcf7-list-item\"><label><input type=\"checkbox\" name=\"rgpd\" value=\"1\" aria-invalid=\"false\" \/><span class=\"wpcf7-list-item-label\">Doy mi consentimiento para que Cortartec conserve mis datos contenidos en este formulario por tiempo indefinido hasta la finalizaci\u00f3n de esta solicitud de contacto.<\/span><\/label><\/span><\/span><\/span><\/p>\n<p><input type=\"submit\" value=\"Pedir\" class=\"wpcf7-form-control wpcf7-submit\" \/><\/p>\n<p style=\"display: none !important;\" class=\"akismet-fields-container\" data-prefix=\"_wpcf7_ak_\"><label>&#916;<textarea name=\"_wpcf7_ak_hp_textarea\" cols=\"45\" rows=\"8\" maxlength=\"100\"><\/textarea><\/label><input type=\"hidden\" id=\"ak_js_1\" name=\"_wpcf7_ak_js\" value=\"33\"\/><script>document.getElementById( \"ak_js_1\" ).setAttribute( \"value\", ( new Date() ).getTime() );<\/script><\/p><div class=\"wpcf7-response-output\" aria-hidden=\"true\"><\/div><\/form><\/div>[\/vc_tab][\/vc_tabs][\/vc_column][\/vc_row][vc_row][vc_column width=\u00bb1\/4&#8243;][mk_image src=\u00bbhttps:\/\/cortartec.net\/wp-content\/uploads\/2019\/11\/imagem83-1.jpg\u00bb image_size=\u00bbfull\u00bb title=\u00bbCOR JDV 4.02&#8243; align=\u00bbcenter\u00bb margin_bottom=\u00bb20&#8243;][mk_padding_divider size=\u00bb30&#8243; visibility=\u00bbvisible-sm\u00bb][\/vc_column][vc_column width=\u00bb3\/4&#8243;][vc_column_text css=\u00bb.vc_custom_1594225125021{margin-bottom: 0px !important;}\u00bb]Junta de dilataci\u00f3n enteramente en aluminio. Para paredes y techos, consiste en \u00e1ngulos de aluminio pretaladrados y una parte central que absorbe amplios movimientos multidireccionales. Una membrana impermeabilizante est\u00e1 disponible como una opci\u00f3n. Especialmente indicado para acabados de calidad y para juntas grandes con grandes movimientos s\u00edsmicos o no.<\/p>\n<p><strong>Uso:<\/strong> Para juntas verticales de fachadas, apertura hasta 200 mm. (tama\u00f1os m\u00e1s grandes disponibles bajo pedido).<\/p>\n<p><strong>Acabados y piezas especiales:<\/strong> modelo plano (COR JDV 4.02) y \u00e1ngulo (COR JDV 4.02 A). Piezas de aluminio anodizado. Compatible con sellos de piso s\u00edsmicos.<\/p>\n<p><strong>Material:<\/strong> aluminio \u00a0 <strong>Color:<\/strong> natural, colores RAL \u00a0 <strong>Modelo:<\/strong> \u00e1ngulo y plano[\/vc_column_text][mk_padding_divider size=\u00bb30&#8243; visibility=\u00bbvisible-sm\u00bb][\/vc_column][\/vc_row][vc_row][vc_column width=\u00bb1\/4&#8243;][mk_image src=\u00bbhttps:\/\/cortartec.net\/wp-content\/uploads\/2019\/12\/quadro-de-fichas-tcnicas.jpg\u00bb image_size=\u00bbfull\u00bb title=\u00bbCOR JDV 4.04&#8243; align=\u00bbcenter\u00bb margin_bottom=\u00bb20&#8243;][mk_padding_divider size=\u00bb30&#8243; visibility=\u00bbvisible-sm\u00bb][\/vc_column][vc_column width=\u00bb3\/4&#8243;][vc_column_text css=\u00bb.vc_custom_1594225134349{margin-bottom: 0px !important;}\u00bb]Junta de expansi\u00f3n vertical para fachadas, paredes y techos, que consta de dos perfiles de acero galvanizado pretaladrados y un inserto flexible intercambiable para absorber peque\u00f1os movimientos multidireccionales. Especialmente adaptado para instalar yeso.<\/p>\n<p><strong>Uso:<\/strong> Para juntas verticales de paredes y techos con una apertura de hasta 50 mm. Conveniente y f\u00e1cil de instalar.<\/p>\n<p><strong>Acabados y piezas especiales<\/strong>: modelos planos y angulares. Inserto negro, gris o blanquecino.<\/p>\n<p><strong>Material:<\/strong> acero nitrilo galvanizado \u00a0 <strong>Color:<\/strong> negro, gris y colores RAL \u00a0 <strong>Modelo:<\/strong> \u00e1ngulo y plano[\/vc_column_text][mk_padding_divider size=\u00bb30&#8243; visibility=\u00bbvisible-sm\u00bb][\/vc_column][\/vc_row][vc_row][vc_column width=\u00bb1\/4&#8243;][mk_image src=\u00bbhttps:\/\/cortartec.net\/wp-content\/uploads\/2019\/12\/imagem84-1.jpg\u00bb image_size=\u00bbfull\u00bb title=\u00bbCOR JDV 4.06&#8243; align=\u00bbcenter\u00bb margin_bottom=\u00bb20&#8243;][mk_padding_divider size=\u00bb30&#8243; visibility=\u00bbvisible-sm\u00bb][\/vc_column][vc_column width=\u00bb3\/4&#8243;][vc_column_text css=\u00bb.vc_custom_1594225143357{margin-bottom: 0px !important;}\u00bb]Junta de dilataci\u00f3n para fachadas, paredes y techos compuesta por \u00e1ngulos de aluminio y una tableta. Los \u00e1ngulos laterales est\u00e1n cubiertos con espuma celular que compensa las irregularidades de la superficie. El inserto central intercambiable absorbe grandes movimientos multidireccionales. Junta especialmente indicada para grandes aberturas con grandes movimientos s\u00edsmicos.<\/p>\n<p><strong>Uso:<\/strong> Para juntas verticales de fachadas, paredes y techos de hasta 350 mm de apertura. Conveniente y f\u00e1cil de instalar.<\/p>\n<p><strong>Acabados y piezas especiales:<\/strong> Modelo con alas invisibles pegadas dentro de la junta (DE). Inserto negro o gris. Otros colores RAL son posibles bajo pedido.<\/p>\n<p><strong>Material:<\/strong> aluminio nitrilo \u00a0 <strong>Color:<\/strong> negro, gris y colores RAL \u00a0 <strong>Modelo<\/strong>: \u00e1ngulo y plano[\/vc_column_text][mk_padding_divider size=\u00bb30&#8243; visibility=\u00bbvisible-sm\u00bb][\/vc_column][\/vc_row][vc_row][vc_column width=\u00bb1\/4&#8243;][mk_image src=\u00bbhttps:\/\/cortartec.net\/wp-content\/uploads\/2019\/12\/imagem85.jpg\u00bb image_size=\u00bbfull\u00bb title=\u00bbCOR JDV 4.08&#8243; align=\u00bbcenter\u00bb margin_bottom=\u00bb20&#8243;][mk_padding_divider size=\u00bb30&#8243; visibility=\u00bbvisible-sm\u00bb][\/vc_column][vc_column width=\u00bb3\/4&#8243;][vc_column_text css=\u00bb.vc_custom_1594225152349{margin-bottom: 0px !important;}\u00bb]La serie COR JDV 4.08 fue especialmente dise\u00f1ada para el tratamiento de juntas de expansi\u00f3n en edificios hechos con aislamiento externo. Consiste en: &#8211; una malla de fibra para una adhesi\u00f3n perfecta al revestimiento y un f\u00e1cil posicionamiento, &#8211; una membrana de nitrilo para garantizar el sellado del sistema, &#8211; una cubierta de perfiles de cierre de PVC resistente a los rayos UV.<\/p>\n<p><strong>Uso:<\/strong> Para juntas verticales de fachadas de hasta 30 mm de apertura. Son perfectamente compatibles con nuestra gama de sellos de protecci\u00f3n contra incendios.<\/p>\n<p><strong>Acabados y piezas especiales:<\/strong> \u00e1ngulo est\u00e1ndar y plano. \u00c1ngulos blancos e inserci\u00f3n. Otros colores RAL son posibles bajo pedido.<\/p>\n<p><strong>Material:<\/strong> PVC nitrilo \u00a0\u00a0<strong> Color:<\/strong> blanco \u00a0 <strong>Modelo:<\/strong> \u00e1ngulo y plano[\/vc_column_text][mk_padding_divider size=\u00bb30&#8243; visibility=\u00bbvisible-sm\u00bb][\/vc_column][\/vc_row][vc_row][vc_column width=\u00bb1\/4&#8243;][mk_image src=\u00bbhttps:\/\/cortartec.net\/wp-content\/uploads\/2019\/12\/imagem86.jpg\u00bb image_size=\u00bbfull\u00bb title=\u00bbCOR JDV 4.10&#8243; align=\u00bbcenter\u00bb margin_bottom=\u00bb20&#8243;][mk_padding_divider size=\u00bb30&#8243; visibility=\u00bbvisible-sm\u00bb][\/vc_column][vc_column width=\u00bb3\/4&#8243;][vc_column_text css=\u00bb.vc_custom_1594225163397{margin-bottom: 0px !important;}\u00bb]Junta de dilata\u00e7\u00e3o vertical em metal para esta\u00e7\u00f5es, aeroportos, shopping centers &#8230; Esses modelos consistem em molas que permitem grandes movimentos s\u00edsmicos.<\/p>\n<p>Junta de dilataci\u00f3n especial para grandes movimientos s\u00edsmicos.<br \/>\nInstalaci\u00f3n vertical: fachada, pared y techo.<br \/>\nPara abrir juntas de 50 a 200 mm.<\/p>\n<p><strong>Material:<\/strong> aluminio \u00a0\u00a0 <strong>Color:<\/strong> natural, colores RAL \u00a0\u00a0 <strong>Modelo:<\/strong> \u00e1ngulo y plano[\/vc_column_text][mk_padding_divider size=\u00bb30&#8243; visibility=\u00bbvisible-sm\u00bb][\/vc_column][\/vc_row][vc_row][vc_column][mk_fancy_title color=\u00bb#999999&#8243; size=\u00bb40&#8243; font_weight=\u00bb200&#8243; txt_transform=\u00bbuppercase\u00bb margin_bottom=\u00bb5&#8243; font_family=\u00bbnone\u00bb align=\u00bbcenter\u00bb]PRODUCTOS <strong>SIMILARES<\/strong>[\/mk_fancy_title][mk_divider style=\u00bbthin_solid\u00bb divider_width=\u00bbcustom_width\u00bb custom_width=\u00bb80&#8243; thin_single_color=\u00bb#fe6600&#8243; thickness=\u00bb4&#8243; margin_top=\u00bb0&#8243; margin_bottom=\u00bb40&#8243;][\/vc_column][\/vc_row][vc_row][vc_column width=\u00bb1\/4&#8243;][mk_image src=\u00bbhttps:\/\/cortartec.net\/wp-content\/uploads\/2020\/02\/dp08-30.jpg\u00bb image_width=\u00bb300&#8243; image_height=\u00bb225&#8243; link=\u00bbhttps:\/\/cortartec.net\/es\/productos\/juntas-de-dilatacion\/juntas-de-fraccionamiento\/\u00bb align=\u00bbcenter\u00bb margin_bottom=\u00bb20&#8243;][mk_fancy_title color=\u00bb#fe6600&#8243; size=\u00bb25&#8243; font_weight=\u00bbbold\u00bb txt_transform=\u00bbuppercase\u00bb margin_bottom=\u00bb0&#8243; font_family=\u00bbnone\u00bb]Juntas de fraccionamiento[\/mk_fancy_title][mk_padding_divider size=\u00bb30&#8243; visibility=\u00bbvisible-sm\u00bb][\/vc_column][vc_column width=\u00bb1\/4&#8243;][mk_image src=\u00bbhttps:\/\/cortartec.net\/wp-content\/uploads\/2020\/02\/500-01.jpg\u00bb image_width=\u00bb300&#8243; image_height=\u00bb225&#8243; link=\u00bbhttps:\/\/cortartec.net\/es\/productos\/juntas-de-dilatacion\/llenado-de-juntas\/\u00bb align=\u00bbcenter\u00bb margin_bottom=\u00bb20&#8243;][mk_fancy_title color=\u00bb#fe6600&#8243; size=\u00bb25&#8243; font_weight=\u00bbbold\u00bb txt_transform=\u00bbuppercase\u00bb margin_bottom=\u00bb0&#8243; font_family=\u00bbnone\u00bb]Juntas de obstrucci\u00f3n[\/mk_fancy_title][mk_padding_divider size=\u00bb30&#8243; visibility=\u00bbvisible-sm\u00bb][\/vc_column][vc_column width=\u00bb1\/4&#8243;][mk_image src=\u00bbhttps:\/\/cortartec.net\/wp-content\/uploads\/2020\/02\/wr.jpg\u00bb image_width=\u00bb300&#8243; image_height=\u00bb225&#8243; link=\u00bbhttps:\/\/cortartec.net\/es\/productos\/juntas-de-dilatacion\/juntas-de-dilatacion-de-techos\/\u00bb align=\u00bbcenter\u00bb margin_bottom=\u00bb20&#8243;][mk_fancy_title color=\u00bb#fe6600&#8243; size=\u00bb25&#8243; font_weight=\u00bbbold\u00bb txt_transform=\u00bbuppercase\u00bb margin_bottom=\u00bb0&#8243; font_family=\u00bbnone\u00bb]Juntas de techo[\/mk_fancy_title][mk_padding_divider size=\u00bb30&#8243; visibility=\u00bbvisible-sm\u00bb][\/vc_column][vc_column width=\u00bb1\/4&#8243;][mk_image src=\u00bbhttps:\/\/cortartec.net\/wp-content\/uploads\/2020\/02\/951-150.jpg\u00bb image_width=\u00bb300&#8243; image_height=\u00bb225&#8243; link=\u00bbhttps:\/\/cortartec.net\/es\/productos\/juntas-de-dilatacion\/juntas-para-aparcamientos\/\u00bb align=\u00bbcenter\u00bb margin_bottom=\u00bb20&#8243;][mk_fancy_title color=\u00bb#fe6600&#8243; size=\u00bb25&#8243; font_weight=\u00bbbold\u00bb txt_transform=\u00bbuppercase\u00bb margin_bottom=\u00bb0&#8243; font_family=\u00bbnone\u00bb]Juntas de estacionamiento[\/mk_fancy_title][\/vc_column][\/vc_row][vc_row][vc_column][mk_padding_divider size=\u00bb80&#8243;][\/vc_column][\/vc_row][vc_row fullwidth=\u00bbtrue\u00bb fullwidth_content=\u00bbfalse\u00bb css=\u00bb.vc_custom_1597403978460{margin-top: 50px !important;padding-top: 30px !important;background-color: #fe6600 !important;}\u00bb][vc_column width=\u00bb2\/3&#8243;][mk_fancy_title tag_name=\u00bbh5&#8243; color=\u00bb#ffffff\u00bb size=\u00bb26&#8243; font_weight=\u00bb400&#8243; txt_transform=\u00bbnone\u00bb margin_top=\u00bb10&#8243; font_family=\u00bbnone\u00bb]Tienes preguntas? Estamos aqu\u00ed para ayudarte![\/mk_fancy_title][\/vc_column][vc_column width=\u00bb1\/3&#8243;][mk_button dimension=\u00bbflat\u00bb corner_style=\u00bbrounded\u00bb size=\u00bblarge\u00bb url=\u00bbhttps:\/\/cortartec.net\/es\/contactos\/\u00bb align=\u00bbright\u00bb margin_right=\u00bb0&#8243; el_class=\u00bbmrightButton\u00bb bg_color=\u00bb#f0f0f0&#8243; btn_hover_bg=\u00bb#ffffff\u00bb text_color=\u00bbdark\u00bb btn_hover_txt_color=\u00bb#fe6600&#8243;]CONT\u00c1CTANOS[\/mk_button][\/vc_column][\/vc_row]\n","protected":false},"excerpt":{"rendered":"<p>[vc_row][vc_column][vc_tabs responsive=\u00bbfalse\u00bb container_bg_color=\u00bb\u00bb][vc_tab title=\u00bbDetalles\u00bb tab_id=\u00bb1566866031-1-40&#8243;][vc_column_text disable_pattern=\u00bbfalse\u00bb css=\u00bb.vc_custom_1594225114241{margin-bottom: 0px !important;}\u00bb]Las juntas de expansi\u00f3n en paredes y fachadas est\u00e1n dise\u00f1adas para terminar y sellar paredes externas. Ofrecemos una amplia variedad de juntas de expansi\u00f3n para paredes y fachadas que se pueden fijar mec\u00e1nicamente o, para algunas personas, con yeso durante la construcci\u00f3n o renovaci\u00f3n de la estructura. [&hellip;]<\/p>\n","protected":false},"author":6,"featured_media":0,"parent":2787,"menu_order":0,"comment_status":"closed","ping_status":"closed","template":"","meta":[],"yoast_head":"<!-- This site is optimized with the Yoast SEO plugin v19.4 - https:\/\/yoast.com\/wordpress\/plugins\/seo\/ -->\n<title>Juntas de dilataci\u00f3n para fachadas - Cortartec<\/title>\n<meta name=\"robots\" content=\"index, follow, max-snippet:-1, max-image-preview:large, max-video-preview:-1\" \/>\n<link rel=\"canonical\" href=\"https:\/\/cortartec.net\/es\/productos\/juntas-de-dilatacion\/juntas-de-dilatacion-para-fachadas\/\" \/>\n<meta property=\"og:locale\" content=\"es_ES\" \/>\n<meta property=\"og:type\" content=\"article\" \/>\n<meta property=\"og:title\" content=\"Juntas de dilataci\u00f3n para fachadas - Cortartec\" \/>\n<meta property=\"og:description\" content=\"[vc_row][vc_column][vc_tabs responsive=\u00bbfalse\u00bb container_bg_color=\u00bb\u00bb][vc_tab title=\u00bbDetalles\u00bb tab_id=\u00bb1566866031-1-40&#8243;][vc_column_text disable_pattern=\u00bbfalse\u00bb css=\u00bb.vc_custom_1594225114241{margin-bottom: 0px !important;}\u00bb]Las juntas de expansi\u00f3n en paredes y fachadas est\u00e1n dise\u00f1adas para terminar y sellar paredes externas. Ofrecemos una amplia variedad de juntas de expansi\u00f3n para paredes y fachadas que se pueden fijar mec\u00e1nicamente o, para algunas personas, con yeso durante la construcci\u00f3n o renovaci\u00f3n de la estructura. [&hellip;]\" \/>\n<meta property=\"og:url\" content=\"https:\/\/cortartec.net\/es\/productos\/juntas-de-dilatacion\/juntas-de-dilatacion-para-fachadas\/\" \/>\n<meta property=\"og:site_name\" content=\"Cortartec\" \/>\n<meta property=\"article:publisher\" content=\"https:\/\/facebook.com\/cortartec\" \/>\n<meta property=\"article:modified_time\" content=\"2021-07-29T13:13:02+00:00\" \/>\n<meta name=\"twitter:card\" content=\"summary_large_image\" \/>\n<meta name=\"twitter:site\" content=\"@cortartec\" \/>\n<meta name=\"twitter:label1\" content=\"Tiempo de lectura\" \/>\n\t<meta name=\"twitter:data1\" content=\"7 minutos\" \/>\n<script type=\"application\/ld+json\" class=\"yoast-schema-graph\">{\"@context\":\"https:\/\/schema.org\",\"@graph\":[{\"@type\":\"Organization\",\"@id\":\"https:\/\/cortartec.net\/fr\/#organization\",\"name\":\"Cortartec\",\"url\":\"https:\/\/cortartec.net\/fr\/\",\"sameAs\":[\"https:\/\/instagram.com\/cortartec\",\"https:\/\/za.linkedin.com\/company\/cortartec?trk=recent-update_see-all\",\"https:\/\/pinterest.com\/cortartec\",\"https:\/\/youtube.com\/user\/cortartec\",\"https:\/\/facebook.com\/cortartec\",\"https:\/\/twitter.com\/cortartec\"],\"logo\":{\"@type\":\"ImageObject\",\"inLanguage\":\"es\",\"@id\":\"https:\/\/cortartec.net\/fr\/#\/schema\/logo\/image\/\",\"url\":\"https:\/\/cortartec.net\/wp-content\/uploads\/2019\/08\/logo.png\",\"contentUrl\":\"https:\/\/cortartec.net\/wp-content\/uploads\/2019\/08\/logo.png\",\"width\":400,\"height\":100,\"caption\":\"Cortartec\"},\"image\":{\"@id\":\"https:\/\/cortartec.net\/fr\/#\/schema\/logo\/image\/\"}},{\"@type\":\"WebSite\",\"@id\":\"https:\/\/cortartec.net\/fr\/#website\",\"url\":\"https:\/\/cortartec.net\/fr\/\",\"name\":\"Cortartec\",\"description\":\"\",\"publisher\":{\"@id\":\"https:\/\/cortartec.net\/fr\/#organization\"},\"potentialAction\":[{\"@type\":\"SearchAction\",\"target\":{\"@type\":\"EntryPoint\",\"urlTemplate\":\"https:\/\/cortartec.net\/fr\/?s={search_term_string}\"},\"query-input\":\"required name=search_term_string\"}],\"inLanguage\":\"es\"},{\"@type\":\"WebPage\",\"@id\":\"https:\/\/cortartec.net\/es\/productos\/juntas-de-dilatacion\/juntas-de-dilatacion-para-fachadas\/\",\"url\":\"https:\/\/cortartec.net\/es\/productos\/juntas-de-dilatacion\/juntas-de-dilatacion-para-fachadas\/\",\"name\":\"Juntas de dilataci\u00f3n para fachadas - Cortartec\",\"isPartOf\":{\"@id\":\"https:\/\/cortartec.net\/fr\/#website\"},\"datePublished\":\"2020-02-19T12:03:53+00:00\",\"dateModified\":\"2021-07-29T13:13:02+00:00\",\"breadcrumb\":{\"@id\":\"https:\/\/cortartec.net\/es\/productos\/juntas-de-dilatacion\/juntas-de-dilatacion-para-fachadas\/#breadcrumb\"},\"inLanguage\":\"es\",\"potentialAction\":[{\"@type\":\"ReadAction\",\"target\":[\"https:\/\/cortartec.net\/es\/productos\/juntas-de-dilatacion\/juntas-de-dilatacion-para-fachadas\/\"]}]},{\"@type\":\"BreadcrumbList\",\"@id\":\"https:\/\/cortartec.net\/es\/productos\/juntas-de-dilatacion\/juntas-de-dilatacion-para-fachadas\/#breadcrumb\",\"itemListElement\":[{\"@type\":\"ListItem\",\"position\":1,\"name\":\"In\u00edcio\",\"item\":\"https:\/\/cortartec.net\/es\/\"},{\"@type\":\"ListItem\",\"position\":2,\"name\":\"Productos\",\"item\":\"https:\/\/cortartec.net\/es\/productos\/\"},{\"@type\":\"ListItem\",\"position\":3,\"name\":\"Juntas de dilataci\u00f3n\",\"item\":\"https:\/\/cortartec.net\/es\/productos\/juntas-de-dilatacion\/\"},{\"@type\":\"ListItem\",\"position\":4,\"name\":\"Juntas de dilataci\u00f3n para fachadas\"}]}]}<\/script>\n<!-- \/ Yoast SEO plugin. -->","yoast_head_json":{"title":"Juntas de dilataci\u00f3n para fachadas - Cortartec","robots":{"index":"index","follow":"follow","max-snippet":"max-snippet:-1","max-image-preview":"max-image-preview:large","max-video-preview":"max-video-preview:-1"},"canonical":"https:\/\/cortartec.net\/es\/productos\/juntas-de-dilatacion\/juntas-de-dilatacion-para-fachadas\/","og_locale":"es_ES","og_type":"article","og_title":"Juntas de dilataci\u00f3n para fachadas - Cortartec","og_description":"[vc_row][vc_column][vc_tabs responsive=\u00bbfalse\u00bb container_bg_color=\u00bb\u00bb][vc_tab title=\u00bbDetalles\u00bb tab_id=\u00bb1566866031-1-40&#8243;][vc_column_text disable_pattern=\u00bbfalse\u00bb css=\u00bb.vc_custom_1594225114241{margin-bottom: 0px !important;}\u00bb]Las juntas de expansi\u00f3n en paredes y fachadas est\u00e1n dise\u00f1adas para terminar y sellar paredes externas. Ofrecemos una amplia variedad de juntas de expansi\u00f3n para paredes y fachadas que se pueden fijar mec\u00e1nicamente o, para algunas personas, con yeso durante la construcci\u00f3n o renovaci\u00f3n de la estructura. [&hellip;]","og_url":"https:\/\/cortartec.net\/es\/productos\/juntas-de-dilatacion\/juntas-de-dilatacion-para-fachadas\/","og_site_name":"Cortartec","article_publisher":"https:\/\/facebook.com\/cortartec","article_modified_time":"2021-07-29T13:13:02+00:00","twitter_card":"summary_large_image","twitter_site":"@cortartec","twitter_misc":{"Tiempo de lectura":"7 minutos"},"schema":{"@context":"https:\/\/schema.org","@graph":[{"@type":"Organization","@id":"https:\/\/cortartec.net\/fr\/#organization","name":"Cortartec","url":"https:\/\/cortartec.net\/fr\/","sameAs":["https:\/\/instagram.com\/cortartec","https:\/\/za.linkedin.com\/company\/cortartec?trk=recent-update_see-all","https:\/\/pinterest.com\/cortartec","https:\/\/youtube.com\/user\/cortartec","https:\/\/facebook.com\/cortartec","https:\/\/twitter.com\/cortartec"],"logo":{"@type":"ImageObject","inLanguage":"es","@id":"https:\/\/cortartec.net\/fr\/#\/schema\/logo\/image\/","url":"https:\/\/cortartec.net\/wp-content\/uploads\/2019\/08\/logo.png","contentUrl":"https:\/\/cortartec.net\/wp-content\/uploads\/2019\/08\/logo.png","width":400,"height":100,"caption":"Cortartec"},"image":{"@id":"https:\/\/cortartec.net\/fr\/#\/schema\/logo\/image\/"}},{"@type":"WebSite","@id":"https:\/\/cortartec.net\/fr\/#website","url":"https:\/\/cortartec.net\/fr\/","name":"Cortartec","description":"","publisher":{"@id":"https:\/\/cortartec.net\/fr\/#organization"},"potentialAction":[{"@type":"SearchAction","target":{"@type":"EntryPoint","urlTemplate":"https:\/\/cortartec.net\/fr\/?s={search_term_string}"},"query-input":"required name=search_term_string"}],"inLanguage":"es"},{"@type":"WebPage","@id":"https:\/\/cortartec.net\/es\/productos\/juntas-de-dilatacion\/juntas-de-dilatacion-para-fachadas\/","url":"https:\/\/cortartec.net\/es\/productos\/juntas-de-dilatacion\/juntas-de-dilatacion-para-fachadas\/","name":"Juntas de dilataci\u00f3n para fachadas - Cortartec","isPartOf":{"@id":"https:\/\/cortartec.net\/fr\/#website"},"datePublished":"2020-02-19T12:03:53+00:00","dateModified":"2021-07-29T13:13:02+00:00","breadcrumb":{"@id":"https:\/\/cortartec.net\/es\/productos\/juntas-de-dilatacion\/juntas-de-dilatacion-para-fachadas\/#breadcrumb"},"inLanguage":"es","potentialAction":[{"@type":"ReadAction","target":["https:\/\/cortartec.net\/es\/productos\/juntas-de-dilatacion\/juntas-de-dilatacion-para-fachadas\/"]}]},{"@type":"BreadcrumbList","@id":"https:\/\/cortartec.net\/es\/productos\/juntas-de-dilatacion\/juntas-de-dilatacion-para-fachadas\/#breadcrumb","itemListElement":[{"@type":"ListItem","position":1,"name":"In\u00edcio","item":"https:\/\/cortartec.net\/es\/"},{"@type":"ListItem","position":2,"name":"Productos","item":"https:\/\/cortartec.net\/es\/productos\/"},{"@type":"ListItem","position":3,"name":"Juntas de dilataci\u00f3n","item":"https:\/\/cortartec.net\/es\/productos\/juntas-de-dilatacion\/"},{"@type":"ListItem","position":4,"name":"Juntas de dilataci\u00f3n para fachadas"}]}]}},"_links":{"self":[{"href":"https:\/\/cortartec.net\/es\/wp-json\/wp\/v2\/pages\/2894"}],"collection":[{"href":"https:\/\/cortartec.net\/es\/wp-json\/wp\/v2\/pages"}],"about":[{"href":"https:\/\/cortartec.net\/es\/wp-json\/wp\/v2\/types\/page"}],"author":[{"embeddable":true,"href":"https:\/\/cortartec.net\/es\/wp-json\/wp\/v2\/users\/6"}],"replies":[{"embeddable":true,"href":"https:\/\/cortartec.net\/es\/wp-json\/wp\/v2\/comments?post=2894"}],"version-history":[{"count":1,"href":"https:\/\/cortartec.net\/es\/wp-json\/wp\/v2\/pages\/2894\/revisions"}],"predecessor-version":[{"id":11062,"href":"https:\/\/cortartec.net\/es\/wp-json\/wp\/v2\/pages\/2894\/revisions\/11062"}],"up":[{"embeddable":true,"href":"https:\/\/cortartec.net\/es\/wp-json\/wp\/v2\/pages\/2787"}],"wp:attachment":[{"href":"https:\/\/cortartec.net\/es\/wp-json\/wp\/v2\/media?parent=2894"}],"curies":[{"name":"wp","href":"https:\/\/api.w.org\/{rel}","templated":true}]}}