{"id":3193,"date":"2020-02-21T17:23:19","date_gmt":"2020-02-21T17:23:19","guid":{"rendered":"https:\/\/cortartec.net\/?page_id=3193"},"modified":"2021-11-23T15:57:23","modified_gmt":"2021-11-23T15:57:23","slug":"proteccion-de-la-pared","status":"publish","type":"page","link":"https:\/\/cortartec.net\/es\/productos\/acabados\/proteccion-de-la-pared\/","title":{"rendered":"Protecci\u00f3n de la pared"},"content":{"rendered":"[vc_row][vc_column][mk_gallery images=\u00bb1423,9050,9046&#8243; height=\u00bb235&#8243; hover_scenarios=\u00bbslow_zoom\u00bb margin_bottom=\u00bb37&#8243;][\/vc_column][\/vc_row][vc_row css=\u00bb.vc_custom_1597515141627{margin-top: 50px !important;}\u00bb][vc_column][vc_tabs responsive=\u00bbfalse\u00bb container_bg_color=\u00bb\u00bb][vc_tab title=\u00bbDetalles\u00bb tab_id=\u00bb1566866031-1-40&#8243;][vc_column_text disable_pattern=\u00bbfalse\u00bb css=\u00bb.vc_custom_1600789120809{margin-bottom: 0px !important;}\u00bb]<span style=\"color: #000000;\"><strong>Protecci\u00f3n de pared \/ pasamanos<\/strong><\/span><\/p>\n<p><span style=\"color: #000000;\">Nuestro sistema de protecci\u00f3n de pared consiste en un perfil de aluminio fijado a la pared con o sin soportes libres. La cubierta de vinilo es resistente a la abrasi\u00f3n y absorbe los impactos a trav\u00e9s de sus soportes en perfil de goma y ofrece una soluci\u00f3n moderna, decorativa y muy funcional. Los perfiles de 4 m de largo se producen en 32 colores diferentes. Gracias a su formulaci\u00f3n antibacteriana y libre de metales pesados, es ideal para usar en instalaciones de salud como hospitales, cl\u00ednicas y \u00e1reas de procesamiento de alimentos, hogares, escuelas, \u00e1reas p\u00fablicas, oficinas, etc.<\/span><br \/>\n<span style=\"color: #000000;\">Nuestros sistemas Cortartec son la primera l\u00ednea de defensa contra da\u00f1os en \u00e1reas de tr\u00e1fico intenso en paredes de hospitales, paredes de hoteles, paredes de escuelas e incluso paredes de espacios deportivos y de eventos. El uso de nuestras protecciones reducir\u00e1 dr\u00e1sticamente los costos de mantenimiento y reparaci\u00f3n con el tiempo, adem\u00e1s de que sus instalaciones siempre se ver\u00e1n limpias y ordenadas.<\/span><\/p>\n<p><span style=\"color: #000000;\"><strong>Protecci\u00f3n de pared LED<\/strong><\/span><\/p>\n<p><span style=\"color: #000000;\">Protecci\u00f3n La iluminaci\u00f3n LED VINIC fue dise\u00f1ada para proporcionar orientaci\u00f3n a los pasillos de los hospitales por la noche, adem\u00e1s, el pasamanos de iluminaci\u00f3n LED es un producto de elecci\u00f3n debido a su bajo consumo de energ\u00eda y apariencia decorativa, est\u00e1 montado contra la pared con un perfil aluminio continuo y tiene una barandilla. Los canales de iluminaci\u00f3n LED est\u00e1n integrados en el interior del edificio y la cubierta de vinilo se produce en 32 colores diferentes. Se instala en las paredes con diferentes elementos de fijaci\u00f3n con un intervalo de 60-75 cm. La longitud es de 4 metros.<\/span>[\/vc_column_text][\/vc_tab][vc_tab title=\u00bbDownload\u00bb tab_id=\u00bb1566866086439-2-10&#8243;][mk_button dimension=\u00bbflat\u00bb corner_style=\u00bbrounded\u00bb size=\u00bbmedium\u00bb url=\u00bbhttps:\/\/cortartec.net\/wp-content\/uploads\/2021\/07\/catalogo-protecoes-de-parede-geral-es-1.pdf\u00bb align=\u00bbcenter\u00bb]DESCARGAR PDF[\/mk_button][\/vc_tab][vc_tab title=\u00bbCertificados\u00bb tab_id=\u00bb1566866087001-3-3&#8243;]<div role=\"form\" class=\"wpcf7\" id=\"wpcf7-f9190-o1\" lang=\"pt-PT\" dir=\"ltr\">\n<div class=\"screen-reader-response\"><p role=\"status\" aria-live=\"polite\" aria-atomic=\"true\"><\/p> <ul><\/ul><\/div>\n<form action=\"\/es\/wp-json\/wp\/v2\/pages\/3193#wpcf7-f9190-o1\" method=\"post\" class=\"wpcf7-form init\" novalidate=\"novalidate\" data-status=\"init\">\n<div style=\"display: none;\">\n<input type=\"hidden\" name=\"_wpcf7\" value=\"9190\" \/>\n<input type=\"hidden\" name=\"_wpcf7_version\" value=\"5.4.2\" \/>\n<input type=\"hidden\" name=\"_wpcf7_locale\" value=\"pt_PT\" \/>\n<input type=\"hidden\" name=\"_wpcf7_unit_tag\" value=\"wpcf7-f9190-o1\" \/>\n<input type=\"hidden\" name=\"_wpcf7_container_post\" value=\"0\" \/>\n<input type=\"hidden\" name=\"_wpcf7_posted_data_hash\" value=\"\" \/>\n<\/div>\n<p>Solicite la ficha t\u00e9cnica \/ certificados aqu\u00ed:<\/p>\n<p><span class=\"wpcf7-form-control-wrap nome\"><input type=\"text\" name=\"nome\" value=\"\" size=\"40\" class=\"wpcf7-form-control wpcf7-text wpcf7-validates-as-required\" aria-required=\"true\" aria-invalid=\"false\" placeholder=\"Nombre\" \/><\/span><\/p>\n<p><span class=\"wpcf7-form-control-wrap email\"><input type=\"email\" name=\"email\" value=\"\" size=\"40\" class=\"wpcf7-form-control wpcf7-text wpcf7-email wpcf7-validates-as-required wpcf7-validates-as-email\" aria-required=\"true\" aria-invalid=\"false\" placeholder=\"Email\" \/><\/span><\/p>\n<p><span class=\"wpcf7-form-control-wrap telefone\"><input type=\"tel\" name=\"telefone\" value=\"\" size=\"40\" class=\"wpcf7-form-control wpcf7-text wpcf7-tel wpcf7-validates-as-required wpcf7-validates-as-tel\" aria-required=\"true\" aria-invalid=\"false\" placeholder=\"Tel\u00e9fono\" \/><\/span><\/p>\n<p><span class=\"wpcf7-form-control-wrap empresa\"><input type=\"text\" name=\"empresa\" value=\"\" size=\"40\" class=\"wpcf7-form-control wpcf7-text\" aria-invalid=\"false\" placeholder=\"Empresa\" \/><\/span><\/p>\n<p><span class=\"wpcf7-form-control-wrap produto\"><input type=\"hidden\" name=\"produto\" value=\"Protecci\u00f3n de la pared\" size=\"40\" class=\"wpcf7-form-control wpcf7dtx-dynamictext wpcf7-dynamichidden\" aria-invalid=\"false\" \/><\/span><\/p>\n<p><span class=\"wpcf7-form-control-wrap rgpd\"><span class=\"wpcf7-form-control wpcf7-acceptance\"><span class=\"wpcf7-list-item\"><label><input type=\"checkbox\" name=\"rgpd\" value=\"1\" aria-invalid=\"false\" \/><span class=\"wpcf7-list-item-label\">Doy mi consentimiento para que Cortartec conserve mis datos contenidos en este formulario por tiempo indefinido hasta la finalizaci\u00f3n de esta solicitud de contacto.<\/span><\/label><\/span><\/span><\/span><\/p>\n<p><input type=\"submit\" value=\"Pedir\" class=\"wpcf7-form-control wpcf7-submit\" \/><\/p>\n<p style=\"display: none !important;\" class=\"akismet-fields-container\" data-prefix=\"_wpcf7_ak_\"><label>&#916;<textarea name=\"_wpcf7_ak_hp_textarea\" cols=\"45\" rows=\"8\" maxlength=\"100\"><\/textarea><\/label><input type=\"hidden\" id=\"ak_js_1\" name=\"_wpcf7_ak_js\" value=\"17\"\/><script>document.getElementById( \"ak_js_1\" ).setAttribute( \"value\", ( new Date() ).getTime() );<\/script><\/p><div class=\"wpcf7-response-output\" aria-hidden=\"true\"><\/div><\/form><\/div>[\/vc_tab][\/vc_tabs][mk_circle_image src=\u00bbhttps:\/\/cortartec.net\/wp-content\/uploads\/2020\/08\/imagem21.png\u00bb image_diameter=\u00bb191&#8243;][vc_column_text disable_pattern=\u00bbfalse\u00bb css=\u00bb.vc_custom_1600788800820{margin-bottom: 0px !important;}\u00bb]<strong><span style=\"color: #000000;\">CWG 145 Sistema de protecci\u00f3n de paredes y pasamanos<\/span><\/strong><\/p>\n<p><span style=\"color: #000000;\">La banda de protecci\u00f3n de pared <strong>CWG 145<\/strong> tiene unas dimensiones de 145 mm de ancho y 85 mm de profundidad. El sistema de pasamanos y protecci\u00f3n de pared Cortartec CWG 145 es un elegante sistema de pasamanos que protege las paredes de los da\u00f1os causados \u200b\u200bpor los impactos y el desgaste y tambi\u00e9n brinda apoyo a los pacientes. La cubierta de vinilo decorativo se produce en 32 colores diferentes.<\/span>[\/vc_column_text][mk_circle_image src=\u00bbhttps:\/\/cortartec.net\/wp-content\/uploads\/2020\/08\/imagem22.png\u00bb image_diameter=\u00bb191&#8243;][vc_column_text disable_pattern=\u00bbfalse\u00bb css=\u00bb.vc_custom_1600788877324{margin-bottom: 0px !important;}\u00bb]<strong><span style=\"color: #000000;\">CWG 145-1 VINY LED pasamanos y protecci\u00f3n de pared<\/span><\/strong><\/p>\n<p><span style=\"color: #000000;\">El pasamanos de iluminaci\u00f3n LED VINY fue dise\u00f1ado para proporcionar orientaci\u00f3n para los pasillos del hospital por la noche, el <strong>CWG 145-1<\/strong> es de bajo consumo de energ\u00eda y de apariencia decorativa, lo que hace que nuestro sistema de pasamanos de iluminaci\u00f3n LED sea el sistema preferido de los hospitales. La tira de protecci\u00f3n de pared tiene 145 mm de ancho y 85 mm de profundidad y est\u00e1 montada en la pared con un perfil continuo de aluminio. El <strong>CWG 145-1<\/strong> no es solo un sistema de protecci\u00f3n de paredes, sino tambi\u00e9n un sistema de pasamanos dise\u00f1ado para ayudar a los pacientes. Los canales de iluminaci\u00f3n LED est\u00e1n integrados en la parte inferior del perfil.<\/span>[\/vc_column_text][mk_circle_image src=\u00bbhttps:\/\/cortartec.net\/wp-content\/uploads\/2020\/08\/imagem23.png\u00bb image_diameter=\u00bb191&#8243;][vc_column_text disable_pattern=\u00bbfalse\u00bb css=\u00bb.vc_custom_1600788947584{margin-bottom: 0px !important;}\u00bb]<strong><span style=\"color: #000000;\">CWG 146 Sistema de protecci\u00f3n de paredes y pasamanos (econ\u00f3mico)<\/span><\/strong><\/p>\n<p><span style=\"color: #000000;\">La banda de protecci\u00f3n de pared <strong>CWG 146<\/strong> tiene 145 mm de ancho y 85 mm de profundidad. El sistema de barandillas y protecci\u00f3n de paredes Cortartec <strong>CWG 146<\/strong> es un elegante sistema de barandillas que protege las paredes de da\u00f1os por impacto y desgaste y tambi\u00e9n proporciona apoyo a los pacientes. La cubierta de vinilo decorativo se produce en 32 colores diferentes.<\/span>[\/vc_column_text][mk_circle_image src=\u00bbhttps:\/\/cortartec.net\/wp-content\/uploads\/2020\/08\/imagem24.png\u00bb image_diameter=\u00bb191&#8243;][vc_column_text disable_pattern=\u00bbfalse\u00bb css=\u00bb.vc_custom_1600789035000{margin-bottom: 0px !important;}\u00bb]<strong><span style=\"color: #000000;\">Sistema de protecci\u00f3n de pared para pasamanos CWG 140<\/span><\/strong><\/p>\n<p><span style=\"color: #000000;\">El sistema de protecci\u00f3n de pared de pasamanos <strong>CWG 140<\/strong>, esta banda de protecci\u00f3n de pared curva se instala continuamente en la pared mediante un retenedor de aluminio continuo. Absorbe los impactos debido a la mecha de goma m\u00e1s peque\u00f1a y ofrece soluciones modernas para piezas decorativas de acabado. Y se puede producir en 32 colores diferentes.<\/span>[\/vc_column_text][mk_circle_image src=\u00bbhttps:\/\/cortartec.net\/wp-content\/uploads\/2020\/08\/imagem25.png\u00bb image_diameter=\u00bb191&#8243;][vc_column_text disable_pattern=\u00bbfalse\u00bb css=\u00bb.vc_custom_1600789101725{margin-bottom: 0px !important;}\u00bb]<strong><span style=\"color: #000000;\">CWG 152 Sistema de protecci\u00f3n de pasamanos y paredes<\/span><\/strong><\/p>\n<p><span style=\"color: #000000;\">El sistema de protecci\u00f3n de paredes y pasamanos <strong>CWG 152<\/strong> es una banda decorativa de protecci\u00f3n de paredes de 152 mm de ancho y 85 mm de profundidad. El sistema de protecci\u00f3n de paredes est\u00e1 recubierto de vinilo, es resistente a los ara\u00f1azos y absorbe los impactos a trav\u00e9s de las inserciones de goma inferiores, ofreciendo soluciones modernas para devoluciones decorativas a derecha e izquierda. Por su formulaci\u00f3n antibacteriana (no contiene ning\u00fan ingrediente de metales pesados), es ideal para hospitales. salas y cl\u00ednicas.<\/span>[\/vc_column_text][mk_circle_image src=\u00bbhttps:\/\/cortartec.net\/wp-content\/uploads\/2020\/08\/imagem26.png\u00bb image_diameter=\u00bb191&#8243;][vc_column_text disable_pattern=\u00bbfalse\u00bb css=\u00bb.vc_custom_1600789197191{margin-bottom: 0px !important;}\u00bb]<strong><span style=\"color: #000000;\">CWG 152-1 Sistemas combinados de protecci\u00f3n de pasamanos y paredes<\/span><\/strong><\/p>\n<p><span style=\"color: #000000;\">El sistema combinado Cortartec <strong>CWG 152<\/strong> ofrece la opci\u00f3n de poder seleccionar diferentes colores en un solo sistema. La l\u00ednea media es de textura de madera o material de acero inoxidable. Este sistema ofrece una soluci\u00f3n de dise\u00f1o decorativo y colorido. Es adecuado para todo tipo de ubicaciones.<\/span>[\/vc_column_text][\/vc_column][\/vc_row][vc_row css=\u00bb.vc_custom_1597515180781{margin-top: 50px !important;}\u00bb][vc_column][mk_fancy_title color=\u00bb#999999&#8243; size=\u00bb40&#8243; font_weight=\u00bb200&#8243; txt_transform=\u00bbuppercase\u00bb margin_bottom=\u00bb5&#8243; font_family=\u00bbnone\u00bb align=\u00bbcenter\u00bb]PRODUCTOS <strong>SIMILARES<\/strong>[\/mk_fancy_title][mk_divider style=\u00bbthin_solid\u00bb divider_width=\u00bbcustom_width\u00bb custom_width=\u00bb80&#8243; thin_single_color=\u00bb#fe6600&#8243; thickness=\u00bb4&#8243; margin_top=\u00bb0&#8243; margin_bottom=\u00bb40&#8243;][\/vc_column][\/vc_row][vc_row css=\u00bb.vc_custom_1597515189604{margin-top: 50px !important;margin-bottom: 50px !important;}\u00bb][vc_column width=\u00bb1\/4&#8243;][mk_image src=\u00bbhttps:\/\/cortartec.net\/wp-content\/uploads\/2020\/02\/lambril11.jpg\u00bb image_width=\u00bb300&#8243; image_height=\u00bb225&#8243; link=\u00bbhttps:\/\/cortartec.net\/es\/productos\/acabados\/placas-de-vinilo\/\u00bb align=\u00bbcenter\u00bb margin_bottom=\u00bb20&#8243;][mk_fancy_title color=\u00bb#fe6600&#8243; size=\u00bb25&#8243; font_weight=\u00bbbold\u00bb txt_transform=\u00bbuppercase\u00bb margin_bottom=\u00bb0&#8243; font_family=\u00bbnone\u00bb]Placas de vinilo[\/mk_fancy_title][mk_padding_divider size=\u00bb30&#8243; visibility=\u00bbvisible-sm\u00bb][\/vc_column][vc_column width=\u00bb1\/4&#8243;][mk_image src=\u00bbhttps:\/\/cortartec.net\/wp-content\/uploads\/2020\/02\/asp71.jpg\u00bb image_width=\u00bb300&#8243; image_height=\u00bb225&#8243; link=\u00bbhttps:\/\/cortartec.net\/es\/productos\/acabados\/zocalos\/\u00bb align=\u00bbcenter\u00bb margin_bottom=\u00bb20&#8243;][mk_fancy_title color=\u00bb#fe6600&#8243; size=\u00bb25&#8243; font_weight=\u00bbbold\u00bb txt_transform=\u00bbuppercase\u00bb margin_bottom=\u00bb0&#8243; font_family=\u00bbnone\u00bb]Z\u00f3calos[\/mk_fancy_title][mk_padding_divider size=\u00bb30&#8243; visibility=\u00bbvisible-sm\u00bb][\/vc_column][vc_column width=\u00bb1\/4&#8243;][mk_image src=\u00bbhttps:\/\/cortartec.net\/wp-content\/uploads\/2020\/02\/imagem133.jpg\u00bb image_width=\u00bb300&#8243; image_height=\u00bb225&#8243; link=\u00bbhttps:\/\/cortartec.net\/es\/productos\/acabados\/narices-de-paso\/\u00bb align=\u00bbcenter\u00bb margin_bottom=\u00bb20&#8243;][mk_fancy_title color=\u00bb#fe6600&#8243; size=\u00bb25&#8243; font_weight=\u00bbbold\u00bb txt_transform=\u00bbuppercase\u00bb margin_bottom=\u00bb0&#8243; font_family=\u00bbnone\u00bb]Narices de paso[\/mk_fancy_title][mk_padding_divider size=\u00bb30&#8243; visibility=\u00bbvisible-sm\u00bb][\/vc_column][vc_column width=\u00bb1\/4&#8243;][mk_image src=\u00bbhttps:\/\/cortartec.net\/wp-content\/uploads\/2020\/02\/dsc_12461799252171639210371971954338.jpg\u00bb image_width=\u00bb300&#8243; image_height=\u00bb225&#8243; link=\u00bbhttps:\/\/cortartec.net\/es\/productos\/acabados\/prottectores-de-pared-para-aparcamientos\/\u00bb align=\u00bbcenter\u00bb margin_bottom=\u00bb20&#8243;][mk_fancy_title color=\u00bb#fe6600&#8243; size=\u00bb25&#8243; font_weight=\u00bbbold\u00bb txt_transform=\u00bbuppercase\u00bb margin_bottom=\u00bb0&#8243; font_family=\u00bbnone\u00bb]Protecci\u00f3n de aparcamientos[\/mk_fancy_title][\/vc_column][\/vc_row][vc_row fullwidth=\u00bbtrue\u00bb fullwidth_content=\u00bbfalse\u00bb css=\u00bb.vc_custom_1597403978460{margin-top: 50px !important;padding-top: 30px !important;background-color: #fe6600 !important;}\u00bb][vc_column width=\u00bb2\/3&#8243;][mk_fancy_title tag_name=\u00bbh5&#8243; color=\u00bb#ffffff\u00bb size=\u00bb26&#8243; font_weight=\u00bb400&#8243; txt_transform=\u00bbnone\u00bb margin_top=\u00bb10&#8243; font_family=\u00bbnone\u00bb]Tienes preguntas? Estamos aqu\u00ed para ayudarte![\/mk_fancy_title][\/vc_column][vc_column width=\u00bb1\/3&#8243;][mk_button dimension=\u00bbflat\u00bb corner_style=\u00bbrounded\u00bb size=\u00bblarge\u00bb url=\u00bbhttps:\/\/cortartec.net\/es\/contactos\/\u00bb align=\u00bbright\u00bb margin_right=\u00bb0&#8243; el_class=\u00bbmrightButton\u00bb bg_color=\u00bb#f0f0f0&#8243; btn_hover_bg=\u00bb#ffffff\u00bb text_color=\u00bbdark\u00bb btn_hover_txt_color=\u00bb#fe6600&#8243;]CONT\u00c1CTANOS[\/mk_button][\/vc_column][\/vc_row]\n","protected":false},"excerpt":{"rendered":"<p>[vc_row][vc_column][mk_gallery images=\u00bb1423,9050,9046&#8243; height=\u00bb235&#8243; hover_scenarios=\u00bbslow_zoom\u00bb margin_bottom=\u00bb37&#8243;][\/vc_column][\/vc_row][vc_row css=\u00bb.vc_custom_1597515141627{margin-top: 50px !important;}\u00bb][vc_column][vc_tabs responsive=\u00bbfalse\u00bb container_bg_color=\u00bb\u00bb][vc_tab title=\u00bbDetalles\u00bb tab_id=\u00bb1566866031-1-40&#8243;][vc_column_text disable_pattern=\u00bbfalse\u00bb css=\u00bb.vc_custom_1600789120809{margin-bottom: 0px !important;}\u00bb]Protecci\u00f3n de pared \/ pasamanos Nuestro sistema de protecci\u00f3n de pared consiste en un perfil de aluminio fijado a la pared con o sin soportes libres. La cubierta de vinilo es resistente a la abrasi\u00f3n y absorbe los impactos a [&hellip;]<\/p>\n","protected":false},"author":6,"featured_media":0,"parent":2463,"menu_order":0,"comment_status":"closed","ping_status":"closed","template":"","meta":[],"yoast_head":"<!-- This site is optimized with the Yoast SEO plugin v19.4 - https:\/\/yoast.com\/wordpress\/plugins\/seo\/ -->\n<title>Protecci\u00f3n de la pared - Cortartec<\/title>\n<meta name=\"robots\" content=\"index, follow, max-snippet:-1, max-image-preview:large, max-video-preview:-1\" \/>\n<link rel=\"canonical\" href=\"https:\/\/cortartec.net\/es\/productos\/acabados\/proteccion-de-la-pared\/\" \/>\n<meta property=\"og:locale\" content=\"es_ES\" \/>\n<meta property=\"og:type\" content=\"article\" \/>\n<meta property=\"og:title\" content=\"Protecci\u00f3n de la pared - Cortartec\" \/>\n<meta property=\"og:description\" content=\"[vc_row][vc_column][mk_gallery images=\u00bb1423,9050,9046&#8243; height=\u00bb235&#8243; hover_scenarios=\u00bbslow_zoom\u00bb margin_bottom=\u00bb37&#8243;][\/vc_column][\/vc_row][vc_row css=\u00bb.vc_custom_1597515141627{margin-top: 50px !important;}\u00bb][vc_column][vc_tabs responsive=\u00bbfalse\u00bb container_bg_color=\u00bb\u00bb][vc_tab title=\u00bbDetalles\u00bb tab_id=\u00bb1566866031-1-40&#8243;][vc_column_text disable_pattern=\u00bbfalse\u00bb css=\u00bb.vc_custom_1600789120809{margin-bottom: 0px !important;}\u00bb]Protecci\u00f3n de pared \/ pasamanos Nuestro sistema de protecci\u00f3n de pared consiste en un perfil de aluminio fijado a la pared con o sin soportes libres. La cubierta de vinilo es resistente a la abrasi\u00f3n y absorbe los impactos a [&hellip;]\" \/>\n<meta property=\"og:url\" content=\"https:\/\/cortartec.net\/es\/productos\/acabados\/proteccion-de-la-pared\/\" \/>\n<meta property=\"og:site_name\" content=\"Cortartec\" \/>\n<meta property=\"article:publisher\" content=\"https:\/\/facebook.com\/cortartec\" \/>\n<meta property=\"article:modified_time\" content=\"2021-11-23T15:57:23+00:00\" \/>\n<meta name=\"twitter:card\" content=\"summary_large_image\" \/>\n<meta name=\"twitter:site\" content=\"@cortartec\" \/>\n<meta name=\"twitter:label1\" content=\"Tiempo de lectura\" \/>\n\t<meta name=\"twitter:data1\" content=\"7 minutos\" \/>\n<script type=\"application\/ld+json\" class=\"yoast-schema-graph\">{\"@context\":\"https:\/\/schema.org\",\"@graph\":[{\"@type\":\"Organization\",\"@id\":\"https:\/\/cortartec.net\/fr\/#organization\",\"name\":\"Cortartec\",\"url\":\"https:\/\/cortartec.net\/fr\/\",\"sameAs\":[\"https:\/\/instagram.com\/cortartec\",\"https:\/\/za.linkedin.com\/company\/cortartec?trk=recent-update_see-all\",\"https:\/\/pinterest.com\/cortartec\",\"https:\/\/youtube.com\/user\/cortartec\",\"https:\/\/facebook.com\/cortartec\",\"https:\/\/twitter.com\/cortartec\"],\"logo\":{\"@type\":\"ImageObject\",\"inLanguage\":\"es\",\"@id\":\"https:\/\/cortartec.net\/fr\/#\/schema\/logo\/image\/\",\"url\":\"https:\/\/cortartec.net\/wp-content\/uploads\/2019\/08\/logo.png\",\"contentUrl\":\"https:\/\/cortartec.net\/wp-content\/uploads\/2019\/08\/logo.png\",\"width\":400,\"height\":100,\"caption\":\"Cortartec\"},\"image\":{\"@id\":\"https:\/\/cortartec.net\/fr\/#\/schema\/logo\/image\/\"}},{\"@type\":\"WebSite\",\"@id\":\"https:\/\/cortartec.net\/fr\/#website\",\"url\":\"https:\/\/cortartec.net\/fr\/\",\"name\":\"Cortartec\",\"description\":\"\",\"publisher\":{\"@id\":\"https:\/\/cortartec.net\/fr\/#organization\"},\"potentialAction\":[{\"@type\":\"SearchAction\",\"target\":{\"@type\":\"EntryPoint\",\"urlTemplate\":\"https:\/\/cortartec.net\/fr\/?s={search_term_string}\"},\"query-input\":\"required name=search_term_string\"}],\"inLanguage\":\"es\"},{\"@type\":\"WebPage\",\"@id\":\"https:\/\/cortartec.net\/es\/productos\/acabados\/proteccion-de-la-pared\/\",\"url\":\"https:\/\/cortartec.net\/es\/productos\/acabados\/proteccion-de-la-pared\/\",\"name\":\"Protecci\u00f3n de la pared - Cortartec\",\"isPartOf\":{\"@id\":\"https:\/\/cortartec.net\/fr\/#website\"},\"datePublished\":\"2020-02-21T17:23:19+00:00\",\"dateModified\":\"2021-11-23T15:57:23+00:00\",\"breadcrumb\":{\"@id\":\"https:\/\/cortartec.net\/es\/productos\/acabados\/proteccion-de-la-pared\/#breadcrumb\"},\"inLanguage\":\"es\",\"potentialAction\":[{\"@type\":\"ReadAction\",\"target\":[\"https:\/\/cortartec.net\/es\/productos\/acabados\/proteccion-de-la-pared\/\"]}]},{\"@type\":\"BreadcrumbList\",\"@id\":\"https:\/\/cortartec.net\/es\/productos\/acabados\/proteccion-de-la-pared\/#breadcrumb\",\"itemListElement\":[{\"@type\":\"ListItem\",\"position\":1,\"name\":\"In\u00edcio\",\"item\":\"https:\/\/cortartec.net\/es\/\"},{\"@type\":\"ListItem\",\"position\":2,\"name\":\"Productos\",\"item\":\"https:\/\/cortartec.net\/es\/productos\/\"},{\"@type\":\"ListItem\",\"position\":3,\"name\":\"Acabados\",\"item\":\"https:\/\/cortartec.net\/es\/productos\/acabados\/\"},{\"@type\":\"ListItem\",\"position\":4,\"name\":\"Protecci\u00f3n de la pared\"}]}]}<\/script>\n<!-- \/ Yoast SEO plugin. -->","yoast_head_json":{"title":"Protecci\u00f3n de la pared - Cortartec","robots":{"index":"index","follow":"follow","max-snippet":"max-snippet:-1","max-image-preview":"max-image-preview:large","max-video-preview":"max-video-preview:-1"},"canonical":"https:\/\/cortartec.net\/es\/productos\/acabados\/proteccion-de-la-pared\/","og_locale":"es_ES","og_type":"article","og_title":"Protecci\u00f3n de la pared - Cortartec","og_description":"[vc_row][vc_column][mk_gallery images=\u00bb1423,9050,9046&#8243; height=\u00bb235&#8243; hover_scenarios=\u00bbslow_zoom\u00bb margin_bottom=\u00bb37&#8243;][\/vc_column][\/vc_row][vc_row css=\u00bb.vc_custom_1597515141627{margin-top: 50px !important;}\u00bb][vc_column][vc_tabs responsive=\u00bbfalse\u00bb container_bg_color=\u00bb\u00bb][vc_tab title=\u00bbDetalles\u00bb tab_id=\u00bb1566866031-1-40&#8243;][vc_column_text disable_pattern=\u00bbfalse\u00bb css=\u00bb.vc_custom_1600789120809{margin-bottom: 0px !important;}\u00bb]Protecci\u00f3n de pared \/ pasamanos Nuestro sistema de protecci\u00f3n de pared consiste en un perfil de aluminio fijado a la pared con o sin soportes libres. La cubierta de vinilo es resistente a la abrasi\u00f3n y absorbe los impactos a [&hellip;]","og_url":"https:\/\/cortartec.net\/es\/productos\/acabados\/proteccion-de-la-pared\/","og_site_name":"Cortartec","article_publisher":"https:\/\/facebook.com\/cortartec","article_modified_time":"2021-11-23T15:57:23+00:00","twitter_card":"summary_large_image","twitter_site":"@cortartec","twitter_misc":{"Tiempo de lectura":"7 minutos"},"schema":{"@context":"https:\/\/schema.org","@graph":[{"@type":"Organization","@id":"https:\/\/cortartec.net\/fr\/#organization","name":"Cortartec","url":"https:\/\/cortartec.net\/fr\/","sameAs":["https:\/\/instagram.com\/cortartec","https:\/\/za.linkedin.com\/company\/cortartec?trk=recent-update_see-all","https:\/\/pinterest.com\/cortartec","https:\/\/youtube.com\/user\/cortartec","https:\/\/facebook.com\/cortartec","https:\/\/twitter.com\/cortartec"],"logo":{"@type":"ImageObject","inLanguage":"es","@id":"https:\/\/cortartec.net\/fr\/#\/schema\/logo\/image\/","url":"https:\/\/cortartec.net\/wp-content\/uploads\/2019\/08\/logo.png","contentUrl":"https:\/\/cortartec.net\/wp-content\/uploads\/2019\/08\/logo.png","width":400,"height":100,"caption":"Cortartec"},"image":{"@id":"https:\/\/cortartec.net\/fr\/#\/schema\/logo\/image\/"}},{"@type":"WebSite","@id":"https:\/\/cortartec.net\/fr\/#website","url":"https:\/\/cortartec.net\/fr\/","name":"Cortartec","description":"","publisher":{"@id":"https:\/\/cortartec.net\/fr\/#organization"},"potentialAction":[{"@type":"SearchAction","target":{"@type":"EntryPoint","urlTemplate":"https:\/\/cortartec.net\/fr\/?s={search_term_string}"},"query-input":"required name=search_term_string"}],"inLanguage":"es"},{"@type":"WebPage","@id":"https:\/\/cortartec.net\/es\/productos\/acabados\/proteccion-de-la-pared\/","url":"https:\/\/cortartec.net\/es\/productos\/acabados\/proteccion-de-la-pared\/","name":"Protecci\u00f3n de la pared - Cortartec","isPartOf":{"@id":"https:\/\/cortartec.net\/fr\/#website"},"datePublished":"2020-02-21T17:23:19+00:00","dateModified":"2021-11-23T15:57:23+00:00","breadcrumb":{"@id":"https:\/\/cortartec.net\/es\/productos\/acabados\/proteccion-de-la-pared\/#breadcrumb"},"inLanguage":"es","potentialAction":[{"@type":"ReadAction","target":["https:\/\/cortartec.net\/es\/productos\/acabados\/proteccion-de-la-pared\/"]}]},{"@type":"BreadcrumbList","@id":"https:\/\/cortartec.net\/es\/productos\/acabados\/proteccion-de-la-pared\/#breadcrumb","itemListElement":[{"@type":"ListItem","position":1,"name":"In\u00edcio","item":"https:\/\/cortartec.net\/es\/"},{"@type":"ListItem","position":2,"name":"Productos","item":"https:\/\/cortartec.net\/es\/productos\/"},{"@type":"ListItem","position":3,"name":"Acabados","item":"https:\/\/cortartec.net\/es\/productos\/acabados\/"},{"@type":"ListItem","position":4,"name":"Protecci\u00f3n de la pared"}]}]}},"_links":{"self":[{"href":"https:\/\/cortartec.net\/es\/wp-json\/wp\/v2\/pages\/3193"}],"collection":[{"href":"https:\/\/cortartec.net\/es\/wp-json\/wp\/v2\/pages"}],"about":[{"href":"https:\/\/cortartec.net\/es\/wp-json\/wp\/v2\/types\/page"}],"author":[{"embeddable":true,"href":"https:\/\/cortartec.net\/es\/wp-json\/wp\/v2\/users\/6"}],"replies":[{"embeddable":true,"href":"https:\/\/cortartec.net\/es\/wp-json\/wp\/v2\/comments?post=3193"}],"version-history":[{"count":1,"href":"https:\/\/cortartec.net\/es\/wp-json\/wp\/v2\/pages\/3193\/revisions"}],"predecessor-version":[{"id":10977,"href":"https:\/\/cortartec.net\/es\/wp-json\/wp\/v2\/pages\/3193\/revisions\/10977"}],"up":[{"embeddable":true,"href":"https:\/\/cortartec.net\/es\/wp-json\/wp\/v2\/pages\/2463"}],"wp:attachment":[{"href":"https:\/\/cortartec.net\/es\/wp-json\/wp\/v2\/media?parent=3193"}],"curies":[{"name":"wp","href":"https:\/\/api.w.org\/{rel}","templated":true}]}}