{"id":3566,"date":"2020-03-04T16:24:49","date_gmt":"2020-03-04T16:24:49","guid":{"rendered":"https:\/\/cortartec.net\/?page_id=3566"},"modified":"2020-09-24T22:50:11","modified_gmt":"2020-09-24T22:50:11","slug":"armaduras-de-refuerzo-de-albanileria","status":"publish","type":"page","link":"https:\/\/cortartec.net\/es\/productos\/albanileria\/armaduras-de-refuerzo-de-albanileria\/","title":{"rendered":"Armaduras de refuerzo de alba\u00f1iler\u00eda"},"content":{"rendered":"[vc_row][vc_column][mk_gallery images=\u00bb1540,1544,1545&#8243; height=\u00bb300&#8243; hover_scenarios=\u00bbnone\u00bb][\/vc_column][\/vc_row][vc_row css=\u00bb.vc_custom_1597515809098{margin-top: 50px !important;}\u00bb][vc_column][vc_tabs responsive=\u00bbfalse\u00bb container_bg_color=\u00bb\u00bb][vc_tab title=\u00bbDetalles\u00bb tab_id=\u00bb1566866031-1-40&#8243;][vc_column_text disable_pattern=\u00bbfalse\u00bb css=\u00bb.vc_custom_1597515837587{margin-bottom: 0px !important;}\u00bb]El est\u00e1ndar EUROC\u00d2DIGO 6 CE 6 determina claramente el tipo de refuerzo para mamposter\u00eda de acuerdo con las clases de riesgos ambientales:<br \/>\n<strong>Ambiente seco (interior):<\/strong>\u00a0Refuerzo de refuerzo para mamposter\u00eda con revestimiento galvanizado.<\/p>\n<p><strong>H\u00famedo (exterior):<\/strong> armadura con revestimiento org\u00e1nico<\/p>\n<p><strong>Ambiente agresivo (marino) :<\/strong>\u00a0Refuerzo de refuerzo en acero inoxidable.[\/vc_column_text][\/vc_tab][vc_tab title=\u00bbDownload\u00bb tab_id=\u00bb1566866086439-2-10&#8243;][mk_button dimension=\u00bbflat\u00bb corner_style=\u00bbrounded\u00bb size=\u00bbmedium\u00bb url=\u00bbhttps:\/\/48bfe850-8fa9-41aa-a01f-515ad5db562b.filesusr.com\/ugd\/b0e443_8b02e70f0e82495aac9f7dabc9fdabcd.pdf\u00bb align=\u00bbcenter\u00bb]DESCARGAR PDF[\/mk_button][\/vc_tab][vc_tab title=\u00bbCertificados\u00bb tab_id=\u00bb1566866087001-3-3&#8243;]<div role=\"form\" class=\"wpcf7\" id=\"wpcf7-f9190-o1\" lang=\"pt-PT\" dir=\"ltr\">\n<div class=\"screen-reader-response\"><p role=\"status\" aria-live=\"polite\" aria-atomic=\"true\"><\/p> <ul><\/ul><\/div>\n<form action=\"\/es\/wp-json\/wp\/v2\/pages\/3566#wpcf7-f9190-o1\" method=\"post\" class=\"wpcf7-form init\" novalidate=\"novalidate\" data-status=\"init\">\n<div style=\"display: none;\">\n<input type=\"hidden\" name=\"_wpcf7\" value=\"9190\" \/>\n<input type=\"hidden\" name=\"_wpcf7_version\" value=\"5.4.2\" \/>\n<input type=\"hidden\" name=\"_wpcf7_locale\" value=\"pt_PT\" \/>\n<input type=\"hidden\" name=\"_wpcf7_unit_tag\" value=\"wpcf7-f9190-o1\" \/>\n<input type=\"hidden\" name=\"_wpcf7_container_post\" value=\"0\" \/>\n<input type=\"hidden\" name=\"_wpcf7_posted_data_hash\" value=\"\" \/>\n<\/div>\n<p>Solicite la ficha t\u00e9cnica \/ certificados aqu\u00ed:<\/p>\n<p><span class=\"wpcf7-form-control-wrap nome\"><input type=\"text\" name=\"nome\" value=\"\" size=\"40\" class=\"wpcf7-form-control wpcf7-text wpcf7-validates-as-required\" aria-required=\"true\" aria-invalid=\"false\" placeholder=\"Nombre\" \/><\/span><\/p>\n<p><span class=\"wpcf7-form-control-wrap email\"><input type=\"email\" name=\"email\" value=\"\" size=\"40\" class=\"wpcf7-form-control wpcf7-text wpcf7-email wpcf7-validates-as-required wpcf7-validates-as-email\" aria-required=\"true\" aria-invalid=\"false\" placeholder=\"Email\" \/><\/span><\/p>\n<p><span class=\"wpcf7-form-control-wrap telefone\"><input type=\"tel\" name=\"telefone\" value=\"\" size=\"40\" class=\"wpcf7-form-control wpcf7-text wpcf7-tel wpcf7-validates-as-required wpcf7-validates-as-tel\" aria-required=\"true\" aria-invalid=\"false\" placeholder=\"Tel\u00e9fono\" \/><\/span><\/p>\n<p><span class=\"wpcf7-form-control-wrap empresa\"><input type=\"text\" name=\"empresa\" value=\"\" size=\"40\" class=\"wpcf7-form-control wpcf7-text\" aria-invalid=\"false\" placeholder=\"Empresa\" \/><\/span><\/p>\n<p><span class=\"wpcf7-form-control-wrap produto\"><input type=\"hidden\" name=\"produto\" value=\"Armaduras de refuerzo de alba\u00f1iler\u00eda\" size=\"40\" class=\"wpcf7-form-control wpcf7dtx-dynamictext wpcf7-dynamichidden\" aria-invalid=\"false\" \/><\/span><\/p>\n<p><span class=\"wpcf7-form-control-wrap rgpd\"><span class=\"wpcf7-form-control wpcf7-acceptance\"><span class=\"wpcf7-list-item\"><label><input type=\"checkbox\" name=\"rgpd\" value=\"1\" aria-invalid=\"false\" \/><span class=\"wpcf7-list-item-label\">Doy mi consentimiento para que Cortartec conserve mis datos contenidos en este formulario por tiempo indefinido hasta la finalizaci\u00f3n de esta solicitud de contacto.<\/span><\/label><\/span><\/span><\/span><\/p>\n<p><input type=\"submit\" value=\"Pedir\" class=\"wpcf7-form-control wpcf7-submit\" \/><\/p>\n<p style=\"display: none !important;\" class=\"akismet-fields-container\" data-prefix=\"_wpcf7_ak_\"><label>&#916;<textarea name=\"_wpcf7_ak_hp_textarea\" cols=\"45\" rows=\"8\" maxlength=\"100\"><\/textarea><\/label><input type=\"hidden\" id=\"ak_js_1\" name=\"_wpcf7_ak_js\" value=\"232\"\/><script>document.getElementById( \"ak_js_1\" ).setAttribute( \"value\", ( new Date() ).getTime() );<\/script><\/p><div class=\"wpcf7-response-output\" aria-hidden=\"true\"><\/div><\/form><\/div>[\/vc_tab][\/vc_tabs][\/vc_column][\/vc_row][vc_row][vc_column width=\u00bb1\/4&#8243;][mk_image src=\u00bbhttps:\/\/cortartec.net\/wp-content\/uploads\/2019\/11\/fisufor_masonry-reinforcement_armadura-de-tendel_armature-pour-maconnerie_steel-for-bricks.jpg\u00bb image_width=\u00bb300&#8243; image_height=\u00bb225&#8243; align=\u00bbcenter\u00bb margin_bottom=\u00bb20&#8243;][mk_padding_divider size=\u00bb30&#8243; visibility=\u00bbvisible-sm\u00bb][\/vc_column][vc_column width=\u00bb3\/4&#8243;][mk_fancy_title color=\u00bb#fe6600&#8243; size=\u00bb25&#8243; font_weight=\u00bbbold\u00bb txt_transform=\u00bbuppercase\u00bb font_family=\u00bbnone\u00bb]Armadura de refuerzo Fisufor\u00ae[\/mk_fancy_title][vc_column_text css=\u00bb.vc_custom_1594375736941{margin-bottom: 0px !important;}\u00bb]Es un refuerzo de uni\u00f3n de lecho prefabricado formado por dos hilos longitudinales paralelos que est\u00e1n unidos por un hilo central. El cable central forma una estructura de viga y est\u00e1 soldado en el mismo punto a lo largo del interior de los cables longitudinales. Por lo tanto, no hay solapamiento de los hilos longitudinales y transversales, y el grosor m\u00e1ximo del refuerzo es igual en di\u00e1metro a los hilos longitudinales.<br \/>\nEl acero utilizado en su fabricaci\u00f3n cumple con la norma EN 10020.<\/p>\n<p>Fisufor\u00ae tiene el marcado CE de acuerdo con las especificaciones de la norma EN 845-3; 2006 + A1: 2008.<\/p>\n<p>Di\u00e1metro del alambre: fisufor\u00ae El refuerzo est\u00e1 fabricado con alambres longitudinales con di\u00e1metros de 3, 4 y 5 mm y alambres transversales con di\u00e1metros de 3 y 3,7 mm.<\/p>\n<p>Ancho de refuerzo: fisufor\u00ae El refuerzo de la junta de la cama viene en anchos que van desde un m\u00ednimo de 30 mm de altura hasta un m\u00e1ximo de 250 mm.[\/vc_column_text][\/vc_column][\/vc_row][vc_row css=\u00bb.vc_custom_1597515890839{margin-top: 50px !important;}\u00bb][vc_column width=\u00bb1\/4&#8243;][mk_image src=\u00bbhttps:\/\/cortartec.net\/wp-content\/uploads\/2019\/11\/fisufor-plug_masonry-reinforcement_armadura-de-tendel_armature-pour-maconnerie_steel-for-bricks.jpg\u00bb image_width=\u00bb300&#8243; image_height=\u00bb225&#8243; align=\u00bbcenter\u00bb margin_bottom=\u00bb20&#8243;][mk_padding_divider size=\u00bb30&#8243; visibility=\u00bbvisible-sm\u00bb][\/vc_column][vc_column width=\u00bb3\/4&#8243;][mk_fancy_title color=\u00bb#fe6600&#8243; size=\u00bb25&#8243; font_weight=\u00bbbold\u00bb txt_transform=\u00bbuppercase\u00bb font_family=\u00bbnone\u00bb]Armadura de refuerzo PLUG\u00ae Fisufor[\/mk_fancy_title][vc_column_text css=\u00bb.vc_custom_1594375751518{margin-bottom: 0px !important;}\u00bb]El refuerzo de refuerzo para mamposter\u00eda PLUG\u00ae Fisufor es un marco prefabricado que consta de dos alambres longitudinales paralelos que est\u00e1n unidos por un alambre central. El alambre central est\u00e1 soldado en el mismo plano que el lado interno de los alambres longitudinales, que forman una estructura triangular. Por lo tanto, no hay solapamiento en el di\u00e1metro de los hilos longitudinales. Los extremos de las piezas son de geometr\u00eda en forma de un tap\u00f3n Fisufor especialmente que permite que el tap\u00f3n se superponga 250 mm. Sin cortar los cables. El acero utilizado en la construcci\u00f3n es, de acuerdo con la norma EN 10020.<\/p>\n<p>Fisufor PLUG\u00ae tiene el marcado CE de acuerdo con las especificaciones de la norma EN 845-3; 2006 + A1: 2008.[\/vc_column_text][\/vc_column][\/vc_row][vc_row css=\u00bb.vc_custom_1597515912154{margin-top: 50px !important;}\u00bb][vc_column width=\u00bb1\/4&#8243;][mk_image src=\u00bbhttps:\/\/cortartec.net\/wp-content\/uploads\/2019\/11\/bouquet_fisufor_geofor_armadura-de-tendel_masonry-reinforcement_armature-pour-maconnerie_steel-for-bricks.jpg\u00bb image_width=\u00bb300&#8243; image_height=\u00bb225&#8243; align=\u00bbcenter\u00bb margin_bottom=\u00bb20&#8243;][mk_padding_divider size=\u00bb30&#8243; visibility=\u00bbvisible-sm\u00bb][\/vc_column][vc_column width=\u00bb3\/4&#8243;][mk_fancy_title color=\u00bb#fe6600&#8243; size=\u00bb25&#8243; font_weight=\u00bbbold\u00bb txt_transform=\u00bbuppercase\u00bb font_family=\u00bbnone\u00bb]Refuerzo GEOFOR\u00ae Fisufor[\/mk_fancy_title][vc_column_text css=\u00bb.vc_custom_1594375763749{margin-bottom: 0px !important;}\u00bb]El refuerzo de refuerzo para mamposter\u00eda Geofor\u00ae es un marco prefabricado formado por dos alambres longitudinales paralelos conectados por un alambre central. El alambre central est\u00e1 soldado en el mismo plano que el lado interno de los alambres longitudinales, que forman una estructura triangular. Por lo tanto, no hay solapamiento de los alambres longitudinales y transversales y el grosor m\u00e1ximo del refuerzo es igual al di\u00e1metro de los alambres longitudinales. El acero utilizado en la construcci\u00f3n cumple con la norma EN 845-3; 2006 + A1: 2008. Separadores INCORPORATED Geofor incorpora en sus alambres cruzados algunos espaciadores de pl\u00e1stico con geometr\u00eda cil\u00edndrica, cuya funci\u00f3n es garantizar los m\u00ednimos revestimientos de mortero y facilitar la correcta conexi\u00f3n, ya que permite colocar la armadura en la f\u00e1brica antes de tirarla. mortero.<\/p>\n<p>Estructura \u00abPLUG\u00bb Geofor\u00ae tiene un dise\u00f1o innovador que permite la superposici\u00f3n entre armaduras, sin ninguna manipulaci\u00f3n, manteniendo la superposici\u00f3n del mismo ancho nominal de la armadura. Extremos Las piezas Geofor tienen una configuraci\u00f3n geom\u00e9trica de tap\u00f3n especial que permite la superposici\u00f3n de 250 mm sin cortar los cables en forma. Del mismo modo, el cable de secci\u00f3n transversal en el que se aplasta el \u00e1rea para garantizar un m\u00ednimo de revestimientos de mortero. DISPOSITIVO SAO (Operador nacional del sistema de control autom\u00e1tico) Los dispositivos Geofor se han colocado en ambos extremos de las partes para verificar visualmente, despu\u00e9s de la fase de implementaci\u00f3n, las cantidades de pared reforzada corresponden al dise\u00f1o y la longitud de superposici\u00f3n es requerida por las regulaciones.<\/p>\n<p>Fisufor Geofor\u00ae tiene el marcado CE de acuerdo con las especificaciones de la norma EN 845-3; 2006 + A1: 2008.[\/vc_column_text][\/vc_column][\/vc_row][vc_row css=\u00bb.vc_custom_1597515929911{margin-top: 50px !important;}\u00bb][vc_column][mk_fancy_title color=\u00bb#999999&#8243; size=\u00bb40&#8243; font_weight=\u00bb200&#8243; txt_transform=\u00bbuppercase\u00bb margin_bottom=\u00bb5&#8243; font_family=\u00bbnone\u00bb align=\u00bbcenter\u00bb]PRODUCTOS <strong>SIMILARES<\/strong>[\/mk_fancy_title][mk_divider style=\u00bbthin_solid\u00bb divider_width=\u00bbcustom_width\u00bb custom_width=\u00bb80&#8243; thin_single_color=\u00bb#fe6600&#8243; thickness=\u00bb4&#8243; margin_top=\u00bb0&#8243; margin_bottom=\u00bb40&#8243;][\/vc_column][\/vc_row][vc_row css=\u00bb.vc_custom_1597515938791{margin-top: 50px !important;margin-bottom: 50px !important;}\u00bb][vc_column width=\u00bb1\/4&#8243;][mk_image src=\u00bbhttps:\/\/cortartec.net\/wp-content\/uploads\/2020\/03\/w640_anconoptima_with_ce_label-42073e.jpg\u00bb image_width=\u00bb300&#8243; image_height=\u00bb225&#8243; link=\u00bbhttps:\/\/cortartec.net\/es\/productos\/albanileria\/soportes-y-apoyos-de-albanileria\/\u00bb align=\u00bbcenter\u00bb margin_bottom=\u00bb20&#8243;][mk_fancy_title color=\u00bb#fe6600&#8243; size=\u00bb25&#8243; font_weight=\u00bbbold\u00bb txt_transform=\u00bbuppercase\u00bb margin_bottom=\u00bb0&#8243; font_family=\u00bbnone\u00bb]Soportes de alba\u00f1iler\u00eda[\/mk_fancy_title][mk_padding_divider size=\u00bb30&#8243; visibility=\u00bbvisible-sm\u00bb][\/vc_column][vc_column width=\u00bb1\/4&#8243;][mk_image src=\u00bbhttps:\/\/cortartec.net\/wp-content\/uploads\/2020\/03\/imagem2-1.jpg\u00bb image_width=\u00bb300&#8243; image_height=\u00bb225&#8243; link=\u00bbhttps:\/\/cortartec.net\/es\/productos\/albanileria\/amarres-de-pared-y-fijaciones-de-sujecion\/\u00bb align=\u00bbcenter\u00bb margin_bottom=\u00bb20&#8243;][mk_fancy_title color=\u00bb#fe6600&#8243; size=\u00bb25&#8243; font_weight=\u00bbbold\u00bb txt_transform=\u00bbuppercase\u00bb margin_bottom=\u00bb0&#8243; font_family=\u00bbnone\u00bb]Fijaciones de lazos de pared[\/mk_fancy_title][mk_padding_divider size=\u00bb30&#8243; visibility=\u00bbvisible-sm\u00bb][\/vc_column][vc_column width=\u00bb1\/4&#8243;][mk_image src=\u00bbhttps:\/\/cortartec.net\/wp-content\/uploads\/2020\/03\/imagem1-3.jpg\u00bb image_width=\u00bb300&#8243; image_height=\u00bb225&#8243; link=\u00bbhttps:\/\/cortartec.net\/es\/productos\/albanileria\/postes-de-viento\/\u00bb align=\u00bbcenter\u00bb margin_bottom=\u00bb20&#8243;][mk_fancy_title color=\u00bb#fe6600&#8243; size=\u00bb25&#8243; font_weight=\u00bbbold\u00bb txt_transform=\u00bbuppercase\u00bb margin_bottom=\u00bb0&#8243; font_family=\u00bbnone\u00bb]Postes de viento[\/mk_fancy_title][mk_padding_divider size=\u00bb30&#8243; visibility=\u00bbvisible-sm\u00bb][\/vc_column][vc_column width=\u00bb1\/4&#8243;][mk_image src=\u00bbhttps:\/\/cortartec.net\/wp-content\/uploads\/2020\/03\/imagem8.jpg\u00bb image_width=\u00bb300&#8243; image_height=\u00bb225&#8243; link=\u00bbhttps:\/\/cortartec.net\/es\/productos\/albanileria\/refuerzos-estructurales-para-dinteles\/\u00bb align=\u00bbcenter\u00bb margin_bottom=\u00bb20&#8243;][mk_fancy_title color=\u00bb#fe6600&#8243; size=\u00bb25&#8243; font_weight=\u00bbbold\u00bb txt_transform=\u00bbuppercase\u00bb margin_bottom=\u00bb0&#8243; font_family=\u00bbnone\u00bb]Dinteles[\/mk_fancy_title][\/vc_column][\/vc_row][vc_row fullwidth=\u00bbtrue\u00bb fullwidth_content=\u00bbfalse\u00bb css=\u00bb.vc_custom_1597403978460{margin-top: 50px !important;padding-top: 30px !important;background-color: #fe6600 !important;}\u00bb][vc_column width=\u00bb2\/3&#8243;][mk_fancy_title tag_name=\u00bbh5&#8243; color=\u00bb#ffffff\u00bb size=\u00bb26&#8243; font_weight=\u00bb400&#8243; txt_transform=\u00bbnone\u00bb margin_top=\u00bb10&#8243; font_family=\u00bbnone\u00bb]Tienes preguntas? Estamos aqu\u00ed para ayudarte![\/mk_fancy_title][\/vc_column][vc_column width=\u00bb1\/3&#8243;][mk_button dimension=\u00bbflat\u00bb corner_style=\u00bbrounded\u00bb size=\u00bblarge\u00bb url=\u00bbhttps:\/\/cortartec.net\/es\/contactos\/\u00bb align=\u00bbright\u00bb margin_right=\u00bb0&#8243; el_class=\u00bbmrightButton\u00bb bg_color=\u00bb#f0f0f0&#8243; btn_hover_bg=\u00bb#ffffff\u00bb text_color=\u00bbdark\u00bb btn_hover_txt_color=\u00bb#fe6600&#8243;]CONT\u00c1CTANOS[\/mk_button][\/vc_column][\/vc_row]\n","protected":false},"excerpt":{"rendered":"<p>[vc_row][vc_column][mk_gallery images=\u00bb1540,1544,1545&#8243; height=\u00bb300&#8243; hover_scenarios=\u00bbnone\u00bb][\/vc_column][\/vc_row][vc_row css=\u00bb.vc_custom_1597515809098{margin-top: 50px !important;}\u00bb][vc_column][vc_tabs responsive=\u00bbfalse\u00bb container_bg_color=\u00bb\u00bb][vc_tab title=\u00bbDetalles\u00bb tab_id=\u00bb1566866031-1-40&#8243;][vc_column_text disable_pattern=\u00bbfalse\u00bb css=\u00bb.vc_custom_1597515837587{margin-bottom: 0px !important;}\u00bb]El est\u00e1ndar EUROC\u00d2DIGO 6 CE 6 determina claramente el tipo de refuerzo para mamposter\u00eda de acuerdo con las clases de riesgos ambientales: Ambiente seco (interior):\u00a0Refuerzo de refuerzo para mamposter\u00eda con revestimiento galvanizado. H\u00famedo (exterior): armadura con revestimiento org\u00e1nico Ambiente agresivo (marino) [&hellip;]<\/p>\n","protected":false},"author":6,"featured_media":0,"parent":2703,"menu_order":0,"comment_status":"closed","ping_status":"closed","template":"","meta":[],"yoast_head":"<!-- This site is optimized with the Yoast SEO plugin v19.4 - https:\/\/yoast.com\/wordpress\/plugins\/seo\/ -->\n<title>Armaduras de refuerzo de alba\u00f1iler\u00eda - Cortartec<\/title>\n<meta name=\"robots\" content=\"index, follow, max-snippet:-1, max-image-preview:large, max-video-preview:-1\" \/>\n<link rel=\"canonical\" href=\"https:\/\/cortartec.net\/es\/productos\/albanileria\/armaduras-de-refuerzo-de-albanileria\/\" \/>\n<meta property=\"og:locale\" content=\"es_ES\" \/>\n<meta property=\"og:type\" content=\"article\" \/>\n<meta property=\"og:title\" content=\"Armaduras de refuerzo de alba\u00f1iler\u00eda - Cortartec\" \/>\n<meta property=\"og:description\" content=\"[vc_row][vc_column][mk_gallery images=\u00bb1540,1544,1545&#8243; height=\u00bb300&#8243; hover_scenarios=\u00bbnone\u00bb][\/vc_column][\/vc_row][vc_row css=\u00bb.vc_custom_1597515809098{margin-top: 50px !important;}\u00bb][vc_column][vc_tabs responsive=\u00bbfalse\u00bb container_bg_color=\u00bb\u00bb][vc_tab title=\u00bbDetalles\u00bb tab_id=\u00bb1566866031-1-40&#8243;][vc_column_text disable_pattern=\u00bbfalse\u00bb css=\u00bb.vc_custom_1597515837587{margin-bottom: 0px !important;}\u00bb]El est\u00e1ndar EUROC\u00d2DIGO 6 CE 6 determina claramente el tipo de refuerzo para mamposter\u00eda de acuerdo con las clases de riesgos ambientales: Ambiente seco (interior):\u00a0Refuerzo de refuerzo para mamposter\u00eda con revestimiento galvanizado. H\u00famedo (exterior): armadura con revestimiento org\u00e1nico Ambiente agresivo (marino) [&hellip;]\" \/>\n<meta property=\"og:url\" content=\"https:\/\/cortartec.net\/es\/productos\/albanileria\/armaduras-de-refuerzo-de-albanileria\/\" \/>\n<meta property=\"og:site_name\" content=\"Cortartec\" \/>\n<meta property=\"article:publisher\" content=\"https:\/\/facebook.com\/cortartec\" \/>\n<meta property=\"article:modified_time\" content=\"2020-09-24T22:50:11+00:00\" \/>\n<meta name=\"twitter:card\" content=\"summary_large_image\" \/>\n<meta name=\"twitter:site\" content=\"@cortartec\" \/>\n<meta name=\"twitter:label1\" content=\"Tiempo de lectura\" \/>\n\t<meta name=\"twitter:data1\" content=\"7 minutos\" \/>\n<script type=\"application\/ld+json\" class=\"yoast-schema-graph\">{\"@context\":\"https:\/\/schema.org\",\"@graph\":[{\"@type\":\"Organization\",\"@id\":\"https:\/\/cortartec.net\/fr\/#organization\",\"name\":\"Cortartec\",\"url\":\"https:\/\/cortartec.net\/fr\/\",\"sameAs\":[\"https:\/\/instagram.com\/cortartec\",\"https:\/\/za.linkedin.com\/company\/cortartec?trk=recent-update_see-all\",\"https:\/\/pinterest.com\/cortartec\",\"https:\/\/youtube.com\/user\/cortartec\",\"https:\/\/facebook.com\/cortartec\",\"https:\/\/twitter.com\/cortartec\"],\"logo\":{\"@type\":\"ImageObject\",\"inLanguage\":\"es\",\"@id\":\"https:\/\/cortartec.net\/fr\/#\/schema\/logo\/image\/\",\"url\":\"https:\/\/cortartec.net\/wp-content\/uploads\/2019\/08\/logo.png\",\"contentUrl\":\"https:\/\/cortartec.net\/wp-content\/uploads\/2019\/08\/logo.png\",\"width\":400,\"height\":100,\"caption\":\"Cortartec\"},\"image\":{\"@id\":\"https:\/\/cortartec.net\/fr\/#\/schema\/logo\/image\/\"}},{\"@type\":\"WebSite\",\"@id\":\"https:\/\/cortartec.net\/fr\/#website\",\"url\":\"https:\/\/cortartec.net\/fr\/\",\"name\":\"Cortartec\",\"description\":\"\",\"publisher\":{\"@id\":\"https:\/\/cortartec.net\/fr\/#organization\"},\"potentialAction\":[{\"@type\":\"SearchAction\",\"target\":{\"@type\":\"EntryPoint\",\"urlTemplate\":\"https:\/\/cortartec.net\/fr\/?s={search_term_string}\"},\"query-input\":\"required name=search_term_string\"}],\"inLanguage\":\"es\"},{\"@type\":\"WebPage\",\"@id\":\"https:\/\/cortartec.net\/es\/productos\/albanileria\/armaduras-de-refuerzo-de-albanileria\/\",\"url\":\"https:\/\/cortartec.net\/es\/productos\/albanileria\/armaduras-de-refuerzo-de-albanileria\/\",\"name\":\"Armaduras de refuerzo de alba\u00f1iler\u00eda - Cortartec\",\"isPartOf\":{\"@id\":\"https:\/\/cortartec.net\/fr\/#website\"},\"datePublished\":\"2020-03-04T16:24:49+00:00\",\"dateModified\":\"2020-09-24T22:50:11+00:00\",\"breadcrumb\":{\"@id\":\"https:\/\/cortartec.net\/es\/productos\/albanileria\/armaduras-de-refuerzo-de-albanileria\/#breadcrumb\"},\"inLanguage\":\"es\",\"potentialAction\":[{\"@type\":\"ReadAction\",\"target\":[\"https:\/\/cortartec.net\/es\/productos\/albanileria\/armaduras-de-refuerzo-de-albanileria\/\"]}]},{\"@type\":\"BreadcrumbList\",\"@id\":\"https:\/\/cortartec.net\/es\/productos\/albanileria\/armaduras-de-refuerzo-de-albanileria\/#breadcrumb\",\"itemListElement\":[{\"@type\":\"ListItem\",\"position\":1,\"name\":\"In\u00edcio\",\"item\":\"https:\/\/cortartec.net\/es\/\"},{\"@type\":\"ListItem\",\"position\":2,\"name\":\"Productos\",\"item\":\"https:\/\/cortartec.net\/es\/productos\/\"},{\"@type\":\"ListItem\",\"position\":3,\"name\":\"Alba\u00f1iler\u00eda\",\"item\":\"https:\/\/cortartec.net\/es\/productos\/albanileria\/\"},{\"@type\":\"ListItem\",\"position\":4,\"name\":\"Armaduras de refuerzo de alba\u00f1iler\u00eda\"}]}]}<\/script>\n<!-- \/ Yoast SEO plugin. -->","yoast_head_json":{"title":"Armaduras de refuerzo de alba\u00f1iler\u00eda - Cortartec","robots":{"index":"index","follow":"follow","max-snippet":"max-snippet:-1","max-image-preview":"max-image-preview:large","max-video-preview":"max-video-preview:-1"},"canonical":"https:\/\/cortartec.net\/es\/productos\/albanileria\/armaduras-de-refuerzo-de-albanileria\/","og_locale":"es_ES","og_type":"article","og_title":"Armaduras de refuerzo de alba\u00f1iler\u00eda - Cortartec","og_description":"[vc_row][vc_column][mk_gallery images=\u00bb1540,1544,1545&#8243; height=\u00bb300&#8243; hover_scenarios=\u00bbnone\u00bb][\/vc_column][\/vc_row][vc_row css=\u00bb.vc_custom_1597515809098{margin-top: 50px !important;}\u00bb][vc_column][vc_tabs responsive=\u00bbfalse\u00bb container_bg_color=\u00bb\u00bb][vc_tab title=\u00bbDetalles\u00bb tab_id=\u00bb1566866031-1-40&#8243;][vc_column_text disable_pattern=\u00bbfalse\u00bb css=\u00bb.vc_custom_1597515837587{margin-bottom: 0px !important;}\u00bb]El est\u00e1ndar EUROC\u00d2DIGO 6 CE 6 determina claramente el tipo de refuerzo para mamposter\u00eda de acuerdo con las clases de riesgos ambientales: Ambiente seco (interior):\u00a0Refuerzo de refuerzo para mamposter\u00eda con revestimiento galvanizado. H\u00famedo (exterior): armadura con revestimiento org\u00e1nico Ambiente agresivo (marino) [&hellip;]","og_url":"https:\/\/cortartec.net\/es\/productos\/albanileria\/armaduras-de-refuerzo-de-albanileria\/","og_site_name":"Cortartec","article_publisher":"https:\/\/facebook.com\/cortartec","article_modified_time":"2020-09-24T22:50:11+00:00","twitter_card":"summary_large_image","twitter_site":"@cortartec","twitter_misc":{"Tiempo de lectura":"7 minutos"},"schema":{"@context":"https:\/\/schema.org","@graph":[{"@type":"Organization","@id":"https:\/\/cortartec.net\/fr\/#organization","name":"Cortartec","url":"https:\/\/cortartec.net\/fr\/","sameAs":["https:\/\/instagram.com\/cortartec","https:\/\/za.linkedin.com\/company\/cortartec?trk=recent-update_see-all","https:\/\/pinterest.com\/cortartec","https:\/\/youtube.com\/user\/cortartec","https:\/\/facebook.com\/cortartec","https:\/\/twitter.com\/cortartec"],"logo":{"@type":"ImageObject","inLanguage":"es","@id":"https:\/\/cortartec.net\/fr\/#\/schema\/logo\/image\/","url":"https:\/\/cortartec.net\/wp-content\/uploads\/2019\/08\/logo.png","contentUrl":"https:\/\/cortartec.net\/wp-content\/uploads\/2019\/08\/logo.png","width":400,"height":100,"caption":"Cortartec"},"image":{"@id":"https:\/\/cortartec.net\/fr\/#\/schema\/logo\/image\/"}},{"@type":"WebSite","@id":"https:\/\/cortartec.net\/fr\/#website","url":"https:\/\/cortartec.net\/fr\/","name":"Cortartec","description":"","publisher":{"@id":"https:\/\/cortartec.net\/fr\/#organization"},"potentialAction":[{"@type":"SearchAction","target":{"@type":"EntryPoint","urlTemplate":"https:\/\/cortartec.net\/fr\/?s={search_term_string}"},"query-input":"required name=search_term_string"}],"inLanguage":"es"},{"@type":"WebPage","@id":"https:\/\/cortartec.net\/es\/productos\/albanileria\/armaduras-de-refuerzo-de-albanileria\/","url":"https:\/\/cortartec.net\/es\/productos\/albanileria\/armaduras-de-refuerzo-de-albanileria\/","name":"Armaduras de refuerzo de alba\u00f1iler\u00eda - Cortartec","isPartOf":{"@id":"https:\/\/cortartec.net\/fr\/#website"},"datePublished":"2020-03-04T16:24:49+00:00","dateModified":"2020-09-24T22:50:11+00:00","breadcrumb":{"@id":"https:\/\/cortartec.net\/es\/productos\/albanileria\/armaduras-de-refuerzo-de-albanileria\/#breadcrumb"},"inLanguage":"es","potentialAction":[{"@type":"ReadAction","target":["https:\/\/cortartec.net\/es\/productos\/albanileria\/armaduras-de-refuerzo-de-albanileria\/"]}]},{"@type":"BreadcrumbList","@id":"https:\/\/cortartec.net\/es\/productos\/albanileria\/armaduras-de-refuerzo-de-albanileria\/#breadcrumb","itemListElement":[{"@type":"ListItem","position":1,"name":"In\u00edcio","item":"https:\/\/cortartec.net\/es\/"},{"@type":"ListItem","position":2,"name":"Productos","item":"https:\/\/cortartec.net\/es\/productos\/"},{"@type":"ListItem","position":3,"name":"Alba\u00f1iler\u00eda","item":"https:\/\/cortartec.net\/es\/productos\/albanileria\/"},{"@type":"ListItem","position":4,"name":"Armaduras de refuerzo de alba\u00f1iler\u00eda"}]}]}},"_links":{"self":[{"href":"https:\/\/cortartec.net\/es\/wp-json\/wp\/v2\/pages\/3566"}],"collection":[{"href":"https:\/\/cortartec.net\/es\/wp-json\/wp\/v2\/pages"}],"about":[{"href":"https:\/\/cortartec.net\/es\/wp-json\/wp\/v2\/types\/page"}],"author":[{"embeddable":true,"href":"https:\/\/cortartec.net\/es\/wp-json\/wp\/v2\/users\/6"}],"replies":[{"embeddable":true,"href":"https:\/\/cortartec.net\/es\/wp-json\/wp\/v2\/comments?post=3566"}],"version-history":[{"count":0,"href":"https:\/\/cortartec.net\/es\/wp-json\/wp\/v2\/pages\/3566\/revisions"}],"up":[{"embeddable":true,"href":"https:\/\/cortartec.net\/es\/wp-json\/wp\/v2\/pages\/2703"}],"wp:attachment":[{"href":"https:\/\/cortartec.net\/es\/wp-json\/wp\/v2\/media?parent=3566"}],"curies":[{"name":"wp","href":"https:\/\/api.w.org\/{rel}","templated":true}]}}