{"id":3631,"date":"2020-03-04T17:39:37","date_gmt":"2020-03-04T17:39:37","guid":{"rendered":"https:\/\/cortartec.net\/?page_id=3631"},"modified":"2020-09-24T23:49:33","modified_gmt":"2020-09-24T23:49:33","slug":"refuerzos-estructurales-para-dinteles","status":"publish","type":"page","link":"https:\/\/cortartec.net\/es\/productos\/albanileria\/refuerzos-estructurales-para-dinteles\/","title":{"rendered":"Refuerzos estructurales para dinteles"},"content":{"rendered":"[vc_row][vc_column][mk_gallery images=\u00bb2224,2225&#8243; image_size=\u00bbfull\u00bb hover_scenarios=\u00bbnone\u00bb][\/vc_column][\/vc_row][vc_row][vc_column][vc_tabs responsive=\u00bbfalse\u00bb container_bg_color=\u00bb\u00bb][vc_tab title=\u00bbDetalles\u00bb tab_id=\u00bb1566866031-1-40&#8243;][vc_column_text disable_pattern=\u00bbfalse\u00bb css=\u00bb.vc_custom_1597922291472{margin-bottom: 0px !important;}\u00bb]<strong>Refuerzos estructurales para dinteles &#8211; dinteles<\/strong><br \/>\nLos dinteles est\u00e1n hechos de acero inoxidable y no requieren protecci\u00f3n contra la corrosi\u00f3n.<br \/>\nLa l\u00ednea est\u00e1ndar fue dise\u00f1ada para cumplir con la mayor\u00eda de las condiciones de carga que se encuentran en edificios residenciales y comerciales.<br \/>\nSe pueden fabricar dinteles especiales para cumplir con las caracter\u00edsticas arquitect\u00f3nicas, aplicaciones pesadas y construcciones de paredes que no est\u00e1n cubiertas por la gama est\u00e1ndar.[\/vc_column_text][\/vc_tab][vc_tab title=\u00bbDownload\u00bb tab_id=\u00bb1566866086439-2-10&#8243;][mk_button dimension=\u00bbflat\u00bb corner_style=\u00bbrounded\u00bb size=\u00bbmedium\u00bb align=\u00bbcenter\u00bb]DESCARGAR PDF[\/mk_button][\/vc_tab][vc_tab title=\u00bbCertificados\u00bb tab_id=\u00bb1566866087001-3-3&#8243;]<div role=\"form\" class=\"wpcf7\" id=\"wpcf7-f9190-o1\" lang=\"pt-PT\" dir=\"ltr\">\n<div class=\"screen-reader-response\"><p role=\"status\" aria-live=\"polite\" aria-atomic=\"true\"><\/p> <ul><\/ul><\/div>\n<form action=\"\/es\/wp-json\/wp\/v2\/pages\/3631#wpcf7-f9190-o1\" method=\"post\" class=\"wpcf7-form init\" novalidate=\"novalidate\" data-status=\"init\">\n<div style=\"display: none;\">\n<input type=\"hidden\" name=\"_wpcf7\" value=\"9190\" \/>\n<input type=\"hidden\" name=\"_wpcf7_version\" value=\"5.4.2\" \/>\n<input type=\"hidden\" name=\"_wpcf7_locale\" value=\"pt_PT\" \/>\n<input type=\"hidden\" name=\"_wpcf7_unit_tag\" value=\"wpcf7-f9190-o1\" \/>\n<input type=\"hidden\" name=\"_wpcf7_container_post\" value=\"0\" \/>\n<input type=\"hidden\" name=\"_wpcf7_posted_data_hash\" value=\"\" \/>\n<\/div>\n<p>Solicite la ficha t\u00e9cnica \/ certificados aqu\u00ed:<\/p>\n<p><span class=\"wpcf7-form-control-wrap nome\"><input type=\"text\" name=\"nome\" value=\"\" size=\"40\" class=\"wpcf7-form-control wpcf7-text wpcf7-validates-as-required\" aria-required=\"true\" aria-invalid=\"false\" placeholder=\"Nombre\" \/><\/span><\/p>\n<p><span class=\"wpcf7-form-control-wrap email\"><input type=\"email\" name=\"email\" value=\"\" size=\"40\" class=\"wpcf7-form-control wpcf7-text wpcf7-email wpcf7-validates-as-required wpcf7-validates-as-email\" aria-required=\"true\" aria-invalid=\"false\" placeholder=\"Email\" \/><\/span><\/p>\n<p><span class=\"wpcf7-form-control-wrap telefone\"><input type=\"tel\" name=\"telefone\" value=\"\" size=\"40\" class=\"wpcf7-form-control wpcf7-text wpcf7-tel wpcf7-validates-as-required wpcf7-validates-as-tel\" aria-required=\"true\" aria-invalid=\"false\" placeholder=\"Tel\u00e9fono\" \/><\/span><\/p>\n<p><span class=\"wpcf7-form-control-wrap empresa\"><input type=\"text\" name=\"empresa\" value=\"\" size=\"40\" class=\"wpcf7-form-control wpcf7-text\" aria-invalid=\"false\" placeholder=\"Empresa\" \/><\/span><\/p>\n<p><span class=\"wpcf7-form-control-wrap produto\"><input type=\"hidden\" name=\"produto\" value=\"Refuerzos estructurales para dinteles\" size=\"40\" class=\"wpcf7-form-control wpcf7dtx-dynamictext wpcf7-dynamichidden\" aria-invalid=\"false\" \/><\/span><\/p>\n<p><span class=\"wpcf7-form-control-wrap rgpd\"><span class=\"wpcf7-form-control wpcf7-acceptance\"><span class=\"wpcf7-list-item\"><label><input type=\"checkbox\" name=\"rgpd\" value=\"1\" aria-invalid=\"false\" \/><span class=\"wpcf7-list-item-label\">Doy mi consentimiento para que Cortartec conserve mis datos contenidos en este formulario por tiempo indefinido hasta la finalizaci\u00f3n de esta solicitud de contacto.<\/span><\/label><\/span><\/span><\/span><\/p>\n<p><input type=\"submit\" value=\"Pedir\" class=\"wpcf7-form-control wpcf7-submit\" \/><\/p>\n<p style=\"display: none !important;\" class=\"akismet-fields-container\" data-prefix=\"_wpcf7_ak_\"><label>&#916;<textarea name=\"_wpcf7_ak_hp_textarea\" cols=\"45\" rows=\"8\" maxlength=\"100\"><\/textarea><\/label><input type=\"hidden\" id=\"ak_js_1\" name=\"_wpcf7_ak_js\" value=\"190\"\/><script>document.getElementById( \"ak_js_1\" ).setAttribute( \"value\", ( new Date() ).getTime() );<\/script><\/p><div class=\"wpcf7-response-output\" aria-hidden=\"true\"><\/div><\/form><\/div>[\/vc_tab][\/vc_tabs][\/vc_column][\/vc_row][vc_row][vc_column width=\u00bb1\/4&#8243;][mk_image src=\u00bbhttps:\/\/cortartec.net\/wp-content\/uploads\/2019\/12\/imagem1.jpg\u00bb image_size=\u00bbfull\u00bb title=\u00bbLintel arco do \u00e1pice\u00bb align=\u00bbcenter\u00bb margin_bottom=\u00bb20&#8243;][mk_padding_divider size=\u00bb30&#8243; visibility=\u00bbvisible-sm\u00bb][\/vc_column][vc_column width=\u00bb1\/4&#8243;][mk_image src=\u00bbhttps:\/\/cortartec.net\/wp-content\/uploads\/2019\/12\/imagem2.jpg\u00bb image_size=\u00bbfull\u00bb title=\u00bbLintel com revestimento de tijolos\u00bb align=\u00bbcenter\u00bb margin_bottom=\u00bb20&#8243;][mk_padding_divider size=\u00bb30&#8243; visibility=\u00bbvisible-sm\u00bb][\/vc_column][vc_column width=\u00bb1\/2&#8243;][vc_column_text css=\u00bb.vc_custom_1594376082062{margin-bottom: 0px !important;}\u00bb]Los dinteles con revestimiento de ladrillo Nexus ofrecen una forma r\u00e1pida y sencilla de crear sofitos profundos sobre las aberturas de ventanas y puertas. Son ideales donde la velocidad es importante: los revestimientos deslizantes de ladrillo adheridos permanentemente, aplicados fuera del sitio, se fabrican a partir del mismo lote que la mamposter\u00eda principal, proporcionando una combinaci\u00f3n perfecta sin comprometer la calidad o la apariencia.[\/vc_column_text][mk_padding_divider size=\u00bb30&#8243; visibility=\u00bbvisible-sm\u00bb][\/vc_column][\/vc_row][vc_row][vc_column width=\u00bb1\/2&#8243;][vc_column_text css=\u00bb.vc_custom_1594376097885{margin-bottom: 0px !important;}\u00bb]\n<div><strong>Dinteles especiales<\/strong><\/div>\n<div>Cortartec puede dise\u00f1ar y fabricar dinteles especiales de acero inoxidable para aplicaciones donde los dinteles est\u00e1ndar no son adecuados.<br \/>\nSe pueden proporcionar soluciones para caracter\u00edsticas complejas, como m\u00e9nsulas y otros detalles arquitect\u00f3nicos.<br \/>\nAdem\u00e1s de las siguientes formas de arco, est\u00e1n disponibles esquinas especiales de manivela, compartimento, esquina y voladizo:<\/div>\n<ul>\n<li>Arco objetivo<\/li>\n<li>Arco semicircular<\/li>\n<li>Arco Apex<\/li>\n<li>Arco g\u00f3tico<\/li>\n<li>Arco superior plano<\/li>\n<li>Doble arco<\/li>\n<\/ul>\n[\/vc_column_text][\/vc_column][vc_column width=\u00bb1\/2&#8243;][mk_image src=\u00bbhttps:\/\/cortartec.net\/wp-content\/uploads\/2019\/12\/imagem4.jpg\u00bb image_size=\u00bbfull\u00bb align=\u00bbcenter\u00bb margin_bottom=\u00bb20&#8243;][\/vc_column][\/vc_row][vc_row][vc_column][vc_column_text css=\u00bb.vc_custom_1594376110134{margin-bottom: 0px !important;}\u00bb]\n<div><strong>Dinteles de cavidad para paredes<\/strong><\/div>\n<div>Estos Linteis son adecuados para la mayor\u00eda de los desarrollos dom\u00e9sticos y comerciales y estructuras enmarcadas. Las perforaciones en la brida interna ofrecen una llave integral de yeso.<br \/>\nLos dinteles SH requieren un dpc separado, mientras que los dinteles SU y SUX act\u00faan como un dpc interno, lo que significa que el agua que ingresa a la cavidad se transfiere autom\u00e1ticamente por la cara inclinada del dintel y se desecha externamente.<br \/>\nAl instalar dinteles de pared con cavidades, las l\u00e1minas interior y exterior deben elevarse juntas para evitar torcer el dintel; Los bloques deben continuar a lo largo de toda la brida interior. La mamposter\u00eda debe tener una proyecci\u00f3n m\u00e1xima de 25 mm y los bloques deben construirse lo m\u00e1s cerca posible del soporte. Las cargas puntuales deben aplicarse al menos 150 mm por encima de las bridas de dintel.<\/div>\n[\/vc_column_text][mk_padding_divider size=\u00bb30&#8243; visibility=\u00bbvisible-sm\u00bb][\/vc_column][\/vc_row][vc_row][vc_column][mk_padding_divider size=\u00bb30&#8243; visibility=\u00bbvisible-sm\u00bb][mk_image src=\u00bbhttps:\/\/cortartec.net\/wp-content\/uploads\/2019\/12\/imagem5-1.jpg\u00bb image_size=\u00bbfull\u00bb align=\u00bbcenter\u00bb margin_bottom=\u00bb20&#8243;][\/vc_column][\/vc_row][vc_row][vc_column][vc_column_text css=\u00bb.vc_custom_1594376121685{margin-bottom: 0px !important;}\u00bb]\n<div><strong>Resistencia a la corrosi\u00f3n<\/strong><br \/>\nTodos los dinteles Cortartec est\u00e1n fabricados en acero inoxidable austen\u00edtico y no requieren ninguna protecci\u00f3n adicional contra la corrosi\u00f3n.<\/div>\n<div><\/div>\n<div><strong>Rendimiento t\u00e9rmico<\/strong><\/div>\n<div>La transferencia t\u00e9rmica, es decir, el valor \u00abU\u00bb, de cualquier construcci\u00f3n de pared depende de las caracter\u00edsticas t\u00e9rmicas de los componentes individuales que se utilizan. El dise\u00f1o de los dinteles de las cavidades para paredes es tal que permite que la construcci\u00f3n contin\u00fae hasta el nivel de la cabeza de la ventana.<br \/>\nCuando sea necesario, los dinteles de las paredes de la cavidad se suministran aislados con poliestireno de alta densidad libre de CFC fabricado de acuerdo con BS 3837: Parte 1: 2004 para que est\u00e9 libre de CFC con cero potencial de agotamiento del ozono.<\/div>\n<div><\/div>\n<div><strong>Marcado CE<\/strong><\/div>\n<div>Los productos de construcci\u00f3n que caen dentro del alcance de una norma europea armonizada ahora deben llevar el marcado CE bajo el Reglamento de Productos de Construcci\u00f3n. Para dinteles, el est\u00e1ndar armonizado es BS EN 845-2.<\/div>\n[\/vc_column_text][mk_padding_divider size=\u00bb30&#8243; visibility=\u00bbvisible-sm\u00bb][\/vc_column][\/vc_row][vc_row css=\u00bb.vc_custom_1597516278123{margin-top: 50px !important;}\u00bb][vc_column][mk_fancy_title color=\u00bb#999999&#8243; size=\u00bb40&#8243; font_weight=\u00bb200&#8243; txt_transform=\u00bbuppercase\u00bb margin_bottom=\u00bb5&#8243; font_family=\u00bbnone\u00bb align=\u00bbcenter\u00bb]PRODUCTOS <strong>SIMILARES<\/strong>[\/mk_fancy_title][mk_divider style=\u00bbthin_solid\u00bb divider_width=\u00bbcustom_width\u00bb custom_width=\u00bb80&#8243; thin_single_color=\u00bb#fe6600&#8243; thickness=\u00bb4&#8243; margin_top=\u00bb0&#8243; margin_bottom=\u00bb40&#8243;][\/vc_column][\/vc_row][vc_row css=\u00bb.vc_custom_1597516289832{margin-top: 50px !important;margin-bottom: 50px !important;}\u00bb][vc_column width=\u00bb1\/4&#8243;][mk_image src=\u00bbhttps:\/\/cortartec.net\/wp-content\/uploads\/2020\/03\/w640_anconoptima_with_ce_label-42073e.jpg\u00bb image_width=\u00bb300&#8243; image_height=\u00bb225&#8243; link=\u00bbhttps:\/\/cortartec.net\/es\/produtos\/albanileria\/soportes-y-apoyos-de-albanileria\/\u00bb align=\u00bbcenter\u00bb margin_bottom=\u00bb20&#8243;][mk_fancy_title color=\u00bb#fe6600&#8243; size=\u00bb25&#8243; font_weight=\u00bbbold\u00bb txt_transform=\u00bbuppercase\u00bb margin_bottom=\u00bb0&#8243; font_family=\u00bbnone\u00bb]Soportes de alba\u00f1iler\u00eda[\/mk_fancy_title][mk_padding_divider size=\u00bb30&#8243; visibility=\u00bbvisible-sm\u00bb][\/vc_column][vc_column width=\u00bb1\/4&#8243;][mk_image src=\u00bbhttps:\/\/cortartec.net\/wp-content\/uploads\/2020\/03\/imagem1-3.jpg\u00bb image_width=\u00bb300&#8243; image_height=\u00bb225&#8243; link=\u00bbhttps:\/\/cortartec.net\/es\/produtos\/albanileria\/postes-de-viento\/\u00bb align=\u00bbcenter\u00bb margin_bottom=\u00bb20&#8243;][mk_fancy_title color=\u00bb#fe6600&#8243; size=\u00bb25&#8243; font_weight=\u00bbbold\u00bb txt_transform=\u00bbuppercase\u00bb margin_bottom=\u00bb0&#8243; font_family=\u00bbnone\u00bb]Postes de viento[\/mk_fancy_title][mk_padding_divider size=\u00bb30&#8243; visibility=\u00bbvisible-sm\u00bb][\/vc_column][vc_column width=\u00bb1\/4&#8243;][mk_image src=\u00bbhttps:\/\/cortartec.net\/wp-content\/uploads\/2020\/03\/imagem2-1.jpg\u00bb image_width=\u00bb300&#8243; image_height=\u00bb225&#8243; link=\u00bbhttps:\/\/cortartec.net\/es\/produtos\/albanileria\/amarres-de-pared-y-fijaciones-de-sujecion\/\u00bb align=\u00bbcenter\u00bb margin_bottom=\u00bb20&#8243;][mk_fancy_title color=\u00bb#fe6600&#8243; size=\u00bb25&#8243; font_weight=\u00bbbold\u00bb txt_transform=\u00bbuppercase\u00bb margin_bottom=\u00bb0&#8243; font_family=\u00bbnone\u00bb]Lazos de pared[\/mk_fancy_title][mk_padding_divider size=\u00bb30&#8243; visibility=\u00bbvisible-sm\u00bb][\/vc_column][vc_column width=\u00bb1\/4&#8243;][mk_image src=\u00bbhttps:\/\/cortartec.net\/wp-content\/uploads\/2020\/03\/fisufor_masonry-reinforcement_armadura-de-tendel_armature-pour-maconnerie_steel-for-bricks.jpg\u00bb image_width=\u00bb300&#8243; image_height=\u00bb225&#8243; link=\u00bbhttps:\/\/cortartec.net\/es\/produtos\/albanileria\/armaduras-de-refuerzo-de-albanileria\/\u00bb align=\u00bbcenter\u00bb margin_bottom=\u00bb20&#8243;][mk_fancy_title color=\u00bb#fe6600&#8243; size=\u00bb25&#8243; font_weight=\u00bbbold\u00bb txt_transform=\u00bbuppercase\u00bb margin_bottom=\u00bb0&#8243; font_family=\u00bbnone\u00bb]Armaduras de refuerzo de alba\u00f1iler\u00eda[\/mk_fancy_title][\/vc_column][\/vc_row][vc_row][vc_column][\/vc_column][\/vc_row][vc_row fullwidth=\u00bbtrue\u00bb fullwidth_content=\u00bbfalse\u00bb css=\u00bb.vc_custom_1597403978460{margin-top: 50px !important;padding-top: 30px !important;background-color: #fe6600 !important;}\u00bb][vc_column width=\u00bb2\/3&#8243;][mk_fancy_title tag_name=\u00bbh5&#8243; color=\u00bb#ffffff\u00bb size=\u00bb26&#8243; font_weight=\u00bb400&#8243; txt_transform=\u00bbnone\u00bb margin_top=\u00bb10&#8243; font_family=\u00bbnone\u00bb]Tienes perguntas? Estamos aqu\u00ed para ayudarte![\/mk_fancy_title][\/vc_column][vc_column width=\u00bb1\/3&#8243;][mk_button dimension=\u00bbflat\u00bb corner_style=\u00bbrounded\u00bb size=\u00bblarge\u00bb url=\u00bbhttps:\/\/cortartec.net\/es\/contactos\/\u00bb align=\u00bbright\u00bb margin_right=\u00bb0&#8243; el_class=\u00bbmrightButton\u00bb bg_color=\u00bb#f0f0f0&#8243; btn_hover_bg=\u00bb#ffffff\u00bb text_color=\u00bbdark\u00bb btn_hover_txt_color=\u00bb#fe6600&#8243;]CONT\u00c1CTANOS[\/mk_button][\/vc_column][\/vc_row]\n","protected":false},"excerpt":{"rendered":"<p>[vc_row][vc_column][mk_gallery images=\u00bb2224,2225&#8243; image_size=\u00bbfull\u00bb hover_scenarios=\u00bbnone\u00bb][\/vc_column][\/vc_row][vc_row][vc_column][vc_tabs responsive=\u00bbfalse\u00bb container_bg_color=\u00bb\u00bb][vc_tab title=\u00bbDetalles\u00bb tab_id=\u00bb1566866031-1-40&#8243;][vc_column_text disable_pattern=\u00bbfalse\u00bb css=\u00bb.vc_custom_1597922291472{margin-bottom: 0px !important;}\u00bb]Refuerzos estructurales para dinteles &#8211; dinteles Los dinteles est\u00e1n hechos de acero inoxidable y no requieren protecci\u00f3n contra la corrosi\u00f3n. La l\u00ednea est\u00e1ndar fue dise\u00f1ada para cumplir con la mayor\u00eda de las condiciones de carga que se encuentran en edificios residenciales y comerciales. Se [&hellip;]<\/p>\n","protected":false},"author":6,"featured_media":0,"parent":2703,"menu_order":0,"comment_status":"closed","ping_status":"closed","template":"","meta":[],"yoast_head":"<!-- This site is optimized with the Yoast SEO plugin v19.4 - https:\/\/yoast.com\/wordpress\/plugins\/seo\/ -->\n<title>Refuerzos estructurales para dinteles - Cortartec<\/title>\n<meta name=\"robots\" content=\"index, follow, max-snippet:-1, max-image-preview:large, max-video-preview:-1\" \/>\n<link rel=\"canonical\" href=\"https:\/\/cortartec.net\/es\/productos\/albanileria\/refuerzos-estructurales-para-dinteles\/\" \/>\n<meta property=\"og:locale\" content=\"es_ES\" \/>\n<meta property=\"og:type\" content=\"article\" \/>\n<meta property=\"og:title\" content=\"Refuerzos estructurales para dinteles - Cortartec\" \/>\n<meta property=\"og:description\" content=\"[vc_row][vc_column][mk_gallery images=\u00bb2224,2225&#8243; image_size=\u00bbfull\u00bb hover_scenarios=\u00bbnone\u00bb][\/vc_column][\/vc_row][vc_row][vc_column][vc_tabs responsive=\u00bbfalse\u00bb container_bg_color=\u00bb\u00bb][vc_tab title=\u00bbDetalles\u00bb tab_id=\u00bb1566866031-1-40&#8243;][vc_column_text disable_pattern=\u00bbfalse\u00bb css=\u00bb.vc_custom_1597922291472{margin-bottom: 0px !important;}\u00bb]Refuerzos estructurales para dinteles &#8211; dinteles Los dinteles est\u00e1n hechos de acero inoxidable y no requieren protecci\u00f3n contra la corrosi\u00f3n. La l\u00ednea est\u00e1ndar fue dise\u00f1ada para cumplir con la mayor\u00eda de las condiciones de carga que se encuentran en edificios residenciales y comerciales. Se [&hellip;]\" \/>\n<meta property=\"og:url\" content=\"https:\/\/cortartec.net\/es\/productos\/albanileria\/refuerzos-estructurales-para-dinteles\/\" \/>\n<meta property=\"og:site_name\" content=\"Cortartec\" \/>\n<meta property=\"article:publisher\" content=\"https:\/\/facebook.com\/cortartec\" \/>\n<meta property=\"article:modified_time\" content=\"2020-09-24T23:49:33+00:00\" \/>\n<meta name=\"twitter:card\" content=\"summary_large_image\" \/>\n<meta name=\"twitter:site\" content=\"@cortartec\" \/>\n<meta name=\"twitter:label1\" content=\"Tiempo de lectura\" \/>\n\t<meta name=\"twitter:data1\" content=\"6 minutos\" \/>\n<script type=\"application\/ld+json\" class=\"yoast-schema-graph\">{\"@context\":\"https:\/\/schema.org\",\"@graph\":[{\"@type\":\"Organization\",\"@id\":\"https:\/\/cortartec.net\/fr\/#organization\",\"name\":\"Cortartec\",\"url\":\"https:\/\/cortartec.net\/fr\/\",\"sameAs\":[\"https:\/\/instagram.com\/cortartec\",\"https:\/\/za.linkedin.com\/company\/cortartec?trk=recent-update_see-all\",\"https:\/\/pinterest.com\/cortartec\",\"https:\/\/youtube.com\/user\/cortartec\",\"https:\/\/facebook.com\/cortartec\",\"https:\/\/twitter.com\/cortartec\"],\"logo\":{\"@type\":\"ImageObject\",\"inLanguage\":\"es\",\"@id\":\"https:\/\/cortartec.net\/fr\/#\/schema\/logo\/image\/\",\"url\":\"https:\/\/cortartec.net\/wp-content\/uploads\/2019\/08\/logo.png\",\"contentUrl\":\"https:\/\/cortartec.net\/wp-content\/uploads\/2019\/08\/logo.png\",\"width\":400,\"height\":100,\"caption\":\"Cortartec\"},\"image\":{\"@id\":\"https:\/\/cortartec.net\/fr\/#\/schema\/logo\/image\/\"}},{\"@type\":\"WebSite\",\"@id\":\"https:\/\/cortartec.net\/fr\/#website\",\"url\":\"https:\/\/cortartec.net\/fr\/\",\"name\":\"Cortartec\",\"description\":\"\",\"publisher\":{\"@id\":\"https:\/\/cortartec.net\/fr\/#organization\"},\"potentialAction\":[{\"@type\":\"SearchAction\",\"target\":{\"@type\":\"EntryPoint\",\"urlTemplate\":\"https:\/\/cortartec.net\/fr\/?s={search_term_string}\"},\"query-input\":\"required name=search_term_string\"}],\"inLanguage\":\"es\"},{\"@type\":\"WebPage\",\"@id\":\"https:\/\/cortartec.net\/es\/productos\/albanileria\/refuerzos-estructurales-para-dinteles\/\",\"url\":\"https:\/\/cortartec.net\/es\/productos\/albanileria\/refuerzos-estructurales-para-dinteles\/\",\"name\":\"Refuerzos estructurales para dinteles - Cortartec\",\"isPartOf\":{\"@id\":\"https:\/\/cortartec.net\/fr\/#website\"},\"datePublished\":\"2020-03-04T17:39:37+00:00\",\"dateModified\":\"2020-09-24T23:49:33+00:00\",\"breadcrumb\":{\"@id\":\"https:\/\/cortartec.net\/es\/productos\/albanileria\/refuerzos-estructurales-para-dinteles\/#breadcrumb\"},\"inLanguage\":\"es\",\"potentialAction\":[{\"@type\":\"ReadAction\",\"target\":[\"https:\/\/cortartec.net\/es\/productos\/albanileria\/refuerzos-estructurales-para-dinteles\/\"]}]},{\"@type\":\"BreadcrumbList\",\"@id\":\"https:\/\/cortartec.net\/es\/productos\/albanileria\/refuerzos-estructurales-para-dinteles\/#breadcrumb\",\"itemListElement\":[{\"@type\":\"ListItem\",\"position\":1,\"name\":\"In\u00edcio\",\"item\":\"https:\/\/cortartec.net\/es\/\"},{\"@type\":\"ListItem\",\"position\":2,\"name\":\"Productos\",\"item\":\"https:\/\/cortartec.net\/es\/productos\/\"},{\"@type\":\"ListItem\",\"position\":3,\"name\":\"Alba\u00f1iler\u00eda\",\"item\":\"https:\/\/cortartec.net\/es\/productos\/albanileria\/\"},{\"@type\":\"ListItem\",\"position\":4,\"name\":\"Refuerzos estructurales para dinteles\"}]}]}<\/script>\n<!-- \/ Yoast SEO plugin. -->","yoast_head_json":{"title":"Refuerzos estructurales para dinteles - Cortartec","robots":{"index":"index","follow":"follow","max-snippet":"max-snippet:-1","max-image-preview":"max-image-preview:large","max-video-preview":"max-video-preview:-1"},"canonical":"https:\/\/cortartec.net\/es\/productos\/albanileria\/refuerzos-estructurales-para-dinteles\/","og_locale":"es_ES","og_type":"article","og_title":"Refuerzos estructurales para dinteles - Cortartec","og_description":"[vc_row][vc_column][mk_gallery images=\u00bb2224,2225&#8243; image_size=\u00bbfull\u00bb hover_scenarios=\u00bbnone\u00bb][\/vc_column][\/vc_row][vc_row][vc_column][vc_tabs responsive=\u00bbfalse\u00bb container_bg_color=\u00bb\u00bb][vc_tab title=\u00bbDetalles\u00bb tab_id=\u00bb1566866031-1-40&#8243;][vc_column_text disable_pattern=\u00bbfalse\u00bb css=\u00bb.vc_custom_1597922291472{margin-bottom: 0px !important;}\u00bb]Refuerzos estructurales para dinteles &#8211; dinteles Los dinteles est\u00e1n hechos de acero inoxidable y no requieren protecci\u00f3n contra la corrosi\u00f3n. La l\u00ednea est\u00e1ndar fue dise\u00f1ada para cumplir con la mayor\u00eda de las condiciones de carga que se encuentran en edificios residenciales y comerciales. Se [&hellip;]","og_url":"https:\/\/cortartec.net\/es\/productos\/albanileria\/refuerzos-estructurales-para-dinteles\/","og_site_name":"Cortartec","article_publisher":"https:\/\/facebook.com\/cortartec","article_modified_time":"2020-09-24T23:49:33+00:00","twitter_card":"summary_large_image","twitter_site":"@cortartec","twitter_misc":{"Tiempo de lectura":"6 minutos"},"schema":{"@context":"https:\/\/schema.org","@graph":[{"@type":"Organization","@id":"https:\/\/cortartec.net\/fr\/#organization","name":"Cortartec","url":"https:\/\/cortartec.net\/fr\/","sameAs":["https:\/\/instagram.com\/cortartec","https:\/\/za.linkedin.com\/company\/cortartec?trk=recent-update_see-all","https:\/\/pinterest.com\/cortartec","https:\/\/youtube.com\/user\/cortartec","https:\/\/facebook.com\/cortartec","https:\/\/twitter.com\/cortartec"],"logo":{"@type":"ImageObject","inLanguage":"es","@id":"https:\/\/cortartec.net\/fr\/#\/schema\/logo\/image\/","url":"https:\/\/cortartec.net\/wp-content\/uploads\/2019\/08\/logo.png","contentUrl":"https:\/\/cortartec.net\/wp-content\/uploads\/2019\/08\/logo.png","width":400,"height":100,"caption":"Cortartec"},"image":{"@id":"https:\/\/cortartec.net\/fr\/#\/schema\/logo\/image\/"}},{"@type":"WebSite","@id":"https:\/\/cortartec.net\/fr\/#website","url":"https:\/\/cortartec.net\/fr\/","name":"Cortartec","description":"","publisher":{"@id":"https:\/\/cortartec.net\/fr\/#organization"},"potentialAction":[{"@type":"SearchAction","target":{"@type":"EntryPoint","urlTemplate":"https:\/\/cortartec.net\/fr\/?s={search_term_string}"},"query-input":"required name=search_term_string"}],"inLanguage":"es"},{"@type":"WebPage","@id":"https:\/\/cortartec.net\/es\/productos\/albanileria\/refuerzos-estructurales-para-dinteles\/","url":"https:\/\/cortartec.net\/es\/productos\/albanileria\/refuerzos-estructurales-para-dinteles\/","name":"Refuerzos estructurales para dinteles - Cortartec","isPartOf":{"@id":"https:\/\/cortartec.net\/fr\/#website"},"datePublished":"2020-03-04T17:39:37+00:00","dateModified":"2020-09-24T23:49:33+00:00","breadcrumb":{"@id":"https:\/\/cortartec.net\/es\/productos\/albanileria\/refuerzos-estructurales-para-dinteles\/#breadcrumb"},"inLanguage":"es","potentialAction":[{"@type":"ReadAction","target":["https:\/\/cortartec.net\/es\/productos\/albanileria\/refuerzos-estructurales-para-dinteles\/"]}]},{"@type":"BreadcrumbList","@id":"https:\/\/cortartec.net\/es\/productos\/albanileria\/refuerzos-estructurales-para-dinteles\/#breadcrumb","itemListElement":[{"@type":"ListItem","position":1,"name":"In\u00edcio","item":"https:\/\/cortartec.net\/es\/"},{"@type":"ListItem","position":2,"name":"Productos","item":"https:\/\/cortartec.net\/es\/productos\/"},{"@type":"ListItem","position":3,"name":"Alba\u00f1iler\u00eda","item":"https:\/\/cortartec.net\/es\/productos\/albanileria\/"},{"@type":"ListItem","position":4,"name":"Refuerzos estructurales para dinteles"}]}]}},"_links":{"self":[{"href":"https:\/\/cortartec.net\/es\/wp-json\/wp\/v2\/pages\/3631"}],"collection":[{"href":"https:\/\/cortartec.net\/es\/wp-json\/wp\/v2\/pages"}],"about":[{"href":"https:\/\/cortartec.net\/es\/wp-json\/wp\/v2\/types\/page"}],"author":[{"embeddable":true,"href":"https:\/\/cortartec.net\/es\/wp-json\/wp\/v2\/users\/6"}],"replies":[{"embeddable":true,"href":"https:\/\/cortartec.net\/es\/wp-json\/wp\/v2\/comments?post=3631"}],"version-history":[{"count":0,"href":"https:\/\/cortartec.net\/es\/wp-json\/wp\/v2\/pages\/3631\/revisions"}],"up":[{"embeddable":true,"href":"https:\/\/cortartec.net\/es\/wp-json\/wp\/v2\/pages\/2703"}],"wp:attachment":[{"href":"https:\/\/cortartec.net\/es\/wp-json\/wp\/v2\/media?parent=3631"}],"curies":[{"name":"wp","href":"https:\/\/api.w.org\/{rel}","templated":true}]}}