{"id":4008,"date":"2020-03-06T17:22:58","date_gmt":"2020-03-06T17:22:58","guid":{"rendered":"https:\/\/cortartec.net\/?page_id=4008"},"modified":"2020-09-24T22:36:37","modified_gmt":"2020-09-24T22:36:37","slug":"refuerzo-de-corte-por-punzonado","status":"publish","type":"page","link":"https:\/\/cortartec.net\/es\/productos\/estructuras\/refuerzo-de-corte-por-punzonado\/","title":{"rendered":"Refuerzo de corte por punzonado"},"content":{"rendered":"[vc_row css=\u00bb.vc_custom_1597659169988{margin-top: 50px !important;}\u00bb][vc_column][mk_gallery images=\u00bb1607,1618,1619&#8243; height=\u00bb300&#8243; hover_scenarios=\u00bbnone\u00bb][\/vc_column][\/vc_row][vc_row css=\u00bb.vc_custom_1597659164848{margin-top: 50px !important;}\u00bb][vc_column][vc_tabs responsive=\u00bbfalse\u00bb container_bg_color=\u00bb\u00bb][vc_tab title=\u00bbDetalles\u00bb tab_id=\u00bb1566866031-1-40&#8243;][vc_column_text disable_pattern=\u00bbfalse\u00bb css=\u00bb.vc_custom_1595417240064{margin-bottom: 0px !important;}\u00bb]<strong>REFUERZOS DE ARMADURAS ANTIPUNZONES<\/strong><\/p>\n<p>El peso de una placa apoyada en una columna induce tensiones de corte en la losa. Estas tensiones, si son suficientes y donde no se proporciona refuerzo adicional, dar\u00edan como resultado la columna de &#8216;perforaci\u00f3n&#8217; a trav\u00e9s de la losa. Este corte de perforaci\u00f3n se induce de manera similar en la base sobre la que descansa la columna. Aunque el corte de perforaci\u00f3n puede aliviarse mediante el engrosamiento localizado del cemento con las vigas de soporte y los cabezales de columna extendidos, la construcci\u00f3n de placas planas ofrece muchas ventajas. Un espacio principal constante puede reducir la altura total de un edificio y puede proporcionar un ahorro significativo de tiempo y material.<\/p>\n<p><strong>Arreglos t\u00edpicos<\/strong><\/p>\n<p>Nuestro sistema Shearfix es adecuado para todas las formas y ubicaciones de altavoces. El dise\u00f1o de los rieles Shearfix est\u00e1 determinado por el c\u00e1lculo del dise\u00f1o o el programa de dise\u00f1o. Aqu\u00ed se muestran algunos de los arreglos t\u00edpicos.[\/vc_column_text][vc_column_text css=\u00bb.vc_custom_1595417250755{margin-bottom: 0px !important;}\u00bb]El peso de una losa de soporte en una columna induce tensiones de corte en la losa. Estas tensiones son suficientes, cuando no se prev\u00e9n refuerzos adicionales, se produce una \u00abperforaci\u00f3n\u00bb de la columna a trav\u00e9s de la losa. Este efecto de perforaci\u00f3n tambi\u00e9n se induce en la base de la columna. Aunque el punzonado puede aliviarse mediante el engrosamiento localizado del cemento con vigas colgantes y atenuado por capiteles que sobresalen de los pilares, la construcci\u00f3n de losas planas ofrece muchas ventajas. Cortartec Shearfix es la soluci\u00f3n ideal para el dise\u00f1o y la construcci\u00f3n de problemas asociados con la perforaci\u00f3n. El sistema consta de conectores de dos cabezales soldados a barras planas y se colocan alrededor de la parte superior de la columna o en la base. La fuerza de corte de la losa se transfiere a trav\u00e9s de los conectores a la columna. Los conectores se sueldan al riel en centros espec\u00edficos o al calcular el dise\u00f1o. Cortartec Shearfix es adecuado para todas las formas de columnas y es muy f\u00e1cil de instalar &#8216;de arriba hacia abajo&#8217; o &#8216;de abajo hacia arriba&#8217;, dependiendo de la preferencia en el sitio.[\/vc_column_text][\/vc_tab][vc_tab title=\u00bbDownload\u00bb tab_id=\u00bb1566866086439-2-10&#8243;][mk_button dimension=\u00bbflat\u00bb corner_style=\u00bbrounded\u00bb size=\u00bbmedium\u00bb url=\u00bbhttps:\/\/48bfe850-8fa9-41aa-a01f-515ad5db562b.filesusr.com\/ugd\/b0e443_b99048205e744d8ca0ab0ec18f078982.pdf\u00bb align=\u00bbcenter\u00bb]DESCARGAR PDF[\/mk_button][\/vc_tab][vc_tab title=\u00bbCertificados\u00bb tab_id=\u00bb1566866087001-3-3&#8243;]<div role=\"form\" class=\"wpcf7\" id=\"wpcf7-f9190-o1\" lang=\"pt-PT\" dir=\"ltr\">\n<div class=\"screen-reader-response\"><p role=\"status\" aria-live=\"polite\" aria-atomic=\"true\"><\/p> <ul><\/ul><\/div>\n<form action=\"\/es\/wp-json\/wp\/v2\/pages\/4008#wpcf7-f9190-o1\" method=\"post\" class=\"wpcf7-form init\" novalidate=\"novalidate\" data-status=\"init\">\n<div style=\"display: none;\">\n<input type=\"hidden\" name=\"_wpcf7\" value=\"9190\" \/>\n<input type=\"hidden\" name=\"_wpcf7_version\" value=\"5.4.2\" \/>\n<input type=\"hidden\" name=\"_wpcf7_locale\" value=\"pt_PT\" \/>\n<input type=\"hidden\" name=\"_wpcf7_unit_tag\" value=\"wpcf7-f9190-o1\" \/>\n<input type=\"hidden\" name=\"_wpcf7_container_post\" value=\"0\" \/>\n<input type=\"hidden\" name=\"_wpcf7_posted_data_hash\" value=\"\" \/>\n<\/div>\n<p>Solicite la ficha t\u00e9cnica \/ certificados aqu\u00ed:<\/p>\n<p><span class=\"wpcf7-form-control-wrap nome\"><input type=\"text\" name=\"nome\" value=\"\" size=\"40\" class=\"wpcf7-form-control wpcf7-text wpcf7-validates-as-required\" aria-required=\"true\" aria-invalid=\"false\" placeholder=\"Nombre\" \/><\/span><\/p>\n<p><span class=\"wpcf7-form-control-wrap email\"><input type=\"email\" name=\"email\" value=\"\" size=\"40\" class=\"wpcf7-form-control wpcf7-text wpcf7-email wpcf7-validates-as-required wpcf7-validates-as-email\" aria-required=\"true\" aria-invalid=\"false\" placeholder=\"Email\" \/><\/span><\/p>\n<p><span class=\"wpcf7-form-control-wrap telefone\"><input type=\"tel\" name=\"telefone\" value=\"\" size=\"40\" class=\"wpcf7-form-control wpcf7-text wpcf7-tel wpcf7-validates-as-required wpcf7-validates-as-tel\" aria-required=\"true\" aria-invalid=\"false\" placeholder=\"Tel\u00e9fono\" \/><\/span><\/p>\n<p><span class=\"wpcf7-form-control-wrap empresa\"><input type=\"text\" name=\"empresa\" value=\"\" size=\"40\" class=\"wpcf7-form-control wpcf7-text\" aria-invalid=\"false\" placeholder=\"Empresa\" \/><\/span><\/p>\n<p><span class=\"wpcf7-form-control-wrap produto\"><input type=\"hidden\" name=\"produto\" value=\"Refuerzo de corte por punzonado\" size=\"40\" class=\"wpcf7-form-control wpcf7dtx-dynamictext wpcf7-dynamichidden\" aria-invalid=\"false\" \/><\/span><\/p>\n<p><span class=\"wpcf7-form-control-wrap rgpd\"><span class=\"wpcf7-form-control wpcf7-acceptance\"><span class=\"wpcf7-list-item\"><label><input type=\"checkbox\" name=\"rgpd\" value=\"1\" aria-invalid=\"false\" \/><span class=\"wpcf7-list-item-label\">Doy mi consentimiento para que Cortartec conserve mis datos contenidos en este formulario por tiempo indefinido hasta la finalizaci\u00f3n de esta solicitud de contacto.<\/span><\/label><\/span><\/span><\/span><\/p>\n<p><input type=\"submit\" value=\"Pedir\" class=\"wpcf7-form-control wpcf7-submit\" \/><\/p>\n<p style=\"display: none !important;\" class=\"akismet-fields-container\" data-prefix=\"_wpcf7_ak_\"><label>&#916;<textarea name=\"_wpcf7_ak_hp_textarea\" cols=\"45\" rows=\"8\" maxlength=\"100\"><\/textarea><\/label><input type=\"hidden\" id=\"ak_js_1\" name=\"_wpcf7_ak_js\" value=\"151\"\/><script>document.getElementById( \"ak_js_1\" ).setAttribute( \"value\", ( new Date() ).getTime() );<\/script><\/p><div class=\"wpcf7-response-output\" aria-hidden=\"true\"><\/div><\/form><\/div>[\/vc_tab][\/vc_tabs][\/vc_column][\/vc_row][vc_row css=\u00bb.vc_custom_1597659177072{margin-top: 50px !important;}\u00bb][vc_column][mk_fancy_title color=\u00bb#fe6600&#8243; size=\u00bb25&#8243; font_weight=\u00bbbold\u00bb txt_transform=\u00bbuppercase\u00bb margin_bottom=\u00bb0&#8243; font_family=\u00bbnone\u00bb]Dise\u00f1os radiales[\/mk_fancy_title][\/vc_column][\/vc_row][vc_row css=\u00bb.vc_custom_1597659183298{margin-top: 50px !important;}\u00bb][vc_column width=\u00bb1\/3&#8243;][mk_image src=\u00bbhttps:\/\/cortartec.net\/wp-content\/uploads\/2019\/11\/imagem3.jpg\u00bb image_width=\u00bb300&#8243; image_height=\u00bb187&#8243; align=\u00bbcenter\u00bb margin_bottom=\u00bb20&#8243;][mk_padding_divider size=\u00bb80&#8243;][\/vc_column][vc_column width=\u00bb1\/3&#8243;][mk_image src=\u00bbhttps:\/\/cortartec.net\/wp-content\/uploads\/2019\/11\/imagem4.jpg\u00bb image_width=\u00bb300&#8243; image_height=\u00bb168&#8243; align=\u00bbcenter\u00bb margin_bottom=\u00bb20&#8243;][mk_padding_divider size=\u00bb80&#8243;][\/vc_column][vc_column width=\u00bb1\/3&#8243;][mk_image src=\u00bbhttps:\/\/cortartec.net\/wp-content\/uploads\/2019\/11\/imagem5.jpg\u00bb image_width=\u00bb300&#8243; image_height=\u00bb168&#8243; align=\u00bbcenter\u00bb margin_bottom=\u00bb20&#8243;][\/vc_column][\/vc_row][vc_row css=\u00bb.vc_custom_1597659190485{margin-top: 50px !important;}\u00bb][vc_column][mk_fancy_title color=\u00bb#fe6600&#8243; size=\u00bb25&#8243; font_weight=\u00bbbold\u00bb txt_transform=\u00bbuppercase\u00bb margin_bottom=\u00bb0&#8243; font_family=\u00bbnone\u00bb]Dise\u00f1os Cruciformes[\/mk_fancy_title][\/vc_column][\/vc_row][vc_row css=\u00bb.vc_custom_1597659208286{margin-top: 50px !important;}\u00bb][vc_column width=\u00bb1\/3&#8243;][mk_image src=\u00bbhttps:\/\/cortartec.net\/wp-content\/uploads\/2019\/11\/imagem6.jpg\u00bb image_width=\u00bb300&#8243; image_height=\u00bb225&#8243; align=\u00bbcenter\u00bb margin_bottom=\u00bb20&#8243;][mk_padding_divider size=\u00bb80&#8243;][\/vc_column][vc_column width=\u00bb1\/3&#8243;][mk_image src=\u00bbhttps:\/\/cortartec.net\/wp-content\/uploads\/2019\/11\/imagem7.jpg\u00bb image_width=\u00bb300&#8243; image_height=\u00bb225&#8243; align=\u00bbcenter\u00bb margin_bottom=\u00bb20&#8243;][mk_padding_divider size=\u00bb80&#8243;][\/vc_column][vc_column width=\u00bb1\/3&#8243;][mk_image src=\u00bbhttps:\/\/cortartec.net\/wp-content\/uploads\/2019\/11\/imagem8.jpg\u00bb image_width=\u00bb300&#8243; image_height=\u00bb225&#8243; align=\u00bbcenter\u00bb margin_bottom=\u00bb20&#8243;][\/vc_column][\/vc_row][vc_row css=\u00bb.vc_custom_1597659214569{margin-top: 50px !important;}\u00bb][vc_column width=\u00bb1\/4&#8243;][mk_image src=\u00bbhttps:\/\/cortartec.net\/wp-content\/uploads\/2019\/11\/images-7.jpg\u00bb image_size=\u00bbfull\u00bb align=\u00bbcenter\u00bb margin_bottom=\u00bb20&#8243;][\/vc_column][vc_column width=\u00bb3\/4&#8243;][vc_column_text css=\u00bb.vc_custom_1595417361462{margin-bottom: 0px !important;}\u00bb]<span style=\"color: #ff6600;\"><strong>Tama\u00f1os \/ Configuraciones<\/strong><\/span><\/p>\n<p>El sistema Shearfix consiste en puntas de doble cabeza soldadas a rieles planos. Se fabrica para satisfacer las necesidades espec\u00edficas de cada aplicaci\u00f3n. Los tornillos se fabrican en cinco di\u00e1metros (10, 12, 16, 20 y 25 mm) de barra de refuerzo aprobada por CARES B500C. Las cabezas se forjan en caliente hasta tres veces el di\u00e1metro de la barra. Los tornillos se fabrican en casi cualquier longitud para adaptarse a la profundidad de la losa, pero generalmente se forman en incrementos de 5 mm dentro del rango de 100-1000 mm. La barra utilizada en este sistema tiene un l\u00edmite el\u00e1stico caracter\u00edstico de 500N \/ mm2. Los pasadores se sueldan al riel en los centros determinados por el c\u00e1lculo del dise\u00f1o. Los rieles Shearfix est\u00e1n fabricados con tiras de acero, 16 mm de ancho x 3 mm de espesor en tornillos de hasta 16 mm de di\u00e1metro y 20 mm x 5 mm en los dos di\u00e1metros de perno. Los rieles tienen extremos redondeados para reducir el riesgo de lesiones durante el manejo. El espacio entre las tiras permite el paso del concreto durante la fundici\u00f3n y tambi\u00e9n permite que el riel permita que el riel se clave a trav\u00e9s de separadores al encofrado cuando se fija &#8216;de abajo hacia arriba&#8217;, es decir, antes de cualquier otro refuerzo.[\/vc_column_text][\/vc_column][\/vc_row][vc_row css=\u00bb.vc_custom_1597659219443{margin-top: 50px !important;}\u00bb][vc_column][mk_fancy_title color=\u00bb#999999&#8243; size=\u00bb40&#8243; font_weight=\u00bb200&#8243; txt_transform=\u00bbuppercase\u00bb margin_bottom=\u00bb5&#8243; font_family=\u00bbnone\u00bb align=\u00bbcenter\u00bb]PRODUCTOS <strong>SIMILARES<\/strong>[\/mk_fancy_title][mk_divider style=\u00bbthin_solid\u00bb divider_width=\u00bbcustom_width\u00bb custom_width=\u00bb80&#8243; thin_single_color=\u00bb#fe6600&#8243; thickness=\u00bb4&#8243; margin_top=\u00bb0&#8243; margin_bottom=\u00bb40&#8243;][\/vc_column][\/vc_row][vc_row css=\u00bb.vc_custom_1597659226491{margin-top: 50px !important;margin-bottom: 50px !important;}\u00bb][vc_column width=\u00bb1\/4&#8243;][mk_image src=\u00bbhttps:\/\/cortartec.net\/wp-content\/uploads\/2020\/03\/imagem1-5.jpg\u00bb image_width=\u00bb300&#8243; image_height=\u00bb225&#8243; link=\u00bbhttps:\/\/cortartec.net\/es\/productos\/estructuras\/systemes-de-continuite-de-renforcement\/\u00bb align=\u00bbcenter\u00bb margin_bottom=\u00bb20&#8243;][mk_fancy_title color=\u00bb#fe6600&#8243; size=\u00bb25&#8243; font_weight=\u00bbbold\u00bb txt_transform=\u00bbuppercase\u00bb margin_bottom=\u00bb0&#8243; font_family=\u00bbnone\u00bb]Anclajes KSN[\/mk_fancy_title][mk_padding_divider size=\u00bb30&#8243; visibility=\u00bbvisible-sm\u00bb][\/vc_column][vc_column width=\u00bb1\/4&#8243;][mk_image src=\u00bbhttps:\/\/cortartec.net\/wp-content\/uploads\/2020\/03\/transferir.jpg\u00bb image_width=\u00bb300&#8243; image_height=\u00bb225&#8243; link=\u00bbhttps:\/\/cortartec.net\/es\/productos\/estructuras\/acopladores-de-barra-de-refuerzo\/\u00bb align=\u00bbcenter\u00bb margin_bottom=\u00bb20&#8243;][mk_fancy_title color=\u00bb#fe6600&#8243; size=\u00bb25&#8243; font_weight=\u00bbbold\u00bb txt_transform=\u00bbuppercase\u00bb margin_bottom=\u00bb0&#8243; font_family=\u00bbnone\u00bb]Acopladores de barra de refuerzo[\/mk_fancy_title][mk_padding_divider size=\u00bb30&#8243; visibility=\u00bbvisible-sm\u00bb][\/vc_column][vc_column width=\u00bb1\/4&#8243;][mk_image src=\u00bbhttps:\/\/cortartec.net\/wp-content\/uploads\/2020\/03\/imagem20.jpg\u00bb image_width=\u00bb300&#8243; image_height=\u00bb225&#8243; link=\u00bbhttps:\/\/cortartec.net\/es\/productos\/estructuras\/conectores-de-balcon-aislados\/\u00bb align=\u00bbcenter\u00bb margin_bottom=\u00bb20&#8243;][mk_fancy_title color=\u00bb#fe6600&#8243; size=\u00bb25&#8243; font_weight=\u00bbbold\u00bb txt_transform=\u00bbuppercase\u00bb margin_bottom=\u00bb0&#8243; font_family=\u00bbnone\u00bb]Conectores de balc\u00f3n aislados[\/mk_fancy_title][mk_padding_divider size=\u00bb30&#8243; visibility=\u00bbvisible-sm\u00bb][\/vc_column][vc_column width=\u00bb1\/4&#8243;][mk_image src=\u00bbhttps:\/\/cortartec.net\/wp-content\/uploads\/2020\/03\/imagem18.jpg\u00bb image_width=\u00bb300&#8243; image_height=\u00bb225&#8243; link=\u00bbhttps:\/\/cortartec.net\/es\/productos\/estructuras\/systemes-de-continuite-de-renforcement\/\u00bb align=\u00bbcenter\u00bb margin_bottom=\u00bb20&#8243;][mk_fancy_title color=\u00bb#fe6600&#8243; size=\u00bb25&#8243; font_weight=\u00bbbold\u00bb txt_transform=\u00bbuppercase\u00bb margin_bottom=\u00bb0&#8243; font_family=\u00bbnone\u00bb]Sistemas de continuidad de refuerzo[\/mk_fancy_title][\/vc_column][\/vc_row][vc_row fullwidth=\u00bbtrue\u00bb fullwidth_content=\u00bbfalse\u00bb css=\u00bb.vc_custom_1597403978460{margin-top: 50px !important;padding-top: 30px !important;background-color: #fe6600 !important;}\u00bb][vc_column width=\u00bb2\/3&#8243;][mk_fancy_title tag_name=\u00bbh5&#8243; color=\u00bb#ffffff\u00bb size=\u00bb26&#8243; font_weight=\u00bb400&#8243; txt_transform=\u00bbnone\u00bb margin_top=\u00bb10&#8243; font_family=\u00bbnone\u00bb]Tienes preguntas? Estamos aqu\u00ed para ayudarte![\/mk_fancy_title][\/vc_column][vc_column width=\u00bb1\/3&#8243;][mk_button dimension=\u00bbflat\u00bb corner_style=\u00bbrounded\u00bb size=\u00bblarge\u00bb url=\u00bbhttps:\/\/cortartec.net\/es\/contactos\/\u00bb align=\u00bbright\u00bb margin_right=\u00bb0&#8243; el_class=\u00bbmrightButton\u00bb bg_color=\u00bb#f0f0f0&#8243; btn_hover_bg=\u00bb#ffffff\u00bb text_color=\u00bbdark\u00bb btn_hover_txt_color=\u00bb#fe6600&#8243;]CONT\u00c1CTANOS[\/mk_button][\/vc_column][\/vc_row]\n","protected":false},"excerpt":{"rendered":"<p>[vc_row css=\u00bb.vc_custom_1597659169988{margin-top: 50px !important;}\u00bb][vc_column][mk_gallery images=\u00bb1607,1618,1619&#8243; height=\u00bb300&#8243; hover_scenarios=\u00bbnone\u00bb][\/vc_column][\/vc_row][vc_row css=\u00bb.vc_custom_1597659164848{margin-top: 50px !important;}\u00bb][vc_column][vc_tabs responsive=\u00bbfalse\u00bb container_bg_color=\u00bb\u00bb][vc_tab title=\u00bbDetalles\u00bb tab_id=\u00bb1566866031-1-40&#8243;][vc_column_text disable_pattern=\u00bbfalse\u00bb css=\u00bb.vc_custom_1595417240064{margin-bottom: 0px !important;}\u00bb]REFUERZOS DE ARMADURAS ANTIPUNZONES El peso de una placa apoyada en una columna induce tensiones de corte en la losa. Estas tensiones, si son suficientes y donde no se proporciona refuerzo adicional, dar\u00edan como resultado la columna de [&hellip;]<\/p>\n","protected":false},"author":6,"featured_media":0,"parent":2721,"menu_order":0,"comment_status":"closed","ping_status":"closed","template":"","meta":[],"yoast_head":"<!-- This site is optimized with the Yoast SEO plugin v19.4 - https:\/\/yoast.com\/wordpress\/plugins\/seo\/ -->\n<title>Refuerzo de corte por punzonado - Cortartec<\/title>\n<meta name=\"robots\" content=\"index, follow, max-snippet:-1, max-image-preview:large, max-video-preview:-1\" \/>\n<link rel=\"canonical\" href=\"https:\/\/cortartec.net\/es\/productos\/estructuras\/refuerzo-de-corte-por-punzonado\/\" \/>\n<meta property=\"og:locale\" content=\"es_ES\" \/>\n<meta property=\"og:type\" content=\"article\" \/>\n<meta property=\"og:title\" content=\"Refuerzo de corte por punzonado - Cortartec\" \/>\n<meta property=\"og:description\" content=\"[vc_row css=\u00bb.vc_custom_1597659169988{margin-top: 50px !important;}\u00bb][vc_column][mk_gallery images=\u00bb1607,1618,1619&#8243; height=\u00bb300&#8243; hover_scenarios=\u00bbnone\u00bb][\/vc_column][\/vc_row][vc_row css=\u00bb.vc_custom_1597659164848{margin-top: 50px !important;}\u00bb][vc_column][vc_tabs responsive=\u00bbfalse\u00bb container_bg_color=\u00bb\u00bb][vc_tab title=\u00bbDetalles\u00bb tab_id=\u00bb1566866031-1-40&#8243;][vc_column_text disable_pattern=\u00bbfalse\u00bb css=\u00bb.vc_custom_1595417240064{margin-bottom: 0px !important;}\u00bb]REFUERZOS DE ARMADURAS ANTIPUNZONES El peso de una placa apoyada en una columna induce tensiones de corte en la losa. Estas tensiones, si son suficientes y donde no se proporciona refuerzo adicional, dar\u00edan como resultado la columna de [&hellip;]\" \/>\n<meta property=\"og:url\" content=\"https:\/\/cortartec.net\/es\/productos\/estructuras\/refuerzo-de-corte-por-punzonado\/\" \/>\n<meta property=\"og:site_name\" content=\"Cortartec\" \/>\n<meta property=\"article:publisher\" content=\"https:\/\/facebook.com\/cortartec\" \/>\n<meta property=\"article:modified_time\" content=\"2020-09-24T22:36:37+00:00\" \/>\n<meta name=\"twitter:card\" content=\"summary_large_image\" \/>\n<meta name=\"twitter:site\" content=\"@cortartec\" \/>\n<meta name=\"twitter:label1\" content=\"Tiempo de lectura\" \/>\n\t<meta name=\"twitter:data1\" content=\"7 minutos\" \/>\n<script type=\"application\/ld+json\" class=\"yoast-schema-graph\">{\"@context\":\"https:\/\/schema.org\",\"@graph\":[{\"@type\":\"Organization\",\"@id\":\"https:\/\/cortartec.net\/fr\/#organization\",\"name\":\"Cortartec\",\"url\":\"https:\/\/cortartec.net\/fr\/\",\"sameAs\":[\"https:\/\/instagram.com\/cortartec\",\"https:\/\/za.linkedin.com\/company\/cortartec?trk=recent-update_see-all\",\"https:\/\/pinterest.com\/cortartec\",\"https:\/\/youtube.com\/user\/cortartec\",\"https:\/\/facebook.com\/cortartec\",\"https:\/\/twitter.com\/cortartec\"],\"logo\":{\"@type\":\"ImageObject\",\"inLanguage\":\"es\",\"@id\":\"https:\/\/cortartec.net\/fr\/#\/schema\/logo\/image\/\",\"url\":\"https:\/\/cortartec.net\/wp-content\/uploads\/2019\/08\/logo.png\",\"contentUrl\":\"https:\/\/cortartec.net\/wp-content\/uploads\/2019\/08\/logo.png\",\"width\":400,\"height\":100,\"caption\":\"Cortartec\"},\"image\":{\"@id\":\"https:\/\/cortartec.net\/fr\/#\/schema\/logo\/image\/\"}},{\"@type\":\"WebSite\",\"@id\":\"https:\/\/cortartec.net\/fr\/#website\",\"url\":\"https:\/\/cortartec.net\/fr\/\",\"name\":\"Cortartec\",\"description\":\"\",\"publisher\":{\"@id\":\"https:\/\/cortartec.net\/fr\/#organization\"},\"potentialAction\":[{\"@type\":\"SearchAction\",\"target\":{\"@type\":\"EntryPoint\",\"urlTemplate\":\"https:\/\/cortartec.net\/fr\/?s={search_term_string}\"},\"query-input\":\"required name=search_term_string\"}],\"inLanguage\":\"es\"},{\"@type\":\"WebPage\",\"@id\":\"https:\/\/cortartec.net\/es\/productos\/estructuras\/refuerzo-de-corte-por-punzonado\/\",\"url\":\"https:\/\/cortartec.net\/es\/productos\/estructuras\/refuerzo-de-corte-por-punzonado\/\",\"name\":\"Refuerzo de corte por punzonado - Cortartec\",\"isPartOf\":{\"@id\":\"https:\/\/cortartec.net\/fr\/#website\"},\"datePublished\":\"2020-03-06T17:22:58+00:00\",\"dateModified\":\"2020-09-24T22:36:37+00:00\",\"breadcrumb\":{\"@id\":\"https:\/\/cortartec.net\/es\/productos\/estructuras\/refuerzo-de-corte-por-punzonado\/#breadcrumb\"},\"inLanguage\":\"es\",\"potentialAction\":[{\"@type\":\"ReadAction\",\"target\":[\"https:\/\/cortartec.net\/es\/productos\/estructuras\/refuerzo-de-corte-por-punzonado\/\"]}]},{\"@type\":\"BreadcrumbList\",\"@id\":\"https:\/\/cortartec.net\/es\/productos\/estructuras\/refuerzo-de-corte-por-punzonado\/#breadcrumb\",\"itemListElement\":[{\"@type\":\"ListItem\",\"position\":1,\"name\":\"In\u00edcio\",\"item\":\"https:\/\/cortartec.net\/es\/\"},{\"@type\":\"ListItem\",\"position\":2,\"name\":\"Productos\",\"item\":\"https:\/\/cortartec.net\/es\/productos\/\"},{\"@type\":\"ListItem\",\"position\":3,\"name\":\"Estructuras\",\"item\":\"https:\/\/cortartec.net\/es\/productos\/estructuras\/\"},{\"@type\":\"ListItem\",\"position\":4,\"name\":\"Refuerzo de corte por punzonado\"}]}]}<\/script>\n<!-- \/ Yoast SEO plugin. -->","yoast_head_json":{"title":"Refuerzo de corte por punzonado - Cortartec","robots":{"index":"index","follow":"follow","max-snippet":"max-snippet:-1","max-image-preview":"max-image-preview:large","max-video-preview":"max-video-preview:-1"},"canonical":"https:\/\/cortartec.net\/es\/productos\/estructuras\/refuerzo-de-corte-por-punzonado\/","og_locale":"es_ES","og_type":"article","og_title":"Refuerzo de corte por punzonado - Cortartec","og_description":"[vc_row css=\u00bb.vc_custom_1597659169988{margin-top: 50px !important;}\u00bb][vc_column][mk_gallery images=\u00bb1607,1618,1619&#8243; height=\u00bb300&#8243; hover_scenarios=\u00bbnone\u00bb][\/vc_column][\/vc_row][vc_row css=\u00bb.vc_custom_1597659164848{margin-top: 50px !important;}\u00bb][vc_column][vc_tabs responsive=\u00bbfalse\u00bb container_bg_color=\u00bb\u00bb][vc_tab title=\u00bbDetalles\u00bb tab_id=\u00bb1566866031-1-40&#8243;][vc_column_text disable_pattern=\u00bbfalse\u00bb css=\u00bb.vc_custom_1595417240064{margin-bottom: 0px !important;}\u00bb]REFUERZOS DE ARMADURAS ANTIPUNZONES El peso de una placa apoyada en una columna induce tensiones de corte en la losa. Estas tensiones, si son suficientes y donde no se proporciona refuerzo adicional, dar\u00edan como resultado la columna de [&hellip;]","og_url":"https:\/\/cortartec.net\/es\/productos\/estructuras\/refuerzo-de-corte-por-punzonado\/","og_site_name":"Cortartec","article_publisher":"https:\/\/facebook.com\/cortartec","article_modified_time":"2020-09-24T22:36:37+00:00","twitter_card":"summary_large_image","twitter_site":"@cortartec","twitter_misc":{"Tiempo de lectura":"7 minutos"},"schema":{"@context":"https:\/\/schema.org","@graph":[{"@type":"Organization","@id":"https:\/\/cortartec.net\/fr\/#organization","name":"Cortartec","url":"https:\/\/cortartec.net\/fr\/","sameAs":["https:\/\/instagram.com\/cortartec","https:\/\/za.linkedin.com\/company\/cortartec?trk=recent-update_see-all","https:\/\/pinterest.com\/cortartec","https:\/\/youtube.com\/user\/cortartec","https:\/\/facebook.com\/cortartec","https:\/\/twitter.com\/cortartec"],"logo":{"@type":"ImageObject","inLanguage":"es","@id":"https:\/\/cortartec.net\/fr\/#\/schema\/logo\/image\/","url":"https:\/\/cortartec.net\/wp-content\/uploads\/2019\/08\/logo.png","contentUrl":"https:\/\/cortartec.net\/wp-content\/uploads\/2019\/08\/logo.png","width":400,"height":100,"caption":"Cortartec"},"image":{"@id":"https:\/\/cortartec.net\/fr\/#\/schema\/logo\/image\/"}},{"@type":"WebSite","@id":"https:\/\/cortartec.net\/fr\/#website","url":"https:\/\/cortartec.net\/fr\/","name":"Cortartec","description":"","publisher":{"@id":"https:\/\/cortartec.net\/fr\/#organization"},"potentialAction":[{"@type":"SearchAction","target":{"@type":"EntryPoint","urlTemplate":"https:\/\/cortartec.net\/fr\/?s={search_term_string}"},"query-input":"required name=search_term_string"}],"inLanguage":"es"},{"@type":"WebPage","@id":"https:\/\/cortartec.net\/es\/productos\/estructuras\/refuerzo-de-corte-por-punzonado\/","url":"https:\/\/cortartec.net\/es\/productos\/estructuras\/refuerzo-de-corte-por-punzonado\/","name":"Refuerzo de corte por punzonado - Cortartec","isPartOf":{"@id":"https:\/\/cortartec.net\/fr\/#website"},"datePublished":"2020-03-06T17:22:58+00:00","dateModified":"2020-09-24T22:36:37+00:00","breadcrumb":{"@id":"https:\/\/cortartec.net\/es\/productos\/estructuras\/refuerzo-de-corte-por-punzonado\/#breadcrumb"},"inLanguage":"es","potentialAction":[{"@type":"ReadAction","target":["https:\/\/cortartec.net\/es\/productos\/estructuras\/refuerzo-de-corte-por-punzonado\/"]}]},{"@type":"BreadcrumbList","@id":"https:\/\/cortartec.net\/es\/productos\/estructuras\/refuerzo-de-corte-por-punzonado\/#breadcrumb","itemListElement":[{"@type":"ListItem","position":1,"name":"In\u00edcio","item":"https:\/\/cortartec.net\/es\/"},{"@type":"ListItem","position":2,"name":"Productos","item":"https:\/\/cortartec.net\/es\/productos\/"},{"@type":"ListItem","position":3,"name":"Estructuras","item":"https:\/\/cortartec.net\/es\/productos\/estructuras\/"},{"@type":"ListItem","position":4,"name":"Refuerzo de corte por punzonado"}]}]}},"_links":{"self":[{"href":"https:\/\/cortartec.net\/es\/wp-json\/wp\/v2\/pages\/4008"}],"collection":[{"href":"https:\/\/cortartec.net\/es\/wp-json\/wp\/v2\/pages"}],"about":[{"href":"https:\/\/cortartec.net\/es\/wp-json\/wp\/v2\/types\/page"}],"author":[{"embeddable":true,"href":"https:\/\/cortartec.net\/es\/wp-json\/wp\/v2\/users\/6"}],"replies":[{"embeddable":true,"href":"https:\/\/cortartec.net\/es\/wp-json\/wp\/v2\/comments?post=4008"}],"version-history":[{"count":0,"href":"https:\/\/cortartec.net\/es\/wp-json\/wp\/v2\/pages\/4008\/revisions"}],"up":[{"embeddable":true,"href":"https:\/\/cortartec.net\/es\/wp-json\/wp\/v2\/pages\/2721"}],"wp:attachment":[{"href":"https:\/\/cortartec.net\/es\/wp-json\/wp\/v2\/media?parent=4008"}],"curies":[{"name":"wp","href":"https:\/\/api.w.org\/{rel}","templated":true}]}}