{"id":4045,"date":"2020-03-09T10:10:53","date_gmt":"2020-03-09T10:10:53","guid":{"rendered":"https:\/\/cortartec.net\/?page_id=4045"},"modified":"2020-09-29T00:48:37","modified_gmt":"2020-09-29T00:48:37","slug":"systemes-de-continuite-de-renforcement","status":"publish","type":"page","link":"https:\/\/cortartec.net\/es\/productos\/estructuras\/systemes-de-continuite-de-renforcement\/","title":{"rendered":"Sistemas de continuidad de refuerzo"},"content":{"rendered":"[vc_row][vc_column][mk_gallery images=\u00bb1654,1657,1658&#8243; image_size=\u00bbfull\u00bb hover_scenarios=\u00bbnone\u00bb][\/vc_column][\/vc_row][vc_row][vc_column][vc_tabs responsive=\u00bbfalse\u00bb container_bg_color=\u00bb\u00bb][vc_tab title=\u00bbDetalles\u00bb tab_id=\u00bb1566866031-1-40&#8243;][vc_column_text disable_pattern=\u00bbfalse\u00bb css=\u00bb.vc_custom_1597518925637{margin-bottom: 0px !important;}\u00bb]Las cajas est\u00e1n dise\u00f1adas para mantener la continuidad del refuerzo en las juntas de construcci\u00f3n en el cemento.<br \/>\nEl dise\u00f1o del encofrado se simplifica y no hay necesidad de perforar el encofrado. Cada unidad consta de una carcasa de acero galvanizado con hoyuelos para proporcionar una conexi\u00f3n efectiva de concreto.<br \/>\n4 barras predobladas se encuentran dentro de la caja y est\u00e1n protegidas por una cubierta protectora.<br \/>\nCuando se retira la cubierta, las barras se pueden enderezar, listas para aplicarse sobre el refuerzo principal.<\/p>\n<p><strong>Garant\u00eda de calidad<\/strong><br \/>\nCortartec Eazistrip cuenta con la aprobaci\u00f3n t\u00e9cnica de UK CARES, TA2-5017.<br \/>\nEl sistema se fabrica con la barra CARES aprobada. Ancon Building Products elige el tipo de refuerzo para proporcionar un grado adecuado de ductilidad, asegurando que cumpla con los requisitos de tensi\u00f3n de BS 4449: 2005 Grado B500C despu\u00e9s de la prefabricaci\u00f3n y el replegamiento en el sitio. Las barras est\u00e1n plegadas seg\u00fan BS 8666: 2005.<br \/>\nLos sistemas de continuidad de refuerzo Eazistrip son adecuados para su uso en proyectos realizados de acuerdo con BS EN 1992-1-1: 2004 (Euroc\u00f3digo 2) y BS 8110-1: 1997.<br \/>\nLas especificaciones del est\u00e1ndar Eazistrip est\u00e1n disponibles para su descarga en la literatura t\u00e9cnica. Se proporcionan dimensiones a escala continental y del Reino Unido.[\/vc_column_text][\/vc_tab][vc_tab title=\u00bbV\u00eddeo\u00bb tab_id=\u00bb1566866031-2-72&#8243;][vc_video max_width=\u00bb700&#8243; link=\u00bbhttps:\/\/www.youtube.com\/watch?v=qXc3iid_T7w\u00bb][\/vc_tab][vc_tab title=\u00bbDownload\u00bb tab_id=\u00bb1566866086439-2-10&#8243;][mk_button dimension=\u00bbflat\u00bb corner_style=\u00bbrounded\u00bb size=\u00bbmedium\u00bb url=\u00bbhttps:\/\/48bfe850-8fa9-41aa-a01f-515ad5db562b.filesusr.com\/ugd\/b0e443_6603cfeee11f4b779b72269510f4046a.pdf\u00bb align=\u00bbcenter\u00bb]DESCARGAR PDF[\/mk_button][\/vc_tab][vc_tab title=\u00bbCertificados\u00bb tab_id=\u00bb1566866087001-3-3&#8243;]<div role=\"form\" class=\"wpcf7\" id=\"wpcf7-f9190-o1\" lang=\"pt-PT\" dir=\"ltr\">\n<div class=\"screen-reader-response\"><p role=\"status\" aria-live=\"polite\" aria-atomic=\"true\"><\/p> <ul><\/ul><\/div>\n<form action=\"\/es\/wp-json\/wp\/v2\/pages\/4045#wpcf7-f9190-o1\" method=\"post\" class=\"wpcf7-form init\" novalidate=\"novalidate\" data-status=\"init\">\n<div style=\"display: none;\">\n<input type=\"hidden\" name=\"_wpcf7\" value=\"9190\" \/>\n<input type=\"hidden\" name=\"_wpcf7_version\" value=\"5.4.2\" \/>\n<input type=\"hidden\" name=\"_wpcf7_locale\" value=\"pt_PT\" \/>\n<input type=\"hidden\" name=\"_wpcf7_unit_tag\" value=\"wpcf7-f9190-o1\" \/>\n<input type=\"hidden\" name=\"_wpcf7_container_post\" value=\"0\" \/>\n<input type=\"hidden\" name=\"_wpcf7_posted_data_hash\" value=\"\" \/>\n<\/div>\n<p>Solicite la ficha t\u00e9cnica \/ certificados aqu\u00ed:<\/p>\n<p><span class=\"wpcf7-form-control-wrap nome\"><input type=\"text\" name=\"nome\" value=\"\" size=\"40\" class=\"wpcf7-form-control wpcf7-text wpcf7-validates-as-required\" aria-required=\"true\" aria-invalid=\"false\" placeholder=\"Nombre\" \/><\/span><\/p>\n<p><span class=\"wpcf7-form-control-wrap email\"><input type=\"email\" name=\"email\" value=\"\" size=\"40\" class=\"wpcf7-form-control wpcf7-text wpcf7-email wpcf7-validates-as-required wpcf7-validates-as-email\" aria-required=\"true\" aria-invalid=\"false\" placeholder=\"Email\" \/><\/span><\/p>\n<p><span class=\"wpcf7-form-control-wrap telefone\"><input type=\"tel\" name=\"telefone\" value=\"\" size=\"40\" class=\"wpcf7-form-control wpcf7-text wpcf7-tel wpcf7-validates-as-required wpcf7-validates-as-tel\" aria-required=\"true\" aria-invalid=\"false\" placeholder=\"Tel\u00e9fono\" \/><\/span><\/p>\n<p><span class=\"wpcf7-form-control-wrap empresa\"><input type=\"text\" name=\"empresa\" value=\"\" size=\"40\" class=\"wpcf7-form-control wpcf7-text\" aria-invalid=\"false\" placeholder=\"Empresa\" \/><\/span><\/p>\n<p><span class=\"wpcf7-form-control-wrap produto\"><input type=\"hidden\" name=\"produto\" value=\"Sistemas de continuidad de refuerzo\" size=\"40\" class=\"wpcf7-form-control wpcf7dtx-dynamictext wpcf7-dynamichidden\" aria-invalid=\"false\" \/><\/span><\/p>\n<p><span class=\"wpcf7-form-control-wrap rgpd\"><span class=\"wpcf7-form-control wpcf7-acceptance\"><span class=\"wpcf7-list-item\"><label><input type=\"checkbox\" name=\"rgpd\" value=\"1\" aria-invalid=\"false\" \/><span class=\"wpcf7-list-item-label\">Doy mi consentimiento para que Cortartec conserve mis datos contenidos en este formulario por tiempo indefinido hasta la finalizaci\u00f3n de esta solicitud de contacto.<\/span><\/label><\/span><\/span><\/span><\/p>\n<p><input type=\"submit\" value=\"Pedir\" class=\"wpcf7-form-control wpcf7-submit\" \/><\/p>\n<p style=\"display: none !important;\" class=\"akismet-fields-container\" data-prefix=\"_wpcf7_ak_\"><label>&#916;<textarea name=\"_wpcf7_ak_hp_textarea\" cols=\"45\" rows=\"8\" maxlength=\"100\"><\/textarea><\/label><input type=\"hidden\" id=\"ak_js_1\" name=\"_wpcf7_ak_js\" value=\"207\"\/><script>document.getElementById( \"ak_js_1\" ).setAttribute( \"value\", ( new Date() ).getTime() );<\/script><\/p><div class=\"wpcf7-response-output\" aria-hidden=\"true\"><\/div><\/form><\/div>[\/vc_tab][\/vc_tabs][\/vc_column][\/vc_row][vc_row][vc_column width=\u00bb1\/4&#8243;][mk_image src=\u00bbhttps:\/\/cortartec.net\/wp-content\/uploads\/2019\/11\/imagem19.jpg\u00bb image_width=\u00bb300&#8243; image_height=\u00bb225&#8243; align=\u00bbcenter\u00bb margin_bottom=\u00bb20&#8243;][mk_padding_divider size=\u00bb30&#8243; visibility=\u00bbvisible-sm\u00bb][\/vc_column][vc_column width=\u00bb3\/4&#8243;][vc_column_text css=\u00bb.vc_custom_1597518952631{margin-bottom: 0px !important;}\u00bb]<strong>Parada de agua Eazistrip<\/strong><\/p>\n<p>Cuando la posibilidad de que el agua ingrese a trav\u00e9s de la junta de construcci\u00f3n es una preocupaci\u00f3n importante, Eazistrip se puede suministrar con un sello hidrost\u00e1tico Pentaflex que brinda protecci\u00f3n contra la penetraci\u00f3n de humedad a lo largo de la superficie de la junta.Las barras deben enderezarse solo una vez, utilizando una herramienta de doblado Eazistrip.[\/vc_column_text][\/vc_column][\/vc_row][vc_row][vc_column width=\u00bb1\/4&#8243;][mk_image src=\u00bbhttps:\/\/cortartec.net\/wp-content\/uploads\/2019\/11\/transferir-3.jpg\u00bb image_width=\u00bb300&#8243; image_height=\u00bb225&#8243; align=\u00bbcenter\u00bb margin_bottom=\u00bb20&#8243;][mk_padding_divider size=\u00bb30&#8243; visibility=\u00bbvisible-sm\u00bb][\/vc_column][vc_column width=\u00bb3\/4&#8243;][vc_column_text css=\u00bb.vc_custom_1597518976389{margin-bottom: 0px !important;}\u00bb]<strong>Ancrages KSN<\/strong><\/p>\n<p>Les ancrages filet\u00e9s int\u00e9rieurement sont simplement coll\u00e9s au mur et, lors de la construction de la dalle attenante, acceptent des barres de continuit\u00e9 pr\u00e9par\u00e9es avec un filetage parall\u00e8le Bartec.<br \/>\nIl s&#8217;agit d&#8217;un syst\u00e8me de continuit\u00e9 plus rapide, plus simple et plus s\u00fbr. \u00c9limine le coffrage ou la perforation du b\u00e9ton et les dangers associ\u00e9s \u00e0 la projection de barres et au redressage de barres sur site. Il remplace les barres et les \u00e9triers accroch\u00e9s, simplifiant la planification des barres et minimisant la congestion sur le mur.<br \/>\nContrairement aux syst\u00e8mes de barres coulissantes, il n&#8217;y a pratiquement aucune restriction sur la longueur de la barre de prolongation, de sorte que les longueurs de tour EC2 peuvent \u00eatre adapt\u00e9es, et elles sont disponibles dans un plus large choix de diam\u00e8tres de barre.<br \/>\nDes tests ind\u00e9pendants ont v\u00e9rifi\u00e9 l&#8217;am\u00e9lioration des performances de l&#8217;ancrage dans les connexions r\u00e9sistantes au moment. Cet accessoire est sp\u00e9cifique \u00e0 la gamme Ancon KSN.<\/p>\n<p>Les ancres incorporent un fil m\u00e9trique Bartec standard. Il existe huit ancrages standard dans la gamme KSN.<\/p>\n<p>Barres de prolongation Bartec &#8211; Les ancres Anc KSN sont con\u00e7ues pour \u00eatre utilis\u00e9es avec des barres de renforcement B500B ou B500C de 12 mm, 16 mm et 20 mm de diam\u00e8tre, filet\u00e9es avec une ligne m\u00e9trique Bartec, fournies par Ancon. Il n&#8217;est pas n\u00e9cessaire de redresser la barre sur place.[\/vc_column_text][mk_padding_divider size=\u00bb30&#8243; visibility=\u00bbvisible-sm\u00bb][\/vc_column][\/vc_row][vc_row][vc_column width=\u00bb1\/4&#8243;][mk_image src=\u00bbhttps:\/\/cortartec.net\/wp-content\/uploads\/2019\/11\/ksn-timber__1.jpg\u00bb image_size=\u00bbfull\u00bb align=\u00bbcenter\u00bb margin_bottom=\u00bb20&#8243;][mk_padding_divider size=\u00bb30&#8243; visibility=\u00bbvisible-sm\u00bb][mk_image src=\u00bbhttps:\/\/cortartec.net\/wp-content\/uploads\/2019\/11\/12417_new-award-winning-ancon-ksn-reinforcement-continuity-system.jpg\u00bb image_width=\u00bb300&#8243; image_height=\u00bb225&#8243; align=\u00bbcenter\u00bb margin_bottom=\u00bb20&#8243;][\/vc_column][vc_column width=\u00bb3\/4&#8243;][vc_column_text css=\u00bb.vc_custom_1597518996085{margin-bottom: 0px !important;}\u00bb]Le syst\u00e8me KSN comprend des ancrages filet\u00e9s \u00e0 l&#8217;int\u00e9rieur qui sont moul\u00e9s dans le mur et, pendant la construction de la dalle adjacente, acceptent des barres de continuit\u00e9 pr\u00e9par\u00e9es avec une ligne Bartec parall\u00e8le. Il s&#8217;agit d&#8217;un syst\u00e8me plus rapide et, surtout, plus s\u00fbr que les syst\u00e8mes de continuit\u00e9 de pliage traditionnels. Il n&#8217;y a pas de redressement de barre en place et pratiquement aucune restriction de longueur de barre, de sorte que les longueurs de virage d&#8217;EC2 sont facilement adapt\u00e9es. Un support en bois standard permet d&#8217;installer plusieurs ancrages simultan\u00e9ment. Contrairement aux syst\u00e8mes de repliage o\u00f9 la longueur, l&#8217;espacement et le diam\u00e8tre de la barre sont limit\u00e9s par les dimensions physiques de la bo\u00eete, les ancrages KSN offrent une flexibilit\u00e9 de conception compl\u00e8te.<\/p>\n<p>Le syst\u00e8me KSN, qui comprend \u00e0 la fois l&#8217;ancrage et la barre de prolongation, porte l&#8217;agr\u00e9ment technique UK CARES TA1-B, fournissant \u00e0 ceux qui le sp\u00e9cifient et l&#8217;installent de le faire en toute confiance. Les ancrages KSN ont \u00e9t\u00e9 soumis \u00e0 un programme d&#8217;essais complet, qui comprenait l&#8217;\u00e9valuation des performances des joints de construction sous charge et un audit complet des installations de production.[\/vc_column_text][\/vc_column][\/vc_row][vc_row][vc_column][mk_fancy_title color=\u00bb#999999&#8243; size=\u00bb40&#8243; font_weight=\u00bb200&#8243; txt_transform=\u00bbuppercase\u00bb margin_bottom=\u00bb5&#8243; font_family=\u00bbnone\u00bb align=\u00bbcenter\u00bb]PRODUITS <strong>SIMILAIRES<\/strong>[\/mk_fancy_title][mk_divider style=\u00bbthin_solid\u00bb divider_width=\u00bbcustom_width\u00bb custom_width=\u00bb80&#8243; thin_single_color=\u00bb#fe6600&#8243; thickness=\u00bb4&#8243; margin_top=\u00bb0&#8243; margin_bottom=\u00bb40&#8243;][\/vc_column][\/vc_row][vc_row css=\u00bb.vc_custom_1597519006073{margin-top: 50px !important;margin-bottom: 50px !important;}\u00bb][vc_column width=\u00bb1\/4&#8243;][mk_image src=\u00bbhttps:\/\/cortartec.net\/wp-content\/uploads\/2020\/03\/imagem20.jpg\u00bb image_width=\u00bb300&#8243; image_height=\u00bb225&#8243; link=\u00bbhttps:\/\/cortartec.net\/es\/productos\/estructuras\/conectores-de-balcon-aislados\/\u00bb align=\u00bbcenter\u00bb margin_bottom=\u00bb20&#8243;][mk_fancy_title color=\u00bb#fe6600&#8243; size=\u00bb25&#8243; font_weight=\u00bbbold\u00bb txt_transform=\u00bbuppercase\u00bb margin_bottom=\u00bb0&#8243; font_family=\u00bbnone\u00bb]Connecteurs de balcon isol\u00e9s[\/mk_fancy_title][mk_padding_divider size=\u00bb30&#8243; visibility=\u00bbvisible-sm\u00bb][\/vc_column][vc_column width=\u00bb1\/4&#8243;][mk_image src=\u00bbhttps:\/\/cortartec.net\/wp-content\/uploads\/2020\/03\/imagem1-4.jpg\u00bb image_width=\u00bb300&#8243; image_height=\u00bb225&#8243; link=\u00bbhttps:\/\/cortartec.net\/es\/productos\/estructuras\/refuerzo-de-corte-por-punzonado\/\u00bb align=\u00bbcenter\u00bb margin_bottom=\u00bb20&#8243;][mk_fancy_title color=\u00bb#fe6600&#8243; size=\u00bb25&#8243; font_weight=\u00bbbold\u00bb txt_transform=\u00bbuppercase\u00bb margin_bottom=\u00bb0&#8243; font_family=\u00bbnone\u00bb]Armature de cisaillement de poin\u00e7onnage[\/mk_fancy_title][mk_padding_divider size=\u00bb30&#8243; visibility=\u00bbvisible-sm\u00bb][\/vc_column][vc_column width=\u00bb1\/4&#8243;][mk_image src=\u00bbhttps:\/\/cortartec.net\/wp-content\/uploads\/2020\/03\/imagem64.jpg\u00bb image_width=\u00bb300&#8243; image_height=\u00bb225&#8243; link=\u00bbhttps:\/\/cortartec.net\/es\/productos\/estructuras\/sistema-de-tension-compresion\/\u00bb align=\u00bbcenter\u00bb margin_bottom=\u00bb20&#8243;][mk_fancy_title color=\u00bb#fe6600&#8243; size=\u00bb25&#8243; font_weight=\u00bbbold\u00bb txt_transform=\u00bbuppercase\u00bb margin_bottom=\u00bb0&#8243; font_family=\u00bbnone\u00bb]Syst\u00e8mes de tension et de compression[\/mk_fancy_title][mk_padding_divider size=\u00bb30&#8243; visibility=\u00bbvisible-sm\u00bb][\/vc_column][vc_column width=\u00bb1\/4&#8243;][mk_image src=\u00bbhttps:\/\/cortartec.net\/wp-content\/uploads\/2020\/03\/transferir.jpg\u00bb image_width=\u00bb300&#8243; image_height=\u00bb225&#8243; link=\u00bbhttps:\/\/cortartec.net\/es\/productos\/estructuras\/acopladores-de-barra-de-refuerzo\/\u00bb align=\u00bbcenter\u00bb margin_bottom=\u00bb20&#8243;][mk_fancy_title color=\u00bb#fe6600&#8243; size=\u00bb25&#8243; font_weight=\u00bbbold\u00bb txt_transform=\u00bbuppercase\u00bb margin_bottom=\u00bb0&#8243; font_family=\u00bbnone\u00bb]Coupleurs de barre de renforcement[\/mk_fancy_title][\/vc_column][\/vc_row][vc_row fullwidth=\u00bbtrue\u00bb fullwidth_content=\u00bbfalse\u00bb css=\u00bb.vc_custom_1559230917353{background-color: #fe6600 !important;}\u00bb][vc_column][vc_row_inner][vc_column_inner width=\u00bb2\/3&#8243;][mk_padding_divider size=\u00bb10&#8243;][mk_fancy_title tag_name=\u00bbh5&#8243; color=\u00bb#ffffff\u00bb size=\u00bb26&#8243; font_weight=\u00bb400&#8243; txt_transform=\u00bbnone\u00bb font_family=\u00bbOpen+Sans\u00bb font_type=\u00bbgoogle\u00bb]Questions? Nous sommes l\u00e0 pour vous aider![\/mk_fancy_title][\/vc_column_inner][vc_column_inner width=\u00bb1\/3&#8243;][mk_button dimension=\u00bbflat\u00bb corner_style=\u00bbrounded\u00bb size=\u00bblarge\u00bb url=\u00bbhttps:\/\/cortartec.net\/es\/contactos\/\u00bb align=\u00bbright\u00bb margin_right=\u00bb0&#8243; el_class=\u00bbmrightButton\u00bb bg_color=\u00bb#f0f0f0&#8243; btn_hover_bg=\u00bb#ffffff\u00bb text_color=\u00bbdark\u00bb btn_hover_txt_color=\u00bb#fe6600&#8243;]CONTACTEZ NOUS[\/mk_button][\/vc_column_inner][\/vc_row_inner][\/vc_column][\/vc_row]\n","protected":false},"excerpt":{"rendered":"<p>[vc_row][vc_column][mk_gallery images=\u00bb1654,1657,1658&#8243; image_size=\u00bbfull\u00bb hover_scenarios=\u00bbnone\u00bb][\/vc_column][\/vc_row][vc_row][vc_column][vc_tabs responsive=\u00bbfalse\u00bb container_bg_color=\u00bb\u00bb][vc_tab title=\u00bbDetalles\u00bb tab_id=\u00bb1566866031-1-40&#8243;][vc_column_text disable_pattern=\u00bbfalse\u00bb css=\u00bb.vc_custom_1597518925637{margin-bottom: 0px !important;}\u00bb]Las cajas est\u00e1n dise\u00f1adas para mantener la continuidad del refuerzo en las juntas de construcci\u00f3n en el cemento. El dise\u00f1o del encofrado se simplifica y no hay necesidad de perforar el encofrado. Cada unidad consta de una carcasa de acero galvanizado con hoyuelos para [&hellip;]<\/p>\n","protected":false},"author":6,"featured_media":0,"parent":2721,"menu_order":0,"comment_status":"closed","ping_status":"closed","template":"","meta":[],"yoast_head":"<!-- This site is optimized with the Yoast SEO plugin v19.4 - https:\/\/yoast.com\/wordpress\/plugins\/seo\/ -->\n<title>Sistemas de continuidad de refuerzo - Cortartec<\/title>\n<meta name=\"robots\" content=\"index, follow, max-snippet:-1, max-image-preview:large, max-video-preview:-1\" \/>\n<link rel=\"canonical\" href=\"https:\/\/cortartec.net\/es\/productos\/estructuras\/systemes-de-continuite-de-renforcement\/\" \/>\n<meta property=\"og:locale\" content=\"es_ES\" \/>\n<meta property=\"og:type\" content=\"article\" \/>\n<meta property=\"og:title\" content=\"Sistemas de continuidad de refuerzo - Cortartec\" \/>\n<meta property=\"og:description\" content=\"[vc_row][vc_column][mk_gallery images=\u00bb1654,1657,1658&#8243; image_size=\u00bbfull\u00bb hover_scenarios=\u00bbnone\u00bb][\/vc_column][\/vc_row][vc_row][vc_column][vc_tabs responsive=\u00bbfalse\u00bb container_bg_color=\u00bb\u00bb][vc_tab title=\u00bbDetalles\u00bb tab_id=\u00bb1566866031-1-40&#8243;][vc_column_text disable_pattern=\u00bbfalse\u00bb css=\u00bb.vc_custom_1597518925637{margin-bottom: 0px !important;}\u00bb]Las cajas est\u00e1n dise\u00f1adas para mantener la continuidad del refuerzo en las juntas de construcci\u00f3n en el cemento. El dise\u00f1o del encofrado se simplifica y no hay necesidad de perforar el encofrado. Cada unidad consta de una carcasa de acero galvanizado con hoyuelos para [&hellip;]\" \/>\n<meta property=\"og:url\" content=\"https:\/\/cortartec.net\/es\/productos\/estructuras\/systemes-de-continuite-de-renforcement\/\" \/>\n<meta property=\"og:site_name\" content=\"Cortartec\" \/>\n<meta property=\"article:publisher\" content=\"https:\/\/facebook.com\/cortartec\" \/>\n<meta property=\"article:modified_time\" content=\"2020-09-29T00:48:37+00:00\" \/>\n<meta name=\"twitter:card\" content=\"summary_large_image\" \/>\n<meta name=\"twitter:site\" content=\"@cortartec\" \/>\n<meta name=\"twitter:label1\" content=\"Tiempo de lectura\" \/>\n\t<meta name=\"twitter:data1\" content=\"7 minutos\" \/>\n<script type=\"application\/ld+json\" class=\"yoast-schema-graph\">{\"@context\":\"https:\/\/schema.org\",\"@graph\":[{\"@type\":\"Organization\",\"@id\":\"https:\/\/cortartec.net\/fr\/#organization\",\"name\":\"Cortartec\",\"url\":\"https:\/\/cortartec.net\/fr\/\",\"sameAs\":[\"https:\/\/instagram.com\/cortartec\",\"https:\/\/za.linkedin.com\/company\/cortartec?trk=recent-update_see-all\",\"https:\/\/pinterest.com\/cortartec\",\"https:\/\/youtube.com\/user\/cortartec\",\"https:\/\/facebook.com\/cortartec\",\"https:\/\/twitter.com\/cortartec\"],\"logo\":{\"@type\":\"ImageObject\",\"inLanguage\":\"es\",\"@id\":\"https:\/\/cortartec.net\/fr\/#\/schema\/logo\/image\/\",\"url\":\"https:\/\/cortartec.net\/wp-content\/uploads\/2019\/08\/logo.png\",\"contentUrl\":\"https:\/\/cortartec.net\/wp-content\/uploads\/2019\/08\/logo.png\",\"width\":400,\"height\":100,\"caption\":\"Cortartec\"},\"image\":{\"@id\":\"https:\/\/cortartec.net\/fr\/#\/schema\/logo\/image\/\"}},{\"@type\":\"WebSite\",\"@id\":\"https:\/\/cortartec.net\/fr\/#website\",\"url\":\"https:\/\/cortartec.net\/fr\/\",\"name\":\"Cortartec\",\"description\":\"\",\"publisher\":{\"@id\":\"https:\/\/cortartec.net\/fr\/#organization\"},\"potentialAction\":[{\"@type\":\"SearchAction\",\"target\":{\"@type\":\"EntryPoint\",\"urlTemplate\":\"https:\/\/cortartec.net\/fr\/?s={search_term_string}\"},\"query-input\":\"required name=search_term_string\"}],\"inLanguage\":\"es\"},{\"@type\":\"WebPage\",\"@id\":\"https:\/\/cortartec.net\/es\/productos\/estructuras\/systemes-de-continuite-de-renforcement\/\",\"url\":\"https:\/\/cortartec.net\/es\/productos\/estructuras\/systemes-de-continuite-de-renforcement\/\",\"name\":\"Sistemas de continuidad de refuerzo - Cortartec\",\"isPartOf\":{\"@id\":\"https:\/\/cortartec.net\/fr\/#website\"},\"datePublished\":\"2020-03-09T10:10:53+00:00\",\"dateModified\":\"2020-09-29T00:48:37+00:00\",\"breadcrumb\":{\"@id\":\"https:\/\/cortartec.net\/es\/productos\/estructuras\/systemes-de-continuite-de-renforcement\/#breadcrumb\"},\"inLanguage\":\"es\",\"potentialAction\":[{\"@type\":\"ReadAction\",\"target\":[\"https:\/\/cortartec.net\/es\/productos\/estructuras\/systemes-de-continuite-de-renforcement\/\"]}]},{\"@type\":\"BreadcrumbList\",\"@id\":\"https:\/\/cortartec.net\/es\/productos\/estructuras\/systemes-de-continuite-de-renforcement\/#breadcrumb\",\"itemListElement\":[{\"@type\":\"ListItem\",\"position\":1,\"name\":\"In\u00edcio\",\"item\":\"https:\/\/cortartec.net\/es\/\"},{\"@type\":\"ListItem\",\"position\":2,\"name\":\"Productos\",\"item\":\"https:\/\/cortartec.net\/es\/productos\/\"},{\"@type\":\"ListItem\",\"position\":3,\"name\":\"Estructuras\",\"item\":\"https:\/\/cortartec.net\/es\/productos\/estructuras\/\"},{\"@type\":\"ListItem\",\"position\":4,\"name\":\"Sistemas de continuidad de refuerzo\"}]}]}<\/script>\n<!-- \/ Yoast SEO plugin. -->","yoast_head_json":{"title":"Sistemas de continuidad de refuerzo - Cortartec","robots":{"index":"index","follow":"follow","max-snippet":"max-snippet:-1","max-image-preview":"max-image-preview:large","max-video-preview":"max-video-preview:-1"},"canonical":"https:\/\/cortartec.net\/es\/productos\/estructuras\/systemes-de-continuite-de-renforcement\/","og_locale":"es_ES","og_type":"article","og_title":"Sistemas de continuidad de refuerzo - Cortartec","og_description":"[vc_row][vc_column][mk_gallery images=\u00bb1654,1657,1658&#8243; image_size=\u00bbfull\u00bb hover_scenarios=\u00bbnone\u00bb][\/vc_column][\/vc_row][vc_row][vc_column][vc_tabs responsive=\u00bbfalse\u00bb container_bg_color=\u00bb\u00bb][vc_tab title=\u00bbDetalles\u00bb tab_id=\u00bb1566866031-1-40&#8243;][vc_column_text disable_pattern=\u00bbfalse\u00bb css=\u00bb.vc_custom_1597518925637{margin-bottom: 0px !important;}\u00bb]Las cajas est\u00e1n dise\u00f1adas para mantener la continuidad del refuerzo en las juntas de construcci\u00f3n en el cemento. El dise\u00f1o del encofrado se simplifica y no hay necesidad de perforar el encofrado. Cada unidad consta de una carcasa de acero galvanizado con hoyuelos para [&hellip;]","og_url":"https:\/\/cortartec.net\/es\/productos\/estructuras\/systemes-de-continuite-de-renforcement\/","og_site_name":"Cortartec","article_publisher":"https:\/\/facebook.com\/cortartec","article_modified_time":"2020-09-29T00:48:37+00:00","twitter_card":"summary_large_image","twitter_site":"@cortartec","twitter_misc":{"Tiempo de lectura":"7 minutos"},"schema":{"@context":"https:\/\/schema.org","@graph":[{"@type":"Organization","@id":"https:\/\/cortartec.net\/fr\/#organization","name":"Cortartec","url":"https:\/\/cortartec.net\/fr\/","sameAs":["https:\/\/instagram.com\/cortartec","https:\/\/za.linkedin.com\/company\/cortartec?trk=recent-update_see-all","https:\/\/pinterest.com\/cortartec","https:\/\/youtube.com\/user\/cortartec","https:\/\/facebook.com\/cortartec","https:\/\/twitter.com\/cortartec"],"logo":{"@type":"ImageObject","inLanguage":"es","@id":"https:\/\/cortartec.net\/fr\/#\/schema\/logo\/image\/","url":"https:\/\/cortartec.net\/wp-content\/uploads\/2019\/08\/logo.png","contentUrl":"https:\/\/cortartec.net\/wp-content\/uploads\/2019\/08\/logo.png","width":400,"height":100,"caption":"Cortartec"},"image":{"@id":"https:\/\/cortartec.net\/fr\/#\/schema\/logo\/image\/"}},{"@type":"WebSite","@id":"https:\/\/cortartec.net\/fr\/#website","url":"https:\/\/cortartec.net\/fr\/","name":"Cortartec","description":"","publisher":{"@id":"https:\/\/cortartec.net\/fr\/#organization"},"potentialAction":[{"@type":"SearchAction","target":{"@type":"EntryPoint","urlTemplate":"https:\/\/cortartec.net\/fr\/?s={search_term_string}"},"query-input":"required name=search_term_string"}],"inLanguage":"es"},{"@type":"WebPage","@id":"https:\/\/cortartec.net\/es\/productos\/estructuras\/systemes-de-continuite-de-renforcement\/","url":"https:\/\/cortartec.net\/es\/productos\/estructuras\/systemes-de-continuite-de-renforcement\/","name":"Sistemas de continuidad de refuerzo - Cortartec","isPartOf":{"@id":"https:\/\/cortartec.net\/fr\/#website"},"datePublished":"2020-03-09T10:10:53+00:00","dateModified":"2020-09-29T00:48:37+00:00","breadcrumb":{"@id":"https:\/\/cortartec.net\/es\/productos\/estructuras\/systemes-de-continuite-de-renforcement\/#breadcrumb"},"inLanguage":"es","potentialAction":[{"@type":"ReadAction","target":["https:\/\/cortartec.net\/es\/productos\/estructuras\/systemes-de-continuite-de-renforcement\/"]}]},{"@type":"BreadcrumbList","@id":"https:\/\/cortartec.net\/es\/productos\/estructuras\/systemes-de-continuite-de-renforcement\/#breadcrumb","itemListElement":[{"@type":"ListItem","position":1,"name":"In\u00edcio","item":"https:\/\/cortartec.net\/es\/"},{"@type":"ListItem","position":2,"name":"Productos","item":"https:\/\/cortartec.net\/es\/productos\/"},{"@type":"ListItem","position":3,"name":"Estructuras","item":"https:\/\/cortartec.net\/es\/productos\/estructuras\/"},{"@type":"ListItem","position":4,"name":"Sistemas de continuidad de refuerzo"}]}]}},"_links":{"self":[{"href":"https:\/\/cortartec.net\/es\/wp-json\/wp\/v2\/pages\/4045"}],"collection":[{"href":"https:\/\/cortartec.net\/es\/wp-json\/wp\/v2\/pages"}],"about":[{"href":"https:\/\/cortartec.net\/es\/wp-json\/wp\/v2\/types\/page"}],"author":[{"embeddable":true,"href":"https:\/\/cortartec.net\/es\/wp-json\/wp\/v2\/users\/6"}],"replies":[{"embeddable":true,"href":"https:\/\/cortartec.net\/es\/wp-json\/wp\/v2\/comments?post=4045"}],"version-history":[{"count":1,"href":"https:\/\/cortartec.net\/es\/wp-json\/wp\/v2\/pages\/4045\/revisions"}],"predecessor-version":[{"id":9624,"href":"https:\/\/cortartec.net\/es\/wp-json\/wp\/v2\/pages\/4045\/revisions\/9624"}],"up":[{"embeddable":true,"href":"https:\/\/cortartec.net\/es\/wp-json\/wp\/v2\/pages\/2721"}],"wp:attachment":[{"href":"https:\/\/cortartec.net\/es\/wp-json\/wp\/v2\/media?parent=4045"}],"curies":[{"name":"wp","href":"https:\/\/api.w.org\/{rel}","templated":true}]}}