{"id":4261,"date":"2020-03-12T15:07:38","date_gmt":"2020-03-12T15:07:38","guid":{"rendered":"https:\/\/cortartec.net\/?page_id=4261"},"modified":"2020-09-25T16:29:54","modified_gmt":"2020-09-25T16:29:54","slug":"fachadas-en-ladrillo-a-la-vista","status":"publish","type":"page","link":"https:\/\/cortartec.net\/es\/productos\/fachadas\/fachadas-en-ladrillo-a-la-vista\/","title":{"rendered":"Fachadas en ladrillo a la vista"},"content":{"rendered":"[vc_row][vc_column][mk_gallery images=\u00bb2195,2196,2197&#8243; image_size=\u00bbfull\u00bb hover_scenarios=\u00bbnone\u00bb][\/vc_column][\/vc_row][vc_row][vc_column][vc_tabs responsive=\u00bbfalse\u00bb container_bg_color=\u00bb\u00bb][vc_tab title=\u00bbDetalles\u00bb tab_id=\u00bb1566866031-1-40&#8243;][vc_column_text disable_pattern=\u00bbfalse\u00bb css=\u00bb.vc_custom_1597921970918{margin-bottom: 0px !important;}\u00bb]<strong>Soporte de mamposter\u00eda \/ soporte de ladrillo<\/strong><\/p>\n<p>El revestimiento de ladrillos, bloques o piedras en estructuras de acero u hormig\u00f3n generalmente est\u00e1 soportado por sistemas de soporte de mamposter\u00eda de acero inoxidable.<br \/>\nEs necesario tener en cuenta el tipo de estructura, el movimiento diferencial, el tipo de recubrimiento, la carga de mamposter\u00eda y el ancho de la cavidad al seleccionar la soluci\u00f3n de fijaci\u00f3n m\u00e1s adecuada.<\/p>\n<p><strong>Marcado CE<\/strong><br \/>\nLos productos de construcci\u00f3n que caen dentro del alcance de una norma europea armonizada ahora deben llevar el marcado CE bajo el Reglamento de Productos de Construcci\u00f3n.<br \/>\nPara los sistemas de soporte de mamposter\u00eda, el est\u00e1ndar armonizado es BS EN 1090-1 Ejecuci\u00f3n de estructuras de acero y estructuras de aluminio: Requisitos para la evaluaci\u00f3n de la conformidad de los componentes estructurales. Nuestro sistema cumple con todos los requisitos de marcado CE de esta Norma, incluidos los dise\u00f1os de acuerdo con EN 1993 (Euroc\u00f3digo 3) y la certificaci\u00f3n externa de nuestros controles de producci\u00f3n en f\u00e1brica por un organismo aprobado.<br \/>\nEl tama\u00f1o m\u00e1ximo de un panel de mamposter\u00eda debe restringirse para limitar los efectos del movimiento diferencial. Esto es particularmente importante si la mamposter\u00eda de arcilla se usa con bloques de concreto y una estructura de concreto. Para permitir un movimiento vertical de aproximadamente 1 mm por metro, en edificios con m\u00e1s de cuatro pisos o 12 metros de altura, las juntas de movimiento generalmente se colocan en cada piso o en cada segundo piso.[\/vc_column_text][\/vc_tab][vc_tab title=\u00bbV\u00eddeo\u00bb tab_id=\u00bb1566866031-2-72&#8243;][vc_video max_width=\u00bb700&#8243; link=\u00bbhttps:\/\/www.youtube.com\/watch?v=VBvhA_F6n64&#8243;][\/vc_tab][vc_tab title=\u00bbDownload\u00bb tab_id=\u00bb1566866086439-2-10&#8243;][mk_button dimension=\u00bbflat\u00bb corner_style=\u00bbrounded\u00bb size=\u00bbmedium\u00bb url=\u00bbhttps:\/\/48bfe850-8fa9-41aa-a01f-515ad5db562b.filesusr.com\/ugd\/b0e443_70acd269468248be85b0ddfd2f23aef7.pdf\u00bb align=\u00bbcenter\u00bb]DESCARGAR PDF[\/mk_button][\/vc_tab][vc_tab title=\u00bbCertificados\u00bb tab_id=\u00bb1566866087001-3-3&#8243;]<div role=\"form\" class=\"wpcf7\" id=\"wpcf7-f9190-o1\" lang=\"pt-PT\" dir=\"ltr\">\n<div class=\"screen-reader-response\"><p role=\"status\" aria-live=\"polite\" aria-atomic=\"true\"><\/p> <ul><\/ul><\/div>\n<form action=\"\/es\/wp-json\/wp\/v2\/pages\/4261#wpcf7-f9190-o1\" method=\"post\" class=\"wpcf7-form init\" novalidate=\"novalidate\" data-status=\"init\">\n<div style=\"display: none;\">\n<input type=\"hidden\" name=\"_wpcf7\" value=\"9190\" \/>\n<input type=\"hidden\" name=\"_wpcf7_version\" value=\"5.4.2\" \/>\n<input type=\"hidden\" name=\"_wpcf7_locale\" value=\"pt_PT\" \/>\n<input type=\"hidden\" name=\"_wpcf7_unit_tag\" value=\"wpcf7-f9190-o1\" \/>\n<input type=\"hidden\" name=\"_wpcf7_container_post\" value=\"0\" \/>\n<input type=\"hidden\" name=\"_wpcf7_posted_data_hash\" value=\"\" \/>\n<\/div>\n<p>Solicite la ficha t\u00e9cnica \/ certificados aqu\u00ed:<\/p>\n<p><span class=\"wpcf7-form-control-wrap nome\"><input type=\"text\" name=\"nome\" value=\"\" size=\"40\" class=\"wpcf7-form-control wpcf7-text wpcf7-validates-as-required\" aria-required=\"true\" aria-invalid=\"false\" placeholder=\"Nombre\" \/><\/span><\/p>\n<p><span class=\"wpcf7-form-control-wrap email\"><input type=\"email\" name=\"email\" value=\"\" size=\"40\" class=\"wpcf7-form-control wpcf7-text wpcf7-email wpcf7-validates-as-required wpcf7-validates-as-email\" aria-required=\"true\" aria-invalid=\"false\" placeholder=\"Email\" \/><\/span><\/p>\n<p><span class=\"wpcf7-form-control-wrap telefone\"><input type=\"tel\" name=\"telefone\" value=\"\" size=\"40\" class=\"wpcf7-form-control wpcf7-text wpcf7-tel wpcf7-validates-as-required wpcf7-validates-as-tel\" aria-required=\"true\" aria-invalid=\"false\" placeholder=\"Tel\u00e9fono\" \/><\/span><\/p>\n<p><span class=\"wpcf7-form-control-wrap empresa\"><input type=\"text\" name=\"empresa\" value=\"\" size=\"40\" class=\"wpcf7-form-control wpcf7-text\" aria-invalid=\"false\" placeholder=\"Empresa\" \/><\/span><\/p>\n<p><span class=\"wpcf7-form-control-wrap produto\"><input type=\"hidden\" name=\"produto\" value=\"Fachadas en ladrillo a la vista\" size=\"40\" class=\"wpcf7-form-control wpcf7dtx-dynamictext wpcf7-dynamichidden\" aria-invalid=\"false\" \/><\/span><\/p>\n<p><span class=\"wpcf7-form-control-wrap rgpd\"><span class=\"wpcf7-form-control wpcf7-acceptance\"><span class=\"wpcf7-list-item\"><label><input type=\"checkbox\" name=\"rgpd\" value=\"1\" aria-invalid=\"false\" \/><span class=\"wpcf7-list-item-label\">Doy mi consentimiento para que Cortartec conserve mis datos contenidos en este formulario por tiempo indefinido hasta la finalizaci\u00f3n de esta solicitud de contacto.<\/span><\/label><\/span><\/span><\/span><\/p>\n<p><input type=\"submit\" value=\"Pedir\" class=\"wpcf7-form-control wpcf7-submit\" \/><\/p>\n<p style=\"display: none !important;\" class=\"akismet-fields-container\" data-prefix=\"_wpcf7_ak_\"><label>&#916;<textarea name=\"_wpcf7_ak_hp_textarea\" cols=\"45\" rows=\"8\" maxlength=\"100\"><\/textarea><\/label><input type=\"hidden\" id=\"ak_js_1\" name=\"_wpcf7_ak_js\" value=\"138\"\/><script>document.getElementById( \"ak_js_1\" ).setAttribute( \"value\", ( new Date() ).getTime() );<\/script><\/p><div class=\"wpcf7-response-output\" aria-hidden=\"true\"><\/div><\/form><\/div>[\/vc_tab][\/vc_tabs][\/vc_column][\/vc_row][vc_row][vc_column width=\u00bb1\/4&#8243;][mk_image src=\u00bbhttps:\/\/cortartec.net\/wp-content\/uploads\/2019\/12\/w800_ancon_mdc_with_nexus_brick_faced_soldier_bond_soffit_with_bba_logo-fed1d8.jpg\u00bb image_width=\u00bb300&#8243; image_height=\u00bb225&#8243; align=\u00bbcenter\u00bb margin_bottom=\u00bb20&#8243;][mk_padding_divider size=\u00bb30&#8243; visibility=\u00bbvisible-sm\u00bb][\/vc_column][vc_column width=\u00bb3\/4&#8243;][vc_column_text css=\u00bb.vc_custom_1597519770178{margin-bottom: 0px !important;}\u00bb]<strong>Sistema de mamposter\u00eda suspendida Nexus\u00ae<\/strong><br \/>\nCrear revelaciones y plafones con una cara de ladrillo es mucho m\u00e1s simple y r\u00e1pido con el sistema de mamposter\u00eda suspendida Nexus\u00ae.<br \/>\nEl sistema Nexus\u00ae combina una unidad de acero revestida de ladrillo ligero Ibstock-Kevington especialmente desarrollada con el probado sistema de soporte angular de acero inoxidable MDC de Ancon. El sistema ofrece a los contratistas un manejo m\u00e1s f\u00e1cil, junto con un ajuste m\u00e1ximo, tanto vertical como horizontalmente.[\/vc_column_text][mk_padding_divider size=\u00bb80&#8243;][\/vc_column][\/vc_row][vc_row css=\u00bb.vc_custom_1597519779549{margin-top: 50px !important;}\u00bb][vc_column width=\u00bb1\/4&#8243;][mk_image src=\u00bbhttps:\/\/cortartec.net\/wp-content\/uploads\/2019\/12\/w800_nexus_140x215_stretcher_bond_lintel_with_bba_logo-7a1e3a.jpg\u00bb image_width=\u00bb300&#8243; image_height=\u00bb225&#8243; align=\u00bbcenter\u00bb margin_bottom=\u00bb20&#8243;][mk_padding_divider size=\u00bb30&#8243; visibility=\u00bbvisible-sm\u00bb][\/vc_column][vc_column width=\u00bb3\/4&#8243;][vc_column_text css=\u00bb.vc_custom_1597519799609{margin-bottom: 0px !important;}\u00bb]<strong>Dinteles recubiertos con ladrillos Nexus\u00ae<\/strong><br \/>\nLos dinteles revestidos de ladrillo est\u00e1n dise\u00f1ados para transportar una sola hoja desde una pared de la cavidad.<br \/>\nPrefabricados en acero inoxidable para ofrecer la m\u00e1xima protecci\u00f3n contra la corrosi\u00f3n, ofrecen una forma r\u00e1pida y sencilla de crear sofitos profundos sobre las aberturas de ventanas y puertas. Son ideales donde la velocidad es importante: los revestimientos deslizantes de ladrillo adheridos permanentemente, aplicados fuera del sitio, se fabrican a partir del mismo lote que la mamposter\u00eda principal, proporcionando una combinaci\u00f3n perfecta sin comprometer la calidad o la apariencia. El dise\u00f1o liviano significa que los dinteles simplemente se pueden levantar a mano, sin la necesidad de equipos mec\u00e1nicos de elevaci\u00f3n, ahorrando tiempo en el sitio.[\/vc_column_text][mk_padding_divider size=\u00bb30&#8243; visibility=\u00bbvisible-sm\u00bb][\/vc_column][\/vc_row][vc_row css=\u00bb.vc_custom_1597519806976{margin-top: 50px !important;}\u00bb][vc_column width=\u00bb1\/4&#8243;][mk_image src=\u00bbhttps:\/\/cortartec.net\/wp-content\/uploads\/2019\/12\/w600_ancon_mda_individual_brackets_ce_mark-3c427f-1.jpg\u00bb image_width=\u00bb300&#8243; image_height=\u00bb225&#8243; align=\u00bbcenter\u00bb margin_bottom=\u00bb20&#8243;][mk_padding_divider size=\u00bb30&#8243; visibility=\u00bbvisible-sm\u00bb][\/vc_column][vc_column width=\u00bb3\/4&#8243;][vc_column_text css=\u00bb.vc_custom_1597519830338{margin-bottom: 0px !important;}\u00bb]<strong>Apoyos individuales<\/strong><br \/>\nAl igual que el sistema de soporte de \u00e1ngulo continuo MDC, el sistema de soporte de soporte individual Ancon MDA est\u00e1 dise\u00f1ado y fabricado para cumplir con el ancho de cavidad espec\u00edfico y la carga de mamposter\u00eda de una aplicaci\u00f3n.<br \/>\nLos soportes en los centros de 225 mm transportar\u00e1n 8 metros de mamposter\u00eda. Tambi\u00e9n se pueden utilizar en centros de 450 mm para soportar bloques de hormig\u00f3n.<br \/>\nEl sistema comprende soportes individuales colocados en cada perpendicular, atornillados a la estructura estructural.[\/vc_column_text][mk_padding_divider size=\u00bb30&#8243; visibility=\u00bbvisible-sm\u00bb][\/vc_column][\/vc_row][vc_row css=\u00bb.vc_custom_1597519837713{margin-top: 50px !important;}\u00bb][vc_column][mk_fancy_title color=\u00bb#999999&#8243; size=\u00bb40&#8243; font_weight=\u00bb200&#8243; txt_transform=\u00bbuppercase\u00bb margin_bottom=\u00bb5&#8243; font_family=\u00bbnone\u00bb align=\u00bbcenter\u00bb]PRODUCTOS <strong>SIMILARES<\/strong>[\/mk_fancy_title][mk_divider style=\u00bbthin_solid\u00bb divider_width=\u00bbcustom_width\u00bb custom_width=\u00bb80&#8243; thin_single_color=\u00bb#fe6600&#8243; thickness=\u00bb4&#8243; margin_top=\u00bb0&#8243; margin_bottom=\u00bb40&#8243;][\/vc_column][\/vc_row][vc_row css=\u00bb.vc_custom_1597519863657{margin-top: 50px !important;margin-bottom: 50px !important;}\u00bb][vc_column width=\u00bb1\/4&#8243;][mk_image src=\u00bbhttps:\/\/cortartec.net\/wp-content\/uploads\/2020\/03\/imagem8.jpg\u00bb image_width=\u00bb300&#8243; image_height=\u00bb225&#8243; link=\u00bbhttps:\/\/cortartec.net\/es\/productos\/albanileria\/refuerzos-estructurales-para-dinteles\/\u00bb align=\u00bbcenter\u00bb margin_bottom=\u00bb20&#8243;][mk_fancy_title color=\u00bb#fe6600&#8243; size=\u00bb25&#8243; font_weight=\u00bbbold\u00bb txt_transform=\u00bbuppercase\u00bb margin_bottom=\u00bb0&#8243; font_family=\u00bbnone\u00bb]REFUERZOS ESTRUCTURALES PARA DINTELES[\/mk_fancy_title][mk_padding_divider size=\u00bb30&#8243; visibility=\u00bbvisible-sm\u00bb][\/vc_column][vc_column width=\u00bb1\/4&#8243;][mk_image src=\u00bbhttps:\/\/cortartec.net\/wp-content\/uploads\/2020\/03\/fisufor_masonry-reinforcement_armadura-de-tendel_armature-pour-maconnerie_steel-for-bricks.jpg\u00bb image_width=\u00bb300&#8243; image_height=\u00bb225&#8243; link=\u00bbhttps:\/\/cortartec.net\/fr\/produits\/maconnerie\/renforcement-des-armatures-de-maconnerie\/\u00bb align=\u00bbcenter\u00bb margin_bottom=\u00bb20&#8243;][mk_fancy_title color=\u00bb#fe6600&#8243; size=\u00bb25&#8243; font_weight=\u00bbbold\u00bb txt_transform=\u00bbuppercase\u00bb margin_bottom=\u00bb0&#8243; font_family=\u00bbnone\u00bb]ARMADURAS DE REFUERZO DE ALBA\u00d1ILER\u00cdA[\/mk_fancy_title][mk_padding_divider size=\u00bb30&#8243; visibility=\u00bbvisible-sm\u00bb][\/vc_column][vc_column width=\u00bb1\/4&#8243;][mk_image src=\u00bbhttps:\/\/cortartec.net\/wp-content\/uploads\/2020\/03\/imagem3-1.jpg\u00bb image_width=\u00bb300&#8243; image_height=\u00bb225&#8243; link=\u00bbhttps:\/\/cortartec.net\/fr\/produits\/maconnerie\/reparation-de-maconnerie\/\u00bb align=\u00bbcenter\u00bb margin_bottom=\u00bb20&#8243;][mk_fancy_title color=\u00bb#fe6600&#8243; size=\u00bb25&#8243; font_weight=\u00bbbold\u00bb txt_transform=\u00bbuppercase\u00bb margin_bottom=\u00bb0&#8243; font_family=\u00bbnone\u00bb]Varillas helicoidales[\/mk_fancy_title][mk_padding_divider size=\u00bb30&#8243; visibility=\u00bbvisible-sm\u00bb][\/vc_column][vc_column width=\u00bb1\/4&#8243;][mk_image src=\u00bbhttps:\/\/cortartec.net\/wp-content\/uploads\/2020\/03\/imagem1-3.jpg\u00bb image_width=\u00bb300&#8243; image_height=\u00bb225&#8243; link=\u00bbhttps:\/\/cortartec.net\/fr\/produits\/maconnerie\/contreventement-des-poteaux\/\u00bb align=\u00bbcenter\u00bb margin_bottom=\u00bb20&#8243;][mk_fancy_title color=\u00bb#fe6600&#8243; size=\u00bb25&#8243; font_weight=\u00bbbold\u00bb txt_transform=\u00bbuppercase\u00bb margin_bottom=\u00bb0&#8243; font_family=\u00bbnone\u00bb]Postes de viento[\/mk_fancy_title][\/vc_column][\/vc_row][vc_row fullwidth=\u00bbtrue\u00bb fullwidth_content=\u00bbfalse\u00bb css=\u00bb.vc_custom_1597403978460{margin-top: 50px !important;padding-top: 30px !important;background-color: #fe6600 !important;}\u00bb][vc_column width=\u00bb2\/3&#8243;][mk_fancy_title tag_name=\u00bbh5&#8243; color=\u00bb#ffffff\u00bb size=\u00bb26&#8243; font_weight=\u00bb400&#8243; txt_transform=\u00bbnone\u00bb margin_top=\u00bb10&#8243; font_family=\u00bbnone\u00bb]Tienes preguntas? Estamos aqu\u00ed para ayudarte![\/mk_fancy_title][\/vc_column][vc_column width=\u00bb1\/3&#8243;][mk_button dimension=\u00bbflat\u00bb corner_style=\u00bbrounded\u00bb size=\u00bblarge\u00bb url=\u00bbhttps:\/\/cortartec.net\/es\/contactos\/\u00bb align=\u00bbright\u00bb margin_right=\u00bb0&#8243; el_class=\u00bbmrightButton\u00bb bg_color=\u00bb#f0f0f0&#8243; btn_hover_bg=\u00bb#ffffff\u00bb text_color=\u00bbdark\u00bb btn_hover_txt_color=\u00bb#fe6600&#8243;]CONT\u00c1CTANOS[\/mk_button][\/vc_column][\/vc_row]\n","protected":false},"excerpt":{"rendered":"<p>[vc_row][vc_column][mk_gallery images=\u00bb2195,2196,2197&#8243; image_size=\u00bbfull\u00bb hover_scenarios=\u00bbnone\u00bb][\/vc_column][\/vc_row][vc_row][vc_column][vc_tabs responsive=\u00bbfalse\u00bb container_bg_color=\u00bb\u00bb][vc_tab title=\u00bbDetalles\u00bb tab_id=\u00bb1566866031-1-40&#8243;][vc_column_text disable_pattern=\u00bbfalse\u00bb css=\u00bb.vc_custom_1597921970918{margin-bottom: 0px !important;}\u00bb]Soporte de mamposter\u00eda \/ soporte de ladrillo El revestimiento de ladrillos, bloques o piedras en estructuras de acero u hormig\u00f3n generalmente est\u00e1 soportado por sistemas de soporte de mamposter\u00eda de acero inoxidable. Es necesario tener en cuenta el tipo de estructura, el movimiento diferencial, [&hellip;]<\/p>\n","protected":false},"author":6,"featured_media":0,"parent":2741,"menu_order":0,"comment_status":"closed","ping_status":"closed","template":"","meta":[],"yoast_head":"<!-- This site is optimized with the Yoast SEO plugin v19.4 - https:\/\/yoast.com\/wordpress\/plugins\/seo\/ -->\n<title>Fachadas en ladrillo a la vista - Cortartec<\/title>\n<meta name=\"robots\" content=\"index, follow, max-snippet:-1, max-image-preview:large, max-video-preview:-1\" \/>\n<link rel=\"canonical\" href=\"https:\/\/cortartec.net\/es\/productos\/fachadas\/fachadas-en-ladrillo-a-la-vista\/\" \/>\n<meta property=\"og:locale\" content=\"es_ES\" \/>\n<meta property=\"og:type\" content=\"article\" \/>\n<meta property=\"og:title\" content=\"Fachadas en ladrillo a la vista - Cortartec\" \/>\n<meta property=\"og:description\" content=\"[vc_row][vc_column][mk_gallery images=\u00bb2195,2196,2197&#8243; image_size=\u00bbfull\u00bb hover_scenarios=\u00bbnone\u00bb][\/vc_column][\/vc_row][vc_row][vc_column][vc_tabs responsive=\u00bbfalse\u00bb container_bg_color=\u00bb\u00bb][vc_tab title=\u00bbDetalles\u00bb tab_id=\u00bb1566866031-1-40&#8243;][vc_column_text disable_pattern=\u00bbfalse\u00bb css=\u00bb.vc_custom_1597921970918{margin-bottom: 0px !important;}\u00bb]Soporte de mamposter\u00eda \/ soporte de ladrillo El revestimiento de ladrillos, bloques o piedras en estructuras de acero u hormig\u00f3n generalmente est\u00e1 soportado por sistemas de soporte de mamposter\u00eda de acero inoxidable. Es necesario tener en cuenta el tipo de estructura, el movimiento diferencial, [&hellip;]\" \/>\n<meta property=\"og:url\" content=\"https:\/\/cortartec.net\/es\/productos\/fachadas\/fachadas-en-ladrillo-a-la-vista\/\" \/>\n<meta property=\"og:site_name\" content=\"Cortartec\" \/>\n<meta property=\"article:publisher\" content=\"https:\/\/facebook.com\/cortartec\" \/>\n<meta property=\"article:modified_time\" content=\"2020-09-25T16:29:54+00:00\" \/>\n<meta name=\"twitter:card\" content=\"summary_large_image\" \/>\n<meta name=\"twitter:site\" content=\"@cortartec\" \/>\n<meta name=\"twitter:label1\" content=\"Tiempo de lectura\" \/>\n\t<meta name=\"twitter:data1\" content=\"7 minutos\" \/>\n<script type=\"application\/ld+json\" class=\"yoast-schema-graph\">{\"@context\":\"https:\/\/schema.org\",\"@graph\":[{\"@type\":\"Organization\",\"@id\":\"https:\/\/cortartec.net\/fr\/#organization\",\"name\":\"Cortartec\",\"url\":\"https:\/\/cortartec.net\/fr\/\",\"sameAs\":[\"https:\/\/instagram.com\/cortartec\",\"https:\/\/za.linkedin.com\/company\/cortartec?trk=recent-update_see-all\",\"https:\/\/pinterest.com\/cortartec\",\"https:\/\/youtube.com\/user\/cortartec\",\"https:\/\/facebook.com\/cortartec\",\"https:\/\/twitter.com\/cortartec\"],\"logo\":{\"@type\":\"ImageObject\",\"inLanguage\":\"es\",\"@id\":\"https:\/\/cortartec.net\/fr\/#\/schema\/logo\/image\/\",\"url\":\"https:\/\/cortartec.net\/wp-content\/uploads\/2019\/08\/logo.png\",\"contentUrl\":\"https:\/\/cortartec.net\/wp-content\/uploads\/2019\/08\/logo.png\",\"width\":400,\"height\":100,\"caption\":\"Cortartec\"},\"image\":{\"@id\":\"https:\/\/cortartec.net\/fr\/#\/schema\/logo\/image\/\"}},{\"@type\":\"WebSite\",\"@id\":\"https:\/\/cortartec.net\/fr\/#website\",\"url\":\"https:\/\/cortartec.net\/fr\/\",\"name\":\"Cortartec\",\"description\":\"\",\"publisher\":{\"@id\":\"https:\/\/cortartec.net\/fr\/#organization\"},\"potentialAction\":[{\"@type\":\"SearchAction\",\"target\":{\"@type\":\"EntryPoint\",\"urlTemplate\":\"https:\/\/cortartec.net\/fr\/?s={search_term_string}\"},\"query-input\":\"required name=search_term_string\"}],\"inLanguage\":\"es\"},{\"@type\":\"WebPage\",\"@id\":\"https:\/\/cortartec.net\/es\/productos\/fachadas\/fachadas-en-ladrillo-a-la-vista\/\",\"url\":\"https:\/\/cortartec.net\/es\/productos\/fachadas\/fachadas-en-ladrillo-a-la-vista\/\",\"name\":\"Fachadas en ladrillo a la vista - Cortartec\",\"isPartOf\":{\"@id\":\"https:\/\/cortartec.net\/fr\/#website\"},\"datePublished\":\"2020-03-12T15:07:38+00:00\",\"dateModified\":\"2020-09-25T16:29:54+00:00\",\"breadcrumb\":{\"@id\":\"https:\/\/cortartec.net\/es\/productos\/fachadas\/fachadas-en-ladrillo-a-la-vista\/#breadcrumb\"},\"inLanguage\":\"es\",\"potentialAction\":[{\"@type\":\"ReadAction\",\"target\":[\"https:\/\/cortartec.net\/es\/productos\/fachadas\/fachadas-en-ladrillo-a-la-vista\/\"]}]},{\"@type\":\"BreadcrumbList\",\"@id\":\"https:\/\/cortartec.net\/es\/productos\/fachadas\/fachadas-en-ladrillo-a-la-vista\/#breadcrumb\",\"itemListElement\":[{\"@type\":\"ListItem\",\"position\":1,\"name\":\"In\u00edcio\",\"item\":\"https:\/\/cortartec.net\/es\/\"},{\"@type\":\"ListItem\",\"position\":2,\"name\":\"Productos\",\"item\":\"https:\/\/cortartec.net\/es\/productos\/\"},{\"@type\":\"ListItem\",\"position\":3,\"name\":\"Fachadas\",\"item\":\"https:\/\/cortartec.net\/es\/productos\/fachadas\/\"},{\"@type\":\"ListItem\",\"position\":4,\"name\":\"Fachadas en ladrillo a la vista\"}]}]}<\/script>\n<!-- \/ Yoast SEO plugin. -->","yoast_head_json":{"title":"Fachadas en ladrillo a la vista - Cortartec","robots":{"index":"index","follow":"follow","max-snippet":"max-snippet:-1","max-image-preview":"max-image-preview:large","max-video-preview":"max-video-preview:-1"},"canonical":"https:\/\/cortartec.net\/es\/productos\/fachadas\/fachadas-en-ladrillo-a-la-vista\/","og_locale":"es_ES","og_type":"article","og_title":"Fachadas en ladrillo a la vista - Cortartec","og_description":"[vc_row][vc_column][mk_gallery images=\u00bb2195,2196,2197&#8243; image_size=\u00bbfull\u00bb hover_scenarios=\u00bbnone\u00bb][\/vc_column][\/vc_row][vc_row][vc_column][vc_tabs responsive=\u00bbfalse\u00bb container_bg_color=\u00bb\u00bb][vc_tab title=\u00bbDetalles\u00bb tab_id=\u00bb1566866031-1-40&#8243;][vc_column_text disable_pattern=\u00bbfalse\u00bb css=\u00bb.vc_custom_1597921970918{margin-bottom: 0px !important;}\u00bb]Soporte de mamposter\u00eda \/ soporte de ladrillo El revestimiento de ladrillos, bloques o piedras en estructuras de acero u hormig\u00f3n generalmente est\u00e1 soportado por sistemas de soporte de mamposter\u00eda de acero inoxidable. Es necesario tener en cuenta el tipo de estructura, el movimiento diferencial, [&hellip;]","og_url":"https:\/\/cortartec.net\/es\/productos\/fachadas\/fachadas-en-ladrillo-a-la-vista\/","og_site_name":"Cortartec","article_publisher":"https:\/\/facebook.com\/cortartec","article_modified_time":"2020-09-25T16:29:54+00:00","twitter_card":"summary_large_image","twitter_site":"@cortartec","twitter_misc":{"Tiempo de lectura":"7 minutos"},"schema":{"@context":"https:\/\/schema.org","@graph":[{"@type":"Organization","@id":"https:\/\/cortartec.net\/fr\/#organization","name":"Cortartec","url":"https:\/\/cortartec.net\/fr\/","sameAs":["https:\/\/instagram.com\/cortartec","https:\/\/za.linkedin.com\/company\/cortartec?trk=recent-update_see-all","https:\/\/pinterest.com\/cortartec","https:\/\/youtube.com\/user\/cortartec","https:\/\/facebook.com\/cortartec","https:\/\/twitter.com\/cortartec"],"logo":{"@type":"ImageObject","inLanguage":"es","@id":"https:\/\/cortartec.net\/fr\/#\/schema\/logo\/image\/","url":"https:\/\/cortartec.net\/wp-content\/uploads\/2019\/08\/logo.png","contentUrl":"https:\/\/cortartec.net\/wp-content\/uploads\/2019\/08\/logo.png","width":400,"height":100,"caption":"Cortartec"},"image":{"@id":"https:\/\/cortartec.net\/fr\/#\/schema\/logo\/image\/"}},{"@type":"WebSite","@id":"https:\/\/cortartec.net\/fr\/#website","url":"https:\/\/cortartec.net\/fr\/","name":"Cortartec","description":"","publisher":{"@id":"https:\/\/cortartec.net\/fr\/#organization"},"potentialAction":[{"@type":"SearchAction","target":{"@type":"EntryPoint","urlTemplate":"https:\/\/cortartec.net\/fr\/?s={search_term_string}"},"query-input":"required name=search_term_string"}],"inLanguage":"es"},{"@type":"WebPage","@id":"https:\/\/cortartec.net\/es\/productos\/fachadas\/fachadas-en-ladrillo-a-la-vista\/","url":"https:\/\/cortartec.net\/es\/productos\/fachadas\/fachadas-en-ladrillo-a-la-vista\/","name":"Fachadas en ladrillo a la vista - Cortartec","isPartOf":{"@id":"https:\/\/cortartec.net\/fr\/#website"},"datePublished":"2020-03-12T15:07:38+00:00","dateModified":"2020-09-25T16:29:54+00:00","breadcrumb":{"@id":"https:\/\/cortartec.net\/es\/productos\/fachadas\/fachadas-en-ladrillo-a-la-vista\/#breadcrumb"},"inLanguage":"es","potentialAction":[{"@type":"ReadAction","target":["https:\/\/cortartec.net\/es\/productos\/fachadas\/fachadas-en-ladrillo-a-la-vista\/"]}]},{"@type":"BreadcrumbList","@id":"https:\/\/cortartec.net\/es\/productos\/fachadas\/fachadas-en-ladrillo-a-la-vista\/#breadcrumb","itemListElement":[{"@type":"ListItem","position":1,"name":"In\u00edcio","item":"https:\/\/cortartec.net\/es\/"},{"@type":"ListItem","position":2,"name":"Productos","item":"https:\/\/cortartec.net\/es\/productos\/"},{"@type":"ListItem","position":3,"name":"Fachadas","item":"https:\/\/cortartec.net\/es\/productos\/fachadas\/"},{"@type":"ListItem","position":4,"name":"Fachadas en ladrillo a la vista"}]}]}},"_links":{"self":[{"href":"https:\/\/cortartec.net\/es\/wp-json\/wp\/v2\/pages\/4261"}],"collection":[{"href":"https:\/\/cortartec.net\/es\/wp-json\/wp\/v2\/pages"}],"about":[{"href":"https:\/\/cortartec.net\/es\/wp-json\/wp\/v2\/types\/page"}],"author":[{"embeddable":true,"href":"https:\/\/cortartec.net\/es\/wp-json\/wp\/v2\/users\/6"}],"replies":[{"embeddable":true,"href":"https:\/\/cortartec.net\/es\/wp-json\/wp\/v2\/comments?post=4261"}],"version-history":[{"count":1,"href":"https:\/\/cortartec.net\/es\/wp-json\/wp\/v2\/pages\/4261\/revisions"}],"predecessor-version":[{"id":9473,"href":"https:\/\/cortartec.net\/es\/wp-json\/wp\/v2\/pages\/4261\/revisions\/9473"}],"up":[{"embeddable":true,"href":"https:\/\/cortartec.net\/es\/wp-json\/wp\/v2\/pages\/2741"}],"wp:attachment":[{"href":"https:\/\/cortartec.net\/es\/wp-json\/wp\/v2\/media?parent=4261"}],"curies":[{"name":"wp","href":"https:\/\/api.w.org\/{rel}","templated":true}]}}