{"id":4727,"date":"2020-05-25T09:49:35","date_gmt":"2020-05-25T09:49:35","guid":{"rendered":"https:\/\/cortartec.net\/?page_id=4727"},"modified":"2020-10-15T16:31:13","modified_gmt":"2020-10-15T16:31:13","slug":"cubrejuntas-para-revestimentos-de-paredes","status":"publish","type":"page","link":"https:\/\/cortartec.net\/es\/productos\/juntas-de-dilatacion\/cubrejuntas\/cubrejuntas-para-revestimentos-de-paredes\/","title":{"rendered":"Cubrejuntas para revestimentos de paredes"},"content":{"rendered":"[vc_row css=\u00bb.vc_custom_1597657406758{margin-top: 50px !important;}\u00bb][vc_column][vc_tabs responsive=\u00bbfalse\u00bb container_bg_color=\u00bb\u00bb][vc_tab title=\u00bbDetalles\u00bb tab_id=\u00bb1566866031-1-40&#8243;][vc_column_text disable_pattern=\u00bbfalse\u00bb css=\u00bb.vc_custom_1597929112758{margin-bottom: 0px !important;}\u00bb]<span style=\"color: #333333;\">Os <span style=\"font-family: Verdana,Arial,Helvetica,sans-serif;\">Los revestimientos est\u00e1n dise\u00f1ados para proteger y cubrir las juntas de fachadas, paredes, pisos y techos. Est\u00e9ticos, decorativos y econ\u00f3micos, son r\u00e1pidos y f\u00e1ciles de instalar. Para satisfacer todas sus necesidades, ofrecemos juntas de expansi\u00f3n para fachadas, para paredes, para pisos y juntas de expansi\u00f3n para techos, para juntas de 10 a 500 mm. Existen diferentes modelos de juntas seg\u00fan su uso: sin tr\u00e1fico, con tr\u00e1fico ligero o medio, use juntas para pegar o sujetar; Para \u00e1reas de alto tr\u00e1fico, es aconsejable que las juntas est\u00e9n fijadas mec\u00e1nicamente. Los acabados est\u00e9ticos adaptados tambi\u00e9n est\u00e1n disponibles.<\/span><\/span><\/p>\n<p>&nbsp;<\/p>\n<table width=\"100%\">\n<tbody>\n<tr>\n<th>REF<\/th>\n<th>PRODUCTO<\/th>\n<th>DESCRIPCI\u00d3N<\/th>\n<th>LONGITUD<\/th>\n<th>CARGAS<\/th>\n<\/tr>\n<tr>\n<td><strong>COR 60DT<\/strong><\/td>\n<td><img loading=\"lazy\" class=\"size-full wp-image-1052 aligncenter\" src=\"https:\/\/cortartec.net\/wp-content\/uploads\/2019\/10\/60dt-mini.jpg\" alt=\"\" width=\"54\" height=\"32\" \/><\/td>\n<td style=\"text-align: center;\"><span style=\"color: #000000; font-family: Verdana, Arial, Helvetica, sans-serif;\">Perfil de cubierta de pared y techo de 60 mm de ancho, enviado sin agujeros.<\/span><\/td>\n<td style=\"text-align: center;\">3m<\/td>\n<td style=\"text-align: center;\">&#8211;<\/td>\n<\/tr>\n<tr>\n<td><strong>COR 100DT<\/strong><\/td>\n<td><img loading=\"lazy\" class=\" wp-image-1053 aligncenter\" src=\"https:\/\/cortartec.net\/wp-content\/uploads\/2019\/10\/100dt-mini.jpg\" alt=\"\" width=\"49\" height=\"29\" \/><\/td>\n<td style=\"text-align: center;\"><span style=\"color: #000000; font-family: Verdana, Arial, Helvetica, sans-serif;\">Perfil de cubierta de pared y techo de 100 mm de ancho, agujeros avellanados cada 45 cm en ambos lados.<\/span><\/td>\n<td style=\"text-align: center;\">3m<\/td>\n<td style=\"text-align: center;\">&#8211;<\/td>\n<\/tr>\n<tr>\n<td><strong>COR 120DT<\/strong><\/td>\n<td><img loading=\"lazy\" class=\"size-full wp-image-1054 aligncenter\" src=\"https:\/\/cortartec.net\/wp-content\/uploads\/2019\/10\/120dt-mini.jpg\" alt=\"\" width=\"64\" height=\"35\" \/><\/td>\n<td style=\"text-align: center;\"><span style=\"color: #000000; font-family: Verdana, Arial, Helvetica, sans-serif;\">Perfil de cubierta de pared y techo de 120 mm de ancho, agujeros avellanados cada 45 cm en ambos lados.<\/span><\/td>\n<td style=\"text-align: center;\">3m<\/td>\n<td style=\"text-align: center;\">&#8211;<\/td>\n<\/tr>\n<tr>\n<td><strong>COR 150DT<\/strong><\/td>\n<td><img loading=\"lazy\" class=\"size-full wp-image-1055 aligncenter\" src=\"https:\/\/cortartec.net\/wp-content\/uploads\/2019\/10\/150dt-mini.jpg\" alt=\"\" width=\"71\" height=\"35\" \/><\/td>\n<td style=\"text-align: center;\"><span style=\"color: #000000; font-family: Verdana, Arial, Helvetica, sans-serif;\">Perfil de revestimiento de suelo de 150 mm de ancho y 5 mm de espesor.<\/span><\/td>\n<td style=\"text-align: center;\">3m<\/td>\n<td style=\"text-align: center;\"><img loading=\"lazy\" class=\"size-full wp-image-962 aligncenter\" src=\"https:\/\/cortartec.net\/wp-content\/uploads\/2019\/10\/carga1.png\" alt=\"\" width=\"23\" height=\"24\" \/><\/td>\n<\/tr>\n<tr>\n<td><strong>COR 151DT<\/strong><\/td>\n<td><img loading=\"lazy\" class=\" wp-image-1044 aligncenter\" src=\"https:\/\/cortartec.net\/wp-content\/uploads\/2019\/10\/151dt-mini.jpg\" alt=\"\" width=\"72\" height=\"37\" \/><\/td>\n<td style=\"text-align: center;\"><span style=\"color: #000000; font-family: Verdana, Arial, Helvetica, sans-serif;\">Perfil de revestimiento de suelo de 200 mm de ancho, con agujero avellanado cada 35 cm.<\/span><\/td>\n<td style=\"text-align: center;\">3m<\/td>\n<td style=\"text-align: center;\">&#8211;<\/td>\n<\/tr>\n<tr>\n<td><strong>COR 200DT<\/strong><\/td>\n<td><img loading=\"lazy\" class=\"size-full wp-image-1056 aligncenter\" src=\"https:\/\/cortartec.net\/wp-content\/uploads\/2019\/10\/200dt-mini.jpg\" alt=\"\" width=\"63\" height=\"27\" \/><\/td>\n<td style=\"text-align: center;\"><span style=\"color: #000000; font-family: Verdana, Arial, Helvetica, sans-serif;\">Perfil de revestimiento de suelo de 200 mm de ancho, con agujero avellanado cada 35 cm.<\/span><\/td>\n<td style=\"text-align: center;\">3m<\/td>\n<td style=\"text-align: center;\">&#8211;<\/td>\n<\/tr>\n<tr>\n<td><strong>COR 201DT<\/strong><\/td>\n<td><img loading=\"lazy\" class=\" wp-image-1046 aligncenter\" src=\"https:\/\/cortartec.net\/wp-content\/uploads\/2019\/10\/201dt-mini.jpg\" alt=\"\" width=\"73\" height=\"35\" \/><\/td>\n<td style=\"text-align: center;\"><span style=\"color: #000000; font-family: Verdana, Arial, Helvetica, sans-serif;\">Perfil de cubierta de piso de 250 mm de ancho, con agujero avellanado cada 35 cm.<\/span><\/td>\n<td style=\"text-align: center;\">3m<\/td>\n<td style=\"text-align: center;\">&#8211;<\/td>\n<\/tr>\n<tr>\n<td><strong>COR 250DT<\/strong><\/td>\n<td style=\"text-align: center;\"><img loading=\"lazy\" class=\"size-full wp-image-1057 aligncenter\" src=\"https:\/\/cortartec.net\/wp-content\/uploads\/2019\/10\/250dt-mini.jpg\" alt=\"\" width=\"65\" height=\"30\" \/><\/td>\n<td style=\"text-align: center;\"><span style=\"color: #000000; font-family: Verdana, Arial, Helvetica, sans-serif;\">Perfil de revestimiento de suelo de 350 mm de ancho, con agujero avellanado cada 35 cm.<\/span><\/td>\n<td style=\"text-align: center;\">3m<\/td>\n<td style=\"text-align: center;\">&#8211;<\/td>\n<td style=\"text-align: center;\"><\/td>\n<\/tr>\n<tr>\n<td><strong>COR 270DT<\/strong><\/td>\n<td style=\"text-align: center;\"><img loading=\"lazy\" class=\"alignnone size-full wp-image-1058\" src=\"https:\/\/cortartec.net\/wp-content\/uploads\/2019\/10\/270dt-mini.jpg\" alt=\"\" width=\"65\" height=\"30\" \/><\/td>\n<td style=\"text-align: center;\"><span style=\"color: #000000; font-family: Verdana, Arial, Helvetica, sans-serif;\">Perfil de revestimiento de suelo de 350 mm de ancho, con agujero avellanado cada 35 cm.<\/span><\/td>\n<td style=\"text-align: center;\">3m<\/td>\n<td style=\"text-align: center;\">&#8211;<\/td>\n<td style=\"text-align: center;\"><\/td>\n<\/tr>\n<tr>\n<td><strong>COR 270DT+BTA<\/strong><\/td>\n<td style=\"text-align: center;\"><img loading=\"lazy\" class=\"alignnone size-full wp-image-1049\" src=\"https:\/\/cortartec.net\/wp-content\/uploads\/2019\/10\/270-bta-dt-mini.jpg\" alt=\"\" width=\"79\" height=\"30\" \/><\/td>\n<td style=\"text-align: center;\"><span style=\"color: #000000; font-family: Verdana, Arial, Helvetica, sans-serif;\">Perfil de revestimiento de suelo de 350 mm de ancho, con agujero avellanado cada 35 cm.<\/span><\/td>\n<td style=\"text-align: center;\">3m<\/td>\n<td style=\"text-align: center;\">&#8211;<\/td>\n<td style=\"text-align: center;\"><\/td>\n<\/tr>\n<\/tbody>\n<\/table>\n[\/vc_column_text][\/vc_tab][vc_tab title=\u00bbDownload\u00bb tab_id=\u00bb1566866086439-2-10&#8243;][mk_button dimension=\u00bbflat\u00bb corner_style=\u00bbrounded\u00bb size=\u00bbmedium\u00bb url=\u00bbhttps:\/\/48bfe850-8fa9-41aa-a01f-515ad5db562b.filesusr.com\/ugd\/b0e443_cb37a1c88a3f46a0af6dedf601ec3351.pdf\u00bb align=\u00bbcenter\u00bb]DESCARGAR PDF[\/mk_button][\/vc_tab][vc_tab title=\u00bbCertificados\u00bb tab_id=\u00bb1566866087001-3-3&#8243;]<div role=\"form\" class=\"wpcf7\" id=\"wpcf7-f9190-o1\" lang=\"pt-PT\" dir=\"ltr\">\n<div class=\"screen-reader-response\"><p role=\"status\" aria-live=\"polite\" aria-atomic=\"true\"><\/p> <ul><\/ul><\/div>\n<form action=\"\/es\/wp-json\/wp\/v2\/pages\/4727#wpcf7-f9190-o1\" method=\"post\" class=\"wpcf7-form init\" novalidate=\"novalidate\" data-status=\"init\">\n<div style=\"display: none;\">\n<input type=\"hidden\" name=\"_wpcf7\" value=\"9190\" \/>\n<input type=\"hidden\" name=\"_wpcf7_version\" value=\"5.4.2\" \/>\n<input type=\"hidden\" name=\"_wpcf7_locale\" value=\"pt_PT\" \/>\n<input type=\"hidden\" name=\"_wpcf7_unit_tag\" value=\"wpcf7-f9190-o1\" \/>\n<input type=\"hidden\" name=\"_wpcf7_container_post\" value=\"0\" \/>\n<input type=\"hidden\" name=\"_wpcf7_posted_data_hash\" value=\"\" \/>\n<\/div>\n<p>Solicite la ficha t\u00e9cnica \/ certificados aqu\u00ed:<\/p>\n<p><span class=\"wpcf7-form-control-wrap nome\"><input type=\"text\" name=\"nome\" value=\"\" size=\"40\" class=\"wpcf7-form-control wpcf7-text wpcf7-validates-as-required\" aria-required=\"true\" aria-invalid=\"false\" placeholder=\"Nombre\" \/><\/span><\/p>\n<p><span class=\"wpcf7-form-control-wrap email\"><input type=\"email\" name=\"email\" value=\"\" size=\"40\" class=\"wpcf7-form-control wpcf7-text wpcf7-email wpcf7-validates-as-required wpcf7-validates-as-email\" aria-required=\"true\" aria-invalid=\"false\" placeholder=\"Email\" \/><\/span><\/p>\n<p><span class=\"wpcf7-form-control-wrap telefone\"><input type=\"tel\" name=\"telefone\" value=\"\" size=\"40\" class=\"wpcf7-form-control wpcf7-text wpcf7-tel wpcf7-validates-as-required wpcf7-validates-as-tel\" aria-required=\"true\" aria-invalid=\"false\" placeholder=\"Tel\u00e9fono\" \/><\/span><\/p>\n<p><span class=\"wpcf7-form-control-wrap empresa\"><input type=\"text\" name=\"empresa\" value=\"\" size=\"40\" class=\"wpcf7-form-control wpcf7-text\" aria-invalid=\"false\" placeholder=\"Empresa\" \/><\/span><\/p>\n<p><span class=\"wpcf7-form-control-wrap produto\"><input type=\"hidden\" name=\"produto\" value=\"Cubrejuntas para revestimentos de paredes\" size=\"40\" class=\"wpcf7-form-control wpcf7dtx-dynamictext wpcf7-dynamichidden\" aria-invalid=\"false\" \/><\/span><\/p>\n<p><span class=\"wpcf7-form-control-wrap rgpd\"><span class=\"wpcf7-form-control wpcf7-acceptance\"><span class=\"wpcf7-list-item\"><label><input type=\"checkbox\" name=\"rgpd\" value=\"1\" aria-invalid=\"false\" \/><span class=\"wpcf7-list-item-label\">Doy mi consentimiento para que Cortartec conserve mis datos contenidos en este formulario por tiempo indefinido hasta la finalizaci\u00f3n de esta solicitud de contacto.<\/span><\/label><\/span><\/span><\/span><\/p>\n<p><input type=\"submit\" value=\"Pedir\" class=\"wpcf7-form-control wpcf7-submit\" \/><\/p>\n<p style=\"display: none !important;\" class=\"akismet-fields-container\" data-prefix=\"_wpcf7_ak_\"><label>&#916;<textarea name=\"_wpcf7_ak_hp_textarea\" cols=\"45\" rows=\"8\" maxlength=\"100\"><\/textarea><\/label><input type=\"hidden\" id=\"ak_js_1\" name=\"_wpcf7_ak_js\" value=\"207\"\/><script>document.getElementById( \"ak_js_1\" ).setAttribute( \"value\", ( new Date() ).getTime() );<\/script><\/p><div class=\"wpcf7-response-output\" aria-hidden=\"true\"><\/div><\/form><\/div>[\/vc_tab][\/vc_tabs][\/vc_column][\/vc_row][vc_row css=\u00bb.vc_custom_1597657415402{margin-top: 50px !important;}\u00bb][vc_column][mk_fancy_title color=\u00bb#999999&#8243; size=\u00bb40&#8243; font_weight=\u00bb200&#8243; txt_transform=\u00bbuppercase\u00bb margin_bottom=\u00bb5&#8243; font_family=\u00bbnone\u00bb align=\u00bbcenter\u00bb]PRODUCTOS <strong>SIMILARES<\/strong>[\/mk_fancy_title][mk_divider style=\u00bbthin_solid\u00bb divider_width=\u00bbcustom_width\u00bb custom_width=\u00bb80&#8243; thin_single_color=\u00bb#fe6600&#8243; thickness=\u00bb4&#8243; margin_top=\u00bb0&#8243; margin_bottom=\u00bb40&#8243;][\/vc_column][\/vc_row][vc_row css=\u00bb.vc_custom_1597657424983{margin-top: 50px !important;}\u00bb][vc_column width=\u00bb1\/4&#8243;][mk_image src=\u00bbhttps:\/\/cortartec.net\/wp-content\/uploads\/2019\/09\/4070k.jpg\u00bb image_size=\u00bbmedium\u00bb link=\u00bbhttps:\/\/cortartec.net\/es\/productos\/juntas-de-dilatacion\/cubrejuntas\/cubrejuntas-de-esquina\/\u00bb][mk_fancy_title size=\u00bb25&#8243; font_weight=\u00bbbold\u00bb txt_transform=\u00bbuppercase\u00bb font_family=\u00bbnone\u00bb]Cubrejuntas de esquina[\/mk_fancy_title][mk_padding_divider size=\u00bb30&#8243; visibility=\u00bbvisible-sm\u00bb][\/vc_column][vc_column width=\u00bb1\/4&#8243;][mk_image src=\u00bbhttps:\/\/cortartec.net\/wp-content\/uploads\/2019\/09\/tapa-junta3.jpg\u00bb image_size=\u00bbmedium\u00bb link=\u00bbhttps:\/\/cortartec.net\/es\/productos\/juntas-de-dilatacion\/cubrejuntas\/cubrejuntas-con-clips-de-pvc\/\u00bb margin_bottom=\u00bb5&#8243;][mk_fancy_title size=\u00bb25&#8243; font_weight=\u00bbbold\u00bb txt_transform=\u00bbuppercase\u00bb font_family=\u00bbnone\u00bb]Cubrejuntas con clips de PVC[\/mk_fancy_title][mk_padding_divider size=\u00bb30&#8243; visibility=\u00bbvisible-sm\u00bb][\/vc_column][vc_column width=\u00bb1\/4&#8243;][mk_image src=\u00bbhttps:\/\/cortartec.net\/wp-content\/uploads\/2019\/09\/tapa-junta6.jpg\u00bb image_size=\u00bbmedium\u00bb link=\u00bbhttps:\/\/cortartec.net\/es\/productos\/juntas-de-dilatacion\/cubrejuntas\/cubrejuntas-de-fijacion-mecanica-cjp\/\u00bb][mk_fancy_title size=\u00bb25&#8243; font_weight=\u00bbbold\u00bb txt_transform=\u00bbuppercase\u00bb font_family=\u00bbnone\u00bb]Cubrejuntas de fijacion mecanica[\/mk_fancy_title][mk_padding_divider size=\u00bb30&#8243; visibility=\u00bbvisible-sm\u00bb][\/vc_column][vc_column width=\u00bb1\/4&#8243;][mk_image src=\u00bbhttps:\/\/cortartec.net\/wp-content\/uploads\/2019\/09\/tapa-junta7.jpg\u00bb image_size=\u00bbmedium\u00bb link=\u00bbhttps:\/\/cortartec.net\/es\/productos\/juntas-de-dilatacion\/cubrejuntas\/cubrejuntas-adhesivo\/\u00bb][mk_fancy_title size=\u00bb25&#8243; font_weight=\u00bbbold\u00bb txt_transform=\u00bbuppercase\u00bb font_family=\u00bbnone\u00bb]Cubrejuntas adhesivo[\/mk_fancy_title][\/vc_column][\/vc_row][vc_row fullwidth=\u00bbtrue\u00bb fullwidth_content=\u00bbfalse\u00bb css=\u00bb.vc_custom_1597657436720{margin-top: 50px !important;background-color: #fe6600 !important;}\u00bb][vc_column][mk_padding_divider size=\u00bb30&#8243;][vc_row_inner][vc_column_inner width=\u00bb2\/3&#8243;][mk_padding_divider size=\u00bb10&#8243;][mk_fancy_title tag_name=\u00bbh5&#8243; color=\u00bb#ffffff\u00bb size=\u00bb26&#8243; font_weight=\u00bb400&#8243; txt_transform=\u00bbnone\u00bb font_family=\u00bbOpen+Sans\u00bb font_type=\u00bbgoogle\u00bb]Tienes preguntas? Estamos aqu\u00ed para ayudarte![\/mk_fancy_title][\/vc_column_inner][vc_column_inner width=\u00bb1\/3&#8243;][mk_button dimension=\u00bbflat\u00bb corner_style=\u00bbrounded\u00bb size=\u00bblarge\u00bb url=\u00bbhttps:\/\/cortartec.net\/es\/contactos\/\u00bb align=\u00bbright\u00bb margin_right=\u00bb0&#8243; el_class=\u00bbmrightButton\u00bb bg_color=\u00bb#f0f0f0&#8243; btn_hover_bg=\u00bb#ffffff\u00bb text_color=\u00bbdark\u00bb btn_hover_txt_color=\u00bb#fe6600&#8243;]CONT\u00c1CTANOS[\/mk_button][\/vc_column_inner][\/vc_row_inner][\/vc_column][\/vc_row]\n","protected":false},"excerpt":{"rendered":"<p>[vc_row css=\u00bb.vc_custom_1597657406758{margin-top: 50px !important;}\u00bb][vc_column][vc_tabs responsive=\u00bbfalse\u00bb container_bg_color=\u00bb\u00bb][vc_tab title=\u00bbDetalles\u00bb tab_id=\u00bb1566866031-1-40&#8243;][vc_column_text disable_pattern=\u00bbfalse\u00bb css=\u00bb.vc_custom_1597929112758{margin-bottom: 0px !important;}\u00bb]Os Los revestimientos est\u00e1n dise\u00f1ados para proteger y cubrir las juntas de fachadas, paredes, pisos y techos. Est\u00e9ticos, decorativos y econ\u00f3micos, son r\u00e1pidos y f\u00e1ciles de instalar. Para satisfacer todas sus necesidades, ofrecemos juntas de expansi\u00f3n para fachadas, para paredes, para pisos y juntas [&hellip;]<\/p>\n","protected":false},"author":6,"featured_media":0,"parent":4417,"menu_order":0,"comment_status":"closed","ping_status":"closed","template":"","meta":[],"yoast_head":"<!-- This site is optimized with the Yoast SEO plugin v19.4 - https:\/\/yoast.com\/wordpress\/plugins\/seo\/ -->\n<title>Cubrejuntas para revestimentos de paredes - Cortartec<\/title>\n<meta name=\"robots\" content=\"index, follow, max-snippet:-1, max-image-preview:large, max-video-preview:-1\" \/>\n<link rel=\"canonical\" href=\"https:\/\/cortartec.net\/es\/productos\/juntas-de-dilatacion\/cubrejuntas\/cubrejuntas-para-revestimentos-de-paredes\/\" \/>\n<meta property=\"og:locale\" content=\"es_ES\" \/>\n<meta property=\"og:type\" content=\"article\" \/>\n<meta property=\"og:title\" content=\"Cubrejuntas para revestimentos de paredes - Cortartec\" \/>\n<meta property=\"og:description\" content=\"[vc_row css=\u00bb.vc_custom_1597657406758{margin-top: 50px !important;}\u00bb][vc_column][vc_tabs responsive=\u00bbfalse\u00bb container_bg_color=\u00bb\u00bb][vc_tab title=\u00bbDetalles\u00bb tab_id=\u00bb1566866031-1-40&#8243;][vc_column_text disable_pattern=\u00bbfalse\u00bb css=\u00bb.vc_custom_1597929112758{margin-bottom: 0px !important;}\u00bb]Os Los revestimientos est\u00e1n dise\u00f1ados para proteger y cubrir las juntas de fachadas, paredes, pisos y techos. Est\u00e9ticos, decorativos y econ\u00f3micos, son r\u00e1pidos y f\u00e1ciles de instalar. Para satisfacer todas sus necesidades, ofrecemos juntas de expansi\u00f3n para fachadas, para paredes, para pisos y juntas [&hellip;]\" \/>\n<meta property=\"og:url\" content=\"https:\/\/cortartec.net\/es\/productos\/juntas-de-dilatacion\/cubrejuntas\/cubrejuntas-para-revestimentos-de-paredes\/\" \/>\n<meta property=\"og:site_name\" content=\"Cortartec\" \/>\n<meta property=\"article:publisher\" content=\"https:\/\/facebook.com\/cortartec\" \/>\n<meta property=\"article:modified_time\" content=\"2020-10-15T16:31:13+00:00\" \/>\n<meta property=\"og:image\" content=\"https:\/\/cortartec.net\/wp-content\/uploads\/2019\/10\/60dt-mini.jpg\" \/>\n<meta name=\"twitter:card\" content=\"summary_large_image\" \/>\n<meta name=\"twitter:site\" content=\"@cortartec\" \/>\n<meta name=\"twitter:label1\" content=\"Tiempo de lectura\" \/>\n\t<meta name=\"twitter:data1\" content=\"4 minutos\" \/>\n<script type=\"application\/ld+json\" class=\"yoast-schema-graph\">{\"@context\":\"https:\/\/schema.org\",\"@graph\":[{\"@type\":\"Organization\",\"@id\":\"https:\/\/cortartec.net\/fr\/#organization\",\"name\":\"Cortartec\",\"url\":\"https:\/\/cortartec.net\/fr\/\",\"sameAs\":[\"https:\/\/instagram.com\/cortartec\",\"https:\/\/za.linkedin.com\/company\/cortartec?trk=recent-update_see-all\",\"https:\/\/pinterest.com\/cortartec\",\"https:\/\/youtube.com\/user\/cortartec\",\"https:\/\/facebook.com\/cortartec\",\"https:\/\/twitter.com\/cortartec\"],\"logo\":{\"@type\":\"ImageObject\",\"inLanguage\":\"es\",\"@id\":\"https:\/\/cortartec.net\/fr\/#\/schema\/logo\/image\/\",\"url\":\"https:\/\/cortartec.net\/wp-content\/uploads\/2019\/08\/logo.png\",\"contentUrl\":\"https:\/\/cortartec.net\/wp-content\/uploads\/2019\/08\/logo.png\",\"width\":400,\"height\":100,\"caption\":\"Cortartec\"},\"image\":{\"@id\":\"https:\/\/cortartec.net\/fr\/#\/schema\/logo\/image\/\"}},{\"@type\":\"WebSite\",\"@id\":\"https:\/\/cortartec.net\/fr\/#website\",\"url\":\"https:\/\/cortartec.net\/fr\/\",\"name\":\"Cortartec\",\"description\":\"\",\"publisher\":{\"@id\":\"https:\/\/cortartec.net\/fr\/#organization\"},\"potentialAction\":[{\"@type\":\"SearchAction\",\"target\":{\"@type\":\"EntryPoint\",\"urlTemplate\":\"https:\/\/cortartec.net\/fr\/?s={search_term_string}\"},\"query-input\":\"required name=search_term_string\"}],\"inLanguage\":\"es\"},{\"@type\":\"WebPage\",\"@id\":\"https:\/\/cortartec.net\/es\/productos\/juntas-de-dilatacion\/cubrejuntas\/cubrejuntas-para-revestimentos-de-paredes\/\",\"url\":\"https:\/\/cortartec.net\/es\/productos\/juntas-de-dilatacion\/cubrejuntas\/cubrejuntas-para-revestimentos-de-paredes\/\",\"name\":\"Cubrejuntas para revestimentos de paredes - Cortartec\",\"isPartOf\":{\"@id\":\"https:\/\/cortartec.net\/fr\/#website\"},\"datePublished\":\"2020-05-25T09:49:35+00:00\",\"dateModified\":\"2020-10-15T16:31:13+00:00\",\"breadcrumb\":{\"@id\":\"https:\/\/cortartec.net\/es\/productos\/juntas-de-dilatacion\/cubrejuntas\/cubrejuntas-para-revestimentos-de-paredes\/#breadcrumb\"},\"inLanguage\":\"es\",\"potentialAction\":[{\"@type\":\"ReadAction\",\"target\":[\"https:\/\/cortartec.net\/es\/productos\/juntas-de-dilatacion\/cubrejuntas\/cubrejuntas-para-revestimentos-de-paredes\/\"]}]},{\"@type\":\"BreadcrumbList\",\"@id\":\"https:\/\/cortartec.net\/es\/productos\/juntas-de-dilatacion\/cubrejuntas\/cubrejuntas-para-revestimentos-de-paredes\/#breadcrumb\",\"itemListElement\":[{\"@type\":\"ListItem\",\"position\":1,\"name\":\"In\u00edcio\",\"item\":\"https:\/\/cortartec.net\/es\/\"},{\"@type\":\"ListItem\",\"position\":2,\"name\":\"Productos\",\"item\":\"https:\/\/cortartec.net\/es\/productos\/\"},{\"@type\":\"ListItem\",\"position\":3,\"name\":\"Juntas de dilataci\u00f3n\",\"item\":\"https:\/\/cortartec.net\/es\/productos\/juntas-de-dilatacion\/\"},{\"@type\":\"ListItem\",\"position\":4,\"name\":\"Cubrejuntas\",\"item\":\"https:\/\/cortartec.net\/es\/productos\/juntas-de-dilatacion\/cubrejuntas\/\"},{\"@type\":\"ListItem\",\"position\":5,\"name\":\"Cubrejuntas para revestimentos de paredes\"}]}]}<\/script>\n<!-- \/ Yoast SEO plugin. -->","yoast_head_json":{"title":"Cubrejuntas para revestimentos de paredes - Cortartec","robots":{"index":"index","follow":"follow","max-snippet":"max-snippet:-1","max-image-preview":"max-image-preview:large","max-video-preview":"max-video-preview:-1"},"canonical":"https:\/\/cortartec.net\/es\/productos\/juntas-de-dilatacion\/cubrejuntas\/cubrejuntas-para-revestimentos-de-paredes\/","og_locale":"es_ES","og_type":"article","og_title":"Cubrejuntas para revestimentos de paredes - Cortartec","og_description":"[vc_row css=\u00bb.vc_custom_1597657406758{margin-top: 50px !important;}\u00bb][vc_column][vc_tabs responsive=\u00bbfalse\u00bb container_bg_color=\u00bb\u00bb][vc_tab title=\u00bbDetalles\u00bb tab_id=\u00bb1566866031-1-40&#8243;][vc_column_text disable_pattern=\u00bbfalse\u00bb css=\u00bb.vc_custom_1597929112758{margin-bottom: 0px !important;}\u00bb]Os Los revestimientos est\u00e1n dise\u00f1ados para proteger y cubrir las juntas de fachadas, paredes, pisos y techos. Est\u00e9ticos, decorativos y econ\u00f3micos, son r\u00e1pidos y f\u00e1ciles de instalar. Para satisfacer todas sus necesidades, ofrecemos juntas de expansi\u00f3n para fachadas, para paredes, para pisos y juntas [&hellip;]","og_url":"https:\/\/cortartec.net\/es\/productos\/juntas-de-dilatacion\/cubrejuntas\/cubrejuntas-para-revestimentos-de-paredes\/","og_site_name":"Cortartec","article_publisher":"https:\/\/facebook.com\/cortartec","article_modified_time":"2020-10-15T16:31:13+00:00","og_image":[{"url":"https:\/\/cortartec.net\/wp-content\/uploads\/2019\/10\/60dt-mini.jpg"}],"twitter_card":"summary_large_image","twitter_site":"@cortartec","twitter_misc":{"Tiempo de lectura":"4 minutos"},"schema":{"@context":"https:\/\/schema.org","@graph":[{"@type":"Organization","@id":"https:\/\/cortartec.net\/fr\/#organization","name":"Cortartec","url":"https:\/\/cortartec.net\/fr\/","sameAs":["https:\/\/instagram.com\/cortartec","https:\/\/za.linkedin.com\/company\/cortartec?trk=recent-update_see-all","https:\/\/pinterest.com\/cortartec","https:\/\/youtube.com\/user\/cortartec","https:\/\/facebook.com\/cortartec","https:\/\/twitter.com\/cortartec"],"logo":{"@type":"ImageObject","inLanguage":"es","@id":"https:\/\/cortartec.net\/fr\/#\/schema\/logo\/image\/","url":"https:\/\/cortartec.net\/wp-content\/uploads\/2019\/08\/logo.png","contentUrl":"https:\/\/cortartec.net\/wp-content\/uploads\/2019\/08\/logo.png","width":400,"height":100,"caption":"Cortartec"},"image":{"@id":"https:\/\/cortartec.net\/fr\/#\/schema\/logo\/image\/"}},{"@type":"WebSite","@id":"https:\/\/cortartec.net\/fr\/#website","url":"https:\/\/cortartec.net\/fr\/","name":"Cortartec","description":"","publisher":{"@id":"https:\/\/cortartec.net\/fr\/#organization"},"potentialAction":[{"@type":"SearchAction","target":{"@type":"EntryPoint","urlTemplate":"https:\/\/cortartec.net\/fr\/?s={search_term_string}"},"query-input":"required name=search_term_string"}],"inLanguage":"es"},{"@type":"WebPage","@id":"https:\/\/cortartec.net\/es\/productos\/juntas-de-dilatacion\/cubrejuntas\/cubrejuntas-para-revestimentos-de-paredes\/","url":"https:\/\/cortartec.net\/es\/productos\/juntas-de-dilatacion\/cubrejuntas\/cubrejuntas-para-revestimentos-de-paredes\/","name":"Cubrejuntas para revestimentos de paredes - Cortartec","isPartOf":{"@id":"https:\/\/cortartec.net\/fr\/#website"},"datePublished":"2020-05-25T09:49:35+00:00","dateModified":"2020-10-15T16:31:13+00:00","breadcrumb":{"@id":"https:\/\/cortartec.net\/es\/productos\/juntas-de-dilatacion\/cubrejuntas\/cubrejuntas-para-revestimentos-de-paredes\/#breadcrumb"},"inLanguage":"es","potentialAction":[{"@type":"ReadAction","target":["https:\/\/cortartec.net\/es\/productos\/juntas-de-dilatacion\/cubrejuntas\/cubrejuntas-para-revestimentos-de-paredes\/"]}]},{"@type":"BreadcrumbList","@id":"https:\/\/cortartec.net\/es\/productos\/juntas-de-dilatacion\/cubrejuntas\/cubrejuntas-para-revestimentos-de-paredes\/#breadcrumb","itemListElement":[{"@type":"ListItem","position":1,"name":"In\u00edcio","item":"https:\/\/cortartec.net\/es\/"},{"@type":"ListItem","position":2,"name":"Productos","item":"https:\/\/cortartec.net\/es\/productos\/"},{"@type":"ListItem","position":3,"name":"Juntas de dilataci\u00f3n","item":"https:\/\/cortartec.net\/es\/productos\/juntas-de-dilatacion\/"},{"@type":"ListItem","position":4,"name":"Cubrejuntas","item":"https:\/\/cortartec.net\/es\/productos\/juntas-de-dilatacion\/cubrejuntas\/"},{"@type":"ListItem","position":5,"name":"Cubrejuntas para revestimentos de paredes"}]}]}},"_links":{"self":[{"href":"https:\/\/cortartec.net\/es\/wp-json\/wp\/v2\/pages\/4727"}],"collection":[{"href":"https:\/\/cortartec.net\/es\/wp-json\/wp\/v2\/pages"}],"about":[{"href":"https:\/\/cortartec.net\/es\/wp-json\/wp\/v2\/types\/page"}],"author":[{"embeddable":true,"href":"https:\/\/cortartec.net\/es\/wp-json\/wp\/v2\/users\/6"}],"replies":[{"embeddable":true,"href":"https:\/\/cortartec.net\/es\/wp-json\/wp\/v2\/comments?post=4727"}],"version-history":[{"count":1,"href":"https:\/\/cortartec.net\/es\/wp-json\/wp\/v2\/pages\/4727\/revisions"}],"predecessor-version":[{"id":9785,"href":"https:\/\/cortartec.net\/es\/wp-json\/wp\/v2\/pages\/4727\/revisions\/9785"}],"up":[{"embeddable":true,"href":"https:\/\/cortartec.net\/es\/wp-json\/wp\/v2\/pages\/4417"}],"wp:attachment":[{"href":"https:\/\/cortartec.net\/es\/wp-json\/wp\/v2\/media?parent=4727"}],"curies":[{"name":"wp","href":"https:\/\/api.w.org\/{rel}","templated":true}]}}