{"id":5152,"date":"2020-06-02T11:18:14","date_gmt":"2020-06-02T11:18:14","guid":{"rendered":"https:\/\/cortartec.net\/?page_id=5152"},"modified":"2020-10-06T11:44:05","modified_gmt":"2020-10-06T11:44:05","slug":"juntas-estancas-de-acero-revestido","status":"publish","type":"page","link":"https:\/\/cortartec.net\/es\/productos\/juntas-de-dilatacion\/juntas-estancas-de-acero-revestido\/","title":{"rendered":"Juntas estancas de acero revestido"},"content":{"rendered":"[vc_row css=\u00bb.vc_custom_1597656444145{margin-top: 50px !important;}\u00bb][vc_column][mk_gallery images=\u00bb2114&#8243; column=\u00bb1&#8243; height=\u00bb378&#8243; hover_scenarios=\u00bbnone\u00bb][\/vc_column][\/vc_row][vc_row css=\u00bb.vc_custom_1597656450401{margin-top: 50px !important;}\u00bb][vc_column][vc_tabs responsive=\u00bbfalse\u00bb container_bg_color=\u00bb\u00bb][vc_tab title=\u00bbDetalles\u00bb tab_id=\u00bb1566866031-1-40&#8243;][vc_column_text disable_pattern=\u00bbfalse\u00bb css=\u00bb.vc_custom_1597656483970{margin-bottom: 0px !important;}\u00bb]<strong>Los elementos CEMflex VB est\u00e1n recubiertos con una protecci\u00f3n especial en ambos lados.<\/strong><\/p>\n<p>\u00a1El CEMflex VB es una junta estanca de acero activa!<br \/>\nLa funci\u00f3n de sellado se basa en el proceso de cristalizaci\u00f3n activa, as\u00ed como en el proceso de sinterizaci\u00f3n natural del hormig\u00f3n.<br \/>\nCaracter\u00edsticas de CEMflex VB:<\/p>\n<p>El comportamiento extremadamente adherente al hormig\u00f3n es responsable de la excelente propiedad de impermeabilizaci\u00f3n.<br \/>\nCEMflex VB es compatible con la sinterizaci\u00f3n \/ cristalizaci\u00f3n natural de la articulaci\u00f3n, as\u00ed como con las grietas.<\/p>\n<p>Instalaci\u00f3n de la junta CEMflex VB:<\/p>\n<ul>\n<li>El CEMflex VB con revestimiento en ambos lados debe instalarse directamente encima del refuerzo.<br \/>\nEl CEMflex VB debe fijarse con los omegas del sistema de soporte de placa de acero.<br \/>\nLas modificaciones se realizan mediante superposici\u00f3n, que debe ser de al menos 5 cm..<\/li>\n<\/ul>\n<p>La adherencia del recubrimiento especial al concreto evita el flujo de agua a trav\u00e9s de la junta de construcci\u00f3n de concreto. Adem\u00e1s de la adhesi\u00f3n total a la l\u00e1mina de acero del recubrimiento especial y al concreto circundante, existen otras reacciones qu\u00edmicas, como la expansi\u00f3n, la cristalizaci\u00f3n, el sellado autom\u00e1tico de grietas de concreto y la sinterizaci\u00f3n \/ cristalizaci\u00f3n natural (formaci\u00f3n de piedra caliza natural) de grietas de concreto.<br \/>\nSolo se requieren 3 cm de recubrimiento de concreto en ambos lados para sellar la junta y garantizar hasta 5 bar (50 m de presi\u00f3n de agua)<br \/>\nLos elementos tienen 2000 mm de largo, 150 mm de alto y aproximadamente 1.25 mm de espesor. El recubrimiento especial no es pegajoso y, por lo tanto, no se requiere una l\u00e1mina protectora.[\/vc_column_text][\/vc_tab][vc_tab title=\u00bbDownload\u00bb tab_id=\u00bb1566866086439-2-10&#8243;][mk_button dimension=\u00bbflat\u00bb corner_style=\u00bbrounded\u00bb size=\u00bbmedium\u00bb url=\u00bbhttps:\/\/48bfe850-8fa9-41aa-a01f-515ad5db562b.filesusr.com\/ugd\/b0e443_7a0a201855f64f7f9eea0991eb6eff1c.pdf\u00bb align=\u00bbcenter\u00bb]DESCARGAR PDF[\/mk_button][\/vc_tab][vc_tab title=\u00bbCertificados\u00bb tab_id=\u00bb1566866087001-3-3&#8243;]<div role=\"form\" class=\"wpcf7\" id=\"wpcf7-f9190-o1\" lang=\"pt-PT\" dir=\"ltr\">\n<div class=\"screen-reader-response\"><p role=\"status\" aria-live=\"polite\" aria-atomic=\"true\"><\/p> <ul><\/ul><\/div>\n<form action=\"\/es\/wp-json\/wp\/v2\/pages\/5152#wpcf7-f9190-o1\" method=\"post\" class=\"wpcf7-form init\" novalidate=\"novalidate\" data-status=\"init\">\n<div style=\"display: none;\">\n<input type=\"hidden\" name=\"_wpcf7\" value=\"9190\" \/>\n<input type=\"hidden\" name=\"_wpcf7_version\" value=\"5.4.2\" \/>\n<input type=\"hidden\" name=\"_wpcf7_locale\" value=\"pt_PT\" \/>\n<input type=\"hidden\" name=\"_wpcf7_unit_tag\" value=\"wpcf7-f9190-o1\" \/>\n<input type=\"hidden\" name=\"_wpcf7_container_post\" value=\"0\" \/>\n<input type=\"hidden\" name=\"_wpcf7_posted_data_hash\" value=\"\" \/>\n<\/div>\n<p>Solicite la ficha t\u00e9cnica \/ certificados aqu\u00ed:<\/p>\n<p><span class=\"wpcf7-form-control-wrap nome\"><input type=\"text\" name=\"nome\" value=\"\" size=\"40\" class=\"wpcf7-form-control wpcf7-text wpcf7-validates-as-required\" aria-required=\"true\" aria-invalid=\"false\" placeholder=\"Nombre\" \/><\/span><\/p>\n<p><span class=\"wpcf7-form-control-wrap email\"><input type=\"email\" name=\"email\" value=\"\" size=\"40\" class=\"wpcf7-form-control wpcf7-text wpcf7-email wpcf7-validates-as-required wpcf7-validates-as-email\" aria-required=\"true\" aria-invalid=\"false\" placeholder=\"Email\" \/><\/span><\/p>\n<p><span class=\"wpcf7-form-control-wrap telefone\"><input type=\"tel\" name=\"telefone\" value=\"\" size=\"40\" class=\"wpcf7-form-control wpcf7-text wpcf7-tel wpcf7-validates-as-required wpcf7-validates-as-tel\" aria-required=\"true\" aria-invalid=\"false\" placeholder=\"Tel\u00e9fono\" \/><\/span><\/p>\n<p><span class=\"wpcf7-form-control-wrap empresa\"><input type=\"text\" name=\"empresa\" value=\"\" size=\"40\" class=\"wpcf7-form-control wpcf7-text\" aria-invalid=\"false\" placeholder=\"Empresa\" \/><\/span><\/p>\n<p><span class=\"wpcf7-form-control-wrap produto\"><input type=\"hidden\" name=\"produto\" value=\"Juntas estancas de acero revestido\" size=\"40\" class=\"wpcf7-form-control wpcf7dtx-dynamictext wpcf7-dynamichidden\" aria-invalid=\"false\" \/><\/span><\/p>\n<p><span class=\"wpcf7-form-control-wrap rgpd\"><span class=\"wpcf7-form-control wpcf7-acceptance\"><span class=\"wpcf7-list-item\"><label><input type=\"checkbox\" name=\"rgpd\" value=\"1\" aria-invalid=\"false\" \/><span class=\"wpcf7-list-item-label\">Doy mi consentimiento para que Cortartec conserve mis datos contenidos en este formulario por tiempo indefinido hasta la finalizaci\u00f3n de esta solicitud de contacto.<\/span><\/label><\/span><\/span><\/span><\/p>\n<p><input type=\"submit\" value=\"Pedir\" class=\"wpcf7-form-control wpcf7-submit\" \/><\/p>\n<p style=\"display: none !important;\" class=\"akismet-fields-container\" data-prefix=\"_wpcf7_ak_\"><label>&#916;<textarea name=\"_wpcf7_ak_hp_textarea\" cols=\"45\" rows=\"8\" maxlength=\"100\"><\/textarea><\/label><input type=\"hidden\" id=\"ak_js_1\" name=\"_wpcf7_ak_js\" value=\"68\"\/><script>document.getElementById( \"ak_js_1\" ).setAttribute( \"value\", ( new Date() ).getTime() );<\/script><\/p><div class=\"wpcf7-response-output\" aria-hidden=\"true\"><\/div><\/form><\/div>[\/vc_tab][\/vc_tabs][\/vc_column][\/vc_row][vc_row css=\u00bb.vc_custom_1597656497386{margin-top: 50px !important;}\u00bb][vc_column width=\u00bb1\/4&#8243;][mk_image src=\u00bbhttps:\/\/cortartec.net\/wp-content\/uploads\/2019\/11\/imagem2-2.jpg\u00bb image_size=\u00bbfull\u00bb align=\u00bbcenter\u00bb margin_bottom=\u00bb20&#8243;][mk_padding_divider size=\u00bb30&#8243; visibility=\u00bbvisible-sm\u00bb][\/vc_column][vc_column width=\u00bb3\/4&#8243;][vc_column_text css=\u00bb.vc_custom_1597656537517{margin-bottom: 0px !important;}\u00bb]<strong>\u00c1REAS DE APLICACI\u00d3N DE CEMflex VB<\/strong><\/p>\n<p>El CEMflex VB se puede utilizar en todas las juntas de construcci\u00f3n, horizontales o verticales, hasta una presi\u00f3n de agua m\u00e1xima de 80 metros (8 bar).<\/p>\n<p>\u00c1reas de aplicaci\u00f3n:<\/p>\n<ul>\n<li>\u00a1Sellado horizontal vertical de cualquier junta de construcci\u00f3n de hormig\u00f3n!<br \/>\nJuntas impermeables en cimientos, s\u00f3tanos, almacenes, t\u00faneles, construcciones subterr\u00e1neas y soluciones especiales.<br \/>\nEl CEMflex VB se puede utilizar en todas las juntas de construcci\u00f3n, horizontales o verticales, hasta una presi\u00f3n de agua m\u00e1xima de 80 metros (8 bar).<\/li>\n<\/ul>\n<p>\u00c1reas de aplicaci\u00f3n:<\/p>\n<ul>\n<li>\u00a1Sellado horizontal vertical de cualquier junta de construcci\u00f3n de hormig\u00f3n!<br \/>\nJuntas impermeables en cimientos, s\u00f3tanos, almacenes, t\u00faneles, construcciones subterr\u00e1neas y soluciones especiales.<\/li>\n<\/ul>\n[\/vc_column_text][\/vc_column][\/vc_row][vc_row css=\u00bb.vc_custom_1597656544462{margin-top: 50px !important;}\u00bb][vc_column][vc_column_text css=\u00bb.vc_custom_1597656584654{margin-bottom: 0px !important;}\u00bb]<strong>Composici\u00f3n de la articulaci\u00f3n CEMflex VB<\/strong><\/p>\n<p>Chapa de acero galvanizado (b = 0.75 mm \/ l = 2000 mm \/ h = 150 mm) provisto en ambos lados con un recubrimiento especial de 0.5 mm de espesor que se adhiere qu\u00edmicamente al concreto y sella permanentemente la junta.<\/p>\n<ul>\n<li>Sellado de laberinto<br \/>\nSellado de cristalizaci\u00f3n<br \/>\nSoporte activo de sinterizaci\u00f3n \/ cristalizaci\u00f3n natural, as\u00ed como la formaci\u00f3n de piedra caliza.<br \/>\nConexi\u00f3n \u00fanica extrema cuando se incorpora al concreto<br \/>\nCertificado de prueba general de acuerdo con el c\u00f3digo de construcci\u00f3n (abP)<\/li>\n<\/ul>\n[\/vc_column_text][\/vc_column][\/vc_row][vc_row css=\u00bb.vc_custom_1597656594396{margin-top: 50px !important;}\u00bb][vc_column width=\u00bb1\/2&#8243;][mk_image src=\u00bbhttps:\/\/cortartec.net\/wp-content\/uploads\/2019\/11\/imagem80-1.jpg\u00bb image_width=\u00bb300&#8243; image_height=\u00bb225&#8243; align=\u00bbcenter\u00bb margin_bottom=\u00bb20&#8243;][\/vc_column][\/vc_row][vc_row css=\u00bb.vc_custom_1597656629730{margin-top: 50px !important;}\u00bb][vc_column width=\u00bb1\/4&#8243;][mk_image src=\u00bbhttps:\/\/cortartec.net\/wp-content\/uploads\/2019\/11\/imagem2.png\u00bb image_size=\u00bbfull\u00bb align=\u00bbcenter\u00bb margin_bottom=\u00bb20&#8243;][mk_padding_divider size=\u00bb30&#8243; visibility=\u00bbvisible-sm\u00bb][\/vc_column][vc_column width=\u00bb3\/4&#8243;][vc_column_text css=\u00bb.vc_custom_1597656654887{margin-bottom: 0px !important;}\u00bb]<strong>CEMflex VB<\/strong><\/p>\n<p>La l\u00e1mina de acero CEMflex VB reacciona debido a sus diversos componentes encapsulados en el revestimiento patentado (contacto directo con los componentes de hormig\u00f3n circundantes).<br \/>\nAdem\u00e1s de la excelente uni\u00f3n de la l\u00e1mina de acero revestida especial al concreto, hay algunas reacciones qu\u00edmicas iniciadas como expansi\u00f3n, cristalizaci\u00f3n, autocorrecci\u00f3n de grietas de concreto y la sinterizaci\u00f3n \/ cristalizaci\u00f3n natural (formaci\u00f3n de piedra caliza natural) de juntas de concreto, as\u00ed como, de grietas<br \/>\nLos componentes del recubrimiento especial necesitan agua o l\u00edquidos a base de agua para iniciar autom\u00e1ticamente la reacci\u00f3n qu\u00edmica; \u00a1Este proceso de cristalizaci\u00f3n natural es un proceso activo de autocuraci\u00f3n!<\/p>\n<p>CEMflex VB es una junta estanca al agua compuesta de una placa de acero \u00abactiva\u00bb, que reacciona con el agua.<br \/>\nEste proceso de autosellado activo comienza autom\u00e1ticamente por contacto con agua. La funci\u00f3n de este proceso de sellado est\u00e1 garantizada incluso despu\u00e9s de d\u00e9cadas de instalaci\u00f3n.<br \/>\nCon el uso de CEMflex VB, siempre habr\u00e1 una reacci\u00f3n \/ proceso de impermeabilizaci\u00f3n (activo) autom\u00e1ticamente. La cristalizaci\u00f3n, la autocuraci\u00f3n de las grietas de hormig\u00f3n penetrar\u00e1 cada vez m\u00e1s profundamente en la estructura de hormig\u00f3n.<br \/>\nLa reacci\u00f3n de impermeabilizaci\u00f3n de la junta de estanqueidad de acero CEMflex VB se prob\u00f3 en la instituci\u00f3n p\u00fablica \/ independiente y se confirma con un abP (Certificado \/ Aprobaci\u00f3n del Certificado General de Construcci\u00f3n)[\/vc_column_text][\/vc_column][\/vc_row][vc_row css=\u00bb.vc_custom_1597656662747{margin-top: 50px !important;}\u00bb][vc_column][mk_fancy_title color=\u00bb#999999&#8243; size=\u00bb40&#8243; font_weight=\u00bb200&#8243; txt_transform=\u00bbuppercase\u00bb margin_bottom=\u00bb5&#8243; font_family=\u00bbnone\u00bb align=\u00bbcenter\u00bb]PRODUCTOS <strong>SIMILARES<\/strong>[\/mk_fancy_title][mk_divider style=\u00bbthin_solid\u00bb divider_width=\u00bbcustom_width\u00bb custom_width=\u00bb80&#8243; thin_single_color=\u00bb#fe6600&#8243; thickness=\u00bb4&#8243; margin_top=\u00bb0&#8243; margin_bottom=\u00bb40&#8243;][\/vc_column][\/vc_row][vc_row css=\u00bb.vc_custom_1597656668915{margin-top: 50px !important;}\u00bb][vc_column width=\u00bb1\/4&#8243;][mk_image src=\u00bbhttps:\/\/cortartec.net\/wp-content\/uploads\/2019\/11\/imagem21-1.jpg\u00bb image_width=\u00bb300&#8243; image_height=\u00bb225&#8243; link=\u00bbhttps:\/\/cortartec.net\/es\/productos\/juntas-de-dilatacion\/juntas-estanqueidad\/\u00bb align=\u00bbcenter\u00bb margin_bottom=\u00bb20&#8243;][mk_fancy_title color=\u00bb#fe6600&#8243; size=\u00bb25&#8243; font_weight=\u00bbbold\u00bb txt_transform=\u00bbuppercase\u00bb margin_bottom=\u00bb0&#8243; font_family=\u00bbnone\u00bb]Juntas estancas[\/mk_fancy_title][mk_padding_divider size=\u00bb30&#8243; visibility=\u00bbvisible-sm\u00bb][\/vc_column][vc_column width=\u00bb1\/4&#8243;][mk_image src=\u00bbhttps:\/\/cortartec.net\/wp-content\/uploads\/2020\/02\/500-01.jpg\u00bb image_width=\u00bb300&#8243; image_height=\u00bb225&#8243; link=\u00bbhttps:\/\/cortartec.net\/es\/productos\/juntas-de-dilatacion\/llenado-de-juntas\/\u00bb align=\u00bbcenter\u00bb margin_bottom=\u00bb20&#8243;][mk_fancy_title color=\u00bb#fe6600&#8243; size=\u00bb25&#8243; font_weight=\u00bbbold\u00bb txt_transform=\u00bbuppercase\u00bb margin_bottom=\u00bb0&#8243; font_family=\u00bbnone\u00bb]Llenado de juntas[\/mk_fancy_title][mk_padding_divider size=\u00bb30&#8243; visibility=\u00bbvisible-sm\u00bb][\/vc_column][vc_column width=\u00bb1\/4&#8243;][mk_image src=\u00bbhttps:\/\/cortartec.net\/wp-content\/uploads\/2020\/02\/wr.jpg\u00bb image_width=\u00bb300&#8243; image_height=\u00bb225&#8243; link=\u00bbhttps:\/\/cortartec.net\/es\/productos\/juntas-de-dilatacion\/juntas-de-dilatacion-de-techos\/\u00bb align=\u00bbcenter\u00bb margin_bottom=\u00bb20&#8243;][mk_fancy_title color=\u00bb#fe6600&#8243; size=\u00bb25&#8243; font_weight=\u00bbbold\u00bb txt_transform=\u00bbuppercase\u00bb margin_bottom=\u00bb0&#8243; font_family=\u00bbnone\u00bb]Juntas de techo[\/mk_fancy_title][mk_padding_divider size=\u00bb30&#8243; visibility=\u00bbvisible-sm\u00bb][\/vc_column][vc_column width=\u00bb1\/4&#8243;][mk_image src=\u00bbhttps:\/\/cortartec.net\/wp-content\/uploads\/2020\/02\/951-150.jpg\u00bb image_width=\u00bb300&#8243; image_height=\u00bb225&#8243; link=\u00bbhttps:\/\/cortartec.net\/es\/productos\/juntas-de-dilatacion\/juntas-para-aparcamientos\/\u00bb align=\u00bbcenter\u00bb margin_bottom=\u00bb20&#8243;][mk_fancy_title color=\u00bb#fe6600&#8243; size=\u00bb25&#8243; font_weight=\u00bbbold\u00bb txt_transform=\u00bbuppercase\u00bb margin_bottom=\u00bb0&#8243; font_family=\u00bbnone\u00bb]Juntas para aparcamientos[\/mk_fancy_title][\/vc_column][\/vc_row][vc_row fullwidth=\u00bbtrue\u00bb fullwidth_content=\u00bbfalse\u00bb css=\u00bb.vc_custom_1597656678113{margin-top: 50px !important;background-color: #fe6600 !important;}\u00bb][vc_column][mk_padding_divider size=\u00bb30&#8243;][vc_row_inner][vc_column_inner width=\u00bb2\/3&#8243;][mk_padding_divider size=\u00bb10&#8243;][mk_fancy_title tag_name=\u00bbh5&#8243; color=\u00bb#ffffff\u00bb size=\u00bb26&#8243; font_weight=\u00bb400&#8243; txt_transform=\u00bbnone\u00bb font_family=\u00bbOpen+Sans\u00bb font_type=\u00bbgoogle\u00bb]Tienes preguntas?\u00a0 Estamos aqu\u00ed para ayudarte![\/mk_fancy_title][\/vc_column_inner][vc_column_inner width=\u00bb1\/3&#8243;][mk_button dimension=\u00bbflat\u00bb corner_style=\u00bbrounded\u00bb size=\u00bblarge\u00bb url=\u00bbhttps:\/\/cortartec.net\/es\/contactos\/\u00bb align=\u00bbright\u00bb margin_right=\u00bb0&#8243; el_class=\u00bbmrightButton\u00bb bg_color=\u00bb#f0f0f0&#8243; btn_hover_bg=\u00bb#ffffff\u00bb text_color=\u00bbdark\u00bb btn_hover_txt_color=\u00bb#fe6600&#8243;]CONT\u00c1CTANOS[\/mk_button][\/vc_column_inner][\/vc_row_inner][\/vc_column][\/vc_row]\n","protected":false},"excerpt":{"rendered":"<p>[vc_row css=\u00bb.vc_custom_1597656444145{margin-top: 50px !important;}\u00bb][vc_column][mk_gallery images=\u00bb2114&#8243; column=\u00bb1&#8243; height=\u00bb378&#8243; hover_scenarios=\u00bbnone\u00bb][\/vc_column][\/vc_row][vc_row css=\u00bb.vc_custom_1597656450401{margin-top: 50px !important;}\u00bb][vc_column][vc_tabs responsive=\u00bbfalse\u00bb container_bg_color=\u00bb\u00bb][vc_tab title=\u00bbDetalles\u00bb tab_id=\u00bb1566866031-1-40&#8243;][vc_column_text disable_pattern=\u00bbfalse\u00bb css=\u00bb.vc_custom_1597656483970{margin-bottom: 0px !important;}\u00bb]Los elementos CEMflex VB est\u00e1n recubiertos con una protecci\u00f3n especial en ambos lados. \u00a1El CEMflex VB es una junta estanca de acero activa! La funci\u00f3n de sellado se basa en el proceso de cristalizaci\u00f3n activa, as\u00ed como [&hellip;]<\/p>\n","protected":false},"author":6,"featured_media":0,"parent":2787,"menu_order":0,"comment_status":"closed","ping_status":"closed","template":"","meta":[],"yoast_head":"<!-- This site is optimized with the Yoast SEO plugin v19.4 - https:\/\/yoast.com\/wordpress\/plugins\/seo\/ -->\n<title>Juntas estancas de acero revestido - Cortartec<\/title>\n<meta name=\"robots\" content=\"index, follow, max-snippet:-1, max-image-preview:large, max-video-preview:-1\" \/>\n<link rel=\"canonical\" href=\"https:\/\/cortartec.net\/es\/productos\/juntas-de-dilatacion\/juntas-estancas-de-acero-revestido\/\" \/>\n<meta property=\"og:locale\" content=\"es_ES\" \/>\n<meta property=\"og:type\" content=\"article\" \/>\n<meta property=\"og:title\" content=\"Juntas estancas de acero revestido - Cortartec\" \/>\n<meta property=\"og:description\" content=\"[vc_row css=\u00bb.vc_custom_1597656444145{margin-top: 50px !important;}\u00bb][vc_column][mk_gallery images=\u00bb2114&#8243; column=\u00bb1&#8243; height=\u00bb378&#8243; hover_scenarios=\u00bbnone\u00bb][\/vc_column][\/vc_row][vc_row css=\u00bb.vc_custom_1597656450401{margin-top: 50px !important;}\u00bb][vc_column][vc_tabs responsive=\u00bbfalse\u00bb container_bg_color=\u00bb\u00bb][vc_tab title=\u00bbDetalles\u00bb tab_id=\u00bb1566866031-1-40&#8243;][vc_column_text disable_pattern=\u00bbfalse\u00bb css=\u00bb.vc_custom_1597656483970{margin-bottom: 0px !important;}\u00bb]Los elementos CEMflex VB est\u00e1n recubiertos con una protecci\u00f3n especial en ambos lados. \u00a1El CEMflex VB es una junta estanca de acero activa! La funci\u00f3n de sellado se basa en el proceso de cristalizaci\u00f3n activa, as\u00ed como [&hellip;]\" \/>\n<meta property=\"og:url\" content=\"https:\/\/cortartec.net\/es\/productos\/juntas-de-dilatacion\/juntas-estancas-de-acero-revestido\/\" \/>\n<meta property=\"og:site_name\" content=\"Cortartec\" \/>\n<meta property=\"article:publisher\" content=\"https:\/\/facebook.com\/cortartec\" \/>\n<meta property=\"article:modified_time\" content=\"2020-10-06T11:44:05+00:00\" \/>\n<meta name=\"twitter:card\" content=\"summary_large_image\" \/>\n<meta name=\"twitter:site\" content=\"@cortartec\" \/>\n<meta name=\"twitter:label1\" content=\"Tiempo de lectura\" \/>\n\t<meta name=\"twitter:data1\" content=\"7 minutos\" \/>\n<script type=\"application\/ld+json\" class=\"yoast-schema-graph\">{\"@context\":\"https:\/\/schema.org\",\"@graph\":[{\"@type\":\"Organization\",\"@id\":\"https:\/\/cortartec.net\/fr\/#organization\",\"name\":\"Cortartec\",\"url\":\"https:\/\/cortartec.net\/fr\/\",\"sameAs\":[\"https:\/\/instagram.com\/cortartec\",\"https:\/\/za.linkedin.com\/company\/cortartec?trk=recent-update_see-all\",\"https:\/\/pinterest.com\/cortartec\",\"https:\/\/youtube.com\/user\/cortartec\",\"https:\/\/facebook.com\/cortartec\",\"https:\/\/twitter.com\/cortartec\"],\"logo\":{\"@type\":\"ImageObject\",\"inLanguage\":\"es\",\"@id\":\"https:\/\/cortartec.net\/fr\/#\/schema\/logo\/image\/\",\"url\":\"https:\/\/cortartec.net\/wp-content\/uploads\/2019\/08\/logo.png\",\"contentUrl\":\"https:\/\/cortartec.net\/wp-content\/uploads\/2019\/08\/logo.png\",\"width\":400,\"height\":100,\"caption\":\"Cortartec\"},\"image\":{\"@id\":\"https:\/\/cortartec.net\/fr\/#\/schema\/logo\/image\/\"}},{\"@type\":\"WebSite\",\"@id\":\"https:\/\/cortartec.net\/fr\/#website\",\"url\":\"https:\/\/cortartec.net\/fr\/\",\"name\":\"Cortartec\",\"description\":\"\",\"publisher\":{\"@id\":\"https:\/\/cortartec.net\/fr\/#organization\"},\"potentialAction\":[{\"@type\":\"SearchAction\",\"target\":{\"@type\":\"EntryPoint\",\"urlTemplate\":\"https:\/\/cortartec.net\/fr\/?s={search_term_string}\"},\"query-input\":\"required name=search_term_string\"}],\"inLanguage\":\"es\"},{\"@type\":\"WebPage\",\"@id\":\"https:\/\/cortartec.net\/es\/productos\/juntas-de-dilatacion\/juntas-estancas-de-acero-revestido\/\",\"url\":\"https:\/\/cortartec.net\/es\/productos\/juntas-de-dilatacion\/juntas-estancas-de-acero-revestido\/\",\"name\":\"Juntas estancas de acero revestido - Cortartec\",\"isPartOf\":{\"@id\":\"https:\/\/cortartec.net\/fr\/#website\"},\"datePublished\":\"2020-06-02T11:18:14+00:00\",\"dateModified\":\"2020-10-06T11:44:05+00:00\",\"breadcrumb\":{\"@id\":\"https:\/\/cortartec.net\/es\/productos\/juntas-de-dilatacion\/juntas-estancas-de-acero-revestido\/#breadcrumb\"},\"inLanguage\":\"es\",\"potentialAction\":[{\"@type\":\"ReadAction\",\"target\":[\"https:\/\/cortartec.net\/es\/productos\/juntas-de-dilatacion\/juntas-estancas-de-acero-revestido\/\"]}]},{\"@type\":\"BreadcrumbList\",\"@id\":\"https:\/\/cortartec.net\/es\/productos\/juntas-de-dilatacion\/juntas-estancas-de-acero-revestido\/#breadcrumb\",\"itemListElement\":[{\"@type\":\"ListItem\",\"position\":1,\"name\":\"In\u00edcio\",\"item\":\"https:\/\/cortartec.net\/es\/\"},{\"@type\":\"ListItem\",\"position\":2,\"name\":\"Productos\",\"item\":\"https:\/\/cortartec.net\/es\/productos\/\"},{\"@type\":\"ListItem\",\"position\":3,\"name\":\"Juntas de dilataci\u00f3n\",\"item\":\"https:\/\/cortartec.net\/es\/productos\/juntas-de-dilatacion\/\"},{\"@type\":\"ListItem\",\"position\":4,\"name\":\"Juntas estancas de acero revestido\"}]}]}<\/script>\n<!-- \/ Yoast SEO plugin. -->","yoast_head_json":{"title":"Juntas estancas de acero revestido - Cortartec","robots":{"index":"index","follow":"follow","max-snippet":"max-snippet:-1","max-image-preview":"max-image-preview:large","max-video-preview":"max-video-preview:-1"},"canonical":"https:\/\/cortartec.net\/es\/productos\/juntas-de-dilatacion\/juntas-estancas-de-acero-revestido\/","og_locale":"es_ES","og_type":"article","og_title":"Juntas estancas de acero revestido - Cortartec","og_description":"[vc_row css=\u00bb.vc_custom_1597656444145{margin-top: 50px !important;}\u00bb][vc_column][mk_gallery images=\u00bb2114&#8243; column=\u00bb1&#8243; height=\u00bb378&#8243; hover_scenarios=\u00bbnone\u00bb][\/vc_column][\/vc_row][vc_row css=\u00bb.vc_custom_1597656450401{margin-top: 50px !important;}\u00bb][vc_column][vc_tabs responsive=\u00bbfalse\u00bb container_bg_color=\u00bb\u00bb][vc_tab title=\u00bbDetalles\u00bb tab_id=\u00bb1566866031-1-40&#8243;][vc_column_text disable_pattern=\u00bbfalse\u00bb css=\u00bb.vc_custom_1597656483970{margin-bottom: 0px !important;}\u00bb]Los elementos CEMflex VB est\u00e1n recubiertos con una protecci\u00f3n especial en ambos lados. \u00a1El CEMflex VB es una junta estanca de acero activa! La funci\u00f3n de sellado se basa en el proceso de cristalizaci\u00f3n activa, as\u00ed como [&hellip;]","og_url":"https:\/\/cortartec.net\/es\/productos\/juntas-de-dilatacion\/juntas-estancas-de-acero-revestido\/","og_site_name":"Cortartec","article_publisher":"https:\/\/facebook.com\/cortartec","article_modified_time":"2020-10-06T11:44:05+00:00","twitter_card":"summary_large_image","twitter_site":"@cortartec","twitter_misc":{"Tiempo de lectura":"7 minutos"},"schema":{"@context":"https:\/\/schema.org","@graph":[{"@type":"Organization","@id":"https:\/\/cortartec.net\/fr\/#organization","name":"Cortartec","url":"https:\/\/cortartec.net\/fr\/","sameAs":["https:\/\/instagram.com\/cortartec","https:\/\/za.linkedin.com\/company\/cortartec?trk=recent-update_see-all","https:\/\/pinterest.com\/cortartec","https:\/\/youtube.com\/user\/cortartec","https:\/\/facebook.com\/cortartec","https:\/\/twitter.com\/cortartec"],"logo":{"@type":"ImageObject","inLanguage":"es","@id":"https:\/\/cortartec.net\/fr\/#\/schema\/logo\/image\/","url":"https:\/\/cortartec.net\/wp-content\/uploads\/2019\/08\/logo.png","contentUrl":"https:\/\/cortartec.net\/wp-content\/uploads\/2019\/08\/logo.png","width":400,"height":100,"caption":"Cortartec"},"image":{"@id":"https:\/\/cortartec.net\/fr\/#\/schema\/logo\/image\/"}},{"@type":"WebSite","@id":"https:\/\/cortartec.net\/fr\/#website","url":"https:\/\/cortartec.net\/fr\/","name":"Cortartec","description":"","publisher":{"@id":"https:\/\/cortartec.net\/fr\/#organization"},"potentialAction":[{"@type":"SearchAction","target":{"@type":"EntryPoint","urlTemplate":"https:\/\/cortartec.net\/fr\/?s={search_term_string}"},"query-input":"required name=search_term_string"}],"inLanguage":"es"},{"@type":"WebPage","@id":"https:\/\/cortartec.net\/es\/productos\/juntas-de-dilatacion\/juntas-estancas-de-acero-revestido\/","url":"https:\/\/cortartec.net\/es\/productos\/juntas-de-dilatacion\/juntas-estancas-de-acero-revestido\/","name":"Juntas estancas de acero revestido - Cortartec","isPartOf":{"@id":"https:\/\/cortartec.net\/fr\/#website"},"datePublished":"2020-06-02T11:18:14+00:00","dateModified":"2020-10-06T11:44:05+00:00","breadcrumb":{"@id":"https:\/\/cortartec.net\/es\/productos\/juntas-de-dilatacion\/juntas-estancas-de-acero-revestido\/#breadcrumb"},"inLanguage":"es","potentialAction":[{"@type":"ReadAction","target":["https:\/\/cortartec.net\/es\/productos\/juntas-de-dilatacion\/juntas-estancas-de-acero-revestido\/"]}]},{"@type":"BreadcrumbList","@id":"https:\/\/cortartec.net\/es\/productos\/juntas-de-dilatacion\/juntas-estancas-de-acero-revestido\/#breadcrumb","itemListElement":[{"@type":"ListItem","position":1,"name":"In\u00edcio","item":"https:\/\/cortartec.net\/es\/"},{"@type":"ListItem","position":2,"name":"Productos","item":"https:\/\/cortartec.net\/es\/productos\/"},{"@type":"ListItem","position":3,"name":"Juntas de dilataci\u00f3n","item":"https:\/\/cortartec.net\/es\/productos\/juntas-de-dilatacion\/"},{"@type":"ListItem","position":4,"name":"Juntas estancas de acero revestido"}]}]}},"_links":{"self":[{"href":"https:\/\/cortartec.net\/es\/wp-json\/wp\/v2\/pages\/5152"}],"collection":[{"href":"https:\/\/cortartec.net\/es\/wp-json\/wp\/v2\/pages"}],"about":[{"href":"https:\/\/cortartec.net\/es\/wp-json\/wp\/v2\/types\/page"}],"author":[{"embeddable":true,"href":"https:\/\/cortartec.net\/es\/wp-json\/wp\/v2\/users\/6"}],"replies":[{"embeddable":true,"href":"https:\/\/cortartec.net\/es\/wp-json\/wp\/v2\/comments?post=5152"}],"version-history":[{"count":1,"href":"https:\/\/cortartec.net\/es\/wp-json\/wp\/v2\/pages\/5152\/revisions"}],"predecessor-version":[{"id":9690,"href":"https:\/\/cortartec.net\/es\/wp-json\/wp\/v2\/pages\/5152\/revisions\/9690"}],"up":[{"embeddable":true,"href":"https:\/\/cortartec.net\/es\/wp-json\/wp\/v2\/pages\/2787"}],"wp:attachment":[{"href":"https:\/\/cortartec.net\/es\/wp-json\/wp\/v2\/media?parent=5152"}],"curies":[{"name":"wp","href":"https:\/\/api.w.org\/{rel}","templated":true}]}}