{"id":5307,"date":"2020-06-04T11:12:39","date_gmt":"2020-06-04T11:12:39","guid":{"rendered":"https:\/\/cortartec.net\/?page_id=5307"},"modified":"2020-10-06T10:11:18","modified_gmt":"2020-10-06T10:11:18","slug":"juntas-para-puentes-y-viaductos","status":"publish","type":"page","link":"https:\/\/cortartec.net\/es\/productos\/juntas-de-dilatacion\/juntas-para-puentes-y-viaductos\/","title":{"rendered":"Juntas para puentes y viaductos"},"content":{"rendered":"[vc_row][vc_column][mk_gallery images=\u00bb2067,2068,2069&#8243; image_size=\u00bbfull\u00bb hover_scenarios=\u00bbnone\u00bb][\/vc_column][\/vc_row][vc_row css=\u00bb.vc_custom_1597655751328{margin-top: 50px !important;}\u00bb][vc_column][vc_tabs responsive=\u00bbfalse\u00bb container_bg_color=\u00bb\u00bb][vc_tab title=\u00bbDetalles\u00bb tab_id=\u00bb1566866031-1-40&#8243;][vc_column_text disable_pattern=\u00bbfalse\u00bb css=\u00bb.vc_custom_1597921276824{margin-bottom: 0px !important;}\u00bb]La mejor soluci\u00f3n para evitar da\u00f1os en puentes y viaductos.<\/p>\n<p>La junta de expansi\u00f3n es un dispositivo elastom\u00e9rico que soporta el movimiento relativo entre dos elementos estructurales en un puente o carretera. Sus funciones principales son:<\/p>\n<ul>\n<li>Permita el libre movimiento de las placas, soportando las cargas transmitidas.<br \/>\nContinuar el camino, soportando la carga de tr\u00e1fico.<br \/>\nPara evitar ruidos, impactos y vibraciones.<br \/>\nProporcione un sello adecuado y permita la evacuaci\u00f3n del agua.<\/li>\n<\/ul>\n<p>Las juntas de expansi\u00f3n est\u00e1n hechas por una estructura interna de acero, dise\u00f1ada para evitar la deformaci\u00f3n de la junta y permitir una transici\u00f3n suave entre las placas en cualquier condici\u00f3n de expansi\u00f3n, al tiempo que reduce al m\u00e1ximo las cargas generadas en el elast\u00f3mero y que se transmiten al Tornillos de fijaci\u00f3n al tablero.[\/vc_column_text][\/vc_tab][vc_tab title=\u00bbDownload\u00bb tab_id=\u00bb1566866086439-2-10&#8243;][mk_button dimension=\u00bbflat\u00bb corner_style=\u00bbrounded\u00bb size=\u00bbmedium\u00bb url=\u00bbhttps:\/\/48bfe850-8fa9-41aa-a01f-515ad5db562b.filesusr.com\/ugd\/b0e443_368e8cf077a2445ca0737fba4faaf955.pdf\u00bb align=\u00bbcenter\u00bb]DESCARGAR PDF[\/mk_button][\/vc_tab][vc_tab title=\u00bbCertificados\u00bb tab_id=\u00bb1566866087001-3-3&#8243;]<div role=\"form\" class=\"wpcf7\" id=\"wpcf7-f9190-o1\" lang=\"pt-PT\" dir=\"ltr\">\n<div class=\"screen-reader-response\"><p role=\"status\" aria-live=\"polite\" aria-atomic=\"true\"><\/p> <ul><\/ul><\/div>\n<form action=\"\/es\/wp-json\/wp\/v2\/pages\/5307#wpcf7-f9190-o1\" method=\"post\" class=\"wpcf7-form init\" novalidate=\"novalidate\" data-status=\"init\">\n<div style=\"display: none;\">\n<input type=\"hidden\" name=\"_wpcf7\" value=\"9190\" \/>\n<input type=\"hidden\" name=\"_wpcf7_version\" value=\"5.4.2\" \/>\n<input type=\"hidden\" name=\"_wpcf7_locale\" value=\"pt_PT\" \/>\n<input type=\"hidden\" name=\"_wpcf7_unit_tag\" value=\"wpcf7-f9190-o1\" \/>\n<input type=\"hidden\" name=\"_wpcf7_container_post\" value=\"0\" \/>\n<input type=\"hidden\" name=\"_wpcf7_posted_data_hash\" value=\"\" \/>\n<\/div>\n<p>Solicite la ficha t\u00e9cnica \/ certificados aqu\u00ed:<\/p>\n<p><span class=\"wpcf7-form-control-wrap nome\"><input type=\"text\" name=\"nome\" value=\"\" size=\"40\" class=\"wpcf7-form-control wpcf7-text wpcf7-validates-as-required\" aria-required=\"true\" aria-invalid=\"false\" placeholder=\"Nombre\" \/><\/span><\/p>\n<p><span class=\"wpcf7-form-control-wrap email\"><input type=\"email\" name=\"email\" value=\"\" size=\"40\" class=\"wpcf7-form-control wpcf7-text wpcf7-email wpcf7-validates-as-required wpcf7-validates-as-email\" aria-required=\"true\" aria-invalid=\"false\" placeholder=\"Email\" \/><\/span><\/p>\n<p><span class=\"wpcf7-form-control-wrap telefone\"><input type=\"tel\" name=\"telefone\" value=\"\" size=\"40\" class=\"wpcf7-form-control wpcf7-text wpcf7-tel wpcf7-validates-as-required wpcf7-validates-as-tel\" aria-required=\"true\" aria-invalid=\"false\" placeholder=\"Tel\u00e9fono\" \/><\/span><\/p>\n<p><span class=\"wpcf7-form-control-wrap empresa\"><input type=\"text\" name=\"empresa\" value=\"\" size=\"40\" class=\"wpcf7-form-control wpcf7-text\" aria-invalid=\"false\" placeholder=\"Empresa\" \/><\/span><\/p>\n<p><span class=\"wpcf7-form-control-wrap produto\"><input type=\"hidden\" name=\"produto\" value=\"Juntas para puentes y viaductos\" size=\"40\" class=\"wpcf7-form-control wpcf7dtx-dynamictext wpcf7-dynamichidden\" aria-invalid=\"false\" \/><\/span><\/p>\n<p><span class=\"wpcf7-form-control-wrap rgpd\"><span class=\"wpcf7-form-control wpcf7-acceptance\"><span class=\"wpcf7-list-item\"><label><input type=\"checkbox\" name=\"rgpd\" value=\"1\" aria-invalid=\"false\" \/><span class=\"wpcf7-list-item-label\">Doy mi consentimiento para que Cortartec conserve mis datos contenidos en este formulario por tiempo indefinido hasta la finalizaci\u00f3n de esta solicitud de contacto.<\/span><\/label><\/span><\/span><\/span><\/p>\n<p><input type=\"submit\" value=\"Pedir\" class=\"wpcf7-form-control wpcf7-submit\" \/><\/p>\n<p style=\"display: none !important;\" class=\"akismet-fields-container\" data-prefix=\"_wpcf7_ak_\"><label>&#916;<textarea name=\"_wpcf7_ak_hp_textarea\" cols=\"45\" rows=\"8\" maxlength=\"100\"><\/textarea><\/label><input type=\"hidden\" id=\"ak_js_1\" name=\"_wpcf7_ak_js\" value=\"177\"\/><script>document.getElementById( \"ak_js_1\" ).setAttribute( \"value\", ( new Date() ).getTime() );<\/script><\/p><div class=\"wpcf7-response-output\" aria-hidden=\"true\"><\/div><\/form><\/div>[\/vc_tab][\/vc_tabs][\/vc_column][\/vc_row][vc_row css=\u00bb.vc_custom_1597655788680{margin-top: 50px !important;}\u00bb][vc_column width=\u00bb1\/4&#8243;][mk_image src=\u00bbhttps:\/\/cortartec.net\/wp-content\/uploads\/2019\/11\/imagem72.jpg\u00bb image_width=\u00bb300&#8243; image_height=\u00bb225&#8243; align=\u00bbcenter\u00bb margin_bottom=\u00bb20&#8243;][\/vc_column][vc_column width=\u00bb3\/4&#8243;][mk_fancy_title color=\u00bb#fe6600&#8243; size=\u00bb25&#8243; font_weight=\u00bbbold\u00bb txt_transform=\u00bbuppercase\u00bb font_family=\u00bbnone\u00bb]SC42-80[\/mk_fancy_title][vc_column_text css=\u00bb.vc_custom_1597655948510{margin-bottom: 0px !important;}\u00bb]El sistema Herflex permite la absorci\u00f3n de movimientos medios debido a su elemento el\u00e1stico de deformaci\u00f3n multidireccional. Soporta brechas m\u00e1s grandes que las te\u00f3ricas. Se garantiza un sellado efectivo, bajo mantenimiento y f\u00e1cil reemplazo. Los modelos HERFLEX SC cubren una gama de movimientos que van desde 42 mm a 80 mm.[\/vc_column_text][\/vc_column][\/vc_row][vc_row css=\u00bb.vc_custom_1597655808082{margin-top: 50px !important;}\u00bb][vc_column width=\u00bb1\/4&#8243;][mk_image src=\u00bbhttps:\/\/cortartec.net\/wp-content\/uploads\/2019\/11\/imagem73-1.jpg\u00bb image_width=\u00bb300&#8243; image_height=\u00bb225&#8243; align=\u00bbcenter\u00bb margin_bottom=\u00bb20&#8243;][\/vc_column][vc_column width=\u00bb3\/4&#8243;][mk_fancy_title color=\u00bb#fe6600&#8243; size=\u00bb25&#8243; font_weight=\u00bbbold\u00bb txt_transform=\u00bbuppercase\u00bb font_family=\u00bbnone\u00bb]SC100-330[\/mk_fancy_title][vc_column_text css=\u00bb.vc_custom_1597655956767{margin-bottom: 0px !important;}\u00bb]El sistema Herflex permite la absorci\u00f3n de grandes movimientos debido a su elemento el\u00e1stico de deformaci\u00f3n multidireccional. Soporta brechas m\u00e1s grandes que las te\u00f3ricas. Se garantiza un sellado efectivo, bajo mantenimiento y f\u00e1cil reemplazo. Los modelos HERFLEX SC cubren un rango de movimiento que var\u00eda de 100 mm a 330 mm.[\/vc_column_text][\/vc_column][\/vc_row][vc_row css=\u00bb.vc_custom_1597655836528{margin-top: 50px !important;}\u00bb][vc_column width=\u00bb1\/4&#8243;][mk_image src=\u00bbhttps:\/\/cortartec.net\/wp-content\/uploads\/2019\/11\/imagem74-1.jpg\u00bb image_width=\u00bb300&#8243; image_height=\u00bb225&#8243; align=\u00bbcenter\u00bb margin_bottom=\u00bb20&#8243;][\/vc_column][vc_column width=\u00bb3\/4&#8243;][mk_fancy_title color=\u00bb#fe6600&#8243; size=\u00bb25&#8243; font_weight=\u00bbbold\u00bb txt_transform=\u00bbuppercase\u00bb font_family=\u00bbnone\u00bb]HF50-150[\/mk_fancy_title][vc_column_text css=\u00bb.vc_custom_1597655966398{margin-bottom: 0px !important;}\u00bb]El sistema Herflex permite la absorci\u00f3n de movimientos medios debido a su elemento el\u00e1stico de deformaci\u00f3n multidireccional. Soporta brechas m\u00e1s grandes que las te\u00f3ricas. Se garantiza un sellado efectivo, bajo mantenimiento y f\u00e1cil reemplazo. Los modelos HERFLEX HF cubren un rango de movimiento que var\u00eda de 50 mm a 180 mm.[\/vc_column_text][\/vc_column][\/vc_row][vc_row css=\u00bb.vc_custom_1597655857146{margin-top: 50px !important;}\u00bb][vc_column width=\u00bb1\/4&#8243;][mk_image src=\u00bbhttps:\/\/cortartec.net\/wp-content\/uploads\/2019\/11\/imagem75.jpg\u00bb image_width=\u00bb300&#8243; image_height=\u00bb225&#8243; align=\u00bbcenter\u00bb margin_bottom=\u00bb20&#8243;][\/vc_column][vc_column width=\u00bb3\/4&#8243;][mk_fancy_title color=\u00bb#fe6600&#8243; size=\u00bb25&#8243; font_weight=\u00bbbold\u00bb txt_transform=\u00bbuppercase\u00bb font_family=\u00bbnone\u00bb]HF210-380[\/mk_fancy_title][vc_column_text css=\u00bb.vc_custom_1597655976680{margin-bottom: 0px !important;}\u00bb]El sistema Herflex permite la absorci\u00f3n de movimientos medios debido a su elemento el\u00e1stico de deformaci\u00f3n multidireccional. Soporta brechas m\u00e1s grandes que las te\u00f3ricas. Se garantiza un sellado efectivo, bajo mantenimiento y f\u00e1cil reemplazo. Los modelos HERFLEX HF cubren una gama de movimientos que van desde 210 mm a 380 mm.[\/vc_column_text][\/vc_column][\/vc_row][vc_row css=\u00bb.vc_custom_1597655876088{margin-top: 50px !important;}\u00bb][vc_column width=\u00bb1\/4&#8243;][mk_image src=\u00bbhttps:\/\/cortartec.net\/wp-content\/uploads\/2019\/11\/imagem76-1.jpg\u00bb image_width=\u00bb300&#8243; image_height=\u00bb225&#8243; align=\u00bbcenter\u00bb margin_bottom=\u00bb20&#8243;][\/vc_column][vc_column width=\u00bb3\/4&#8243;][mk_fancy_title color=\u00bb#fe6600&#8243; size=\u00bb25&#8243; font_weight=\u00bbbold\u00bb txt_transform=\u00bbuppercase\u00bb font_family=\u00bbnone\u00bb]SCB50-75[\/mk_fancy_title][vc_column_text css=\u00bb.vc_custom_1597655990802{margin-bottom: 0px !important;}\u00bb]Dise\u00f1ado para acomodar movimientos en estructuras que no soportan tr\u00e1fico pesado e intenso, con baja transferencia de carga a losas o losas. M\u00e1xima comodidad y durabilidad del tr\u00e1fico.<br \/>\nAmbos perfiles se suministran en longitudes de 1,83 m, para anclarlos en tablas o forjados con anclajes fijos qu\u00edmicamente.<br \/>\nEl movimiento es absorbido por la deformaci\u00f3n de una membrana central resistente. Las cargas de impacto son absorbidas por el elast\u00f3mero y no se transmiten directamente a los anclajes de fijaci\u00f3n.<br \/>\nLos modelos HERFLEX SCB50 y SCB75 cubren una gama de movimientos de 50 mm y 75 mm, respectivamente.[\/vc_column_text][\/vc_column][\/vc_row][vc_row css=\u00bb.vc_custom_1597655894737{margin-top: 50px !important;}\u00bb][vc_column width=\u00bb1\/4&#8243;][mk_image src=\u00bbhttps:\/\/cortartec.net\/wp-content\/uploads\/2019\/11\/imagem77-1.jpg\u00bb image_width=\u00bb300&#8243; image_height=\u00bb225&#8243; align=\u00bbcenter\u00bb margin_bottom=\u00bb20&#8243;][\/vc_column][vc_column width=\u00bb3\/4&#8243;][mk_fancy_title color=\u00bb#fe6600&#8243; size=\u00bb25&#8243; font_weight=\u00bbbold\u00bb txt_transform=\u00bbuppercase\u00bb font_family=\u00bbnone\u00bb]SCM[\/mk_fancy_title][vc_column_text css=\u00bb.vc_custom_1597656008396{margin-bottom: 0px !important;}\u00bb]El sistema Herflex SCM est\u00e1 dise\u00f1ado para grandes movimientos. Est\u00e1n formados por un m\u00f3dulo de movimiento y un m\u00f3dulo de puente. El m\u00f3dulo de movimiento es la parte m\u00f3vil formada por caucho y acero, que ajusta los movimientos planificados. El m\u00f3dulo met\u00e1lico (m\u00f3dulo puente) se encarga de conectar el espacio estructural. Los modelos HERFLEX SCM cubren una amplia gama de movimientos que van desde 400 mm a 1600 mm.[\/vc_column_text][\/vc_column][\/vc_row][vc_row css=\u00bb.vc_custom_1597655913559{margin-top: 50px !important;}\u00bb][vc_column][mk_fancy_title color=\u00bb#999999&#8243; size=\u00bb40&#8243; font_weight=\u00bb200&#8243; txt_transform=\u00bbuppercase\u00bb margin_bottom=\u00bb5&#8243; font_family=\u00bbnone\u00bb align=\u00bbcenter\u00bb]PRODUCTOS <strong>SIMILARES<\/strong>[\/mk_fancy_title][mk_divider style=\u00bbthin_solid\u00bb divider_width=\u00bbcustom_width\u00bb custom_width=\u00bb80&#8243; thin_single_color=\u00bb#fe6600&#8243; thickness=\u00bb4&#8243; margin_top=\u00bb0&#8243; margin_bottom=\u00bb40&#8243;][\/vc_column][\/vc_row][vc_row css=\u00bb.vc_custom_1597655930997{margin-top: 50px !important;}\u00bb][vc_column width=\u00bb1\/4&#8243;][mk_image src=\u00bbhttps:\/\/cortartec.net\/wp-content\/uploads\/2019\/11\/imagem22.jpg\u00bb image_width=\u00bb300&#8243; image_height=\u00bb225&#8243; link=\u00bbhttps:\/\/cortartec.net\/es\/productos\/juntas-de-dilatacion\/juntas-estanqueidad\/\u00bb align=\u00bbcenter\u00bb margin_bottom=\u00bb20&#8243;][mk_fancy_title color=\u00bb#fe6600&#8243; size=\u00bb25&#8243; font_weight=\u00bbbold\u00bb txt_transform=\u00bbuppercase\u00bb margin_bottom=\u00bb0&#8243; font_family=\u00bbnone\u00bb]Juntas estancas[\/mk_fancy_title][mk_padding_divider size=\u00bb30&#8243; visibility=\u00bbvisible-sm\u00bb][\/vc_column][vc_column width=\u00bb1\/4&#8243;][mk_image src=\u00bbhttps:\/\/cortartec.net\/wp-content\/uploads\/2020\/02\/500-01.jpg\u00bb image_width=\u00bb300&#8243; image_height=\u00bb225&#8243; link=\u00bbhttps:\/\/cortartec.net\/es\/productos\/juntas-de-dilatacion\/llenado-de-juntas\/\u00bb align=\u00bbcenter\u00bb margin_bottom=\u00bb20&#8243;][mk_fancy_title color=\u00bb#fe6600&#8243; size=\u00bb25&#8243; font_weight=\u00bbbold\u00bb txt_transform=\u00bbuppercase\u00bb margin_bottom=\u00bb0&#8243; font_family=\u00bbnone\u00bb]Llenado de juntas[\/mk_fancy_title][mk_padding_divider size=\u00bb30&#8243; visibility=\u00bbvisible-sm\u00bb][\/vc_column][vc_column width=\u00bb1\/4&#8243;][mk_image src=\u00bbhttps:\/\/cortartec.net\/wp-content\/uploads\/2019\/11\/imagem15-1.jpg\u00bb image_width=\u00bb300&#8243; image_height=\u00bb225&#8243; link=\u00bbhttps:\/\/cortartec.net\/es\/productos\/juntas-de-dilatacion\/juntas-sismicas\/\u00bb align=\u00bbcenter\u00bb margin_bottom=\u00bb20&#8243;][mk_fancy_title color=\u00bb#fe6600&#8243; size=\u00bb25&#8243; font_weight=\u00bbbold\u00bb txt_transform=\u00bbuppercase\u00bb margin_bottom=\u00bb0&#8243; font_family=\u00bbnone\u00bb]Juntas antisismicas[\/mk_fancy_title][mk_padding_divider size=\u00bb30&#8243; visibility=\u00bbvisible-sm\u00bb][\/vc_column][vc_column width=\u00bb1\/4&#8243;][mk_image src=\u00bbhttps:\/\/cortartec.net\/wp-content\/uploads\/2020\/06\/ksansinus.png\u00bb image_width=\u00bb300&#8243; image_height=\u00bb225&#8243; link=\u00bbhttps:\/\/cortartec.net\/es\/productos\/juntas-de-dilatacion\/juntas-para-suelos-industriales\/\u00bb align=\u00bbcenter\u00bb margin_bottom=\u00bb20&#8243;][mk_fancy_title color=\u00bb#fe6600&#8243; size=\u00bb25&#8243; font_weight=\u00bbbold\u00bb txt_transform=\u00bbuppercase\u00bb margin_bottom=\u00bb0&#8243; font_family=\u00bbnone\u00bb]Juntas industriales[\/mk_fancy_title][\/vc_column][\/vc_row][vc_row fullwidth=\u00bbtrue\u00bb fullwidth_content=\u00bbfalse\u00bb css=\u00bb.vc_custom_1597403978460{margin-top: 50px !important;padding-top: 30px !important;background-color: #fe6600 !important;}\u00bb][vc_column width=\u00bb2\/3&#8243;][mk_fancy_title tag_name=\u00bbh5&#8243; color=\u00bb#ffffff\u00bb size=\u00bb26&#8243; font_weight=\u00bb400&#8243; txt_transform=\u00bbnone\u00bb margin_top=\u00bb10&#8243; font_family=\u00bbnone\u00bb]Tienes preguntas? Estamos aqu\u00ed para ayudarte![\/mk_fancy_title][\/vc_column][vc_column width=\u00bb1\/3&#8243;][mk_button dimension=\u00bbflat\u00bb corner_style=\u00bbrounded\u00bb size=\u00bblarge\u00bb url=\u00bbhttps:\/\/cortartec.net\/es\/contactos\/\u00bb align=\u00bbright\u00bb margin_right=\u00bb0&#8243; el_class=\u00bbmrightButton\u00bb bg_color=\u00bb#f0f0f0&#8243; btn_hover_bg=\u00bb#ffffff\u00bb text_color=\u00bbdark\u00bb btn_hover_txt_color=\u00bb#fe6600&#8243;]CONT\u00c1CTANOS[\/mk_button][\/vc_column][\/vc_row]\n","protected":false},"excerpt":{"rendered":"<p>[vc_row][vc_column][mk_gallery images=\u00bb2067,2068,2069&#8243; image_size=\u00bbfull\u00bb hover_scenarios=\u00bbnone\u00bb][\/vc_column][\/vc_row][vc_row css=\u00bb.vc_custom_1597655751328{margin-top: 50px !important;}\u00bb][vc_column][vc_tabs responsive=\u00bbfalse\u00bb container_bg_color=\u00bb\u00bb][vc_tab title=\u00bbDetalles\u00bb tab_id=\u00bb1566866031-1-40&#8243;][vc_column_text disable_pattern=\u00bbfalse\u00bb css=\u00bb.vc_custom_1597921276824{margin-bottom: 0px !important;}\u00bb]La mejor soluci\u00f3n para evitar da\u00f1os en puentes y viaductos. La junta de expansi\u00f3n es un dispositivo elastom\u00e9rico que soporta el movimiento relativo entre dos elementos estructurales en un puente o carretera. Sus funciones principales son: Permita el libre movimiento de [&hellip;]<\/p>\n","protected":false},"author":6,"featured_media":0,"parent":2787,"menu_order":0,"comment_status":"closed","ping_status":"closed","template":"","meta":[],"yoast_head":"<!-- This site is optimized with the Yoast SEO plugin v19.4 - https:\/\/yoast.com\/wordpress\/plugins\/seo\/ -->\n<title>Juntas para puentes y viaductos - Cortartec<\/title>\n<meta name=\"robots\" content=\"index, follow, max-snippet:-1, max-image-preview:large, max-video-preview:-1\" \/>\n<link rel=\"canonical\" href=\"https:\/\/cortartec.net\/es\/productos\/juntas-de-dilatacion\/juntas-para-puentes-y-viaductos\/\" \/>\n<meta property=\"og:locale\" content=\"es_ES\" \/>\n<meta property=\"og:type\" content=\"article\" \/>\n<meta property=\"og:title\" content=\"Juntas para puentes y viaductos - Cortartec\" \/>\n<meta property=\"og:description\" content=\"[vc_row][vc_column][mk_gallery images=\u00bb2067,2068,2069&#8243; image_size=\u00bbfull\u00bb hover_scenarios=\u00bbnone\u00bb][\/vc_column][\/vc_row][vc_row css=\u00bb.vc_custom_1597655751328{margin-top: 50px !important;}\u00bb][vc_column][vc_tabs responsive=\u00bbfalse\u00bb container_bg_color=\u00bb\u00bb][vc_tab title=\u00bbDetalles\u00bb tab_id=\u00bb1566866031-1-40&#8243;][vc_column_text disable_pattern=\u00bbfalse\u00bb css=\u00bb.vc_custom_1597921276824{margin-bottom: 0px !important;}\u00bb]La mejor soluci\u00f3n para evitar da\u00f1os en puentes y viaductos. La junta de expansi\u00f3n es un dispositivo elastom\u00e9rico que soporta el movimiento relativo entre dos elementos estructurales en un puente o carretera. Sus funciones principales son: Permita el libre movimiento de [&hellip;]\" \/>\n<meta property=\"og:url\" content=\"https:\/\/cortartec.net\/es\/productos\/juntas-de-dilatacion\/juntas-para-puentes-y-viaductos\/\" \/>\n<meta property=\"og:site_name\" content=\"Cortartec\" \/>\n<meta property=\"article:publisher\" content=\"https:\/\/facebook.com\/cortartec\" \/>\n<meta property=\"article:modified_time\" content=\"2020-10-06T10:11:18+00:00\" \/>\n<meta name=\"twitter:card\" content=\"summary_large_image\" \/>\n<meta name=\"twitter:site\" content=\"@cortartec\" \/>\n<meta name=\"twitter:label1\" content=\"Tiempo de lectura\" \/>\n\t<meta name=\"twitter:data1\" content=\"7 minutos\" \/>\n<script type=\"application\/ld+json\" class=\"yoast-schema-graph\">{\"@context\":\"https:\/\/schema.org\",\"@graph\":[{\"@type\":\"Organization\",\"@id\":\"https:\/\/cortartec.net\/fr\/#organization\",\"name\":\"Cortartec\",\"url\":\"https:\/\/cortartec.net\/fr\/\",\"sameAs\":[\"https:\/\/instagram.com\/cortartec\",\"https:\/\/za.linkedin.com\/company\/cortartec?trk=recent-update_see-all\",\"https:\/\/pinterest.com\/cortartec\",\"https:\/\/youtube.com\/user\/cortartec\",\"https:\/\/facebook.com\/cortartec\",\"https:\/\/twitter.com\/cortartec\"],\"logo\":{\"@type\":\"ImageObject\",\"inLanguage\":\"es\",\"@id\":\"https:\/\/cortartec.net\/fr\/#\/schema\/logo\/image\/\",\"url\":\"https:\/\/cortartec.net\/wp-content\/uploads\/2019\/08\/logo.png\",\"contentUrl\":\"https:\/\/cortartec.net\/wp-content\/uploads\/2019\/08\/logo.png\",\"width\":400,\"height\":100,\"caption\":\"Cortartec\"},\"image\":{\"@id\":\"https:\/\/cortartec.net\/fr\/#\/schema\/logo\/image\/\"}},{\"@type\":\"WebSite\",\"@id\":\"https:\/\/cortartec.net\/fr\/#website\",\"url\":\"https:\/\/cortartec.net\/fr\/\",\"name\":\"Cortartec\",\"description\":\"\",\"publisher\":{\"@id\":\"https:\/\/cortartec.net\/fr\/#organization\"},\"potentialAction\":[{\"@type\":\"SearchAction\",\"target\":{\"@type\":\"EntryPoint\",\"urlTemplate\":\"https:\/\/cortartec.net\/fr\/?s={search_term_string}\"},\"query-input\":\"required name=search_term_string\"}],\"inLanguage\":\"es\"},{\"@type\":\"WebPage\",\"@id\":\"https:\/\/cortartec.net\/es\/productos\/juntas-de-dilatacion\/juntas-para-puentes-y-viaductos\/\",\"url\":\"https:\/\/cortartec.net\/es\/productos\/juntas-de-dilatacion\/juntas-para-puentes-y-viaductos\/\",\"name\":\"Juntas para puentes y viaductos - Cortartec\",\"isPartOf\":{\"@id\":\"https:\/\/cortartec.net\/fr\/#website\"},\"datePublished\":\"2020-06-04T11:12:39+00:00\",\"dateModified\":\"2020-10-06T10:11:18+00:00\",\"breadcrumb\":{\"@id\":\"https:\/\/cortartec.net\/es\/productos\/juntas-de-dilatacion\/juntas-para-puentes-y-viaductos\/#breadcrumb\"},\"inLanguage\":\"es\",\"potentialAction\":[{\"@type\":\"ReadAction\",\"target\":[\"https:\/\/cortartec.net\/es\/productos\/juntas-de-dilatacion\/juntas-para-puentes-y-viaductos\/\"]}]},{\"@type\":\"BreadcrumbList\",\"@id\":\"https:\/\/cortartec.net\/es\/productos\/juntas-de-dilatacion\/juntas-para-puentes-y-viaductos\/#breadcrumb\",\"itemListElement\":[{\"@type\":\"ListItem\",\"position\":1,\"name\":\"In\u00edcio\",\"item\":\"https:\/\/cortartec.net\/es\/\"},{\"@type\":\"ListItem\",\"position\":2,\"name\":\"Productos\",\"item\":\"https:\/\/cortartec.net\/es\/productos\/\"},{\"@type\":\"ListItem\",\"position\":3,\"name\":\"Juntas de dilataci\u00f3n\",\"item\":\"https:\/\/cortartec.net\/es\/productos\/juntas-de-dilatacion\/\"},{\"@type\":\"ListItem\",\"position\":4,\"name\":\"Juntas para puentes y viaductos\"}]}]}<\/script>\n<!-- \/ Yoast SEO plugin. -->","yoast_head_json":{"title":"Juntas para puentes y viaductos - Cortartec","robots":{"index":"index","follow":"follow","max-snippet":"max-snippet:-1","max-image-preview":"max-image-preview:large","max-video-preview":"max-video-preview:-1"},"canonical":"https:\/\/cortartec.net\/es\/productos\/juntas-de-dilatacion\/juntas-para-puentes-y-viaductos\/","og_locale":"es_ES","og_type":"article","og_title":"Juntas para puentes y viaductos - Cortartec","og_description":"[vc_row][vc_column][mk_gallery images=\u00bb2067,2068,2069&#8243; image_size=\u00bbfull\u00bb hover_scenarios=\u00bbnone\u00bb][\/vc_column][\/vc_row][vc_row css=\u00bb.vc_custom_1597655751328{margin-top: 50px !important;}\u00bb][vc_column][vc_tabs responsive=\u00bbfalse\u00bb container_bg_color=\u00bb\u00bb][vc_tab title=\u00bbDetalles\u00bb tab_id=\u00bb1566866031-1-40&#8243;][vc_column_text disable_pattern=\u00bbfalse\u00bb css=\u00bb.vc_custom_1597921276824{margin-bottom: 0px !important;}\u00bb]La mejor soluci\u00f3n para evitar da\u00f1os en puentes y viaductos. La junta de expansi\u00f3n es un dispositivo elastom\u00e9rico que soporta el movimiento relativo entre dos elementos estructurales en un puente o carretera. Sus funciones principales son: Permita el libre movimiento de [&hellip;]","og_url":"https:\/\/cortartec.net\/es\/productos\/juntas-de-dilatacion\/juntas-para-puentes-y-viaductos\/","og_site_name":"Cortartec","article_publisher":"https:\/\/facebook.com\/cortartec","article_modified_time":"2020-10-06T10:11:18+00:00","twitter_card":"summary_large_image","twitter_site":"@cortartec","twitter_misc":{"Tiempo de lectura":"7 minutos"},"schema":{"@context":"https:\/\/schema.org","@graph":[{"@type":"Organization","@id":"https:\/\/cortartec.net\/fr\/#organization","name":"Cortartec","url":"https:\/\/cortartec.net\/fr\/","sameAs":["https:\/\/instagram.com\/cortartec","https:\/\/za.linkedin.com\/company\/cortartec?trk=recent-update_see-all","https:\/\/pinterest.com\/cortartec","https:\/\/youtube.com\/user\/cortartec","https:\/\/facebook.com\/cortartec","https:\/\/twitter.com\/cortartec"],"logo":{"@type":"ImageObject","inLanguage":"es","@id":"https:\/\/cortartec.net\/fr\/#\/schema\/logo\/image\/","url":"https:\/\/cortartec.net\/wp-content\/uploads\/2019\/08\/logo.png","contentUrl":"https:\/\/cortartec.net\/wp-content\/uploads\/2019\/08\/logo.png","width":400,"height":100,"caption":"Cortartec"},"image":{"@id":"https:\/\/cortartec.net\/fr\/#\/schema\/logo\/image\/"}},{"@type":"WebSite","@id":"https:\/\/cortartec.net\/fr\/#website","url":"https:\/\/cortartec.net\/fr\/","name":"Cortartec","description":"","publisher":{"@id":"https:\/\/cortartec.net\/fr\/#organization"},"potentialAction":[{"@type":"SearchAction","target":{"@type":"EntryPoint","urlTemplate":"https:\/\/cortartec.net\/fr\/?s={search_term_string}"},"query-input":"required name=search_term_string"}],"inLanguage":"es"},{"@type":"WebPage","@id":"https:\/\/cortartec.net\/es\/productos\/juntas-de-dilatacion\/juntas-para-puentes-y-viaductos\/","url":"https:\/\/cortartec.net\/es\/productos\/juntas-de-dilatacion\/juntas-para-puentes-y-viaductos\/","name":"Juntas para puentes y viaductos - Cortartec","isPartOf":{"@id":"https:\/\/cortartec.net\/fr\/#website"},"datePublished":"2020-06-04T11:12:39+00:00","dateModified":"2020-10-06T10:11:18+00:00","breadcrumb":{"@id":"https:\/\/cortartec.net\/es\/productos\/juntas-de-dilatacion\/juntas-para-puentes-y-viaductos\/#breadcrumb"},"inLanguage":"es","potentialAction":[{"@type":"ReadAction","target":["https:\/\/cortartec.net\/es\/productos\/juntas-de-dilatacion\/juntas-para-puentes-y-viaductos\/"]}]},{"@type":"BreadcrumbList","@id":"https:\/\/cortartec.net\/es\/productos\/juntas-de-dilatacion\/juntas-para-puentes-y-viaductos\/#breadcrumb","itemListElement":[{"@type":"ListItem","position":1,"name":"In\u00edcio","item":"https:\/\/cortartec.net\/es\/"},{"@type":"ListItem","position":2,"name":"Productos","item":"https:\/\/cortartec.net\/es\/productos\/"},{"@type":"ListItem","position":3,"name":"Juntas de dilataci\u00f3n","item":"https:\/\/cortartec.net\/es\/productos\/juntas-de-dilatacion\/"},{"@type":"ListItem","position":4,"name":"Juntas para puentes y viaductos"}]}]}},"_links":{"self":[{"href":"https:\/\/cortartec.net\/es\/wp-json\/wp\/v2\/pages\/5307"}],"collection":[{"href":"https:\/\/cortartec.net\/es\/wp-json\/wp\/v2\/pages"}],"about":[{"href":"https:\/\/cortartec.net\/es\/wp-json\/wp\/v2\/types\/page"}],"author":[{"embeddable":true,"href":"https:\/\/cortartec.net\/es\/wp-json\/wp\/v2\/users\/6"}],"replies":[{"embeddable":true,"href":"https:\/\/cortartec.net\/es\/wp-json\/wp\/v2\/comments?post=5307"}],"version-history":[{"count":1,"href":"https:\/\/cortartec.net\/es\/wp-json\/wp\/v2\/pages\/5307\/revisions"}],"predecessor-version":[{"id":9678,"href":"https:\/\/cortartec.net\/es\/wp-json\/wp\/v2\/pages\/5307\/revisions\/9678"}],"up":[{"embeddable":true,"href":"https:\/\/cortartec.net\/es\/wp-json\/wp\/v2\/pages\/2787"}],"wp:attachment":[{"href":"https:\/\/cortartec.net\/es\/wp-json\/wp\/v2\/media?parent=5307"}],"curies":[{"name":"wp","href":"https:\/\/api.w.org\/{rel}","templated":true}]}}