{"id":5854,"date":"2020-06-18T10:16:41","date_gmt":"2020-06-18T10:16:41","guid":{"rendered":"https:\/\/cortartec.net\/?page_id=5854"},"modified":"2022-09-28T09:44:13","modified_gmt":"2022-09-28T09:44:13","slug":"fachadas-ventiladas","status":"publish","type":"page","link":"https:\/\/cortartec.net\/es\/productos\/fachadas\/fachadas-ventiladas\/","title":{"rendered":"Fachadas ventiladas"},"content":{"rendered":"[vc_row css=\u00bb.vc_custom_1597519920299{margin-top: 50px !important;}\u00bb][vc_column][mk_gallery images=\u00bb5586,5590,5594&#8243; height=\u00bb290&#8243; hover_scenarios=\u00bbnone\u00bb][\/vc_column][\/vc_row][vc_row][vc_column][vc_tabs responsive=\u00bbfalse\u00bb container_bg_color=\u00bb\u00bb][vc_tab title=\u00bbDetalles\u00bb tab_id=\u00bb1566866031-1-40&#8243;][vc_column_text disable_pattern=\u00bbfalse\u00bb css=\u00bb.vc_custom_1642611646768{margin-bottom: 0px !important;}\u00bb]La fachada ventilada garantiza el mejoramiento en el aislamiento t\u00e9rmico del edificio ya que permite la instalaci\u00f3n de revestimientos aislantes continuos entre el soporte externo del muro de soporte y el revestimiento externo de la fachada. La fachada ventilada es un sistema multicapa que garantiza un funcionamiento duradero, siempre que se realice correctamente, aumenta la seguridad y la vida \u00fatil del edificio.<\/p>\n<p>El revestimiento de fachada ventilada protege la estructura portante, el aislamiento t\u00e9rmico y la base de soporte de las influencias clim\u00e1ticas, es resistente a los impactos y es prueba de lluvia. El aislamiento proporciona la m\u00e1xima acumulaci\u00f3n t\u00e9rmica de los componentes internos, evitando la p\u00e9rdida de calor en el invierno.<\/p>\n<p>En verano, debido a las altas temperaturas\u00a0 de calor, la fachada ventilada, act\u00faa sobre el revestimiento desv\u00edando a trav\u00e9s del flujo de aire en el espacio ventilado. De esta forma, se logra un ambiente interior agradable.[\/vc_column_text][\/vc_tab][vc_tab title=\u00bbDownload\u00bb tab_id=\u00bb1566866086439-2-10&#8243;][mk_button dimension=\u00bbflat\u00bb corner_style=\u00bbrounded\u00bb size=\u00bbmedium\u00bb url=\u00bbhttps:\/\/cortartec.net\/wp-content\/uploads\/2022\/09\/cortartec-cgk-anclajes-fachada-ventilada-es.pdf\u00bb align=\u00bbcenter\u00bb]DESCARGAR PDF[\/mk_button][\/vc_tab][vc_tab title=\u00bbCertificados\u00bb tab_id=\u00bb1566866087001-3-3&#8243;]<div role=\"form\" class=\"wpcf7\" id=\"wpcf7-f9190-o1\" lang=\"pt-PT\" dir=\"ltr\">\n<div class=\"screen-reader-response\"><p role=\"status\" aria-live=\"polite\" aria-atomic=\"true\"><\/p> <ul><\/ul><\/div>\n<form action=\"\/es\/wp-json\/wp\/v2\/pages\/5854#wpcf7-f9190-o1\" method=\"post\" class=\"wpcf7-form init\" novalidate=\"novalidate\" data-status=\"init\">\n<div style=\"display: none;\">\n<input type=\"hidden\" name=\"_wpcf7\" value=\"9190\" \/>\n<input type=\"hidden\" name=\"_wpcf7_version\" value=\"5.4.2\" \/>\n<input type=\"hidden\" name=\"_wpcf7_locale\" value=\"pt_PT\" \/>\n<input type=\"hidden\" name=\"_wpcf7_unit_tag\" value=\"wpcf7-f9190-o1\" \/>\n<input type=\"hidden\" name=\"_wpcf7_container_post\" value=\"0\" \/>\n<input type=\"hidden\" name=\"_wpcf7_posted_data_hash\" value=\"\" \/>\n<\/div>\n<p>Solicite la ficha t\u00e9cnica \/ certificados aqu\u00ed:<\/p>\n<p><span class=\"wpcf7-form-control-wrap nome\"><input type=\"text\" name=\"nome\" value=\"\" size=\"40\" class=\"wpcf7-form-control wpcf7-text wpcf7-validates-as-required\" aria-required=\"true\" aria-invalid=\"false\" placeholder=\"Nombre\" \/><\/span><\/p>\n<p><span class=\"wpcf7-form-control-wrap email\"><input type=\"email\" name=\"email\" value=\"\" size=\"40\" class=\"wpcf7-form-control wpcf7-text wpcf7-email wpcf7-validates-as-required wpcf7-validates-as-email\" aria-required=\"true\" aria-invalid=\"false\" placeholder=\"Email\" \/><\/span><\/p>\n<p><span class=\"wpcf7-form-control-wrap telefone\"><input type=\"tel\" name=\"telefone\" value=\"\" size=\"40\" class=\"wpcf7-form-control wpcf7-text wpcf7-tel wpcf7-validates-as-required wpcf7-validates-as-tel\" aria-required=\"true\" aria-invalid=\"false\" placeholder=\"Tel\u00e9fono\" \/><\/span><\/p>\n<p><span class=\"wpcf7-form-control-wrap empresa\"><input type=\"text\" name=\"empresa\" value=\"\" size=\"40\" class=\"wpcf7-form-control wpcf7-text\" aria-invalid=\"false\" placeholder=\"Empresa\" \/><\/span><\/p>\n<p><span class=\"wpcf7-form-control-wrap produto\"><input type=\"hidden\" name=\"produto\" value=\"Fachadas ventiladas\" size=\"40\" class=\"wpcf7-form-control wpcf7dtx-dynamictext wpcf7-dynamichidden\" aria-invalid=\"false\" \/><\/span><\/p>\n<p><span class=\"wpcf7-form-control-wrap rgpd\"><span class=\"wpcf7-form-control wpcf7-acceptance\"><span class=\"wpcf7-list-item\"><label><input type=\"checkbox\" name=\"rgpd\" value=\"1\" aria-invalid=\"false\" \/><span class=\"wpcf7-list-item-label\">Doy mi consentimiento para que Cortartec conserve mis datos contenidos en este formulario por tiempo indefinido hasta la finalizaci\u00f3n de esta solicitud de contacto.<\/span><\/label><\/span><\/span><\/span><\/p>\n<p><input type=\"submit\" value=\"Pedir\" class=\"wpcf7-form-control wpcf7-submit\" \/><\/p>\n<p style=\"display: none !important;\" class=\"akismet-fields-container\" data-prefix=\"_wpcf7_ak_\"><label>&#916;<textarea name=\"_wpcf7_ak_hp_textarea\" cols=\"45\" rows=\"8\" maxlength=\"100\"><\/textarea><\/label><input type=\"hidden\" id=\"ak_js_1\" name=\"_wpcf7_ak_js\" value=\"174\"\/><script>document.getElementById( \"ak_js_1\" ).setAttribute( \"value\", ( new Date() ).getTime() );<\/script><\/p><div class=\"wpcf7-response-output\" aria-hidden=\"true\"><\/div><\/form><\/div>[\/vc_tab][\/vc_tabs][\/vc_column][\/vc_row][vc_row][vc_column width=\u00bb1\/2&#8243;][mk_image src=\u00bbhttps:\/\/cortartec.net\/wp-content\/uploads\/2020\/06\/imagem2.jpg\u00bb image_size=\u00bbfull\u00bb align=\u00bbcenter\u00bb margin_bottom=\u00bb20&#8243;][\/vc_column][vc_column width=\u00bb1\/2&#8243;][mk_fancy_title color=\u00bb#fe6600&#8243; size=\u00bb25&#8243; font_weight=\u00bbbold\u00bb txt_transform=\u00bbuppercase\u00bb margin_bottom=\u00bb0&#8243; font_family=\u00bbnone\u00bb]1 &#8211; Revestimiento[\/mk_fancy_title][vc_column_text css=\u00bb.vc_custom_1642611694542{margin-bottom: 0px !important;}\u00bb]\n<ul>\n<li>Es protecci\u00f3n contra las agresiones ambientales; variaciones de temperatura, lluvia, viento, etc. y establece la imagen del edificio.<\/li>\n<li>Mantiene su forma, disposici\u00f3n y caracter\u00edsticas a lo largo del tiempo.<\/li>\n<li>Los movimientos del recubrimiento debido a cambios en la temperatura y la unidad no actuan sobre el elemento de soporte.<\/li>\n<\/ul>\n[\/vc_column_text][mk_fancy_title color=\u00bb#fe6600&#8243; size=\u00bb25&#8243; font_weight=\u00bbbold\u00bb txt_transform=\u00bbuppercase\u00bb margin_bottom=\u00bb0&#8243; font_family=\u00bbnone\u00bb]2 &#8211; Anclaje[\/mk_fancy_title][vc_column_text css=\u00bb.vc_custom_1651659276303{margin-bottom: 0px !important;}\u00bb]\n<ul>\n<li>Ancla el revestimiento al edificio, transmitiendo las cargas que genera (por s\u00ed solo, por la presi\u00f3n del viento y otros). Debe permitir una perfecta estabilizaci\u00f3n del recubrimiento.<\/li>\n<\/ul>\n[\/vc_column_text][mk_fancy_title color=\u00bb#fe6600&#8243; size=\u00bb25&#8243; font_weight=\u00bbbold\u00bb txt_transform=\u00bbuppercase\u00bb margin_bottom=\u00bb0&#8243; font_family=\u00bbnone\u00bb]2 &#8211; Caja de aire[\/mk_fancy_title][vc_column_text css=\u00bb.vc_custom_1642611720643{margin-bottom: 0px !important;}\u00bb]La ventilaci\u00f3n posterior a la carcasa permite:<\/p>\n<ul>\n<li>La evacuaci\u00f3n del agua debido a la lluvia que eventualmente puede filtrarse.<\/li>\n<li>La evacuaci\u00f3n de la unidad que se transmite de adentro hacia afuera por la transpiraci\u00f3n.<\/li>\n<\/ul>\n[\/vc_column_text][\/vc_column][\/vc_row][vc_row][vc_column][mk_fancy_title color=\u00bb#fe6600&#8243; size=\u00bb25&#8243; font_weight=\u00bbbold\u00bb txt_transform=\u00bbuppercase\u00bb margin_bottom=\u00bb0&#8243; font_family=\u00bbnone\u00bb]4 &#8211; Aislamiento[\/mk_fancy_title][vc_column_text css=\u00bb.vc_custom_1642611757538{margin-bottom: 0px !important;}\u00bb]\n<ul>\n<li>Act\u00faa como una envoltura continua en todo el edificio, evitando puentes t\u00e9rmicos.<\/li>\n<li>Permite la transpiraci\u00f3n de la mamposter\u00eda, evita la condensaci\u00f3n y protege el edificio de forma t\u00e9rmica y ac\u00fastica.<\/li>\n<li>Solo se deben usar materiales que puedan estar expuestos, sin comprometer la estabilidad dimensional y la capacidad de aislamiento, a la influencia de la unidad.<\/li>\n<\/ul>\n[\/vc_column_text][mk_fancy_title color=\u00bb#fe6600&#8243; size=\u00bb25&#8243; font_weight=\u00bbbold\u00bb txt_transform=\u00bbuppercase\u00bb margin_bottom=\u00bb0&#8243; font_family=\u00bbnone\u00bb]5 &#8211; Alba\u00f1iler\u00eda interna[\/mk_fancy_title][vc_column_text css=\u00bb.vc_custom_1592475907987{margin-bottom: 0px !important;}\u00bb]\n<ul>\n<li>Apoya el aislamiento y contribuye a una eficiencia t\u00e9rmica suficiente<\/li>\n<\/ul>\n[\/vc_column_text][mk_padding_divider size=\u00bb54&#8243;][vc_column_text disable_pattern=\u00bbfalse\u00bb css=\u00bb.vc_custom_1642611842630{margin-bottom: 0px !important;}\u00bb]Las paredes externas de los rodamientos y el aislamiento permanecen siempre secos, por lo tanto, conservan completamente su funci\u00f3n. La lluvia de impacto que se haya filtrado a trav\u00e9s de las juntas abiertas se secar\u00e1 r\u00e1pidamente por la circulaci\u00f3n de aire en el espacio de ventilaci\u00f3n.<\/p>\n<p>La disminuci\u00f3n de la resistencia al paso del vapor de agua de las capas que componen el recinto provoca la eliminaci\u00f3n de la humedad a trav\u00e9s del espacio ventilado. Esta caracter\u00edstica evita la condensaci\u00f3n de agua dentro del gabinete y evita la aparici\u00f3n de hongos.<\/p>\n<p>La c\u00e1mara ventilada crea un \u00abefecto de chimenea\u00bb causado por el calentamiento de la cara externa, que produce una variaci\u00f3n en la densidad de la capa de aire del espacio intermedio en relaci\u00f3n con el aire ambiente, con el consiguiente movimiento ascendente. Durante el verano, gran parte del calor radiante se refleja hacia afuera debido al efecto de la chimenea antes mencionada, mientras que en los meses fr\u00edos el muro de apoyo act\u00faa como un acumulador de calor interno. Estas soluciones tambi\u00e9n garantizan un mayor aislamiento ac\u00fastico y la eliminaci\u00f3n de puentes t\u00e9rmicos, reduciendo la contaminaci\u00f3n ac\u00fastica en un 10% y un 20%. La correcci\u00f3n de los puentes t\u00e9rmicos produce ahorros de energ\u00eda, reduciendo el consumo de energ\u00eda entre un 25 y un 40% en calefacci\u00f3n y refrigeraci\u00f3n.[\/vc_column_text][\/vc_column][\/vc_row][vc_row][vc_column][mk_padding_divider size=\u00bb80&#8243;][mk_fancy_title color=\u00bb#999999&#8243; size=\u00bb40&#8243; font_weight=\u00bb200&#8243; txt_transform=\u00bbuppercase\u00bb margin_bottom=\u00bb5&#8243; font_family=\u00bbnone\u00bb align=\u00bbcenter\u00bb]PRODUCTOS <strong>SIMILARES<\/strong>[\/mk_fancy_title][mk_divider style=\u00bbthin_solid\u00bb divider_width=\u00bbcustom_width\u00bb custom_width=\u00bb80&#8243; thin_single_color=\u00bb#fe6600&#8243; thickness=\u00bb4&#8243; margin_top=\u00bb0&#8243; margin_bottom=\u00bb40&#8243;][\/vc_column][\/vc_row][vc_row css=\u00bb.vc_custom_1597519942830{margin-top: 50px !important;margin-bottom: 50px !important;}\u00bb][vc_column width=\u00bb1\/4&#8243;][mk_image src=\u00bbhttps:\/\/cortartec.net\/wp-content\/uploads\/2020\/06\/anclaje-puntual-regulable.jpg\u00bb image_width=\u00bb300&#8243; image_height=\u00bb225&#8243; link=\u00bbhttps:\/\/cortartec.net\/es\/productos\/fachadas\/anclajes-mecanicos-para-piedra\/\u00bb align=\u00bbcenter\u00bb margin_bottom=\u00bb20&#8243;][mk_fancy_title color=\u00bb#fe6600&#8243; size=\u00bb25&#8243; font_weight=\u00bbbold\u00bb txt_transform=\u00bbuppercase\u00bb margin_bottom=\u00bb0&#8243; font_family=\u00bbnone\u00bb]Anclajes mec\u00e1nicos[\/mk_fancy_title][mk_padding_divider size=\u00bb30&#8243; visibility=\u00bbvisible-sm\u00bb][\/vc_column][vc_column width=\u00bb1\/4&#8243;][mk_image src=\u00bbhttps:\/\/cortartec.net\/wp-content\/uploads\/2020\/02\/wr.jpg\u00bb image_width=\u00bb300&#8243; image_height=\u00bb225&#8243; link=\u00bbhttps:\/\/cortartec.net\/es\/productos\/juntas-de-dilatacion\/juntas-de-dilatacion-de-techos\/\u00bb align=\u00bbcenter\u00bb margin_bottom=\u00bb20&#8243;][mk_fancy_title color=\u00bb#fe6600&#8243; size=\u00bb25&#8243; font_weight=\u00bbbold\u00bb txt_transform=\u00bbuppercase\u00bb margin_bottom=\u00bb0&#8243; font_family=\u00bbnone\u00bb]<span style=\"color: #ff6600;\"><a style=\"color: #ff6600;\" href=\"https:\/\/cortartec.net\/es\/productos\/juntas-de-dilatacion\/juntas-de-dilatacion-de-techos\/\">Juntas dilataci\u00f3n para techos<\/a><\/span>[\/mk_fancy_title][mk_padding_divider size=\u00bb30&#8243; visibility=\u00bbvisible-sm\u00bb][\/vc_column][vc_column width=\u00bb1\/4&#8243;][mk_image src=\u00bbhttps:\/\/cortartec.net\/wp-content\/uploads\/2020\/06\/imagem12.png\u00bb image_width=\u00bb300&#8243; image_height=\u00bb225&#8243; link=\u00bbhttps:\/\/cortartec.net\/es\/productos\/fachadas\/soportes-de-fijacion-de-fachadas\/\u00bb align=\u00bbcenter\u00bb margin_bottom=\u00bb20&#8243;][mk_fancy_title color=\u00bb#fe6600&#8243; size=\u00bb25&#8243; font_weight=\u00bbbold\u00bb txt_transform=\u00bbuppercase\u00bb margin_bottom=\u00bb0&#8243; font_family=\u00bbnone\u00bb]<span style=\"color: #ff6600;\"><a style=\"color: #ff6600;\" href=\"https:\/\/cortartec.net\/es\/productos\/fachadas\/soportes-de-fijacion-de-fachadas\/\">Suportes de fijaci\u00f3n<\/a><\/span>[\/mk_fancy_title][mk_padding_divider size=\u00bb30&#8243; visibility=\u00bbvisible-sm\u00bb][\/vc_column][vc_column width=\u00bb1\/4&#8243;][mk_image src=\u00bbhttps:\/\/cortartec.net\/wp-content\/uploads\/2020\/06\/sujeccion-auxiliar.png\u00bb image_width=\u00bb300&#8243; image_height=\u00bb225&#8243; link=\u00bbhttps:\/\/cortartec.net\/es\/productos\/fachadas\/fachadas-con-subestructura\/\u00bb align=\u00bbcenter\u00bb margin_bottom=\u00bb20&#8243;][mk_fancy_title color=\u00bb#fe6600&#8243; size=\u00bb25&#8243; font_weight=\u00bbbold\u00bb txt_transform=\u00bbuppercase\u00bb margin_bottom=\u00bb0&#8243; font_family=\u00bbnone\u00bb]Fachadas con subestructura[\/mk_fancy_title][\/vc_column][\/vc_row][vc_row fullwidth=\u00bbtrue\u00bb fullwidth_content=\u00bbfalse\u00bb css=\u00bb.vc_custom_1597403978460{margin-top: 50px !important;padding-top: 30px !important;background-color: #fe6600 !important;}\u00bb][vc_column width=\u00bb2\/3&#8243;][mk_fancy_title tag_name=\u00bbh5&#8243; color=\u00bb#ffffff\u00bb size=\u00bb26&#8243; font_weight=\u00bb400&#8243; txt_transform=\u00bbnone\u00bb margin_top=\u00bb10&#8243; font_family=\u00bbnone\u00bb]Tienes preguntas? Estamos aqu\u00ed para ayudarte![\/mk_fancy_title][\/vc_column][vc_column width=\u00bb1\/3&#8243;][mk_button dimension=\u00bbflat\u00bb corner_style=\u00bbrounded\u00bb size=\u00bblarge\u00bb url=\u00bbhttps:\/\/cortartec.net\/es\/contactos\/\u00bb align=\u00bbright\u00bb margin_right=\u00bb0&#8243; el_class=\u00bbmrightButton\u00bb bg_color=\u00bb#f0f0f0&#8243; btn_hover_bg=\u00bb#ffffff\u00bb text_color=\u00bbdark\u00bb btn_hover_txt_color=\u00bb#fe6600&#8243;]CONT\u00c1CTANOS[\/mk_button][\/vc_column][\/vc_row]\n","protected":false},"excerpt":{"rendered":"<p>[vc_row css=\u00bb.vc_custom_1597519920299{margin-top: 50px !important;}\u00bb][vc_column][mk_gallery images=\u00bb5586,5590,5594&#8243; height=\u00bb290&#8243; hover_scenarios=\u00bbnone\u00bb][\/vc_column][\/vc_row][vc_row][vc_column][vc_tabs responsive=\u00bbfalse\u00bb container_bg_color=\u00bb\u00bb][vc_tab title=\u00bbDetalles\u00bb tab_id=\u00bb1566866031-1-40&#8243;][vc_column_text disable_pattern=\u00bbfalse\u00bb css=\u00bb.vc_custom_1642611646768{margin-bottom: 0px !important;}\u00bb]La fachada ventilada garantiza el mejoramiento en el aislamiento t\u00e9rmico del edificio ya que permite la instalaci\u00f3n de revestimientos aislantes continuos entre el soporte externo del muro de soporte y el revestimiento externo de la fachada. La fachada ventilada es un [&hellip;]<\/p>\n","protected":false},"author":6,"featured_media":0,"parent":2741,"menu_order":0,"comment_status":"closed","ping_status":"closed","template":"","meta":[],"yoast_head":"<!-- This site is optimized with the Yoast SEO plugin v19.4 - https:\/\/yoast.com\/wordpress\/plugins\/seo\/ -->\n<title>Fachadas ventiladas - Cortartec<\/title>\n<meta name=\"robots\" content=\"index, follow, max-snippet:-1, max-image-preview:large, max-video-preview:-1\" \/>\n<link rel=\"canonical\" href=\"https:\/\/cortartec.net\/es\/productos\/fachadas\/fachadas-ventiladas\/\" \/>\n<meta property=\"og:locale\" content=\"es_ES\" \/>\n<meta property=\"og:type\" content=\"article\" \/>\n<meta property=\"og:title\" content=\"Fachadas ventiladas - Cortartec\" \/>\n<meta property=\"og:description\" content=\"[vc_row css=\u00bb.vc_custom_1597519920299{margin-top: 50px !important;}\u00bb][vc_column][mk_gallery images=\u00bb5586,5590,5594&#8243; height=\u00bb290&#8243; hover_scenarios=\u00bbnone\u00bb][\/vc_column][\/vc_row][vc_row][vc_column][vc_tabs responsive=\u00bbfalse\u00bb container_bg_color=\u00bb\u00bb][vc_tab title=\u00bbDetalles\u00bb tab_id=\u00bb1566866031-1-40&#8243;][vc_column_text disable_pattern=\u00bbfalse\u00bb css=\u00bb.vc_custom_1642611646768{margin-bottom: 0px !important;}\u00bb]La fachada ventilada garantiza el mejoramiento en el aislamiento t\u00e9rmico del edificio ya que permite la instalaci\u00f3n de revestimientos aislantes continuos entre el soporte externo del muro de soporte y el revestimiento externo de la fachada. La fachada ventilada es un [&hellip;]\" \/>\n<meta property=\"og:url\" content=\"https:\/\/cortartec.net\/es\/productos\/fachadas\/fachadas-ventiladas\/\" \/>\n<meta property=\"og:site_name\" content=\"Cortartec\" \/>\n<meta property=\"article:publisher\" content=\"https:\/\/facebook.com\/cortartec\" \/>\n<meta property=\"article:modified_time\" content=\"2022-09-28T09:44:13+00:00\" \/>\n<meta name=\"twitter:card\" content=\"summary_large_image\" \/>\n<meta name=\"twitter:site\" content=\"@cortartec\" \/>\n<meta name=\"twitter:label1\" content=\"Tiempo de lectura\" \/>\n\t<meta name=\"twitter:data1\" content=\"5 minutos\" \/>\n<script type=\"application\/ld+json\" class=\"yoast-schema-graph\">{\"@context\":\"https:\/\/schema.org\",\"@graph\":[{\"@type\":\"Organization\",\"@id\":\"https:\/\/cortartec.net\/fr\/#organization\",\"name\":\"Cortartec\",\"url\":\"https:\/\/cortartec.net\/fr\/\",\"sameAs\":[\"https:\/\/instagram.com\/cortartec\",\"https:\/\/za.linkedin.com\/company\/cortartec?trk=recent-update_see-all\",\"https:\/\/pinterest.com\/cortartec\",\"https:\/\/youtube.com\/user\/cortartec\",\"https:\/\/facebook.com\/cortartec\",\"https:\/\/twitter.com\/cortartec\"],\"logo\":{\"@type\":\"ImageObject\",\"inLanguage\":\"es\",\"@id\":\"https:\/\/cortartec.net\/fr\/#\/schema\/logo\/image\/\",\"url\":\"https:\/\/cortartec.net\/wp-content\/uploads\/2019\/08\/logo.png\",\"contentUrl\":\"https:\/\/cortartec.net\/wp-content\/uploads\/2019\/08\/logo.png\",\"width\":400,\"height\":100,\"caption\":\"Cortartec\"},\"image\":{\"@id\":\"https:\/\/cortartec.net\/fr\/#\/schema\/logo\/image\/\"}},{\"@type\":\"WebSite\",\"@id\":\"https:\/\/cortartec.net\/fr\/#website\",\"url\":\"https:\/\/cortartec.net\/fr\/\",\"name\":\"Cortartec\",\"description\":\"\",\"publisher\":{\"@id\":\"https:\/\/cortartec.net\/fr\/#organization\"},\"potentialAction\":[{\"@type\":\"SearchAction\",\"target\":{\"@type\":\"EntryPoint\",\"urlTemplate\":\"https:\/\/cortartec.net\/fr\/?s={search_term_string}\"},\"query-input\":\"required name=search_term_string\"}],\"inLanguage\":\"es\"},{\"@type\":\"WebPage\",\"@id\":\"https:\/\/cortartec.net\/es\/productos\/fachadas\/fachadas-ventiladas\/\",\"url\":\"https:\/\/cortartec.net\/es\/productos\/fachadas\/fachadas-ventiladas\/\",\"name\":\"Fachadas ventiladas - Cortartec\",\"isPartOf\":{\"@id\":\"https:\/\/cortartec.net\/fr\/#website\"},\"datePublished\":\"2020-06-18T10:16:41+00:00\",\"dateModified\":\"2022-09-28T09:44:13+00:00\",\"breadcrumb\":{\"@id\":\"https:\/\/cortartec.net\/es\/productos\/fachadas\/fachadas-ventiladas\/#breadcrumb\"},\"inLanguage\":\"es\",\"potentialAction\":[{\"@type\":\"ReadAction\",\"target\":[\"https:\/\/cortartec.net\/es\/productos\/fachadas\/fachadas-ventiladas\/\"]}]},{\"@type\":\"BreadcrumbList\",\"@id\":\"https:\/\/cortartec.net\/es\/productos\/fachadas\/fachadas-ventiladas\/#breadcrumb\",\"itemListElement\":[{\"@type\":\"ListItem\",\"position\":1,\"name\":\"In\u00edcio\",\"item\":\"https:\/\/cortartec.net\/es\/\"},{\"@type\":\"ListItem\",\"position\":2,\"name\":\"Productos\",\"item\":\"https:\/\/cortartec.net\/es\/productos\/\"},{\"@type\":\"ListItem\",\"position\":3,\"name\":\"Fachadas\",\"item\":\"https:\/\/cortartec.net\/es\/productos\/fachadas\/\"},{\"@type\":\"ListItem\",\"position\":4,\"name\":\"Fachadas ventiladas\"}]}]}<\/script>\n<!-- \/ Yoast SEO plugin. -->","yoast_head_json":{"title":"Fachadas ventiladas - Cortartec","robots":{"index":"index","follow":"follow","max-snippet":"max-snippet:-1","max-image-preview":"max-image-preview:large","max-video-preview":"max-video-preview:-1"},"canonical":"https:\/\/cortartec.net\/es\/productos\/fachadas\/fachadas-ventiladas\/","og_locale":"es_ES","og_type":"article","og_title":"Fachadas ventiladas - Cortartec","og_description":"[vc_row css=\u00bb.vc_custom_1597519920299{margin-top: 50px !important;}\u00bb][vc_column][mk_gallery images=\u00bb5586,5590,5594&#8243; height=\u00bb290&#8243; hover_scenarios=\u00bbnone\u00bb][\/vc_column][\/vc_row][vc_row][vc_column][vc_tabs responsive=\u00bbfalse\u00bb container_bg_color=\u00bb\u00bb][vc_tab title=\u00bbDetalles\u00bb tab_id=\u00bb1566866031-1-40&#8243;][vc_column_text disable_pattern=\u00bbfalse\u00bb css=\u00bb.vc_custom_1642611646768{margin-bottom: 0px !important;}\u00bb]La fachada ventilada garantiza el mejoramiento en el aislamiento t\u00e9rmico del edificio ya que permite la instalaci\u00f3n de revestimientos aislantes continuos entre el soporte externo del muro de soporte y el revestimiento externo de la fachada. La fachada ventilada es un [&hellip;]","og_url":"https:\/\/cortartec.net\/es\/productos\/fachadas\/fachadas-ventiladas\/","og_site_name":"Cortartec","article_publisher":"https:\/\/facebook.com\/cortartec","article_modified_time":"2022-09-28T09:44:13+00:00","twitter_card":"summary_large_image","twitter_site":"@cortartec","twitter_misc":{"Tiempo de lectura":"5 minutos"},"schema":{"@context":"https:\/\/schema.org","@graph":[{"@type":"Organization","@id":"https:\/\/cortartec.net\/fr\/#organization","name":"Cortartec","url":"https:\/\/cortartec.net\/fr\/","sameAs":["https:\/\/instagram.com\/cortartec","https:\/\/za.linkedin.com\/company\/cortartec?trk=recent-update_see-all","https:\/\/pinterest.com\/cortartec","https:\/\/youtube.com\/user\/cortartec","https:\/\/facebook.com\/cortartec","https:\/\/twitter.com\/cortartec"],"logo":{"@type":"ImageObject","inLanguage":"es","@id":"https:\/\/cortartec.net\/fr\/#\/schema\/logo\/image\/","url":"https:\/\/cortartec.net\/wp-content\/uploads\/2019\/08\/logo.png","contentUrl":"https:\/\/cortartec.net\/wp-content\/uploads\/2019\/08\/logo.png","width":400,"height":100,"caption":"Cortartec"},"image":{"@id":"https:\/\/cortartec.net\/fr\/#\/schema\/logo\/image\/"}},{"@type":"WebSite","@id":"https:\/\/cortartec.net\/fr\/#website","url":"https:\/\/cortartec.net\/fr\/","name":"Cortartec","description":"","publisher":{"@id":"https:\/\/cortartec.net\/fr\/#organization"},"potentialAction":[{"@type":"SearchAction","target":{"@type":"EntryPoint","urlTemplate":"https:\/\/cortartec.net\/fr\/?s={search_term_string}"},"query-input":"required name=search_term_string"}],"inLanguage":"es"},{"@type":"WebPage","@id":"https:\/\/cortartec.net\/es\/productos\/fachadas\/fachadas-ventiladas\/","url":"https:\/\/cortartec.net\/es\/productos\/fachadas\/fachadas-ventiladas\/","name":"Fachadas ventiladas - Cortartec","isPartOf":{"@id":"https:\/\/cortartec.net\/fr\/#website"},"datePublished":"2020-06-18T10:16:41+00:00","dateModified":"2022-09-28T09:44:13+00:00","breadcrumb":{"@id":"https:\/\/cortartec.net\/es\/productos\/fachadas\/fachadas-ventiladas\/#breadcrumb"},"inLanguage":"es","potentialAction":[{"@type":"ReadAction","target":["https:\/\/cortartec.net\/es\/productos\/fachadas\/fachadas-ventiladas\/"]}]},{"@type":"BreadcrumbList","@id":"https:\/\/cortartec.net\/es\/productos\/fachadas\/fachadas-ventiladas\/#breadcrumb","itemListElement":[{"@type":"ListItem","position":1,"name":"In\u00edcio","item":"https:\/\/cortartec.net\/es\/"},{"@type":"ListItem","position":2,"name":"Productos","item":"https:\/\/cortartec.net\/es\/productos\/"},{"@type":"ListItem","position":3,"name":"Fachadas","item":"https:\/\/cortartec.net\/es\/productos\/fachadas\/"},{"@type":"ListItem","position":4,"name":"Fachadas ventiladas"}]}]}},"_links":{"self":[{"href":"https:\/\/cortartec.net\/es\/wp-json\/wp\/v2\/pages\/5854"}],"collection":[{"href":"https:\/\/cortartec.net\/es\/wp-json\/wp\/v2\/pages"}],"about":[{"href":"https:\/\/cortartec.net\/es\/wp-json\/wp\/v2\/types\/page"}],"author":[{"embeddable":true,"href":"https:\/\/cortartec.net\/es\/wp-json\/wp\/v2\/users\/6"}],"replies":[{"embeddable":true,"href":"https:\/\/cortartec.net\/es\/wp-json\/wp\/v2\/comments?post=5854"}],"version-history":[{"count":5,"href":"https:\/\/cortartec.net\/es\/wp-json\/wp\/v2\/pages\/5854\/revisions"}],"predecessor-version":[{"id":12161,"href":"https:\/\/cortartec.net\/es\/wp-json\/wp\/v2\/pages\/5854\/revisions\/12161"}],"up":[{"embeddable":true,"href":"https:\/\/cortartec.net\/es\/wp-json\/wp\/v2\/pages\/2741"}],"wp:attachment":[{"href":"https:\/\/cortartec.net\/es\/wp-json\/wp\/v2\/media?parent=5854"}],"curies":[{"name":"wp","href":"https:\/\/api.w.org\/{rel}","templated":true}]}}