{"id":7052,"date":"2020-07-27T09:41:44","date_gmt":"2020-07-27T09:41:44","guid":{"rendered":"https:\/\/cortartec.net\/?page_id=7052"},"modified":"2020-09-24T22:47:16","modified_gmt":"2020-09-24T22:47:16","slug":"prottectores-de-pared-para-aparcamientos","status":"publish","type":"page","link":"https:\/\/cortartec.net\/es\/productos\/acabados\/prottectores-de-pared-para-aparcamientos\/","title":{"rendered":"Prottectores de pared para aparcamientos"},"content":{"rendered":"[vc_row css=\u00bb.vc_custom_1597515331475{margin-top: 50px !important;}\u00bb][vc_column][mk_gallery images=\u00bb6974,6978,6982&#8243; height=\u00bb341&#8243; hover_scenarios=\u00bbnone\u00bb][\/vc_column][\/vc_row][vc_row css=\u00bb.vc_custom_1597515340002{margin-top: 50px !important;}\u00bb][vc_column][vc_tabs responsive=\u00bbfalse\u00bb container_bg_color=\u00bb\u00bb][vc_tab title=\u00bbDetalles\u00bb tab_id=\u00bb1566866031-1-40&#8243;][vc_column_text disable_pattern=\u00bbfalse\u00bb css=\u00bb.vc_custom_1595844510295{margin-bottom: 0px !important;}\u00bb]<strong>Cortartec<\/strong> Sistemas de protecci\u00f3n de paredes para parques y garajes. Contiene protecci\u00f3n de las esquinas de goma de 80&#215;80 mm y es ampliamente utilizado en estacionamientos, garajes e instalaciones industriales: su dise\u00f1o \u00fanico tiene ranuras para colocar elementos reflectantes que ocultan las fijaciones, el sistema se completa con la parte superior.<\/p>\n<p>Las soluciones <strong>Cortartec<\/strong> ofrecen alta resistencia, alta durabilidad tanto para protecciones como para paredes.<\/p>\n<p>Este es uno de los mejores sistemas disponibles en el mercado para estadios y estructuras de estacionamiento.<\/p>\n<p>El sistema de protecci\u00f3n de esquinas de goma de 80&#215;80 mm se usa ampliamente en estacionamientos, garajes e instalaciones industriales: su dise\u00f1o \u00fanico tiene ranuras para colocar elementos reflectantes que ocultan las fijaciones, el sistema se completa con tapas.[\/vc_column_text][vc_single_image image=\u00bb7010&#8243; alignment=\u00bbcenter\u00bb style=\u00bbvc_box_circle_2&#8243;][vc_column_text css=\u00bb.vc_custom_1595844688476{margin-bottom: 0px !important;}\u00bb]<strong>Protector de pared de goma CRG 150<\/strong><br \/>\nEl sistema de protecci\u00f3n de pared de goma <strong>CRG150<\/strong> evita deformaciones en paredes y columnas, de 150 mm de ancho y 20 mm de profundidad. El <strong>CRG 150<\/strong> decorativo se usa generalmente en estacionamientos, f\u00e1bricas y pasillos de servicio. Hay dos tiras reflectantes que tambi\u00e9n ayudan a los conductores a ver la distancia correcta al estacionar. Se puede utilizar a una altura espec\u00edfica (L: 1 metro, L: 1,50 metros), as\u00ed como a la altura del piso. La longitud del producto es de 3 metros.[\/vc_column_text][vc_single_image image=\u00bb7014&#8243; alignment=\u00bbcenter\u00bb style=\u00bbvc_box_circle_2&#8243;][vc_column_text css=\u00bb.vc_custom_1595844785636{margin-bottom: 0px !important;}\u00bb]<strong>Protector de pared de goma CRG 200<\/strong><br \/>\nEl sistema de protecci\u00f3n de pared de goma <strong>CRG200<\/strong> evita deformaciones en paredes y columnas de 200 mm de ancho y 25 mm de ancho.<br \/>\nprofundidad. El <strong>CRG 200<\/strong> decorativo se usa generalmente en estacionamientos, f\u00e1bricas y pasillos de servicio. Este sistema de protecci\u00f3n de pared TPE puede proteger paredes durante muchos a\u00f1os y tiene una estructura s\u00f3lida. Se puede producir a alturas espec\u00edficas (L: 1.50 metros) Las alternativas de color son negro y gris. La longitud est\u00e1ndar es de 3 metros.[\/vc_column_text][vc_single_image image=\u00bb7018&#8243; alignment=\u00bbcenter\u00bb style=\u00bbvc_box_circle_2&#8243;][vc_column_text css=\u00bb.vc_custom_1595844841155{margin-bottom: 0px !important;}\u00bb]<strong>Sistema de protecci\u00f3n de esquinas de goma CRG 80<\/strong><br \/>\n<strong>CRG 80<\/strong> &#8211; El sistema de protecci\u00f3n de goma evita la deformaci\u00f3n en paredes y pilares. <strong>CRG80<\/strong> es decorativo y generalmente se usa en estacionamientos, f\u00e1bricas y servicios de almacenamiento. La cubierta superior lo hace ver m\u00e1s decorativo. Se puede producir a alturas espec\u00edficas (L: 1 metro, L: 1.50 metros), as\u00ed como a la altura del piso. La longitud del producto es de 3 metros.[\/vc_column_text][vc_single_image image=\u00bb7022&#8243; alignment=\u00bbcenter\u00bb style=\u00bbvc_box_circle_2&#8243;][vc_column_text css=\u00bb.vc_custom_1595844901043{margin-bottom: 0px !important;}\u00bb]<strong>Sistema de protecci\u00f3n de esquinas CRG 100 TPE<\/strong><br \/>\nEl sistema de protecci\u00f3n de esquinas <strong>CRG 100<\/strong> &#8211; TPE evita deformaciones en las paredes y esquinas de las columnas de 100 mm de ancho en cada tama\u00f1o. El <strong>CRG 100<\/strong> decorativo se usa generalmente en estacionamientos ocupados, f\u00e1bricas y pasillos de servicio. Este sistema de protecci\u00f3n de esquinas TPE puede proteger mejor las esquinas con su fuerte perfil de soporte de acero galvanizado. Se puede producir a alturas espec\u00edficas (L: 1 metro, L: 1,50 metros), as\u00ed como a la altura del piso. Las opciones de color son negro y gris. La longitud est\u00e1ndar es de 3 metros.[\/vc_column_text][vc_single_image image=\u00bb7026&#8243; alignment=\u00bbcenter\u00bb style=\u00bbvc_box_circle_2&#8243;][vc_column_text css=\u00bb.vc_custom_1595844983109{margin-bottom: 0px !important;}\u00bb]<strong>Sistema de protecci\u00f3n de esquinas CRG 50 TPE<\/strong><br \/>\nEl <strong>CRG50<\/strong> &#8211; (50 mm x 50 mm) se utiliza para proteger columnas y esquinas de la pared. La protecci\u00f3n de la esquina a base de TPE est\u00e1 pegada al \u00e1rea con un adhesivo apropiado. Las longitudes de producci\u00f3n son 1000 mm, 1200 mm o 3000 mm.[\/vc_column_text][vc_single_image image=\u00bb7030&#8243; alignment=\u00bbcenter\u00bb style=\u00bbvc_box_circle_2&#8243;][vc_column_text css=\u00bb.vc_custom_1595845161218{margin-bottom: 0px !important;}\u00bb]<strong>Protecci\u00f3n de esquinas CRG 101 TPE<\/strong><br \/>\n<strong>CRG101<\/strong> &#8211; (10 mm x 100 mm) se utiliza para proteger columnas y esquinas de la pared. La protecci\u00f3n de la esquina hecha de TPE est\u00e1 pegada al \u00e1rea con un adhesivo apropiado. Las longitudes de producci\u00f3n son 1000 mm, 1200 mm o 3000 mm.[\/vc_column_text][\/vc_tab][vc_tab title=\u00bbDownload\u00bb tab_id=\u00bb1566866086439-2-10&#8243;][mk_button dimension=\u00bbflat\u00bb corner_style=\u00bbrounded\u00bb size=\u00bbmedium\u00bb url=\u00bbhttps:\/\/48bfe850-8fa9-41aa-a01f-515ad5db562b.filesusr.com\/ugd\/b0e443_ee9f3b6df7054f84a293b5c51fe3b151.pdf\u00bb align=\u00bbcenter\u00bb]DESCARGAR PDF[\/mk_button][\/vc_tab][vc_tab title=\u00bbCertificados\u00bb tab_id=\u00bb1566866087001-3-3&#8243;]<div role=\"form\" class=\"wpcf7\" id=\"wpcf7-f9190-o1\" lang=\"pt-PT\" dir=\"ltr\">\n<div class=\"screen-reader-response\"><p role=\"status\" aria-live=\"polite\" aria-atomic=\"true\"><\/p> <ul><\/ul><\/div>\n<form action=\"\/es\/wp-json\/wp\/v2\/pages\/7052#wpcf7-f9190-o1\" method=\"post\" class=\"wpcf7-form init\" novalidate=\"novalidate\" data-status=\"init\">\n<div style=\"display: none;\">\n<input type=\"hidden\" name=\"_wpcf7\" value=\"9190\" \/>\n<input type=\"hidden\" name=\"_wpcf7_version\" value=\"5.4.2\" \/>\n<input type=\"hidden\" name=\"_wpcf7_locale\" value=\"pt_PT\" \/>\n<input type=\"hidden\" name=\"_wpcf7_unit_tag\" value=\"wpcf7-f9190-o1\" \/>\n<input type=\"hidden\" name=\"_wpcf7_container_post\" value=\"0\" \/>\n<input type=\"hidden\" name=\"_wpcf7_posted_data_hash\" value=\"\" \/>\n<\/div>\n<p>Solicite la ficha t\u00e9cnica \/ certificados aqu\u00ed:<\/p>\n<p><span class=\"wpcf7-form-control-wrap nome\"><input type=\"text\" name=\"nome\" value=\"\" size=\"40\" class=\"wpcf7-form-control wpcf7-text wpcf7-validates-as-required\" aria-required=\"true\" aria-invalid=\"false\" placeholder=\"Nombre\" \/><\/span><\/p>\n<p><span class=\"wpcf7-form-control-wrap email\"><input type=\"email\" name=\"email\" value=\"\" size=\"40\" class=\"wpcf7-form-control wpcf7-text wpcf7-email wpcf7-validates-as-required wpcf7-validates-as-email\" aria-required=\"true\" aria-invalid=\"false\" placeholder=\"Email\" \/><\/span><\/p>\n<p><span class=\"wpcf7-form-control-wrap telefone\"><input type=\"tel\" name=\"telefone\" value=\"\" size=\"40\" class=\"wpcf7-form-control wpcf7-text wpcf7-tel wpcf7-validates-as-required wpcf7-validates-as-tel\" aria-required=\"true\" aria-invalid=\"false\" placeholder=\"Tel\u00e9fono\" \/><\/span><\/p>\n<p><span class=\"wpcf7-form-control-wrap empresa\"><input type=\"text\" name=\"empresa\" value=\"\" size=\"40\" class=\"wpcf7-form-control wpcf7-text\" aria-invalid=\"false\" placeholder=\"Empresa\" \/><\/span><\/p>\n<p><span class=\"wpcf7-form-control-wrap produto\"><input type=\"hidden\" name=\"produto\" value=\"Prottectores de pared para aparcamientos\" size=\"40\" class=\"wpcf7-form-control wpcf7dtx-dynamictext wpcf7-dynamichidden\" aria-invalid=\"false\" \/><\/span><\/p>\n<p><span class=\"wpcf7-form-control-wrap rgpd\"><span class=\"wpcf7-form-control wpcf7-acceptance\"><span class=\"wpcf7-list-item\"><label><input type=\"checkbox\" name=\"rgpd\" value=\"1\" aria-invalid=\"false\" \/><span class=\"wpcf7-list-item-label\">Doy mi consentimiento para que Cortartec conserve mis datos contenidos en este formulario por tiempo indefinido hasta la finalizaci\u00f3n de esta solicitud de contacto.<\/span><\/label><\/span><\/span><\/span><\/p>\n<p><input type=\"submit\" value=\"Pedir\" class=\"wpcf7-form-control wpcf7-submit\" \/><\/p>\n<p style=\"display: none !important;\" class=\"akismet-fields-container\" data-prefix=\"_wpcf7_ak_\"><label>&#916;<textarea name=\"_wpcf7_ak_hp_textarea\" cols=\"45\" rows=\"8\" maxlength=\"100\"><\/textarea><\/label><input type=\"hidden\" id=\"ak_js_1\" name=\"_wpcf7_ak_js\" value=\"154\"\/><script>document.getElementById( \"ak_js_1\" ).setAttribute( \"value\", ( new Date() ).getTime() );<\/script><\/p><div class=\"wpcf7-response-output\" aria-hidden=\"true\"><\/div><\/form><\/div>[\/vc_tab][\/vc_tabs][\/vc_column][\/vc_row][vc_row css=\u00bb.vc_custom_1597515347123{margin-top: 50px !important;}\u00bb][vc_column][mk_fancy_title color=\u00bb#999999&#8243; size=\u00bb40&#8243; font_weight=\u00bb200&#8243; txt_transform=\u00bbuppercase\u00bb margin_bottom=\u00bb5&#8243; font_family=\u00bbnone\u00bb align=\u00bbcenter\u00bb]PRODUCTOS <strong>SIMILARES<\/strong>[\/mk_fancy_title][mk_divider style=\u00bbthin_solid\u00bb divider_width=\u00bbcustom_width\u00bb custom_width=\u00bb80&#8243; thin_single_color=\u00bb#fe6600&#8243; thickness=\u00bb4&#8243; margin_top=\u00bb0&#8243; margin_bottom=\u00bb40&#8243;][\/vc_column][\/vc_row][vc_row css=\u00bb.vc_custom_1597515358517{margin-top: 50px !important;margin-bottom: 50px !important;}\u00bb][vc_column width=\u00bb1\/4&#8243;][mk_image src=\u00bbhttps:\/\/cortartec.net\/wp-content\/uploads\/2020\/06\/wishled-list-image.png\u00bb image_width=\u00bb300&#8243; image_height=\u00bb225&#8243; link=\u00bbhttps:\/\/cortartec.net\/es\/productos\/acabados\/zocalos-premium\/\u00bb align=\u00bbcenter\u00bb margin_bottom=\u00bb20&#8243;][mk_fancy_title color=\u00bb#fe6600&#8243; size=\u00bb25&#8243; font_weight=\u00bbbold\u00bb txt_transform=\u00bbuppercase\u00bb margin_bottom=\u00bb0&#8243; font_family=\u00bbnone\u00bb]Z\u00f3calos LED Premium[\/mk_fancy_title][mk_padding_divider size=\u00bb30&#8243; visibility=\u00bbvisible-sm\u00bb][\/vc_column][vc_column width=\u00bb1\/4&#8243;][mk_image src=\u00bbhttps:\/\/cortartec.net\/wp-content\/uploads\/2020\/02\/untitled-1.jpg\u00bb image_width=\u00bb300&#8243; image_height=\u00bb225&#8243; link=\u00bbhttps:\/\/cortartec.net\/es\/productos\/acabados\/proteccion-de-la-pared\/\u00bb align=\u00bbcenter\u00bb margin_bottom=\u00bb20&#8243;][mk_fancy_title color=\u00bb#fe6600&#8243; size=\u00bb25&#8243; font_weight=\u00bbbold\u00bb txt_transform=\u00bbuppercase\u00bb margin_bottom=\u00bb0&#8243; font_family=\u00bbnone\u00bb]Protecciones de pared[\/mk_fancy_title][mk_padding_divider size=\u00bb30&#8243; visibility=\u00bbvisible-sm\u00bb][\/vc_column][vc_column width=\u00bb1\/4&#8243;][mk_image src=\u00bbhttps:\/\/cortartec.net\/wp-content\/uploads\/2020\/02\/gptp35.jpg\u00bb image_width=\u00bb300&#8243; image_height=\u00bb225&#8243; link=\u00bbhttps:\/\/cortartec.net\/es\/productos\/acabados\/perfiles-de-transicion-de-piso\/\u00bb align=\u00bbcenter\u00bb margin_bottom=\u00bb20&#8243;][mk_fancy_title color=\u00bb#fe6600&#8243; size=\u00bb25&#8243; font_weight=\u00bbbold\u00bb txt_transform=\u00bbuppercase\u00bb margin_bottom=\u00bb0&#8243; font_family=\u00bbnone\u00bb]Perfiles de transicion[\/mk_fancy_title][mk_padding_divider size=\u00bb30&#8243; visibility=\u00bbvisible-sm\u00bb][\/vc_column][vc_column width=\u00bb1\/4&#8243;][mk_image src=\u00bbhttps:\/\/cortartec.net\/wp-content\/uploads\/2020\/07\/lambril11.jpg\u00bb image_width=\u00bb300&#8243; image_height=\u00bb225&#8243; link=\u00bbhttps:\/\/cortartec.net\/es\/productos\/acabados\/placas-de-vinilo\/\u00bb align=\u00bbcenter\u00bb margin_bottom=\u00bb20&#8243;][mk_fancy_title color=\u00bb#fe6600&#8243; size=\u00bb25&#8243; font_weight=\u00bbbold\u00bb txt_transform=\u00bbuppercase\u00bb margin_bottom=\u00bb0&#8243; font_family=\u00bbnone\u00bb]Placas de vinilo[\/mk_fancy_title][\/vc_column][\/vc_row][vc_row fullwidth=\u00bbtrue\u00bb fullwidth_content=\u00bbfalse\u00bb css=\u00bb.vc_custom_1597403978460{margin-top: 50px !important;padding-top: 30px !important;background-color: #fe6600 !important;}\u00bb][vc_column width=\u00bb2\/3&#8243;][mk_fancy_title tag_name=\u00bbh5&#8243; color=\u00bb#ffffff\u00bb size=\u00bb26&#8243; font_weight=\u00bb400&#8243; txt_transform=\u00bbnone\u00bb margin_top=\u00bb10&#8243; font_family=\u00bbnone\u00bb]Tienes preguntas? Estamos aqu\u00ed para ayudarte![\/mk_fancy_title][\/vc_column][vc_column width=\u00bb1\/3&#8243;][mk_button dimension=\u00bbflat\u00bb corner_style=\u00bbrounded\u00bb size=\u00bblarge\u00bb url=\u00bbhttps:\/\/cortartec.net\/es\/contactos\/\u00bb align=\u00bbright\u00bb margin_right=\u00bb0&#8243; el_class=\u00bbmrightButton\u00bb bg_color=\u00bb#f0f0f0&#8243; btn_hover_bg=\u00bb#ffffff\u00bb text_color=\u00bbdark\u00bb btn_hover_txt_color=\u00bb#fe6600&#8243;]CONT\u00c1CTANOS[\/mk_button][\/vc_column][\/vc_row]\n","protected":false},"excerpt":{"rendered":"<p>[vc_row css=\u00bb.vc_custom_1597515331475{margin-top: 50px !important;}\u00bb][vc_column][mk_gallery images=\u00bb6974,6978,6982&#8243; height=\u00bb341&#8243; hover_scenarios=\u00bbnone\u00bb][\/vc_column][\/vc_row][vc_row css=\u00bb.vc_custom_1597515340002{margin-top: 50px !important;}\u00bb][vc_column][vc_tabs responsive=\u00bbfalse\u00bb container_bg_color=\u00bb\u00bb][vc_tab title=\u00bbDetalles\u00bb tab_id=\u00bb1566866031-1-40&#8243;][vc_column_text disable_pattern=\u00bbfalse\u00bb css=\u00bb.vc_custom_1595844510295{margin-bottom: 0px !important;}\u00bb]Cortartec Sistemas de protecci\u00f3n de paredes para parques y garajes. Contiene protecci\u00f3n de las esquinas de goma de 80&#215;80 mm y es ampliamente utilizado en estacionamientos, garajes e instalaciones industriales: su dise\u00f1o \u00fanico tiene ranuras para colocar elementos [&hellip;]<\/p>\n","protected":false},"author":6,"featured_media":0,"parent":2463,"menu_order":0,"comment_status":"closed","ping_status":"closed","template":"","meta":[],"yoast_head":"<!-- This site is optimized with the Yoast SEO plugin v19.4 - https:\/\/yoast.com\/wordpress\/plugins\/seo\/ -->\n<title>Prottectores de pared para aparcamientos - Cortartec<\/title>\n<meta name=\"robots\" content=\"index, follow, max-snippet:-1, max-image-preview:large, max-video-preview:-1\" \/>\n<link rel=\"canonical\" href=\"https:\/\/cortartec.net\/es\/productos\/acabados\/prottectores-de-pared-para-aparcamientos\/\" \/>\n<meta property=\"og:locale\" content=\"es_ES\" \/>\n<meta property=\"og:type\" content=\"article\" \/>\n<meta property=\"og:title\" content=\"Prottectores de pared para aparcamientos - Cortartec\" \/>\n<meta property=\"og:description\" content=\"[vc_row css=\u00bb.vc_custom_1597515331475{margin-top: 50px !important;}\u00bb][vc_column][mk_gallery images=\u00bb6974,6978,6982&#8243; height=\u00bb341&#8243; hover_scenarios=\u00bbnone\u00bb][\/vc_column][\/vc_row][vc_row css=\u00bb.vc_custom_1597515340002{margin-top: 50px !important;}\u00bb][vc_column][vc_tabs responsive=\u00bbfalse\u00bb container_bg_color=\u00bb\u00bb][vc_tab title=\u00bbDetalles\u00bb tab_id=\u00bb1566866031-1-40&#8243;][vc_column_text disable_pattern=\u00bbfalse\u00bb css=\u00bb.vc_custom_1595844510295{margin-bottom: 0px !important;}\u00bb]Cortartec Sistemas de protecci\u00f3n de paredes para parques y garajes. Contiene protecci\u00f3n de las esquinas de goma de 80&#215;80 mm y es ampliamente utilizado en estacionamientos, garajes e instalaciones industriales: su dise\u00f1o \u00fanico tiene ranuras para colocar elementos [&hellip;]\" \/>\n<meta property=\"og:url\" content=\"https:\/\/cortartec.net\/es\/productos\/acabados\/prottectores-de-pared-para-aparcamientos\/\" \/>\n<meta property=\"og:site_name\" content=\"Cortartec\" \/>\n<meta property=\"article:publisher\" content=\"https:\/\/facebook.com\/cortartec\" \/>\n<meta property=\"article:modified_time\" content=\"2020-09-24T22:47:16+00:00\" \/>\n<meta name=\"twitter:card\" content=\"summary_large_image\" \/>\n<meta name=\"twitter:site\" content=\"@cortartec\" \/>\n<meta name=\"twitter:label1\" content=\"Tiempo de lectura\" \/>\n\t<meta name=\"twitter:data1\" content=\"6 minutos\" \/>\n<script type=\"application\/ld+json\" class=\"yoast-schema-graph\">{\"@context\":\"https:\/\/schema.org\",\"@graph\":[{\"@type\":\"Organization\",\"@id\":\"https:\/\/cortartec.net\/fr\/#organization\",\"name\":\"Cortartec\",\"url\":\"https:\/\/cortartec.net\/fr\/\",\"sameAs\":[\"https:\/\/instagram.com\/cortartec\",\"https:\/\/za.linkedin.com\/company\/cortartec?trk=recent-update_see-all\",\"https:\/\/pinterest.com\/cortartec\",\"https:\/\/youtube.com\/user\/cortartec\",\"https:\/\/facebook.com\/cortartec\",\"https:\/\/twitter.com\/cortartec\"],\"logo\":{\"@type\":\"ImageObject\",\"inLanguage\":\"es\",\"@id\":\"https:\/\/cortartec.net\/fr\/#\/schema\/logo\/image\/\",\"url\":\"https:\/\/cortartec.net\/wp-content\/uploads\/2019\/08\/logo.png\",\"contentUrl\":\"https:\/\/cortartec.net\/wp-content\/uploads\/2019\/08\/logo.png\",\"width\":400,\"height\":100,\"caption\":\"Cortartec\"},\"image\":{\"@id\":\"https:\/\/cortartec.net\/fr\/#\/schema\/logo\/image\/\"}},{\"@type\":\"WebSite\",\"@id\":\"https:\/\/cortartec.net\/fr\/#website\",\"url\":\"https:\/\/cortartec.net\/fr\/\",\"name\":\"Cortartec\",\"description\":\"\",\"publisher\":{\"@id\":\"https:\/\/cortartec.net\/fr\/#organization\"},\"potentialAction\":[{\"@type\":\"SearchAction\",\"target\":{\"@type\":\"EntryPoint\",\"urlTemplate\":\"https:\/\/cortartec.net\/fr\/?s={search_term_string}\"},\"query-input\":\"required name=search_term_string\"}],\"inLanguage\":\"es\"},{\"@type\":\"WebPage\",\"@id\":\"https:\/\/cortartec.net\/es\/productos\/acabados\/prottectores-de-pared-para-aparcamientos\/\",\"url\":\"https:\/\/cortartec.net\/es\/productos\/acabados\/prottectores-de-pared-para-aparcamientos\/\",\"name\":\"Prottectores de pared para aparcamientos - Cortartec\",\"isPartOf\":{\"@id\":\"https:\/\/cortartec.net\/fr\/#website\"},\"datePublished\":\"2020-07-27T09:41:44+00:00\",\"dateModified\":\"2020-09-24T22:47:16+00:00\",\"breadcrumb\":{\"@id\":\"https:\/\/cortartec.net\/es\/productos\/acabados\/prottectores-de-pared-para-aparcamientos\/#breadcrumb\"},\"inLanguage\":\"es\",\"potentialAction\":[{\"@type\":\"ReadAction\",\"target\":[\"https:\/\/cortartec.net\/es\/productos\/acabados\/prottectores-de-pared-para-aparcamientos\/\"]}]},{\"@type\":\"BreadcrumbList\",\"@id\":\"https:\/\/cortartec.net\/es\/productos\/acabados\/prottectores-de-pared-para-aparcamientos\/#breadcrumb\",\"itemListElement\":[{\"@type\":\"ListItem\",\"position\":1,\"name\":\"In\u00edcio\",\"item\":\"https:\/\/cortartec.net\/es\/\"},{\"@type\":\"ListItem\",\"position\":2,\"name\":\"Productos\",\"item\":\"https:\/\/cortartec.net\/es\/productos\/\"},{\"@type\":\"ListItem\",\"position\":3,\"name\":\"Acabados\",\"item\":\"https:\/\/cortartec.net\/es\/productos\/acabados\/\"},{\"@type\":\"ListItem\",\"position\":4,\"name\":\"Prottectores de pared para aparcamientos\"}]}]}<\/script>\n<!-- \/ Yoast SEO plugin. -->","yoast_head_json":{"title":"Prottectores de pared para aparcamientos - Cortartec","robots":{"index":"index","follow":"follow","max-snippet":"max-snippet:-1","max-image-preview":"max-image-preview:large","max-video-preview":"max-video-preview:-1"},"canonical":"https:\/\/cortartec.net\/es\/productos\/acabados\/prottectores-de-pared-para-aparcamientos\/","og_locale":"es_ES","og_type":"article","og_title":"Prottectores de pared para aparcamientos - Cortartec","og_description":"[vc_row css=\u00bb.vc_custom_1597515331475{margin-top: 50px !important;}\u00bb][vc_column][mk_gallery images=\u00bb6974,6978,6982&#8243; height=\u00bb341&#8243; hover_scenarios=\u00bbnone\u00bb][\/vc_column][\/vc_row][vc_row css=\u00bb.vc_custom_1597515340002{margin-top: 50px !important;}\u00bb][vc_column][vc_tabs responsive=\u00bbfalse\u00bb container_bg_color=\u00bb\u00bb][vc_tab title=\u00bbDetalles\u00bb tab_id=\u00bb1566866031-1-40&#8243;][vc_column_text disable_pattern=\u00bbfalse\u00bb css=\u00bb.vc_custom_1595844510295{margin-bottom: 0px !important;}\u00bb]Cortartec Sistemas de protecci\u00f3n de paredes para parques y garajes. Contiene protecci\u00f3n de las esquinas de goma de 80&#215;80 mm y es ampliamente utilizado en estacionamientos, garajes e instalaciones industriales: su dise\u00f1o \u00fanico tiene ranuras para colocar elementos [&hellip;]","og_url":"https:\/\/cortartec.net\/es\/productos\/acabados\/prottectores-de-pared-para-aparcamientos\/","og_site_name":"Cortartec","article_publisher":"https:\/\/facebook.com\/cortartec","article_modified_time":"2020-09-24T22:47:16+00:00","twitter_card":"summary_large_image","twitter_site":"@cortartec","twitter_misc":{"Tiempo de lectura":"6 minutos"},"schema":{"@context":"https:\/\/schema.org","@graph":[{"@type":"Organization","@id":"https:\/\/cortartec.net\/fr\/#organization","name":"Cortartec","url":"https:\/\/cortartec.net\/fr\/","sameAs":["https:\/\/instagram.com\/cortartec","https:\/\/za.linkedin.com\/company\/cortartec?trk=recent-update_see-all","https:\/\/pinterest.com\/cortartec","https:\/\/youtube.com\/user\/cortartec","https:\/\/facebook.com\/cortartec","https:\/\/twitter.com\/cortartec"],"logo":{"@type":"ImageObject","inLanguage":"es","@id":"https:\/\/cortartec.net\/fr\/#\/schema\/logo\/image\/","url":"https:\/\/cortartec.net\/wp-content\/uploads\/2019\/08\/logo.png","contentUrl":"https:\/\/cortartec.net\/wp-content\/uploads\/2019\/08\/logo.png","width":400,"height":100,"caption":"Cortartec"},"image":{"@id":"https:\/\/cortartec.net\/fr\/#\/schema\/logo\/image\/"}},{"@type":"WebSite","@id":"https:\/\/cortartec.net\/fr\/#website","url":"https:\/\/cortartec.net\/fr\/","name":"Cortartec","description":"","publisher":{"@id":"https:\/\/cortartec.net\/fr\/#organization"},"potentialAction":[{"@type":"SearchAction","target":{"@type":"EntryPoint","urlTemplate":"https:\/\/cortartec.net\/fr\/?s={search_term_string}"},"query-input":"required name=search_term_string"}],"inLanguage":"es"},{"@type":"WebPage","@id":"https:\/\/cortartec.net\/es\/productos\/acabados\/prottectores-de-pared-para-aparcamientos\/","url":"https:\/\/cortartec.net\/es\/productos\/acabados\/prottectores-de-pared-para-aparcamientos\/","name":"Prottectores de pared para aparcamientos - Cortartec","isPartOf":{"@id":"https:\/\/cortartec.net\/fr\/#website"},"datePublished":"2020-07-27T09:41:44+00:00","dateModified":"2020-09-24T22:47:16+00:00","breadcrumb":{"@id":"https:\/\/cortartec.net\/es\/productos\/acabados\/prottectores-de-pared-para-aparcamientos\/#breadcrumb"},"inLanguage":"es","potentialAction":[{"@type":"ReadAction","target":["https:\/\/cortartec.net\/es\/productos\/acabados\/prottectores-de-pared-para-aparcamientos\/"]}]},{"@type":"BreadcrumbList","@id":"https:\/\/cortartec.net\/es\/productos\/acabados\/prottectores-de-pared-para-aparcamientos\/#breadcrumb","itemListElement":[{"@type":"ListItem","position":1,"name":"In\u00edcio","item":"https:\/\/cortartec.net\/es\/"},{"@type":"ListItem","position":2,"name":"Productos","item":"https:\/\/cortartec.net\/es\/productos\/"},{"@type":"ListItem","position":3,"name":"Acabados","item":"https:\/\/cortartec.net\/es\/productos\/acabados\/"},{"@type":"ListItem","position":4,"name":"Prottectores de pared para aparcamientos"}]}]}},"_links":{"self":[{"href":"https:\/\/cortartec.net\/es\/wp-json\/wp\/v2\/pages\/7052"}],"collection":[{"href":"https:\/\/cortartec.net\/es\/wp-json\/wp\/v2\/pages"}],"about":[{"href":"https:\/\/cortartec.net\/es\/wp-json\/wp\/v2\/types\/page"}],"author":[{"embeddable":true,"href":"https:\/\/cortartec.net\/es\/wp-json\/wp\/v2\/users\/6"}],"replies":[{"embeddable":true,"href":"https:\/\/cortartec.net\/es\/wp-json\/wp\/v2\/comments?post=7052"}],"version-history":[{"count":0,"href":"https:\/\/cortartec.net\/es\/wp-json\/wp\/v2\/pages\/7052\/revisions"}],"up":[{"embeddable":true,"href":"https:\/\/cortartec.net\/es\/wp-json\/wp\/v2\/pages\/2463"}],"wp:attachment":[{"href":"https:\/\/cortartec.net\/es\/wp-json\/wp\/v2\/media?parent=7052"}],"curies":[{"name":"wp","href":"https:\/\/api.w.org\/{rel}","templated":true}]}}