{"id":7272,"date":"2020-08-13T16:56:30","date_gmt":"2020-08-13T16:56:30","guid":{"rendered":"https:\/\/cortartec.net\/?page_id=7272"},"modified":"2020-09-24T23:49:15","modified_gmt":"2020-09-24T23:49:15","slug":"sistema-de-pasamanos","status":"publish","type":"page","link":"https:\/\/cortartec.net\/es\/productos\/estructuras\/sistema-de-pasamanos\/","title":{"rendered":"Sistema de pasamanos"},"content":{"rendered":"[vc_row][vc_column][mk_gallery images=\u00bb7219,7226,7234&#8243; height=\u00bb341&#8243; hover_scenarios=\u00bbnone\u00bb][\/vc_column][\/vc_row][vc_row][vc_column][vc_tabs responsive=\u00bbfalse\u00bb container_bg_color=\u00bb\u00bb][vc_tab title=\u00bbDetalles\u00bb tab_id=\u00bb1566866031-1-40&#8243;][vc_column_text disable_pattern=\u00bbfalse\u00bb css=\u00bb.vc_custom_1597338016899{margin-bottom: 0px !important;}\u00bb]\n<div id=\"comp-j1z612n0\" class=\"txtNew\" data-packed=\"true\" data-vertical-text=\"false\">\n<p class=\"font_8\">Este sistema ofrece varias opciones de color que ning\u00fan otro sistema ofrece y es adecuado para todo tipo de edificios en escaleras y barandillas. Estructuralmente ofrece varias soluciones, siendo aplicable con otros sistemas utilizando accesorios de acero inoxidable y aluminio. Es resistente a los ara\u00f1azos y absorbe los impactos gracias al dise\u00f1o interior de la estructura de aluminio que absorbe los golpes y la flexibilidad exterior del vinilo. Este sistema se utiliza en pasillos de hospitales, habitaciones con escaleras para minusv\u00e1lidos, etc. Este sistema tambi\u00e9n se puede utilizar en escuelas, hoteles, centros comerciales, centros de negocios y hogares, gracias a sus opciones de color y su agradable textura decorativa.<\/p>\n<\/div>\n<div id=\"comp-j1yqt985\" class=\"ca1\" title=\"\" data-is-responsive=\"false\" data-display-mode=\"fill\" data-content-padding-horizontal=\"0\" data-content-padding-vertical=\"0\" data-exact-height=\"44\"><\/div>\n<div title=\"\" data-is-responsive=\"false\" data-display-mode=\"fill\" data-content-padding-horizontal=\"0\" data-content-padding-vertical=\"0\" data-exact-height=\"44\"><\/div>\n[\/vc_column_text][mk_circle_image src=\u00bbhttps:\/\/cortartec.net\/wp-content\/uploads\/2020\/08\/imagem31.png\u00bb image_diameter=\u00bb169&#8243;][vc_column_text css=\u00bb.vc_custom_1597395131481{margin-bottom: 0px !important;}\u00bb]<b>Sistema de pasamanos CWG 50<\/b><\/p>\n<p>El <strong>CWG 50<\/strong> se puede utilizar con fines de mantenimiento en pasillos de hospitales, \u00e1reas comunes y escaleras, sus alternativas de color, textura decorativa c\u00e1lida y piezas finales no est\u00e1n disponibles en otros sistemas de pasamanos. Se puede utilizar como sistema ferroviario en escuelas, hoteles, centros comerciales, oficinas y hogares. La longitud del perfil es de 4 metros y se puede producir en 32 colores diferentes.[\/vc_column_text][mk_circle_image src=\u00bbhttps:\/\/cortartec.net\/wp-content\/uploads\/2020\/08\/imagem30.png\u00bb image_diameter=\u00bb169&#8243;][vc_column_text css=\u00bb.vc_custom_1597395187126{margin-bottom: 0px !important;}\u00bb]<b>Sistema de pasamanos CWG 42<\/b><\/p>\n<p>El <strong>CWG 42<\/strong> puede ser utilizado con fines de mantenimiento en pasillos hospitalarios, \u00e1reas comunes y lugares donde hay escaleras, sus alternativas de color, textura decorativa c\u00e1lida y piezas finales es lo que lo diferencia del resto de sistemas. Ideal para colegios, hoteles, centros comerciales, oficinas y hogares. La longitud del perfil es de 4 metros y se puede producir en 32 colores diferentes.[\/vc_column_text][mk_circle_image src=\u00bbhttps:\/\/cortartec.net\/wp-content\/uploads\/2020\/08\/imagem29.png\u00bb image_diameter=\u00bb169&#8243;][vc_column_text css=\u00bb.vc_custom_1597395363645{margin-bottom: 0px !important;}\u00bb]<b>Sistema de pasamanos CWG 42-1<\/b><\/p>\n<p>El <strong>CWG 42-1<\/strong> se puede utilizar en todas las \u00e1reas para protecci\u00f3n y soporte cuando se viaja en hospitales, \u00e1reas comunes y escaleras, sus variados colores, textura decorativa y piezas de acabado \u00fanicas hacen que este sistema sea diferente a la competencia.<br \/>\nSe puede utilizar como sistema de paso en escuelas, hoteles, centros comerciales, oficinas y hogares. Las otras diferencias del <strong>CWG142-1<\/strong> son que todas las piezas de conexi\u00f3n son de aspecto inoxidable y est\u00e9tico en las paredes. La longitud del perfil es de 4 metros y se fabrica en 32 colores diferentes.[\/vc_column_text][mk_circle_image src=\u00bbhttps:\/\/cortartec.net\/wp-content\/uploads\/2020\/08\/imagem28.png\u00bb image_diameter=\u00bb169&#8243;][vc_column_text css=\u00bb.vc_custom_1597395556398{margin-bottom: 0px !important;}\u00bb]<b>Sistema de pasamanos de madera CWG 42-2<\/b><\/p>\n<p>La pasarela <strong>CWG 42-2<\/strong> se puede utilizar para apoyar el movimiento de personas en pasillos de hospitales, \u00e1reas comunes de escaleras, etc. El pasamanos y protecci\u00f3n <strong>CWG 42-2<\/strong> destaca por su parte de madera y los cantos de acabado de acero inoxidable. La longitud del perfil es de 4 metros.[\/vc_column_text][mk_circle_image src=\u00bbhttps:\/\/cortartec.net\/wp-content\/uploads\/2020\/08\/imagem27.png\u00bb image_diameter=\u00bb169&#8243;][vc_column_text css=\u00bb.vc_custom_1597395617702{margin-bottom: 0px !important;}\u00bb]<b>Sistema de pasamanos CWG 42-3<\/b><\/p>\n<p>El <strong>CWG 42-3<\/strong> se puede utilizar para apoyar la movilidad en pasillos de hospitales, en \u00e1reas comunes y escaleras, con sus colores \u00fanicos, texturas decorativas y c\u00e1lidas, es una opci\u00f3n moderna y atrevida y f\u00e1cil de integrar con la arquitectura.<br \/>\nSe utiliza como sistema de pasamanos en escuelas, hoteles, centros comerciales, oficinas y hogares. Los otros detalles del <strong>CWG142-3<\/strong> son que todas sus piezas de conexi\u00f3n son inoxidables y est\u00e9ticas, lo que le da a las paredes un detalle premium y un dise\u00f1o est\u00e9tico fant\u00e1stico. La longitud del perfil es de 4 metros y se fabrica en 32 colores diferentes.[\/vc_column_text][\/vc_tab][vc_tab title=\u00bbDownload\u00bb tab_id=\u00bb1566866086439-2-10&#8243;][mk_button dimension=\u00bbflat\u00bb corner_style=\u00bbrounded\u00bb size=\u00bbmedium\u00bb align=\u00bbcenter\u00bb]DESCARGAR PDF[\/mk_button][\/vc_tab][vc_tab title=\u00bbCertificados\u00bb tab_id=\u00bb1566866087001-3-3&#8243;]<div role=\"form\" class=\"wpcf7\" id=\"wpcf7-f9190-o1\" lang=\"pt-PT\" dir=\"ltr\">\n<div class=\"screen-reader-response\"><p role=\"status\" aria-live=\"polite\" aria-atomic=\"true\"><\/p> <ul><\/ul><\/div>\n<form action=\"\/es\/wp-json\/wp\/v2\/pages\/7272#wpcf7-f9190-o1\" method=\"post\" class=\"wpcf7-form init\" novalidate=\"novalidate\" data-status=\"init\">\n<div style=\"display: none;\">\n<input type=\"hidden\" name=\"_wpcf7\" value=\"9190\" \/>\n<input type=\"hidden\" name=\"_wpcf7_version\" value=\"5.4.2\" \/>\n<input type=\"hidden\" name=\"_wpcf7_locale\" value=\"pt_PT\" \/>\n<input type=\"hidden\" name=\"_wpcf7_unit_tag\" value=\"wpcf7-f9190-o1\" \/>\n<input type=\"hidden\" name=\"_wpcf7_container_post\" value=\"0\" \/>\n<input type=\"hidden\" name=\"_wpcf7_posted_data_hash\" value=\"\" \/>\n<\/div>\n<p>Solicite la ficha t\u00e9cnica \/ certificados aqu\u00ed:<\/p>\n<p><span class=\"wpcf7-form-control-wrap nome\"><input type=\"text\" name=\"nome\" value=\"\" size=\"40\" class=\"wpcf7-form-control wpcf7-text wpcf7-validates-as-required\" aria-required=\"true\" aria-invalid=\"false\" placeholder=\"Nombre\" \/><\/span><\/p>\n<p><span class=\"wpcf7-form-control-wrap email\"><input type=\"email\" name=\"email\" value=\"\" size=\"40\" class=\"wpcf7-form-control wpcf7-text wpcf7-email wpcf7-validates-as-required wpcf7-validates-as-email\" aria-required=\"true\" aria-invalid=\"false\" placeholder=\"Email\" \/><\/span><\/p>\n<p><span class=\"wpcf7-form-control-wrap telefone\"><input type=\"tel\" name=\"telefone\" value=\"\" size=\"40\" class=\"wpcf7-form-control wpcf7-text wpcf7-tel wpcf7-validates-as-required wpcf7-validates-as-tel\" aria-required=\"true\" aria-invalid=\"false\" placeholder=\"Tel\u00e9fono\" \/><\/span><\/p>\n<p><span class=\"wpcf7-form-control-wrap empresa\"><input type=\"text\" name=\"empresa\" value=\"\" size=\"40\" class=\"wpcf7-form-control wpcf7-text\" aria-invalid=\"false\" placeholder=\"Empresa\" \/><\/span><\/p>\n<p><span class=\"wpcf7-form-control-wrap produto\"><input type=\"hidden\" name=\"produto\" value=\"Sistema de pasamanos\" size=\"40\" class=\"wpcf7-form-control wpcf7dtx-dynamictext wpcf7-dynamichidden\" aria-invalid=\"false\" \/><\/span><\/p>\n<p><span class=\"wpcf7-form-control-wrap rgpd\"><span class=\"wpcf7-form-control wpcf7-acceptance\"><span class=\"wpcf7-list-item\"><label><input type=\"checkbox\" name=\"rgpd\" value=\"1\" aria-invalid=\"false\" \/><span class=\"wpcf7-list-item-label\">Doy mi consentimiento para que Cortartec conserve mis datos contenidos en este formulario por tiempo indefinido hasta la finalizaci\u00f3n de esta solicitud de contacto.<\/span><\/label><\/span><\/span><\/span><\/p>\n<p><input type=\"submit\" value=\"Pedir\" class=\"wpcf7-form-control wpcf7-submit\" \/><\/p>\n<p style=\"display: none !important;\" class=\"akismet-fields-container\" data-prefix=\"_wpcf7_ak_\"><label>&#916;<textarea name=\"_wpcf7_ak_hp_textarea\" cols=\"45\" rows=\"8\" maxlength=\"100\"><\/textarea><\/label><input type=\"hidden\" id=\"ak_js_1\" name=\"_wpcf7_ak_js\" value=\"29\"\/><script>document.getElementById( \"ak_js_1\" ).setAttribute( \"value\", ( new Date() ).getTime() );<\/script><\/p><div class=\"wpcf7-response-output\" aria-hidden=\"true\"><\/div><\/form><\/div>[\/vc_tab][\/vc_tabs][\/vc_column][\/vc_row][vc_row][vc_column][mk_padding_divider size=\u00bb80&#8243;][mk_fancy_title color=\u00bb#999999&#8243; size=\u00bb40&#8243; font_weight=\u00bb200&#8243; txt_transform=\u00bbuppercase\u00bb margin_bottom=\u00bb5&#8243; font_family=\u00bbnone\u00bb align=\u00bbcenter\u00bb]PRODUCTOS <strong>SIMILARES<\/strong>[\/mk_fancy_title][mk_divider style=\u00bbthin_solid\u00bb divider_width=\u00bbcustom_width\u00bb custom_width=\u00bb80&#8243; thin_single_color=\u00bb#fe6600&#8243; thickness=\u00bb4&#8243; margin_top=\u00bb0&#8243; margin_bottom=\u00bb40&#8243;][\/vc_column][\/vc_row][vc_row css=\u00bb.vc_custom_1597518868406{margin-top: 50px !important;margin-bottom: 50px !important;}\u00bb][vc_column width=\u00bb1\/4&#8243;][mk_image src=\u00bbhttps:\/\/cortartec.net\/wp-content\/uploads\/2020\/02\/cg50b186867917858212618831179023.jpg\u00bb image_width=\u00bb300&#8243; image_height=\u00bb225&#8243; link=\u00bbhttps:\/\/cortartec.net\/es\/productos\/acabados\/proteccion-de-la-esquina\/\u00bb align=\u00bbcenter\u00bb margin_bottom=\u00bb20&#8243;][mk_fancy_title color=\u00bb#fe6600&#8243; size=\u00bb25&#8243; font_weight=\u00bbbold\u00bb txt_transform=\u00bbuppercase\u00bb margin_bottom=\u00bb0&#8243; font_family=\u00bbnone\u00bb]PROTECCI\u00d3N DE LA ESQUINA[\/mk_fancy_title][mk_padding_divider size=\u00bb30&#8243; visibility=\u00bbvisible-sm\u00bb][\/vc_column][vc_column width=\u00bb1\/4&#8243;][mk_image src=\u00bbhttps:\/\/cortartec.net\/wp-content\/uploads\/2020\/02\/asp71.jpg\u00bb image_width=\u00bb300&#8243; image_height=\u00bb225&#8243; link=\u00bbhttps:\/\/cortartec.net\/es\/productos\/acabados\/zocalos\/\u00bb align=\u00bbcenter\u00bb margin_bottom=\u00bb20&#8243;][mk_fancy_title color=\u00bb#fe6600&#8243; size=\u00bb25&#8243; font_weight=\u00bbbold\u00bb txt_transform=\u00bbuppercase\u00bb margin_bottom=\u00bb0&#8243; font_family=\u00bbnone\u00bb]Z\u00d3CALOS[\/mk_fancy_title][mk_padding_divider size=\u00bb30&#8243; visibility=\u00bbvisible-sm\u00bb][\/vc_column][vc_column width=\u00bb1\/4&#8243;][mk_image src=\u00bbhttps:\/\/cortartec.net\/wp-content\/uploads\/2020\/02\/untitled-1.jpg\u00bb image_width=\u00bb300&#8243; image_height=\u00bb225&#8243; link=\u00bbhttps:\/\/cortartec.net\/es\/productos\/acabados\/proteccion-de-la-pared\/\u00bb align=\u00bbcenter\u00bb margin_bottom=\u00bb20&#8243;][mk_fancy_title color=\u00bb#fe6600&#8243; size=\u00bb25&#8243; font_weight=\u00bbbold\u00bb txt_transform=\u00bbuppercase\u00bb margin_bottom=\u00bb0&#8243; font_family=\u00bbnone\u00bb]PROTECCI\u00d3N DE PARED[\/mk_fancy_title][\/vc_column][vc_column width=\u00bb1\/4&#8243;][mk_image src=\u00bbhttps:\/\/cortartec.net\/wp-content\/uploads\/2020\/07\/imagem37.png\u00bb image_width=\u00bb300&#8243; image_height=\u00bb225&#8243; link=\u00bbhttps:\/\/cortartec.net\/es\/productos\/acabados\/alfombras-de-entrada\/\u00bb align=\u00bbcenter\u00bb margin_bottom=\u00bb20&#8243;][mk_fancy_title color=\u00bb#fe6600&#8243; size=\u00bb25&#8243; font_weight=\u00bbbold\u00bb txt_transform=\u00bbuppercase\u00bb margin_bottom=\u00bb0&#8243; font_family=\u00bbnone\u00bb]ALFOMBRA DE ENTRADA[\/mk_fancy_title][mk_padding_divider size=\u00bb30&#8243; visibility=\u00bbvisible-sm\u00bb][\/vc_column][\/vc_row][vc_row fullwidth=\u00bbtrue\u00bb fullwidth_content=\u00bbfalse\u00bb css=\u00bb.vc_custom_1559230917353{background-color: #fe6600 !important;}\u00bb][vc_column][vc_row_inner][vc_column_inner width=\u00bb2\/3&#8243;][mk_padding_divider size=\u00bb10&#8243;][mk_fancy_title tag_name=\u00bbh5&#8243; color=\u00bb#ffffff\u00bb size=\u00bb26&#8243; font_weight=\u00bb400&#8243; txt_transform=\u00bbnone\u00bb font_family=\u00bbOpen+Sans\u00bb font_type=\u00bbgoogle\u00bb]Tienes preguntas? Estamos aqu\u00ed para ayudarte![\/mk_fancy_title][\/vc_column_inner][vc_column_inner width=\u00bb1\/3&#8243;][mk_button dimension=\u00bbflat\u00bb corner_style=\u00bbrounded\u00bb size=\u00bblarge\u00bb url=\u00bbhttps:\/\/cortartec.net\/es\/contactos\/\u00bb align=\u00bbright\u00bb margin_right=\u00bb0&#8243; el_class=\u00bbmrightButton\u00bb bg_color=\u00bb#f0f0f0&#8243; btn_hover_bg=\u00bb#ffffff\u00bb text_color=\u00bbdark\u00bb btn_hover_txt_color=\u00bb#fe6600&#8243;]CONT\u00c1CTANOS[\/mk_button][\/vc_column_inner][\/vc_row_inner][\/vc_column][\/vc_row]\n","protected":false},"excerpt":{"rendered":"<p>[vc_row][vc_column][mk_gallery images=\u00bb7219,7226,7234&#8243; height=\u00bb341&#8243; hover_scenarios=\u00bbnone\u00bb][\/vc_column][\/vc_row][vc_row][vc_column][vc_tabs responsive=\u00bbfalse\u00bb container_bg_color=\u00bb\u00bb][vc_tab title=\u00bbDetalles\u00bb tab_id=\u00bb1566866031-1-40&#8243;][vc_column_text disable_pattern=\u00bbfalse\u00bb css=\u00bb.vc_custom_1597338016899{margin-bottom: 0px !important;}\u00bb] Este sistema ofrece varias opciones de color que ning\u00fan otro sistema ofrece y es adecuado para todo tipo de edificios en escaleras y barandillas. Estructuralmente ofrece varias soluciones, siendo aplicable con otros sistemas utilizando accesorios de acero inoxidable y aluminio. Es resistente a [&hellip;]<\/p>\n","protected":false},"author":6,"featured_media":0,"parent":2721,"menu_order":0,"comment_status":"closed","ping_status":"closed","template":"","meta":[],"yoast_head":"<!-- This site is optimized with the Yoast SEO plugin v19.4 - https:\/\/yoast.com\/wordpress\/plugins\/seo\/ -->\n<title>Sistema de pasamanos - Cortartec<\/title>\n<meta name=\"robots\" content=\"index, follow, max-snippet:-1, max-image-preview:large, max-video-preview:-1\" \/>\n<link rel=\"canonical\" href=\"https:\/\/cortartec.net\/es\/productos\/estructuras\/sistema-de-pasamanos\/\" \/>\n<meta property=\"og:locale\" content=\"es_ES\" \/>\n<meta property=\"og:type\" content=\"article\" \/>\n<meta property=\"og:title\" content=\"Sistema de pasamanos - Cortartec\" \/>\n<meta property=\"og:description\" content=\"[vc_row][vc_column][mk_gallery images=\u00bb7219,7226,7234&#8243; height=\u00bb341&#8243; hover_scenarios=\u00bbnone\u00bb][\/vc_column][\/vc_row][vc_row][vc_column][vc_tabs responsive=\u00bbfalse\u00bb container_bg_color=\u00bb\u00bb][vc_tab title=\u00bbDetalles\u00bb tab_id=\u00bb1566866031-1-40&#8243;][vc_column_text disable_pattern=\u00bbfalse\u00bb css=\u00bb.vc_custom_1597338016899{margin-bottom: 0px !important;}\u00bb] Este sistema ofrece varias opciones de color que ning\u00fan otro sistema ofrece y es adecuado para todo tipo de edificios en escaleras y barandillas. Estructuralmente ofrece varias soluciones, siendo aplicable con otros sistemas utilizando accesorios de acero inoxidable y aluminio. Es resistente a [&hellip;]\" \/>\n<meta property=\"og:url\" content=\"https:\/\/cortartec.net\/es\/productos\/estructuras\/sistema-de-pasamanos\/\" \/>\n<meta property=\"og:site_name\" content=\"Cortartec\" \/>\n<meta property=\"article:publisher\" content=\"https:\/\/facebook.com\/cortartec\" \/>\n<meta property=\"article:modified_time\" content=\"2020-09-24T23:49:15+00:00\" \/>\n<meta name=\"twitter:card\" content=\"summary_large_image\" \/>\n<meta name=\"twitter:site\" content=\"@cortartec\" \/>\n<meta name=\"twitter:label1\" content=\"Tiempo de lectura\" \/>\n\t<meta name=\"twitter:data1\" content=\"6 minutos\" \/>\n<script type=\"application\/ld+json\" class=\"yoast-schema-graph\">{\"@context\":\"https:\/\/schema.org\",\"@graph\":[{\"@type\":\"Organization\",\"@id\":\"https:\/\/cortartec.net\/fr\/#organization\",\"name\":\"Cortartec\",\"url\":\"https:\/\/cortartec.net\/fr\/\",\"sameAs\":[\"https:\/\/instagram.com\/cortartec\",\"https:\/\/za.linkedin.com\/company\/cortartec?trk=recent-update_see-all\",\"https:\/\/pinterest.com\/cortartec\",\"https:\/\/youtube.com\/user\/cortartec\",\"https:\/\/facebook.com\/cortartec\",\"https:\/\/twitter.com\/cortartec\"],\"logo\":{\"@type\":\"ImageObject\",\"inLanguage\":\"es\",\"@id\":\"https:\/\/cortartec.net\/fr\/#\/schema\/logo\/image\/\",\"url\":\"https:\/\/cortartec.net\/wp-content\/uploads\/2019\/08\/logo.png\",\"contentUrl\":\"https:\/\/cortartec.net\/wp-content\/uploads\/2019\/08\/logo.png\",\"width\":400,\"height\":100,\"caption\":\"Cortartec\"},\"image\":{\"@id\":\"https:\/\/cortartec.net\/fr\/#\/schema\/logo\/image\/\"}},{\"@type\":\"WebSite\",\"@id\":\"https:\/\/cortartec.net\/fr\/#website\",\"url\":\"https:\/\/cortartec.net\/fr\/\",\"name\":\"Cortartec\",\"description\":\"\",\"publisher\":{\"@id\":\"https:\/\/cortartec.net\/fr\/#organization\"},\"potentialAction\":[{\"@type\":\"SearchAction\",\"target\":{\"@type\":\"EntryPoint\",\"urlTemplate\":\"https:\/\/cortartec.net\/fr\/?s={search_term_string}\"},\"query-input\":\"required name=search_term_string\"}],\"inLanguage\":\"es\"},{\"@type\":\"WebPage\",\"@id\":\"https:\/\/cortartec.net\/es\/productos\/estructuras\/sistema-de-pasamanos\/\",\"url\":\"https:\/\/cortartec.net\/es\/productos\/estructuras\/sistema-de-pasamanos\/\",\"name\":\"Sistema de pasamanos - Cortartec\",\"isPartOf\":{\"@id\":\"https:\/\/cortartec.net\/fr\/#website\"},\"datePublished\":\"2020-08-13T16:56:30+00:00\",\"dateModified\":\"2020-09-24T23:49:15+00:00\",\"breadcrumb\":{\"@id\":\"https:\/\/cortartec.net\/es\/productos\/estructuras\/sistema-de-pasamanos\/#breadcrumb\"},\"inLanguage\":\"es\",\"potentialAction\":[{\"@type\":\"ReadAction\",\"target\":[\"https:\/\/cortartec.net\/es\/productos\/estructuras\/sistema-de-pasamanos\/\"]}]},{\"@type\":\"BreadcrumbList\",\"@id\":\"https:\/\/cortartec.net\/es\/productos\/estructuras\/sistema-de-pasamanos\/#breadcrumb\",\"itemListElement\":[{\"@type\":\"ListItem\",\"position\":1,\"name\":\"In\u00edcio\",\"item\":\"https:\/\/cortartec.net\/es\/\"},{\"@type\":\"ListItem\",\"position\":2,\"name\":\"Productos\",\"item\":\"https:\/\/cortartec.net\/es\/productos\/\"},{\"@type\":\"ListItem\",\"position\":3,\"name\":\"Estructuras\",\"item\":\"https:\/\/cortartec.net\/es\/productos\/estructuras\/\"},{\"@type\":\"ListItem\",\"position\":4,\"name\":\"Sistema de pasamanos\"}]}]}<\/script>\n<!-- \/ Yoast SEO plugin. -->","yoast_head_json":{"title":"Sistema de pasamanos - Cortartec","robots":{"index":"index","follow":"follow","max-snippet":"max-snippet:-1","max-image-preview":"max-image-preview:large","max-video-preview":"max-video-preview:-1"},"canonical":"https:\/\/cortartec.net\/es\/productos\/estructuras\/sistema-de-pasamanos\/","og_locale":"es_ES","og_type":"article","og_title":"Sistema de pasamanos - Cortartec","og_description":"[vc_row][vc_column][mk_gallery images=\u00bb7219,7226,7234&#8243; height=\u00bb341&#8243; hover_scenarios=\u00bbnone\u00bb][\/vc_column][\/vc_row][vc_row][vc_column][vc_tabs responsive=\u00bbfalse\u00bb container_bg_color=\u00bb\u00bb][vc_tab title=\u00bbDetalles\u00bb tab_id=\u00bb1566866031-1-40&#8243;][vc_column_text disable_pattern=\u00bbfalse\u00bb css=\u00bb.vc_custom_1597338016899{margin-bottom: 0px !important;}\u00bb] Este sistema ofrece varias opciones de color que ning\u00fan otro sistema ofrece y es adecuado para todo tipo de edificios en escaleras y barandillas. Estructuralmente ofrece varias soluciones, siendo aplicable con otros sistemas utilizando accesorios de acero inoxidable y aluminio. Es resistente a [&hellip;]","og_url":"https:\/\/cortartec.net\/es\/productos\/estructuras\/sistema-de-pasamanos\/","og_site_name":"Cortartec","article_publisher":"https:\/\/facebook.com\/cortartec","article_modified_time":"2020-09-24T23:49:15+00:00","twitter_card":"summary_large_image","twitter_site":"@cortartec","twitter_misc":{"Tiempo de lectura":"6 minutos"},"schema":{"@context":"https:\/\/schema.org","@graph":[{"@type":"Organization","@id":"https:\/\/cortartec.net\/fr\/#organization","name":"Cortartec","url":"https:\/\/cortartec.net\/fr\/","sameAs":["https:\/\/instagram.com\/cortartec","https:\/\/za.linkedin.com\/company\/cortartec?trk=recent-update_see-all","https:\/\/pinterest.com\/cortartec","https:\/\/youtube.com\/user\/cortartec","https:\/\/facebook.com\/cortartec","https:\/\/twitter.com\/cortartec"],"logo":{"@type":"ImageObject","inLanguage":"es","@id":"https:\/\/cortartec.net\/fr\/#\/schema\/logo\/image\/","url":"https:\/\/cortartec.net\/wp-content\/uploads\/2019\/08\/logo.png","contentUrl":"https:\/\/cortartec.net\/wp-content\/uploads\/2019\/08\/logo.png","width":400,"height":100,"caption":"Cortartec"},"image":{"@id":"https:\/\/cortartec.net\/fr\/#\/schema\/logo\/image\/"}},{"@type":"WebSite","@id":"https:\/\/cortartec.net\/fr\/#website","url":"https:\/\/cortartec.net\/fr\/","name":"Cortartec","description":"","publisher":{"@id":"https:\/\/cortartec.net\/fr\/#organization"},"potentialAction":[{"@type":"SearchAction","target":{"@type":"EntryPoint","urlTemplate":"https:\/\/cortartec.net\/fr\/?s={search_term_string}"},"query-input":"required name=search_term_string"}],"inLanguage":"es"},{"@type":"WebPage","@id":"https:\/\/cortartec.net\/es\/productos\/estructuras\/sistema-de-pasamanos\/","url":"https:\/\/cortartec.net\/es\/productos\/estructuras\/sistema-de-pasamanos\/","name":"Sistema de pasamanos - Cortartec","isPartOf":{"@id":"https:\/\/cortartec.net\/fr\/#website"},"datePublished":"2020-08-13T16:56:30+00:00","dateModified":"2020-09-24T23:49:15+00:00","breadcrumb":{"@id":"https:\/\/cortartec.net\/es\/productos\/estructuras\/sistema-de-pasamanos\/#breadcrumb"},"inLanguage":"es","potentialAction":[{"@type":"ReadAction","target":["https:\/\/cortartec.net\/es\/productos\/estructuras\/sistema-de-pasamanos\/"]}]},{"@type":"BreadcrumbList","@id":"https:\/\/cortartec.net\/es\/productos\/estructuras\/sistema-de-pasamanos\/#breadcrumb","itemListElement":[{"@type":"ListItem","position":1,"name":"In\u00edcio","item":"https:\/\/cortartec.net\/es\/"},{"@type":"ListItem","position":2,"name":"Productos","item":"https:\/\/cortartec.net\/es\/productos\/"},{"@type":"ListItem","position":3,"name":"Estructuras","item":"https:\/\/cortartec.net\/es\/productos\/estructuras\/"},{"@type":"ListItem","position":4,"name":"Sistema de pasamanos"}]}]}},"_links":{"self":[{"href":"https:\/\/cortartec.net\/es\/wp-json\/wp\/v2\/pages\/7272"}],"collection":[{"href":"https:\/\/cortartec.net\/es\/wp-json\/wp\/v2\/pages"}],"about":[{"href":"https:\/\/cortartec.net\/es\/wp-json\/wp\/v2\/types\/page"}],"author":[{"embeddable":true,"href":"https:\/\/cortartec.net\/es\/wp-json\/wp\/v2\/users\/6"}],"replies":[{"embeddable":true,"href":"https:\/\/cortartec.net\/es\/wp-json\/wp\/v2\/comments?post=7272"}],"version-history":[{"count":0,"href":"https:\/\/cortartec.net\/es\/wp-json\/wp\/v2\/pages\/7272\/revisions"}],"up":[{"embeddable":true,"href":"https:\/\/cortartec.net\/es\/wp-json\/wp\/v2\/pages\/2721"}],"wp:attachment":[{"href":"https:\/\/cortartec.net\/es\/wp-json\/wp\/v2\/media?parent=7272"}],"curies":[{"name":"wp","href":"https:\/\/api.w.org\/{rel}","templated":true}]}}