{"id":2361,"date":"2020-01-14T15:55:28","date_gmt":"2020-01-14T15:55:28","guid":{"rendered":"https:\/\/cortartec.net\/?page_id=2361"},"modified":"2020-09-29T00:23:41","modified_gmt":"2020-09-29T00:23:41","slug":"nous-sommes","status":"publish","type":"page","link":"https:\/\/cortartec.net\/fr\/nous-sommes\/","title":{"rendered":"Nous sommes"},"content":{"rendered":"[mk_page_section bg_image=\u00a0\u00bbhttps:\/\/cortartec.net\/wp-content\/uploads\/2015\/12\/slider2.jpg\u00a0\u00bb bg_color=\u00a0\u00bb#fe6600&Prime; blend_mode=\u00a0\u00bbluminosity\u00a0\u00bb bg_position=\u00a0\u00bbcenter top\u00a0\u00bb bg_repeat=\u00a0\u00bbno-repeat\u00a0\u00bb bg_stretch=\u00a0\u00bbtrue\u00a0\u00bb enable_3d=\u00a0\u00bbtrue\u00a0\u00bb speed_factor=\u00a0\u00bb0.6&Prime; bg_gradient=\u00a0\u00bbleft_bottom\u00a0\u00bb video_color_mask=\u00a0\u00bb#fbb857&Prime; gr_end=\u00a0\u00bb#fe6600&Prime; video_opacity=\u00a0\u00bb0.8&Prime; min_height=\u00a0\u00bb0&Prime; full_width=\u00a0\u00bbtrue\u00a0\u00bb padding_top=\u00a0\u00bb100&Prime; padding_bottom=\u00a0\u00bb100&Prime; sidebar=\u00a0\u00bbsidebar-1&Prime;][vc_column][mk_fancy_title color=\u00a0\u00bb#ffffff\u00a0\u00bb size=\u00a0\u00bb48&Prime; font_weight=\u00a0\u00bbbold\u00a0\u00bb margin_bottom=\u00a0\u00bb0&Prime; font_family=\u00a0\u00bbnone\u00a0\u00bb align=\u00a0\u00bbcenter\u00a0\u00bb]<span style=\"color: #ffffff;\">QUI NOUS SOMMES[\/mk_fancy_title][\/vc_column][\/mk_page_section][vc_row][vc_column][mk_padding_divider size=\u00a0\u00bb80&Prime;][\/vc_column][\/vc_row][vc_row][vc_column][mk_fancy_title color=\u00a0\u00bb#fe6600&Prime; size=\u00a0\u00bb25&Prime; font_weight=\u00a0\u00bbbold\u00a0\u00bb txt_transform=\u00a0\u00bbuppercase\u00a0\u00bb margin_bottom=\u00a0\u00bb5&Prime; font_family=\u00a0\u00bbnone\u00a0\u00bb]\u00c0 prop\u00f4s de nous[\/mk_fancy_title][mk_divider style=\u00a0\u00bbthin_solid\u00a0\u00bb divider_width=\u00a0\u00bbcustom_width\u00a0\u00bb custom_width=\u00a0\u00bb59&Prime; align=\u00a0\u00bbleft\u00a0\u00bb thin_single_color=\u00a0\u00bb#fbb857&Prime; thickness=\u00a0\u00bb3&Prime; margin_top=\u00a0\u00bb0&Prime;][vc_column_text css=\u00a0\u00bb.vc_custom_1579018043923{margin-bottom: 0px !important;}\u00a0\u00bb]<span style=\"font-size: 20px; line-height: 36px;\">CORTARTEC a \u00e9t\u00e9 fond\u00e9e en 1998 dans le but de concevoir, produire et commercialiser des produits, des syst\u00e8mes et des equipements pour la construction dans les domaines de l&rsquo;ing\u00e9nierie et de l&rsquo;architecture. La concentration sur ces segments de march\u00e9 professionnels nous permet d&rsquo;offrir des produits de haute qualit\u00e9 au meilleur prix, tout en permettant \u00e0 nos clients de b\u00e9n\u00e9ficier de la r\u00e9duction des co\u00fbts inh\u00e9rente \u00e0 la gestion des achats et de la logistique.\u00a0[\/vc_column_text][vc_column_text css=\u00a0\u00bb.vc_custom_1579018151944{margin-bottom: 0px !important;}\u00a0\u00bb]\n<div>Avec une philosophie de travail bas\u00e9e sur le plus grand respect des besoins de ses partenaires professionnels et surtout attentive au confort et \u00e0 la qualit\u00e9 du r\u00e9sultat \u00e0 ses clients, l&rsquo;entreprise grandit en transmettant la confiance, avec l&rsquo;engagement de toujours fournir les meilleurs services, mat\u00e9riaux et \u00e9quipements. de haute qualit\u00e9. Privil\u00e9giant la robustesse et la fiabilit\u00e9 de ses syst\u00e8mes et \u00e9quipements, le maintien d&rsquo;un niveau de qualit\u00e9 \u00e9lev\u00e9 et la satisfaction des besoins r\u00e9els et \u00e9quitables de ses clients et de leurs projets et travaux respectifs, CORTARTEC a naturellement r\u00e9ussi et reconnu. En ce sens, elle s&rsquo;est associ\u00e9e \u00e0 plusieurs marques de renomm\u00e9e internationale, des soci\u00e9t\u00e9s sp\u00e9cialis\u00e9es dans la haute technologie.<\/div>\n<div><\/div>\n<div>Notre exp\u00e9rience et notre proximit\u00e9 avec les nouveaux march\u00e9s \u00e9mergents nous ont amen\u00e9s \u00e0 nous distinguer comme partenaires d&rsquo;excellence par nos clients et nos fournisseurs.<\/div>\n<div><\/div>\n<div>Un engagement total, un service efficace et une connaissance compl\u00e8te des diff\u00e9rentes r\u00e9alit\u00e9s locales ont conduit notre entreprise \u00e0 une position de premier plan dans le domaine des affaires internationales, conqu\u00e9rant ainsi les acteurs de confiance des march\u00e9s o\u00f9 nous op\u00e9rons.<\/div>\n<div>Nous avons une \u00e9quipe de sp\u00e9cialistes en ing\u00e9nierie qui fournissent \u00e0 nos clients un support technique commercial \u00e9tendu pour les aider \u00e0 trouver des solutions adapt\u00e9es \u00e0 leurs besoins. Assurer le bon rapport qualit\u00e9 \/ prix aux situations qui se pr\u00e9sentent \u00e0 vous ainsi que des solutions sp\u00e9cifiques pour chaque projet.<\/div>\n[\/vc_column_text][\/vc_column][\/vc_row][vc_row][vc_column][mk_padding_divider size=\u00a0\u00bb80&Prime;][\/vc_column][\/vc_row][vc_row fullwidth=\u00a0\u00bbtrue\u00a0\u00bb fullwidth_content=\u00a0\u00bbfalse\u00a0\u00bb css=\u00a0\u00bb.vc_custom_1557929542160{background-color: #fe6600 !important;}\u00a0\u00bb][vc_column][mk_padding_divider size=\u00a0\u00bb30&Prime;][vc_row_inner][vc_column_inner width=\u00a0\u00bb2\/3&Prime;][mk_padding_divider size=\u00a0\u00bb10&Prime;][mk_fancy_title tag_name=\u00a0\u00bbh5&Prime; color=\u00a0\u00bb#ffffff\u00a0\u00bb size=\u00a0\u00bb26&Prime; font_weight=\u00a0\u00bb400&Prime; txt_transform=\u00a0\u00bbnone\u00a0\u00bb font_family=\u00a0\u00bbOpen+Sans\u00a0\u00bb font_type=\u00a0\u00bbgoogle\u00a0\u00bb]<span style=\"color: #ffffff;\">Questions? Nous sommes l\u00e0 pour vos aider![\/mk_fancy_title][\/vc_column_inner][vc_column_inner width=\u00a0\u00bb1\/3&Prime;][mk_button dimension=\u00a0\u00bbflat\u00a0\u00bb size=\u00a0\u00bblarge\u00a0\u00bb url=\u00a0\u00bbhttps:\/\/cortartec.net\/fr\/contacts\/\u00a0\u00bb align=\u00a0\u00bbright\u00a0\u00bb margin_right=\u00a0\u00bb0&Prime; el_class=\u00a0\u00bbmrightButton\u00a0\u00bb bg_color=\u00a0\u00bb#f0f0f0&Prime; btn_hover_bg=\u00a0\u00bb#ffffff\u00a0\u00bb text_color=\u00a0\u00bbdark\u00a0\u00bb btn_hover_txt_color=\u00a0\u00bb#000000&Prime;]CONTACTEZ NOUS[\/mk_button][\/vc_column_inner][\/vc_row_inner][\/vc_column][\/vc_row][vc_row][vc_column][mk_padding_divider size=\u00a0\u00bb80&Prime;][mk_fancy_title color=\u00a0\u00bb#999999&Prime; size=\u00a0\u00bb40&Prime; font_weight=\u00a0\u00bb200&Prime; txt_transform=\u00a0\u00bbuppercase\u00a0\u00bb margin_bottom=\u00a0\u00bb5&Prime; font_family=\u00a0\u00bbnone\u00a0\u00bb align=\u00a0\u00bbcenter\u00a0\u00bb]RAISONS DE <strong>TRAVAILLER AVEC NOUS<\/strong>[\/mk_fancy_title][mk_divider style=\u00a0\u00bbthin_solid\u00a0\u00bb divider_width=\u00a0\u00bbcustom_width\u00a0\u00bb custom_width=\u00a0\u00bb80&Prime; thin_single_color=\u00a0\u00bb#fe6600&Prime; thickness=\u00a0\u00bb4&Prime; margin_top=\u00a0\u00bb0&Prime; margin_bottom=\u00a0\u00bb40&Prime;][vc_row_inner][vc_column_inner width=\u00a0\u00bb1\/4&Prime;][mk_font_icons icon=\u00a0\u00bbmk-icon-users\u00a0\u00bb color=\u00a0\u00bb#fe6600&Prime; size=\u00a0\u00bbxx-large\u00a0\u00bb circle=\u00a0\u00bbtrue\u00a0\u00bb circle_border_color=\u00a0\u00bb#f0f0f0&Prime; align=\u00a0\u00bbcenter\u00a0\u00bb][mk_fancy_title color=\u00a0\u00bb#727272&Prime; size=\u00a0\u00bb17&Prime; font_weight=\u00a0\u00bbbold\u00a0\u00bb txt_transform=\u00a0\u00bbuppercase\u00a0\u00bb margin_top=\u00a0\u00bb25&Prime; margin_bottom=\u00a0\u00bb0&Prime; font_family=\u00a0\u00bbnone\u00a0\u00bb align=\u00a0\u00bbcenter\u00a0\u00bb]\u00c9QUIPE D\u2019EXP\u00c9RIENCE[\/mk_fancy_title][vc_column_text disable_pattern=\u00a0\u00bbfalse\u00a0\u00bb align=\u00a0\u00bbcenter\u00a0\u00bb css=\u00a0\u00bb.vc_custom_1579018480930{margin-bottom: 0px !important;}\u00a0\u00bb]Depuis plus de 20 ans \u00e0 travailler sur la cr\u00e9ation des meilleures solutions de construction.[\/vc_column_text][mk_padding_divider size=\u00a0\u00bb30&Prime;][\/vc_column_inner][vc_column_inner width=\u00a0\u00bb1\/4&Prime;][mk_font_icons icon=\u00a0\u00bbmk-li-tool\u00a0\u00bb color=\u00a0\u00bb#fe6600&Prime; size=\u00a0\u00bbxx-large\u00a0\u00bb circle=\u00a0\u00bbtrue\u00a0\u00bb circle_border_color=\u00a0\u00bb#f0f0f0&Prime; align=\u00a0\u00bbcenter\u00a0\u00bb][mk_fancy_title color=\u00a0\u00bb#727272&Prime; size=\u00a0\u00bb17&Prime; font_weight=\u00a0\u00bbbold\u00a0\u00bb txt_transform=\u00a0\u00bbuppercase\u00a0\u00bb margin_top=\u00a0\u00bb25&Prime; margin_bottom=\u00a0\u00bb0&Prime; font_family=\u00a0\u00bbnone\u00a0\u00bb align=\u00a0\u00bbcenter\u00a0\u00bb]CAPACIT\u00c9 TECHNIQUE[\/mk_fancy_title][vc_column_text disable_pattern=\u00a0\u00bbfalse\u00a0\u00bb align=\u00a0\u00bbcenter\u00a0\u00bb css=\u00a0\u00bb.vc_custom_1579018512944{margin-bottom: 0px !important;}\u00a0\u00bb]Nous cr\u00e9ons la solution qui r\u00e9pond \u00e0 tous vos besoins.[\/vc_column_text][mk_padding_divider size=\u00a0\u00bb30&Prime;][\/vc_column_inner][vc_column_inner width=\u00a0\u00bb1\/4&Prime;][mk_font_icons icon=\u00a0\u00bbmk-icon-check\u00a0\u00bb color=\u00a0\u00bb#fe6600&Prime; size=\u00a0\u00bbxx-large\u00a0\u00bb circle=\u00a0\u00bbtrue\u00a0\u00bb circle_border_color=\u00a0\u00bb#f0f0f0&Prime; align=\u00a0\u00bbcenter\u00a0\u00bb][mk_fancy_title color=\u00a0\u00bb#727272&Prime; size=\u00a0\u00bb17&Prime; font_weight=\u00a0\u00bbbold\u00a0\u00bb txt_transform=\u00a0\u00bbuppercase\u00a0\u00bb margin_top=\u00a0\u00bb25&Prime; margin_bottom=\u00a0\u00bb0&Prime; font_family=\u00a0\u00bbnone\u00a0\u00bb align=\u00a0\u00bbcenter\u00a0\u00bb]Certifi\u00e9 et S\u00fbr[\/mk_fancy_title][vc_column_text disable_pattern=\u00a0\u00bbfalse\u00a0\u00bb align=\u00a0\u00bbcenter\u00a0\u00bb css=\u00a0\u00bb.vc_custom_1579018582985{margin-bottom: 0px !important;}\u00a0\u00bb]Nous respectons toutes les normes locales et r\u00e9gionales et n\u2019utilisons que des produits certifi\u00e9s.[\/vc_column_text][mk_padding_divider size=\u00a0\u00bb30&Prime;][\/vc_column_inner][vc_column_inner width=\u00a0\u00bb1\/4&Prime;][mk_font_icons icon=\u00a0\u00bbmk-moon-coins\u00a0\u00bb color=\u00a0\u00bb#fe6600&Prime; size=\u00a0\u00bbxx-large\u00a0\u00bb circle=\u00a0\u00bbtrue\u00a0\u00bb circle_border_color=\u00a0\u00bb#f0f0f0&Prime; align=\u00a0\u00bbcenter\u00a0\u00bb][mk_fancy_title color=\u00a0\u00bb#727272&Prime; size=\u00a0\u00bb17&Prime; font_weight=\u00a0\u00bbbold\u00a0\u00bb txt_transform=\u00a0\u00bbuppercase\u00a0\u00bb margin_top=\u00a0\u00bb25&Prime; margin_bottom=\u00a0\u00bb0&Prime; font_family=\u00a0\u00bbnone\u00a0\u00bb align=\u00a0\u00bbcenter\u00a0\u00bb]DES PRIX COMP\u00c9TITIFS[\/mk_fancy_title][vc_column_text disable_pattern=\u00a0\u00bbfalse\u00a0\u00bb align=\u00a0\u00bbcenter\u00a0\u00bb css=\u00a0\u00bb.vc_custom_1579018642703{margin-bottom: 0px !important;}\u00a0\u00bb]Nous engageons toujours \u00e0 proposer nos produits au meilleur prix.\u00a0[\/vc_column_text][mk_padding_divider size=\u00a0\u00bb30&Prime;][\/vc_column_inner][\/vc_row_inner][mk_padding_divider size=\u00a0\u00bb60&Prime;][\/vc_column][\/vc_row]\n","protected":false},"excerpt":{"rendered":"<p>[mk_page_section bg_image=\u00a0\u00bbhttps:\/\/cortartec.net\/wp-content\/uploads\/2015\/12\/slider2.jpg\u00a0\u00bb bg_color=\u00a0\u00bb#fe6600&Prime; blend_mode=\u00a0\u00bbluminosity\u00a0\u00bb bg_position=\u00a0\u00bbcenter top\u00a0\u00bb bg_repeat=\u00a0\u00bbno-repeat\u00a0\u00bb bg_stretch=\u00a0\u00bbtrue\u00a0\u00bb enable_3d=\u00a0\u00bbtrue\u00a0\u00bb speed_factor=\u00a0\u00bb0.6&Prime; bg_gradient=\u00a0\u00bbleft_bottom\u00a0\u00bb video_color_mask=\u00a0\u00bb#fbb857&Prime; gr_end=\u00a0\u00bb#fe6600&Prime; video_opacity=\u00a0\u00bb0.8&Prime; min_height=\u00a0\u00bb0&Prime; full_width=\u00a0\u00bbtrue\u00a0\u00bb padding_top=\u00a0\u00bb100&Prime; padding_bottom=\u00a0\u00bb100&Prime; sidebar=\u00a0\u00bbsidebar-1&Prime;][vc_column][mk_fancy_title color=\u00a0\u00bb#ffffff\u00a0\u00bb size=\u00a0\u00bb48&Prime; font_weight=\u00a0\u00bbbold\u00a0\u00bb margin_bottom=\u00a0\u00bb0&Prime; font_family=\u00a0\u00bbnone\u00a0\u00bb align=\u00a0\u00bbcenter\u00a0\u00bb]QUI NOUS SOMMES[\/mk_fancy_title][\/vc_column][\/mk_page_section][vc_row][vc_column][mk_padding_divider size=\u00a0\u00bb80&Prime;][\/vc_column][\/vc_row][vc_row][vc_column][mk_fancy_title color=\u00a0\u00bb#fe6600&Prime; size=\u00a0\u00bb25&Prime; font_weight=\u00a0\u00bbbold\u00a0\u00bb txt_transform=\u00a0\u00bbuppercase\u00a0\u00bb margin_bottom=\u00a0\u00bb5&Prime; font_family=\u00a0\u00bbnone\u00a0\u00bb]\u00c0 prop\u00f4s de nous[\/mk_fancy_title][mk_divider style=\u00a0\u00bbthin_solid\u00a0\u00bb divider_width=\u00a0\u00bbcustom_width\u00a0\u00bb custom_width=\u00a0\u00bb59&Prime; align=\u00a0\u00bbleft\u00a0\u00bb thin_single_color=\u00a0\u00bb#fbb857&Prime; thickness=\u00a0\u00bb3&Prime; margin_top=\u00a0\u00bb0&Prime;][vc_column_text css=\u00a0\u00bb.vc_custom_1579018043923{margin-bottom: 0px !important;}\u00a0\u00bb]CORTARTEC a \u00e9t\u00e9 fond\u00e9e en 1998 dans le but [&hellip;]<\/p>\n","protected":false},"author":6,"featured_media":0,"parent":0,"menu_order":0,"comment_status":"closed","ping_status":"closed","template":"","meta":[],"yoast_head":"<!-- This site is optimized with the Yoast SEO plugin v19.4 - https:\/\/yoast.com\/wordpress\/plugins\/seo\/ -->\n<title>Nous sommes - Cortartec<\/title>\n<meta name=\"robots\" content=\"index, follow, max-snippet:-1, max-image-preview:large, max-video-preview:-1\" \/>\n<link rel=\"canonical\" href=\"https:\/\/cortartec.net\/fr\/nous-sommes\/\" \/>\n<meta property=\"og:locale\" content=\"fr_FR\" \/>\n<meta property=\"og:type\" content=\"article\" \/>\n<meta property=\"og:title\" content=\"Nous sommes - Cortartec\" \/>\n<meta property=\"og:description\" content=\"[mk_page_section bg_image=\u00a0\u00bbhttps:\/\/cortartec.net\/wp-content\/uploads\/2015\/12\/slider2.jpg\u00a0\u00bb bg_color=\u00a0\u00bb#fe6600&Prime; blend_mode=\u00a0\u00bbluminosity\u00a0\u00bb bg_position=\u00a0\u00bbcenter top\u00a0\u00bb bg_repeat=\u00a0\u00bbno-repeat\u00a0\u00bb bg_stretch=\u00a0\u00bbtrue\u00a0\u00bb enable_3d=\u00a0\u00bbtrue\u00a0\u00bb speed_factor=\u00a0\u00bb0.6&Prime; bg_gradient=\u00a0\u00bbleft_bottom\u00a0\u00bb video_color_mask=\u00a0\u00bb#fbb857&Prime; gr_end=\u00a0\u00bb#fe6600&Prime; video_opacity=\u00a0\u00bb0.8&Prime; min_height=\u00a0\u00bb0&Prime; full_width=\u00a0\u00bbtrue\u00a0\u00bb padding_top=\u00a0\u00bb100&Prime; padding_bottom=\u00a0\u00bb100&Prime; sidebar=\u00a0\u00bbsidebar-1&Prime;][vc_column][mk_fancy_title color=\u00a0\u00bb#ffffff\u00a0\u00bb size=\u00a0\u00bb48&Prime; font_weight=\u00a0\u00bbbold\u00a0\u00bb margin_bottom=\u00a0\u00bb0&Prime; font_family=\u00a0\u00bbnone\u00a0\u00bb align=\u00a0\u00bbcenter\u00a0\u00bb]QUI NOUS SOMMES[\/mk_fancy_title][\/vc_column][\/mk_page_section][vc_row][vc_column][mk_padding_divider size=\u00a0\u00bb80&Prime;][\/vc_column][\/vc_row][vc_row][vc_column][mk_fancy_title color=\u00a0\u00bb#fe6600&Prime; size=\u00a0\u00bb25&Prime; font_weight=\u00a0\u00bbbold\u00a0\u00bb txt_transform=\u00a0\u00bbuppercase\u00a0\u00bb margin_bottom=\u00a0\u00bb5&Prime; font_family=\u00a0\u00bbnone\u00a0\u00bb]\u00c0 prop\u00f4s de nous[\/mk_fancy_title][mk_divider style=\u00a0\u00bbthin_solid\u00a0\u00bb divider_width=\u00a0\u00bbcustom_width\u00a0\u00bb custom_width=\u00a0\u00bb59&Prime; align=\u00a0\u00bbleft\u00a0\u00bb thin_single_color=\u00a0\u00bb#fbb857&Prime; thickness=\u00a0\u00bb3&Prime; margin_top=\u00a0\u00bb0&Prime;][vc_column_text css=\u00a0\u00bb.vc_custom_1579018043923{margin-bottom: 0px !important;}\u00a0\u00bb]CORTARTEC a \u00e9t\u00e9 fond\u00e9e en 1998 dans le but [&hellip;]\" \/>\n<meta property=\"og:url\" content=\"https:\/\/cortartec.net\/fr\/nous-sommes\/\" \/>\n<meta property=\"og:site_name\" content=\"Cortartec\" \/>\n<meta property=\"article:publisher\" content=\"https:\/\/facebook.com\/cortartec\" \/>\n<meta property=\"article:modified_time\" content=\"2020-09-29T00:23:41+00:00\" \/>\n<meta name=\"twitter:card\" content=\"summary_large_image\" \/>\n<meta name=\"twitter:site\" content=\"@cortartec\" \/>\n<meta name=\"twitter:label1\" content=\"Dur\u00e9e de lecture estim\u00e9e\" \/>\n\t<meta name=\"twitter:data1\" content=\"5 minutes\" \/>\n<script type=\"application\/ld+json\" class=\"yoast-schema-graph\">{\"@context\":\"https:\/\/schema.org\",\"@graph\":[{\"@type\":\"Organization\",\"@id\":\"https:\/\/cortartec.net\/fr\/#organization\",\"name\":\"Cortartec\",\"url\":\"https:\/\/cortartec.net\/fr\/\",\"sameAs\":[\"https:\/\/instagram.com\/cortartec\",\"https:\/\/za.linkedin.com\/company\/cortartec?trk=recent-update_see-all\",\"https:\/\/pinterest.com\/cortartec\",\"https:\/\/youtube.com\/user\/cortartec\",\"https:\/\/facebook.com\/cortartec\",\"https:\/\/twitter.com\/cortartec\"],\"logo\":{\"@type\":\"ImageObject\",\"inLanguage\":\"fr-FR\",\"@id\":\"https:\/\/cortartec.net\/fr\/#\/schema\/logo\/image\/\",\"url\":\"https:\/\/cortartec.net\/wp-content\/uploads\/2019\/08\/logo.png\",\"contentUrl\":\"https:\/\/cortartec.net\/wp-content\/uploads\/2019\/08\/logo.png\",\"width\":400,\"height\":100,\"caption\":\"Cortartec\"},\"image\":{\"@id\":\"https:\/\/cortartec.net\/fr\/#\/schema\/logo\/image\/\"}},{\"@type\":\"WebSite\",\"@id\":\"https:\/\/cortartec.net\/fr\/#website\",\"url\":\"https:\/\/cortartec.net\/fr\/\",\"name\":\"Cortartec\",\"description\":\"\",\"publisher\":{\"@id\":\"https:\/\/cortartec.net\/fr\/#organization\"},\"potentialAction\":[{\"@type\":\"SearchAction\",\"target\":{\"@type\":\"EntryPoint\",\"urlTemplate\":\"https:\/\/cortartec.net\/fr\/?s={search_term_string}\"},\"query-input\":\"required name=search_term_string\"}],\"inLanguage\":\"fr-FR\"},{\"@type\":\"WebPage\",\"@id\":\"https:\/\/cortartec.net\/fr\/nous-sommes\/\",\"url\":\"https:\/\/cortartec.net\/fr\/nous-sommes\/\",\"name\":\"Nous sommes - Cortartec\",\"isPartOf\":{\"@id\":\"https:\/\/cortartec.net\/fr\/#website\"},\"datePublished\":\"2020-01-14T15:55:28+00:00\",\"dateModified\":\"2020-09-29T00:23:41+00:00\",\"breadcrumb\":{\"@id\":\"https:\/\/cortartec.net\/fr\/nous-sommes\/#breadcrumb\"},\"inLanguage\":\"fr-FR\",\"potentialAction\":[{\"@type\":\"ReadAction\",\"target\":[\"https:\/\/cortartec.net\/fr\/nous-sommes\/\"]}]},{\"@type\":\"BreadcrumbList\",\"@id\":\"https:\/\/cortartec.net\/fr\/nous-sommes\/#breadcrumb\",\"itemListElement\":[{\"@type\":\"ListItem\",\"position\":1,\"name\":\"In\u00edcio\",\"item\":\"https:\/\/cortartec.net\/fr\/\"},{\"@type\":\"ListItem\",\"position\":2,\"name\":\"Nous sommes\"}]}]}<\/script>\n<!-- \/ Yoast SEO plugin. -->","yoast_head_json":{"title":"Nous sommes - Cortartec","robots":{"index":"index","follow":"follow","max-snippet":"max-snippet:-1","max-image-preview":"max-image-preview:large","max-video-preview":"max-video-preview:-1"},"canonical":"https:\/\/cortartec.net\/fr\/nous-sommes\/","og_locale":"fr_FR","og_type":"article","og_title":"Nous sommes - Cortartec","og_description":"[mk_page_section bg_image=\u00a0\u00bbhttps:\/\/cortartec.net\/wp-content\/uploads\/2015\/12\/slider2.jpg\u00a0\u00bb bg_color=\u00a0\u00bb#fe6600&Prime; blend_mode=\u00a0\u00bbluminosity\u00a0\u00bb bg_position=\u00a0\u00bbcenter top\u00a0\u00bb bg_repeat=\u00a0\u00bbno-repeat\u00a0\u00bb bg_stretch=\u00a0\u00bbtrue\u00a0\u00bb enable_3d=\u00a0\u00bbtrue\u00a0\u00bb speed_factor=\u00a0\u00bb0.6&Prime; bg_gradient=\u00a0\u00bbleft_bottom\u00a0\u00bb video_color_mask=\u00a0\u00bb#fbb857&Prime; gr_end=\u00a0\u00bb#fe6600&Prime; video_opacity=\u00a0\u00bb0.8&Prime; min_height=\u00a0\u00bb0&Prime; full_width=\u00a0\u00bbtrue\u00a0\u00bb padding_top=\u00a0\u00bb100&Prime; padding_bottom=\u00a0\u00bb100&Prime; sidebar=\u00a0\u00bbsidebar-1&Prime;][vc_column][mk_fancy_title color=\u00a0\u00bb#ffffff\u00a0\u00bb size=\u00a0\u00bb48&Prime; font_weight=\u00a0\u00bbbold\u00a0\u00bb margin_bottom=\u00a0\u00bb0&Prime; font_family=\u00a0\u00bbnone\u00a0\u00bb align=\u00a0\u00bbcenter\u00a0\u00bb]QUI NOUS SOMMES[\/mk_fancy_title][\/vc_column][\/mk_page_section][vc_row][vc_column][mk_padding_divider size=\u00a0\u00bb80&Prime;][\/vc_column][\/vc_row][vc_row][vc_column][mk_fancy_title color=\u00a0\u00bb#fe6600&Prime; size=\u00a0\u00bb25&Prime; font_weight=\u00a0\u00bbbold\u00a0\u00bb txt_transform=\u00a0\u00bbuppercase\u00a0\u00bb margin_bottom=\u00a0\u00bb5&Prime; font_family=\u00a0\u00bbnone\u00a0\u00bb]\u00c0 prop\u00f4s de nous[\/mk_fancy_title][mk_divider style=\u00a0\u00bbthin_solid\u00a0\u00bb divider_width=\u00a0\u00bbcustom_width\u00a0\u00bb custom_width=\u00a0\u00bb59&Prime; align=\u00a0\u00bbleft\u00a0\u00bb thin_single_color=\u00a0\u00bb#fbb857&Prime; thickness=\u00a0\u00bb3&Prime; margin_top=\u00a0\u00bb0&Prime;][vc_column_text css=\u00a0\u00bb.vc_custom_1579018043923{margin-bottom: 0px !important;}\u00a0\u00bb]CORTARTEC a \u00e9t\u00e9 fond\u00e9e en 1998 dans le but [&hellip;]","og_url":"https:\/\/cortartec.net\/fr\/nous-sommes\/","og_site_name":"Cortartec","article_publisher":"https:\/\/facebook.com\/cortartec","article_modified_time":"2020-09-29T00:23:41+00:00","twitter_card":"summary_large_image","twitter_site":"@cortartec","twitter_misc":{"Dur\u00e9e de lecture estim\u00e9e":"5 minutes"},"schema":{"@context":"https:\/\/schema.org","@graph":[{"@type":"Organization","@id":"https:\/\/cortartec.net\/fr\/#organization","name":"Cortartec","url":"https:\/\/cortartec.net\/fr\/","sameAs":["https:\/\/instagram.com\/cortartec","https:\/\/za.linkedin.com\/company\/cortartec?trk=recent-update_see-all","https:\/\/pinterest.com\/cortartec","https:\/\/youtube.com\/user\/cortartec","https:\/\/facebook.com\/cortartec","https:\/\/twitter.com\/cortartec"],"logo":{"@type":"ImageObject","inLanguage":"fr-FR","@id":"https:\/\/cortartec.net\/fr\/#\/schema\/logo\/image\/","url":"https:\/\/cortartec.net\/wp-content\/uploads\/2019\/08\/logo.png","contentUrl":"https:\/\/cortartec.net\/wp-content\/uploads\/2019\/08\/logo.png","width":400,"height":100,"caption":"Cortartec"},"image":{"@id":"https:\/\/cortartec.net\/fr\/#\/schema\/logo\/image\/"}},{"@type":"WebSite","@id":"https:\/\/cortartec.net\/fr\/#website","url":"https:\/\/cortartec.net\/fr\/","name":"Cortartec","description":"","publisher":{"@id":"https:\/\/cortartec.net\/fr\/#organization"},"potentialAction":[{"@type":"SearchAction","target":{"@type":"EntryPoint","urlTemplate":"https:\/\/cortartec.net\/fr\/?s={search_term_string}"},"query-input":"required name=search_term_string"}],"inLanguage":"fr-FR"},{"@type":"WebPage","@id":"https:\/\/cortartec.net\/fr\/nous-sommes\/","url":"https:\/\/cortartec.net\/fr\/nous-sommes\/","name":"Nous sommes - Cortartec","isPartOf":{"@id":"https:\/\/cortartec.net\/fr\/#website"},"datePublished":"2020-01-14T15:55:28+00:00","dateModified":"2020-09-29T00:23:41+00:00","breadcrumb":{"@id":"https:\/\/cortartec.net\/fr\/nous-sommes\/#breadcrumb"},"inLanguage":"fr-FR","potentialAction":[{"@type":"ReadAction","target":["https:\/\/cortartec.net\/fr\/nous-sommes\/"]}]},{"@type":"BreadcrumbList","@id":"https:\/\/cortartec.net\/fr\/nous-sommes\/#breadcrumb","itemListElement":[{"@type":"ListItem","position":1,"name":"In\u00edcio","item":"https:\/\/cortartec.net\/fr\/"},{"@type":"ListItem","position":2,"name":"Nous sommes"}]}]}},"_links":{"self":[{"href":"https:\/\/cortartec.net\/fr\/wp-json\/wp\/v2\/pages\/2361"}],"collection":[{"href":"https:\/\/cortartec.net\/fr\/wp-json\/wp\/v2\/pages"}],"about":[{"href":"https:\/\/cortartec.net\/fr\/wp-json\/wp\/v2\/types\/page"}],"author":[{"embeddable":true,"href":"https:\/\/cortartec.net\/fr\/wp-json\/wp\/v2\/users\/6"}],"replies":[{"embeddable":true,"href":"https:\/\/cortartec.net\/fr\/wp-json\/wp\/v2\/comments?post=2361"}],"version-history":[{"count":2,"href":"https:\/\/cortartec.net\/fr\/wp-json\/wp\/v2\/pages\/2361\/revisions"}],"predecessor-version":[{"id":9606,"href":"https:\/\/cortartec.net\/fr\/wp-json\/wp\/v2\/pages\/2361\/revisions\/9606"}],"wp:attachment":[{"href":"https:\/\/cortartec.net\/fr\/wp-json\/wp\/v2\/media?parent=2361"}],"curies":[{"name":"wp","href":"https:\/\/api.w.org\/{rel}","templated":true}]}}