{"id":2416,"date":"2020-01-20T14:39:27","date_gmt":"2020-01-20T14:39:27","guid":{"rendered":"https:\/\/cortartec.net\/?page_id=2416"},"modified":"2023-03-27T10:31:54","modified_gmt":"2023-03-27T10:31:54","slug":"catalogues","status":"publish","type":"page","link":"https:\/\/cortartec.net\/fr\/catalogues\/","title":{"rendered":"Catalogues"},"content":{"rendered":"[mk_page_section bg_image=\u00a0\u00bbhttps:\/\/cortartec.net\/wp-content\/uploads\/2015\/12\/slider2.jpg\u00a0\u00bb bg_color=\u00a0\u00bb#fe6600&Prime; blend_mode=\u00a0\u00bbluminosity\u00a0\u00bb bg_position=\u00a0\u00bbcenter top\u00a0\u00bb bg_repeat=\u00a0\u00bbno-repeat\u00a0\u00bb bg_stretch=\u00a0\u00bbtrue\u00a0\u00bb enable_3d=\u00a0\u00bbtrue\u00a0\u00bb speed_factor=\u00a0\u00bb0.6&Prime; bg_gradient=\u00a0\u00bbleft_bottom\u00a0\u00bb video_color_mask=\u00a0\u00bb#fbb857&Prime; gr_end=\u00a0\u00bb#fe6600&Prime; video_opacity=\u00a0\u00bb0.8&Prime; min_height=\u00a0\u00bb0&Prime; full_width=\u00a0\u00bbtrue\u00a0\u00bb padding_top=\u00a0\u00bb100&Prime; padding_bottom=\u00a0\u00bb100&Prime; sidebar=\u00a0\u00bbsidebar-1&Prime;][vc_column][mk_fancy_title color=\u00a0\u00bb#ffffff\u00a0\u00bb size=\u00a0\u00bb48&Prime; font_weight=\u00a0\u00bbbold\u00a0\u00bb margin_bottom=\u00a0\u00bb0&Prime; font_family=\u00a0\u00bbnone\u00a0\u00bb align=\u00a0\u00bbcenter\u00a0\u00bb]<span style=\"color: #ffffff;\">CATALOGUES[\/mk_fancy_title][\/vc_column][\/mk_page_section][vc_row][vc_column][mk_padding_divider size=\u00a0\u00bb80&Prime;][\/vc_column][\/vc_row][vc_row el_class=\u00a0\u00bbcatalogue-items\u00a0\u00bb][vc_column width=\u00a0\u00bb1\/3&Prime;][mk_fancy_title color=\u00a0\u00bb#fe6600&Prime; size=\u00a0\u00bb25&Prime; font_weight=\u00a0\u00bbbold\u00a0\u00bb txt_transform=\u00a0\u00bbuppercase\u00a0\u00bb margin_bottom=\u00a0\u00bb5&Prime; font_family=\u00a0\u00bbnone\u00a0\u00bb]structures[\/mk_fancy_title][mk_custom_list style=\u00a0\u00bbmk-icon-angle-right\u00a0\u00bb]<\/span><\/p>\n<ul>\n<li><a href=\"https:\/\/48bfe850-8fa9-41aa-a01f-515ad5db562b.filesusr.com\/ugd\/b0e443_abb9dbddeb4749df8cf1a77c2d4c5a9e.pdf\">Coupleurs<\/a><\/li>\n<li><a href=\"https:\/\/48bfe850-8fa9-41aa-a01f-515ad5db562b.filesusr.com\/ugd\/b0e443_f4e2adeee2b1471c92290837c43e4fc6.pdf\">Coupleurs cryog\u00e9niques<\/a><\/li>\n<li><a href=\"https:\/\/48bfe850-8fa9-41aa-a01f-515ad5db562b.filesusr.com\/ugd\/b0e443_530915f02de24ab1addfd97f3810dc99.pdf\">Connecteurs DSD<\/a><\/li>\n<li><a href=\"https:\/\/48bfe850-8fa9-41aa-a01f-515ad5db562b.filesusr.com\/ugd\/b0e443_530915f02de24ab1addfd97f3810dc99.pdf\">Connecteurs KSN<\/a><\/li>\n<li><a href=\"https:\/\/48bfe850-8fa9-41aa-a01f-515ad5db562b.filesusr.com\/ugd\/b0e443_4405e6ac7c3048cd8ee22a96785431d3.pdf\">Tirants structurales<\/a><\/li>\n<li><a href=\"https:\/\/48bfe850-8fa9-41aa-a01f-515ad5db562b.filesusr.com\/ugd\/b0e443_6603cfeee11f4b779b72269510f4046a.pdf\">Bo\u00eetes de continuit\u00e9<\/a><\/li>\n<li><a href=\"https:\/\/48bfe850-8fa9-41aa-a01f-515ad5db562b.filesusr.com\/ugd\/b0e443_948d304fb8064d21a69db7c09cbc6db5.pdf\">Acier inoxydable nervur\u00e9<\/a><\/li>\n<li><a href=\"https:\/\/48bfe850-8fa9-41aa-a01f-515ad5db562b.filesusr.com\/ugd\/b0e443_b99048205e744d8ca0ab0ec18f078982.pdf\">Armure anti-crevaison<\/a><\/li>\n<li><a href=\"https:\/\/48bfe850-8fa9-41aa-a01f-515ad5db562b.filesusr.com\/ugd\/b0e443_8862b1ca83e046bbb48b04ebca2480a7.pdf\">Isolation thermique des dalles<\/a><\/li>\n<li><a href=\"https:\/\/48bfe850-8fa9-41aa-a01f-515ad5db562b.filesusr.com\/ugd\/b0e443_137eb7aefe0b4e3b8d57e1d016cf0262.pdf\">Appareils de support<\/a><\/li>\n<\/ul>\n[\/mk_custom_list][mk_fancy_title color=\u00a0\u00bb#fe6600&Prime; size=\u00a0\u00bb25&Prime; font_weight=\u00a0\u00bbbold\u00a0\u00bb txt_transform=\u00a0\u00bbuppercase\u00a0\u00bb margin_bottom=\u00a0\u00bb5&Prime; font_family=\u00a0\u00bbnone\u00a0\u00bb]Fa\u00e7ades[\/mk_fancy_title][mk_custom_list style=\u00a0\u00bbmk-icon-angle-right\u00a0\u00bb]\n<ul>\n<li><a href=\"https:\/\/48bfe850-8fa9-41aa-a01f-515ad5db562b.filesusr.com\/ugd\/b0e443_027f270691864de19b8364785ddb6cd4.pdf\">Fa\u00e7ades en pierre<\/a><\/li>\n<li><a href=\"https:\/\/48bfe850-8fa9-41aa-a01f-515ad5db562b.filesusr.com\/ugd\/b0e443_8d7ddccb49ae4905bbd48ad52d716a43.pdf\">Brique fa\u00e7ades brique<\/a><\/li>\n<li><a href=\"https:\/\/48bfe850-8fa9-41aa-a01f-515ad5db562b.filesusr.com\/ugd\/b0e443_bb2888ceb98a454ba178f79f82d5a324.pdf\">Fa\u00e7ades en c\u00e9ramique<\/a><\/li>\n<li><a href=\"https:\/\/48bfe850-8fa9-41aa-a01f-515ad5db562b.filesusr.com\/ugd\/b0e443_bb2888ceb98a454ba178f79f82d5a324.pdf\">Fa\u00e7ades avec sous-structure<\/a><\/li>\n<li><a href=\"https:\/\/48bfe850-8fa9-41aa-a01f-515ad5db562b.filesusr.com\/ugd\/b0e443_abe13ce320f04adc9774a2dabdd6cc4d.pdf\">R\u00e9habilitation des fa\u00e7ades<\/a><\/li>\n<\/ul>\n[\/mk_custom_list][\/vc_column][vc_column width=\u00a0\u00bb1\/3&Prime;][mk_fancy_title color=\u00a0\u00bb#fe6600&Prime; size=\u00a0\u00bb25&Prime; font_weight=\u00a0\u00bbbold\u00a0\u00bb txt_transform=\u00a0\u00bbuppercase\u00a0\u00bb margin_bottom=\u00a0\u00bb5&Prime; font_family=\u00a0\u00bbnone\u00a0\u00bb]JOINTS DE DILATATION[\/mk_fancy_title][mk_custom_list style=\u00a0\u00bbmk-icon-angle-right\u00a0\u00bb]\n<ul>\n<li><a href=\"https:\/\/48bfe850-8fa9-41aa-a01f-515ad5db562b.filesusr.com\/ugd\/b0e443_cb37a1c88a3f46a0af6dedf601ec3351.pdf\">Couvre joint<\/a><\/li>\n<li><a href=\"https:\/\/48bfe850-8fa9-41aa-a01f-515ad5db562b.filesusr.com\/ugd\/b0e443_cb37a1c88a3f46a0af6dedf601ec3351.pdf\">Coupe-feu<\/a><\/li>\n<li><a href=\"https:\/\/48bfe850-8fa9-41aa-a01f-515ad5db562b.filesusr.com\/ugd\/b0e443_5489540cecf54b8a989c217ce9a5871d.pdf\">Remplissage des joints<\/a><\/li>\n<li><a href=\"https:\/\/48bfe850-8fa9-41aa-a01f-515ad5db562b.filesusr.com\/ugd\/b0e443_775f4150e5da4212bfd2c5eefb835ac1.pdf\">Joints de dilatation pour sols<\/a><\/li>\n<li><a href=\"https:\/\/48bfe850-8fa9-41aa-a01f-515ad5db562b.filesusr.com\/ugd\/b0e443_775f4150e5da4212bfd2c5eefb835ac1.pdf\">Joints de toiture<\/a><\/li>\n<li><a href=\"https:\/\/48bfe850-8fa9-41aa-a01f-515ad5db562b.filesusr.com\/ugd\/b0e443_775f4150e5da4212bfd2c5eefb835ac1.pdf\">Joints de dilatation sismiques<\/a><\/li>\n<li><a href=\"https:\/\/48bfe850-8fa9-41aa-a01f-515ad5db562b.filesusr.com\/ugd\/b0e443_cb37a1c88a3f46a0af6dedf601ec3351.pdf\">Joints d&rsquo;\u00e9tanch\u00e9it\u00e9<\/a><\/li>\n<li><a href=\"https:\/\/48bfe850-8fa9-41aa-a01f-515ad5db562b.filesusr.com\/ugd\/b0e443_8862b1ca83e046bbb48b04ebca2480a7.pdf\">Joints \u00e0 rupture thermique de console<\/a><\/li>\n<li><a href=\"https:\/\/48bfe850-8fa9-41aa-a01f-515ad5db562b.filesusr.com\/ugd\/b0e443_368e8cf077a2445ca0737fba4faaf955.pdf\">Joints pour ponts et viaducts<\/a><\/li>\n<li><a href=\"https:\/\/48bfe850-8fa9-41aa-a01f-515ad5db562b.filesusr.com\/ugd\/b0e443_775f4150e5da4212bfd2c5eefb835ac1.pdf\">Joints pour parkings<\/a><\/li>\n<li><a href=\"#\">Joints pour sols en b\u00e9ton<\/a><\/li>\n<li><a href=\"https:\/\/48bfe850-8fa9-41aa-a01f-515ad5db562b.filesusr.com\/ugd\/b0e443_ee5dd8ca4bd6479e90fd17555b797aeb.pdf\">Joints de contraction ou de fractionnement<\/a><\/li>\n<li><a href=\"https:\/\/48bfe850-8fa9-41aa-a01f-515ad5db562b.filesusr.com\/ugd\/b0e443_5489540cecf54b8a989c217ce9a5871d.pdf\">Joints de dilatation pour fa\u00e7ades<\/a><\/li>\n<li><a href=\"https:\/\/48bfe850-8fa9-41aa-a01f-515ad5db562b.filesusr.com\/ugd\/b0e443_5489540cecf54b8a989c217ce9a5871d.pdf\">Joints de dilatation pour plafonds suspendus<\/a><\/li>\n<\/ul>\n<p>&nbsp;<\/p>\n<ul>\n<li><a href=\"https:\/\/48bfe850-8fa9-41aa-a01f-515ad5db562b.filesusr.com\/ugd\/b0e443_5489540cecf54b8a989c217ce9a5871d.pdf\">CATALOGUE G\u00c9N\u00c9RAL DE JOINTS &#8211; A<\/a><\/li>\n<li><a href=\"https:\/\/48bfe850-8fa9-41aa-a01f-515ad5db562b.filesusr.com\/ugd\/b0e443_cb37a1c88a3f46a0af6dedf601ec3351.pdf\">CATALOGUE G\u00c9N\u00c9RAL DE JOINTS &#8211; B<\/a><\/li>\n<\/ul>\n[\/mk_custom_list][\/vc_column][vc_column width=\u00a0\u00bb1\/3&Prime;][mk_fancy_title color=\u00a0\u00bb#fe6600&Prime; size=\u00a0\u00bb25&Prime; font_weight=\u00a0\u00bbbold\u00a0\u00bb txt_transform=\u00a0\u00bbuppercase\u00a0\u00bb margin_bottom=\u00a0\u00bb5&Prime; font_family=\u00a0\u00bbnone\u00a0\u00bb]Ma\u00e7onnerie[\/mk_fancy_title][mk_custom_list style=\u00a0\u00bbmk-icon-angle-right\u00a0\u00bb]\n<ul>\n<li><a href=\"https:\/\/48bfe850-8fa9-41aa-a01f-515ad5db562b.filesusr.com\/ugd\/b0e443_98f29aca913a4a249cf8c07fdd7f33af.pdf\">Cravates et fixations<\/a><\/li>\n<li><a href=\"https:\/\/48bfe850-8fa9-41aa-a01f-515ad5db562b.filesusr.com\/ugd\/b0e443_8d7ddccb49ae4905bbd48ad52d716a43.pdf\">Supports de ma\u00e7onnerie<\/a><\/li>\n<li><a href=\"https:\/\/48bfe850-8fa9-41aa-a01f-515ad5db562b.filesusr.com\/ugd\/b0e443_8b02e70f0e82495aac9f7dabc9fdabcd.pdf\">Armure de renfort de ma\u00e7onnerie<\/a><\/li>\n<li><a href=\"https:\/\/48bfe850-8fa9-41aa-a01f-515ad5db562b.filesusr.com\/ugd\/b0e443_4b2ae484fb32465ab2a551126778c59b.pdf\">Poteaux de renforcement en ma\u00e7onnerie<\/a><\/li>\n<li><a href=\"#\">Renfort de linteau<\/a><\/li>\n<li><a href=\"https:\/\/48bfe850-8fa9-41aa-a01f-515ad5db562b.filesusr.com\/ugd\/b0e443_ea2eb0da75d1440d9f1dc5efa542755e.pdf\">R\u00e9habilitation de ma\u00e7onnerie<\/a><\/li>\n<\/ul>\n[\/mk_custom_list][mk_fancy_title color=\u00a0\u00bb#fe6600&Prime; size=\u00a0\u00bb25&Prime; font_weight=\u00a0\u00bbbold\u00a0\u00bb txt_transform=\u00a0\u00bbuppercase\u00a0\u00bb margin_bottom=\u00a0\u00bb5&Prime; font_family=\u00a0\u00bbnone\u00a0\u00bb]Finitions[\/mk_fancy_title][mk_custom_list style=\u00a0\u00bbmk-icon-angle-right\u00a0\u00bb]\n<ul>\n<li><a href=\"https:\/\/48bfe850-8fa9-41aa-a01f-515ad5db562b.filesusr.com\/ugd\/b0e443_ee9f3b6df7054f84a293b5c51fe3b151.pdf\">Protection murale<\/a><\/li>\n<li><a href=\"https:\/\/48bfe850-8fa9-41aa-a01f-515ad5db562b.filesusr.com\/ugd\/b0e443_b9d14943fcfa48119acbfdbfb10bec1e.pdf\">Profils de transition et de finition<\/a><\/li>\n<li><a href=\"https:\/\/48bfe850-8fa9-41aa-a01f-515ad5db562b.filesusr.com\/ugd\/b0e443_b9d14943fcfa48119acbfdbfb10bec1e.pdf\">Plinthes et profils d\u00e9coratifs<\/a><\/li>\n<li><a href=\"https:\/\/48bfe850-8fa9-41aa-a01f-515ad5db562b.filesusr.com\/ugd\/b0e443_f5cd3119328f419e8387c0ccf33f8944.pdf\">Tapis d&rsquo;entr\u00e9e<\/a><\/li>\n<li><a href=\"https:\/\/irp-cdn.multiscreensite.com\/3592b125\/files\/uploaded\/MOXDECOR%20-%20Perfis%20de%20Acabamento.pdf\">Profils de finition en c\u00e9ramique<\/a><\/li>\n<li><a href=\"https:\/\/irp-cdn.multiscreensite.com\/3592b125\/files\/uploaded\/MOXDECOR%20-%20Perfis%20de%20Acabamento.pdf\">Profils de finition en acier inoxydable<\/a><\/li>\n<li><a href=\"https:\/\/cortartec.net\/wp-content\/uploads\/2023\/03\/cortartec-systeme-de-protection-murale-mts-fr.pdf\">Syst\u00e8me de protection murale<\/a><\/li>\n<\/ul>\n[\/mk_custom_list][\/vc_column][\/vc_row][vc_row][vc_column][mk_padding_divider size=\u00a0\u00bb80&Prime;][\/vc_column][\/vc_row][vc_row fullwidth=\u00a0\u00bbtrue\u00a0\u00bb fullwidth_content=\u00a0\u00bbfalse\u00a0\u00bb css=\u00a0\u00bb.vc_custom_1597403978460{margin-top: 50px !important;padding-top: 30px !important;background-color: #fe6600 !important;}\u00a0\u00bb][vc_column width=\u00a0\u00bb2\/3&Prime;][mk_fancy_title tag_name=\u00a0\u00bbh5&Prime; color=\u00a0\u00bb#ffffff\u00a0\u00bb size=\u00a0\u00bb26&Prime; font_weight=\u00a0\u00bb400&Prime; txt_transform=\u00a0\u00bbnone\u00a0\u00bb margin_top=\u00a0\u00bb10&Prime; font_family=\u00a0\u00bbnone\u00a0\u00bb]Questions? Nous sommes l\u00e0 pour vous aider![\/mk_fancy_title][\/vc_column][vc_column width=\u00a0\u00bb1\/3&Prime;][mk_button dimension=\u00a0\u00bbflat\u00a0\u00bb corner_style=\u00a0\u00bbrounded\u00a0\u00bb size=\u00a0\u00bblarge\u00a0\u00bb url=\u00a0\u00bbhttps:\/\/cortartec.net\/fr\/contacts\/\u00a0\u00bb align=\u00a0\u00bbright\u00a0\u00bb margin_right=\u00a0\u00bb0&Prime; el_class=\u00a0\u00bbmrightButton\u00a0\u00bb bg_color=\u00a0\u00bb#f0f0f0&Prime; btn_hover_bg=\u00a0\u00bb#ffffff\u00a0\u00bb text_color=\u00a0\u00bbdark\u00a0\u00bb btn_hover_txt_color=\u00a0\u00bb#fe6600&Prime;]CONTACTEZ NOUS[\/mk_button][\/vc_column][\/vc_row]\n","protected":false},"excerpt":{"rendered":"<p>[mk_page_section bg_image=\u00a0\u00bbhttps:\/\/cortartec.net\/wp-content\/uploads\/2015\/12\/slider2.jpg\u00a0\u00bb bg_color=\u00a0\u00bb#fe6600&Prime; blend_mode=\u00a0\u00bbluminosity\u00a0\u00bb bg_position=\u00a0\u00bbcenter top\u00a0\u00bb bg_repeat=\u00a0\u00bbno-repeat\u00a0\u00bb bg_stretch=\u00a0\u00bbtrue\u00a0\u00bb enable_3d=\u00a0\u00bbtrue\u00a0\u00bb speed_factor=\u00a0\u00bb0.6&Prime; bg_gradient=\u00a0\u00bbleft_bottom\u00a0\u00bb video_color_mask=\u00a0\u00bb#fbb857&Prime; gr_end=\u00a0\u00bb#fe6600&Prime; video_opacity=\u00a0\u00bb0.8&Prime; min_height=\u00a0\u00bb0&Prime; full_width=\u00a0\u00bbtrue\u00a0\u00bb padding_top=\u00a0\u00bb100&Prime; padding_bottom=\u00a0\u00bb100&Prime; sidebar=\u00a0\u00bbsidebar-1&Prime;][vc_column][mk_fancy_title color=\u00a0\u00bb#ffffff\u00a0\u00bb size=\u00a0\u00bb48&Prime; font_weight=\u00a0\u00bbbold\u00a0\u00bb margin_bottom=\u00a0\u00bb0&Prime; font_family=\u00a0\u00bbnone\u00a0\u00bb align=\u00a0\u00bbcenter\u00a0\u00bb]CATALOGUES[\/mk_fancy_title][\/vc_column][\/mk_page_section][vc_row][vc_column][mk_padding_divider size=\u00a0\u00bb80&Prime;][\/vc_column][\/vc_row][vc_row el_class=\u00a0\u00bbcatalogue-items\u00a0\u00bb][vc_column width=\u00a0\u00bb1\/3&Prime;][mk_fancy_title color=\u00a0\u00bb#fe6600&Prime; size=\u00a0\u00bb25&Prime; font_weight=\u00a0\u00bbbold\u00a0\u00bb txt_transform=\u00a0\u00bbuppercase\u00a0\u00bb margin_bottom=\u00a0\u00bb5&Prime; font_family=\u00a0\u00bbnone\u00a0\u00bb]structures[\/mk_fancy_title][mk_custom_list style=\u00a0\u00bbmk-icon-angle-right\u00a0\u00bb] Coupleurs Coupleurs cryog\u00e9niques Connecteurs DSD Connecteurs KSN Tirants structurales Bo\u00eetes de continuit\u00e9 Acier inoxydable nervur\u00e9 Armure anti-crevaison Isolation thermique des [&hellip;]<\/p>\n","protected":false},"author":6,"featured_media":0,"parent":0,"menu_order":0,"comment_status":"closed","ping_status":"closed","template":"","meta":[],"yoast_head":"<!-- This site is optimized with the Yoast SEO plugin v19.4 - https:\/\/yoast.com\/wordpress\/plugins\/seo\/ -->\n<title>Catalogues - Cortartec<\/title>\n<meta name=\"robots\" content=\"index, follow, max-snippet:-1, max-image-preview:large, max-video-preview:-1\" \/>\n<link rel=\"canonical\" href=\"https:\/\/cortartec.net\/fr\/catalogues\/\" \/>\n<meta property=\"og:locale\" content=\"fr_FR\" \/>\n<meta property=\"og:type\" content=\"article\" \/>\n<meta property=\"og:title\" content=\"Catalogues - Cortartec\" \/>\n<meta property=\"og:description\" content=\"[mk_page_section bg_image=\u00a0\u00bbhttps:\/\/cortartec.net\/wp-content\/uploads\/2015\/12\/slider2.jpg\u00a0\u00bb bg_color=\u00a0\u00bb#fe6600&Prime; blend_mode=\u00a0\u00bbluminosity\u00a0\u00bb bg_position=\u00a0\u00bbcenter top\u00a0\u00bb bg_repeat=\u00a0\u00bbno-repeat\u00a0\u00bb bg_stretch=\u00a0\u00bbtrue\u00a0\u00bb enable_3d=\u00a0\u00bbtrue\u00a0\u00bb speed_factor=\u00a0\u00bb0.6&Prime; bg_gradient=\u00a0\u00bbleft_bottom\u00a0\u00bb video_color_mask=\u00a0\u00bb#fbb857&Prime; gr_end=\u00a0\u00bb#fe6600&Prime; video_opacity=\u00a0\u00bb0.8&Prime; min_height=\u00a0\u00bb0&Prime; full_width=\u00a0\u00bbtrue\u00a0\u00bb padding_top=\u00a0\u00bb100&Prime; padding_bottom=\u00a0\u00bb100&Prime; sidebar=\u00a0\u00bbsidebar-1&Prime;][vc_column][mk_fancy_title color=\u00a0\u00bb#ffffff\u00a0\u00bb size=\u00a0\u00bb48&Prime; font_weight=\u00a0\u00bbbold\u00a0\u00bb margin_bottom=\u00a0\u00bb0&Prime; font_family=\u00a0\u00bbnone\u00a0\u00bb align=\u00a0\u00bbcenter\u00a0\u00bb]CATALOGUES[\/mk_fancy_title][\/vc_column][\/mk_page_section][vc_row][vc_column][mk_padding_divider size=\u00a0\u00bb80&Prime;][\/vc_column][\/vc_row][vc_row el_class=\u00a0\u00bbcatalogue-items\u00a0\u00bb][vc_column width=\u00a0\u00bb1\/3&Prime;][mk_fancy_title color=\u00a0\u00bb#fe6600&Prime; size=\u00a0\u00bb25&Prime; font_weight=\u00a0\u00bbbold\u00a0\u00bb txt_transform=\u00a0\u00bbuppercase\u00a0\u00bb margin_bottom=\u00a0\u00bb5&Prime; font_family=\u00a0\u00bbnone\u00a0\u00bb]structures[\/mk_fancy_title][mk_custom_list style=\u00a0\u00bbmk-icon-angle-right\u00a0\u00bb] Coupleurs Coupleurs cryog\u00e9niques Connecteurs DSD Connecteurs KSN Tirants structurales Bo\u00eetes de continuit\u00e9 Acier inoxydable nervur\u00e9 Armure anti-crevaison Isolation thermique des [&hellip;]\" \/>\n<meta property=\"og:url\" content=\"https:\/\/cortartec.net\/fr\/catalogues\/\" \/>\n<meta property=\"og:site_name\" content=\"Cortartec\" \/>\n<meta property=\"article:publisher\" content=\"https:\/\/facebook.com\/cortartec\" \/>\n<meta property=\"article:modified_time\" content=\"2023-03-27T10:31:54+00:00\" \/>\n<meta name=\"twitter:card\" content=\"summary_large_image\" \/>\n<meta name=\"twitter:site\" content=\"@cortartec\" \/>\n<meta name=\"twitter:label1\" content=\"Dur\u00e9e de lecture estim\u00e9e\" \/>\n\t<meta name=\"twitter:data1\" content=\"3 minutes\" \/>\n<script type=\"application\/ld+json\" class=\"yoast-schema-graph\">{\"@context\":\"https:\/\/schema.org\",\"@graph\":[{\"@type\":\"Organization\",\"@id\":\"https:\/\/cortartec.net\/fr\/#organization\",\"name\":\"Cortartec\",\"url\":\"https:\/\/cortartec.net\/fr\/\",\"sameAs\":[\"https:\/\/instagram.com\/cortartec\",\"https:\/\/za.linkedin.com\/company\/cortartec?trk=recent-update_see-all\",\"https:\/\/pinterest.com\/cortartec\",\"https:\/\/youtube.com\/user\/cortartec\",\"https:\/\/facebook.com\/cortartec\",\"https:\/\/twitter.com\/cortartec\"],\"logo\":{\"@type\":\"ImageObject\",\"inLanguage\":\"fr-FR\",\"@id\":\"https:\/\/cortartec.net\/fr\/#\/schema\/logo\/image\/\",\"url\":\"https:\/\/cortartec.net\/wp-content\/uploads\/2019\/08\/logo.png\",\"contentUrl\":\"https:\/\/cortartec.net\/wp-content\/uploads\/2019\/08\/logo.png\",\"width\":400,\"height\":100,\"caption\":\"Cortartec\"},\"image\":{\"@id\":\"https:\/\/cortartec.net\/fr\/#\/schema\/logo\/image\/\"}},{\"@type\":\"WebSite\",\"@id\":\"https:\/\/cortartec.net\/fr\/#website\",\"url\":\"https:\/\/cortartec.net\/fr\/\",\"name\":\"Cortartec\",\"description\":\"\",\"publisher\":{\"@id\":\"https:\/\/cortartec.net\/fr\/#organization\"},\"potentialAction\":[{\"@type\":\"SearchAction\",\"target\":{\"@type\":\"EntryPoint\",\"urlTemplate\":\"https:\/\/cortartec.net\/fr\/?s={search_term_string}\"},\"query-input\":\"required name=search_term_string\"}],\"inLanguage\":\"fr-FR\"},{\"@type\":\"WebPage\",\"@id\":\"https:\/\/cortartec.net\/fr\/catalogues\/\",\"url\":\"https:\/\/cortartec.net\/fr\/catalogues\/\",\"name\":\"Catalogues - Cortartec\",\"isPartOf\":{\"@id\":\"https:\/\/cortartec.net\/fr\/#website\"},\"datePublished\":\"2020-01-20T14:39:27+00:00\",\"dateModified\":\"2023-03-27T10:31:54+00:00\",\"breadcrumb\":{\"@id\":\"https:\/\/cortartec.net\/fr\/catalogues\/#breadcrumb\"},\"inLanguage\":\"fr-FR\",\"potentialAction\":[{\"@type\":\"ReadAction\",\"target\":[\"https:\/\/cortartec.net\/fr\/catalogues\/\"]}]},{\"@type\":\"BreadcrumbList\",\"@id\":\"https:\/\/cortartec.net\/fr\/catalogues\/#breadcrumb\",\"itemListElement\":[{\"@type\":\"ListItem\",\"position\":1,\"name\":\"In\u00edcio\",\"item\":\"https:\/\/cortartec.net\/fr\/\"},{\"@type\":\"ListItem\",\"position\":2,\"name\":\"Catalogues\"}]}]}<\/script>\n<!-- \/ Yoast SEO plugin. -->","yoast_head_json":{"title":"Catalogues - Cortartec","robots":{"index":"index","follow":"follow","max-snippet":"max-snippet:-1","max-image-preview":"max-image-preview:large","max-video-preview":"max-video-preview:-1"},"canonical":"https:\/\/cortartec.net\/fr\/catalogues\/","og_locale":"fr_FR","og_type":"article","og_title":"Catalogues - Cortartec","og_description":"[mk_page_section bg_image=\u00a0\u00bbhttps:\/\/cortartec.net\/wp-content\/uploads\/2015\/12\/slider2.jpg\u00a0\u00bb bg_color=\u00a0\u00bb#fe6600&Prime; blend_mode=\u00a0\u00bbluminosity\u00a0\u00bb bg_position=\u00a0\u00bbcenter top\u00a0\u00bb bg_repeat=\u00a0\u00bbno-repeat\u00a0\u00bb bg_stretch=\u00a0\u00bbtrue\u00a0\u00bb enable_3d=\u00a0\u00bbtrue\u00a0\u00bb speed_factor=\u00a0\u00bb0.6&Prime; bg_gradient=\u00a0\u00bbleft_bottom\u00a0\u00bb video_color_mask=\u00a0\u00bb#fbb857&Prime; gr_end=\u00a0\u00bb#fe6600&Prime; video_opacity=\u00a0\u00bb0.8&Prime; min_height=\u00a0\u00bb0&Prime; full_width=\u00a0\u00bbtrue\u00a0\u00bb padding_top=\u00a0\u00bb100&Prime; padding_bottom=\u00a0\u00bb100&Prime; sidebar=\u00a0\u00bbsidebar-1&Prime;][vc_column][mk_fancy_title color=\u00a0\u00bb#ffffff\u00a0\u00bb size=\u00a0\u00bb48&Prime; font_weight=\u00a0\u00bbbold\u00a0\u00bb margin_bottom=\u00a0\u00bb0&Prime; font_family=\u00a0\u00bbnone\u00a0\u00bb align=\u00a0\u00bbcenter\u00a0\u00bb]CATALOGUES[\/mk_fancy_title][\/vc_column][\/mk_page_section][vc_row][vc_column][mk_padding_divider size=\u00a0\u00bb80&Prime;][\/vc_column][\/vc_row][vc_row el_class=\u00a0\u00bbcatalogue-items\u00a0\u00bb][vc_column width=\u00a0\u00bb1\/3&Prime;][mk_fancy_title color=\u00a0\u00bb#fe6600&Prime; size=\u00a0\u00bb25&Prime; font_weight=\u00a0\u00bbbold\u00a0\u00bb txt_transform=\u00a0\u00bbuppercase\u00a0\u00bb margin_bottom=\u00a0\u00bb5&Prime; font_family=\u00a0\u00bbnone\u00a0\u00bb]structures[\/mk_fancy_title][mk_custom_list style=\u00a0\u00bbmk-icon-angle-right\u00a0\u00bb] Coupleurs Coupleurs cryog\u00e9niques Connecteurs DSD Connecteurs KSN Tirants structurales Bo\u00eetes de continuit\u00e9 Acier inoxydable nervur\u00e9 Armure anti-crevaison Isolation thermique des [&hellip;]","og_url":"https:\/\/cortartec.net\/fr\/catalogues\/","og_site_name":"Cortartec","article_publisher":"https:\/\/facebook.com\/cortartec","article_modified_time":"2023-03-27T10:31:54+00:00","twitter_card":"summary_large_image","twitter_site":"@cortartec","twitter_misc":{"Dur\u00e9e de lecture estim\u00e9e":"3 minutes"},"schema":{"@context":"https:\/\/schema.org","@graph":[{"@type":"Organization","@id":"https:\/\/cortartec.net\/fr\/#organization","name":"Cortartec","url":"https:\/\/cortartec.net\/fr\/","sameAs":["https:\/\/instagram.com\/cortartec","https:\/\/za.linkedin.com\/company\/cortartec?trk=recent-update_see-all","https:\/\/pinterest.com\/cortartec","https:\/\/youtube.com\/user\/cortartec","https:\/\/facebook.com\/cortartec","https:\/\/twitter.com\/cortartec"],"logo":{"@type":"ImageObject","inLanguage":"fr-FR","@id":"https:\/\/cortartec.net\/fr\/#\/schema\/logo\/image\/","url":"https:\/\/cortartec.net\/wp-content\/uploads\/2019\/08\/logo.png","contentUrl":"https:\/\/cortartec.net\/wp-content\/uploads\/2019\/08\/logo.png","width":400,"height":100,"caption":"Cortartec"},"image":{"@id":"https:\/\/cortartec.net\/fr\/#\/schema\/logo\/image\/"}},{"@type":"WebSite","@id":"https:\/\/cortartec.net\/fr\/#website","url":"https:\/\/cortartec.net\/fr\/","name":"Cortartec","description":"","publisher":{"@id":"https:\/\/cortartec.net\/fr\/#organization"},"potentialAction":[{"@type":"SearchAction","target":{"@type":"EntryPoint","urlTemplate":"https:\/\/cortartec.net\/fr\/?s={search_term_string}"},"query-input":"required name=search_term_string"}],"inLanguage":"fr-FR"},{"@type":"WebPage","@id":"https:\/\/cortartec.net\/fr\/catalogues\/","url":"https:\/\/cortartec.net\/fr\/catalogues\/","name":"Catalogues - Cortartec","isPartOf":{"@id":"https:\/\/cortartec.net\/fr\/#website"},"datePublished":"2020-01-20T14:39:27+00:00","dateModified":"2023-03-27T10:31:54+00:00","breadcrumb":{"@id":"https:\/\/cortartec.net\/fr\/catalogues\/#breadcrumb"},"inLanguage":"fr-FR","potentialAction":[{"@type":"ReadAction","target":["https:\/\/cortartec.net\/fr\/catalogues\/"]}]},{"@type":"BreadcrumbList","@id":"https:\/\/cortartec.net\/fr\/catalogues\/#breadcrumb","itemListElement":[{"@type":"ListItem","position":1,"name":"In\u00edcio","item":"https:\/\/cortartec.net\/fr\/"},{"@type":"ListItem","position":2,"name":"Catalogues"}]}]}},"_links":{"self":[{"href":"https:\/\/cortartec.net\/fr\/wp-json\/wp\/v2\/pages\/2416"}],"collection":[{"href":"https:\/\/cortartec.net\/fr\/wp-json\/wp\/v2\/pages"}],"about":[{"href":"https:\/\/cortartec.net\/fr\/wp-json\/wp\/v2\/types\/page"}],"author":[{"embeddable":true,"href":"https:\/\/cortartec.net\/fr\/wp-json\/wp\/v2\/users\/6"}],"replies":[{"embeddable":true,"href":"https:\/\/cortartec.net\/fr\/wp-json\/wp\/v2\/comments?post=2416"}],"version-history":[{"count":3,"href":"https:\/\/cortartec.net\/fr\/wp-json\/wp\/v2\/pages\/2416\/revisions"}],"predecessor-version":[{"id":13706,"href":"https:\/\/cortartec.net\/fr\/wp-json\/wp\/v2\/pages\/2416\/revisions\/13706"}],"wp:attachment":[{"href":"https:\/\/cortartec.net\/fr\/wp-json\/wp\/v2\/media?parent=2416"}],"curies":[{"name":"wp","href":"https:\/\/api.w.org\/{rel}","templated":true}]}}