{"id":3756,"date":"2020-03-05T16:02:54","date_gmt":"2020-03-05T16:02:54","guid":{"rendered":"https:\/\/cortartec.net\/?page_id=3756"},"modified":"2020-09-25T00:50:44","modified_gmt":"2020-09-25T00:50:44","slug":"supports-de-maconnerie","status":"publish","type":"page","link":"https:\/\/cortartec.net\/fr\/produits\/maconnerie\/supports-de-maconnerie\/","title":{"rendered":"Supports de ma\u00e7onnerie"},"content":{"rendered":"[vc_row css=\u00a0\u00bb.vc_custom_1597839938178{margin-top: 50px !important;}\u00a0\u00bb][vc_column][mk_gallery images=\u00a0\u00bb1589,1592,1596&Prime; height=\u00a0\u00bb341&Prime; hover_scenarios=\u00a0\u00bbnone\u00a0\u00bb][\/vc_column][\/vc_row][vc_row][vc_column][vc_tabs responsive=\u00a0\u00bbfalse\u00a0\u00bb container_bg_color=\u00a0\u00bb\u00a0\u00bb][vc_tab title=\u00a0\u00bbD\u00e9tails\u00a0\u00bb tab_id=\u00a0\u00bb1566866031-1-40&Prime;][vc_column_text disable_pattern=\u00a0\u00bbfalse\u00a0\u00bb css=\u00a0\u00bb.vc_custom_1594217779550{margin-bottom: 0px !important;}\u00a0\u00bb]Les fixations pour murs de ma\u00e7onnerie sont un \u00e9l\u00e9ment essentiel pour la stabilit\u00e9 des panneaux de ma\u00e7onnerie. Les fixations Cortartec sont produites dans une large gamme de longueurs et sont appliqu\u00e9es \u00e0 diff\u00e9rents types de solutions, \u00e0 la fois des briques ou des blocs de b\u00e9ton et autres. La gamme de traverses Staifix comprend des solutions pour tous les types de construction en ma\u00e7onnerie, de la ma\u00e7onnerie traditionnelle aux structures mixtes en bois et en m\u00e9tal.<\/p>\n<p>Ils peuvent \u00eatre con\u00e7us et fabriqu\u00e9s pour supporter des unit\u00e9s modulaires en brique, o\u00f9 les blocs de brique sont coll\u00e9s sur des structures pr\u00e9fabriqu\u00e9es en acier ou en ciment (coulis).[\/vc_column_text][\/vc_tab][vc_tab title=\u00a0\u00bbDownload\u00a0\u00bb tab_id=\u00a0\u00bb1566866086439-2-10&Prime;][mk_button dimension=\u00a0\u00bbflat\u00a0\u00bb corner_style=\u00a0\u00bbrounded\u00a0\u00bb size=\u00a0\u00bbmedium\u00a0\u00bb url=\u00a0\u00bbhttps:\/\/48bfe850-8fa9-41aa-a01f-515ad5db562b.filesusr.com\/ugd\/b0e443_70acd269468248be85b0ddfd2f23aef7.pdf\u00a0\u00bb align=\u00a0\u00bbcenter\u00a0\u00bb]PDF Catalogue[\/mk_button][\/vc_tab][vc_tab title=\u00a0\u00bbCertificats\u00a0\u00bb tab_id=\u00a0\u00bb1566866087001-3-3&Prime;]<div role=\"form\" class=\"wpcf7\" id=\"wpcf7-f9191-o1\" lang=\"pt-PT\" dir=\"ltr\">\n<div class=\"screen-reader-response\"><p role=\"status\" aria-live=\"polite\" aria-atomic=\"true\"><\/p> <ul><\/ul><\/div>\n<form action=\"\/fr\/wp-json\/wp\/v2\/pages\/3756#wpcf7-f9191-o1\" method=\"post\" class=\"wpcf7-form init\" novalidate=\"novalidate\" data-status=\"init\">\n<div style=\"display: none;\">\n<input type=\"hidden\" name=\"_wpcf7\" value=\"9191\" \/>\n<input type=\"hidden\" name=\"_wpcf7_version\" value=\"5.4.2\" \/>\n<input type=\"hidden\" name=\"_wpcf7_locale\" value=\"pt_PT\" \/>\n<input type=\"hidden\" name=\"_wpcf7_unit_tag\" value=\"wpcf7-f9191-o1\" \/>\n<input type=\"hidden\" name=\"_wpcf7_container_post\" value=\"0\" \/>\n<input type=\"hidden\" name=\"_wpcf7_posted_data_hash\" value=\"\" \/>\n<\/div>\n<p>Veuillez demander la fiche technique \/ certificats ici:<\/p>\n<p><span class=\"wpcf7-form-control-wrap nome\"><input type=\"text\" name=\"nome\" value=\"\" size=\"40\" class=\"wpcf7-form-control wpcf7-text wpcf7-validates-as-required\" aria-required=\"true\" aria-invalid=\"false\" placeholder=\"Nom\" \/><\/span><\/p>\n<p><span class=\"wpcf7-form-control-wrap email\"><input type=\"email\" name=\"email\" value=\"\" size=\"40\" class=\"wpcf7-form-control wpcf7-text wpcf7-email wpcf7-validates-as-required wpcf7-validates-as-email\" aria-required=\"true\" aria-invalid=\"false\" placeholder=\"Email\" \/><\/span><\/p>\n<p><span class=\"wpcf7-form-control-wrap telefone\"><input type=\"tel\" name=\"telefone\" value=\"\" size=\"40\" class=\"wpcf7-form-control wpcf7-text wpcf7-tel wpcf7-validates-as-required wpcf7-validates-as-tel\" aria-required=\"true\" aria-invalid=\"false\" placeholder=\"T\u00e9l\u00e9phone\" \/><\/span><\/p>\n<p><span class=\"wpcf7-form-control-wrap empresa\"><input type=\"text\" name=\"empresa\" value=\"\" size=\"40\" class=\"wpcf7-form-control wpcf7-text\" aria-invalid=\"false\" placeholder=\"Compagnie\" \/><\/span><\/p>\n<p><span class=\"wpcf7-form-control-wrap produto\"><input type=\"hidden\" name=\"produto\" value=\"Supports de ma\u00e7onnerie\" size=\"40\" class=\"wpcf7-form-control wpcf7dtx-dynamictext wpcf7-dynamichidden\" aria-invalid=\"false\" \/><\/span><\/p>\n<p><span class=\"wpcf7-form-control-wrap rgpd\"><span class=\"wpcf7-form-control wpcf7-acceptance\"><span class=\"wpcf7-list-item\"><label><input type=\"checkbox\" name=\"rgpd\" value=\"1\" aria-invalid=\"false\" \/><span class=\"wpcf7-list-item-label\">Je consens \u00e0 ce que Cortartec conserve ind\u00e9finiment mes donn\u00e9es contenues dans ce formulaire jusqu'\u00e0 la finalisation de cette demande de contact.<\/span><\/label><\/span><\/span><\/span><\/p>\n<p><input type=\"submit\" value=\"Demander\" class=\"wpcf7-form-control wpcf7-submit\" \/><\/p>\n<p style=\"display: none !important;\" class=\"akismet-fields-container\" data-prefix=\"_wpcf7_ak_\"><label>&#916;<textarea name=\"_wpcf7_ak_hp_textarea\" cols=\"45\" rows=\"8\" maxlength=\"100\"><\/textarea><\/label><input type=\"hidden\" id=\"ak_js_1\" name=\"_wpcf7_ak_js\" value=\"141\"\/><script>document.getElementById( \"ak_js_1\" ).setAttribute( \"value\", ( new Date() ).getTime() );<\/script><\/p><div class=\"wpcf7-response-output\" aria-hidden=\"true\"><\/div><\/form><\/div>[\/vc_tab][\/vc_tabs][\/vc_column][\/vc_row][vc_row][vc_column width=\u00a0\u00bb1\/4&Prime;][mk_image src=\u00a0\u00bbhttps:\/\/cortartec.net\/wp-content\/uploads\/2019\/11\/brickpage.jpg\u00a0\u00bb image_size=\u00a0\u00bbfull\u00a0\u00bb align=\u00a0\u00bbcenter\u00a0\u00bb margin_bottom=\u00a0\u00bb20&Prime;][mk_padding_divider size=\u00a0\u00bb30&Prime; visibility=\u00a0\u00bbvisible-sm\u00a0\u00bb][\/vc_column][vc_column width=\u00a0\u00bb3\/4&Prime;][mk_fancy_title color=\u00a0\u00bb#fe6600&Prime; size=\u00a0\u00bb25&Prime; font_weight=\u00a0\u00bbbold\u00a0\u00bb txt_transform=\u00a0\u00bbuppercase\u00a0\u00bb margin_bottom=\u00a0\u00bb0&Prime; font_family=\u00a0\u00bbnone\u00a0\u00bb]Avantages des syst\u00e8mes standard[\/mk_fancy_title][vc_column_text css=\u00a0\u00bb.vc_custom_1594217790978{margin-bottom: 0px !important;}\u00a0\u00bb]\n<ul>\n<li>Plus r\u00e9glable que les syst\u00e8mes de support soud\u00e9s<\/li>\n<li>Sp\u00e9cifi\u00e9 \u00e0 l&rsquo;aide de graphiques de charge \/ cavit\u00e9 simples<\/li>\n<li>Pas besoin de dessins d&rsquo;implantation d\u00e9taill\u00e9s<\/li>\n<li>Fourni en stock<\/li>\n<li>Installation plus rapide<\/li>\n<li>Se d\u00e9placer plus facilement sur le site<\/li>\n<li>Les \u00e9l\u00e9ments inutilis\u00e9s peuvent \u00eatre utilis\u00e9s dans le prochain projet ou r\u00e9approvisionn\u00e9s<\/li>\n<\/ul>\n[\/vc_column_text][\/vc_column][\/vc_row][vc_row][vc_column][vc_column_text css=\u00a0\u00bb.vc_custom_1594217812244{margin-bottom: 0px !important;}\u00a0\u00bb]<strong>Tol\u00e9rances<\/strong><\/p>\n<p>Il est important de s\u00e9lectionner le bon syst\u00e8me de support pour garantir que les tol\u00e9rances de construction peuvent \u00eatre respect\u00e9es. Un ajustement sera n\u00e9cessaire sur les trois plans. Les supports Cortartec ont une rainure \u00e0 l&rsquo;arri\u00e8re pour permettre un ajustement vertical. Une surface dentel\u00e9e emp\u00eache tout glissement. Le r\u00e9glage longitudinal est assur\u00e9 par un canal ancon coul\u00e9. Le syst\u00e8me anoptique a une zone de fixation qui fournit un total de 50 mm de r\u00e9glage horizontal permettant au syst\u00e8me d&rsquo;\u00eatre fix\u00e9 dans des trous pr\u00e9-perc\u00e9s au lieu de fentes en acier et \u00e9limine les chocs avec les barres de renforcement en ciment. En fonction du type de fixation utilis\u00e9, les supports Cortartec peuvent \u00eatre modifi\u00e9s sur place pour s&rsquo;adapter aux variations de la poutre structurelle. D&rsquo;autres syst\u00e8mes permettent de telles variations en ajoutant des cales entre le syst\u00e8me et la structure, ou en augmentant le roulement de ma\u00e7onnerie. L&rsquo;\u00e9paisseur maximale des cales ne doit pas d\u00e9passer le diam\u00e8tre ext\u00e9rieur de la fixation ou 16 mm, la valeur la moins \u00e9lev\u00e9e \u00e9tant retenue. Cortartec anconOptima est diff\u00e9rent des syst\u00e8mes soud\u00e9s, les supports et les angles sont fournis en tant que composants s\u00e9par\u00e9s, ce qui offre une plus grande flexibilit\u00e9 dans la position finale pour la fixation des supports et rend le syst\u00e8me plus facile \u00e0 manipuler sur site. Des syst\u00e8mes standard sont disponibles pour des charges de ma\u00e7onnerie non standard allant jusqu&rsquo;\u00e0 14 kN \/ m. Le syst\u00e8me de support MDC avec \u00e9triers, les syst\u00e8mes de support pour ce syst\u00e8me sont dans des cavit\u00e9s de 60 mm \u00e0 150 mm par incr\u00e9ments de 5 mm. Ils peuvent \u00eatre modifi\u00e9s en place pour permettre des variations de cavit\u00e9.<\/p>\n<p>Les syst\u00e8mes MDC ont des supports soud\u00e9s et sont con\u00e7us pour r\u00e9pondre \u00e0 des applications sp\u00e9cifiques. Ils sont disponibles dans diverses configurations et sont id\u00e9aux pour soutenir la ma\u00e7onnerie avec des caract\u00e9ristiques sp\u00e9ciales. Le contenu du mat\u00e9riau est optimis\u00e9 pour garantir la solution la plus \u00e9conomique.[\/vc_column_text][\/vc_column][\/vc_row][vc_row][vc_column][mk_padding_divider][\/vc_column][\/vc_row][vc_row][vc_column][mk_fancy_title color=\u00a0\u00bb#999999&Prime; size=\u00a0\u00bb40&Prime; font_weight=\u00a0\u00bb200&Prime; txt_transform=\u00a0\u00bbuppercase\u00a0\u00bb margin_bottom=\u00a0\u00bb5&Prime; font_family=\u00a0\u00bbnone\u00a0\u00bb align=\u00a0\u00bbcenter\u00a0\u00bb]PRODUITS <strong>SIMILAIRES<\/strong>[\/mk_fancy_title][mk_divider style=\u00a0\u00bbthin_solid\u00a0\u00bb divider_width=\u00a0\u00bbcustom_width\u00a0\u00bb custom_width=\u00a0\u00bb80&Prime; thin_single_color=\u00a0\u00bb#fe6600&Prime; thickness=\u00a0\u00bb4&Prime; margin_top=\u00a0\u00bb0&Prime; margin_bottom=\u00a0\u00bb40&Prime;][\/vc_column][\/vc_row][vc_row][vc_column width=\u00a0\u00bb1\/4&Prime;][mk_image src=\u00a0\u00bbhttps:\/\/cortartec.net\/wp-content\/uploads\/2020\/03\/imagem1-3.jpg\u00a0\u00bb image_width=\u00a0\u00bb300&Prime; image_height=\u00a0\u00bb225&Prime; link=\u00a0\u00bbhttps:\/\/cortartec.net\/fr\/produits\/maconnerie\/contreventement-des-poteaux\/\u00a0\u00bb align=\u00a0\u00bbcenter\u00a0\u00bb margin_bottom=\u00a0\u00bb20&Prime;][mk_fancy_title color=\u00a0\u00bb#fe6600&Prime; size=\u00a0\u00bb25&Prime; font_weight=\u00a0\u00bbbold\u00a0\u00bb txt_transform=\u00a0\u00bbuppercase\u00a0\u00bb margin_bottom=\u00a0\u00bb0&Prime; font_family=\u00a0\u00bbnone\u00a0\u00bb]Contreventement des ponteaux[\/mk_fancy_title][mk_padding_divider size=\u00a0\u00bb30&Prime; visibility=\u00a0\u00bbvisible-sm\u00a0\u00bb][\/vc_column][vc_column width=\u00a0\u00bb1\/4&Prime;][mk_image src=\u00a0\u00bbhttps:\/\/cortartec.net\/wp-content\/uploads\/2020\/03\/imagem8.jpg\u00a0\u00bb image_width=\u00a0\u00bb300&Prime; image_height=\u00a0\u00bb225&Prime; link=\u00a0\u00bbhttps:\/\/cortartec.net\/fr\/produits\/maconnerie\/renforts-structurels-pour-linteaux\/\u00a0\u00bb align=\u00a0\u00bbcenter\u00a0\u00bb margin_bottom=\u00a0\u00bb20&Prime;][mk_fancy_title color=\u00a0\u00bb#fe6600&Prime; size=\u00a0\u00bb25&Prime; font_weight=\u00a0\u00bbbold\u00a0\u00bb txt_transform=\u00a0\u00bbuppercase\u00a0\u00bb margin_bottom=\u00a0\u00bb0&Prime; font_family=\u00a0\u00bbnone\u00a0\u00bb]Linteaux[\/mk_fancy_title][mk_padding_divider size=\u00a0\u00bb30&Prime; visibility=\u00a0\u00bbvisible-sm\u00a0\u00bb][\/vc_column][vc_column width=\u00a0\u00bb1\/4&Prime;][mk_image src=\u00a0\u00bbhttps:\/\/cortartec.net\/wp-content\/uploads\/2020\/03\/imagem2-1.jpg\u00a0\u00bb image_width=\u00a0\u00bb300&Prime; image_height=\u00a0\u00bb225&Prime; link=\u00a0\u00bbhttps:\/\/cortartec.net\/fr\/produits\/maconnerie\/attaches-murales-et-fixations-de-retenue\/\u00a0\u00bb align=\u00a0\u00bbcenter\u00a0\u00bb margin_bottom=\u00a0\u00bb20&Prime;][mk_fancy_title color=\u00a0\u00bb#fe6600&Prime; size=\u00a0\u00bb25&Prime; font_weight=\u00a0\u00bbbold\u00a0\u00bb txt_transform=\u00a0\u00bbuppercase\u00a0\u00bb margin_bottom=\u00a0\u00bb0&Prime; font_family=\u00a0\u00bbnone\u00a0\u00bb]Attach\u00e9s murales[\/mk_fancy_title][mk_padding_divider size=\u00a0\u00bb30&Prime; visibility=\u00a0\u00bbvisible-sm\u00a0\u00bb][\/vc_column][vc_column width=\u00a0\u00bb1\/4&Prime;][mk_image src=\u00a0\u00bbhttps:\/\/cortartec.net\/wp-content\/uploads\/2020\/03\/imagem3-1.jpg\u00a0\u00bb image_width=\u00a0\u00bb300&Prime; image_height=\u00a0\u00bb225&Prime; link=\u00a0\u00bbhttps:\/\/cortartec.net\/fr\/produits\/maconnerie\/reparation-de-maconnerie\/\u00a0\u00bb align=\u00a0\u00bbcenter\u00a0\u00bb margin_bottom=\u00a0\u00bb20&Prime;][mk_fancy_title color=\u00a0\u00bb#fe6600&Prime; size=\u00a0\u00bb25&Prime; font_weight=\u00a0\u00bbbold\u00a0\u00bb txt_transform=\u00a0\u00bbuppercase\u00a0\u00bb margin_bottom=\u00a0\u00bb0&Prime; font_family=\u00a0\u00bbnone\u00a0\u00bb]Tiges h\u00e9lico\u00efdales[\/mk_fancy_title][\/vc_column][\/vc_row][vc_row fullwidth=\u00a0\u00bbtrue\u00a0\u00bb fullwidth_content=\u00a0\u00bbfalse\u00a0\u00bb css=\u00a0\u00bb.vc_custom_1597403978460{margin-top: 50px !important;padding-top: 30px !important;background-color: #fe6600 !important;}\u00a0\u00bb][vc_column width=\u00a0\u00bb2\/3&Prime;][mk_fancy_title tag_name=\u00a0\u00bbh5&Prime; color=\u00a0\u00bb#ffffff\u00a0\u00bb size=\u00a0\u00bb26&Prime; font_weight=\u00a0\u00bb400&Prime; txt_transform=\u00a0\u00bbnone\u00a0\u00bb margin_top=\u00a0\u00bb10&Prime; font_family=\u00a0\u00bbnone\u00a0\u00bb]Questions? Nous sommes l\u00e0 pour vous aider![\/mk_fancy_title][\/vc_column][vc_column width=\u00a0\u00bb1\/3&Prime;][mk_button dimension=\u00a0\u00bbflat\u00a0\u00bb corner_style=\u00a0\u00bbrounded\u00a0\u00bb size=\u00a0\u00bblarge\u00a0\u00bb url=\u00a0\u00bbhttps:\/\/cortartec.net\/fr\/contacts\/\u00a0\u00bb align=\u00a0\u00bbright\u00a0\u00bb margin_right=\u00a0\u00bb0&Prime; el_class=\u00a0\u00bbmrightButton\u00a0\u00bb bg_color=\u00a0\u00bb#f0f0f0&Prime; btn_hover_bg=\u00a0\u00bb#ffffff\u00a0\u00bb text_color=\u00a0\u00bbdark\u00a0\u00bb btn_hover_txt_color=\u00a0\u00bb#fe6600&Prime;]CONTACTEZ NOUS[\/mk_button][\/vc_column][\/vc_row]\n","protected":false},"excerpt":{"rendered":"<p>[vc_row css=\u00a0\u00bb.vc_custom_1597839938178{margin-top: 50px !important;}\u00a0\u00bb][vc_column][mk_gallery images=\u00a0\u00bb1589,1592,1596&Prime; height=\u00a0\u00bb341&Prime; hover_scenarios=\u00a0\u00bbnone\u00a0\u00bb][\/vc_column][\/vc_row][vc_row][vc_column][vc_tabs responsive=\u00a0\u00bbfalse\u00a0\u00bb container_bg_color=\u00a0\u00bb\u00a0\u00bb][vc_tab title=\u00a0\u00bbD\u00e9tails\u00a0\u00bb tab_id=\u00a0\u00bb1566866031-1-40&Prime;][vc_column_text disable_pattern=\u00a0\u00bbfalse\u00a0\u00bb css=\u00a0\u00bb.vc_custom_1594217779550{margin-bottom: 0px !important;}\u00a0\u00bb]Les fixations pour murs de ma\u00e7onnerie sont un \u00e9l\u00e9ment essentiel pour la stabilit\u00e9 des panneaux de ma\u00e7onnerie. Les fixations Cortartec sont produites dans une large gamme de longueurs et sont appliqu\u00e9es \u00e0 diff\u00e9rents types de solutions, \u00e0 la fois des briques [&hellip;]<\/p>\n","protected":false},"author":6,"featured_media":0,"parent":2698,"menu_order":0,"comment_status":"closed","ping_status":"closed","template":"","meta":[],"yoast_head":"<!-- This site is optimized with the Yoast SEO plugin v19.4 - https:\/\/yoast.com\/wordpress\/plugins\/seo\/ -->\n<title>Supports de ma\u00e7onnerie - Cortartec<\/title>\n<meta name=\"robots\" content=\"index, follow, max-snippet:-1, max-image-preview:large, max-video-preview:-1\" \/>\n<link rel=\"canonical\" href=\"https:\/\/cortartec.net\/fr\/produits\/maconnerie\/supports-de-maconnerie\/\" \/>\n<meta property=\"og:locale\" content=\"fr_FR\" \/>\n<meta property=\"og:type\" content=\"article\" \/>\n<meta property=\"og:title\" content=\"Supports de ma\u00e7onnerie - Cortartec\" \/>\n<meta property=\"og:description\" content=\"[vc_row css=\u00a0\u00bb.vc_custom_1597839938178{margin-top: 50px !important;}\u00a0\u00bb][vc_column][mk_gallery images=\u00a0\u00bb1589,1592,1596&Prime; height=\u00a0\u00bb341&Prime; hover_scenarios=\u00a0\u00bbnone\u00a0\u00bb][\/vc_column][\/vc_row][vc_row][vc_column][vc_tabs responsive=\u00a0\u00bbfalse\u00a0\u00bb container_bg_color=\u00a0\u00bb\u00a0\u00bb][vc_tab title=\u00a0\u00bbD\u00e9tails\u00a0\u00bb tab_id=\u00a0\u00bb1566866031-1-40&Prime;][vc_column_text disable_pattern=\u00a0\u00bbfalse\u00a0\u00bb css=\u00a0\u00bb.vc_custom_1594217779550{margin-bottom: 0px !important;}\u00a0\u00bb]Les fixations pour murs de ma\u00e7onnerie sont un \u00e9l\u00e9ment essentiel pour la stabilit\u00e9 des panneaux de ma\u00e7onnerie. Les fixations Cortartec sont produites dans une large gamme de longueurs et sont appliqu\u00e9es \u00e0 diff\u00e9rents types de solutions, \u00e0 la fois des briques [&hellip;]\" \/>\n<meta property=\"og:url\" content=\"https:\/\/cortartec.net\/fr\/produits\/maconnerie\/supports-de-maconnerie\/\" \/>\n<meta property=\"og:site_name\" content=\"Cortartec\" \/>\n<meta property=\"article:publisher\" content=\"https:\/\/facebook.com\/cortartec\" \/>\n<meta property=\"article:modified_time\" content=\"2020-09-25T00:50:44+00:00\" \/>\n<meta name=\"twitter:card\" content=\"summary_large_image\" \/>\n<meta name=\"twitter:site\" content=\"@cortartec\" \/>\n<meta name=\"twitter:label1\" content=\"Dur\u00e9e de lecture estim\u00e9e\" \/>\n\t<meta name=\"twitter:data1\" content=\"6 minutes\" \/>\n<script type=\"application\/ld+json\" class=\"yoast-schema-graph\">{\"@context\":\"https:\/\/schema.org\",\"@graph\":[{\"@type\":\"Organization\",\"@id\":\"https:\/\/cortartec.net\/fr\/#organization\",\"name\":\"Cortartec\",\"url\":\"https:\/\/cortartec.net\/fr\/\",\"sameAs\":[\"https:\/\/instagram.com\/cortartec\",\"https:\/\/za.linkedin.com\/company\/cortartec?trk=recent-update_see-all\",\"https:\/\/pinterest.com\/cortartec\",\"https:\/\/youtube.com\/user\/cortartec\",\"https:\/\/facebook.com\/cortartec\",\"https:\/\/twitter.com\/cortartec\"],\"logo\":{\"@type\":\"ImageObject\",\"inLanguage\":\"fr-FR\",\"@id\":\"https:\/\/cortartec.net\/fr\/#\/schema\/logo\/image\/\",\"url\":\"https:\/\/cortartec.net\/wp-content\/uploads\/2019\/08\/logo.png\",\"contentUrl\":\"https:\/\/cortartec.net\/wp-content\/uploads\/2019\/08\/logo.png\",\"width\":400,\"height\":100,\"caption\":\"Cortartec\"},\"image\":{\"@id\":\"https:\/\/cortartec.net\/fr\/#\/schema\/logo\/image\/\"}},{\"@type\":\"WebSite\",\"@id\":\"https:\/\/cortartec.net\/fr\/#website\",\"url\":\"https:\/\/cortartec.net\/fr\/\",\"name\":\"Cortartec\",\"description\":\"\",\"publisher\":{\"@id\":\"https:\/\/cortartec.net\/fr\/#organization\"},\"potentialAction\":[{\"@type\":\"SearchAction\",\"target\":{\"@type\":\"EntryPoint\",\"urlTemplate\":\"https:\/\/cortartec.net\/fr\/?s={search_term_string}\"},\"query-input\":\"required name=search_term_string\"}],\"inLanguage\":\"fr-FR\"},{\"@type\":\"WebPage\",\"@id\":\"https:\/\/cortartec.net\/fr\/produits\/maconnerie\/supports-de-maconnerie\/\",\"url\":\"https:\/\/cortartec.net\/fr\/produits\/maconnerie\/supports-de-maconnerie\/\",\"name\":\"Supports de ma\u00e7onnerie - Cortartec\",\"isPartOf\":{\"@id\":\"https:\/\/cortartec.net\/fr\/#website\"},\"datePublished\":\"2020-03-05T16:02:54+00:00\",\"dateModified\":\"2020-09-25T00:50:44+00:00\",\"breadcrumb\":{\"@id\":\"https:\/\/cortartec.net\/fr\/produits\/maconnerie\/supports-de-maconnerie\/#breadcrumb\"},\"inLanguage\":\"fr-FR\",\"potentialAction\":[{\"@type\":\"ReadAction\",\"target\":[\"https:\/\/cortartec.net\/fr\/produits\/maconnerie\/supports-de-maconnerie\/\"]}]},{\"@type\":\"BreadcrumbList\",\"@id\":\"https:\/\/cortartec.net\/fr\/produits\/maconnerie\/supports-de-maconnerie\/#breadcrumb\",\"itemListElement\":[{\"@type\":\"ListItem\",\"position\":1,\"name\":\"In\u00edcio\",\"item\":\"https:\/\/cortartec.net\/fr\/\"},{\"@type\":\"ListItem\",\"position\":2,\"name\":\"Produits\",\"item\":\"https:\/\/cortartec.net\/fr\/produits\/\"},{\"@type\":\"ListItem\",\"position\":3,\"name\":\"Ma\u00e7onnerie\",\"item\":\"https:\/\/cortartec.net\/fr\/produits\/maconnerie\/\"},{\"@type\":\"ListItem\",\"position\":4,\"name\":\"Supports de ma\u00e7onnerie\"}]}]}<\/script>\n<!-- \/ Yoast SEO plugin. -->","yoast_head_json":{"title":"Supports de ma\u00e7onnerie - Cortartec","robots":{"index":"index","follow":"follow","max-snippet":"max-snippet:-1","max-image-preview":"max-image-preview:large","max-video-preview":"max-video-preview:-1"},"canonical":"https:\/\/cortartec.net\/fr\/produits\/maconnerie\/supports-de-maconnerie\/","og_locale":"fr_FR","og_type":"article","og_title":"Supports de ma\u00e7onnerie - Cortartec","og_description":"[vc_row css=\u00a0\u00bb.vc_custom_1597839938178{margin-top: 50px !important;}\u00a0\u00bb][vc_column][mk_gallery images=\u00a0\u00bb1589,1592,1596&Prime; height=\u00a0\u00bb341&Prime; hover_scenarios=\u00a0\u00bbnone\u00a0\u00bb][\/vc_column][\/vc_row][vc_row][vc_column][vc_tabs responsive=\u00a0\u00bbfalse\u00a0\u00bb container_bg_color=\u00a0\u00bb\u00a0\u00bb][vc_tab title=\u00a0\u00bbD\u00e9tails\u00a0\u00bb tab_id=\u00a0\u00bb1566866031-1-40&Prime;][vc_column_text disable_pattern=\u00a0\u00bbfalse\u00a0\u00bb css=\u00a0\u00bb.vc_custom_1594217779550{margin-bottom: 0px !important;}\u00a0\u00bb]Les fixations pour murs de ma\u00e7onnerie sont un \u00e9l\u00e9ment essentiel pour la stabilit\u00e9 des panneaux de ma\u00e7onnerie. Les fixations Cortartec sont produites dans une large gamme de longueurs et sont appliqu\u00e9es \u00e0 diff\u00e9rents types de solutions, \u00e0 la fois des briques [&hellip;]","og_url":"https:\/\/cortartec.net\/fr\/produits\/maconnerie\/supports-de-maconnerie\/","og_site_name":"Cortartec","article_publisher":"https:\/\/facebook.com\/cortartec","article_modified_time":"2020-09-25T00:50:44+00:00","twitter_card":"summary_large_image","twitter_site":"@cortartec","twitter_misc":{"Dur\u00e9e de lecture estim\u00e9e":"6 minutes"},"schema":{"@context":"https:\/\/schema.org","@graph":[{"@type":"Organization","@id":"https:\/\/cortartec.net\/fr\/#organization","name":"Cortartec","url":"https:\/\/cortartec.net\/fr\/","sameAs":["https:\/\/instagram.com\/cortartec","https:\/\/za.linkedin.com\/company\/cortartec?trk=recent-update_see-all","https:\/\/pinterest.com\/cortartec","https:\/\/youtube.com\/user\/cortartec","https:\/\/facebook.com\/cortartec","https:\/\/twitter.com\/cortartec"],"logo":{"@type":"ImageObject","inLanguage":"fr-FR","@id":"https:\/\/cortartec.net\/fr\/#\/schema\/logo\/image\/","url":"https:\/\/cortartec.net\/wp-content\/uploads\/2019\/08\/logo.png","contentUrl":"https:\/\/cortartec.net\/wp-content\/uploads\/2019\/08\/logo.png","width":400,"height":100,"caption":"Cortartec"},"image":{"@id":"https:\/\/cortartec.net\/fr\/#\/schema\/logo\/image\/"}},{"@type":"WebSite","@id":"https:\/\/cortartec.net\/fr\/#website","url":"https:\/\/cortartec.net\/fr\/","name":"Cortartec","description":"","publisher":{"@id":"https:\/\/cortartec.net\/fr\/#organization"},"potentialAction":[{"@type":"SearchAction","target":{"@type":"EntryPoint","urlTemplate":"https:\/\/cortartec.net\/fr\/?s={search_term_string}"},"query-input":"required name=search_term_string"}],"inLanguage":"fr-FR"},{"@type":"WebPage","@id":"https:\/\/cortartec.net\/fr\/produits\/maconnerie\/supports-de-maconnerie\/","url":"https:\/\/cortartec.net\/fr\/produits\/maconnerie\/supports-de-maconnerie\/","name":"Supports de ma\u00e7onnerie - Cortartec","isPartOf":{"@id":"https:\/\/cortartec.net\/fr\/#website"},"datePublished":"2020-03-05T16:02:54+00:00","dateModified":"2020-09-25T00:50:44+00:00","breadcrumb":{"@id":"https:\/\/cortartec.net\/fr\/produits\/maconnerie\/supports-de-maconnerie\/#breadcrumb"},"inLanguage":"fr-FR","potentialAction":[{"@type":"ReadAction","target":["https:\/\/cortartec.net\/fr\/produits\/maconnerie\/supports-de-maconnerie\/"]}]},{"@type":"BreadcrumbList","@id":"https:\/\/cortartec.net\/fr\/produits\/maconnerie\/supports-de-maconnerie\/#breadcrumb","itemListElement":[{"@type":"ListItem","position":1,"name":"In\u00edcio","item":"https:\/\/cortartec.net\/fr\/"},{"@type":"ListItem","position":2,"name":"Produits","item":"https:\/\/cortartec.net\/fr\/produits\/"},{"@type":"ListItem","position":3,"name":"Ma\u00e7onnerie","item":"https:\/\/cortartec.net\/fr\/produits\/maconnerie\/"},{"@type":"ListItem","position":4,"name":"Supports de ma\u00e7onnerie"}]}]}},"_links":{"self":[{"href":"https:\/\/cortartec.net\/fr\/wp-json\/wp\/v2\/pages\/3756"}],"collection":[{"href":"https:\/\/cortartec.net\/fr\/wp-json\/wp\/v2\/pages"}],"about":[{"href":"https:\/\/cortartec.net\/fr\/wp-json\/wp\/v2\/types\/page"}],"author":[{"embeddable":true,"href":"https:\/\/cortartec.net\/fr\/wp-json\/wp\/v2\/users\/6"}],"replies":[{"embeddable":true,"href":"https:\/\/cortartec.net\/fr\/wp-json\/wp\/v2\/comments?post=3756"}],"version-history":[{"count":0,"href":"https:\/\/cortartec.net\/fr\/wp-json\/wp\/v2\/pages\/3756\/revisions"}],"up":[{"embeddable":true,"href":"https:\/\/cortartec.net\/fr\/wp-json\/wp\/v2\/pages\/2698"}],"wp:attachment":[{"href":"https:\/\/cortartec.net\/fr\/wp-json\/wp\/v2\/media?parent=3756"}],"curies":[{"name":"wp","href":"https:\/\/api.w.org\/{rel}","templated":true}]}}