{"id":4515,"date":"2020-03-13T17:39:54","date_gmt":"2020-03-13T17:39:54","guid":{"rendered":"https:\/\/cortartec.net\/?page_id=4515"},"modified":"2020-10-14T14:47:10","modified_gmt":"2020-10-14T14:47:10","slug":"couvre-joints-dangle","status":"publish","type":"page","link":"https:\/\/cortartec.net\/fr\/produits\/joints-de-dilatacion\/couvre-joints\/couvre-joints-dangle\/","title":{"rendered":"Couvre joints d&rsquo;angle"},"content":{"rendered":"[vc_row][vc_column][vc_tabs responsive=\u00a0\u00bbfalse\u00a0\u00bb container_bg_color=\u00a0\u00bb\u00a0\u00bb][vc_tab title=\u00a0\u00bbD\u00e9tails\u00a0\u00bb tab_id=\u00a0\u00bb1566866031-1-40&Prime;][vc_column_text disable_pattern=\u00a0\u00bbfalse\u00a0\u00bb css=\u00a0\u00bb.vc_custom_1597918179111{margin-bottom: 0px !important;}\u00a0\u00bb]<span style=\"color: #333333;\">Les rev\u00eatements sont con\u00e7us pour prot\u00e9ger et couvrir les joints des fa\u00e7ades, des murs, des sols et des plafonds. Esth\u00e9tiques, d\u00e9coratifs et \u00e9conomiques, ils sont rapides et faciles \u00e0 installer. Pour r\u00e9pondre \u00e0 tous vos besoins, nous vous proposons des joints de dilatation pour fa\u00e7ades, pour murs, pour sols et joints de dilatation pour plafonds, pour joints ouvrant de 10 \u00e0 500 mm. Il existe diff\u00e9rents mod\u00e8les de joints selon leur utilisation: sans trafic, avec un trafic l\u00e9ger ou moyen, utilisez des joints pour coller ou fixer; pour les zones \u00e0 fort trafic, il est conseill\u00e9 de fixer m\u00e9caniquement les joints. Des finitions esth\u00e9tiques adapt\u00e9es sont \u00e9galement disponibles.<\/span><\/p>\n<p>&nbsp;<\/p>\n<table width=\"100%\">\n<tbody>\n<tr>\n<th>REF<\/th>\n<th>PRODUITS<\/th>\n<th>DESCRIPTION<\/th>\n<th>LONGUEUR<\/th>\n<th>CHARGES<\/th>\n<\/tr>\n<tr>\n<td><strong>COR 4070K<\/strong><\/td>\n<td><img loading=\"lazy\" class=\" wp-image-1064 aligncenter\" src=\"https:\/\/cortartec.net\/wp-content\/uploads\/2019\/10\/4070k-mini.jpg\" alt=\"\" width=\"46\" height=\"38\" \/><\/td>\n<td style=\"text-align: center;\"><span style=\"font-family: Verdana,Arial,Helvetica,sans-serif;\">Profil de recouvrement d&rsquo;angle pour mur, plafond et sol 40&#215;70 mm, trous frais\u00e9s tous les 45 cm des deux c\u00f4t\u00e9s.<\/span><\/td>\n<td style=\"text-align: center;\">3m<\/td>\n<td style=\"text-align: center;\">&#8211;<\/td>\n<\/tr>\n<tr>\n<td><strong>COR 5080K<\/strong><\/td>\n<td><img loading=\"lazy\" class=\" wp-image-1065 aligncenter\" src=\"https:\/\/cortartec.net\/wp-content\/uploads\/2019\/10\/5080k-mini.jpg\" alt=\"\" width=\"52\" height=\"36\" \/><\/td>\n<td style=\"text-align: center;\"><span style=\"font-family: Verdana,Arial,Helvetica,sans-serif;\">Profil de recouvrement d&rsquo;angle pour mur, plafond et sol 50&#215;80 mm, trous frais\u00e9s tous les 45 cm des deux c\u00f4t\u00e9s.<\/span><\/td>\n<td style=\"text-align: center;\">3m<\/td>\n<td style=\"text-align: center;\">&#8211;<\/td>\n<\/tr>\n<tr>\n<td><strong>COR 50100K<\/strong><\/td>\n<td><img loading=\"lazy\" class=\" wp-image-1066 aligncenter\" src=\"https:\/\/cortartec.net\/wp-content\/uploads\/2019\/10\/50100k-mini.jpg\" alt=\"\" width=\"53\" height=\"41\" \/><\/td>\n<td style=\"text-align: center;\"><span style=\"font-family: Verdana,Arial,Helvetica,sans-serif;\">Profil de recouvrement d&rsquo;angle pour mur, plafond et sol de 50&#215;100 mm, trous frais\u00e9s tous les 45 cm des deux c\u00f4t\u00e9s.<\/span><\/td>\n<td style=\"text-align: center;\">3m<\/td>\n<td style=\"text-align: center;\">&#8211;<\/td>\n<\/tr>\n<tr>\n<td><strong>COR 50101K<\/strong><\/td>\n<td><img loading=\"lazy\" class=\" wp-image-1066 aligncenter\" src=\"https:\/\/cortartec.net\/wp-content\/uploads\/2019\/10\/50100k-mini.jpg\" alt=\"\" width=\"53\" height=\"41\" \/><\/td>\n<td style=\"text-align: center;\"><span style=\"font-family: Verdana,Arial,Helvetica,sans-serif;\">Profil de recouvrement d&rsquo;angle pour mur, plafond et sol de 50x100mm Vis cach\u00e9e et anodis\u00e9e.<\/span><\/td>\n<td style=\"text-align: center;\">3m<\/td>\n<td style=\"text-align: center;\">&#8211;<\/td>\n<\/tr>\n<tr>\n<td><strong>COR 50150K<\/strong><\/td>\n<td><img loading=\"lazy\" class=\" wp-image-1067 aligncenter\" src=\"https:\/\/cortartec.net\/wp-content\/uploads\/2019\/10\/50150k-mini.jpg\" alt=\"\" width=\"58\" height=\"40\" \/><\/td>\n<td style=\"text-align: center;\"><span style=\"font-family: Verdana,Arial,Helvetica,sans-serif;\">Profil de recouvrement d&rsquo;angle pour mur, plafond et sol 50&#215;150 mm, trous frais\u00e9s tous les 45 cm des deux c\u00f4t\u00e9s.<\/span><\/td>\n<td style=\"text-align: center;\">3m<\/td>\n<td style=\"text-align: center;\">&#8211;<\/td>\n<\/tr>\n<tr>\n<td><strong>COR 50151K<\/strong><\/td>\n<td><img loading=\"lazy\" class=\" wp-image-1067 aligncenter\" src=\"https:\/\/cortartec.net\/wp-content\/uploads\/2019\/10\/50150k-mini.jpg\" alt=\"\" width=\"59\" height=\"41\" \/><\/td>\n<td style=\"text-align: center;\"><span style=\"font-family: Verdana,Arial,Helvetica,sans-serif;\">Profil de couverture de 50&#215;150 mm pour les murs, les plafonds et les sols. Vis dissimul\u00e9e et anodis\u00e9e.<\/span><\/td>\n<td style=\"text-align: center;\">3m<\/td>\n<td style=\"text-align: center;\">&#8211;<\/td>\n<\/tr>\n<tr>\n<td><strong>COR 50200K<\/strong><\/td>\n<td><img loading=\"lazy\" class=\"size-full wp-image-1068 aligncenter\" src=\"https:\/\/cortartec.net\/wp-content\/uploads\/2019\/10\/50200k-mini.jpg\" alt=\"\" width=\"67\" height=\"40\" \/><\/td>\n<td style=\"text-align: center;\"><span style=\"font-family: Verdana,Arial,Helvetica,sans-serif;\">Profil de recouvrement d&rsquo;angle pour mur, plafond et sol de 50&#215;200 mm, trous frais\u00e9s tous les 45 cm des deux c\u00f4t\u00e9s.<\/span><\/td>\n<td style=\"text-align: center;\">3m<\/td>\n<td style=\"text-align: center;\">&#8211;<\/td>\n<\/tr>\n<\/tbody>\n<\/table>\n[\/vc_column_text][\/vc_tab][vc_tab title=\u00a0\u00bbDownload\u00a0\u00bb tab_id=\u00a0\u00bb1566866086439-2-10&Prime;][mk_button dimension=\u00a0\u00bbflat\u00a0\u00bb corner_style=\u00a0\u00bbrounded\u00a0\u00bb size=\u00a0\u00bbmedium\u00a0\u00bb url=\u00a0\u00bbhttps:\/\/48bfe850-8fa9-41aa-a01f-515ad5db562b.filesusr.com\/ugd\/b0e443_cb37a1c88a3f46a0af6dedf601ec3351.pdf\u00a0\u00bb align=\u00a0\u00bbcenter\u00a0\u00bb]PDF Catalogue[\/mk_button][\/vc_tab][vc_tab title=\u00a0\u00bbCertificats\u00a0\u00bb tab_id=\u00a0\u00bb1566866087001-3-3&Prime;]<div role=\"form\" class=\"wpcf7\" id=\"wpcf7-f9191-o1\" lang=\"pt-PT\" dir=\"ltr\">\n<div class=\"screen-reader-response\"><p role=\"status\" aria-live=\"polite\" aria-atomic=\"true\"><\/p> <ul><\/ul><\/div>\n<form action=\"\/fr\/wp-json\/wp\/v2\/pages\/4515#wpcf7-f9191-o1\" method=\"post\" class=\"wpcf7-form init\" novalidate=\"novalidate\" data-status=\"init\">\n<div style=\"display: none;\">\n<input type=\"hidden\" name=\"_wpcf7\" value=\"9191\" \/>\n<input type=\"hidden\" name=\"_wpcf7_version\" value=\"5.4.2\" \/>\n<input type=\"hidden\" name=\"_wpcf7_locale\" value=\"pt_PT\" \/>\n<input type=\"hidden\" name=\"_wpcf7_unit_tag\" value=\"wpcf7-f9191-o1\" \/>\n<input type=\"hidden\" name=\"_wpcf7_container_post\" value=\"0\" \/>\n<input type=\"hidden\" name=\"_wpcf7_posted_data_hash\" value=\"\" \/>\n<\/div>\n<p>Veuillez demander la fiche technique \/ certificats ici:<\/p>\n<p><span class=\"wpcf7-form-control-wrap nome\"><input type=\"text\" name=\"nome\" value=\"\" size=\"40\" class=\"wpcf7-form-control wpcf7-text wpcf7-validates-as-required\" aria-required=\"true\" aria-invalid=\"false\" placeholder=\"Nom\" \/><\/span><\/p>\n<p><span class=\"wpcf7-form-control-wrap email\"><input type=\"email\" name=\"email\" value=\"\" size=\"40\" class=\"wpcf7-form-control wpcf7-text wpcf7-email wpcf7-validates-as-required wpcf7-validates-as-email\" aria-required=\"true\" aria-invalid=\"false\" placeholder=\"Email\" \/><\/span><\/p>\n<p><span class=\"wpcf7-form-control-wrap telefone\"><input type=\"tel\" name=\"telefone\" value=\"\" size=\"40\" class=\"wpcf7-form-control wpcf7-text wpcf7-tel wpcf7-validates-as-required wpcf7-validates-as-tel\" aria-required=\"true\" aria-invalid=\"false\" placeholder=\"T\u00e9l\u00e9phone\" \/><\/span><\/p>\n<p><span class=\"wpcf7-form-control-wrap empresa\"><input type=\"text\" name=\"empresa\" value=\"\" size=\"40\" class=\"wpcf7-form-control wpcf7-text\" aria-invalid=\"false\" placeholder=\"Compagnie\" \/><\/span><\/p>\n<p><span class=\"wpcf7-form-control-wrap produto\"><input type=\"hidden\" name=\"produto\" value=\"Couvre joints d&#039;angle\" size=\"40\" class=\"wpcf7-form-control wpcf7dtx-dynamictext wpcf7-dynamichidden\" aria-invalid=\"false\" \/><\/span><\/p>\n<p><span class=\"wpcf7-form-control-wrap rgpd\"><span class=\"wpcf7-form-control wpcf7-acceptance\"><span class=\"wpcf7-list-item\"><label><input type=\"checkbox\" name=\"rgpd\" value=\"1\" aria-invalid=\"false\" \/><span class=\"wpcf7-list-item-label\">Je consens \u00e0 ce que Cortartec conserve ind\u00e9finiment mes donn\u00e9es contenues dans ce formulaire jusqu'\u00e0 la finalisation de cette demande de contact.<\/span><\/label><\/span><\/span><\/span><\/p>\n<p><input type=\"submit\" value=\"Demander\" class=\"wpcf7-form-control wpcf7-submit\" \/><\/p>\n<p style=\"display: none !important;\" class=\"akismet-fields-container\" data-prefix=\"_wpcf7_ak_\"><label>&#916;<textarea name=\"_wpcf7_ak_hp_textarea\" cols=\"45\" rows=\"8\" maxlength=\"100\"><\/textarea><\/label><input type=\"hidden\" id=\"ak_js_1\" name=\"_wpcf7_ak_js\" value=\"141\"\/><script>document.getElementById( \"ak_js_1\" ).setAttribute( \"value\", ( new Date() ).getTime() );<\/script><\/p><div class=\"wpcf7-response-output\" aria-hidden=\"true\"><\/div><\/form><\/div>[\/vc_tab][\/vc_tabs][\/vc_column][\/vc_row][vc_row css=\u00a0\u00bb.vc_custom_1597834340747{margin-top: 50px !important;}\u00a0\u00bb][vc_column][mk_fancy_title color=\u00a0\u00bb#999999&Prime; size=\u00a0\u00bb40&Prime; font_weight=\u00a0\u00bb200&Prime; txt_transform=\u00a0\u00bbuppercase\u00a0\u00bb margin_bottom=\u00a0\u00bb5&Prime; font_family=\u00a0\u00bbnone\u00a0\u00bb align=\u00a0\u00bbcenter\u00a0\u00bb]PRODUITS <strong>SIMILAIRES<\/strong>[\/mk_fancy_title][mk_divider style=\u00a0\u00bbthin_solid\u00a0\u00bb divider_width=\u00a0\u00bbcustom_width\u00a0\u00bb custom_width=\u00a0\u00bb80&Prime; thin_single_color=\u00a0\u00bb#fe6600&Prime; thickness=\u00a0\u00bb4&Prime; margin_top=\u00a0\u00bb0&Prime; margin_bottom=\u00a0\u00bb40&Prime;][\/vc_column][\/vc_row][vc_row css=\u00a0\u00bb.vc_custom_1597834347065{margin-top: 50px !important;}\u00a0\u00bb][vc_column width=\u00a0\u00bb1\/4&Prime;][mk_image src=\u00a0\u00bbhttps:\/\/cortartec.net\/wp-content\/uploads\/2019\/09\/tapa-junta7.jpg\u00a0\u00bb image_size=\u00a0\u00bbmedium\u00a0\u00bb link=\u00a0\u00bbhttps:\/\/cortartec.net\/fr\/produits\/joints-de-dilatacion\/couvre-joints\/couvre-joint-a-coller\/\u00a0\u00bb][mk_fancy_title font_family=\u00a0\u00bbnone\u00a0\u00bb]\n<h3><strong>Couvre joint \u00e0 coller<\/strong><\/h3>\n[\/mk_fancy_title][mk_padding_divider size=\u00a0\u00bb30&Prime; visibility=\u00a0\u00bbvisible-sm\u00a0\u00bb][\/vc_column][vc_column width=\u00a0\u00bb1\/4&Prime;][mk_image src=\u00a0\u00bbhttps:\/\/cortartec.net\/wp-content\/uploads\/2019\/09\/tapa-junta3.jpg\u00a0\u00bb image_size=\u00a0\u00bbmedium\u00a0\u00bb link=\u00a0\u00bbhttps:\/\/cortartec.net\/fr\/produits\/joints-de-dilatacion\/couvre-joints\/couvre-joint-a-clipser-pvc\/\u00a0\u00bb][mk_fancy_title font_family=\u00a0\u00bbnone\u00a0\u00bb]\n<h3><strong>Couvre joint \u00e0 clipser en PVC<\/strong><\/h3>\n[\/mk_fancy_title][mk_padding_divider size=\u00a0\u00bb30&Prime; visibility=\u00a0\u00bbvisible-sm\u00a0\u00bb][\/vc_column][vc_column width=\u00a0\u00bb1\/4&Prime;][mk_image src=\u00a0\u00bbhttps:\/\/cortartec.net\/wp-content\/uploads\/2019\/09\/tapa-junta6.jpg\u00a0\u00bb image_size=\u00a0\u00bbmedium\u00a0\u00bb link=\u00a0\u00bbhttps:\/\/cortartec.net\/fr\/produits\/joints-de-dilatacion\/couvre-joints\/couvre-joints-cjp-a-fixer-mecaniquement\/\u00a0\u00bb margin_bottom=\u00a0\u00bb5&Prime;][mk_fancy_title font_family=\u00a0\u00bbnone\u00a0\u00bb]\n<h3><strong>\u00e0 fixer m\u00e8caniquement<\/strong><\/h3>\n[\/mk_fancy_title][mk_padding_divider size=\u00a0\u00bb30&Prime; visibility=\u00a0\u00bbvisible-sm\u00a0\u00bb][\/vc_column][vc_column width=\u00a0\u00bb1\/4&Prime;][mk_image src=\u00a0\u00bbhttps:\/\/cortartec.net\/wp-content\/uploads\/2019\/09\/60dt.jpg\u00a0\u00bb image_size=\u00a0\u00bbmedium\u00a0\u00bb link=\u00a0\u00bbhttps:\/\/cortartec.net\/fr\/produits\/joints-de-dilatacion\/couvre-joints\/couvre-joints-pour-revetements-muraux\/\u00a0\u00bb][mk_fancy_title font_family=\u00a0\u00bbnone\u00a0\u00bb]\n<h3><strong>Couvre joints pour rev\u00eatements mureaux<\/strong><\/h3>\n[\/mk_fancy_title][\/vc_column][\/vc_row][vc_row fullwidth=\u00a0\u00bbtrue\u00a0\u00bb fullwidth_content=\u00a0\u00bbfalse\u00a0\u00bb css=\u00a0\u00bb.vc_custom_1597403978460{margin-top: 50px !important;padding-top: 30px !important;background-color: #fe6600 !important;}\u00a0\u00bb][vc_column width=\u00a0\u00bb2\/3&Prime;][mk_fancy_title tag_name=\u00a0\u00bbh5&Prime; color=\u00a0\u00bb#ffffff\u00a0\u00bb size=\u00a0\u00bb26&Prime; font_weight=\u00a0\u00bb400&Prime; txt_transform=\u00a0\u00bbnone\u00a0\u00bb margin_top=\u00a0\u00bb10&Prime; font_family=\u00a0\u00bbnone\u00a0\u00bb]Questions? Nous sommes l\u00e0 pour vous aider![\/mk_fancy_title][\/vc_column][vc_column width=\u00a0\u00bb1\/3&Prime;][mk_button dimension=\u00a0\u00bbflat\u00a0\u00bb corner_style=\u00a0\u00bbrounded\u00a0\u00bb size=\u00a0\u00bblarge\u00a0\u00bb url=\u00a0\u00bbhttps:\/\/cortartec.net\/fr\/contacts\/\u00a0\u00bb align=\u00a0\u00bbright\u00a0\u00bb margin_right=\u00a0\u00bb0&Prime; el_class=\u00a0\u00bbmrightButton\u00a0\u00bb bg_color=\u00a0\u00bb#f0f0f0&Prime; btn_hover_bg=\u00a0\u00bb#ffffff\u00a0\u00bb text_color=\u00a0\u00bbdark\u00a0\u00bb btn_hover_txt_color=\u00a0\u00bb#fe6600&Prime;]CONTACTEZ NOUS[\/mk_button][\/vc_column][\/vc_row]\n","protected":false},"excerpt":{"rendered":"<p>[vc_row][vc_column][vc_tabs responsive=\u00a0\u00bbfalse\u00a0\u00bb container_bg_color=\u00a0\u00bb\u00a0\u00bb][vc_tab title=\u00a0\u00bbD\u00e9tails\u00a0\u00bb tab_id=\u00a0\u00bb1566866031-1-40&Prime;][vc_column_text disable_pattern=\u00a0\u00bbfalse\u00a0\u00bb css=\u00a0\u00bb.vc_custom_1597918179111{margin-bottom: 0px !important;}\u00a0\u00bb]Les rev\u00eatements sont con\u00e7us pour prot\u00e9ger et couvrir les joints des fa\u00e7ades, des murs, des sols et des plafonds. Esth\u00e9tiques, d\u00e9coratifs et \u00e9conomiques, ils sont rapides et faciles \u00e0 installer. Pour r\u00e9pondre \u00e0 tous vos besoins, nous vous proposons des joints de dilatation pour fa\u00e7ades, pour murs, [&hellip;]<\/p>\n","protected":false},"author":6,"featured_media":0,"parent":4402,"menu_order":0,"comment_status":"closed","ping_status":"closed","template":"","meta":[],"yoast_head":"<!-- This site is optimized with the Yoast SEO plugin v19.4 - https:\/\/yoast.com\/wordpress\/plugins\/seo\/ -->\n<title>Couvre joints d&#039;angle - Cortartec<\/title>\n<meta name=\"robots\" content=\"index, follow, max-snippet:-1, max-image-preview:large, max-video-preview:-1\" \/>\n<link rel=\"canonical\" href=\"https:\/\/cortartec.net\/fr\/produits\/joints-de-dilatacion\/couvre-joints\/couvre-joints-dangle\/\" \/>\n<meta property=\"og:locale\" content=\"fr_FR\" \/>\n<meta property=\"og:type\" content=\"article\" \/>\n<meta property=\"og:title\" content=\"Couvre joints d&#039;angle - Cortartec\" \/>\n<meta property=\"og:description\" content=\"[vc_row][vc_column][vc_tabs responsive=\u00a0\u00bbfalse\u00a0\u00bb container_bg_color=\u00a0\u00bb\u00a0\u00bb][vc_tab title=\u00a0\u00bbD\u00e9tails\u00a0\u00bb tab_id=\u00a0\u00bb1566866031-1-40&Prime;][vc_column_text disable_pattern=\u00a0\u00bbfalse\u00a0\u00bb css=\u00a0\u00bb.vc_custom_1597918179111{margin-bottom: 0px !important;}\u00a0\u00bb]Les rev\u00eatements sont con\u00e7us pour prot\u00e9ger et couvrir les joints des fa\u00e7ades, des murs, des sols et des plafonds. Esth\u00e9tiques, d\u00e9coratifs et \u00e9conomiques, ils sont rapides et faciles \u00e0 installer. Pour r\u00e9pondre \u00e0 tous vos besoins, nous vous proposons des joints de dilatation pour fa\u00e7ades, pour murs, [&hellip;]\" \/>\n<meta property=\"og:url\" content=\"https:\/\/cortartec.net\/fr\/produits\/joints-de-dilatacion\/couvre-joints\/couvre-joints-dangle\/\" \/>\n<meta property=\"og:site_name\" content=\"Cortartec\" \/>\n<meta property=\"article:publisher\" content=\"https:\/\/facebook.com\/cortartec\" \/>\n<meta property=\"article:modified_time\" content=\"2020-10-14T14:47:10+00:00\" \/>\n<meta property=\"og:image\" content=\"https:\/\/cortartec.net\/wp-content\/uploads\/2019\/10\/4070k-mini.jpg\" \/>\n<meta name=\"twitter:card\" content=\"summary_large_image\" \/>\n<meta name=\"twitter:site\" content=\"@cortartec\" \/>\n<meta name=\"twitter:label1\" content=\"Dur\u00e9e de lecture estim\u00e9e\" \/>\n\t<meta name=\"twitter:data1\" content=\"4 minutes\" \/>\n<script type=\"application\/ld+json\" class=\"yoast-schema-graph\">{\"@context\":\"https:\/\/schema.org\",\"@graph\":[{\"@type\":\"Organization\",\"@id\":\"https:\/\/cortartec.net\/fr\/#organization\",\"name\":\"Cortartec\",\"url\":\"https:\/\/cortartec.net\/fr\/\",\"sameAs\":[\"https:\/\/instagram.com\/cortartec\",\"https:\/\/za.linkedin.com\/company\/cortartec?trk=recent-update_see-all\",\"https:\/\/pinterest.com\/cortartec\",\"https:\/\/youtube.com\/user\/cortartec\",\"https:\/\/facebook.com\/cortartec\",\"https:\/\/twitter.com\/cortartec\"],\"logo\":{\"@type\":\"ImageObject\",\"inLanguage\":\"fr-FR\",\"@id\":\"https:\/\/cortartec.net\/fr\/#\/schema\/logo\/image\/\",\"url\":\"https:\/\/cortartec.net\/wp-content\/uploads\/2019\/08\/logo.png\",\"contentUrl\":\"https:\/\/cortartec.net\/wp-content\/uploads\/2019\/08\/logo.png\",\"width\":400,\"height\":100,\"caption\":\"Cortartec\"},\"image\":{\"@id\":\"https:\/\/cortartec.net\/fr\/#\/schema\/logo\/image\/\"}},{\"@type\":\"WebSite\",\"@id\":\"https:\/\/cortartec.net\/fr\/#website\",\"url\":\"https:\/\/cortartec.net\/fr\/\",\"name\":\"Cortartec\",\"description\":\"\",\"publisher\":{\"@id\":\"https:\/\/cortartec.net\/fr\/#organization\"},\"potentialAction\":[{\"@type\":\"SearchAction\",\"target\":{\"@type\":\"EntryPoint\",\"urlTemplate\":\"https:\/\/cortartec.net\/fr\/?s={search_term_string}\"},\"query-input\":\"required name=search_term_string\"}],\"inLanguage\":\"fr-FR\"},{\"@type\":\"WebPage\",\"@id\":\"https:\/\/cortartec.net\/fr\/produits\/joints-de-dilatacion\/couvre-joints\/couvre-joints-dangle\/\",\"url\":\"https:\/\/cortartec.net\/fr\/produits\/joints-de-dilatacion\/couvre-joints\/couvre-joints-dangle\/\",\"name\":\"Couvre joints d'angle - Cortartec\",\"isPartOf\":{\"@id\":\"https:\/\/cortartec.net\/fr\/#website\"},\"datePublished\":\"2020-03-13T17:39:54+00:00\",\"dateModified\":\"2020-10-14T14:47:10+00:00\",\"breadcrumb\":{\"@id\":\"https:\/\/cortartec.net\/fr\/produits\/joints-de-dilatacion\/couvre-joints\/couvre-joints-dangle\/#breadcrumb\"},\"inLanguage\":\"fr-FR\",\"potentialAction\":[{\"@type\":\"ReadAction\",\"target\":[\"https:\/\/cortartec.net\/fr\/produits\/joints-de-dilatacion\/couvre-joints\/couvre-joints-dangle\/\"]}]},{\"@type\":\"BreadcrumbList\",\"@id\":\"https:\/\/cortartec.net\/fr\/produits\/joints-de-dilatacion\/couvre-joints\/couvre-joints-dangle\/#breadcrumb\",\"itemListElement\":[{\"@type\":\"ListItem\",\"position\":1,\"name\":\"In\u00edcio\",\"item\":\"https:\/\/cortartec.net\/fr\/\"},{\"@type\":\"ListItem\",\"position\":2,\"name\":\"Produits\",\"item\":\"https:\/\/cortartec.net\/fr\/produits\/\"},{\"@type\":\"ListItem\",\"position\":3,\"name\":\"Joints de dilatacion\",\"item\":\"https:\/\/cortartec.net\/fr\/produits\/joints-de-dilatacion\/\"},{\"@type\":\"ListItem\",\"position\":4,\"name\":\"Couvre Joints\",\"item\":\"https:\/\/cortartec.net\/fr\/produits\/joints-de-dilatacion\/couvre-joints\/\"},{\"@type\":\"ListItem\",\"position\":5,\"name\":\"Couvre joints d&rsquo;angle\"}]}]}<\/script>\n<!-- \/ Yoast SEO plugin. -->","yoast_head_json":{"title":"Couvre joints d'angle - Cortartec","robots":{"index":"index","follow":"follow","max-snippet":"max-snippet:-1","max-image-preview":"max-image-preview:large","max-video-preview":"max-video-preview:-1"},"canonical":"https:\/\/cortartec.net\/fr\/produits\/joints-de-dilatacion\/couvre-joints\/couvre-joints-dangle\/","og_locale":"fr_FR","og_type":"article","og_title":"Couvre joints d'angle - Cortartec","og_description":"[vc_row][vc_column][vc_tabs responsive=\u00a0\u00bbfalse\u00a0\u00bb container_bg_color=\u00a0\u00bb\u00a0\u00bb][vc_tab title=\u00a0\u00bbD\u00e9tails\u00a0\u00bb tab_id=\u00a0\u00bb1566866031-1-40&Prime;][vc_column_text disable_pattern=\u00a0\u00bbfalse\u00a0\u00bb css=\u00a0\u00bb.vc_custom_1597918179111{margin-bottom: 0px !important;}\u00a0\u00bb]Les rev\u00eatements sont con\u00e7us pour prot\u00e9ger et couvrir les joints des fa\u00e7ades, des murs, des sols et des plafonds. Esth\u00e9tiques, d\u00e9coratifs et \u00e9conomiques, ils sont rapides et faciles \u00e0 installer. Pour r\u00e9pondre \u00e0 tous vos besoins, nous vous proposons des joints de dilatation pour fa\u00e7ades, pour murs, [&hellip;]","og_url":"https:\/\/cortartec.net\/fr\/produits\/joints-de-dilatacion\/couvre-joints\/couvre-joints-dangle\/","og_site_name":"Cortartec","article_publisher":"https:\/\/facebook.com\/cortartec","article_modified_time":"2020-10-14T14:47:10+00:00","og_image":[{"url":"https:\/\/cortartec.net\/wp-content\/uploads\/2019\/10\/4070k-mini.jpg"}],"twitter_card":"summary_large_image","twitter_site":"@cortartec","twitter_misc":{"Dur\u00e9e de lecture estim\u00e9e":"4 minutes"},"schema":{"@context":"https:\/\/schema.org","@graph":[{"@type":"Organization","@id":"https:\/\/cortartec.net\/fr\/#organization","name":"Cortartec","url":"https:\/\/cortartec.net\/fr\/","sameAs":["https:\/\/instagram.com\/cortartec","https:\/\/za.linkedin.com\/company\/cortartec?trk=recent-update_see-all","https:\/\/pinterest.com\/cortartec","https:\/\/youtube.com\/user\/cortartec","https:\/\/facebook.com\/cortartec","https:\/\/twitter.com\/cortartec"],"logo":{"@type":"ImageObject","inLanguage":"fr-FR","@id":"https:\/\/cortartec.net\/fr\/#\/schema\/logo\/image\/","url":"https:\/\/cortartec.net\/wp-content\/uploads\/2019\/08\/logo.png","contentUrl":"https:\/\/cortartec.net\/wp-content\/uploads\/2019\/08\/logo.png","width":400,"height":100,"caption":"Cortartec"},"image":{"@id":"https:\/\/cortartec.net\/fr\/#\/schema\/logo\/image\/"}},{"@type":"WebSite","@id":"https:\/\/cortartec.net\/fr\/#website","url":"https:\/\/cortartec.net\/fr\/","name":"Cortartec","description":"","publisher":{"@id":"https:\/\/cortartec.net\/fr\/#organization"},"potentialAction":[{"@type":"SearchAction","target":{"@type":"EntryPoint","urlTemplate":"https:\/\/cortartec.net\/fr\/?s={search_term_string}"},"query-input":"required name=search_term_string"}],"inLanguage":"fr-FR"},{"@type":"WebPage","@id":"https:\/\/cortartec.net\/fr\/produits\/joints-de-dilatacion\/couvre-joints\/couvre-joints-dangle\/","url":"https:\/\/cortartec.net\/fr\/produits\/joints-de-dilatacion\/couvre-joints\/couvre-joints-dangle\/","name":"Couvre joints d'angle - Cortartec","isPartOf":{"@id":"https:\/\/cortartec.net\/fr\/#website"},"datePublished":"2020-03-13T17:39:54+00:00","dateModified":"2020-10-14T14:47:10+00:00","breadcrumb":{"@id":"https:\/\/cortartec.net\/fr\/produits\/joints-de-dilatacion\/couvre-joints\/couvre-joints-dangle\/#breadcrumb"},"inLanguage":"fr-FR","potentialAction":[{"@type":"ReadAction","target":["https:\/\/cortartec.net\/fr\/produits\/joints-de-dilatacion\/couvre-joints\/couvre-joints-dangle\/"]}]},{"@type":"BreadcrumbList","@id":"https:\/\/cortartec.net\/fr\/produits\/joints-de-dilatacion\/couvre-joints\/couvre-joints-dangle\/#breadcrumb","itemListElement":[{"@type":"ListItem","position":1,"name":"In\u00edcio","item":"https:\/\/cortartec.net\/fr\/"},{"@type":"ListItem","position":2,"name":"Produits","item":"https:\/\/cortartec.net\/fr\/produits\/"},{"@type":"ListItem","position":3,"name":"Joints de dilatacion","item":"https:\/\/cortartec.net\/fr\/produits\/joints-de-dilatacion\/"},{"@type":"ListItem","position":4,"name":"Couvre Joints","item":"https:\/\/cortartec.net\/fr\/produits\/joints-de-dilatacion\/couvre-joints\/"},{"@type":"ListItem","position":5,"name":"Couvre joints d&rsquo;angle"}]}]}},"_links":{"self":[{"href":"https:\/\/cortartec.net\/fr\/wp-json\/wp\/v2\/pages\/4515"}],"collection":[{"href":"https:\/\/cortartec.net\/fr\/wp-json\/wp\/v2\/pages"}],"about":[{"href":"https:\/\/cortartec.net\/fr\/wp-json\/wp\/v2\/types\/page"}],"author":[{"embeddable":true,"href":"https:\/\/cortartec.net\/fr\/wp-json\/wp\/v2\/users\/6"}],"replies":[{"embeddable":true,"href":"https:\/\/cortartec.net\/fr\/wp-json\/wp\/v2\/comments?post=4515"}],"version-history":[{"count":1,"href":"https:\/\/cortartec.net\/fr\/wp-json\/wp\/v2\/pages\/4515\/revisions"}],"predecessor-version":[{"id":9763,"href":"https:\/\/cortartec.net\/fr\/wp-json\/wp\/v2\/pages\/4515\/revisions\/9763"}],"up":[{"embeddable":true,"href":"https:\/\/cortartec.net\/fr\/wp-json\/wp\/v2\/pages\/4402"}],"wp:attachment":[{"href":"https:\/\/cortartec.net\/fr\/wp-json\/wp\/v2\/media?parent=4515"}],"curies":[{"name":"wp","href":"https:\/\/api.w.org\/{rel}","templated":true}]}}