{"id":4703,"date":"2020-05-22T11:47:30","date_gmt":"2020-05-22T11:47:30","guid":{"rendered":"https:\/\/cortartec.net\/?page_id=4703"},"modified":"2020-10-14T16:04:32","modified_gmt":"2020-10-14T16:04:32","slug":"couvre-joint-a-coller","status":"publish","type":"page","link":"https:\/\/cortartec.net\/fr\/produits\/joints-de-dilatacion\/couvre-joints\/couvre-joint-a-coller\/","title":{"rendered":"Couvre-joints \u00e0 coller"},"content":{"rendered":"[vc_row css=\u00a0\u00bb.vc_custom_1597834950074{margin-top: 50px !important;}\u00a0\u00bb][vc_column][mk_gallery images=\u00a0\u00bb1071&Prime; height=\u00a0\u00bb341&Prime; hover_scenarios=\u00a0\u00bbnone\u00a0\u00bb][\/vc_column][\/vc_row][vc_row css=\u00a0\u00bb.vc_custom_1597834959654{margin-top: 50px !important;}\u00a0\u00bb][vc_column][vc_tabs responsive=\u00a0\u00bbfalse\u00a0\u00bb container_bg_color=\u00a0\u00bb\u00a0\u00bb][vc_tab title=\u00a0\u00bbD\u00e9tails\u00a0\u00bb tab_id=\u00a0\u00bb1566866031-1-40&Prime;][vc_column_text disable_pattern=\u00a0\u00bbfalse\u00a0\u00bb css=\u00a0\u00bb.vc_custom_1597922153452{margin-bottom: 0px !important;}\u00a0\u00bb]<span style=\"color: #333333;\"><strong>COUVRE JOINTS \u00c0 COLLER COR-CJC<\/strong><\/span><\/p>\n<p><span style=\"color: #333333;\">Les rev\u00eatements de joints install\u00e9s par collage sont g\u00e9n\u00e9ralement utilis\u00e9s \u00e0 l&rsquo;int\u00e9rieur dans les joints de murs et de sols avec des charges l\u00e9g\u00e8res. Ceux-ci comprennent une section, dans une vari\u00e9t\u00e9 d&rsquo;\u00e9paisseurs et de mat\u00e9riaux, et des bandes lat\u00e9rales avec un adh\u00e9sif thermofusible prot\u00e9g\u00e9 par du papier enduit de silicone. Ils peuvent \u00eatre install\u00e9s facilement en appliquant une simple pression, offrant une finition de qualit\u00e9. Ils sont livr\u00e9s en standard sur une longueur de 3 m.<\/span><\/p>\n<p><span style=\"color: #333333;\"><strong>UTILISATION<\/strong><\/span><\/p>\n<p><span style=\"color: #333333;\">Ils sont largement utilis\u00e9s dans les joints de murs et, occasionnellement, dans les joints de sols soumis \u00e0 peu de circulation. Ils sont enti\u00e8rement compatibles avec nos cordons et cordons coupe-feu Vedafeu C.<\/span><\/p>\n<p><span style=\"color: #333333;\"><strong>FINITIONS ET PI\u00c8CES SP\u00c9CIALES<\/strong><\/span><\/p>\n<p><span style=\"color: #333333;\">Aluminium anodis\u00e9 transparent dans des largeurs de 60 mm, 80 mm et 100 mm. Laiton poli dans des largeurs de 50 mm, 60 mm, 80 mm et 100 mm. Acier inoxydable en largeurs de 50 mm, 60 mm, 80 mm et 100 mm.<\/span><\/p>\n<p>&nbsp;<\/p>\n<table width=\"100%\">\n<tbody>\n<tr>\n<th>REF<\/th>\n<th>OUVERTURE (mm)<\/th>\n<th>MOUVEMENTS (mm)<\/th>\n<th>LARGEUR VISIBLE (mm)<\/th>\n<th>\u00a0LARGEUR TOTALE (mm)<\/th>\n<th>HAUTEUR (mm)<\/th>\n<th>CHARGES<\/th>\n<\/tr>\n<tr>\n<td><strong>COR -CJC 40<\/strong><\/td>\n<td style=\"text-align: center;\">5 &#8211; 15<\/td>\n<td style=\"text-align: center;\">&#8211;<\/td>\n<td style=\"text-align: center;\">40<\/td>\n<td style=\"text-align: center;\">40<\/td>\n<td style=\"text-align: center;\">2<\/td>\n<td style=\"text-align: center;\">&#8211;<\/td>\n<\/tr>\n<tr>\n<td><strong>COR-CJC 60<\/strong><\/td>\n<td style=\"text-align: center;\">20 &#8211; 30<\/td>\n<td style=\"text-align: center;\">&#8211;<\/td>\n<td style=\"text-align: center;\">60<\/td>\n<td style=\"text-align: center;\">60<\/td>\n<td style=\"text-align: center;\">2<\/td>\n<td style=\"text-align: center;\">&#8211;<\/td>\n<\/tr>\n<tr>\n<td><strong>COR-CJC 80<\/strong><\/td>\n<td style=\"text-align: center;\">30 &#8211; 50<\/td>\n<td style=\"text-align: center;\">&#8211;<\/td>\n<td style=\"text-align: center;\">80<\/td>\n<td style=\"text-align: center;\">80<\/td>\n<td style=\"text-align: center;\">2<\/td>\n<td style=\"text-align: center;\">&#8211;<\/td>\n<\/tr>\n<tr>\n<td><strong>COR-CJC 100<\/strong><\/td>\n<td style=\"text-align: center;\">\u00a050 &#8211; 70<\/td>\n<td style=\"text-align: center;\">&#8211;<\/td>\n<td style=\"text-align: center;\">100<\/td>\n<td style=\"text-align: center;\">100<\/td>\n<td style=\"text-align: center;\">3<\/td>\n<td style=\"text-align: center;\">&#8211;<\/td>\n<\/tr>\n<\/tbody>\n<\/table>\n[\/vc_column_text][\/vc_tab][vc_tab title=\u00a0\u00bbDownload\u00a0\u00bb tab_id=\u00a0\u00bb1566866086439-2-10&Prime;][mk_button dimension=\u00a0\u00bbflat\u00a0\u00bb corner_style=\u00a0\u00bbrounded\u00a0\u00bb size=\u00a0\u00bbmedium\u00a0\u00bb url=\u00a0\u00bbhttps:\/\/48bfe850-8fa9-41aa-a01f-515ad5db562b.filesusr.com\/ugd\/b0e443_cb37a1c88a3f46a0af6dedf601ec3351.pdf\u00a0\u00bb align=\u00a0\u00bbcenter\u00a0\u00bb]PDF Catalogue[\/mk_button][\/vc_tab][vc_tab title=\u00a0\u00bbCertificats\u00a0\u00bb tab_id=\u00a0\u00bb1566866087001-3-3&Prime;]<div role=\"form\" class=\"wpcf7\" id=\"wpcf7-f9191-o1\" lang=\"pt-PT\" dir=\"ltr\">\n<div class=\"screen-reader-response\"><p role=\"status\" aria-live=\"polite\" aria-atomic=\"true\"><\/p> <ul><\/ul><\/div>\n<form action=\"\/fr\/wp-json\/wp\/v2\/pages\/4703#wpcf7-f9191-o1\" method=\"post\" class=\"wpcf7-form init\" novalidate=\"novalidate\" data-status=\"init\">\n<div style=\"display: none;\">\n<input type=\"hidden\" name=\"_wpcf7\" value=\"9191\" \/>\n<input type=\"hidden\" name=\"_wpcf7_version\" value=\"5.4.2\" \/>\n<input type=\"hidden\" name=\"_wpcf7_locale\" value=\"pt_PT\" \/>\n<input type=\"hidden\" name=\"_wpcf7_unit_tag\" value=\"wpcf7-f9191-o1\" \/>\n<input type=\"hidden\" name=\"_wpcf7_container_post\" value=\"0\" \/>\n<input type=\"hidden\" name=\"_wpcf7_posted_data_hash\" value=\"\" \/>\n<\/div>\n<p>Veuillez demander la fiche technique \/ certificats ici:<\/p>\n<p><span class=\"wpcf7-form-control-wrap nome\"><input type=\"text\" name=\"nome\" value=\"\" size=\"40\" class=\"wpcf7-form-control wpcf7-text wpcf7-validates-as-required\" aria-required=\"true\" aria-invalid=\"false\" placeholder=\"Nom\" \/><\/span><\/p>\n<p><span class=\"wpcf7-form-control-wrap email\"><input type=\"email\" name=\"email\" value=\"\" size=\"40\" class=\"wpcf7-form-control wpcf7-text wpcf7-email wpcf7-validates-as-required wpcf7-validates-as-email\" aria-required=\"true\" aria-invalid=\"false\" placeholder=\"Email\" \/><\/span><\/p>\n<p><span class=\"wpcf7-form-control-wrap telefone\"><input type=\"tel\" name=\"telefone\" value=\"\" size=\"40\" class=\"wpcf7-form-control wpcf7-text wpcf7-tel wpcf7-validates-as-required wpcf7-validates-as-tel\" aria-required=\"true\" aria-invalid=\"false\" placeholder=\"T\u00e9l\u00e9phone\" \/><\/span><\/p>\n<p><span class=\"wpcf7-form-control-wrap empresa\"><input type=\"text\" name=\"empresa\" value=\"\" size=\"40\" class=\"wpcf7-form-control wpcf7-text\" aria-invalid=\"false\" placeholder=\"Compagnie\" \/><\/span><\/p>\n<p><span class=\"wpcf7-form-control-wrap produto\"><input type=\"hidden\" name=\"produto\" value=\"Couvre-joints \u00e0 coller\" size=\"40\" class=\"wpcf7-form-control wpcf7dtx-dynamictext wpcf7-dynamichidden\" aria-invalid=\"false\" \/><\/span><\/p>\n<p><span class=\"wpcf7-form-control-wrap rgpd\"><span class=\"wpcf7-form-control wpcf7-acceptance\"><span class=\"wpcf7-list-item\"><label><input type=\"checkbox\" name=\"rgpd\" value=\"1\" aria-invalid=\"false\" \/><span class=\"wpcf7-list-item-label\">Je consens \u00e0 ce que Cortartec conserve ind\u00e9finiment mes donn\u00e9es contenues dans ce formulaire jusqu'\u00e0 la finalisation de cette demande de contact.<\/span><\/label><\/span><\/span><\/span><\/p>\n<p><input type=\"submit\" value=\"Demander\" class=\"wpcf7-form-control wpcf7-submit\" \/><\/p>\n<p style=\"display: none !important;\" class=\"akismet-fields-container\" data-prefix=\"_wpcf7_ak_\"><label>&#916;<textarea name=\"_wpcf7_ak_hp_textarea\" cols=\"45\" rows=\"8\" maxlength=\"100\"><\/textarea><\/label><input type=\"hidden\" id=\"ak_js_1\" name=\"_wpcf7_ak_js\" value=\"156\"\/><script>document.getElementById( \"ak_js_1\" ).setAttribute( \"value\", ( new Date() ).getTime() );<\/script><\/p><div class=\"wpcf7-response-output\" aria-hidden=\"true\"><\/div><\/form><\/div>[\/vc_tab][\/vc_tabs][\/vc_column][\/vc_row][vc_row css=\u00a0\u00bb.vc_custom_1597834988783{margin-top: 50px !important;}\u00a0\u00bb][vc_column][mk_fancy_title color=\u00a0\u00bb#999999&Prime; size=\u00a0\u00bb40&Prime; font_weight=\u00a0\u00bb200&Prime; txt_transform=\u00a0\u00bbuppercase\u00a0\u00bb margin_bottom=\u00a0\u00bb5&Prime; font_family=\u00a0\u00bbnone\u00a0\u00bb align=\u00a0\u00bbcenter\u00a0\u00bb]PRODUITS <strong>SIMILAIRES<\/strong>[\/mk_fancy_title][mk_divider style=\u00a0\u00bbthin_solid\u00a0\u00bb divider_width=\u00a0\u00bbcustom_width\u00a0\u00bb custom_width=\u00a0\u00bb80&Prime; thin_single_color=\u00a0\u00bb#fe6600&Prime; thickness=\u00a0\u00bb4&Prime; margin_top=\u00a0\u00bb0&Prime; margin_bottom=\u00a0\u00bb40&Prime;][\/vc_column][\/vc_row][vc_row][vc_column width=\u00a0\u00bb1\/4&Prime;][mk_image src=\u00a0\u00bbhttps:\/\/cortartec.net\/wp-content\/uploads\/2019\/09\/60dt.jpg\u00a0\u00bb image_size=\u00a0\u00bbmedium\u00a0\u00bb link=\u00a0\u00bbhttps:\/\/cortartec.net\/fr\/produits\/joints-de-dilatacion\/couvre-joints\/couvre-joints-pour-revetements-muraux\/\u00a0\u00bb][mk_fancy_title size=\u00a0\u00bb25&Prime; font_weight=\u00a0\u00bbbold\u00a0\u00bb txt_transform=\u00a0\u00bbuppercase\u00a0\u00bb font_family=\u00a0\u00bbnone\u00a0\u00bb]JOINTS POUR REV\u00caTEMENTS MURAUX[\/mk_fancy_title][mk_padding_divider size=\u00a0\u00bb30&Prime; visibility=\u00a0\u00bbvisible-sm\u00a0\u00bb][\/vc_column][vc_column width=\u00a0\u00bb1\/4&Prime;][mk_image src=\u00a0\u00bbhttps:\/\/cortartec.net\/wp-content\/uploads\/2019\/09\/tapa-junta1-1.jpg\u00a0\u00bb image_size=\u00a0\u00bbmedium\u00a0\u00bb link=\u00a0\u00bbhttps:\/\/cortartec.net\/fr\/produits\/joints-de-dilatacion\/couvre-joints\/couvre-joint-aluminium\/\u00a0\u00bb margin_bottom=\u00a0\u00bb5&Prime;][mk_fancy_title size=\u00a0\u00bb25&Prime; font_weight=\u00a0\u00bbbold\u00a0\u00bb txt_transform=\u00a0\u00bbuppercase\u00a0\u00bb font_family=\u00a0\u00bbnone\u00a0\u00bb]Corner joints \u00c1 CLIPSER en aluminium[\/mk_fancy_title][\/vc_column][vc_column width=\u00a0\u00bb1\/4&Prime;][mk_image src=\u00a0\u00bbhttps:\/\/cortartec.net\/wp-content\/uploads\/2019\/09\/tapa-junta6.jpg\u00a0\u00bb image_size=\u00a0\u00bbmedium\u00a0\u00bb link=\u00a0\u00bbhttps:\/\/cortartec.net\/fr\/produits\/joints-de-dilatacion\/couvre-joints\/couvre-joints-cjp-a-fixer-mecaniquement\/\u00a0\u00bb][mk_fancy_title size=\u00a0\u00bb25&Prime; font_weight=\u00a0\u00bbbold\u00a0\u00bb txt_transform=\u00a0\u00bbuppercase\u00a0\u00bb font_family=\u00a0\u00bbnone\u00a0\u00bb]\u00c1 FIXER M\u00c9CANIQUEMENT[\/mk_fancy_title][\/vc_column][vc_column width=\u00a0\u00bb1\/4&Prime;][mk_image src=\u00a0\u00bbhttps:\/\/cortartec.net\/wp-content\/uploads\/2019\/09\/4070k.jpg\u00a0\u00bb image_size=\u00a0\u00bbmedium\u00a0\u00bb link=\u00a0\u00bbhttps:\/\/cortartec.net\/fr\/produits\/joints-de-dilatacion\/couvre-joints\/couvre-joints-dangle\/\u00a0\u00bb][mk_fancy_title size=\u00a0\u00bb25&Prime; font_weight=\u00a0\u00bbbold\u00a0\u00bb txt_transform=\u00a0\u00bbuppercase\u00a0\u00bb font_family=\u00a0\u00bbnone\u00a0\u00bb]JOINTS D\u2019ANGLE[\/mk_fancy_title][\/vc_column][\/vc_row][vc_row fullwidth=\u00a0\u00bbtrue\u00a0\u00bb fullwidth_content=\u00a0\u00bbfalse\u00a0\u00bb css=\u00a0\u00bb.vc_custom_1597403978460{margin-top: 50px !important;padding-top: 30px !important;background-color: #fe6600 !important;}\u00a0\u00bb][vc_column width=\u00a0\u00bb2\/3&Prime;][mk_fancy_title tag_name=\u00a0\u00bbh5&Prime; color=\u00a0\u00bb#ffffff\u00a0\u00bb size=\u00a0\u00bb26&Prime; font_weight=\u00a0\u00bb400&Prime; txt_transform=\u00a0\u00bbnone\u00a0\u00bb margin_top=\u00a0\u00bb10&Prime; font_family=\u00a0\u00bbnone\u00a0\u00bb]Questions? Nous sommes l\u00e0 pour vous aider![\/mk_fancy_title][\/vc_column][vc_column width=\u00a0\u00bb1\/3&Prime;][mk_button dimension=\u00a0\u00bbflat\u00a0\u00bb corner_style=\u00a0\u00bbrounded\u00a0\u00bb size=\u00a0\u00bblarge\u00a0\u00bb url=\u00a0\u00bbhttps:\/\/cortartec.net\/fr\/contacts\/\u00a0\u00bb align=\u00a0\u00bbright\u00a0\u00bb margin_right=\u00a0\u00bb0&Prime; el_class=\u00a0\u00bbmrightButton\u00a0\u00bb bg_color=\u00a0\u00bb#f0f0f0&Prime; btn_hover_bg=\u00a0\u00bb#ffffff\u00a0\u00bb text_color=\u00a0\u00bbdark\u00a0\u00bb btn_hover_txt_color=\u00a0\u00bb#fe6600&Prime;]CONTACTEZ NOUS[\/mk_button][\/vc_column][\/vc_row]\n","protected":false},"excerpt":{"rendered":"<p>[vc_row css=\u00a0\u00bb.vc_custom_1597834950074{margin-top: 50px !important;}\u00a0\u00bb][vc_column][mk_gallery images=\u00a0\u00bb1071&Prime; height=\u00a0\u00bb341&Prime; hover_scenarios=\u00a0\u00bbnone\u00a0\u00bb][\/vc_column][\/vc_row][vc_row css=\u00a0\u00bb.vc_custom_1597834959654{margin-top: 50px !important;}\u00a0\u00bb][vc_column][vc_tabs responsive=\u00a0\u00bbfalse\u00a0\u00bb container_bg_color=\u00a0\u00bb\u00a0\u00bb][vc_tab title=\u00a0\u00bbD\u00e9tails\u00a0\u00bb tab_id=\u00a0\u00bb1566866031-1-40&Prime;][vc_column_text disable_pattern=\u00a0\u00bbfalse\u00a0\u00bb css=\u00a0\u00bb.vc_custom_1597922153452{margin-bottom: 0px !important;}\u00a0\u00bb]COUVRE JOINTS \u00c0 COLLER COR-CJC Les rev\u00eatements de joints install\u00e9s par collage sont g\u00e9n\u00e9ralement utilis\u00e9s \u00e0 l&rsquo;int\u00e9rieur dans les joints de murs et de sols avec des charges l\u00e9g\u00e8res. Ceux-ci comprennent une section, dans une vari\u00e9t\u00e9 d&rsquo;\u00e9paisseurs et [&hellip;]<\/p>\n","protected":false},"author":6,"featured_media":0,"parent":4402,"menu_order":0,"comment_status":"closed","ping_status":"closed","template":"","meta":[],"yoast_head":"<!-- This site is optimized with the Yoast SEO plugin v19.4 - https:\/\/yoast.com\/wordpress\/plugins\/seo\/ -->\n<title>Couvre-joints \u00e0 coller - Cortartec<\/title>\n<meta name=\"robots\" content=\"index, follow, max-snippet:-1, max-image-preview:large, max-video-preview:-1\" \/>\n<link rel=\"canonical\" href=\"https:\/\/cortartec.net\/fr\/produits\/joints-de-dilatacion\/couvre-joints\/couvre-joint-a-coller\/\" \/>\n<meta property=\"og:locale\" content=\"fr_FR\" \/>\n<meta property=\"og:type\" content=\"article\" \/>\n<meta property=\"og:title\" content=\"Couvre-joints \u00e0 coller - Cortartec\" \/>\n<meta property=\"og:description\" content=\"[vc_row css=\u00a0\u00bb.vc_custom_1597834950074{margin-top: 50px !important;}\u00a0\u00bb][vc_column][mk_gallery images=\u00a0\u00bb1071&Prime; height=\u00a0\u00bb341&Prime; hover_scenarios=\u00a0\u00bbnone\u00a0\u00bb][\/vc_column][\/vc_row][vc_row css=\u00a0\u00bb.vc_custom_1597834959654{margin-top: 50px !important;}\u00a0\u00bb][vc_column][vc_tabs responsive=\u00a0\u00bbfalse\u00a0\u00bb container_bg_color=\u00a0\u00bb\u00a0\u00bb][vc_tab title=\u00a0\u00bbD\u00e9tails\u00a0\u00bb tab_id=\u00a0\u00bb1566866031-1-40&Prime;][vc_column_text disable_pattern=\u00a0\u00bbfalse\u00a0\u00bb css=\u00a0\u00bb.vc_custom_1597922153452{margin-bottom: 0px !important;}\u00a0\u00bb]COUVRE JOINTS \u00c0 COLLER COR-CJC Les rev\u00eatements de joints install\u00e9s par collage sont g\u00e9n\u00e9ralement utilis\u00e9s \u00e0 l&rsquo;int\u00e9rieur dans les joints de murs et de sols avec des charges l\u00e9g\u00e8res. Ceux-ci comprennent une section, dans une vari\u00e9t\u00e9 d&rsquo;\u00e9paisseurs et [&hellip;]\" \/>\n<meta property=\"og:url\" content=\"https:\/\/cortartec.net\/fr\/produits\/joints-de-dilatacion\/couvre-joints\/couvre-joint-a-coller\/\" \/>\n<meta property=\"og:site_name\" content=\"Cortartec\" \/>\n<meta property=\"article:publisher\" content=\"https:\/\/facebook.com\/cortartec\" \/>\n<meta property=\"article:modified_time\" content=\"2020-10-14T16:04:32+00:00\" \/>\n<meta name=\"twitter:card\" content=\"summary_large_image\" \/>\n<meta name=\"twitter:site\" content=\"@cortartec\" \/>\n<meta name=\"twitter:label1\" content=\"Dur\u00e9e de lecture estim\u00e9e\" \/>\n\t<meta name=\"twitter:data1\" content=\"3 minutes\" \/>\n<script type=\"application\/ld+json\" class=\"yoast-schema-graph\">{\"@context\":\"https:\/\/schema.org\",\"@graph\":[{\"@type\":\"Organization\",\"@id\":\"https:\/\/cortartec.net\/fr\/#organization\",\"name\":\"Cortartec\",\"url\":\"https:\/\/cortartec.net\/fr\/\",\"sameAs\":[\"https:\/\/instagram.com\/cortartec\",\"https:\/\/za.linkedin.com\/company\/cortartec?trk=recent-update_see-all\",\"https:\/\/pinterest.com\/cortartec\",\"https:\/\/youtube.com\/user\/cortartec\",\"https:\/\/facebook.com\/cortartec\",\"https:\/\/twitter.com\/cortartec\"],\"logo\":{\"@type\":\"ImageObject\",\"inLanguage\":\"fr-FR\",\"@id\":\"https:\/\/cortartec.net\/fr\/#\/schema\/logo\/image\/\",\"url\":\"https:\/\/cortartec.net\/wp-content\/uploads\/2019\/08\/logo.png\",\"contentUrl\":\"https:\/\/cortartec.net\/wp-content\/uploads\/2019\/08\/logo.png\",\"width\":400,\"height\":100,\"caption\":\"Cortartec\"},\"image\":{\"@id\":\"https:\/\/cortartec.net\/fr\/#\/schema\/logo\/image\/\"}},{\"@type\":\"WebSite\",\"@id\":\"https:\/\/cortartec.net\/fr\/#website\",\"url\":\"https:\/\/cortartec.net\/fr\/\",\"name\":\"Cortartec\",\"description\":\"\",\"publisher\":{\"@id\":\"https:\/\/cortartec.net\/fr\/#organization\"},\"potentialAction\":[{\"@type\":\"SearchAction\",\"target\":{\"@type\":\"EntryPoint\",\"urlTemplate\":\"https:\/\/cortartec.net\/fr\/?s={search_term_string}\"},\"query-input\":\"required name=search_term_string\"}],\"inLanguage\":\"fr-FR\"},{\"@type\":\"WebPage\",\"@id\":\"https:\/\/cortartec.net\/fr\/produits\/joints-de-dilatacion\/couvre-joints\/couvre-joint-a-coller\/\",\"url\":\"https:\/\/cortartec.net\/fr\/produits\/joints-de-dilatacion\/couvre-joints\/couvre-joint-a-coller\/\",\"name\":\"Couvre-joints \u00e0 coller - Cortartec\",\"isPartOf\":{\"@id\":\"https:\/\/cortartec.net\/fr\/#website\"},\"datePublished\":\"2020-05-22T11:47:30+00:00\",\"dateModified\":\"2020-10-14T16:04:32+00:00\",\"breadcrumb\":{\"@id\":\"https:\/\/cortartec.net\/fr\/produits\/joints-de-dilatacion\/couvre-joints\/couvre-joint-a-coller\/#breadcrumb\"},\"inLanguage\":\"fr-FR\",\"potentialAction\":[{\"@type\":\"ReadAction\",\"target\":[\"https:\/\/cortartec.net\/fr\/produits\/joints-de-dilatacion\/couvre-joints\/couvre-joint-a-coller\/\"]}]},{\"@type\":\"BreadcrumbList\",\"@id\":\"https:\/\/cortartec.net\/fr\/produits\/joints-de-dilatacion\/couvre-joints\/couvre-joint-a-coller\/#breadcrumb\",\"itemListElement\":[{\"@type\":\"ListItem\",\"position\":1,\"name\":\"In\u00edcio\",\"item\":\"https:\/\/cortartec.net\/fr\/\"},{\"@type\":\"ListItem\",\"position\":2,\"name\":\"Produits\",\"item\":\"https:\/\/cortartec.net\/fr\/produits\/\"},{\"@type\":\"ListItem\",\"position\":3,\"name\":\"Joints de dilatacion\",\"item\":\"https:\/\/cortartec.net\/fr\/produits\/joints-de-dilatacion\/\"},{\"@type\":\"ListItem\",\"position\":4,\"name\":\"Couvre Joints\",\"item\":\"https:\/\/cortartec.net\/fr\/produits\/joints-de-dilatacion\/couvre-joints\/\"},{\"@type\":\"ListItem\",\"position\":5,\"name\":\"Couvre-joints \u00e0 coller\"}]}]}<\/script>\n<!-- \/ Yoast SEO plugin. -->","yoast_head_json":{"title":"Couvre-joints \u00e0 coller - Cortartec","robots":{"index":"index","follow":"follow","max-snippet":"max-snippet:-1","max-image-preview":"max-image-preview:large","max-video-preview":"max-video-preview:-1"},"canonical":"https:\/\/cortartec.net\/fr\/produits\/joints-de-dilatacion\/couvre-joints\/couvre-joint-a-coller\/","og_locale":"fr_FR","og_type":"article","og_title":"Couvre-joints \u00e0 coller - Cortartec","og_description":"[vc_row css=\u00a0\u00bb.vc_custom_1597834950074{margin-top: 50px !important;}\u00a0\u00bb][vc_column][mk_gallery images=\u00a0\u00bb1071&Prime; height=\u00a0\u00bb341&Prime; hover_scenarios=\u00a0\u00bbnone\u00a0\u00bb][\/vc_column][\/vc_row][vc_row css=\u00a0\u00bb.vc_custom_1597834959654{margin-top: 50px !important;}\u00a0\u00bb][vc_column][vc_tabs responsive=\u00a0\u00bbfalse\u00a0\u00bb container_bg_color=\u00a0\u00bb\u00a0\u00bb][vc_tab title=\u00a0\u00bbD\u00e9tails\u00a0\u00bb tab_id=\u00a0\u00bb1566866031-1-40&Prime;][vc_column_text disable_pattern=\u00a0\u00bbfalse\u00a0\u00bb css=\u00a0\u00bb.vc_custom_1597922153452{margin-bottom: 0px !important;}\u00a0\u00bb]COUVRE JOINTS \u00c0 COLLER COR-CJC Les rev\u00eatements de joints install\u00e9s par collage sont g\u00e9n\u00e9ralement utilis\u00e9s \u00e0 l&rsquo;int\u00e9rieur dans les joints de murs et de sols avec des charges l\u00e9g\u00e8res. Ceux-ci comprennent une section, dans une vari\u00e9t\u00e9 d&rsquo;\u00e9paisseurs et [&hellip;]","og_url":"https:\/\/cortartec.net\/fr\/produits\/joints-de-dilatacion\/couvre-joints\/couvre-joint-a-coller\/","og_site_name":"Cortartec","article_publisher":"https:\/\/facebook.com\/cortartec","article_modified_time":"2020-10-14T16:04:32+00:00","twitter_card":"summary_large_image","twitter_site":"@cortartec","twitter_misc":{"Dur\u00e9e de lecture estim\u00e9e":"3 minutes"},"schema":{"@context":"https:\/\/schema.org","@graph":[{"@type":"Organization","@id":"https:\/\/cortartec.net\/fr\/#organization","name":"Cortartec","url":"https:\/\/cortartec.net\/fr\/","sameAs":["https:\/\/instagram.com\/cortartec","https:\/\/za.linkedin.com\/company\/cortartec?trk=recent-update_see-all","https:\/\/pinterest.com\/cortartec","https:\/\/youtube.com\/user\/cortartec","https:\/\/facebook.com\/cortartec","https:\/\/twitter.com\/cortartec"],"logo":{"@type":"ImageObject","inLanguage":"fr-FR","@id":"https:\/\/cortartec.net\/fr\/#\/schema\/logo\/image\/","url":"https:\/\/cortartec.net\/wp-content\/uploads\/2019\/08\/logo.png","contentUrl":"https:\/\/cortartec.net\/wp-content\/uploads\/2019\/08\/logo.png","width":400,"height":100,"caption":"Cortartec"},"image":{"@id":"https:\/\/cortartec.net\/fr\/#\/schema\/logo\/image\/"}},{"@type":"WebSite","@id":"https:\/\/cortartec.net\/fr\/#website","url":"https:\/\/cortartec.net\/fr\/","name":"Cortartec","description":"","publisher":{"@id":"https:\/\/cortartec.net\/fr\/#organization"},"potentialAction":[{"@type":"SearchAction","target":{"@type":"EntryPoint","urlTemplate":"https:\/\/cortartec.net\/fr\/?s={search_term_string}"},"query-input":"required name=search_term_string"}],"inLanguage":"fr-FR"},{"@type":"WebPage","@id":"https:\/\/cortartec.net\/fr\/produits\/joints-de-dilatacion\/couvre-joints\/couvre-joint-a-coller\/","url":"https:\/\/cortartec.net\/fr\/produits\/joints-de-dilatacion\/couvre-joints\/couvre-joint-a-coller\/","name":"Couvre-joints \u00e0 coller - Cortartec","isPartOf":{"@id":"https:\/\/cortartec.net\/fr\/#website"},"datePublished":"2020-05-22T11:47:30+00:00","dateModified":"2020-10-14T16:04:32+00:00","breadcrumb":{"@id":"https:\/\/cortartec.net\/fr\/produits\/joints-de-dilatacion\/couvre-joints\/couvre-joint-a-coller\/#breadcrumb"},"inLanguage":"fr-FR","potentialAction":[{"@type":"ReadAction","target":["https:\/\/cortartec.net\/fr\/produits\/joints-de-dilatacion\/couvre-joints\/couvre-joint-a-coller\/"]}]},{"@type":"BreadcrumbList","@id":"https:\/\/cortartec.net\/fr\/produits\/joints-de-dilatacion\/couvre-joints\/couvre-joint-a-coller\/#breadcrumb","itemListElement":[{"@type":"ListItem","position":1,"name":"In\u00edcio","item":"https:\/\/cortartec.net\/fr\/"},{"@type":"ListItem","position":2,"name":"Produits","item":"https:\/\/cortartec.net\/fr\/produits\/"},{"@type":"ListItem","position":3,"name":"Joints de dilatacion","item":"https:\/\/cortartec.net\/fr\/produits\/joints-de-dilatacion\/"},{"@type":"ListItem","position":4,"name":"Couvre Joints","item":"https:\/\/cortartec.net\/fr\/produits\/joints-de-dilatacion\/couvre-joints\/"},{"@type":"ListItem","position":5,"name":"Couvre-joints \u00e0 coller"}]}]}},"_links":{"self":[{"href":"https:\/\/cortartec.net\/fr\/wp-json\/wp\/v2\/pages\/4703"}],"collection":[{"href":"https:\/\/cortartec.net\/fr\/wp-json\/wp\/v2\/pages"}],"about":[{"href":"https:\/\/cortartec.net\/fr\/wp-json\/wp\/v2\/types\/page"}],"author":[{"embeddable":true,"href":"https:\/\/cortartec.net\/fr\/wp-json\/wp\/v2\/users\/6"}],"replies":[{"embeddable":true,"href":"https:\/\/cortartec.net\/fr\/wp-json\/wp\/v2\/comments?post=4703"}],"version-history":[{"count":1,"href":"https:\/\/cortartec.net\/fr\/wp-json\/wp\/v2\/pages\/4703\/revisions"}],"predecessor-version":[{"id":9781,"href":"https:\/\/cortartec.net\/fr\/wp-json\/wp\/v2\/pages\/4703\/revisions\/9781"}],"up":[{"embeddable":true,"href":"https:\/\/cortartec.net\/fr\/wp-json\/wp\/v2\/pages\/4402"}],"wp:attachment":[{"href":"https:\/\/cortartec.net\/fr\/wp-json\/wp\/v2\/media?parent=4703"}],"curies":[{"name":"wp","href":"https:\/\/api.w.org\/{rel}","templated":true}]}}