{"id":6134,"date":"2020-06-26T10:45:19","date_gmt":"2020-06-26T10:45:19","guid":{"rendered":"https:\/\/cortartec.net\/?page_id=6134"},"modified":"2020-09-25T00:35:35","modified_gmt":"2020-09-25T00:35:35","slug":"profils-descalier-premium","status":"publish","type":"page","link":"https:\/\/cortartec.net\/fr\/produits\/finitions\/profils-descalier-premium\/","title":{"rendered":"Profils d&rsquo;escalier Premium"},"content":{"rendered":"[vc_row css=\u00a0\u00bb.vc_custom_1597831936530{margin-top: 50px !important;}\u00a0\u00bb][vc_column][vc_tabs responsive=\u00a0\u00bbfalse\u00a0\u00bb container_bg_color=\u00a0\u00bb\u00a0\u00bb][vc_tab title=\u00a0\u00bbD\u00e9tails\u00a0\u00bb tab_id=\u00a0\u00bb1566866031-1-40&Prime;][vc_column_text disable_pattern=\u00a0\u00bbfalse\u00a0\u00bb css=\u00a0\u00bb.vc_custom_1597420309006{margin-bottom: 0px !important;}\u00a0\u00bb]\n<h4 id=\"1753836395\" class=\"u_1753836395 dmNewParagraph\" data-uialign=\"center\" data-element-type=\"paragraph\">Profils de nez de marche en aluminium<\/h4>\n<div id=\"1970845985\" class=\"u_1970845985 dmNewParagraph\" data-dmtmpl=\"true\" data-uialign=\"center\">\n<p><span style=\"color: #333333;\">L&rsquo;utilisation du profil de nez de marche prot\u00e8ge les surfaces contre le glissement et l&rsquo;abrasion tout en compl\u00e9tant l&rsquo;apparence esth\u00e9tique de l&rsquo;ensemble avec une touche \u00e9l\u00e9gante.<\/span><\/p>\n<p><span style=\"color: #333333;\">Le profil de nez de marche en aluminium est utilis\u00e9 dans le but d&rsquo;\u00e9viter que les \u00e9chelles des espaces publics ouverts ne deviennent glissantes et abras\u00e9es.<\/span><\/p>\n<p><span style=\"color: #333333;\">Gr\u00e2ce \u00e0 leur disponibilit\u00e9 dans diff\u00e9rents types de texture de surface, les mod\u00e8les de profil\u00e9s \u00e0 nez de marche en aluminium Mox offrent un produit qui r\u00e9siste aux probl\u00e8mes tels que la surface glissante et abras\u00e9e en \u00e9tant mont\u00e9s sur diverses structures en gradins. Le profil de nez d&rsquo;escalier en aluminium avec diff\u00e9rentes options de surface et de couleur emp\u00eache la tapisserie d&rsquo;ameublement du sol d&rsquo;\u00eatre \u00e9rod\u00e9e au nez en escalier tout en donnant une apparence \u00e9l\u00e9gante et esth\u00e9tique pour compl\u00e9ter la conception enti\u00e8re de la zone.<\/span><\/p>\n<p><span style=\"color: #333333;\">Mod\u00e8les de profil de nez de marche en aluminium antid\u00e9rapant appliqu\u00e9s avec des vis, des rubans ou des rubans adh\u00e9sifs antid\u00e9rapants de mani\u00e8re stable; prot\u00e8ge les escaliers contre les dommages et les dommages qui pourraient provenir de la pression tout en donnant un attrait esth\u00e9tique aux parties communes comme les h\u00f4pitaux, les centres commerciaux et les magasins.<\/span><\/p>\n<\/div>\n[\/vc_column_text][\/vc_tab][vc_tab title=\u00a0\u00bbDownload\u00a0\u00bb tab_id=\u00a0\u00bb1566866086439-2-10&Prime;][mk_button dimension=\u00a0\u00bbflat\u00a0\u00bb corner_style=\u00a0\u00bbrounded\u00a0\u00bb size=\u00a0\u00bbmedium\u00a0\u00bb url=\u00a0\u00bbhttps:\/\/irp-cdn.multiscreensite.com\/3592b125\/files\/uploaded\/MOXDECOR%20-%20Perfis%20de%20Acabamento.pdf\u00a0\u00bb align=\u00a0\u00bbcenter\u00a0\u00bb]PDF Catalogue[\/mk_button][\/vc_tab][vc_tab title=\u00a0\u00bbCertificats\u00a0\u00bb tab_id=\u00a0\u00bb1566866087001-3-3&Prime;]<div role=\"form\" class=\"wpcf7\" id=\"wpcf7-f9191-o1\" lang=\"pt-PT\" dir=\"ltr\">\n<div class=\"screen-reader-response\"><p role=\"status\" aria-live=\"polite\" aria-atomic=\"true\"><\/p> <ul><\/ul><\/div>\n<form action=\"\/fr\/wp-json\/wp\/v2\/pages\/6134#wpcf7-f9191-o1\" method=\"post\" class=\"wpcf7-form init\" novalidate=\"novalidate\" data-status=\"init\">\n<div style=\"display: none;\">\n<input type=\"hidden\" name=\"_wpcf7\" value=\"9191\" \/>\n<input type=\"hidden\" name=\"_wpcf7_version\" value=\"5.4.2\" \/>\n<input type=\"hidden\" name=\"_wpcf7_locale\" value=\"pt_PT\" \/>\n<input type=\"hidden\" name=\"_wpcf7_unit_tag\" value=\"wpcf7-f9191-o1\" \/>\n<input type=\"hidden\" name=\"_wpcf7_container_post\" value=\"0\" \/>\n<input type=\"hidden\" name=\"_wpcf7_posted_data_hash\" value=\"\" \/>\n<\/div>\n<p>Veuillez demander la fiche technique \/ certificats ici:<\/p>\n<p><span class=\"wpcf7-form-control-wrap nome\"><input type=\"text\" name=\"nome\" value=\"\" size=\"40\" class=\"wpcf7-form-control wpcf7-text wpcf7-validates-as-required\" aria-required=\"true\" aria-invalid=\"false\" placeholder=\"Nom\" \/><\/span><\/p>\n<p><span class=\"wpcf7-form-control-wrap email\"><input type=\"email\" name=\"email\" value=\"\" size=\"40\" class=\"wpcf7-form-control wpcf7-text wpcf7-email wpcf7-validates-as-required wpcf7-validates-as-email\" aria-required=\"true\" aria-invalid=\"false\" placeholder=\"Email\" \/><\/span><\/p>\n<p><span class=\"wpcf7-form-control-wrap telefone\"><input type=\"tel\" name=\"telefone\" value=\"\" size=\"40\" class=\"wpcf7-form-control wpcf7-text wpcf7-tel wpcf7-validates-as-required wpcf7-validates-as-tel\" aria-required=\"true\" aria-invalid=\"false\" placeholder=\"T\u00e9l\u00e9phone\" \/><\/span><\/p>\n<p><span class=\"wpcf7-form-control-wrap empresa\"><input type=\"text\" name=\"empresa\" value=\"\" size=\"40\" class=\"wpcf7-form-control wpcf7-text\" aria-invalid=\"false\" placeholder=\"Compagnie\" \/><\/span><\/p>\n<p><span class=\"wpcf7-form-control-wrap produto\"><input type=\"hidden\" name=\"produto\" value=\"Profils d&#039;escalier Premium\" size=\"40\" class=\"wpcf7-form-control wpcf7dtx-dynamictext wpcf7-dynamichidden\" aria-invalid=\"false\" \/><\/span><\/p>\n<p><span class=\"wpcf7-form-control-wrap rgpd\"><span class=\"wpcf7-form-control wpcf7-acceptance\"><span class=\"wpcf7-list-item\"><label><input type=\"checkbox\" name=\"rgpd\" value=\"1\" aria-invalid=\"false\" \/><span class=\"wpcf7-list-item-label\">Je consens \u00e0 ce que Cortartec conserve ind\u00e9finiment mes donn\u00e9es contenues dans ce formulaire jusqu'\u00e0 la finalisation de cette demande de contact.<\/span><\/label><\/span><\/span><\/span><\/p>\n<p><input type=\"submit\" value=\"Demander\" class=\"wpcf7-form-control wpcf7-submit\" \/><\/p>\n<p style=\"display: none !important;\" class=\"akismet-fields-container\" data-prefix=\"_wpcf7_ak_\"><label>&#916;<textarea name=\"_wpcf7_ak_hp_textarea\" cols=\"45\" rows=\"8\" maxlength=\"100\"><\/textarea><\/label><input type=\"hidden\" id=\"ak_js_1\" name=\"_wpcf7_ak_js\" value=\"166\"\/><script>document.getElementById( \"ak_js_1\" ).setAttribute( \"value\", ( new Date() ).getTime() );<\/script><\/p><div class=\"wpcf7-response-output\" aria-hidden=\"true\"><\/div><\/form><\/div>[\/vc_tab][\/vc_tabs][\/vc_column][\/vc_row][vc_row css=\u00a0\u00bb.vc_custom_1597831942676{margin-top: 50px !important;}\u00a0\u00bb][vc_column][mk_fancy_title color=\u00a0\u00bb#fe6600&Prime; size=\u00a0\u00bb25&Prime; font_weight=\u00a0\u00bbbold\u00a0\u00bb txt_transform=\u00a0\u00bbuppercase\u00a0\u00bb margin_bottom=\u00a0\u00bb0&Prime; font_family=\u00a0\u00bbnone\u00a0\u00bb]Profils de marche en aluminium[\/mk_fancy_title][\/vc_column][\/vc_row][vc_row css=\u00a0\u00bb.vc_custom_1597831948554{margin-top: 50px !important;}\u00a0\u00bb][vc_column width=\u00a0\u00bb1\/3&Prime;][mk_image src=\u00a0\u00bbhttps:\/\/cortartec.net\/wp-content\/uploads\/2020\/06\/aluminyum-basamak-profili-scala.png\u00a0\u00bb image_width=\u00a0\u00bb300&Prime; image_height=\u00a0\u00bb225&Prime; align=\u00a0\u00bbcenter\u00a0\u00bb margin_bottom=\u00a0\u00bb20&Prime;][vc_column_text css=\u00a0\u00bb.vc_custom_1593169606739{margin-bottom: 0px !important;}\u00a0\u00bb]<strong>Scala<\/strong> &#8211; Le profil de marche en aluminium Scala est utilis\u00e9 pour \u00e9viter les glissades et les chutes dans les escaliers situ\u00e9s dans les espaces publics, offre une apparence esth\u00e9tique et emp\u00eache l&rsquo;\u00e9rosion du rev\u00eatement de sol avec les diff\u00e9rentes options de surface et de couleur.[\/vc_column_text][mk_padding_divider size=\u00a0\u00bb30&Prime; visibility=\u00a0\u00bbvisible-sm\u00a0\u00bb][\/vc_column][vc_column width=\u00a0\u00bb1\/3&Prime;][mk_image src=\u00a0\u00bbhttps:\/\/cortartec.net\/wp-content\/uploads\/2020\/06\/aluminyum-fayans-basamak-profili-scala-t.png\u00a0\u00bb image_width=\u00a0\u00bb300&Prime; image_height=\u00a0\u00bb225&Prime; align=\u00a0\u00bbcenter\u00a0\u00bb margin_bottom=\u00a0\u00bb20&Prime;][vc_column_text css=\u00a0\u00bb.vc_custom_1593169634057{margin-bottom: 0px !important;}\u00a0\u00bb]<strong>Scala-T<\/strong> &#8211; Le profil d&rsquo;escalier Scala T en aluminium pour carreaux, est g\u00e9n\u00e9ralement utilis\u00e9 pour les marches en granit et en c\u00e9ramique pour \u00e9viter l&rsquo;apparition de mauvaises finitions, couvrant les d\u00e9fauts des surfaces en c\u00e9ramique et pour \u00e9viter les dommages avec la fonction d&rsquo;absorption des chocs, fonctionne sans probl\u00e8me Mat\u00e9riaux de 6 \u00e0 14 mm d&rsquo;\u00e9paisseur.[\/vc_column_text][mk_padding_divider size=\u00a0\u00bb30&Prime; visibility=\u00a0\u00bbvisible-sm\u00a0\u00bb][\/vc_column][vc_column width=\u00a0\u00bb1\/3&Prime;][mk_image src=\u00a0\u00bbhttps:\/\/cortartec.net\/wp-content\/uploads\/2020\/06\/aluminyum-kaydirmaz-basamak-profili-scala-r.png\u00a0\u00bb image_width=\u00a0\u00bb300&Prime; image_height=\u00a0\u00bb225&Prime; align=\u00a0\u00bbcenter\u00a0\u00bb margin_bottom=\u00a0\u00bb20&Prime;][vc_column_text css=\u00a0\u00bb.vc_custom_1593169666170{margin-bottom: 0px !important;}\u00a0\u00bb]<strong>Scala-R<\/strong> &#8211; Le profil de marche d&rsquo;escalier antid\u00e9rapant en aluminium Scala R, est utilis\u00e9 pour emp\u00eacher les chutes sur les marches d&rsquo;escalier plac\u00e9es dans les espaces publics, d&rsquo;utilisation intensive, en appliquant du ruban de PVC antid\u00e9rapant, peut \u00eatre mont\u00e9 sur tous les types de mat\u00e9riaux d&rsquo;escalier sans probl\u00e8mes, comme \u00e9tant une structure lourde et durable.[\/vc_column_text][\/vc_column][\/vc_row][vc_row css=\u00a0\u00bb.vc_custom_1597831955988{margin-top: 50px !important;}\u00a0\u00bb][vc_column][mk_fancy_title color=\u00a0\u00bb#fe6600&Prime; size=\u00a0\u00bb25&Prime; font_weight=\u00a0\u00bbbold\u00a0\u00bb txt_transform=\u00a0\u00bbuppercase\u00a0\u00bb margin_bottom=\u00a0\u00bb0&Prime; font_family=\u00a0\u00bbnone\u00a0\u00bb]Profils de marche en acier inoxydable[\/mk_fancy_title][\/vc_column][\/vc_row][vc_row css=\u00a0\u00bb.vc_custom_1597831964451{margin-top: 50px !important;}\u00a0\u00bb][vc_column width=\u00a0\u00bb1\/2&Prime;][mk_image src=\u00a0\u00bbhttps:\/\/cortartec.net\/wp-content\/uploads\/2020\/06\/stainless-stairnose-profile-mps-b.png\u00a0\u00bb image_width=\u00a0\u00bb300&Prime; image_height=\u00a0\u00bb225&Prime; align=\u00a0\u00bbcenter\u00a0\u00bb margin_bottom=\u00a0\u00bb20&Prime;][mk_padding_divider size=\u00a0\u00bb30&Prime; visibility=\u00a0\u00bbvisible-sm\u00a0\u00bb][\/vc_column][vc_column width=\u00a0\u00bb1\/2&Prime;][vc_column_text css=\u00a0\u00bb.vc_custom_1593169700067{margin-bottom: 0px !important;}\u00a0\u00bb]<strong>MPS-B<\/strong> &#8211; Le profil d&rsquo;escalier en acier inoxydable prot\u00e8ge l&rsquo;escalier en utilisant les coins de l&rsquo;escalier et couvre les erreurs d&rsquo;angle possibles. Le profil d&rsquo;escalier en acier inoxydable est pr\u00e9f\u00e9r\u00e9 en termes de s\u00e9curit\u00e9 en raison de sa caract\u00e9ristique antid\u00e9rapante.[\/vc_column_text][\/vc_column][\/vc_row][vc_row css=\u00a0\u00bb.vc_custom_1597831972111{margin-top: 50px !important;}\u00a0\u00bb][vc_column][mk_fancy_title color=\u00a0\u00bb#999999&Prime; size=\u00a0\u00bb40&Prime; font_weight=\u00a0\u00bb200&Prime; txt_transform=\u00a0\u00bbuppercase\u00a0\u00bb margin_bottom=\u00a0\u00bb5&Prime; font_family=\u00a0\u00bbnone\u00a0\u00bb align=\u00a0\u00bbcenter\u00a0\u00bb]PRODUITS <strong>SIMILAIRES<\/strong>[\/mk_fancy_title][mk_divider style=\u00a0\u00bbthin_solid\u00a0\u00bb divider_width=\u00a0\u00bbcustom_width\u00a0\u00bb custom_width=\u00a0\u00bb80&Prime; thin_single_color=\u00a0\u00bb#fe6600&Prime; thickness=\u00a0\u00bb4&Prime; margin_top=\u00a0\u00bb0&Prime; margin_bottom=\u00a0\u00bb40&Prime;][\/vc_column][\/vc_row][vc_row css=\u00a0\u00bb.vc_custom_1597831978500{margin-top: 50px !important;}\u00a0\u00bb][vc_column width=\u00a0\u00bb1\/4&Prime;][mk_image src=\u00a0\u00bbhttps:\/\/cortartec.net\/wp-content\/uploads\/2020\/06\/aluminyum-kot-farki-profili-all-in-one.png\u00a0\u00bb image_width=\u00a0\u00bb300&Prime; image_height=\u00a0\u00bb225&Prime; link=\u00a0\u00bbhttps:\/\/cortartec.net\/fr\/produits\/finitions\/profils-plancher-premium\/\u00a0\u00bb align=\u00a0\u00bbcenter\u00a0\u00bb margin_bottom=\u00a0\u00bb20&Prime;][mk_fancy_title color=\u00a0\u00bb#fe6600&Prime; size=\u00a0\u00bb25&Prime; font_weight=\u00a0\u00bbbold\u00a0\u00bb txt_transform=\u00a0\u00bbuppercase\u00a0\u00bb margin_bottom=\u00a0\u00bb0&Prime; font_family=\u00a0\u00bbnone\u00a0\u00bb]Profils de transition Premium[\/mk_fancy_title][mk_padding_divider size=\u00a0\u00bb30&Prime; visibility=\u00a0\u00bbvisible-sm\u00a0\u00bb][\/vc_column][vc_column width=\u00a0\u00bb1\/4&Prime;][mk_image src=\u00a0\u00bbhttps:\/\/cortartec.net\/wp-content\/uploads\/2020\/06\/aluminyum-seramik-ic-kose-profili-luna-fix.png\u00a0\u00bb image_width=\u00a0\u00bb300&Prime; image_height=\u00a0\u00bb225&Prime; link=\u00a0\u00bbhttps:\/\/cortartec.net\/fr\/produits\/finitions\/profils-de-ceramique-premium\/\u00a0\u00bb align=\u00a0\u00bbcenter\u00a0\u00bb margin_bottom=\u00a0\u00bb20&Prime;][mk_fancy_title color=\u00a0\u00bb#fe6600&Prime; size=\u00a0\u00bb25&Prime; font_weight=\u00a0\u00bbbold\u00a0\u00bb txt_transform=\u00a0\u00bbuppercase\u00a0\u00bb margin_bottom=\u00a0\u00bb0&Prime; font_family=\u00a0\u00bbnone\u00a0\u00bb]Profils en c\u00e9ramique Premium[\/mk_fancy_title][mk_padding_divider size=\u00a0\u00bb30&Prime; visibility=\u00a0\u00bbvisible-sm\u00a0\u00bb][\/vc_column][vc_column width=\u00a0\u00bb1\/4&Prime;][mk_image src=\u00a0\u00bbhttps:\/\/cortartec.net\/wp-content\/uploads\/2020\/06\/wishled-list-image.png\u00a0\u00bb image_width=\u00a0\u00bb300&Prime; image_height=\u00a0\u00bb225&Prime; link=\u00a0\u00bbhttps:\/\/cortartec.net\/fr\/produits\/finitions\/plinthes-premium\/\u00a0\u00bb align=\u00a0\u00bbcenter\u00a0\u00bb margin_bottom=\u00a0\u00bb20&Prime;][mk_fancy_title color=\u00a0\u00bb#fe6600&Prime; size=\u00a0\u00bb25&Prime; font_weight=\u00a0\u00bbbold\u00a0\u00bb txt_transform=\u00a0\u00bbuppercase\u00a0\u00bb margin_bottom=\u00a0\u00bb0&Prime; font_family=\u00a0\u00bbnone\u00a0\u00bb]Plinthes personnalisable Premium[\/mk_fancy_title][mk_padding_divider size=\u00a0\u00bb30&Prime; visibility=\u00a0\u00bbvisible-sm\u00a0\u00bb][\/vc_column][vc_column width=\u00a0\u00bb1\/4&Prime;][mk_image src=\u00a0\u00bbhttps:\/\/cortartec.net\/wp-content\/uploads\/2020\/06\/aluminyum-deri-kaplama-supurgelik-profili-leather-1.png\u00a0\u00bb image_width=\u00a0\u00bb300&Prime; image_height=\u00a0\u00bb225&Prime; link=\u00a0\u00bbhttps:\/\/cortartec.net\/fr\/produits\/finitions\/plinthes-premium\/\u00a0\u00bb align=\u00a0\u00bbcenter\u00a0\u00bb margin_bottom=\u00a0\u00bb20&Prime;][mk_fancy_title color=\u00a0\u00bb#fe6600&Prime; size=\u00a0\u00bb25&Prime; font_weight=\u00a0\u00bbbold\u00a0\u00bb txt_transform=\u00a0\u00bbuppercase\u00a0\u00bb margin_bottom=\u00a0\u00bb0&Prime; font_family=\u00a0\u00bbnone\u00a0\u00bb]Plinthes enduites Premium[\/mk_fancy_title][\/vc_column][\/vc_row][vc_row fullwidth=\u00a0\u00bbtrue\u00a0\u00bb fullwidth_content=\u00a0\u00bbfalse\u00a0\u00bb css=\u00a0\u00bb.vc_custom_1597403978460{margin-top: 50px !important;padding-top: 30px !important;background-color: #fe6600 !important;}\u00a0\u00bb][vc_column width=\u00a0\u00bb2\/3&Prime;][mk_fancy_title tag_name=\u00a0\u00bbh5&Prime; color=\u00a0\u00bb#ffffff\u00a0\u00bb size=\u00a0\u00bb26&Prime; font_weight=\u00a0\u00bb400&Prime; txt_transform=\u00a0\u00bbnone\u00a0\u00bb margin_top=\u00a0\u00bb10&Prime; font_family=\u00a0\u00bbnone\u00a0\u00bb]Questions? Nous sommes l\u00e0 pour vous aider![\/mk_fancy_title][\/vc_column][vc_column width=\u00a0\u00bb1\/3&Prime;][mk_button dimension=\u00a0\u00bbflat\u00a0\u00bb corner_style=\u00a0\u00bbrounded\u00a0\u00bb size=\u00a0\u00bblarge\u00a0\u00bb url=\u00a0\u00bbhttps:\/\/cortartec.net\/fr\/contacts\/\u00a0\u00bb align=\u00a0\u00bbright\u00a0\u00bb margin_right=\u00a0\u00bb0&Prime; el_class=\u00a0\u00bbmrightButton\u00a0\u00bb bg_color=\u00a0\u00bb#f0f0f0&Prime; btn_hover_bg=\u00a0\u00bb#ffffff\u00a0\u00bb text_color=\u00a0\u00bbdark\u00a0\u00bb btn_hover_txt_color=\u00a0\u00bb#fe6600&Prime;]CONTACTEZ NOUS[\/mk_button][\/vc_column][\/vc_row]\n","protected":false},"excerpt":{"rendered":"<p>[vc_row css=\u00a0\u00bb.vc_custom_1597831936530{margin-top: 50px !important;}\u00a0\u00bb][vc_column][vc_tabs responsive=\u00a0\u00bbfalse\u00a0\u00bb container_bg_color=\u00a0\u00bb\u00a0\u00bb][vc_tab title=\u00a0\u00bbD\u00e9tails\u00a0\u00bb tab_id=\u00a0\u00bb1566866031-1-40&Prime;][vc_column_text disable_pattern=\u00a0\u00bbfalse\u00a0\u00bb css=\u00a0\u00bb.vc_custom_1597420309006{margin-bottom: 0px !important;}\u00a0\u00bb] Profils de nez de marche en aluminium L&rsquo;utilisation du profil de nez de marche prot\u00e8ge les surfaces contre le glissement et l&rsquo;abrasion tout en compl\u00e9tant l&rsquo;apparence esth\u00e9tique de l&rsquo;ensemble avec une touche \u00e9l\u00e9gante. Le profil de nez de marche en aluminium est utilis\u00e9 [&hellip;]<\/p>\n","protected":false},"author":6,"featured_media":0,"parent":2454,"menu_order":0,"comment_status":"closed","ping_status":"closed","template":"","meta":[],"yoast_head":"<!-- This site is optimized with the Yoast SEO plugin v19.4 - https:\/\/yoast.com\/wordpress\/plugins\/seo\/ -->\n<title>Profils d&#039;escalier Premium - Cortartec<\/title>\n<meta name=\"robots\" content=\"index, follow, max-snippet:-1, max-image-preview:large, max-video-preview:-1\" \/>\n<link rel=\"canonical\" href=\"https:\/\/cortartec.net\/fr\/produits\/finitions\/profils-descalier-premium\/\" \/>\n<meta property=\"og:locale\" content=\"fr_FR\" \/>\n<meta property=\"og:type\" content=\"article\" \/>\n<meta property=\"og:title\" content=\"Profils d&#039;escalier Premium - Cortartec\" \/>\n<meta property=\"og:description\" content=\"[vc_row css=\u00a0\u00bb.vc_custom_1597831936530{margin-top: 50px !important;}\u00a0\u00bb][vc_column][vc_tabs responsive=\u00a0\u00bbfalse\u00a0\u00bb container_bg_color=\u00a0\u00bb\u00a0\u00bb][vc_tab title=\u00a0\u00bbD\u00e9tails\u00a0\u00bb tab_id=\u00a0\u00bb1566866031-1-40&Prime;][vc_column_text disable_pattern=\u00a0\u00bbfalse\u00a0\u00bb css=\u00a0\u00bb.vc_custom_1597420309006{margin-bottom: 0px !important;}\u00a0\u00bb] Profils de nez de marche en aluminium L&rsquo;utilisation du profil de nez de marche prot\u00e8ge les surfaces contre le glissement et l&rsquo;abrasion tout en compl\u00e9tant l&rsquo;apparence esth\u00e9tique de l&rsquo;ensemble avec une touche \u00e9l\u00e9gante. Le profil de nez de marche en aluminium est utilis\u00e9 [&hellip;]\" \/>\n<meta property=\"og:url\" content=\"https:\/\/cortartec.net\/fr\/produits\/finitions\/profils-descalier-premium\/\" \/>\n<meta property=\"og:site_name\" content=\"Cortartec\" \/>\n<meta property=\"article:publisher\" content=\"https:\/\/facebook.com\/cortartec\" \/>\n<meta property=\"article:modified_time\" content=\"2020-09-25T00:35:35+00:00\" \/>\n<meta name=\"twitter:card\" content=\"summary_large_image\" \/>\n<meta name=\"twitter:site\" content=\"@cortartec\" \/>\n<meta name=\"twitter:label1\" content=\"Dur\u00e9e de lecture estim\u00e9e\" \/>\n\t<meta name=\"twitter:data1\" content=\"6 minutes\" \/>\n<script type=\"application\/ld+json\" class=\"yoast-schema-graph\">{\"@context\":\"https:\/\/schema.org\",\"@graph\":[{\"@type\":\"Organization\",\"@id\":\"https:\/\/cortartec.net\/fr\/#organization\",\"name\":\"Cortartec\",\"url\":\"https:\/\/cortartec.net\/fr\/\",\"sameAs\":[\"https:\/\/instagram.com\/cortartec\",\"https:\/\/za.linkedin.com\/company\/cortartec?trk=recent-update_see-all\",\"https:\/\/pinterest.com\/cortartec\",\"https:\/\/youtube.com\/user\/cortartec\",\"https:\/\/facebook.com\/cortartec\",\"https:\/\/twitter.com\/cortartec\"],\"logo\":{\"@type\":\"ImageObject\",\"inLanguage\":\"fr-FR\",\"@id\":\"https:\/\/cortartec.net\/fr\/#\/schema\/logo\/image\/\",\"url\":\"https:\/\/cortartec.net\/wp-content\/uploads\/2019\/08\/logo.png\",\"contentUrl\":\"https:\/\/cortartec.net\/wp-content\/uploads\/2019\/08\/logo.png\",\"width\":400,\"height\":100,\"caption\":\"Cortartec\"},\"image\":{\"@id\":\"https:\/\/cortartec.net\/fr\/#\/schema\/logo\/image\/\"}},{\"@type\":\"WebSite\",\"@id\":\"https:\/\/cortartec.net\/fr\/#website\",\"url\":\"https:\/\/cortartec.net\/fr\/\",\"name\":\"Cortartec\",\"description\":\"\",\"publisher\":{\"@id\":\"https:\/\/cortartec.net\/fr\/#organization\"},\"potentialAction\":[{\"@type\":\"SearchAction\",\"target\":{\"@type\":\"EntryPoint\",\"urlTemplate\":\"https:\/\/cortartec.net\/fr\/?s={search_term_string}\"},\"query-input\":\"required name=search_term_string\"}],\"inLanguage\":\"fr-FR\"},{\"@type\":\"WebPage\",\"@id\":\"https:\/\/cortartec.net\/fr\/produits\/finitions\/profils-descalier-premium\/\",\"url\":\"https:\/\/cortartec.net\/fr\/produits\/finitions\/profils-descalier-premium\/\",\"name\":\"Profils d'escalier Premium - Cortartec\",\"isPartOf\":{\"@id\":\"https:\/\/cortartec.net\/fr\/#website\"},\"datePublished\":\"2020-06-26T10:45:19+00:00\",\"dateModified\":\"2020-09-25T00:35:35+00:00\",\"breadcrumb\":{\"@id\":\"https:\/\/cortartec.net\/fr\/produits\/finitions\/profils-descalier-premium\/#breadcrumb\"},\"inLanguage\":\"fr-FR\",\"potentialAction\":[{\"@type\":\"ReadAction\",\"target\":[\"https:\/\/cortartec.net\/fr\/produits\/finitions\/profils-descalier-premium\/\"]}]},{\"@type\":\"BreadcrumbList\",\"@id\":\"https:\/\/cortartec.net\/fr\/produits\/finitions\/profils-descalier-premium\/#breadcrumb\",\"itemListElement\":[{\"@type\":\"ListItem\",\"position\":1,\"name\":\"In\u00edcio\",\"item\":\"https:\/\/cortartec.net\/fr\/\"},{\"@type\":\"ListItem\",\"position\":2,\"name\":\"Produits\",\"item\":\"https:\/\/cortartec.net\/fr\/produits\/\"},{\"@type\":\"ListItem\",\"position\":3,\"name\":\"FINITIONS\",\"item\":\"https:\/\/cortartec.net\/fr\/produits\/finitions\/\"},{\"@type\":\"ListItem\",\"position\":4,\"name\":\"Profils d&rsquo;escalier Premium\"}]}]}<\/script>\n<!-- \/ Yoast SEO plugin. -->","yoast_head_json":{"title":"Profils d'escalier Premium - Cortartec","robots":{"index":"index","follow":"follow","max-snippet":"max-snippet:-1","max-image-preview":"max-image-preview:large","max-video-preview":"max-video-preview:-1"},"canonical":"https:\/\/cortartec.net\/fr\/produits\/finitions\/profils-descalier-premium\/","og_locale":"fr_FR","og_type":"article","og_title":"Profils d'escalier Premium - Cortartec","og_description":"[vc_row css=\u00a0\u00bb.vc_custom_1597831936530{margin-top: 50px !important;}\u00a0\u00bb][vc_column][vc_tabs responsive=\u00a0\u00bbfalse\u00a0\u00bb container_bg_color=\u00a0\u00bb\u00a0\u00bb][vc_tab title=\u00a0\u00bbD\u00e9tails\u00a0\u00bb tab_id=\u00a0\u00bb1566866031-1-40&Prime;][vc_column_text disable_pattern=\u00a0\u00bbfalse\u00a0\u00bb css=\u00a0\u00bb.vc_custom_1597420309006{margin-bottom: 0px !important;}\u00a0\u00bb] Profils de nez de marche en aluminium L&rsquo;utilisation du profil de nez de marche prot\u00e8ge les surfaces contre le glissement et l&rsquo;abrasion tout en compl\u00e9tant l&rsquo;apparence esth\u00e9tique de l&rsquo;ensemble avec une touche \u00e9l\u00e9gante. Le profil de nez de marche en aluminium est utilis\u00e9 [&hellip;]","og_url":"https:\/\/cortartec.net\/fr\/produits\/finitions\/profils-descalier-premium\/","og_site_name":"Cortartec","article_publisher":"https:\/\/facebook.com\/cortartec","article_modified_time":"2020-09-25T00:35:35+00:00","twitter_card":"summary_large_image","twitter_site":"@cortartec","twitter_misc":{"Dur\u00e9e de lecture estim\u00e9e":"6 minutes"},"schema":{"@context":"https:\/\/schema.org","@graph":[{"@type":"Organization","@id":"https:\/\/cortartec.net\/fr\/#organization","name":"Cortartec","url":"https:\/\/cortartec.net\/fr\/","sameAs":["https:\/\/instagram.com\/cortartec","https:\/\/za.linkedin.com\/company\/cortartec?trk=recent-update_see-all","https:\/\/pinterest.com\/cortartec","https:\/\/youtube.com\/user\/cortartec","https:\/\/facebook.com\/cortartec","https:\/\/twitter.com\/cortartec"],"logo":{"@type":"ImageObject","inLanguage":"fr-FR","@id":"https:\/\/cortartec.net\/fr\/#\/schema\/logo\/image\/","url":"https:\/\/cortartec.net\/wp-content\/uploads\/2019\/08\/logo.png","contentUrl":"https:\/\/cortartec.net\/wp-content\/uploads\/2019\/08\/logo.png","width":400,"height":100,"caption":"Cortartec"},"image":{"@id":"https:\/\/cortartec.net\/fr\/#\/schema\/logo\/image\/"}},{"@type":"WebSite","@id":"https:\/\/cortartec.net\/fr\/#website","url":"https:\/\/cortartec.net\/fr\/","name":"Cortartec","description":"","publisher":{"@id":"https:\/\/cortartec.net\/fr\/#organization"},"potentialAction":[{"@type":"SearchAction","target":{"@type":"EntryPoint","urlTemplate":"https:\/\/cortartec.net\/fr\/?s={search_term_string}"},"query-input":"required name=search_term_string"}],"inLanguage":"fr-FR"},{"@type":"WebPage","@id":"https:\/\/cortartec.net\/fr\/produits\/finitions\/profils-descalier-premium\/","url":"https:\/\/cortartec.net\/fr\/produits\/finitions\/profils-descalier-premium\/","name":"Profils d'escalier Premium - Cortartec","isPartOf":{"@id":"https:\/\/cortartec.net\/fr\/#website"},"datePublished":"2020-06-26T10:45:19+00:00","dateModified":"2020-09-25T00:35:35+00:00","breadcrumb":{"@id":"https:\/\/cortartec.net\/fr\/produits\/finitions\/profils-descalier-premium\/#breadcrumb"},"inLanguage":"fr-FR","potentialAction":[{"@type":"ReadAction","target":["https:\/\/cortartec.net\/fr\/produits\/finitions\/profils-descalier-premium\/"]}]},{"@type":"BreadcrumbList","@id":"https:\/\/cortartec.net\/fr\/produits\/finitions\/profils-descalier-premium\/#breadcrumb","itemListElement":[{"@type":"ListItem","position":1,"name":"In\u00edcio","item":"https:\/\/cortartec.net\/fr\/"},{"@type":"ListItem","position":2,"name":"Produits","item":"https:\/\/cortartec.net\/fr\/produits\/"},{"@type":"ListItem","position":3,"name":"FINITIONS","item":"https:\/\/cortartec.net\/fr\/produits\/finitions\/"},{"@type":"ListItem","position":4,"name":"Profils d&rsquo;escalier Premium"}]}]}},"_links":{"self":[{"href":"https:\/\/cortartec.net\/fr\/wp-json\/wp\/v2\/pages\/6134"}],"collection":[{"href":"https:\/\/cortartec.net\/fr\/wp-json\/wp\/v2\/pages"}],"about":[{"href":"https:\/\/cortartec.net\/fr\/wp-json\/wp\/v2\/types\/page"}],"author":[{"embeddable":true,"href":"https:\/\/cortartec.net\/fr\/wp-json\/wp\/v2\/users\/6"}],"replies":[{"embeddable":true,"href":"https:\/\/cortartec.net\/fr\/wp-json\/wp\/v2\/comments?post=6134"}],"version-history":[{"count":0,"href":"https:\/\/cortartec.net\/fr\/wp-json\/wp\/v2\/pages\/6134\/revisions"}],"up":[{"embeddable":true,"href":"https:\/\/cortartec.net\/fr\/wp-json\/wp\/v2\/pages\/2454"}],"wp:attachment":[{"href":"https:\/\/cortartec.net\/fr\/wp-json\/wp\/v2\/media?parent=6134"}],"curies":[{"name":"wp","href":"https:\/\/api.w.org\/{rel}","templated":true}]}}