{"id":7047,"date":"2020-07-27T08:55:35","date_gmt":"2020-07-27T08:55:35","guid":{"rendered":"https:\/\/cortartec.net\/?page_id=7047"},"modified":"2020-09-25T00:37:25","modified_gmt":"2020-09-25T00:37:25","slug":"protections-murales-pour-parkings","status":"publish","type":"page","link":"https:\/\/cortartec.net\/fr\/produits\/finitions\/protections-murales-pour-parkings\/","title":{"rendered":"Protections murales pour parkings"},"content":{"rendered":"[vc_row css=\u00a0\u00bb.vc_custom_1597832995085{margin-top: 50px !important;}\u00a0\u00bb][vc_column][mk_gallery images=\u00a0\u00bb6974,6978,6982&Prime; height=\u00a0\u00bb341&Prime; hover_scenarios=\u00a0\u00bbnone\u00a0\u00bb][\/vc_column][\/vc_row][vc_row css=\u00a0\u00bb.vc_custom_1597833002840{margin-top: 50px !important;}\u00a0\u00bb][vc_column][vc_tabs responsive=\u00a0\u00bbfalse\u00a0\u00bb container_bg_color=\u00a0\u00bb\u00a0\u00bb][vc_tab title=\u00a0\u00bbD\u00e9tails\u00a0\u00bb tab_id=\u00a0\u00bb1566866031-1-40&Prime;][vc_column_text disable_pattern=\u00a0\u00bbfalse\u00a0\u00bb css=\u00a0\u00bb.vc_custom_1595840605750{margin-bottom: 0px !important;}\u00a0\u00bb]\n<p class=\"font_8\">Syst\u00e8mes de protection murale <strong>Cortartec<\/strong> pour parcs et garages. Contient une protection d&rsquo;angle en caoutchouc de 80x80mm et est largement utilis\u00e9 dans les parkings, les garages et les installations industrielles: sa conception unique a des rainures pour placer des \u00e9l\u00e9ments r\u00e9fl\u00e9chissants qui cachent les fixations, le syst\u00e8me est compl\u00e9t\u00e9 par des dessus<\/p>\n<p>Les solutions <strong>Cortartec<\/strong> offrent une r\u00e9sistance \u00e9lev\u00e9e et une durabilit\u00e9 \u00e9lev\u00e9e pour les protections et les murs.<\/p>\n<p>C&rsquo;est l&rsquo;un des meilleurs syst\u00e8mes disponibles sur le march\u00e9 pour les stades et les parkings.<\/p>\n<p>Le syst\u00e8me de protection d&rsquo;angle en caoutchouc 80x80mm est largement utilis\u00e9 dans les parkings, les garages et les installations industrielles: sa conception unique a des rainures pour placer des \u00e9l\u00e9ments r\u00e9fl\u00e9chissants qui cachent les fixations, le syst\u00e8me est compl\u00e9t\u00e9 par des dessus.[\/vc_column_text][vc_single_image image=\u00a0\u00bb7010&Prime; alignment=\u00a0\u00bbcenter\u00a0\u00bb style=\u00a0\u00bbvc_box_circle_2&Prime;][vc_column_text css=\u00a0\u00bb.vc_custom_1595840666544{margin-bottom: 0px !important;}\u00a0\u00bb]<strong>Protecteur mural en caoutchouc CRG 150<\/strong><br \/>\nLe syst\u00e8me de protection murale en caoutchouc <strong>CRG150<\/strong> emp\u00eache les d\u00e9formations des murs et des colonnes de 150 mm de largeur et 20 mm de profondeur. Le <strong>CRG 150<\/strong> d\u00e9coratif est g\u00e9n\u00e9ralement utilis\u00e9 dans les parkings, les usines et les couloirs de service. Il existe deux bandes r\u00e9fl\u00e9chissantes qui aident \u00e9galement les conducteurs \u00e0 voir la bonne distance lors du stationnement. Peut \u00eatre utilis\u00e9 \u00e0 une hauteur sp\u00e9cifique (L: 1 m\u00e8tre, L: 1,50 m\u00e8tre), ainsi qu&rsquo;\u00e0 la hauteur du sol. La longueur du produit est de 3 m\u00e8tres.[\/vc_column_text][vc_single_image image=\u00a0\u00bb7014&Prime; alignment=\u00a0\u00bbcenter\u00a0\u00bb style=\u00a0\u00bbvc_box_circle_2&Prime;][vc_column_text css=\u00a0\u00bb.vc_custom_1595840732754{margin-bottom: 0px !important;}\u00a0\u00bb]<strong>Protecteur mural en caoutchouc CRG 200<\/strong><br \/>\nLe syst\u00e8me de protection murale en caoutchouc <strong>CRG200<\/strong> \u00e9vite les d\u00e9formations des murs et des colonnes de 200 mm de large et 25 mm de profondeur. Le <strong>CRG 200<\/strong> d\u00e9coratif est g\u00e9n\u00e9ralement utilis\u00e9 dans les parkings, les usines et les couloirs de service. Ce syst\u00e8me de protection murale en TPE peut prot\u00e9ger les murs pendant de nombreuses ann\u00e9es et poss\u00e8de une structure solide. Peut \u00eatre produit \u00e0 des hauteurs sp\u00e9cifiques (L: 1,50 m\u00e8tre) Les alternatives de couleur sont le noir et le gris. La longueur standard est de 3 m\u00e8tres.[\/vc_column_text][vc_single_image image=\u00a0\u00bb7018&Prime; alignment=\u00a0\u00bbcenter\u00a0\u00bb style=\u00a0\u00bbvc_box_circle_2&Prime;][vc_column_text css=\u00a0\u00bb.vc_custom_1595840803611{margin-bottom: 0px !important;}\u00a0\u00bb]<strong>Syst\u00e8me de protection d&rsquo;angle en caoutchouc CRG 80<\/strong><br \/>\n<strong>CRG 80<\/strong> &#8211; Le syst\u00e8me de protection en caoutchouc emp\u00eache la d\u00e9formation des murs et des piliers. Le <strong>CRG80<\/strong> est d\u00e9coratif et est g\u00e9n\u00e9ralement utilis\u00e9 dans les parkings, les usines et les services de stockage. Le couvercle sup\u00e9rieur lui donne un aspect plus d\u00e9coratif. Il peut \u00eatre produit \u00e0 des hauteurs sp\u00e9cifiques (L: 1 m\u00e8tre, L: 1,50 m\u00e8tre), ainsi qu&rsquo;\u00e0 la hauteur du sol. La longueur du produit est de 3 m\u00e8tres.[\/vc_column_text][vc_single_image image=\u00a0\u00bb7022&Prime; alignment=\u00a0\u00bbcenter\u00a0\u00bb style=\u00a0\u00bbvc_box_circle_2&Prime;][vc_column_text css=\u00a0\u00bb.vc_custom_1595841692241{margin-bottom: 0px !important;}\u00a0\u00bb]<strong>Syst\u00e8me de protection d&rsquo;angle CRG 100 TPE<\/strong><br \/>\nLe syst\u00e8me de protection d&rsquo;angle <strong>CRG 100<\/strong> &#8211; TPE \u00e9vite les d\u00e9formations sur les parois et les coins des colonnes de 100 mm de largeur dans chaque taille. Le <strong>CRG 100<\/strong> d\u00e9coratif est g\u00e9n\u00e9ralement utilis\u00e9 dans les parkings, les usines et les couloirs de service tr\u00e8s fr\u00e9quent\u00e9s. Ce syst\u00e8me de protection d&rsquo;angle en TPE peut mieux prot\u00e9ger les coins gr\u00e2ce \u00e0 son solide profil de support en acier galvanis\u00e9. Il peut \u00eatre produit \u00e0 des hauteurs sp\u00e9cifiques (L: 1 m\u00e8tre, L: 1,50 m\u00e8tre), ainsi qu&rsquo;\u00e0 hauteur du sol. Les options de couleur sont le noir et le gris. La longueur standard est de 3 m\u00e8tres.[\/vc_column_text][vc_single_image image=\u00a0\u00bb7026&Prime; alignment=\u00a0\u00bbcenter\u00a0\u00bb style=\u00a0\u00bbvc_box_circle_2&Prime;][vc_column_text css=\u00a0\u00bb.vc_custom_1595841821537{margin-bottom: 0px !important;}\u00a0\u00bb]<strong>Syst\u00e8me de protection d&rsquo;angle CRG 50 TPE<\/strong><br \/>\nLe <strong>CRG50<\/strong> &#8211; (50 mm x 50 mm) est utilis\u00e9 pour prot\u00e9ger les colonnes et les coins du mur. La protection d&rsquo;angle \u00e0 base de TPE est coll\u00e9e sur la zone avec un adh\u00e9sif appropri\u00e9. Les longueurs de production sont de 1000 mm, 1200 mm ou 3000 mm.[\/vc_column_text][vc_single_image image=\u00a0\u00bb7030&Prime; alignment=\u00a0\u00bbcenter\u00a0\u00bb style=\u00a0\u00bbvc_box_circle_2&Prime;][vc_column_text css=\u00a0\u00bb.vc_custom_1595841869039{margin-bottom: 0px !important;}\u00a0\u00bb]<strong>Protection d&rsquo;angle CRG 101 TPE<\/strong><br \/>\n<strong>CRG101<\/strong> &#8211; (10 mm x 100 mm) est utilis\u00e9 pour prot\u00e9ger les colonnes et les coins du mur. La protection d&rsquo;angle en TPE est coll\u00e9e sur la zone avec un adh\u00e9sif appropri\u00e9. Les longueurs de production sont de 1000 mm, 1200 mm ou 3000 mm.[\/vc_column_text][\/vc_tab][vc_tab title=\u00a0\u00bbDownload\u00a0\u00bb tab_id=\u00a0\u00bb1566866086439-2-10&Prime;][mk_button dimension=\u00a0\u00bbflat\u00a0\u00bb corner_style=\u00a0\u00bbrounded\u00a0\u00bb size=\u00a0\u00bbmedium\u00a0\u00bb url=\u00a0\u00bbhttps:\/\/48bfe850-8fa9-41aa-a01f-515ad5db562b.filesusr.com\/ugd\/b0e443_ee9f3b6df7054f84a293b5c51fe3b151.pdf\u00a0\u00bb align=\u00a0\u00bbcenter\u00a0\u00bb]PDF Catalogue[\/mk_button][\/vc_tab][vc_tab title=\u00a0\u00bbCertificats\u00a0\u00bb tab_id=\u00a0\u00bb1566866087001-3-3&Prime;]<div role=\"form\" class=\"wpcf7\" id=\"wpcf7-f9191-o1\" lang=\"pt-PT\" dir=\"ltr\">\n<div class=\"screen-reader-response\"><p role=\"status\" aria-live=\"polite\" aria-atomic=\"true\"><\/p> <ul><\/ul><\/div>\n<form action=\"\/fr\/wp-json\/wp\/v2\/pages\/7047#wpcf7-f9191-o1\" method=\"post\" class=\"wpcf7-form init\" novalidate=\"novalidate\" data-status=\"init\">\n<div style=\"display: none;\">\n<input type=\"hidden\" name=\"_wpcf7\" value=\"9191\" \/>\n<input type=\"hidden\" name=\"_wpcf7_version\" value=\"5.4.2\" \/>\n<input type=\"hidden\" name=\"_wpcf7_locale\" value=\"pt_PT\" \/>\n<input type=\"hidden\" name=\"_wpcf7_unit_tag\" value=\"wpcf7-f9191-o1\" \/>\n<input type=\"hidden\" name=\"_wpcf7_container_post\" value=\"0\" \/>\n<input type=\"hidden\" name=\"_wpcf7_posted_data_hash\" value=\"\" \/>\n<\/div>\n<p>Veuillez demander la fiche technique \/ certificats ici:<\/p>\n<p><span class=\"wpcf7-form-control-wrap nome\"><input type=\"text\" name=\"nome\" value=\"\" size=\"40\" class=\"wpcf7-form-control wpcf7-text wpcf7-validates-as-required\" aria-required=\"true\" aria-invalid=\"false\" placeholder=\"Nom\" \/><\/span><\/p>\n<p><span class=\"wpcf7-form-control-wrap email\"><input type=\"email\" name=\"email\" value=\"\" size=\"40\" class=\"wpcf7-form-control wpcf7-text wpcf7-email wpcf7-validates-as-required wpcf7-validates-as-email\" aria-required=\"true\" aria-invalid=\"false\" placeholder=\"Email\" \/><\/span><\/p>\n<p><span class=\"wpcf7-form-control-wrap telefone\"><input type=\"tel\" name=\"telefone\" value=\"\" size=\"40\" class=\"wpcf7-form-control wpcf7-text wpcf7-tel wpcf7-validates-as-required wpcf7-validates-as-tel\" aria-required=\"true\" aria-invalid=\"false\" placeholder=\"T\u00e9l\u00e9phone\" \/><\/span><\/p>\n<p><span class=\"wpcf7-form-control-wrap empresa\"><input type=\"text\" name=\"empresa\" value=\"\" size=\"40\" class=\"wpcf7-form-control wpcf7-text\" aria-invalid=\"false\" placeholder=\"Compagnie\" \/><\/span><\/p>\n<p><span class=\"wpcf7-form-control-wrap produto\"><input type=\"hidden\" name=\"produto\" value=\"Protections murales pour parkings\" size=\"40\" class=\"wpcf7-form-control wpcf7dtx-dynamictext wpcf7-dynamichidden\" aria-invalid=\"false\" \/><\/span><\/p>\n<p><span class=\"wpcf7-form-control-wrap rgpd\"><span class=\"wpcf7-form-control wpcf7-acceptance\"><span class=\"wpcf7-list-item\"><label><input type=\"checkbox\" name=\"rgpd\" value=\"1\" aria-invalid=\"false\" \/><span class=\"wpcf7-list-item-label\">Je consens \u00e0 ce que Cortartec conserve ind\u00e9finiment mes donn\u00e9es contenues dans ce formulaire jusqu'\u00e0 la finalisation de cette demande de contact.<\/span><\/label><\/span><\/span><\/span><\/p>\n<p><input type=\"submit\" value=\"Demander\" class=\"wpcf7-form-control wpcf7-submit\" \/><\/p>\n<p style=\"display: none !important;\" class=\"akismet-fields-container\" data-prefix=\"_wpcf7_ak_\"><label>&#916;<textarea name=\"_wpcf7_ak_hp_textarea\" cols=\"45\" rows=\"8\" maxlength=\"100\"><\/textarea><\/label><input type=\"hidden\" id=\"ak_js_1\" name=\"_wpcf7_ak_js\" value=\"72\"\/><script>document.getElementById( \"ak_js_1\" ).setAttribute( \"value\", ( new Date() ).getTime() );<\/script><\/p><div class=\"wpcf7-response-output\" aria-hidden=\"true\"><\/div><\/form><\/div>[\/vc_tab][\/vc_tabs][\/vc_column][\/vc_row][vc_row css=\u00a0\u00bb.vc_custom_1597833009934{margin-top: 50px !important;}\u00a0\u00bb][vc_column][mk_fancy_title color=\u00a0\u00bb#999999&Prime; size=\u00a0\u00bb40&Prime; font_weight=\u00a0\u00bb200&Prime; txt_transform=\u00a0\u00bbuppercase\u00a0\u00bb margin_bottom=\u00a0\u00bb5&Prime; font_family=\u00a0\u00bbnone\u00a0\u00bb align=\u00a0\u00bbcenter\u00a0\u00bb]PRODUITS <strong>SIMILAIRES<\/strong>[\/mk_fancy_title][mk_divider style=\u00a0\u00bbthin_solid\u00a0\u00bb divider_width=\u00a0\u00bbcustom_width\u00a0\u00bb custom_width=\u00a0\u00bb80&Prime; thin_single_color=\u00a0\u00bb#fe6600&Prime; thickness=\u00a0\u00bb4&Prime; margin_top=\u00a0\u00bb0&Prime; margin_bottom=\u00a0\u00bb40&Prime;][\/vc_column][\/vc_row][vc_row css=\u00a0\u00bb.vc_custom_1597833016036{margin-top: 50px !important;}\u00a0\u00bb][vc_column width=\u00a0\u00bb1\/4&Prime;][mk_image src=\u00a0\u00bbhttps:\/\/cortartec.net\/wp-content\/uploads\/2020\/06\/wishled-list-image.png\u00a0\u00bb image_width=\u00a0\u00bb300&Prime; image_height=\u00a0\u00bb225&Prime; link=\u00a0\u00bbhttps:\/\/cortartec.net\/fr\/produits\/finitions\/plinthes-premium\/\u00a0\u00bb align=\u00a0\u00bbcenter\u00a0\u00bb margin_bottom=\u00a0\u00bb20&Prime;][mk_fancy_title color=\u00a0\u00bb#fe6600&Prime; size=\u00a0\u00bb25&Prime; font_weight=\u00a0\u00bbbold\u00a0\u00bb txt_transform=\u00a0\u00bbuppercase\u00a0\u00bb margin_bottom=\u00a0\u00bb0&Prime; font_family=\u00a0\u00bbnone\u00a0\u00bb]Plinthes LED Premium[\/mk_fancy_title][mk_padding_divider size=\u00a0\u00bb30&Prime; visibility=\u00a0\u00bbvisible-sm\u00a0\u00bb][\/vc_column][vc_column width=\u00a0\u00bb1\/4&Prime;][mk_image src=\u00a0\u00bbhttps:\/\/cortartec.net\/wp-content\/uploads\/2020\/07\/lambril11.jpg\u00a0\u00bb image_width=\u00a0\u00bb300&Prime; image_height=\u00a0\u00bb225&Prime; link=\u00a0\u00bbhttps:\/\/cortartec.net\/fr\/produits\/finitions\/plaques-en-vinyle\/\u00a0\u00bb align=\u00a0\u00bbcenter\u00a0\u00bb margin_bottom=\u00a0\u00bb20&Prime;][mk_fancy_title color=\u00a0\u00bb#fe6600&Prime; size=\u00a0\u00bb25&Prime; font_weight=\u00a0\u00bbbold\u00a0\u00bb txt_transform=\u00a0\u00bbuppercase\u00a0\u00bb margin_bottom=\u00a0\u00bb0&Prime; font_family=\u00a0\u00bbnone\u00a0\u00bb]PLAQUES EN VINYLE[\/mk_fancy_title][mk_padding_divider size=\u00a0\u00bb30&Prime; visibility=\u00a0\u00bbvisible-sm\u00a0\u00bb][\/vc_column][vc_column width=\u00a0\u00bb1\/4&Prime;][mk_image src=\u00a0\u00bbhttps:\/\/cortartec.net\/wp-content\/uploads\/2020\/02\/untitled-1.jpg\u00a0\u00bb image_width=\u00a0\u00bb300&Prime; image_height=\u00a0\u00bb225&Prime; link=\u00a0\u00bbhttps:\/\/cortartec.net\/fr\/produits\/finitions\/protection-murale\/\u00a0\u00bb align=\u00a0\u00bbcenter\u00a0\u00bb margin_bottom=\u00a0\u00bb20&Prime;][mk_fancy_title color=\u00a0\u00bb#fe6600&Prime; size=\u00a0\u00bb25&Prime; font_weight=\u00a0\u00bbbold\u00a0\u00bb txt_transform=\u00a0\u00bbuppercase\u00a0\u00bb margin_bottom=\u00a0\u00bb0&Prime; font_family=\u00a0\u00bbnone\u00a0\u00bb]PROTECTION MURALE[\/mk_fancy_title][mk_padding_divider size=\u00a0\u00bb30&Prime; visibility=\u00a0\u00bbvisible-sm\u00a0\u00bb][\/vc_column][vc_column width=\u00a0\u00bb1\/4&Prime;][mk_image src=\u00a0\u00bbhttps:\/\/cortartec.net\/wp-content\/uploads\/2020\/02\/gptp35.jpg\u00a0\u00bb image_width=\u00a0\u00bb300&Prime; image_height=\u00a0\u00bb225&Prime; link=\u00a0\u00bbhttps:\/\/cortartec.net\/fr\/produits\/finitions\/profils-de-transition-plancher\/\u00a0\u00bb align=\u00a0\u00bbcenter\u00a0\u00bb margin_bottom=\u00a0\u00bb20&Prime;][mk_fancy_title color=\u00a0\u00bb#fe6600&Prime; size=\u00a0\u00bb25&Prime; font_weight=\u00a0\u00bbbold\u00a0\u00bb txt_transform=\u00a0\u00bbuppercase\u00a0\u00bb margin_bottom=\u00a0\u00bb0&Prime; font_family=\u00a0\u00bbnone\u00a0\u00bb]PROFILS DE TRANSITION[\/mk_fancy_title][\/vc_column][\/vc_row][vc_row fullwidth=\u00a0\u00bbtrue\u00a0\u00bb fullwidth_content=\u00a0\u00bbfalse\u00a0\u00bb css=\u00a0\u00bb.vc_custom_1597403978460{margin-top: 50px !important;padding-top: 30px !important;background-color: #fe6600 !important;}\u00a0\u00bb][vc_column width=\u00a0\u00bb2\/3&Prime;][mk_fancy_title tag_name=\u00a0\u00bbh5&Prime; color=\u00a0\u00bb#ffffff\u00a0\u00bb size=\u00a0\u00bb26&Prime; font_weight=\u00a0\u00bb400&Prime; txt_transform=\u00a0\u00bbnone\u00a0\u00bb margin_top=\u00a0\u00bb10&Prime; font_family=\u00a0\u00bbnone\u00a0\u00bb]Questions? Nous sommes l\u00e0 pour vous aider![\/mk_fancy_title][\/vc_column][vc_column width=\u00a0\u00bb1\/3&Prime;][mk_button dimension=\u00a0\u00bbflat\u00a0\u00bb corner_style=\u00a0\u00bbrounded\u00a0\u00bb size=\u00a0\u00bblarge\u00a0\u00bb url=\u00a0\u00bbhttps:\/\/cortartec.net\/fr\/contacts\/\u00a0\u00bb align=\u00a0\u00bbright\u00a0\u00bb margin_right=\u00a0\u00bb0&Prime; el_class=\u00a0\u00bbmrightButton\u00a0\u00bb bg_color=\u00a0\u00bb#f0f0f0&Prime; btn_hover_bg=\u00a0\u00bb#ffffff\u00a0\u00bb text_color=\u00a0\u00bbdark\u00a0\u00bb btn_hover_txt_color=\u00a0\u00bb#fe6600&Prime;]CONTACTEZ NOUS[\/mk_button][\/vc_column][\/vc_row]\n","protected":false},"excerpt":{"rendered":"<p>[vc_row css=\u00a0\u00bb.vc_custom_1597832995085{margin-top: 50px !important;}\u00a0\u00bb][vc_column][mk_gallery images=\u00a0\u00bb6974,6978,6982&Prime; height=\u00a0\u00bb341&Prime; hover_scenarios=\u00a0\u00bbnone\u00a0\u00bb][\/vc_column][\/vc_row][vc_row css=\u00a0\u00bb.vc_custom_1597833002840{margin-top: 50px !important;}\u00a0\u00bb][vc_column][vc_tabs responsive=\u00a0\u00bbfalse\u00a0\u00bb container_bg_color=\u00a0\u00bb\u00a0\u00bb][vc_tab title=\u00a0\u00bbD\u00e9tails\u00a0\u00bb tab_id=\u00a0\u00bb1566866031-1-40&Prime;][vc_column_text disable_pattern=\u00a0\u00bbfalse\u00a0\u00bb css=\u00a0\u00bb.vc_custom_1595840605750{margin-bottom: 0px !important;}\u00a0\u00bb] Syst\u00e8mes de protection murale Cortartec pour parcs et garages. Contient une protection d&rsquo;angle en caoutchouc de 80x80mm et est largement utilis\u00e9 dans les parkings, les garages et les installations industrielles: sa conception unique a des rainures pour [&hellip;]<\/p>\n","protected":false},"author":6,"featured_media":0,"parent":2454,"menu_order":0,"comment_status":"closed","ping_status":"closed","template":"","meta":[],"yoast_head":"<!-- This site is optimized with the Yoast SEO plugin v19.4 - https:\/\/yoast.com\/wordpress\/plugins\/seo\/ -->\n<title>Protections murales pour parkings - Cortartec<\/title>\n<meta name=\"robots\" content=\"index, follow, max-snippet:-1, max-image-preview:large, max-video-preview:-1\" \/>\n<link rel=\"canonical\" href=\"https:\/\/cortartec.net\/fr\/produits\/finitions\/protections-murales-pour-parkings\/\" \/>\n<meta property=\"og:locale\" content=\"fr_FR\" \/>\n<meta property=\"og:type\" content=\"article\" \/>\n<meta property=\"og:title\" content=\"Protections murales pour parkings - Cortartec\" \/>\n<meta property=\"og:description\" content=\"[vc_row css=\u00a0\u00bb.vc_custom_1597832995085{margin-top: 50px !important;}\u00a0\u00bb][vc_column][mk_gallery images=\u00a0\u00bb6974,6978,6982&Prime; height=\u00a0\u00bb341&Prime; hover_scenarios=\u00a0\u00bbnone\u00a0\u00bb][\/vc_column][\/vc_row][vc_row css=\u00a0\u00bb.vc_custom_1597833002840{margin-top: 50px !important;}\u00a0\u00bb][vc_column][vc_tabs responsive=\u00a0\u00bbfalse\u00a0\u00bb container_bg_color=\u00a0\u00bb\u00a0\u00bb][vc_tab title=\u00a0\u00bbD\u00e9tails\u00a0\u00bb tab_id=\u00a0\u00bb1566866031-1-40&Prime;][vc_column_text disable_pattern=\u00a0\u00bbfalse\u00a0\u00bb css=\u00a0\u00bb.vc_custom_1595840605750{margin-bottom: 0px !important;}\u00a0\u00bb] Syst\u00e8mes de protection murale Cortartec pour parcs et garages. Contient une protection d&rsquo;angle en caoutchouc de 80x80mm et est largement utilis\u00e9 dans les parkings, les garages et les installations industrielles: sa conception unique a des rainures pour [&hellip;]\" \/>\n<meta property=\"og:url\" content=\"https:\/\/cortartec.net\/fr\/produits\/finitions\/protections-murales-pour-parkings\/\" \/>\n<meta property=\"og:site_name\" content=\"Cortartec\" \/>\n<meta property=\"article:publisher\" content=\"https:\/\/facebook.com\/cortartec\" \/>\n<meta property=\"article:modified_time\" content=\"2020-09-25T00:37:25+00:00\" \/>\n<meta name=\"twitter:card\" content=\"summary_large_image\" \/>\n<meta name=\"twitter:site\" content=\"@cortartec\" \/>\n<meta name=\"twitter:label1\" content=\"Dur\u00e9e de lecture estim\u00e9e\" \/>\n\t<meta name=\"twitter:data1\" content=\"7 minutes\" \/>\n<script type=\"application\/ld+json\" class=\"yoast-schema-graph\">{\"@context\":\"https:\/\/schema.org\",\"@graph\":[{\"@type\":\"Organization\",\"@id\":\"https:\/\/cortartec.net\/fr\/#organization\",\"name\":\"Cortartec\",\"url\":\"https:\/\/cortartec.net\/fr\/\",\"sameAs\":[\"https:\/\/instagram.com\/cortartec\",\"https:\/\/za.linkedin.com\/company\/cortartec?trk=recent-update_see-all\",\"https:\/\/pinterest.com\/cortartec\",\"https:\/\/youtube.com\/user\/cortartec\",\"https:\/\/facebook.com\/cortartec\",\"https:\/\/twitter.com\/cortartec\"],\"logo\":{\"@type\":\"ImageObject\",\"inLanguage\":\"fr-FR\",\"@id\":\"https:\/\/cortartec.net\/fr\/#\/schema\/logo\/image\/\",\"url\":\"https:\/\/cortartec.net\/wp-content\/uploads\/2019\/08\/logo.png\",\"contentUrl\":\"https:\/\/cortartec.net\/wp-content\/uploads\/2019\/08\/logo.png\",\"width\":400,\"height\":100,\"caption\":\"Cortartec\"},\"image\":{\"@id\":\"https:\/\/cortartec.net\/fr\/#\/schema\/logo\/image\/\"}},{\"@type\":\"WebSite\",\"@id\":\"https:\/\/cortartec.net\/fr\/#website\",\"url\":\"https:\/\/cortartec.net\/fr\/\",\"name\":\"Cortartec\",\"description\":\"\",\"publisher\":{\"@id\":\"https:\/\/cortartec.net\/fr\/#organization\"},\"potentialAction\":[{\"@type\":\"SearchAction\",\"target\":{\"@type\":\"EntryPoint\",\"urlTemplate\":\"https:\/\/cortartec.net\/fr\/?s={search_term_string}\"},\"query-input\":\"required name=search_term_string\"}],\"inLanguage\":\"fr-FR\"},{\"@type\":\"WebPage\",\"@id\":\"https:\/\/cortartec.net\/fr\/produits\/finitions\/protections-murales-pour-parkings\/\",\"url\":\"https:\/\/cortartec.net\/fr\/produits\/finitions\/protections-murales-pour-parkings\/\",\"name\":\"Protections murales pour parkings - Cortartec\",\"isPartOf\":{\"@id\":\"https:\/\/cortartec.net\/fr\/#website\"},\"datePublished\":\"2020-07-27T08:55:35+00:00\",\"dateModified\":\"2020-09-25T00:37:25+00:00\",\"breadcrumb\":{\"@id\":\"https:\/\/cortartec.net\/fr\/produits\/finitions\/protections-murales-pour-parkings\/#breadcrumb\"},\"inLanguage\":\"fr-FR\",\"potentialAction\":[{\"@type\":\"ReadAction\",\"target\":[\"https:\/\/cortartec.net\/fr\/produits\/finitions\/protections-murales-pour-parkings\/\"]}]},{\"@type\":\"BreadcrumbList\",\"@id\":\"https:\/\/cortartec.net\/fr\/produits\/finitions\/protections-murales-pour-parkings\/#breadcrumb\",\"itemListElement\":[{\"@type\":\"ListItem\",\"position\":1,\"name\":\"In\u00edcio\",\"item\":\"https:\/\/cortartec.net\/fr\/\"},{\"@type\":\"ListItem\",\"position\":2,\"name\":\"Produits\",\"item\":\"https:\/\/cortartec.net\/fr\/produits\/\"},{\"@type\":\"ListItem\",\"position\":3,\"name\":\"FINITIONS\",\"item\":\"https:\/\/cortartec.net\/fr\/produits\/finitions\/\"},{\"@type\":\"ListItem\",\"position\":4,\"name\":\"Protections murales pour parkings\"}]}]}<\/script>\n<!-- \/ Yoast SEO plugin. -->","yoast_head_json":{"title":"Protections murales pour parkings - Cortartec","robots":{"index":"index","follow":"follow","max-snippet":"max-snippet:-1","max-image-preview":"max-image-preview:large","max-video-preview":"max-video-preview:-1"},"canonical":"https:\/\/cortartec.net\/fr\/produits\/finitions\/protections-murales-pour-parkings\/","og_locale":"fr_FR","og_type":"article","og_title":"Protections murales pour parkings - Cortartec","og_description":"[vc_row css=\u00a0\u00bb.vc_custom_1597832995085{margin-top: 50px !important;}\u00a0\u00bb][vc_column][mk_gallery images=\u00a0\u00bb6974,6978,6982&Prime; height=\u00a0\u00bb341&Prime; hover_scenarios=\u00a0\u00bbnone\u00a0\u00bb][\/vc_column][\/vc_row][vc_row css=\u00a0\u00bb.vc_custom_1597833002840{margin-top: 50px !important;}\u00a0\u00bb][vc_column][vc_tabs responsive=\u00a0\u00bbfalse\u00a0\u00bb container_bg_color=\u00a0\u00bb\u00a0\u00bb][vc_tab title=\u00a0\u00bbD\u00e9tails\u00a0\u00bb tab_id=\u00a0\u00bb1566866031-1-40&Prime;][vc_column_text disable_pattern=\u00a0\u00bbfalse\u00a0\u00bb css=\u00a0\u00bb.vc_custom_1595840605750{margin-bottom: 0px !important;}\u00a0\u00bb] Syst\u00e8mes de protection murale Cortartec pour parcs et garages. Contient une protection d&rsquo;angle en caoutchouc de 80x80mm et est largement utilis\u00e9 dans les parkings, les garages et les installations industrielles: sa conception unique a des rainures pour [&hellip;]","og_url":"https:\/\/cortartec.net\/fr\/produits\/finitions\/protections-murales-pour-parkings\/","og_site_name":"Cortartec","article_publisher":"https:\/\/facebook.com\/cortartec","article_modified_time":"2020-09-25T00:37:25+00:00","twitter_card":"summary_large_image","twitter_site":"@cortartec","twitter_misc":{"Dur\u00e9e de lecture estim\u00e9e":"7 minutes"},"schema":{"@context":"https:\/\/schema.org","@graph":[{"@type":"Organization","@id":"https:\/\/cortartec.net\/fr\/#organization","name":"Cortartec","url":"https:\/\/cortartec.net\/fr\/","sameAs":["https:\/\/instagram.com\/cortartec","https:\/\/za.linkedin.com\/company\/cortartec?trk=recent-update_see-all","https:\/\/pinterest.com\/cortartec","https:\/\/youtube.com\/user\/cortartec","https:\/\/facebook.com\/cortartec","https:\/\/twitter.com\/cortartec"],"logo":{"@type":"ImageObject","inLanguage":"fr-FR","@id":"https:\/\/cortartec.net\/fr\/#\/schema\/logo\/image\/","url":"https:\/\/cortartec.net\/wp-content\/uploads\/2019\/08\/logo.png","contentUrl":"https:\/\/cortartec.net\/wp-content\/uploads\/2019\/08\/logo.png","width":400,"height":100,"caption":"Cortartec"},"image":{"@id":"https:\/\/cortartec.net\/fr\/#\/schema\/logo\/image\/"}},{"@type":"WebSite","@id":"https:\/\/cortartec.net\/fr\/#website","url":"https:\/\/cortartec.net\/fr\/","name":"Cortartec","description":"","publisher":{"@id":"https:\/\/cortartec.net\/fr\/#organization"},"potentialAction":[{"@type":"SearchAction","target":{"@type":"EntryPoint","urlTemplate":"https:\/\/cortartec.net\/fr\/?s={search_term_string}"},"query-input":"required name=search_term_string"}],"inLanguage":"fr-FR"},{"@type":"WebPage","@id":"https:\/\/cortartec.net\/fr\/produits\/finitions\/protections-murales-pour-parkings\/","url":"https:\/\/cortartec.net\/fr\/produits\/finitions\/protections-murales-pour-parkings\/","name":"Protections murales pour parkings - Cortartec","isPartOf":{"@id":"https:\/\/cortartec.net\/fr\/#website"},"datePublished":"2020-07-27T08:55:35+00:00","dateModified":"2020-09-25T00:37:25+00:00","breadcrumb":{"@id":"https:\/\/cortartec.net\/fr\/produits\/finitions\/protections-murales-pour-parkings\/#breadcrumb"},"inLanguage":"fr-FR","potentialAction":[{"@type":"ReadAction","target":["https:\/\/cortartec.net\/fr\/produits\/finitions\/protections-murales-pour-parkings\/"]}]},{"@type":"BreadcrumbList","@id":"https:\/\/cortartec.net\/fr\/produits\/finitions\/protections-murales-pour-parkings\/#breadcrumb","itemListElement":[{"@type":"ListItem","position":1,"name":"In\u00edcio","item":"https:\/\/cortartec.net\/fr\/"},{"@type":"ListItem","position":2,"name":"Produits","item":"https:\/\/cortartec.net\/fr\/produits\/"},{"@type":"ListItem","position":3,"name":"FINITIONS","item":"https:\/\/cortartec.net\/fr\/produits\/finitions\/"},{"@type":"ListItem","position":4,"name":"Protections murales pour parkings"}]}]}},"_links":{"self":[{"href":"https:\/\/cortartec.net\/fr\/wp-json\/wp\/v2\/pages\/7047"}],"collection":[{"href":"https:\/\/cortartec.net\/fr\/wp-json\/wp\/v2\/pages"}],"about":[{"href":"https:\/\/cortartec.net\/fr\/wp-json\/wp\/v2\/types\/page"}],"author":[{"embeddable":true,"href":"https:\/\/cortartec.net\/fr\/wp-json\/wp\/v2\/users\/6"}],"replies":[{"embeddable":true,"href":"https:\/\/cortartec.net\/fr\/wp-json\/wp\/v2\/comments?post=7047"}],"version-history":[{"count":0,"href":"https:\/\/cortartec.net\/fr\/wp-json\/wp\/v2\/pages\/7047\/revisions"}],"up":[{"embeddable":true,"href":"https:\/\/cortartec.net\/fr\/wp-json\/wp\/v2\/pages\/2454"}],"wp:attachment":[{"href":"https:\/\/cortartec.net\/fr\/wp-json\/wp\/v2\/media?parent=7047"}],"curies":[{"name":"wp","href":"https:\/\/api.w.org\/{rel}","templated":true}]}}