{"id":9963,"date":"2020-06-01T13:29:25","date_gmt":"2020-06-01T13:29:25","guid":{"rendered":"https:\/\/cortartec.net\/?page_id=9963"},"modified":"2020-10-28T16:46:02","modified_gmt":"2020-10-28T16:46:02","slug":"coupe-feu-nappe-sv","status":"publish","type":"page","link":"https:\/\/cortartec.net\/fr\/produits\/joints-de-dilatacion\/coupe-feu-nappe-sv\/","title":{"rendered":"COUPE-FEU NAPPE SV"},"content":{"rendered":"[vc_row css=\u00a0\u00bb.vc_custom_1597837105763{margin-top: 50px !important;}\u00a0\u00bb][vc_column][vc_single_image image=\u00a0\u00bb9972&Prime; img_size=\u00a0\u00bb600&#215;300&Prime; alignment=\u00a0\u00bbcenter\u00a0\u00bb][\/vc_column][\/vc_row][vc_row css=\u00a0\u00bb.vc_custom_1597837112321{margin-top: 50px !important;}\u00a0\u00bb][vc_column][vc_tabs responsive=\u00a0\u00bbfalse\u00a0\u00bb container_bg_color=\u00a0\u00bb\u00a0\u00bb][vc_tab title=\u00a0\u00bbD\u00e9tails\u00a0\u00bb tab_id=\u00a0\u00bb1566866031-1-40&Prime;][vc_column_text disable_pattern=\u00a0\u00bbfalse\u00a0\u00bb css=\u00a0\u00bb.vc_custom_1603903526907{margin-bottom: 0px !important;}\u00a0\u00bb]Les couvertures ignifuges VEDAFEU SV sont class\u00e9es EI 240 (\u00e9tanch\u00e9it\u00e9 et isolation thermique 240 minutes sans d\u00e9faillance) pour toutes les ouvertures de joint de 40 \u00e0 300 mm. Capacit\u00e9 de mouvement tr\u00e8s \u00e9lev\u00e9e + 275% Manipulation simple et s\u00fbre.<\/p>\n<p><strong>Installation<\/strong><\/p>\n<p>Si n\u00e9cessaire, prot\u00e9gez le corps du joint (polystyr\u00e8ne, carton, etc.). Les surfaces doivent \u00eatre propres et s\u00e8ches. Vous pouvez utiliser une brosse, un balai ou un aspirateur.<br \/>\nCollez les deux c\u00f4t\u00e9s int\u00e9rieurs du joint \u00e0 une hauteur d&rsquo;environ 90 mm.<br \/>\nins\u00e9rez la couverture anti-feu SV dans le joint.<br \/>\nCouverture anti-feu SV appliqu\u00e9e.<br \/>\nPour les accessoires d&rsquo;installation, reportez-vous au rapport correspondant.<br \/>\n* Des instructions d&rsquo;installation courtes et des instructions d&rsquo;installation compl\u00e8tes sont disponibles sur demande.<\/p>\n<p><strong>Applications<\/strong><\/p>\n<p>H\u00f4pitaux, entrep\u00f4ts industriels, magasins, bureaux, h\u00f4tels, centres commerciaux, parkings, \u00e9coles, garages, a\u00e9roports, stades, b\u00e2timents, etc.<\/p>\n<p><strong>Orientation<\/strong><\/p>\n<p>Peut \u00eatre utilis\u00e9 horizontalement et verticalement[\/vc_column_text][mk_padding_divider][\/vc_tab][vc_tab title=\u00a0\u00bbDownload\u00a0\u00bb tab_id=\u00a0\u00bb1566866086439-2-10&Prime;][mk_button dimension=\u00a0\u00bbflat\u00a0\u00bb corner_style=\u00a0\u00bbrounded\u00a0\u00bb size=\u00a0\u00bbmedium\u00a0\u00bb url=\u00a0\u00bbhttps:\/\/48bfe850-8fa9-41aa-a01f-515ad5db562b.filesusr.com\/ugd\/b0e443_cb37a1c88a3f46a0af6dedf601ec3351.pdf\u00a0\u00bb align=\u00a0\u00bbcenter\u00a0\u00bb]PDF Catalogue[\/mk_button][\/vc_tab][vc_tab title=\u00a0\u00bbCertificats\u00a0\u00bb tab_id=\u00a0\u00bb1566866087001-3-3&Prime;]<div role=\"form\" class=\"wpcf7\" id=\"wpcf7-f9191-o1\" lang=\"pt-PT\" dir=\"ltr\">\n<div class=\"screen-reader-response\"><p role=\"status\" aria-live=\"polite\" aria-atomic=\"true\"><\/p> <ul><\/ul><\/div>\n<form action=\"\/fr\/wp-json\/wp\/v2\/pages\/9963#wpcf7-f9191-o1\" method=\"post\" class=\"wpcf7-form init\" novalidate=\"novalidate\" data-status=\"init\">\n<div style=\"display: none;\">\n<input type=\"hidden\" name=\"_wpcf7\" value=\"9191\" \/>\n<input type=\"hidden\" name=\"_wpcf7_version\" value=\"5.4.2\" \/>\n<input type=\"hidden\" name=\"_wpcf7_locale\" value=\"pt_PT\" \/>\n<input type=\"hidden\" name=\"_wpcf7_unit_tag\" value=\"wpcf7-f9191-o1\" \/>\n<input type=\"hidden\" name=\"_wpcf7_container_post\" value=\"0\" \/>\n<input type=\"hidden\" name=\"_wpcf7_posted_data_hash\" value=\"\" \/>\n<\/div>\n<p>Veuillez demander la fiche technique \/ certificats ici:<\/p>\n<p><span class=\"wpcf7-form-control-wrap nome\"><input type=\"text\" name=\"nome\" value=\"\" size=\"40\" class=\"wpcf7-form-control wpcf7-text wpcf7-validates-as-required\" aria-required=\"true\" aria-invalid=\"false\" placeholder=\"Nom\" \/><\/span><\/p>\n<p><span class=\"wpcf7-form-control-wrap email\"><input type=\"email\" name=\"email\" value=\"\" size=\"40\" class=\"wpcf7-form-control wpcf7-text wpcf7-email wpcf7-validates-as-required wpcf7-validates-as-email\" aria-required=\"true\" aria-invalid=\"false\" placeholder=\"Email\" \/><\/span><\/p>\n<p><span class=\"wpcf7-form-control-wrap telefone\"><input type=\"tel\" name=\"telefone\" value=\"\" size=\"40\" class=\"wpcf7-form-control wpcf7-text wpcf7-tel wpcf7-validates-as-required wpcf7-validates-as-tel\" aria-required=\"true\" aria-invalid=\"false\" placeholder=\"T\u00e9l\u00e9phone\" \/><\/span><\/p>\n<p><span class=\"wpcf7-form-control-wrap empresa\"><input type=\"text\" name=\"empresa\" value=\"\" size=\"40\" class=\"wpcf7-form-control wpcf7-text\" aria-invalid=\"false\" placeholder=\"Compagnie\" \/><\/span><\/p>\n<p><span class=\"wpcf7-form-control-wrap produto\"><input type=\"hidden\" name=\"produto\" value=\"COUPE-FEU NAPPE SV\" size=\"40\" class=\"wpcf7-form-control wpcf7dtx-dynamictext wpcf7-dynamichidden\" aria-invalid=\"false\" \/><\/span><\/p>\n<p><span class=\"wpcf7-form-control-wrap rgpd\"><span class=\"wpcf7-form-control wpcf7-acceptance\"><span class=\"wpcf7-list-item\"><label><input type=\"checkbox\" name=\"rgpd\" value=\"1\" aria-invalid=\"false\" \/><span class=\"wpcf7-list-item-label\">Je consens \u00e0 ce que Cortartec conserve ind\u00e9finiment mes donn\u00e9es contenues dans ce formulaire jusqu'\u00e0 la finalisation de cette demande de contact.<\/span><\/label><\/span><\/span><\/span><\/p>\n<p><input type=\"submit\" value=\"Demander\" class=\"wpcf7-form-control wpcf7-submit\" \/><\/p>\n<p style=\"display: none !important;\" class=\"akismet-fields-container\" data-prefix=\"_wpcf7_ak_\"><label>&#916;<textarea name=\"_wpcf7_ak_hp_textarea\" cols=\"45\" rows=\"8\" maxlength=\"100\"><\/textarea><\/label><input type=\"hidden\" id=\"ak_js_1\" name=\"_wpcf7_ak_js\" value=\"201\"\/><script>document.getElementById( \"ak_js_1\" ).setAttribute( \"value\", ( new Date() ).getTime() );<\/script><\/p><div class=\"wpcf7-response-output\" aria-hidden=\"true\"><\/div><\/form><\/div>[\/vc_tab][\/vc_tabs][\/vc_column][\/vc_row][vc_row css=\u00a0\u00bb.vc_custom_1597837132237{margin-top: 50px !important;}\u00a0\u00bb][vc_column][mk_fancy_title color=\u00a0\u00bb#999999&Prime; size=\u00a0\u00bb40&Prime; font_weight=\u00a0\u00bb200&Prime; txt_transform=\u00a0\u00bbuppercase\u00a0\u00bb margin_bottom=\u00a0\u00bb5&Prime; font_family=\u00a0\u00bbnone\u00a0\u00bb align=\u00a0\u00bbcenter\u00a0\u00bb]PRODUITS <strong>SIMILAIRES<\/strong>[\/mk_fancy_title][mk_divider style=\u00a0\u00bbthin_solid\u00a0\u00bb divider_width=\u00a0\u00bbcustom_width\u00a0\u00bb custom_width=\u00a0\u00bb80&Prime; thin_single_color=\u00a0\u00bb#fe6600&Prime; thickness=\u00a0\u00bb4&Prime; margin_top=\u00a0\u00bb0&Prime; margin_bottom=\u00a0\u00bb40&Prime;][\/vc_column][\/vc_row][vc_row css=\u00a0\u00bb.vc_custom_1597837137675{margin-top: 50px !important;}\u00a0\u00bb][vc_column width=\u00a0\u00bb1\/4&Prime;][mk_image src=\u00a0\u00bbhttps:\/\/cortartec.net\/wp-content\/uploads\/2020\/03\/imagem116.jpg\u00a0\u00bb image_width=\u00a0\u00bb300&Prime; image_height=\u00a0\u00bb225&Prime; link=\u00a0\u00bbhttps:\/\/cortartec.net\/fr\/produits\/joints-de-dilatacion\/plaques-coupe-feu\/\u00a0\u00bb align=\u00a0\u00bbcenter\u00a0\u00bb margin_bottom=\u00a0\u00bb20&Prime;][mk_fancy_title color=\u00a0\u00bb#fe6600&Prime; size=\u00a0\u00bb25&Prime; font_weight=\u00a0\u00bbbold\u00a0\u00bb txt_transform=\u00a0\u00bbuppercase\u00a0\u00bb margin_bottom=\u00a0\u00bb0&Prime; font_family=\u00a0\u00bbnone\u00a0\u00bb]Plaques coupe-feu[\/mk_fancy_title][mk_padding_divider size=\u00a0\u00bb30&Prime; visibility=\u00a0\u00bbvisible-sm\u00a0\u00bb][\/vc_column][vc_column width=\u00a0\u00bb1\/4&Prime;][mk_image src=\u00a0\u00bbhttps:\/\/cortartec.net\/wp-content\/uploads\/2020\/02\/50200k.jpg\u00a0\u00bb image_width=\u00a0\u00bb300&Prime; image_height=\u00a0\u00bb225&Prime; link=\u00a0\u00bbhttps:\/\/cortartec.net\/fr\/produits\/joints-de-dilatacion\/couvre-joints\/couvre-joints-dangle\/\u00a0\u00bb align=\u00a0\u00bbcenter\u00a0\u00bb margin_bottom=\u00a0\u00bb20&Prime;][mk_fancy_title color=\u00a0\u00bb#fe6600&Prime; size=\u00a0\u00bb25&Prime; font_weight=\u00a0\u00bbbold\u00a0\u00bb txt_transform=\u00a0\u00bbuppercase\u00a0\u00bb margin_bottom=\u00a0\u00bb0&Prime; font_family=\u00a0\u00bbnone\u00a0\u00bb]Joints d&rsquo;angle[\/mk_fancy_title][mk_padding_divider size=\u00a0\u00bb30&Prime; visibility=\u00a0\u00bbvisible-sm\u00a0\u00bb][\/vc_column][vc_column width=\u00a0\u00bb1\/4&Prime;][mk_image src=\u00a0\u00bbhttps:\/\/cortartec.net\/wp-content\/uploads\/2020\/03\/imagem2-2.jpg\u00a0\u00bb image_width=\u00a0\u00bb300&Prime; image_height=\u00a0\u00bb225&Prime; link=\u00a0\u00bbhttps:\/\/cortartec.net\/fr\/produits\/joints-de-dilatacion\/mousse-coupe-feu\/\u00a0\u00bb align=\u00a0\u00bbcenter\u00a0\u00bb margin_bottom=\u00a0\u00bb20&Prime;][mk_fancy_title color=\u00a0\u00bb#fe6600&Prime; size=\u00a0\u00bb25&Prime; font_weight=\u00a0\u00bbbold\u00a0\u00bb txt_transform=\u00a0\u00bbuppercase\u00a0\u00bb margin_bottom=\u00a0\u00bb0&Prime; font_family=\u00a0\u00bbnone\u00a0\u00bb]Mousse coupe-feu[\/mk_fancy_title][mk_padding_divider size=\u00a0\u00bb30&Prime; visibility=\u00a0\u00bbvisible-sm\u00a0\u00bb][\/vc_column][vc_column width=\u00a0\u00bb1\/4&Prime;][mk_image src=\u00a0\u00bbhttps:\/\/cortartec.net\/wp-content\/uploads\/2020\/02\/imagem9.jpg\u00a0\u00bb image_width=\u00a0\u00bb300&Prime; image_height=\u00a0\u00bb225&Prime; link=\u00a0\u00bbhttps:\/\/cortartec.net\/fr\/produits\/joints-de-dilatacion\/joints-de-dilatation-sismiques\/\u00a0\u00bb align=\u00a0\u00bbcenter\u00a0\u00bb margin_bottom=\u00a0\u00bb20&Prime;][mk_fancy_title color=\u00a0\u00bb#fe6600&Prime; size=\u00a0\u00bb25&Prime; font_weight=\u00a0\u00bbbold\u00a0\u00bb txt_transform=\u00a0\u00bbuppercase\u00a0\u00bb margin_bottom=\u00a0\u00bb0&Prime; font_family=\u00a0\u00bbnone\u00a0\u00bb]Joints dilatation sismiques[\/mk_fancy_title][\/vc_column][\/vc_row][vc_row fullwidth=\u00a0\u00bbtrue\u00a0\u00bb fullwidth_content=\u00a0\u00bbfalse\u00a0\u00bb css=\u00a0\u00bb.vc_custom_1597403978460{margin-top: 50px !important;padding-top: 30px !important;background-color: #fe6600 !important;}\u00a0\u00bb][vc_column width=\u00a0\u00bb2\/3&Prime;][mk_fancy_title tag_name=\u00a0\u00bbh5&Prime; color=\u00a0\u00bb#ffffff\u00a0\u00bb size=\u00a0\u00bb26&Prime; font_weight=\u00a0\u00bb400&Prime; txt_transform=\u00a0\u00bbnone\u00a0\u00bb margin_top=\u00a0\u00bb10&Prime; font_family=\u00a0\u00bbnone\u00a0\u00bb]Questions? Nous sommes l\u00e0 pour vous aider![\/mk_fancy_title][\/vc_column][vc_column width=\u00a0\u00bb1\/3&Prime;][mk_button dimension=\u00a0\u00bbflat\u00a0\u00bb corner_style=\u00a0\u00bbrounded\u00a0\u00bb size=\u00a0\u00bblarge\u00a0\u00bb url=\u00a0\u00bbhttps:\/\/cortartec.net\/fr\/contacts\/\u00a0\u00bb align=\u00a0\u00bbright\u00a0\u00bb margin_right=\u00a0\u00bb0&Prime; el_class=\u00a0\u00bbmrightButton\u00a0\u00bb bg_color=\u00a0\u00bb#f0f0f0&Prime; btn_hover_bg=\u00a0\u00bb#ffffff\u00a0\u00bb text_color=\u00a0\u00bbdark\u00a0\u00bb btn_hover_txt_color=\u00a0\u00bb#fe6600&Prime;]CONTACTEZ NOUS[\/mk_button][\/vc_column][\/vc_row]\n","protected":false},"excerpt":{"rendered":"<p>[vc_row css=\u00a0\u00bb.vc_custom_1597837105763{margin-top: 50px !important;}\u00a0\u00bb][vc_column][vc_single_image image=\u00a0\u00bb9972&Prime; img_size=\u00a0\u00bb600&#215;300&Prime; alignment=\u00a0\u00bbcenter\u00a0\u00bb][\/vc_column][\/vc_row][vc_row css=\u00a0\u00bb.vc_custom_1597837112321{margin-top: 50px !important;}\u00a0\u00bb][vc_column][vc_tabs responsive=\u00a0\u00bbfalse\u00a0\u00bb container_bg_color=\u00a0\u00bb\u00a0\u00bb][vc_tab title=\u00a0\u00bbD\u00e9tails\u00a0\u00bb tab_id=\u00a0\u00bb1566866031-1-40&Prime;][vc_column_text disable_pattern=\u00a0\u00bbfalse\u00a0\u00bb css=\u00a0\u00bb.vc_custom_1603903526907{margin-bottom: 0px !important;}\u00a0\u00bb]Les couvertures ignifuges VEDAFEU SV sont class\u00e9es EI 240 (\u00e9tanch\u00e9it\u00e9 et isolation thermique 240 minutes sans d\u00e9faillance) pour toutes les ouvertures de joint de 40 \u00e0 300 mm. Capacit\u00e9 de mouvement tr\u00e8s \u00e9lev\u00e9e + 275% Manipulation simple et [&hellip;]<\/p>\n","protected":false},"author":6,"featured_media":0,"parent":2766,"menu_order":0,"comment_status":"closed","ping_status":"closed","template":"","meta":[],"yoast_head":"<!-- This site is optimized with the Yoast SEO plugin v19.4 - https:\/\/yoast.com\/wordpress\/plugins\/seo\/ -->\n<title>COUPE-FEU NAPPE SV - Cortartec<\/title>\n<meta name=\"robots\" content=\"index, follow, max-snippet:-1, max-image-preview:large, max-video-preview:-1\" \/>\n<link rel=\"canonical\" href=\"https:\/\/cortartec.net\/fr\/produits\/joints-de-dilatacion\/coupe-feu-nappe-sv\/\" \/>\n<meta property=\"og:locale\" content=\"fr_FR\" \/>\n<meta property=\"og:type\" content=\"article\" \/>\n<meta property=\"og:title\" content=\"COUPE-FEU NAPPE SV - Cortartec\" \/>\n<meta property=\"og:description\" content=\"[vc_row css=\u00a0\u00bb.vc_custom_1597837105763{margin-top: 50px !important;}\u00a0\u00bb][vc_column][vc_single_image image=\u00a0\u00bb9972&Prime; img_size=\u00a0\u00bb600&#215;300&Prime; alignment=\u00a0\u00bbcenter\u00a0\u00bb][\/vc_column][\/vc_row][vc_row css=\u00a0\u00bb.vc_custom_1597837112321{margin-top: 50px !important;}\u00a0\u00bb][vc_column][vc_tabs responsive=\u00a0\u00bbfalse\u00a0\u00bb container_bg_color=\u00a0\u00bb\u00a0\u00bb][vc_tab title=\u00a0\u00bbD\u00e9tails\u00a0\u00bb tab_id=\u00a0\u00bb1566866031-1-40&Prime;][vc_column_text disable_pattern=\u00a0\u00bbfalse\u00a0\u00bb css=\u00a0\u00bb.vc_custom_1603903526907{margin-bottom: 0px !important;}\u00a0\u00bb]Les couvertures ignifuges VEDAFEU SV sont class\u00e9es EI 240 (\u00e9tanch\u00e9it\u00e9 et isolation thermique 240 minutes sans d\u00e9faillance) pour toutes les ouvertures de joint de 40 \u00e0 300 mm. Capacit\u00e9 de mouvement tr\u00e8s \u00e9lev\u00e9e + 275% Manipulation simple et [&hellip;]\" \/>\n<meta property=\"og:url\" content=\"https:\/\/cortartec.net\/fr\/produits\/joints-de-dilatacion\/coupe-feu-nappe-sv\/\" \/>\n<meta property=\"og:site_name\" content=\"Cortartec\" \/>\n<meta property=\"article:publisher\" content=\"https:\/\/facebook.com\/cortartec\" \/>\n<meta property=\"article:modified_time\" content=\"2020-10-28T16:46:02+00:00\" \/>\n<meta name=\"twitter:card\" content=\"summary_large_image\" \/>\n<meta name=\"twitter:site\" content=\"@cortartec\" \/>\n<meta name=\"twitter:label1\" content=\"Dur\u00e9e de lecture estim\u00e9e\" \/>\n\t<meta name=\"twitter:data1\" content=\"3 minutes\" \/>\n<script type=\"application\/ld+json\" class=\"yoast-schema-graph\">{\"@context\":\"https:\/\/schema.org\",\"@graph\":[{\"@type\":\"Organization\",\"@id\":\"https:\/\/cortartec.net\/fr\/#organization\",\"name\":\"Cortartec\",\"url\":\"https:\/\/cortartec.net\/fr\/\",\"sameAs\":[\"https:\/\/instagram.com\/cortartec\",\"https:\/\/za.linkedin.com\/company\/cortartec?trk=recent-update_see-all\",\"https:\/\/pinterest.com\/cortartec\",\"https:\/\/youtube.com\/user\/cortartec\",\"https:\/\/facebook.com\/cortartec\",\"https:\/\/twitter.com\/cortartec\"],\"logo\":{\"@type\":\"ImageObject\",\"inLanguage\":\"fr-FR\",\"@id\":\"https:\/\/cortartec.net\/fr\/#\/schema\/logo\/image\/\",\"url\":\"https:\/\/cortartec.net\/wp-content\/uploads\/2019\/08\/logo.png\",\"contentUrl\":\"https:\/\/cortartec.net\/wp-content\/uploads\/2019\/08\/logo.png\",\"width\":400,\"height\":100,\"caption\":\"Cortartec\"},\"image\":{\"@id\":\"https:\/\/cortartec.net\/fr\/#\/schema\/logo\/image\/\"}},{\"@type\":\"WebSite\",\"@id\":\"https:\/\/cortartec.net\/fr\/#website\",\"url\":\"https:\/\/cortartec.net\/fr\/\",\"name\":\"Cortartec\",\"description\":\"\",\"publisher\":{\"@id\":\"https:\/\/cortartec.net\/fr\/#organization\"},\"potentialAction\":[{\"@type\":\"SearchAction\",\"target\":{\"@type\":\"EntryPoint\",\"urlTemplate\":\"https:\/\/cortartec.net\/fr\/?s={search_term_string}\"},\"query-input\":\"required name=search_term_string\"}],\"inLanguage\":\"fr-FR\"},{\"@type\":\"WebPage\",\"@id\":\"https:\/\/cortartec.net\/fr\/produits\/joints-de-dilatacion\/coupe-feu-nappe-sv\/\",\"url\":\"https:\/\/cortartec.net\/fr\/produits\/joints-de-dilatacion\/coupe-feu-nappe-sv\/\",\"name\":\"COUPE-FEU NAPPE SV - Cortartec\",\"isPartOf\":{\"@id\":\"https:\/\/cortartec.net\/fr\/#website\"},\"datePublished\":\"2020-06-01T13:29:25+00:00\",\"dateModified\":\"2020-10-28T16:46:02+00:00\",\"breadcrumb\":{\"@id\":\"https:\/\/cortartec.net\/fr\/produits\/joints-de-dilatacion\/coupe-feu-nappe-sv\/#breadcrumb\"},\"inLanguage\":\"fr-FR\",\"potentialAction\":[{\"@type\":\"ReadAction\",\"target\":[\"https:\/\/cortartec.net\/fr\/produits\/joints-de-dilatacion\/coupe-feu-nappe-sv\/\"]}]},{\"@type\":\"BreadcrumbList\",\"@id\":\"https:\/\/cortartec.net\/fr\/produits\/joints-de-dilatacion\/coupe-feu-nappe-sv\/#breadcrumb\",\"itemListElement\":[{\"@type\":\"ListItem\",\"position\":1,\"name\":\"In\u00edcio\",\"item\":\"https:\/\/cortartec.net\/fr\/\"},{\"@type\":\"ListItem\",\"position\":2,\"name\":\"Produits\",\"item\":\"https:\/\/cortartec.net\/fr\/produits\/\"},{\"@type\":\"ListItem\",\"position\":3,\"name\":\"Joints de dilatacion\",\"item\":\"https:\/\/cortartec.net\/fr\/produits\/joints-de-dilatacion\/\"},{\"@type\":\"ListItem\",\"position\":4,\"name\":\"COUPE-FEU NAPPE SV\"}]}]}<\/script>\n<!-- \/ Yoast SEO plugin. -->","yoast_head_json":{"title":"COUPE-FEU NAPPE SV - Cortartec","robots":{"index":"index","follow":"follow","max-snippet":"max-snippet:-1","max-image-preview":"max-image-preview:large","max-video-preview":"max-video-preview:-1"},"canonical":"https:\/\/cortartec.net\/fr\/produits\/joints-de-dilatacion\/coupe-feu-nappe-sv\/","og_locale":"fr_FR","og_type":"article","og_title":"COUPE-FEU NAPPE SV - Cortartec","og_description":"[vc_row css=\u00a0\u00bb.vc_custom_1597837105763{margin-top: 50px !important;}\u00a0\u00bb][vc_column][vc_single_image image=\u00a0\u00bb9972&Prime; img_size=\u00a0\u00bb600&#215;300&Prime; alignment=\u00a0\u00bbcenter\u00a0\u00bb][\/vc_column][\/vc_row][vc_row css=\u00a0\u00bb.vc_custom_1597837112321{margin-top: 50px !important;}\u00a0\u00bb][vc_column][vc_tabs responsive=\u00a0\u00bbfalse\u00a0\u00bb container_bg_color=\u00a0\u00bb\u00a0\u00bb][vc_tab title=\u00a0\u00bbD\u00e9tails\u00a0\u00bb tab_id=\u00a0\u00bb1566866031-1-40&Prime;][vc_column_text disable_pattern=\u00a0\u00bbfalse\u00a0\u00bb css=\u00a0\u00bb.vc_custom_1603903526907{margin-bottom: 0px !important;}\u00a0\u00bb]Les couvertures ignifuges VEDAFEU SV sont class\u00e9es EI 240 (\u00e9tanch\u00e9it\u00e9 et isolation thermique 240 minutes sans d\u00e9faillance) pour toutes les ouvertures de joint de 40 \u00e0 300 mm. Capacit\u00e9 de mouvement tr\u00e8s \u00e9lev\u00e9e + 275% Manipulation simple et [&hellip;]","og_url":"https:\/\/cortartec.net\/fr\/produits\/joints-de-dilatacion\/coupe-feu-nappe-sv\/","og_site_name":"Cortartec","article_publisher":"https:\/\/facebook.com\/cortartec","article_modified_time":"2020-10-28T16:46:02+00:00","twitter_card":"summary_large_image","twitter_site":"@cortartec","twitter_misc":{"Dur\u00e9e de lecture estim\u00e9e":"3 minutes"},"schema":{"@context":"https:\/\/schema.org","@graph":[{"@type":"Organization","@id":"https:\/\/cortartec.net\/fr\/#organization","name":"Cortartec","url":"https:\/\/cortartec.net\/fr\/","sameAs":["https:\/\/instagram.com\/cortartec","https:\/\/za.linkedin.com\/company\/cortartec?trk=recent-update_see-all","https:\/\/pinterest.com\/cortartec","https:\/\/youtube.com\/user\/cortartec","https:\/\/facebook.com\/cortartec","https:\/\/twitter.com\/cortartec"],"logo":{"@type":"ImageObject","inLanguage":"fr-FR","@id":"https:\/\/cortartec.net\/fr\/#\/schema\/logo\/image\/","url":"https:\/\/cortartec.net\/wp-content\/uploads\/2019\/08\/logo.png","contentUrl":"https:\/\/cortartec.net\/wp-content\/uploads\/2019\/08\/logo.png","width":400,"height":100,"caption":"Cortartec"},"image":{"@id":"https:\/\/cortartec.net\/fr\/#\/schema\/logo\/image\/"}},{"@type":"WebSite","@id":"https:\/\/cortartec.net\/fr\/#website","url":"https:\/\/cortartec.net\/fr\/","name":"Cortartec","description":"","publisher":{"@id":"https:\/\/cortartec.net\/fr\/#organization"},"potentialAction":[{"@type":"SearchAction","target":{"@type":"EntryPoint","urlTemplate":"https:\/\/cortartec.net\/fr\/?s={search_term_string}"},"query-input":"required name=search_term_string"}],"inLanguage":"fr-FR"},{"@type":"WebPage","@id":"https:\/\/cortartec.net\/fr\/produits\/joints-de-dilatacion\/coupe-feu-nappe-sv\/","url":"https:\/\/cortartec.net\/fr\/produits\/joints-de-dilatacion\/coupe-feu-nappe-sv\/","name":"COUPE-FEU NAPPE SV - Cortartec","isPartOf":{"@id":"https:\/\/cortartec.net\/fr\/#website"},"datePublished":"2020-06-01T13:29:25+00:00","dateModified":"2020-10-28T16:46:02+00:00","breadcrumb":{"@id":"https:\/\/cortartec.net\/fr\/produits\/joints-de-dilatacion\/coupe-feu-nappe-sv\/#breadcrumb"},"inLanguage":"fr-FR","potentialAction":[{"@type":"ReadAction","target":["https:\/\/cortartec.net\/fr\/produits\/joints-de-dilatacion\/coupe-feu-nappe-sv\/"]}]},{"@type":"BreadcrumbList","@id":"https:\/\/cortartec.net\/fr\/produits\/joints-de-dilatacion\/coupe-feu-nappe-sv\/#breadcrumb","itemListElement":[{"@type":"ListItem","position":1,"name":"In\u00edcio","item":"https:\/\/cortartec.net\/fr\/"},{"@type":"ListItem","position":2,"name":"Produits","item":"https:\/\/cortartec.net\/fr\/produits\/"},{"@type":"ListItem","position":3,"name":"Joints de dilatacion","item":"https:\/\/cortartec.net\/fr\/produits\/joints-de-dilatacion\/"},{"@type":"ListItem","position":4,"name":"COUPE-FEU NAPPE SV"}]}]}},"_links":{"self":[{"href":"https:\/\/cortartec.net\/fr\/wp-json\/wp\/v2\/pages\/9963"}],"collection":[{"href":"https:\/\/cortartec.net\/fr\/wp-json\/wp\/v2\/pages"}],"about":[{"href":"https:\/\/cortartec.net\/fr\/wp-json\/wp\/v2\/types\/page"}],"author":[{"embeddable":true,"href":"https:\/\/cortartec.net\/fr\/wp-json\/wp\/v2\/users\/6"}],"replies":[{"embeddable":true,"href":"https:\/\/cortartec.net\/fr\/wp-json\/wp\/v2\/comments?post=9963"}],"version-history":[{"count":3,"href":"https:\/\/cortartec.net\/fr\/wp-json\/wp\/v2\/pages\/9963\/revisions"}],"predecessor-version":[{"id":9992,"href":"https:\/\/cortartec.net\/fr\/wp-json\/wp\/v2\/pages\/9963\/revisions\/9992"}],"up":[{"embeddable":true,"href":"https:\/\/cortartec.net\/fr\/wp-json\/wp\/v2\/pages\/2766"}],"wp:attachment":[{"href":"https:\/\/cortartec.net\/fr\/wp-json\/wp\/v2\/media?parent=9963"}],"curies":[{"name":"wp","href":"https:\/\/api.w.org\/{rel}","templated":true}]}}